{"id":18265,"date":"2018-04-16T10:56:17","date_gmt":"2018-04-16T10:56:17","guid":{"rendered":"https:\/\/business.roovi.com\/product\/puzzle-kurti-andrea-cities-venice-1000\/"},"modified":"2025-03-14T12:13:29","modified_gmt":"2025-03-14T12:13:29","slug":"puzzle-adulti-1000-piese-kurti-andrea-venetia","status":"publish","type":"product","link":"https:\/\/business.roovi.com\/ro\/puzzle-adulti-1000-piese-kurti-andrea-venetia\/p\/","title":{"rendered":"Puzzle adul\u021bi 1000 piese K\u00fcrti Andrea &#8211; Vene\u021bia"},"content":{"rendered":"<p><span style=\"font-weight: 400;\">Descoper\u0103 minunata Vene\u021bie prin intermediul unui joc puzzle fascinant! O ilustra\u021bie fabuloas\u0103, \u00een culori calde de vibra\u021bii \u00eenalte, te provoac\u0103 s\u0103 o refaci \u00eentr-un tablou din puzzle 1000 piese.<\/span><\/p>\n<p><span style=\"font-weight: 400;\">Puzzle 1000 piese K\u00fcrti Andrea &#8211; Vene\u021bia \u00ee\u021bi dezv\u0103luie unul dintre cele mai vizitate ora\u0219e din lume \u00eentr-o manier\u0103 inedit\u0103. Un t\u00e2n\u0103r gondolier pare c\u0103 te invit\u0103 s\u0103 te plimbe pe canalele ora\u0219ului, la lumina Lunii deghizate \u00eentr-o femeie fantastic\u0103. Sau poate imaginea lunii este una ce aminte\u0219te de celebrul carnaval organizat aici an de an.<\/span><\/p>\n<p><span style=\"font-weight: 400;\">Dac\u0103 vrei s\u0103 descoperi tainele ascunse \u00een aceast\u0103 oper\u0103 de art\u0103 original\u0103, puzzle 1000 piese &#8211; Vene\u021bia \u00ee\u021bi ofer\u0103 ocazia perfect\u0103. Las\u0103-te purtat cu g\u00e2ndul \u00eentr-o c\u0103l\u0103torie imaginar\u0103 \u00een romantica Vene\u021bie \u0219i tr\u0103ie\u0219te o stare de relaxare profund\u0103.<\/span><\/p>\n<p><span style=\"font-weight: 400;\">Preg\u0103te\u0219te-\u021bi m\u0103su\u021ba de cafea din sufragerie &#8211; este de ajuns pentru a lucra la tabloul cu dimensiunile de 50 x 70 cm &#8211; \u0219i \u00eencepi munca la cel mai spectaculos tablou din puzzle 1000 piese pe care l-ai asamblat vreodat\u0103.<\/span><\/p>\n<p><span style=\"font-weight: 400;\">Caracteristici puzzle 1000 piese &#8211; Vene\u021bia:<\/span><\/p>\n<p><strong>Material puzzle:\u00a0<\/strong><\/p>\n<p><strong>carton albastru de o calitate superioar\u0103<\/strong><\/p>\n<p><strong>materiale sustenabile, reciclabile<\/strong><\/p>\n<p><strong>finisaj semi-lucios, culori vii<\/strong><\/p>\n<p><strong>Num\u0103rul pieselor de puzzle: 1000<\/strong><\/p>\n<p><strong>V\u00e2rsta recomandat\u0103: 14+<\/strong><\/p>\n<p><span style=\"font-weight: 400;\">Jocurile puzzle \u00ee\u021bi \u00eembun\u0103t\u0103\u021besc mai multe abilit\u0103\u021bi pe care le utilizezi \u00een activit\u0103\u021bile tale zilnice:<\/span><\/p>\n<p><span style=\"font-weight: 400;\">Aten\u021bia la detalii<\/span><\/p>\n<p><span style=\"font-weight: 400;\">Perseveren\u021ba<\/span><\/p>\n<p><span style=\"font-weight: 400;\">Memoria pe termen scurt<\/span><\/p>\n<p><span style=\"font-weight: 400;\">Abilit\u0103\u021bile de rezolvare a problemelor<\/span><\/p>\n<p><span style=\"font-weight: 400;\">G\u00e2ndirea logic\u0103<\/span><\/p>\n<p><span style=\"font-weight: 400;\">Creativitatea.<\/span><\/p>\n<p><strong>\u0218tiai c\u0103\u2026?<\/strong><\/p>\n<p><span style=\"font-weight: 400;\">A fost odat\u0103 ca niciodat\u0103 Republica Vene\u021bia, un imperiu independent prosper, cu o istorie de 1000 de ani.<\/span><\/p>\n<p><span style=\"font-weight: 400;\">Vene\u021bia este str\u0103b\u0103tut\u0103 de 177 de canale.<\/span><\/p>\n<p><span style=\"font-weight: 400;\">Popula\u021bia Vene\u021biei a sc\u0103zut dramatic \u00een ultimii 50 de ani. Unii spun c\u0103 f\u0103r\u0103 turi\u0219ti, ar fi un ora\u0219-fantom\u0103.<\/span><\/p>\n<p><span style=\"font-weight: 400;\">Prima femeie din lume care a absolvit o facultate s-a n\u0103scut \u00een Vene\u021bia.<\/span><\/p>\n<p><span style=\"font-weight: 400;\">Cl\u0103dirile din Vene\u021bia sunt construite pe funda\u021bii din lemn.<\/span><\/p>\n<p><span style=\"font-weight: 400;\">Vene\u021bienii au inventat\u2026 carantina. Termenul vine de la <\/span><em><span style=\"font-weight: 400;\">quaranta <\/span><\/em><span style=\"font-weight: 400;\">ceea ce \u00een trecut\u00a0 \u00eensemna c\u0103 navele trebuia s\u0103 stea \u00een larg 40 zile pentru a evita r\u0103sp\u00e2ndirea bolilor pe care le puteau aduce din c\u0103l\u0103toriile lor.<\/span><\/p>\n<p><strong>Alege puzzle 1000 piese Vene\u021bia pentru distrac\u021bie \u00een familie<\/strong><\/p>\n<p><span style=\"font-weight: 400;\">Dac\u0103 \u00ee\u021bi exploatezi pu\u021bin imagina\u021bia, reu\u0219e\u0219ti s\u0103 transformi activitatea de asamblare a pieselor puzzle 1000 \u00eentr-o distrac\u021bie de neuitat. Selecteaz\u0103 piesele pe diferite nuan\u021be sau organizeaz\u0103 munca de asamblare astfel \u00eenc\u00e2t niciunul dintre participan\u021bi s\u0103 nu aib\u0103 pauz\u0103.<\/span><\/p>\n<p><span style=\"font-weight: 400;\">Preg\u0103te\u0219te informa\u021bii inedite despre Vene\u021bia \u0219i prezint\u0103-le \u00eentr-un mod original copiilor. C\u0103l\u0103tori\u021bi cu g\u00e2ndul \u00een ora\u0219ul apelor \u0219i imagina\u021bi-v\u0103 cum v\u0103 plimba\u021bi cu gondola pe canale. Creaz\u0103 clipe magice cu ajutorul unui joc puzzle de excep\u021bie. Copiii t\u0103i vor aprecia timpul petrecut \u00eempreun\u0103 \u0219i vor avea amintiri de neuitat petrecute \u00een s\u00e2nul familiei.<\/span><\/p>\n<p><span style=\"font-weight: 400;\">Cump\u0103r\u0103 puzzle 1000 piese Vene\u021bia \u0219i tr\u0103ie\u0219te o experien\u021b\u0103 creativ\u0103 uimitoare. P\u0103streaz\u0103 jocul puzzle \u00een cas\u0103 pentru a-l reface ori de c\u00e2te ori vrei s\u0103 alungi monotonia sau ofer\u0103-l cadou prietenilor pasiona\u021bi de puzzle adul\u021bi.<\/span><\/p>\n","protected":false},"excerpt":{"rendered":"<p>Descoper\u0103 minunata Vene\u021bie prin intermediul unui joc puzzle fascinant! O ilustra\u021bie fabuloas\u0103, \u00een culori calde de vibra\u021bii \u00eenalte, te provoac\u0103<\/p>\n","protected":false},"featured_media":18251,"template":"","meta":[],"product_brand":[],"product_cat":[1454,1488,1560],"product_tag":[],"class_list":{"0":"post-18265","1":"product","2":"type-product","3":"status-publish","4":"has-post-thumbnail","6":"product_cat-puzzle","7":"product_cat-puzzle-adulti","8":"product_cat-puzzle-adulti-1000","9":"pa_brand-d_toys","10":"pa_country_of_manufacture-ro","11":"pa_filter_age-1315","12":"pa_painter-kurtiandrea","13":"pa_tip_ambalaj-cutie","14":"pa_tip_puzzle-clasic","16":"first","17":"instock","18":"taxable","19":"shipping-taxable","20":"product-type-simple"},"yoast_head":"<!-- This site is optimized with the Yoast SEO plugin v20.1 - https:\/\/yoast.com\/wordpress\/plugins\/seo\/ -->\n<title>Puzzle adul\u021bi 1000 piese K\u00fcrti Andrea - Vene\u021bia - Roovi B2B<\/title>\n<meta name=\"robots\" content=\"index, follow, max-snippet:-1, max-image-preview:large, max-video-preview:-1\" \/>\n<link rel=\"canonical\" href=\"https:\/\/www.roovi.ro\/puzzle-adulti-1000-piese-kurti-andrea-venetia\/p\/\" \/>\n<meta property=\"og:locale\" content=\"ro_RO\" \/>\n<meta property=\"og:type\" content=\"article\" \/>\n<meta property=\"og:title\" content=\"Puzzle adul\u021bi 1000 piese K\u00fcrti Andrea - Vene\u021bia - Roovi B2B\" \/>\n<meta property=\"og:description\" content=\"Descoper\u0103 minunata Vene\u021bie prin intermediul unui joc puzzle fascinant! O ilustra\u021bie fabuloas\u0103, \u00een culori calde de vibra\u021bii \u00eenalte, te provoac\u0103\" \/>\n<meta property=\"og:url\" content=\"https:\/\/www.roovi.ro\/puzzle-adulti-1000-piese-kurti-andrea-venetia\/p\/\" \/>\n<meta property=\"og:site_name\" content=\"Roovi B2B\" \/>\n<meta property=\"article:publisher\" content=\"https:\/\/www.facebook.com\/wwwjucariero\" \/>\n<meta property=\"article:modified_time\" content=\"2025-03-14T12:13:29+00:00\" \/>\n<meta property=\"og:image\" content=\"https:\/\/business.roovi.com\/wp-content\/uploads\/2018\/04\/73730_-1_ansamblu_dimensiuni_cutie_cm_vertical_1200x1200_2.png\" \/>\n\t<meta property=\"og:image:width\" content=\"1200\" \/>\n\t<meta property=\"og:image:height\" content=\"1200\" \/>\n\t<meta property=\"og:image:type\" content=\"image\/png\" \/>\n<meta name=\"twitter:label1\" content=\"Timp estimat pentru citire\" \/>\n\t<meta name=\"twitter:data1\" content=\"3 minute\" \/>\n<script type=\"application\/ld+json\" class=\"yoast-schema-graph\">{\"@context\":\"https:\/\/schema.org\",\"@graph\":[{\"@type\":\"WebPage\",\"@id\":\"https:\/\/business.roovi.com\/ro\/puzzle-adulti-1000-piese-kurti-andrea-venetia\/p\/\",\"url\":\"https:\/\/www.roovi.ro\/puzzle-adulti-1000-piese-kurti-andrea-venetia\/p\/\",\"name\":\"Puzzle adul\u021bi 1000 piese K\u00fcrti Andrea - Vene\u021bia - Roovi B2B\",\"isPartOf\":{\"@id\":\"https:\/\/business.roovi.com\/ro\/#website\"},\"datePublished\":\"2018-04-16T10:56:17+00:00\",\"dateModified\":\"2025-03-14T12:13:29+00:00\",\"breadcrumb\":{\"@id\":\"https:\/\/www.roovi.ro\/puzzle-adulti-1000-piese-kurti-andrea-venetia\/p\/#breadcrumb\"},\"inLanguage\":\"ro-RO\",\"potentialAction\":[{\"@type\":\"ReadAction\",\"target\":[\"https:\/\/www.roovi.ro\/puzzle-adulti-1000-piese-kurti-andrea-venetia\/p\/\"]}]},{\"@type\":\"BreadcrumbList\",\"@id\":\"https:\/\/www.roovi.ro\/puzzle-adulti-1000-piese-kurti-andrea-venetia\/p\/#breadcrumb\",\"itemListElement\":[{\"@type\":\"ListItem\",\"position\":1,\"name\":\"Home\",\"item\":\"https:\/\/business.roovi.com\/ro\/\"},{\"@type\":\"ListItem\",\"position\":2,\"name\":\"Magazin\",\"item\":\"https:\/\/business.roovi.com\/ro\/magazin\/\"},{\"@type\":\"ListItem\",\"position\":3,\"name\":\"Puzzle adul\u021bi 1000 piese K\u00fcrti Andrea &#8211; Vene\u021bia\"}]},{\"@type\":\"WebSite\",\"@id\":\"https:\/\/business.roovi.com\/ro\/#website\",\"url\":\"https:\/\/business.roovi.com\/ro\/\",\"name\":\"Roovi B2B\",\"description\":\"Roovi Business Website\",\"potentialAction\":[{\"@type\":\"SearchAction\",\"target\":{\"@type\":\"EntryPoint\",\"urlTemplate\":\"https:\/\/business.roovi.com\/ro\/?s={search_term_string}\"},\"query-input\":\"required name=search_term_string\"}],\"inLanguage\":\"ro-RO\"}]}<\/script>\n<!-- \/ Yoast SEO plugin. -->","yoast_head_json":{"title":"Puzzle adul\u021bi 1000 piese K\u00fcrti Andrea - Vene\u021bia - Roovi B2B","robots":{"index":"index","follow":"follow","max-snippet":"max-snippet:-1","max-image-preview":"max-image-preview:large","max-video-preview":"max-video-preview:-1"},"canonical":"https:\/\/www.roovi.ro\/puzzle-adulti-1000-piese-kurti-andrea-venetia\/p\/","og_locale":"ro_RO","og_type":"article","og_title":"Puzzle adul\u021bi 1000 piese K\u00fcrti Andrea - Vene\u021bia - Roovi B2B","og_description":"Descoper\u0103 minunata Vene\u021bie prin intermediul unui joc puzzle fascinant! O ilustra\u021bie fabuloas\u0103, \u00een culori calde de vibra\u021bii \u00eenalte, te provoac\u0103","og_url":"https:\/\/www.roovi.ro\/puzzle-adulti-1000-piese-kurti-andrea-venetia\/p\/","og_site_name":"Roovi B2B","article_publisher":"https:\/\/www.facebook.com\/wwwjucariero","article_modified_time":"2025-03-14T12:13:29+00:00","og_image":[{"width":1200,"height":1200,"url":"https:\/\/business.roovi.com\/wp-content\/uploads\/2018\/04\/73730_-1_ansamblu_dimensiuni_cutie_cm_vertical_1200x1200_2.png","type":"image\/png"}],"twitter_misc":{"Timp estimat pentru citire":"3 minute"},"schema":{"@context":"https:\/\/schema.org","@graph":[{"@type":"WebPage","@id":"https:\/\/business.roovi.com\/ro\/puzzle-adulti-1000-piese-kurti-andrea-venetia\/p\/","url":"https:\/\/www.roovi.ro\/puzzle-adulti-1000-piese-kurti-andrea-venetia\/p\/","name":"Puzzle adul\u021bi 1000 piese K\u00fcrti Andrea - Vene\u021bia - Roovi B2B","isPartOf":{"@id":"https:\/\/business.roovi.com\/ro\/#website"},"datePublished":"2018-04-16T10:56:17+00:00","dateModified":"2025-03-14T12:13:29+00:00","breadcrumb":{"@id":"https:\/\/www.roovi.ro\/puzzle-adulti-1000-piese-kurti-andrea-venetia\/p\/#breadcrumb"},"inLanguage":"ro-RO","potentialAction":[{"@type":"ReadAction","target":["https:\/\/www.roovi.ro\/puzzle-adulti-1000-piese-kurti-andrea-venetia\/p\/"]}]},{"@type":"BreadcrumbList","@id":"https:\/\/www.roovi.ro\/puzzle-adulti-1000-piese-kurti-andrea-venetia\/p\/#breadcrumb","itemListElement":[{"@type":"ListItem","position":1,"name":"Home","item":"https:\/\/business.roovi.com\/ro\/"},{"@type":"ListItem","position":2,"name":"Magazin","item":"https:\/\/business.roovi.com\/ro\/magazin\/"},{"@type":"ListItem","position":3,"name":"Puzzle adul\u021bi 1000 piese K\u00fcrti Andrea &#8211; Vene\u021bia"}]},{"@type":"WebSite","@id":"https:\/\/business.roovi.com\/ro\/#website","url":"https:\/\/business.roovi.com\/ro\/","name":"Roovi B2B","description":"Roovi Business Website","potentialAction":[{"@type":"SearchAction","target":{"@type":"EntryPoint","urlTemplate":"https:\/\/business.roovi.com\/ro\/?s={search_term_string}"},"query-input":"required name=search_term_string"}],"inLanguage":"ro-RO"}]}},"_links":{"self":[{"href":"https:\/\/business.roovi.com\/ro\/wp-json\/wp\/v2\/product\/18265","targetHints":{"allow":["GET"]}}],"collection":[{"href":"https:\/\/business.roovi.com\/ro\/wp-json\/wp\/v2\/product"}],"about":[{"href":"https:\/\/business.roovi.com\/ro\/wp-json\/wp\/v2\/types\/product"}],"version-history":[{"count":0,"href":"https:\/\/business.roovi.com\/ro\/wp-json\/wp\/v2\/product\/18265\/revisions"}],"wp:featuredmedia":[{"embeddable":true,"href":"https:\/\/business.roovi.com\/ro\/wp-json\/wp\/v2\/media\/18251"}],"wp:attachment":[{"href":"https:\/\/business.roovi.com\/ro\/wp-json\/wp\/v2\/media?parent=18265"}],"wp:term":[{"taxonomy":"product_brand","embeddable":true,"href":"https:\/\/business.roovi.com\/ro\/wp-json\/wp\/v2\/product_brand?post=18265"},{"taxonomy":"product_cat","embeddable":true,"href":"https:\/\/business.roovi.com\/ro\/wp-json\/wp\/v2\/product_cat?post=18265"},{"taxonomy":"product_tag","embeddable":true,"href":"https:\/\/business.roovi.com\/ro\/wp-json\/wp\/v2\/product_tag?post=18265"}],"curies":[{"name":"wp","href":"https:\/\/api.w.org\/{rel}","templated":true}]}}