{"id":18295,"date":"2018-04-16T10:56:17","date_gmt":"2018-04-16T10:56:17","guid":{"rendered":"https:\/\/business.roovi.com\/product\/puzzle-kurti-andrea-owls-1000-2\/"},"modified":"2025-03-14T12:10:09","modified_gmt":"2025-03-14T12:10:09","slug":"puzzle-adulti-1000-piese-kurti-andrea-owls-bufnite","status":"publish","type":"product","link":"https:\/\/business.roovi.com\/ro\/puzzle-adulti-1000-piese-kurti-andrea-owls-bufnite\/p\/","title":{"rendered":"Puzzle adul\u021bi 1000 piese K\u00fcrti Andrea &#8211; Owls \/ Bufni\u021be"},"content":{"rendered":"<p><span style=\"font-weight: 400;\">\u0218tiai c\u0103 bufni\u021ba este simbolul \u00een\u021belepciunii \u0219i al vitalit\u0103\u021bii? Se spune c\u0103 orice obiect care \u00eenf\u0103\u021bi\u0219eaz\u0103 aceast\u0103 vietate sacr\u0103 atrage energii pozitive. Puzzle 1000 piese &#8211; Owls prezint\u0103 o mul\u021bime de bufni\u021be colorate. Asambleaz\u0103 tabloul \u0219i p\u0103streaz\u0103-l ca talisman norocos \u00een casa ta.<\/span><\/p>\n<p><span style=\"font-weight: 400;\">Fie c\u0103 e\u0219ti fascinat de aceste p\u0103s\u0103ri nocturne, fie c\u0103 vrei doar s\u0103-\u021bi exersezi abilit\u0103\u021bile de asamblare, puzzle 1000 piese &#8211; Bufni\u021be \u00ee\u021bi va ocupa timpul \u00een mod creativ.\u00a0<\/span><\/p>\n<p><span style=\"font-weight: 400;\">Artista K\u00fcrti Andrea a realizat o ilustra\u021bie animat\u0103 cu bufni\u021be de toate culorile \u0219i m\u0103rimile. Astfel c\u0103 a ob\u021binut un joc puzzle cu grad mai mare de dificultate. \u00cenarmeaz\u0103-te cu r\u0103bdare \u0219i bun\u0103 dispozi\u021bie \u0219i construie\u0219te un tablou fascinant care \u00ee\u021bi va \u00eenfrumuse\u021ba camera preferat\u0103.<\/span><\/p>\n<p><span style=\"font-weight: 400;\">Pentru asamblare po\u021bi utiliza o m\u0103su\u021b\u0103 standard de cafea. Vei ob\u021bine la final un tablou cu dimensiunile de 50 x 70 cm.<\/span><\/p>\n<p><strong>De ce s\u0103 alegi puzzle 1000 piese K\u00fcrti Andrea &#8211; Bufni\u021be?\u00a0<\/strong><\/p>\n<p><span style=\"font-weight: 400;\">Este un puzzle realizat din carton albastru de calitate superioar\u0103.<\/span><\/p>\n<p><span style=\"font-weight: 400;\">Respect\u0103 natura, fiind produs din materiale sustenabile, reciclabile.<\/span><\/p>\n<p><span style=\"font-weight: 400;\">Este foarte rezistent \u00een timp, \u00eel po\u021bi reface de multe ori, iar imaginea este impecabil\u0103 de fiecare dat\u0103.<\/span><\/p>\n<p><span style=\"font-weight: 400;\">Are finisaj semi-lucios, \u00een culori vii.<\/span><\/p>\n<p><span style=\"font-weight: 400;\">Se recomand\u0103 persoanelor peste 14 ani \u0219i este perfect pentru a-i introduce \u00een lumea puzzle-urilor mai dificile pe copiii t\u0103i adolescen\u021bi.<\/span><\/p>\n<p><span style=\"font-weight: 400;\">Puzzle 1000 piese &#8211; Bufni\u021be este o form\u0103 de relaxare \u0219i \u00een acela\u0219i timp \u00ee\u021bi aduce multe beneficii pentru s\u0103n\u0103tate:<\/span><\/p>\n<p><strong>\u00ce\u021bi men\u021bine creierul activ<\/strong><span style=\"font-weight: 400;\"> &#8211; \u00een timpul asambl\u0103rii sunt implicate at\u00e2t emisfera cerebral\u0103 dreapt\u0103, c\u00e2t \u0219i cea st\u00e2ng\u0103, astfel c\u0103 este un exerci\u021biu complex pentru creier.<\/span><\/p>\n<p><strong>\u00ce\u021bi protejeaz\u0103 s\u0103n\u0103tatea mental\u0103<\/strong><span style=\"font-weight: 400;\"> &#8211; s-a constatat c\u0103 cei care fac puzzle zi de zi au risc foarte sc\u0103zut de a dezvolta Alzheimer.<\/span><\/p>\n<p><strong>\u00ce\u021bi \u00eembun\u0103t\u0103\u021be\u0219te aten\u021bia<\/strong><span style=\"font-weight: 400;\"> &#8211; jocul puzzle necesit\u0103 concentrare maxim\u0103 \u0219i aten\u021bie uimitoare pe cele mai mici detalii. Exers\u00e2nd frecvent, aceast\u0103 abilitatea devine mai ascu\u021bit\u0103.<\/span><\/p>\n<p><strong>\u00ce\u021bi perfec\u021bioneaz\u0103 abilit\u0103\u021bile spa\u021bial\u00a0 vizuale<\/strong><span style=\"font-weight: 400;\">\u00a0 pe care le utilizezi \u00een diverse activit\u0103\u021bi cotidiene precum parcarea ma\u0219inii sau a\u0219ezarea obiectelor \u00een spa\u021bii mici.<\/span><\/p>\n<p><strong>5 curiozit\u0103\u021bi despre bufni\u021be<\/strong><\/p>\n<p><span style=\"font-weight: 400;\">1. Cea mai veche fosil\u0103 de bufni\u021b\u0103 dateaz\u0103 de acum 58 de milioane de ani.<\/span><\/p>\n<p><span style=\"font-weight: 400;\">2. Sunt excelen\u021bi v\u00e2n\u0103tori. Unele specii pot prinde chiar \u0219i 10.000 \u0219oareci \u00eentr-un an.<\/span><\/p>\n<p><span style=\"font-weight: 400;\">3. Elimin\u0103 p\u0103r\u021bi nedigerate din hran\u0103 sub form\u0103 de ingluvii prin cavitatea bucal\u0103.<\/span><\/p>\n<p><span style=\"font-weight: 400;\">4. Unele bufni\u021be care tr\u0103iesc \u00een de\u0219ert, \u00ee\u0219i fac cuib \u00eentre cactu\u0219i.<\/span><\/p>\n<p><span style=\"font-weight: 400;\">5. Unele specii sunt folosite \u00een sporturi \u0219i sunt antrenate de oameni a\u0219a cum sunt antrena\u021bi \u0219oimii.<\/span><\/p>\n<p><strong>Alte abilit\u0103\u021bi pe care \u021bi le dezvol\u021bi cu ajutorul puzzle 1000 piese Bufni\u021be<\/strong><\/p>\n<p><span style=\"font-weight: 400;\">\u00ce\u021bi perfec\u021bionezi \u00eendem\u00e2narea.<\/span><strong>\u00a0<\/strong><\/p>\n<p><span style=\"font-weight: 400;\">\u00ce\u021bi dezvol\u021bi sim\u021bul estetic.<\/span><\/p>\n<p><span style=\"font-weight: 400;\">\u00ce\u021bi dezvol\u021bi creativitatea.<\/span><\/p>\n<p><span style=\"font-weight: 400;\">\u00ce\u021bi deschizi apetitul pentru cunoa\u0219tere.<\/span><\/p>\n<p><span style=\"font-weight: 400;\">Ai posibilitatea s\u0103 creezi un tablou artistic ce \u00ee\u021bi va \u00eenfrumuse\u021ba locuin\u021ba.<\/span><\/p>\n<p><span style=\"font-weight: 400;\">\u00cenve\u021bi s\u0103 lucrezi la un puzzle 1000 piese \u00een echip\u0103 atunci c\u00e2nd particip\u0103 \u0219i cei dragi la aceast\u0103 activitate.<\/span><\/p>\n<p><span style=\"font-weight: 400;\">Puzzle 1000 piese K\u00fcrti Andrea &#8211; Bufni\u021be este ideal at\u00e2t pentru supersti\u021bio\u0219i, c\u00e2t \u0219i pentru pasiona\u021bii de jocuri puzzle. Alc\u0103tuie\u0219te imaginea \u0219i p\u0103streaz\u0103 tabloul ca obiect decorativ. Sau desf\u0103 piesele \u0219i construie\u0219te imaginea din nou atunci c\u00e2nd sim\u021bi nevoia unei activit\u0103\u021bi creative.<\/span><\/p>\n<p><span style=\"font-weight: 400;\">Ai nevoie de o idee fantastic\u0103 de cadou? Puzzle 1000 piese este darul ideal pe care \u00eel po\u021bi oferi de s\u0103rb\u0103tori sau cu ocazii aniversare.<\/span><\/p>\n","protected":false},"excerpt":{"rendered":"<p>\u0218tiai c\u0103 bufni\u021ba este simbolul \u00een\u021belepciunii \u0219i al vitalit\u0103\u021bii? Se spune c\u0103 orice obiect care \u00eenf\u0103\u021bi\u0219eaz\u0103 aceast\u0103 vietate sacr\u0103 atrage<\/p>\n","protected":false},"featured_media":18281,"template":"","meta":[],"product_brand":[],"product_cat":[1454,1488,1560],"product_tag":[],"class_list":{"0":"post-18295","1":"product","2":"type-product","3":"status-publish","4":"has-post-thumbnail","6":"product_cat-puzzle","7":"product_cat-puzzle-adulti","8":"product_cat-puzzle-adulti-1000","9":"pa_brand-d_toys","10":"pa_country_of_manufacture-ro","11":"pa_filter_age-1315","12":"pa_painter-kurtiandrea","13":"pa_tip_ambalaj-cutie","14":"pa_tip_puzzle-clasic","16":"first","17":"instock","18":"taxable","19":"shipping-taxable","20":"product-type-simple"},"yoast_head":"<!-- This site is optimized with the Yoast SEO plugin v20.1 - https:\/\/yoast.com\/wordpress\/plugins\/seo\/ -->\n<title>Puzzle adul\u021bi 1000 piese K\u00fcrti Andrea - Owls \/ Bufni\u021be - Roovi B2B<\/title>\n<meta name=\"robots\" content=\"index, follow, max-snippet:-1, max-image-preview:large, max-video-preview:-1\" \/>\n<link rel=\"canonical\" href=\"https:\/\/www.roovi.ro\/puzzle-adulti-1000-piese-kurti-andrea-owls-bufnite\/p\/\" \/>\n<meta property=\"og:locale\" content=\"ro_RO\" \/>\n<meta property=\"og:type\" content=\"article\" \/>\n<meta property=\"og:title\" content=\"Puzzle adul\u021bi 1000 piese K\u00fcrti Andrea - Owls \/ Bufni\u021be - Roovi B2B\" \/>\n<meta property=\"og:description\" content=\"\u0218tiai c\u0103 bufni\u021ba este simbolul \u00een\u021belepciunii \u0219i al vitalit\u0103\u021bii? Se spune c\u0103 orice obiect care \u00eenf\u0103\u021bi\u0219eaz\u0103 aceast\u0103 vietate sacr\u0103 atrage\" \/>\n<meta property=\"og:url\" content=\"https:\/\/www.roovi.ro\/puzzle-adulti-1000-piese-kurti-andrea-owls-bufnite\/p\/\" \/>\n<meta property=\"og:site_name\" content=\"Roovi B2B\" \/>\n<meta property=\"article:publisher\" content=\"https:\/\/www.facebook.com\/wwwjucariero\" \/>\n<meta property=\"article:modified_time\" content=\"2025-03-14T12:10:09+00:00\" \/>\n<meta property=\"og:image\" content=\"https:\/\/business.roovi.com\/wp-content\/uploads\/2018\/04\/73747-2_ansamblu_dimensiuni_cutie_cm_vertical_1200x1200.png\" \/>\n\t<meta property=\"og:image:width\" content=\"1200\" \/>\n\t<meta property=\"og:image:height\" content=\"1200\" \/>\n\t<meta property=\"og:image:type\" content=\"image\/png\" \/>\n<meta name=\"twitter:label1\" content=\"Timp estimat pentru citire\" \/>\n\t<meta name=\"twitter:data1\" content=\"3 minute\" \/>\n<script type=\"application\/ld+json\" class=\"yoast-schema-graph\">{\"@context\":\"https:\/\/schema.org\",\"@graph\":[{\"@type\":\"WebPage\",\"@id\":\"https:\/\/business.roovi.com\/ro\/puzzle-adulti-1000-piese-kurti-andrea-owls-bufnite\/p\/\",\"url\":\"https:\/\/www.roovi.ro\/puzzle-adulti-1000-piese-kurti-andrea-owls-bufnite\/p\/\",\"name\":\"Puzzle adul\u021bi 1000 piese K\u00fcrti Andrea - Owls \/ Bufni\u021be - Roovi B2B\",\"isPartOf\":{\"@id\":\"https:\/\/business.roovi.com\/ro\/#website\"},\"datePublished\":\"2018-04-16T10:56:17+00:00\",\"dateModified\":\"2025-03-14T12:10:09+00:00\",\"breadcrumb\":{\"@id\":\"https:\/\/www.roovi.ro\/puzzle-adulti-1000-piese-kurti-andrea-owls-bufnite\/p\/#breadcrumb\"},\"inLanguage\":\"ro-RO\",\"potentialAction\":[{\"@type\":\"ReadAction\",\"target\":[\"https:\/\/www.roovi.ro\/puzzle-adulti-1000-piese-kurti-andrea-owls-bufnite\/p\/\"]}]},{\"@type\":\"BreadcrumbList\",\"@id\":\"https:\/\/www.roovi.ro\/puzzle-adulti-1000-piese-kurti-andrea-owls-bufnite\/p\/#breadcrumb\",\"itemListElement\":[{\"@type\":\"ListItem\",\"position\":1,\"name\":\"Home\",\"item\":\"https:\/\/business.roovi.com\/ro\/\"},{\"@type\":\"ListItem\",\"position\":2,\"name\":\"Magazin\",\"item\":\"https:\/\/business.roovi.com\/ro\/magazin\/\"},{\"@type\":\"ListItem\",\"position\":3,\"name\":\"Puzzle adul\u021bi 1000 piese K\u00fcrti Andrea &#8211; Owls \/ Bufni\u021be\"}]},{\"@type\":\"WebSite\",\"@id\":\"https:\/\/business.roovi.com\/ro\/#website\",\"url\":\"https:\/\/business.roovi.com\/ro\/\",\"name\":\"Roovi B2B\",\"description\":\"Roovi Business Website\",\"potentialAction\":[{\"@type\":\"SearchAction\",\"target\":{\"@type\":\"EntryPoint\",\"urlTemplate\":\"https:\/\/business.roovi.com\/ro\/?s={search_term_string}\"},\"query-input\":\"required name=search_term_string\"}],\"inLanguage\":\"ro-RO\"}]}<\/script>\n<!-- \/ Yoast SEO plugin. -->","yoast_head_json":{"title":"Puzzle adul\u021bi 1000 piese K\u00fcrti Andrea - Owls \/ Bufni\u021be - Roovi B2B","robots":{"index":"index","follow":"follow","max-snippet":"max-snippet:-1","max-image-preview":"max-image-preview:large","max-video-preview":"max-video-preview:-1"},"canonical":"https:\/\/www.roovi.ro\/puzzle-adulti-1000-piese-kurti-andrea-owls-bufnite\/p\/","og_locale":"ro_RO","og_type":"article","og_title":"Puzzle adul\u021bi 1000 piese K\u00fcrti Andrea - Owls \/ Bufni\u021be - Roovi B2B","og_description":"\u0218tiai c\u0103 bufni\u021ba este simbolul \u00een\u021belepciunii \u0219i al vitalit\u0103\u021bii? Se spune c\u0103 orice obiect care \u00eenf\u0103\u021bi\u0219eaz\u0103 aceast\u0103 vietate sacr\u0103 atrage","og_url":"https:\/\/www.roovi.ro\/puzzle-adulti-1000-piese-kurti-andrea-owls-bufnite\/p\/","og_site_name":"Roovi B2B","article_publisher":"https:\/\/www.facebook.com\/wwwjucariero","article_modified_time":"2025-03-14T12:10:09+00:00","og_image":[{"width":1200,"height":1200,"url":"https:\/\/business.roovi.com\/wp-content\/uploads\/2018\/04\/73747-2_ansamblu_dimensiuni_cutie_cm_vertical_1200x1200.png","type":"image\/png"}],"twitter_misc":{"Timp estimat pentru citire":"3 minute"},"schema":{"@context":"https:\/\/schema.org","@graph":[{"@type":"WebPage","@id":"https:\/\/business.roovi.com\/ro\/puzzle-adulti-1000-piese-kurti-andrea-owls-bufnite\/p\/","url":"https:\/\/www.roovi.ro\/puzzle-adulti-1000-piese-kurti-andrea-owls-bufnite\/p\/","name":"Puzzle adul\u021bi 1000 piese K\u00fcrti Andrea - Owls \/ Bufni\u021be - Roovi B2B","isPartOf":{"@id":"https:\/\/business.roovi.com\/ro\/#website"},"datePublished":"2018-04-16T10:56:17+00:00","dateModified":"2025-03-14T12:10:09+00:00","breadcrumb":{"@id":"https:\/\/www.roovi.ro\/puzzle-adulti-1000-piese-kurti-andrea-owls-bufnite\/p\/#breadcrumb"},"inLanguage":"ro-RO","potentialAction":[{"@type":"ReadAction","target":["https:\/\/www.roovi.ro\/puzzle-adulti-1000-piese-kurti-andrea-owls-bufnite\/p\/"]}]},{"@type":"BreadcrumbList","@id":"https:\/\/www.roovi.ro\/puzzle-adulti-1000-piese-kurti-andrea-owls-bufnite\/p\/#breadcrumb","itemListElement":[{"@type":"ListItem","position":1,"name":"Home","item":"https:\/\/business.roovi.com\/ro\/"},{"@type":"ListItem","position":2,"name":"Magazin","item":"https:\/\/business.roovi.com\/ro\/magazin\/"},{"@type":"ListItem","position":3,"name":"Puzzle adul\u021bi 1000 piese K\u00fcrti Andrea &#8211; Owls \/ Bufni\u021be"}]},{"@type":"WebSite","@id":"https:\/\/business.roovi.com\/ro\/#website","url":"https:\/\/business.roovi.com\/ro\/","name":"Roovi B2B","description":"Roovi Business Website","potentialAction":[{"@type":"SearchAction","target":{"@type":"EntryPoint","urlTemplate":"https:\/\/business.roovi.com\/ro\/?s={search_term_string}"},"query-input":"required name=search_term_string"}],"inLanguage":"ro-RO"}]}},"_links":{"self":[{"href":"https:\/\/business.roovi.com\/ro\/wp-json\/wp\/v2\/product\/18295","targetHints":{"allow":["GET"]}}],"collection":[{"href":"https:\/\/business.roovi.com\/ro\/wp-json\/wp\/v2\/product"}],"about":[{"href":"https:\/\/business.roovi.com\/ro\/wp-json\/wp\/v2\/types\/product"}],"version-history":[{"count":0,"href":"https:\/\/business.roovi.com\/ro\/wp-json\/wp\/v2\/product\/18295\/revisions"}],"wp:featuredmedia":[{"embeddable":true,"href":"https:\/\/business.roovi.com\/ro\/wp-json\/wp\/v2\/media\/18281"}],"wp:attachment":[{"href":"https:\/\/business.roovi.com\/ro\/wp-json\/wp\/v2\/media?parent=18295"}],"wp:term":[{"taxonomy":"product_brand","embeddable":true,"href":"https:\/\/business.roovi.com\/ro\/wp-json\/wp\/v2\/product_brand?post=18295"},{"taxonomy":"product_cat","embeddable":true,"href":"https:\/\/business.roovi.com\/ro\/wp-json\/wp\/v2\/product_cat?post=18295"},{"taxonomy":"product_tag","embeddable":true,"href":"https:\/\/business.roovi.com\/ro\/wp-json\/wp\/v2\/product_tag?post=18295"}],"curies":[{"name":"wp","href":"https:\/\/api.w.org\/{rel}","templated":true}]}}