{"id":18340,"date":"2018-04-16T10:56:17","date_gmt":"2018-04-16T10:56:17","guid":{"rendered":"https:\/\/business.roovi.com\/product\/puzzle-kurti-andrea-seasons-summer-1000\/"},"modified":"2025-03-14T12:16:05","modified_gmt":"2025-03-14T12:16:05","slug":"puzzle-adulti-1000-piese-kurti-andrea-anotimpuri-vara","status":"publish","type":"product","link":"https:\/\/business.roovi.com\/ro\/puzzle-adulti-1000-piese-kurti-andrea-anotimpuri-vara\/p\/","title":{"rendered":"Puzzle adul\u021bi 1000 piese K\u00fcrti Andrea &#8211; Anotimpuri &#8211; Vara"},"content":{"rendered":"<p><span style=\"font-weight: 400;\">Vrei s\u0103 petreci c\u00e2teva ore de relaxare \u0219i s\u0103 alungi monotonia serilor lungi de iarn\u0103? Descoper\u0103 pl\u0103cerea de a crea din puzzle 1000 piese tablouri fascinante, pline de culoare.<\/span><\/p>\n<p><span style=\"font-weight: 400;\">Artista K\u00fcrti Andrea<\/span> <span style=\"font-weight: 400;\">a realizat<\/span> <span style=\"font-weight: 400;\">un ciclu de puzzle pentru adul\u021bi cu ilustra\u021bii inedite reprezent\u00e2nd cele 4 anotimpuri. Puzzle 1000 piese K\u00fcrti Andrea &#8211; Summer \u00eenf\u0103\u021bi\u0219eaz\u0103 vara, anotimpul vacan\u021belor, al luminii \u0219i al bucuriei.\u00a0<\/span><\/p>\n<p><span style=\"font-weight: 400;\">Personajul feminin din prim plan este \u00eentruchiparea relax\u0103rii \u0219i a ruperii de rutina zilnic\u0103 pe care ne-o ofer\u0103 minunatul anotimp estival. Ilustra\u021bia prezint\u0103 parc\u0103 mai multe op\u021biuni de petrecere a timpului liber: la mare, \u00een natur\u0103 sau pur \u0219i simplu hai-hui.\u00a0<\/span><\/p>\n<p><span style=\"font-weight: 400;\">Un puzzle adul\u021bi fascinant \u00een care descoperi simboluri ale anotimpului cald \u0219i care \u00ee\u021bi transmite optimismul \u0219i energia verii. Dac\u0103 alegi s\u0103 \u00eel pui \u00een ram\u0103, te vei bucura zi de zi de o not\u0103 de prospe\u021bime \u0219i culoare din acest tablou deosebit.<\/span><\/p>\n<p><span style=\"font-weight: 400;\">Pentru a reface imaginea po\u021bi folosi o m\u0103su\u021b\u0103 obi\u0219nuit\u0103 de cafea. Vei putea c\u0103uta piesele potrivite \u00een tihn\u0103 \u0219i \u00ee\u021bi este suficient\u0103 pentru a sus\u021bine tabloul de 50 x 70 cm pe care \u00eel ob\u021bii la final.<\/span><\/p>\n<p><span style=\"font-weight: 400;\">Puzzle 1000 piese K\u00fcrti Andrea &#8211; Summer \/ Vara caracteristici:<\/span><\/p>\n<p><strong>Material puzzle:\u00a0<\/strong><\/p>\n<p><strong>carton albastru de o calitate superioar\u0103<\/strong><\/p>\n<p><strong>materiale sustenabile, reciclabile<\/strong><\/p>\n<p><strong>finisaj semi-lucios, culori vii<\/strong><\/p>\n<p><strong>Num\u0103rul pieselor de puzzle: 1000<\/strong><\/p>\n<p><strong>V\u00e2rsta recomandat\u0103: 14+<\/strong><\/p>\n<p><strong>De ce s\u0103 alegi puzzle 1000 piese Vara?<\/strong><\/p>\n<p><span style=\"font-weight: 400;\">Ai ocazia s\u0103 \u00ee\u021bi creezi din 1000 piese puzzle un tablou cu un design remarcabil.<\/span><\/p>\n<p><span style=\"font-weight: 400;\">Este ocazia perfect\u0103 pentru relaxare \u0219i deta\u0219are de la cotidian.<\/span><\/p>\n<p><span style=\"font-weight: 400;\">\u00ce\u021bi dezvol\u021bi sim\u021bul estetic \u0219i apreciezi mai mult farmecul lucr\u0103rilor de art\u0103.<\/span><\/p>\n<p><span style=\"font-weight: 400;\">Poate fi un prilej de a petrece timpul cu copiii \u0219i de a suda leg\u0103turile de familie.<\/span><\/p>\n<p><span style=\"font-weight: 400;\">\u00ce\u021bi dezvol\u021bi imagina\u021bia \u0219i te sim\u021bi ca un adev\u0103rat detectiv \u00een c\u0103utarea indiciilor spre rezolvarea unui caz dificil.<\/span><\/p>\n<p><span style=\"font-weight: 400;\">\u00ce\u021bi dezvol\u021bi capacitatea de concentrare, precum \u0219i perseveren\u021ba.<\/span><\/p>\n<p><strong>Alte 5 beneficii pe care \u021bi le ofer\u0103 puzzle 1000 piese Vara:<\/strong><\/p>\n<ul>\n<li><span style=\"font-weight: 400;\">Te ajut\u0103 s\u0103-\u021bi dezvol\u021bi memoria<\/span><\/li>\n<li><span style=\"font-weight: 400;\">\u00ce\u021bi \u00eembun\u0103t\u0103\u021be\u0219ti aten\u021bia la detalii.<\/span><\/li>\n<li><span style=\"font-weight: 400;\">Te ajut\u0103 s\u0103 te eliberezi de stres.<\/span><\/li>\n<li><span style=\"font-weight: 400;\">\u00ce\u021bi dezvolt\u0103 g\u00e2ndirea logic\u0103.<\/span><\/li>\n<li><span style=\"font-weight: 400;\">\u00ce\u021bi spore\u0219ti capacitatea de a rezolva probleme.<\/span><\/li>\n<\/ul>\n<p><span style=\"font-weight: 400;\">Puzzle 1000 piese Summer este conceput pentru pasiona\u021bii de jocuri puzzle, dar \u0219i pentru persoanele care vor s\u0103-\u021bi testeze \u00eendem\u00e2narea sau care sunt dornici de o provocare creativ\u0103. Dac\u0103 te reg\u0103se\u0219ti \u00eentr-una dintre aceste categorii, puzzle 1000 piese Vara este perfect pentru tine.<\/span><\/p>\n<p><span style=\"font-weight: 400;\">Fiind produs din materiale de calitate, \u00eel po\u021bi reface ori de c\u00e2te ori sim\u021bi nevoia f\u0103r\u0103 a-\u021bi face griji c\u0103 se va deteriora. De fiecare dat\u0103 c\u00e2nd utilizezi acest puzzle adul\u021bi, ob\u021bii aceea\u0219i imagine complet\u0103 uimitoare.<\/span><\/p>\n<p><span style=\"font-weight: 400;\">Vrei s\u0103-i provoci capacitatea de concentrare vreunui prieten apropiat? Sau s\u0103 oferi un cadou deosebit unui pasionat de jocuri puzzle? Alege puzzle 1000 piese Vara, cu ilustra\u021bia de excep\u021bie realizat\u0103 de artista K\u00fcrti Andrea \u0219i uime\u0219te-\u021bi prietenii cu un cadou inedit.<\/span><\/p>\n","protected":false},"excerpt":{"rendered":"<p>Vrei s\u0103 petreci c\u00e2teva ore de relaxare \u0219i s\u0103 alungi monotonia serilor lungi de iarn\u0103? Descoper\u0103 pl\u0103cerea de a crea<\/p>\n","protected":false},"featured_media":18326,"template":"","meta":[],"product_brand":[],"product_cat":[1454,1488,1560],"product_tag":[],"class_list":{"0":"post-18340","1":"product","2":"type-product","3":"status-publish","4":"has-post-thumbnail","6":"product_cat-puzzle","7":"product_cat-puzzle-adulti","8":"product_cat-puzzle-adulti-1000","9":"pa_brand-d_toys","10":"pa_country_of_manufacture-ro","11":"pa_filter_age-1315","12":"pa_painter-kurtiandrea","13":"pa_tip_ambalaj-cutie","14":"pa_tip_puzzle-clasic","16":"first","17":"instock","18":"taxable","19":"shipping-taxable","20":"product-type-simple"},"yoast_head":"<!-- This site is optimized with the Yoast SEO plugin v20.1 - https:\/\/yoast.com\/wordpress\/plugins\/seo\/ -->\n<title>Puzzle adul\u021bi 1000 piese K\u00fcrti Andrea - Anotimpuri - Vara - Roovi B2B<\/title>\n<meta name=\"robots\" content=\"index, follow, max-snippet:-1, max-image-preview:large, max-video-preview:-1\" \/>\n<link rel=\"canonical\" href=\"https:\/\/www.roovi.ro\/puzzle-adulti-1000-piese-kurti-andrea-anotimpuri-vara\/p\/\" \/>\n<meta property=\"og:locale\" content=\"ro_RO\" \/>\n<meta property=\"og:type\" content=\"article\" \/>\n<meta property=\"og:title\" content=\"Puzzle adul\u021bi 1000 piese K\u00fcrti Andrea - Anotimpuri - Vara - Roovi B2B\" \/>\n<meta property=\"og:description\" content=\"Vrei s\u0103 petreci c\u00e2teva ore de relaxare \u0219i s\u0103 alungi monotonia serilor lungi de iarn\u0103? Descoper\u0103 pl\u0103cerea de a crea\" \/>\n<meta property=\"og:url\" content=\"https:\/\/www.roovi.ro\/puzzle-adulti-1000-piese-kurti-andrea-anotimpuri-vara\/p\/\" \/>\n<meta property=\"og:site_name\" content=\"Roovi B2B\" \/>\n<meta property=\"article:publisher\" content=\"https:\/\/www.facebook.com\/wwwjucariero\" \/>\n<meta property=\"article:modified_time\" content=\"2025-03-14T12:16:05+00:00\" \/>\n<meta property=\"og:image\" content=\"https:\/\/business.roovi.com\/wp-content\/uploads\/2018\/04\/74102-02_ansamblu_dimensiuni_cutie_cm_vertical_1200x1200.png\" \/>\n\t<meta property=\"og:image:width\" content=\"1200\" \/>\n\t<meta property=\"og:image:height\" content=\"1200\" \/>\n\t<meta property=\"og:image:type\" content=\"image\/png\" \/>\n<meta name=\"twitter:label1\" content=\"Timp estimat pentru citire\" \/>\n\t<meta name=\"twitter:data1\" content=\"3 minute\" \/>\n<script type=\"application\/ld+json\" class=\"yoast-schema-graph\">{\"@context\":\"https:\/\/schema.org\",\"@graph\":[{\"@type\":\"WebPage\",\"@id\":\"https:\/\/business.roovi.com\/ro\/puzzle-adulti-1000-piese-kurti-andrea-anotimpuri-vara\/p\/\",\"url\":\"https:\/\/www.roovi.ro\/puzzle-adulti-1000-piese-kurti-andrea-anotimpuri-vara\/p\/\",\"name\":\"Puzzle adul\u021bi 1000 piese K\u00fcrti Andrea - Anotimpuri - Vara - Roovi B2B\",\"isPartOf\":{\"@id\":\"https:\/\/business.roovi.com\/ro\/#website\"},\"datePublished\":\"2018-04-16T10:56:17+00:00\",\"dateModified\":\"2025-03-14T12:16:05+00:00\",\"breadcrumb\":{\"@id\":\"https:\/\/www.roovi.ro\/puzzle-adulti-1000-piese-kurti-andrea-anotimpuri-vara\/p\/#breadcrumb\"},\"inLanguage\":\"ro-RO\",\"potentialAction\":[{\"@type\":\"ReadAction\",\"target\":[\"https:\/\/www.roovi.ro\/puzzle-adulti-1000-piese-kurti-andrea-anotimpuri-vara\/p\/\"]}]},{\"@type\":\"BreadcrumbList\",\"@id\":\"https:\/\/www.roovi.ro\/puzzle-adulti-1000-piese-kurti-andrea-anotimpuri-vara\/p\/#breadcrumb\",\"itemListElement\":[{\"@type\":\"ListItem\",\"position\":1,\"name\":\"Home\",\"item\":\"https:\/\/business.roovi.com\/ro\/\"},{\"@type\":\"ListItem\",\"position\":2,\"name\":\"Magazin\",\"item\":\"https:\/\/business.roovi.com\/ro\/magazin\/\"},{\"@type\":\"ListItem\",\"position\":3,\"name\":\"Puzzle adul\u021bi 1000 piese K\u00fcrti Andrea &#8211; Anotimpuri &#8211; Vara\"}]},{\"@type\":\"WebSite\",\"@id\":\"https:\/\/business.roovi.com\/ro\/#website\",\"url\":\"https:\/\/business.roovi.com\/ro\/\",\"name\":\"Roovi B2B\",\"description\":\"Roovi Business Website\",\"potentialAction\":[{\"@type\":\"SearchAction\",\"target\":{\"@type\":\"EntryPoint\",\"urlTemplate\":\"https:\/\/business.roovi.com\/ro\/?s={search_term_string}\"},\"query-input\":\"required name=search_term_string\"}],\"inLanguage\":\"ro-RO\"}]}<\/script>\n<!-- \/ Yoast SEO plugin. -->","yoast_head_json":{"title":"Puzzle adul\u021bi 1000 piese K\u00fcrti Andrea - Anotimpuri - Vara - Roovi B2B","robots":{"index":"index","follow":"follow","max-snippet":"max-snippet:-1","max-image-preview":"max-image-preview:large","max-video-preview":"max-video-preview:-1"},"canonical":"https:\/\/www.roovi.ro\/puzzle-adulti-1000-piese-kurti-andrea-anotimpuri-vara\/p\/","og_locale":"ro_RO","og_type":"article","og_title":"Puzzle adul\u021bi 1000 piese K\u00fcrti Andrea - Anotimpuri - Vara - Roovi B2B","og_description":"Vrei s\u0103 petreci c\u00e2teva ore de relaxare \u0219i s\u0103 alungi monotonia serilor lungi de iarn\u0103? Descoper\u0103 pl\u0103cerea de a crea","og_url":"https:\/\/www.roovi.ro\/puzzle-adulti-1000-piese-kurti-andrea-anotimpuri-vara\/p\/","og_site_name":"Roovi B2B","article_publisher":"https:\/\/www.facebook.com\/wwwjucariero","article_modified_time":"2025-03-14T12:16:05+00:00","og_image":[{"width":1200,"height":1200,"url":"https:\/\/business.roovi.com\/wp-content\/uploads\/2018\/04\/74102-02_ansamblu_dimensiuni_cutie_cm_vertical_1200x1200.png","type":"image\/png"}],"twitter_misc":{"Timp estimat pentru citire":"3 minute"},"schema":{"@context":"https:\/\/schema.org","@graph":[{"@type":"WebPage","@id":"https:\/\/business.roovi.com\/ro\/puzzle-adulti-1000-piese-kurti-andrea-anotimpuri-vara\/p\/","url":"https:\/\/www.roovi.ro\/puzzle-adulti-1000-piese-kurti-andrea-anotimpuri-vara\/p\/","name":"Puzzle adul\u021bi 1000 piese K\u00fcrti Andrea - Anotimpuri - Vara - Roovi B2B","isPartOf":{"@id":"https:\/\/business.roovi.com\/ro\/#website"},"datePublished":"2018-04-16T10:56:17+00:00","dateModified":"2025-03-14T12:16:05+00:00","breadcrumb":{"@id":"https:\/\/www.roovi.ro\/puzzle-adulti-1000-piese-kurti-andrea-anotimpuri-vara\/p\/#breadcrumb"},"inLanguage":"ro-RO","potentialAction":[{"@type":"ReadAction","target":["https:\/\/www.roovi.ro\/puzzle-adulti-1000-piese-kurti-andrea-anotimpuri-vara\/p\/"]}]},{"@type":"BreadcrumbList","@id":"https:\/\/www.roovi.ro\/puzzle-adulti-1000-piese-kurti-andrea-anotimpuri-vara\/p\/#breadcrumb","itemListElement":[{"@type":"ListItem","position":1,"name":"Home","item":"https:\/\/business.roovi.com\/ro\/"},{"@type":"ListItem","position":2,"name":"Magazin","item":"https:\/\/business.roovi.com\/ro\/magazin\/"},{"@type":"ListItem","position":3,"name":"Puzzle adul\u021bi 1000 piese K\u00fcrti Andrea &#8211; Anotimpuri &#8211; Vara"}]},{"@type":"WebSite","@id":"https:\/\/business.roovi.com\/ro\/#website","url":"https:\/\/business.roovi.com\/ro\/","name":"Roovi B2B","description":"Roovi Business Website","potentialAction":[{"@type":"SearchAction","target":{"@type":"EntryPoint","urlTemplate":"https:\/\/business.roovi.com\/ro\/?s={search_term_string}"},"query-input":"required name=search_term_string"}],"inLanguage":"ro-RO"}]}},"_links":{"self":[{"href":"https:\/\/business.roovi.com\/ro\/wp-json\/wp\/v2\/product\/18340","targetHints":{"allow":["GET"]}}],"collection":[{"href":"https:\/\/business.roovi.com\/ro\/wp-json\/wp\/v2\/product"}],"about":[{"href":"https:\/\/business.roovi.com\/ro\/wp-json\/wp\/v2\/types\/product"}],"version-history":[{"count":0,"href":"https:\/\/business.roovi.com\/ro\/wp-json\/wp\/v2\/product\/18340\/revisions"}],"wp:featuredmedia":[{"embeddable":true,"href":"https:\/\/business.roovi.com\/ro\/wp-json\/wp\/v2\/media\/18326"}],"wp:attachment":[{"href":"https:\/\/business.roovi.com\/ro\/wp-json\/wp\/v2\/media?parent=18340"}],"wp:term":[{"taxonomy":"product_brand","embeddable":true,"href":"https:\/\/business.roovi.com\/ro\/wp-json\/wp\/v2\/product_brand?post=18340"},{"taxonomy":"product_cat","embeddable":true,"href":"https:\/\/business.roovi.com\/ro\/wp-json\/wp\/v2\/product_cat?post=18340"},{"taxonomy":"product_tag","embeddable":true,"href":"https:\/\/business.roovi.com\/ro\/wp-json\/wp\/v2\/product_tag?post=18340"}],"curies":[{"name":"wp","href":"https:\/\/api.w.org\/{rel}","templated":true}]}}