{"id":18370,"date":"2018-04-16T10:56:17","date_gmt":"2018-04-16T10:56:17","guid":{"rendered":"https:\/\/business.roovi.com\/product\/puzzle-kurti-andrea-seasons-winter-1000\/"},"modified":"2025-03-14T12:18:08","modified_gmt":"2025-03-14T12:18:08","slug":"puzzle-adulti-1000-piese-kurti-andrea-anotimpuri-iarna","status":"publish","type":"product","link":"https:\/\/business.roovi.com\/ro\/puzzle-adulti-1000-piese-kurti-andrea-anotimpuri-iarna\/p\/","title":{"rendered":"Puzzle adul\u021bi 1000 piese K\u00fcrti Andrea &#8211; Anotimpuri &#8211; Iarna"},"content":{"rendered":"<p><span style=\"font-weight: 400;\">Iarna \u0219i-a pus haine groase, p\u0103l\u0103rie cu bor larg \u0219i s-a a\u0219ezat maiestuoas\u0103 \u00eentr-o ilustra\u021bie din puzzle 1000 piese! Vrei s\u0103 vezi ce tablou fascinant\u00a0 poate s\u0103 \u021beas\u0103? Ref\u0103 imaginea \u0219i bucur\u0103-te de o reprezentare invernal\u0103 magic\u0103.<\/span><\/p>\n<p><span style=\"font-weight: 400;\">Cu talent deosebit \u0219i minu\u021biozitate, artista K\u00fcrti Andrea ne uime\u0219te \u00eenc\u0103 o dat\u0103 cu o ilustra\u021bie fascinant\u0103 \u00een puzzle 1000 piese Winter\/Iarna. Ciclul Seasons creat de artista contemporan\u0103 \u00eenf\u0103\u021bi\u0219eaz\u0103 cele 4 anotimpuri \u00een ilustra\u021bii cu personaje feminine inedite, pline de farmec \u0219i simboluri.<\/span><\/p>\n<p><span style=\"font-weight: 400;\">Iarna este o femeie misterioas\u0103, cu obraji de ghea\u021b\u0103 \u0219i palton pe care se vede tabloul ora\u0219elor \u0219i satelor sub st\u0103p\u00e2nirea anotimpului rece. Pe fundal o noapte \u00eentunecat\u0103, cu stele de ghea\u021b\u0103 a\u0219a cum sunt cele mai friguroase nop\u021bi de iarn\u0103. Un tablou unic ce-\u021bi completeaz\u0103 mini-colec\u021bia de puzzle adul\u021bi Seasons care e gata s\u0103 plece spre tine.<\/span><\/p>\n<p><span style=\"font-weight: 400;\">E\u0219ti preg\u0103tit de o nou\u0103 sesiune de puzzle? Trage-\u021bi aproape m\u0103su\u021ba de cafea din sufragerie, preg\u0103te\u0219te-\u021bi un ceai fierbinte \u0219i aromat pentru a nu sim\u021bi gerul din puzzle 1000 piese Iarna \u0219i \u00eencepi munca la tabloul fantastic din acest joc puzzle.<\/span><\/p>\n<p><span style=\"font-weight: 400;\">Cite\u0219te aici mai multe detalii despre puzzle 1000 piese Iarna:<\/span><\/p>\n<p><strong>Dimensiuni imagine ref\u0103cut\u0103: 50 x 70 cm. <\/strong><span style=\"font-weight: 400;\">Pentru suportul pieselor, po\u021bi utliza o m\u0103su\u021b\u0103 standard de cafea.<\/span><\/p>\n<p><strong>Material puzzle:\u00a0<\/strong><\/p>\n<p><strong>carton albastru de o calitate superioar\u0103<\/strong><\/p>\n<p><strong>materiale sustenabile, reciclabile<\/strong><\/p>\n<p><strong>finisaj semi-lucios, culori vii<\/strong><\/p>\n<p><strong>Num\u0103rul pieselor de puzzle: 1000<\/strong><\/p>\n<p><strong>V\u00e2rsta recomandat\u0103: 14+<\/strong><\/p>\n<p><strong>De ce s\u0103 alegi puzzle 1000 piese Winter \/ Iarna?<\/strong><\/p>\n<p><span style=\"font-weight: 400;\">Ob\u021bii o pies\u0103 decorativ\u0103 care d\u0103 farmec unui spa\u021biu banal din casa ta.<\/span><\/p>\n<p><span style=\"font-weight: 400;\">Te relaxezi \u0219i scapi de stresul cotidian.<\/span><\/p>\n<p><span style=\"font-weight: 400;\">Este un mod altfel de a-\u021bi petrece timpul, de a-i da valoare.<\/span><\/p>\n<p><span style=\"font-weight: 400;\">Poate fi un prilej de socializare \u0219i de cunoa\u0219tere a celor dragi.<\/span><\/p>\n<p><span style=\"font-weight: 400;\">\u00cenve\u021bi c\u0103 perseveren\u021ba este regula de aur pentru atingerea obiectivelor propuse.<\/span><\/p>\n<p><span style=\"font-weight: 400;\">Experimentezi succesul dup\u0103 o munc\u0103 minu\u021bioas\u0103 \u0219i provocatoare.<\/span><\/p>\n<p><span style=\"font-weight: 400;\">\u00ce\u021bi antrenezi mintea \u0219i \u00ee\u021bi men\u021bii s\u0103n\u0103tatea creierului.<\/span><\/p>\n<p><strong>Cu puzzle 1000 piese Iarna nimic nu este imposibil<\/strong><\/p>\n<p><span style=\"font-weight: 400;\">Pentru multe obiective pe care \u021bi le stabile\u0219ti ai impresia la un moment dat c\u0103 nu exist\u0103 finalizare \u0219i crezi c\u0103 nu le po\u021bi atinge. Uneori, pentru visele mari, e nevoie de mult timp, munc\u0103 \u0219i r\u0103bdarea. Aceste lec\u021bii simple, dar importante le \u00eenve\u021bi cu fiecare joc puzzle finalizat.<\/span><\/p>\n<p><span style=\"font-weight: 400;\">Pune pies\u0103 l\u00e2ng\u0103 pies\u0103 \u0219i \u00eempline\u0219te-\u021bi fiecare dorin\u021b\u0103 la fel cum a-i completa din 1000 piese acest puzzle fascinant cu imaginea iernii. Cultiv\u0103-\u021bi r\u0103bdarea, concentrarea \u0219i optimismul petrec\u00e2nd zi de zi cel pu\u021bin 30 de minute complet\u00e2nd un joc puzzle.<\/span><\/p>\n<p><span style=\"font-weight: 400;\">\u00cemp\u0103rt\u0103\u0219e\u0219te-\u021bi pasiunea pentru puzzle 1000 piese cu copiii t\u0103i. Vor fi \u00eenc\u00e2nta\u021bi s\u0103 petrece\u021bi \u00eempreun\u0103 c\u00e2t mai mult timp, precum \u0219i s\u0103 g\u0103seasc\u0103 piesele potrivite pentru acest joc puzzle. Dac\u0103 ai o ga\u0219c\u0103 de prieteni pe care vrei s\u0103 \u00eei provoci cu o activitate creativ\u0103, puzzle 1000 piese Iarna poate fi o alegere inspirat\u0103.<\/span><\/p>\n<p><span style=\"font-weight: 400;\">Fie c\u0103 \u00ee\u021bi dore\u0219ti un tablou deosebit sau s\u0103 fii implicat c\u00e2t mai des \u00eentr-un proces creativ, puzzle 1000 piese Iarna este jocul ideal pe care trebuie neap\u0103rat s\u0103-l ai \u00een cas\u0103.<\/span><\/p>\n","protected":false},"excerpt":{"rendered":"<p>Iarna \u0219i-a pus haine groase, p\u0103l\u0103rie cu bor larg \u0219i s-a a\u0219ezat maiestuoas\u0103 \u00eentr-o ilustra\u021bie din puzzle 1000 piese! Vrei<\/p>\n","protected":false},"featured_media":18356,"template":"","meta":[],"product_brand":[],"product_cat":[1454,1488,1560],"product_tag":[],"class_list":{"0":"post-18370","1":"product","2":"type-product","3":"status-publish","4":"has-post-thumbnail","6":"product_cat-puzzle","7":"product_cat-puzzle-adulti","8":"product_cat-puzzle-adulti-1000","9":"pa_brand-d_toys","10":"pa_country_of_manufacture-ro","11":"pa_filter_age-1315","12":"pa_painter-kurtiandrea","13":"pa_tip_ambalaj-cutie","14":"pa_tip_puzzle-clasic","16":"first","17":"instock","18":"taxable","19":"shipping-taxable","20":"product-type-simple"},"yoast_head":"<!-- This site is optimized with the Yoast SEO plugin v20.1 - https:\/\/yoast.com\/wordpress\/plugins\/seo\/ -->\n<title>Puzzle adul\u021bi 1000 piese K\u00fcrti Andrea - Anotimpuri - Iarna - Roovi B2B<\/title>\n<meta name=\"robots\" content=\"index, follow, max-snippet:-1, max-image-preview:large, max-video-preview:-1\" \/>\n<link rel=\"canonical\" href=\"https:\/\/www.roovi.ro\/puzzle-adulti-1000-piese-kurti-andrea-anotimpuri-iarna\/p\/\" \/>\n<meta property=\"og:locale\" content=\"ro_RO\" \/>\n<meta property=\"og:type\" content=\"article\" \/>\n<meta property=\"og:title\" content=\"Puzzle adul\u021bi 1000 piese K\u00fcrti Andrea - Anotimpuri - Iarna - Roovi B2B\" \/>\n<meta property=\"og:description\" content=\"Iarna \u0219i-a pus haine groase, p\u0103l\u0103rie cu bor larg \u0219i s-a a\u0219ezat maiestuoas\u0103 \u00eentr-o ilustra\u021bie din puzzle 1000 piese! Vrei\" \/>\n<meta property=\"og:url\" content=\"https:\/\/www.roovi.ro\/puzzle-adulti-1000-piese-kurti-andrea-anotimpuri-iarna\/p\/\" \/>\n<meta property=\"og:site_name\" content=\"Roovi B2B\" \/>\n<meta property=\"article:publisher\" content=\"https:\/\/www.facebook.com\/wwwjucariero\" \/>\n<meta property=\"article:modified_time\" content=\"2025-03-14T12:18:08+00:00\" \/>\n<meta property=\"og:image\" content=\"https:\/\/business.roovi.com\/wp-content\/uploads\/2018\/04\/74102-04_ansamblu_dimensiuni_cutie_cm_vertical_1200x1200.png\" \/>\n\t<meta property=\"og:image:width\" content=\"1200\" \/>\n\t<meta property=\"og:image:height\" content=\"1200\" \/>\n\t<meta property=\"og:image:type\" content=\"image\/png\" \/>\n<meta name=\"twitter:label1\" content=\"Timp estimat pentru citire\" \/>\n\t<meta name=\"twitter:data1\" content=\"3 minute\" \/>\n<script type=\"application\/ld+json\" class=\"yoast-schema-graph\">{\"@context\":\"https:\/\/schema.org\",\"@graph\":[{\"@type\":\"WebPage\",\"@id\":\"https:\/\/business.roovi.com\/ro\/puzzle-adulti-1000-piese-kurti-andrea-anotimpuri-iarna\/p\/\",\"url\":\"https:\/\/www.roovi.ro\/puzzle-adulti-1000-piese-kurti-andrea-anotimpuri-iarna\/p\/\",\"name\":\"Puzzle adul\u021bi 1000 piese K\u00fcrti Andrea - Anotimpuri - Iarna - Roovi B2B\",\"isPartOf\":{\"@id\":\"https:\/\/business.roovi.com\/ro\/#website\"},\"datePublished\":\"2018-04-16T10:56:17+00:00\",\"dateModified\":\"2025-03-14T12:18:08+00:00\",\"breadcrumb\":{\"@id\":\"https:\/\/www.roovi.ro\/puzzle-adulti-1000-piese-kurti-andrea-anotimpuri-iarna\/p\/#breadcrumb\"},\"inLanguage\":\"ro-RO\",\"potentialAction\":[{\"@type\":\"ReadAction\",\"target\":[\"https:\/\/www.roovi.ro\/puzzle-adulti-1000-piese-kurti-andrea-anotimpuri-iarna\/p\/\"]}]},{\"@type\":\"BreadcrumbList\",\"@id\":\"https:\/\/www.roovi.ro\/puzzle-adulti-1000-piese-kurti-andrea-anotimpuri-iarna\/p\/#breadcrumb\",\"itemListElement\":[{\"@type\":\"ListItem\",\"position\":1,\"name\":\"Home\",\"item\":\"https:\/\/business.roovi.com\/ro\/\"},{\"@type\":\"ListItem\",\"position\":2,\"name\":\"Magazin\",\"item\":\"https:\/\/business.roovi.com\/ro\/magazin\/\"},{\"@type\":\"ListItem\",\"position\":3,\"name\":\"Puzzle adul\u021bi 1000 piese K\u00fcrti Andrea &#8211; Anotimpuri &#8211; Iarna\"}]},{\"@type\":\"WebSite\",\"@id\":\"https:\/\/business.roovi.com\/ro\/#website\",\"url\":\"https:\/\/business.roovi.com\/ro\/\",\"name\":\"Roovi B2B\",\"description\":\"Roovi Business Website\",\"potentialAction\":[{\"@type\":\"SearchAction\",\"target\":{\"@type\":\"EntryPoint\",\"urlTemplate\":\"https:\/\/business.roovi.com\/ro\/?s={search_term_string}\"},\"query-input\":\"required name=search_term_string\"}],\"inLanguage\":\"ro-RO\"}]}<\/script>\n<!-- \/ Yoast SEO plugin. -->","yoast_head_json":{"title":"Puzzle adul\u021bi 1000 piese K\u00fcrti Andrea - Anotimpuri - Iarna - Roovi B2B","robots":{"index":"index","follow":"follow","max-snippet":"max-snippet:-1","max-image-preview":"max-image-preview:large","max-video-preview":"max-video-preview:-1"},"canonical":"https:\/\/www.roovi.ro\/puzzle-adulti-1000-piese-kurti-andrea-anotimpuri-iarna\/p\/","og_locale":"ro_RO","og_type":"article","og_title":"Puzzle adul\u021bi 1000 piese K\u00fcrti Andrea - Anotimpuri - Iarna - Roovi B2B","og_description":"Iarna \u0219i-a pus haine groase, p\u0103l\u0103rie cu bor larg \u0219i s-a a\u0219ezat maiestuoas\u0103 \u00eentr-o ilustra\u021bie din puzzle 1000 piese! Vrei","og_url":"https:\/\/www.roovi.ro\/puzzle-adulti-1000-piese-kurti-andrea-anotimpuri-iarna\/p\/","og_site_name":"Roovi B2B","article_publisher":"https:\/\/www.facebook.com\/wwwjucariero","article_modified_time":"2025-03-14T12:18:08+00:00","og_image":[{"width":1200,"height":1200,"url":"https:\/\/business.roovi.com\/wp-content\/uploads\/2018\/04\/74102-04_ansamblu_dimensiuni_cutie_cm_vertical_1200x1200.png","type":"image\/png"}],"twitter_misc":{"Timp estimat pentru citire":"3 minute"},"schema":{"@context":"https:\/\/schema.org","@graph":[{"@type":"WebPage","@id":"https:\/\/business.roovi.com\/ro\/puzzle-adulti-1000-piese-kurti-andrea-anotimpuri-iarna\/p\/","url":"https:\/\/www.roovi.ro\/puzzle-adulti-1000-piese-kurti-andrea-anotimpuri-iarna\/p\/","name":"Puzzle adul\u021bi 1000 piese K\u00fcrti Andrea - Anotimpuri - Iarna - Roovi B2B","isPartOf":{"@id":"https:\/\/business.roovi.com\/ro\/#website"},"datePublished":"2018-04-16T10:56:17+00:00","dateModified":"2025-03-14T12:18:08+00:00","breadcrumb":{"@id":"https:\/\/www.roovi.ro\/puzzle-adulti-1000-piese-kurti-andrea-anotimpuri-iarna\/p\/#breadcrumb"},"inLanguage":"ro-RO","potentialAction":[{"@type":"ReadAction","target":["https:\/\/www.roovi.ro\/puzzle-adulti-1000-piese-kurti-andrea-anotimpuri-iarna\/p\/"]}]},{"@type":"BreadcrumbList","@id":"https:\/\/www.roovi.ro\/puzzle-adulti-1000-piese-kurti-andrea-anotimpuri-iarna\/p\/#breadcrumb","itemListElement":[{"@type":"ListItem","position":1,"name":"Home","item":"https:\/\/business.roovi.com\/ro\/"},{"@type":"ListItem","position":2,"name":"Magazin","item":"https:\/\/business.roovi.com\/ro\/magazin\/"},{"@type":"ListItem","position":3,"name":"Puzzle adul\u021bi 1000 piese K\u00fcrti Andrea &#8211; Anotimpuri &#8211; Iarna"}]},{"@type":"WebSite","@id":"https:\/\/business.roovi.com\/ro\/#website","url":"https:\/\/business.roovi.com\/ro\/","name":"Roovi B2B","description":"Roovi Business Website","potentialAction":[{"@type":"SearchAction","target":{"@type":"EntryPoint","urlTemplate":"https:\/\/business.roovi.com\/ro\/?s={search_term_string}"},"query-input":"required name=search_term_string"}],"inLanguage":"ro-RO"}]}},"_links":{"self":[{"href":"https:\/\/business.roovi.com\/ro\/wp-json\/wp\/v2\/product\/18370","targetHints":{"allow":["GET"]}}],"collection":[{"href":"https:\/\/business.roovi.com\/ro\/wp-json\/wp\/v2\/product"}],"about":[{"href":"https:\/\/business.roovi.com\/ro\/wp-json\/wp\/v2\/types\/product"}],"version-history":[{"count":0,"href":"https:\/\/business.roovi.com\/ro\/wp-json\/wp\/v2\/product\/18370\/revisions"}],"wp:featuredmedia":[{"embeddable":true,"href":"https:\/\/business.roovi.com\/ro\/wp-json\/wp\/v2\/media\/18356"}],"wp:attachment":[{"href":"https:\/\/business.roovi.com\/ro\/wp-json\/wp\/v2\/media?parent=18370"}],"wp:term":[{"taxonomy":"product_brand","embeddable":true,"href":"https:\/\/business.roovi.com\/ro\/wp-json\/wp\/v2\/product_brand?post=18370"},{"taxonomy":"product_cat","embeddable":true,"href":"https:\/\/business.roovi.com\/ro\/wp-json\/wp\/v2\/product_cat?post=18370"},{"taxonomy":"product_tag","embeddable":true,"href":"https:\/\/business.roovi.com\/ro\/wp-json\/wp\/v2\/product_tag?post=18370"}],"curies":[{"name":"wp","href":"https:\/\/api.w.org\/{rel}","templated":true}]}}