{"id":18383,"date":"2018-04-16T10:56:17","date_gmt":"2018-04-16T10:56:17","guid":{"rendered":"https:\/\/business.roovi.com\/product\/3-puzzle-basme-cutie-mare-1\/"},"modified":"2025-03-18T11:01:36","modified_gmt":"2025-03-18T11:01:36","slug":"3-puzzle-copii-basme","status":"publish","type":"product","link":"https:\/\/business.roovi.com\/ro\/3-puzzle-copii-basme\/p\/","title":{"rendered":"3 puzzles cu Scufi\u021ba Ro\u0219ie, Pinocchio \u0219i Alb\u0103 ca Z\u0103pada &#8211; 6, 9 \u0219i 16 piese"},"content":{"rendered":"<p><span style=\"font-weight: 400;\">Copiii descoper\u0103 lumea prin Basme \u0219i prin joac\u0103. \u0218i ce poate fi mai amuzant dec\u00e2t s\u0103 reconstrui\u021bi \u00eempreun\u0103 pove\u0219tile copil\u0103riei, pies\u0103 cu pies\u0103, sub form\u0103 de puzzle?<\/span><\/p>\n<p><span style=\"font-weight: 400;\">Descoper\u0103 un set de puzzle copii ce te ajut\u0103 s\u0103 \u00eei spui copilului t\u0103u basme \u00eentr-o manier\u0103 amuzant\u0103, care s\u0103-l \u021bin\u0103 \u0219i pe el implicat \u0219i atent, \u0219i chiar s\u0103 inventeze ac\u021biuni noi pentru pove\u0219tile clasice.<\/span><\/p>\n<p><span style=\"font-weight: 400;\">Setul de puzzle cu Basme pentru copii ilustreaz\u0103 trei pove\u0219ti \u00eendr\u0103gite \u0219i foarte cunoscute, cum este Scufi\u021ba Ro\u0219ie, Pinocchio \u0219i Alba c\u0103 z\u0103pada.<\/span><\/p>\n<h2><span style=\"font-weight: 400;\">De ce s\u0103 alegi un puzzle copii cu Basme<\/span><\/h2>\n<p><span style=\"font-weight: 400;\">Descoperi o modalitate nou\u0103 de a-i captiva pe copii cu pove\u0219tile clasice.<\/span><\/p>\n<p><span style=\"font-weight: 400;\">\u00cei implici \u00een crearea propriei pove\u0219ti, la care pot ad\u0103uga detalii rupte din propria lor imagina\u021bie.<\/span><\/p>\n<p><span style=\"font-weight: 400;\">Pute\u021bi discuta pe tema ac\u021biunii pove\u0219tilor, transpun\u00e2nd-o \u00een realitate, cu scopul de a oferi o lec\u021bie educativ\u0103 copiilor. De ce nu este bine sa ascul\u021bi de str\u0103ini? Ce se \u00eent\u00e2mpl\u0103 dac\u0103 min\u021bi?<\/span><\/p>\n<p><span style=\"font-weight: 400;\">Puzzle-ul ajut\u0103 la dezvoltarea motricit\u0103\u021bii fine \u0219i a \u00eendem\u00e2n\u0103rii.<\/span><\/p>\n<p><span style=\"font-weight: 400;\">Stimuleaz\u0103 concentrarea si atentia la detalii.<\/span><\/p>\n<p><span style=\"font-weight: 400;\">Este un joc minunat pentru a destinde atmosfera \u0219i a te conecta cu copilul \u00eenainte de culcare sau \u00een zilele reci \u0219i ploioase, c\u00e2nd nu pute\u021bi ie\u0219i afar\u0103.<\/span><\/p>\n<h2><span style=\"font-weight: 400;\">Descoper\u0103 un set de 3 puzzle copii cu Basme<\/span><\/h2>\n<p><span style=\"font-weight: 400;\">Puzzle-ul este realizat din carton de foarte bun\u0103 calitate, gros \u0219i rezistent la folosire \u00eendelungat\u0103. Piesele sunt suficient de mari pentru m\u00e2inile mici ale copiilor \u0219i pot fi u\u0219or apucate \u0219i potrivite pe forma corect\u0103.\u00a0<\/span><\/p>\n<p><span style=\"font-weight: 400;\">Copiii ador\u0103 imaginile frumoase \u0219i vesele, culorile vii \u0219i personajele expresive.\u00a0<\/span><\/p>\n<p><span style=\"font-weight: 400;\">Un puzzle copii este mai mult dec\u00e2t un joc. Este o metod\u0103 de a \u00eembina joaca cu stimularea dezvolt\u0103rii cerebrale \u0219i a numeroaselor abilit\u0103\u021bi pe care cel mic le va folosi pentru o cre\u0219tere armonioas\u0103 \u0219i independen\u021b\u0103 \u00een ac\u021biunile proprii.\u00a0<\/span><\/p>\n<p><span style=\"font-weight: 400;\">Setul con\u021bine trei puzzle-uri de dimensiuni diferite, cu <\/span><span style=\"font-weight: 400;\">6, 9 \u0219i 16 piese.<\/span><\/p>\n<p><span style=\"font-weight: 400;\">Alege s\u0103-i oferi copilului t\u0103u o modalitate amuzant\u0103 \u0219i inedit\u0103 prin care s\u0103 \u00eenve\u021be despre Basmele clasice ale copil\u0103riei.\u00a0<\/span><\/p>\n<p><span style=\"font-weight: 400;\">Sau poate e\u0219ti \u00een c\u0103utarea unui cadou iste\u021b pentru un copil curios? Un puzzle \u00eentrune\u0219te mai multe calit\u0103\u021bi: este captivant, amuzant \u0219i educativ \u00een acela\u0219i timp. \u00cen plus, stimuleaz\u0103 dezvoltarea memoriei \u0219i uneori chiar provoac\u0103 dependen\u021b\u0103 :).<\/span><\/p>\n","protected":false},"excerpt":{"rendered":"<p>Copiii descoper\u0103 lumea prin Basme \u0219i prin joac\u0103. \u0218i ce poate fi mai amuzant dec\u00e2t s\u0103 reconstrui\u021bi \u00eempreun\u0103 pove\u0219tile copil\u0103riei,<\/p>\n","protected":false},"featured_media":18379,"template":"","meta":[],"product_brand":[],"product_cat":[1454,1482,1556],"product_tag":[],"class_list":{"0":"post-18383","1":"product","2":"type-product","3":"status-publish","4":"has-post-thumbnail","6":"product_cat-puzzle","7":"product_cat-puzzle-copii","8":"product_cat-puzzle-copii-sub-50-piese","9":"pa_bax-1307","10":"pa_brand-deico","11":"pa_country_of_manufacture-ro","12":"pa_filter_age-3_5","13":"pa_filter_age-5_7","14":"pa_tip_ambalaj-cutie","15":"pa_tip_puzzle-set_uripuzzle","17":"first","18":"instock","19":"taxable","20":"shipping-taxable","21":"product-type-simple"},"yoast_head":"<!-- This site is optimized with the Yoast SEO plugin v20.1 - https:\/\/yoast.com\/wordpress\/plugins\/seo\/ -->\n<title>3 puzzles cu Scufi\u021ba Ro\u0219ie, Pinocchio \u0219i Alb\u0103 ca Z\u0103pada - 6, 9 \u0219i 16 piese - Roovi B2B<\/title>\n<meta name=\"robots\" content=\"index, follow, max-snippet:-1, max-image-preview:large, max-video-preview:-1\" \/>\n<link rel=\"canonical\" href=\"https:\/\/www.roovi.ro\/3-puzzle-copii-basme\/p\/\" \/>\n<meta property=\"og:locale\" content=\"ro_RO\" \/>\n<meta property=\"og:type\" content=\"article\" \/>\n<meta property=\"og:title\" content=\"3 puzzles cu Scufi\u021ba Ro\u0219ie, Pinocchio \u0219i Alb\u0103 ca Z\u0103pada - 6, 9 \u0219i 16 piese - Roovi B2B\" \/>\n<meta property=\"og:description\" content=\"Copiii descoper\u0103 lumea prin Basme \u0219i prin joac\u0103. \u0218i ce poate fi mai amuzant dec\u00e2t s\u0103 reconstrui\u021bi \u00eempreun\u0103 pove\u0219tile copil\u0103riei,\" \/>\n<meta property=\"og:url\" content=\"https:\/\/www.roovi.ro\/3-puzzle-copii-basme\/p\/\" \/>\n<meta property=\"og:site_name\" content=\"Roovi B2B\" \/>\n<meta property=\"article:publisher\" content=\"https:\/\/www.facebook.com\/wwwjucariero\" \/>\n<meta property=\"article:modified_time\" content=\"2025-03-18T11:01:36+00:00\" \/>\n<meta property=\"og:image\" content=\"https:\/\/business.roovi.com\/wp-content\/uploads\/2018\/04\/63717_01.jpg\" \/>\n\t<meta property=\"og:image:width\" content=\"1200\" \/>\n\t<meta property=\"og:image:height\" content=\"1200\" \/>\n\t<meta property=\"og:image:type\" content=\"image\/jpeg\" \/>\n<meta name=\"twitter:label1\" content=\"Timp estimat pentru citire\" \/>\n\t<meta name=\"twitter:data1\" content=\"2 minute\" \/>\n<script type=\"application\/ld+json\" class=\"yoast-schema-graph\">{\"@context\":\"https:\/\/schema.org\",\"@graph\":[{\"@type\":\"WebPage\",\"@id\":\"https:\/\/business.roovi.com\/ro\/3-puzzle-copii-basme\/p\/\",\"url\":\"https:\/\/www.roovi.ro\/3-puzzle-copii-basme\/p\/\",\"name\":\"3 puzzles cu Scufi\u021ba Ro\u0219ie, Pinocchio \u0219i Alb\u0103 ca Z\u0103pada - 6, 9 \u0219i 16 piese - Roovi B2B\",\"isPartOf\":{\"@id\":\"https:\/\/business.roovi.com\/ro\/#website\"},\"datePublished\":\"2018-04-16T10:56:17+00:00\",\"dateModified\":\"2025-03-18T11:01:36+00:00\",\"breadcrumb\":{\"@id\":\"https:\/\/www.roovi.ro\/3-puzzle-copii-basme\/p\/#breadcrumb\"},\"inLanguage\":\"ro-RO\",\"potentialAction\":[{\"@type\":\"ReadAction\",\"target\":[\"https:\/\/www.roovi.ro\/3-puzzle-copii-basme\/p\/\"]}]},{\"@type\":\"BreadcrumbList\",\"@id\":\"https:\/\/www.roovi.ro\/3-puzzle-copii-basme\/p\/#breadcrumb\",\"itemListElement\":[{\"@type\":\"ListItem\",\"position\":1,\"name\":\"Home\",\"item\":\"https:\/\/business.roovi.com\/ro\/\"},{\"@type\":\"ListItem\",\"position\":2,\"name\":\"Magazin\",\"item\":\"https:\/\/business.roovi.com\/ro\/magazin\/\"},{\"@type\":\"ListItem\",\"position\":3,\"name\":\"3 puzzles cu Scufi\u021ba Ro\u0219ie, Pinocchio \u0219i Alb\u0103 ca Z\u0103pada &#8211; 6, 9 \u0219i 16 piese\"}]},{\"@type\":\"WebSite\",\"@id\":\"https:\/\/business.roovi.com\/ro\/#website\",\"url\":\"https:\/\/business.roovi.com\/ro\/\",\"name\":\"Roovi B2B\",\"description\":\"Roovi Business Website\",\"potentialAction\":[{\"@type\":\"SearchAction\",\"target\":{\"@type\":\"EntryPoint\",\"urlTemplate\":\"https:\/\/business.roovi.com\/ro\/?s={search_term_string}\"},\"query-input\":\"required name=search_term_string\"}],\"inLanguage\":\"ro-RO\"}]}<\/script>\n<!-- \/ Yoast SEO plugin. -->","yoast_head_json":{"title":"3 puzzles cu Scufi\u021ba Ro\u0219ie, Pinocchio \u0219i Alb\u0103 ca Z\u0103pada - 6, 9 \u0219i 16 piese - Roovi B2B","robots":{"index":"index","follow":"follow","max-snippet":"max-snippet:-1","max-image-preview":"max-image-preview:large","max-video-preview":"max-video-preview:-1"},"canonical":"https:\/\/www.roovi.ro\/3-puzzle-copii-basme\/p\/","og_locale":"ro_RO","og_type":"article","og_title":"3 puzzles cu Scufi\u021ba Ro\u0219ie, Pinocchio \u0219i Alb\u0103 ca Z\u0103pada - 6, 9 \u0219i 16 piese - Roovi B2B","og_description":"Copiii descoper\u0103 lumea prin Basme \u0219i prin joac\u0103. \u0218i ce poate fi mai amuzant dec\u00e2t s\u0103 reconstrui\u021bi \u00eempreun\u0103 pove\u0219tile copil\u0103riei,","og_url":"https:\/\/www.roovi.ro\/3-puzzle-copii-basme\/p\/","og_site_name":"Roovi B2B","article_publisher":"https:\/\/www.facebook.com\/wwwjucariero","article_modified_time":"2025-03-18T11:01:36+00:00","og_image":[{"width":1200,"height":1200,"url":"https:\/\/business.roovi.com\/wp-content\/uploads\/2018\/04\/63717_01.jpg","type":"image\/jpeg"}],"twitter_misc":{"Timp estimat pentru citire":"2 minute"},"schema":{"@context":"https:\/\/schema.org","@graph":[{"@type":"WebPage","@id":"https:\/\/business.roovi.com\/ro\/3-puzzle-copii-basme\/p\/","url":"https:\/\/www.roovi.ro\/3-puzzle-copii-basme\/p\/","name":"3 puzzles cu Scufi\u021ba Ro\u0219ie, Pinocchio \u0219i Alb\u0103 ca Z\u0103pada - 6, 9 \u0219i 16 piese - Roovi B2B","isPartOf":{"@id":"https:\/\/business.roovi.com\/ro\/#website"},"datePublished":"2018-04-16T10:56:17+00:00","dateModified":"2025-03-18T11:01:36+00:00","breadcrumb":{"@id":"https:\/\/www.roovi.ro\/3-puzzle-copii-basme\/p\/#breadcrumb"},"inLanguage":"ro-RO","potentialAction":[{"@type":"ReadAction","target":["https:\/\/www.roovi.ro\/3-puzzle-copii-basme\/p\/"]}]},{"@type":"BreadcrumbList","@id":"https:\/\/www.roovi.ro\/3-puzzle-copii-basme\/p\/#breadcrumb","itemListElement":[{"@type":"ListItem","position":1,"name":"Home","item":"https:\/\/business.roovi.com\/ro\/"},{"@type":"ListItem","position":2,"name":"Magazin","item":"https:\/\/business.roovi.com\/ro\/magazin\/"},{"@type":"ListItem","position":3,"name":"3 puzzles cu Scufi\u021ba Ro\u0219ie, Pinocchio \u0219i Alb\u0103 ca Z\u0103pada &#8211; 6, 9 \u0219i 16 piese"}]},{"@type":"WebSite","@id":"https:\/\/business.roovi.com\/ro\/#website","url":"https:\/\/business.roovi.com\/ro\/","name":"Roovi B2B","description":"Roovi Business Website","potentialAction":[{"@type":"SearchAction","target":{"@type":"EntryPoint","urlTemplate":"https:\/\/business.roovi.com\/ro\/?s={search_term_string}"},"query-input":"required name=search_term_string"}],"inLanguage":"ro-RO"}]}},"_links":{"self":[{"href":"https:\/\/business.roovi.com\/ro\/wp-json\/wp\/v2\/product\/18383","targetHints":{"allow":["GET"]}}],"collection":[{"href":"https:\/\/business.roovi.com\/ro\/wp-json\/wp\/v2\/product"}],"about":[{"href":"https:\/\/business.roovi.com\/ro\/wp-json\/wp\/v2\/types\/product"}],"version-history":[{"count":0,"href":"https:\/\/business.roovi.com\/ro\/wp-json\/wp\/v2\/product\/18383\/revisions"}],"wp:featuredmedia":[{"embeddable":true,"href":"https:\/\/business.roovi.com\/ro\/wp-json\/wp\/v2\/media\/18379"}],"wp:attachment":[{"href":"https:\/\/business.roovi.com\/ro\/wp-json\/wp\/v2\/media?parent=18383"}],"wp:term":[{"taxonomy":"product_brand","embeddable":true,"href":"https:\/\/business.roovi.com\/ro\/wp-json\/wp\/v2\/product_brand?post=18383"},{"taxonomy":"product_cat","embeddable":true,"href":"https:\/\/business.roovi.com\/ro\/wp-json\/wp\/v2\/product_cat?post=18383"},{"taxonomy":"product_tag","embeddable":true,"href":"https:\/\/business.roovi.com\/ro\/wp-json\/wp\/v2\/product_tag?post=18383"}],"curies":[{"name":"wp","href":"https:\/\/api.w.org\/{rel}","templated":true}]}}