{"id":18403,"date":"2018-04-16T10:56:17","date_gmt":"2018-04-16T10:56:17","guid":{"rendered":"https:\/\/business.roovi.com\/product\/puzzle-collection-basme-deico-games-1\/"},"modified":"2025-03-18T11:05:01","modified_gmt":"2025-03-18T11:05:01","slug":"puzzle-copii-collection-basme","status":"publish","type":"product","link":"https:\/\/business.roovi.com\/ro\/puzzle-copii-collection-basme\/p\/","title":{"rendered":"Colec\u021bie 4 puzzle-uri copii &#8211; Basme"},"content":{"rendered":"<p><span style=\"font-weight: 400;\">Ce \u00ee\u0219i doresc copiii c\u00e2nd le spui pove\u0219ti? S\u0103 fie chiar ei personaje, s\u0103 tr\u0103iasc\u0103 aventura \u0219i s\u0103 rescrie povestea, nu-i a\u0219a? Alteori, poate ar vrea s\u0103 fie ei povestitorii sau s\u0103 scrie basme \u00eentr-o carte magic\u0103 ce prinde via\u021b\u0103.<\/span><\/p>\n<p><span style=\"font-weight: 400;\">Oricum ar fi, \u00eencurajeaz\u0103-le imagina\u021bia \u0219i ajut\u0103-i s\u0103 rescrie pove\u0219tile a\u0219a cum \u00ee\u0219i doresc. Las\u0103-i s\u0103 fie ei povestitorii \u0219i s\u0103 rescrie povestea pies\u0103 cu pies\u0103, cu ajutorul unui puzzle de colec\u021bie.\u00a0<\/span><\/p>\n<p><span style=\"font-weight: 400;\">Alege o colec\u021bie de 4 puzzle-uri pline de via\u021b\u0103, cu scene rupte din pove\u0219tile clasice, pe care copiii le vor descoperi pe m\u0103sur\u0103 ce se apropie de final \u0219i reu\u0219esc s\u0103 asambleze imaginea.\u00a0<\/span><\/p>\n<p><span style=\"font-weight: 400;\">Preg\u0103te\u0219te-i s\u0103 porneasc\u0103 \u00een aventur\u0103 al\u0103turi de Hansel \u0219i Gretel sau s\u0103 porneasc\u0103 spre casa bunicii al\u0103turi de Scufi\u021ba Ro\u0219ie ori s\u0103 \u00een\u021beleag\u0103 valoarea prieteniei al\u0103turi de Alb\u0103 ca z\u0103pada \u0219i cei 7 pitici. Iar pentru micii n\u0103zdr\u0103vani, povestea celor 3 Purcelu\u0219i ar trebui s\u0103 fie o surs\u0103 de amuzament.\u00a0\u00a0<\/span><\/p>\n<h2><span style=\"font-weight: 400;\">De ce s\u0103 alegi un Puzzle copii Collection cu Basme<\/span><\/h2>\n<ul>\n<li><span style=\"font-weight: 400;\">\u00cei ajut\u0103 pe copii s\u0103-\u0219i dezvolte creativitatea.<\/span><\/li>\n<li><span style=\"font-weight: 400;\">Este o metoda distractiv\u0103 de a-\u0219i aminti scene din pove\u0219tile clasice sau de a se familiariza cu acestea.<\/span><\/li>\n<li><span style=\"font-weight: 400;\">Jocul de Puzzle este un bun antrenor al memoriei.<\/span><\/li>\n<li><span style=\"font-weight: 400;\">Ajut\u0103 la dezvoltarea \u00eendem\u00e2n\u0103rii.<\/span><\/li>\n<li><span style=\"font-weight: 400;\">Stimuleaz\u0103 \u0219i sus\u021bine concentrarea si atentia.<\/span><\/li>\n<li><span style=\"font-weight: 400;\">Este relaxant \u0219i deconectant.<\/span><\/li>\n<li><span style=\"font-weight: 400;\">Antreneaz\u0103 coordonarea motric\u0103 \u0219i dexteritatea.<\/span><\/li>\n<li><span style=\"font-weight: 400;\">Dezvolt\u0103 coordonarea senzorial\u0103.<\/span><\/li>\n<li><span style=\"font-weight: 400;\">Este un joc numai bun de luat \u00een c\u0103l\u0103toriile mai lungi, c\u00e2nd are nevoie de o ocupa\u021bie ca s\u0103 nu se plictiseasc\u0103.<\/span><\/li>\n<\/ul>\n<h2><span style=\"font-weight: 400;\">Descoper\u0103 o colec\u021bie fascinant\u0103 de 4 puzzle copii cu imagini vesele\u00a0<\/span><\/h2>\n<p><span style=\"font-weight: 400;\">Fiecare puzzle este realizat din carton gros, de foarte bun\u0103 calitate, astfel \u00eenc\u00e2t s\u0103 poat\u0103 fi utilizat de multe ori, f\u0103r\u0103 ca piesele s\u0103 se rup\u0103 sau s\u0103 \u00ee\u0219i piard\u0103 forma.\u00a0<\/span><\/p>\n<p><span style=\"font-weight: 400;\">Imaginile viu colorate \u00eenf\u0103\u021bi\u0219eaz\u0103 personaje \u00eendr\u0103gite din basmele clasice pentru copii, cu o grafic\u0103 atent creat\u0103, cu personaje simpatice \u0219i vesele, potrivite pentru cei mici.<\/span><\/p>\n<p><span style=\"font-weight: 400;\">Colec\u021bia de basme con\u021bine 4 puzzle copii ce ilustreaz\u0103 scene din basme celebre, cu grade de complexitate diferite, de 24 piese, 35 piese, 48 piese \u0219i 60 piese.<\/span><\/p>\n<p><span style=\"font-weight: 400;\">Piesele au dimensiuni \u0219i forme potrivite pentru copii, astfel \u00eenc\u00e2t s\u0103 le poat\u0103 prinde \u0219i pozi\u021biona cu u\u0219urin\u021b\u0103.<\/span><\/p>\n<p><span style=\"font-weight: 400;\">Copiii ador\u0103 s\u0103 construiasc\u0103 lucruri \u0219i sigur vor adora s\u0103 reconstruiasc\u0103 pove\u0219tile \u00eendr\u0103gite, pies\u0103 cu pies\u0103!<\/span><\/p>\n<p><span style=\"font-weight: 400;\">Dac\u0103 e\u0219ti \u00een c\u0103utarea unui joc care s\u0103 fie \u00een acela\u0219i timp creativ, activ, antrenant \u0219i distractiv, alege un puzzle copii Collection cu imagini din Basme.\u00a0\u00a0<\/span><\/p>\n","protected":false},"excerpt":{"rendered":"<p>Ce \u00ee\u0219i doresc copiii c\u00e2nd le spui pove\u0219ti? S\u0103 fie chiar ei personaje, s\u0103 tr\u0103iasc\u0103 aventura \u0219i s\u0103 rescrie povestea,<\/p>\n","protected":false},"featured_media":18399,"template":"","meta":[],"product_brand":[],"product_cat":[1454,1482,1559,1556],"product_tag":[],"class_list":{"0":"post-18403","1":"product","2":"type-product","3":"status-publish","4":"has-post-thumbnail","6":"product_cat-puzzle","7":"product_cat-puzzle-copii","8":"product_cat-puzzle-copii-50-100-piese","9":"product_cat-puzzle-copii-sub-50-piese","10":"pa_bax-1307","11":"pa_brand-deico","12":"pa_country_of_manufacture-ro","13":"pa_filter_age-3_5","14":"pa_filter_age-5_7","15":"pa_filter_age-7_9","16":"pa_tip_ambalaj-cutie","17":"pa_tip_puzzle-set_uripuzzle","19":"first","20":"instock","21":"taxable","22":"shipping-taxable","23":"product-type-simple"},"yoast_head":"<!-- This site is optimized with the Yoast SEO plugin v20.1 - https:\/\/yoast.com\/wordpress\/plugins\/seo\/ -->\n<title>Colec\u021bie 4 puzzle-uri copii - Basme - Roovi B2B<\/title>\n<meta name=\"robots\" content=\"index, follow, max-snippet:-1, max-image-preview:large, max-video-preview:-1\" \/>\n<link rel=\"canonical\" href=\"https:\/\/www.roovi.ro\/puzzle-copii-collection-basme\/p\/\" \/>\n<meta property=\"og:locale\" content=\"ro_RO\" \/>\n<meta property=\"og:type\" content=\"article\" \/>\n<meta property=\"og:title\" content=\"Colec\u021bie 4 puzzle-uri copii - Basme - Roovi B2B\" \/>\n<meta property=\"og:description\" content=\"Ce \u00ee\u0219i doresc copiii c\u00e2nd le spui pove\u0219ti? S\u0103 fie chiar ei personaje, s\u0103 tr\u0103iasc\u0103 aventura \u0219i s\u0103 rescrie povestea,\" \/>\n<meta property=\"og:url\" content=\"https:\/\/www.roovi.ro\/puzzle-copii-collection-basme\/p\/\" \/>\n<meta property=\"og:site_name\" content=\"Roovi B2B\" \/>\n<meta property=\"article:publisher\" content=\"https:\/\/www.facebook.com\/wwwjucariero\" \/>\n<meta property=\"article:modified_time\" content=\"2025-03-18T11:05:01+00:00\" \/>\n<meta property=\"og:image\" content=\"https:\/\/business.roovi.com\/wp-content\/uploads\/2018\/04\/65223_01.jpg\" \/>\n\t<meta property=\"og:image:width\" content=\"1200\" \/>\n\t<meta property=\"og:image:height\" content=\"1200\" \/>\n\t<meta property=\"og:image:type\" content=\"image\/jpeg\" \/>\n<meta name=\"twitter:label1\" content=\"Timp estimat pentru citire\" \/>\n\t<meta name=\"twitter:data1\" content=\"2 minute\" \/>\n<script type=\"application\/ld+json\" class=\"yoast-schema-graph\">{\"@context\":\"https:\/\/schema.org\",\"@graph\":[{\"@type\":\"WebPage\",\"@id\":\"https:\/\/business.roovi.com\/ro\/puzzle-copii-collection-basme\/p\/\",\"url\":\"https:\/\/www.roovi.ro\/puzzle-copii-collection-basme\/p\/\",\"name\":\"Colec\u021bie 4 puzzle-uri copii - Basme - Roovi B2B\",\"isPartOf\":{\"@id\":\"https:\/\/business.roovi.com\/ro\/#website\"},\"datePublished\":\"2018-04-16T10:56:17+00:00\",\"dateModified\":\"2025-03-18T11:05:01+00:00\",\"breadcrumb\":{\"@id\":\"https:\/\/www.roovi.ro\/puzzle-copii-collection-basme\/p\/#breadcrumb\"},\"inLanguage\":\"ro-RO\",\"potentialAction\":[{\"@type\":\"ReadAction\",\"target\":[\"https:\/\/www.roovi.ro\/puzzle-copii-collection-basme\/p\/\"]}]},{\"@type\":\"BreadcrumbList\",\"@id\":\"https:\/\/www.roovi.ro\/puzzle-copii-collection-basme\/p\/#breadcrumb\",\"itemListElement\":[{\"@type\":\"ListItem\",\"position\":1,\"name\":\"Home\",\"item\":\"https:\/\/business.roovi.com\/ro\/\"},{\"@type\":\"ListItem\",\"position\":2,\"name\":\"Magazin\",\"item\":\"https:\/\/business.roovi.com\/ro\/magazin\/\"},{\"@type\":\"ListItem\",\"position\":3,\"name\":\"Colec\u021bie 4 puzzle-uri copii &#8211; Basme\"}]},{\"@type\":\"WebSite\",\"@id\":\"https:\/\/business.roovi.com\/ro\/#website\",\"url\":\"https:\/\/business.roovi.com\/ro\/\",\"name\":\"Roovi B2B\",\"description\":\"Roovi Business Website\",\"potentialAction\":[{\"@type\":\"SearchAction\",\"target\":{\"@type\":\"EntryPoint\",\"urlTemplate\":\"https:\/\/business.roovi.com\/ro\/?s={search_term_string}\"},\"query-input\":\"required name=search_term_string\"}],\"inLanguage\":\"ro-RO\"}]}<\/script>\n<!-- \/ Yoast SEO plugin. -->","yoast_head_json":{"title":"Colec\u021bie 4 puzzle-uri copii - Basme - Roovi B2B","robots":{"index":"index","follow":"follow","max-snippet":"max-snippet:-1","max-image-preview":"max-image-preview:large","max-video-preview":"max-video-preview:-1"},"canonical":"https:\/\/www.roovi.ro\/puzzle-copii-collection-basme\/p\/","og_locale":"ro_RO","og_type":"article","og_title":"Colec\u021bie 4 puzzle-uri copii - Basme - Roovi B2B","og_description":"Ce \u00ee\u0219i doresc copiii c\u00e2nd le spui pove\u0219ti? S\u0103 fie chiar ei personaje, s\u0103 tr\u0103iasc\u0103 aventura \u0219i s\u0103 rescrie povestea,","og_url":"https:\/\/www.roovi.ro\/puzzle-copii-collection-basme\/p\/","og_site_name":"Roovi B2B","article_publisher":"https:\/\/www.facebook.com\/wwwjucariero","article_modified_time":"2025-03-18T11:05:01+00:00","og_image":[{"width":1200,"height":1200,"url":"https:\/\/business.roovi.com\/wp-content\/uploads\/2018\/04\/65223_01.jpg","type":"image\/jpeg"}],"twitter_misc":{"Timp estimat pentru citire":"2 minute"},"schema":{"@context":"https:\/\/schema.org","@graph":[{"@type":"WebPage","@id":"https:\/\/business.roovi.com\/ro\/puzzle-copii-collection-basme\/p\/","url":"https:\/\/www.roovi.ro\/puzzle-copii-collection-basme\/p\/","name":"Colec\u021bie 4 puzzle-uri copii - Basme - Roovi B2B","isPartOf":{"@id":"https:\/\/business.roovi.com\/ro\/#website"},"datePublished":"2018-04-16T10:56:17+00:00","dateModified":"2025-03-18T11:05:01+00:00","breadcrumb":{"@id":"https:\/\/www.roovi.ro\/puzzle-copii-collection-basme\/p\/#breadcrumb"},"inLanguage":"ro-RO","potentialAction":[{"@type":"ReadAction","target":["https:\/\/www.roovi.ro\/puzzle-copii-collection-basme\/p\/"]}]},{"@type":"BreadcrumbList","@id":"https:\/\/www.roovi.ro\/puzzle-copii-collection-basme\/p\/#breadcrumb","itemListElement":[{"@type":"ListItem","position":1,"name":"Home","item":"https:\/\/business.roovi.com\/ro\/"},{"@type":"ListItem","position":2,"name":"Magazin","item":"https:\/\/business.roovi.com\/ro\/magazin\/"},{"@type":"ListItem","position":3,"name":"Colec\u021bie 4 puzzle-uri copii &#8211; Basme"}]},{"@type":"WebSite","@id":"https:\/\/business.roovi.com\/ro\/#website","url":"https:\/\/business.roovi.com\/ro\/","name":"Roovi B2B","description":"Roovi Business Website","potentialAction":[{"@type":"SearchAction","target":{"@type":"EntryPoint","urlTemplate":"https:\/\/business.roovi.com\/ro\/?s={search_term_string}"},"query-input":"required name=search_term_string"}],"inLanguage":"ro-RO"}]}},"_links":{"self":[{"href":"https:\/\/business.roovi.com\/ro\/wp-json\/wp\/v2\/product\/18403","targetHints":{"allow":["GET"]}}],"collection":[{"href":"https:\/\/business.roovi.com\/ro\/wp-json\/wp\/v2\/product"}],"about":[{"href":"https:\/\/business.roovi.com\/ro\/wp-json\/wp\/v2\/types\/product"}],"version-history":[{"count":0,"href":"https:\/\/business.roovi.com\/ro\/wp-json\/wp\/v2\/product\/18403\/revisions"}],"wp:featuredmedia":[{"embeddable":true,"href":"https:\/\/business.roovi.com\/ro\/wp-json\/wp\/v2\/media\/18399"}],"wp:attachment":[{"href":"https:\/\/business.roovi.com\/ro\/wp-json\/wp\/v2\/media?parent=18403"}],"wp:term":[{"taxonomy":"product_brand","embeddable":true,"href":"https:\/\/business.roovi.com\/ro\/wp-json\/wp\/v2\/product_brand?post=18403"},{"taxonomy":"product_cat","embeddable":true,"href":"https:\/\/business.roovi.com\/ro\/wp-json\/wp\/v2\/product_cat?post=18403"},{"taxonomy":"product_tag","embeddable":true,"href":"https:\/\/business.roovi.com\/ro\/wp-json\/wp\/v2\/product_tag?post=18403"}],"curies":[{"name":"wp","href":"https:\/\/api.w.org\/{rel}","templated":true}]}}