{"id":18521,"date":"2018-04-16T10:56:17","date_gmt":"2018-04-16T10:56:17","guid":{"rendered":"https:\/\/business.roovi.com\/product\/mini-puzzle-grigorescu-car-cu-boi-500-piese\/"},"modified":"2023-03-20T22:19:30","modified_gmt":"2023-03-20T22:19:30","slug":"mini-puzzle-grigorescu-car-cu-boi-500-piese","status":"publish","type":"product","link":"https:\/\/business.roovi.com\/ro\/mini-puzzle-grigorescu-car-cu-boi-500-piese\/p\/","title":{"rendered":"Mini puzzle 500 piese &#8211; Grigorescu &#8211; Carul cu boi"},"content":{"rendered":"<h3><span style=\"font-weight: 400;\">Iube\u0219ti deopotriv\u0103 arta rom\u00e2neasc\u0103 \u0219i jocurile puzzle? Alege Mini Puzzle Grigorescu &#8211; Carul cu boi \u0219i creeaz\u0103-\u021bi un tablou minunat asambl\u00e2nd 500 de piese de puzzle.<\/span><\/h3>\n<p><span style=\"font-weight: 400;\">Jocurile puzzle sunt o provocare relaxant\u0103 pentru min\u021bile creative, dornice de provoc\u0103ri. Un puzzle de art\u0103 este mai mult dec\u00e2t relaxare. Este prilej de conectare la vibra\u021bia culorii, la calmul \u0219i energia superioar\u0103.<\/span><\/p>\n<p><span style=\"font-weight: 400;\">Mini Puzzle 500 Grigorescu &#8211; Carul cu boi este o reprezentare de excep\u021bie a unei dintre cele mai reprezentative lucr\u0103ri ale marelui pictor rom\u00e2n. Grigorescu era pasionat de pictura \u00een aer liber \u0219i a transpus \u00een pictura Carul cu boi frumuse\u021bea lumii rurale tradi\u021bionale.\u00a0<\/span><\/p>\n<p><span style=\"font-weight: 400;\">Un tablou luminos, \u00een care predomin\u0103 nuan\u021bele de verde, cu tonalit\u0103\u021bi slabe de galben \u0219i alb ce zugr\u0103vesc o lume perfect\u0103, \u00een care omul vie\u021buie\u0219te \u00een armonie deplin\u0103 cu natura.<\/span><\/p>\n<p><span style=\"font-weight: 400;\">Alege Puzzle 500 Grigorescu &#8211; Carul cu boi ca activitate deconectant\u0103 pentru timpul liber. Vei realiza o copie fidel\u0103 a celebrului tablou rom\u00e2nesc \u0219i \u00ee\u021bi te vei pune \u00een armonie cu tine \u00eensu\u021bi.\u00a0<\/span><\/p>\n<h3><span style=\"font-weight: 400;\">De ce s\u0103 alegi Mini Puzzle 500 piese &#8211;<\/span> <span style=\"font-weight: 400;\">Grigorescu &#8211; Carul cu boi<\/span><\/h3>\n<ul>\n<li style=\"font-weight: 400;\" aria-level=\"1\"><span style=\"font-weight: 400;\">Este produs din carton gros, de calitatea superioar\u0103 care \u00eei asigur\u0103 rezisten\u021b\u0103 sporit\u0103. Puzzle-ul poate fi asamblat de mai multe ori f\u0103r\u0103 ca piesele s\u0103 se deterioreze sau poate fi \u00eenr\u0103mat \u0219i p\u0103strat ca tablou decorativ, piesele \u00eembin\u00e2ndu-se perfect.<\/span><\/li>\n<li style=\"font-weight: 400;\" aria-level=\"1\"><span style=\"font-weight: 400;\">Tabloul rezultat are dimensiunile de <\/span><b>48 x 34 cm <\/b><span style=\"font-weight: 400;\">\u0219i poate fi un obiect de decor discret \u0219i rafinat pentru casa ta.<\/span><\/li>\n<li style=\"font-weight: 400;\" aria-level=\"1\"><span style=\"font-weight: 400;\">Finisajul este semi-lucios, \u00een culori vii ce imit\u0103 perfect opera original\u0103 \u0219i transmit sensibilitatea capodoperei.<\/span><\/li>\n<li style=\"font-weight: 400;\" aria-level=\"1\"><span style=\"font-weight: 400;\">Are o folie antireflex pentru ca asamblarea s\u0103 fie c\u00e2t mai u\u0219oar\u0103 \u0219i nederanjant\u0103 pentru ochi.<\/span><\/li>\n<li style=\"font-weight: 400;\" aria-level=\"1\"><span style=\"font-weight: 400;\">Materialele din care este produs sunt prietenoase cu mediul, fiind reciclabile \u0219i sustenabile.<\/span><\/li>\n<li style=\"font-weight: 400;\" aria-level=\"1\"><span style=\"font-weight: 400;\">Este o modalitate inedit\u0103 pentru a descoperi arta rom\u00e2neasc\u0103 al\u0103turi de copii \u0219i de a le povesti acestora despre via\u021ba \u0219i opera marelui artist.<\/span><\/li>\n<li style=\"font-weight: 400;\" aria-level=\"1\"><span style=\"font-weight: 400;\">Creeaz\u0103 premisele ideale pentru relaxare \u00een intimitate, atunci c\u00e2nd vrei s\u0103 \u00ee\u021bi ascul\u021bi g\u00e2ndurile sau al\u0103turi de partenerul de via\u021b\u0103 sau de copii, c\u00e2nd \u00ee\u021bi dore\u0219ti conectare cu cei dragi.<\/span><\/li>\n<\/ul>\n<h3><span style=\"font-weight: 400;\">\u00a0<\/span><span style=\"font-weight: 400;\">\u0218tiai c\u0103\u2026<\/span><\/h3>\n<ul>\n<li style=\"font-weight: 400;\" aria-level=\"1\"><span style=\"font-weight: 400;\">Nicolae Grigorescu este unul dintre \u00eentemeietorii picturii rom\u00e2ne moderne.\u00a0<\/span><\/li>\n<li style=\"font-weight: 400;\" aria-level=\"1\"><span style=\"font-weight: 400;\">Pictorul rom\u00e2n s-a bucurat de succes \u00een timpul vie\u021bii, operele sale fiind cump\u0103rate imediat ce erau expuse la vernisaje.<\/span><\/li>\n<li style=\"font-weight: 400;\" aria-level=\"1\"><span style=\"font-weight: 400;\">A realizat icoane \u0219i picturi murale pentru mai multe biserici \u0219i m\u0103n\u0103stiri de la noi,: Agapia, Zamfira, C\u0103ld\u0103ru\u0219ani.<\/span><\/li>\n<li style=\"font-weight: 400;\" aria-level=\"1\"><span style=\"font-weight: 400;\">A participat la R\u0103zboiul de Independen\u021b\u0103 (1877-1878), realiz\u00e2nd pe front o serie de schi\u021be \u0219i desene care au stat la baza unor lucr\u0103ri importante de mai t\u00e2rziu.<\/span><\/li>\n<li style=\"font-weight: 400;\" aria-level=\"1\"><span style=\"font-weight: 400;\">Se \u0219tiu pu\u021bine lucruri despre pictura <\/span><b>Carul cu boi<\/b><span style=\"font-weight: 400;\">, dar tema aceasta a fost preferat\u0103 de marele pictor care a eviden\u021biat-o \u00een 300 de reprezent\u0103ri sub diferite forme.<\/span><\/li>\n<li style=\"font-weight: 400;\" aria-level=\"1\"><span style=\"font-weight: 400;\">\u00cen 2010, tabloul Carul cu boi s-a v\u00e2ndut la o licita\u021bie din Bucure\u0219ti la pre\u021bul de 155.000 euro.<\/span><\/li>\n<\/ul>\n<p><span style=\"font-weight: 400;\">Un puzzle de art\u0103 cu 500 de piese\u00a0 \u00eembin\u0103 toate avantajele pe care le ofer\u0103 jocurile puzzle cu bucuria nepre\u021buit\u0103 de a de\u021bine o capodoper\u0103 consacrat\u0103. \u00cen plus, este mult mai u\u0219or de f\u0103cut dec\u00e2t un puzzle complex de 1000 sau 2000 de piese \u0219i poate fi un start bun pentru cei care \u00ee\u0219i doresc s\u0103 \u00ee\u0219i dezvolte abilit\u0103\u021bile de asamblare.<\/span><\/p>\n<p><span style=\"font-weight: 400;\">Alege a\u0219adar Mini Puzzle 500: Grigorescu &#8211; Carul cu boi pentru a petrece c\u00e2t mai mult timp creativ \u0219i relaxant. Iar dac\u0103 vrei s\u0103 surprinzi pl\u0103cut un pasionat de art\u0103, Mini Puzzle 500: Grigorescu &#8211; Carul cu boi va fi cu siguran\u021b\u0103 un cadou extrem de apreciat.<\/span><\/p>\n","protected":false},"excerpt":{"rendered":"<p>Iube\u0219ti deopotriv\u0103 arta rom\u00e2neasc\u0103 \u0219i jocurile puzzle? Alege Mini Puzzle Grigorescu &#8211; Carul cu boi \u0219i creeaz\u0103-\u021bi un tablou minunat<\/p>\n","protected":false},"featured_media":18517,"template":"","meta":[],"product_brand":[],"product_cat":[1454,1488,1555],"product_tag":[],"class_list":{"0":"post-18521","1":"product","2":"type-product","3":"status-publish","4":"has-post-thumbnail","6":"product_cat-puzzle","7":"product_cat-puzzle-adulti","8":"product_cat-puzzle-adulti-500","9":"pa_bax-1307","10":"pa_brand-deico","11":"pa_country_of_manufacture-ro","12":"pa_filter_age-1315","13":"pa_painter-nicolaegrigorescu","14":"pa_tip_ambalaj-cutie","15":"pa_tip_puzzle-clasic","17":"first","18":"instock","19":"taxable","20":"shipping-taxable","21":"product-type-simple"},"yoast_head":"<!-- This site is optimized with the Yoast SEO plugin v20.1 - https:\/\/yoast.com\/wordpress\/plugins\/seo\/ -->\n<title>Mini puzzle 500 piese - Grigorescu - Carul cu boi - Roovi B2B<\/title>\n<meta name=\"robots\" content=\"index, follow, max-snippet:-1, max-image-preview:large, max-video-preview:-1\" \/>\n<link rel=\"canonical\" href=\"https:\/\/www.roovi.ro\/mini-puzzle-grigorescu-car-cu-boi-500-piese\/p\/\" \/>\n<meta property=\"og:locale\" content=\"ro_RO\" \/>\n<meta property=\"og:type\" content=\"article\" \/>\n<meta property=\"og:title\" content=\"Mini puzzle 500 piese - Grigorescu - Carul cu boi - Roovi B2B\" \/>\n<meta property=\"og:description\" content=\"Iube\u0219ti deopotriv\u0103 arta rom\u00e2neasc\u0103 \u0219i jocurile puzzle? Alege Mini Puzzle Grigorescu &#8211; Carul cu boi \u0219i creeaz\u0103-\u021bi un tablou minunat\" \/>\n<meta property=\"og:url\" content=\"https:\/\/www.roovi.ro\/mini-puzzle-grigorescu-car-cu-boi-500-piese\/p\/\" \/>\n<meta property=\"og:site_name\" content=\"Roovi B2B\" \/>\n<meta property=\"article:publisher\" content=\"https:\/\/www.facebook.com\/wwwjucariero\" \/>\n<meta property=\"article:modified_time\" content=\"2023-03-20T22:19:30+00:00\" \/>\n<meta property=\"og:image\" content=\"https:\/\/business.roovi.com\/wp-content\/uploads\/2018\/04\/73327_01.jpg\" \/>\n\t<meta property=\"og:image:width\" content=\"1200\" \/>\n\t<meta property=\"og:image:height\" content=\"1200\" \/>\n\t<meta property=\"og:image:type\" content=\"image\/jpeg\" \/>\n<meta name=\"twitter:label1\" content=\"Timp estimat pentru citire\" \/>\n\t<meta name=\"twitter:data1\" content=\"4 minute\" \/>\n<script type=\"application\/ld+json\" class=\"yoast-schema-graph\">{\"@context\":\"https:\/\/schema.org\",\"@graph\":[{\"@type\":\"WebPage\",\"@id\":\"https:\/\/business.roovi.com\/ro\/mini-puzzle-grigorescu-car-cu-boi-500-piese\/p\/\",\"url\":\"https:\/\/www.roovi.ro\/mini-puzzle-grigorescu-car-cu-boi-500-piese\/p\/\",\"name\":\"Mini puzzle 500 piese - Grigorescu - Carul cu boi - Roovi B2B\",\"isPartOf\":{\"@id\":\"https:\/\/business.roovi.com\/ro\/#website\"},\"datePublished\":\"2018-04-16T10:56:17+00:00\",\"dateModified\":\"2023-03-20T22:19:30+00:00\",\"breadcrumb\":{\"@id\":\"https:\/\/www.roovi.ro\/mini-puzzle-grigorescu-car-cu-boi-500-piese\/p\/#breadcrumb\"},\"inLanguage\":\"ro-RO\",\"potentialAction\":[{\"@type\":\"ReadAction\",\"target\":[\"https:\/\/www.roovi.ro\/mini-puzzle-grigorescu-car-cu-boi-500-piese\/p\/\"]}]},{\"@type\":\"BreadcrumbList\",\"@id\":\"https:\/\/www.roovi.ro\/mini-puzzle-grigorescu-car-cu-boi-500-piese\/p\/#breadcrumb\",\"itemListElement\":[{\"@type\":\"ListItem\",\"position\":1,\"name\":\"Home\",\"item\":\"https:\/\/business.roovi.com\/ro\/\"},{\"@type\":\"ListItem\",\"position\":2,\"name\":\"Magazin\",\"item\":\"https:\/\/business.roovi.com\/ro\/magazin\/\"},{\"@type\":\"ListItem\",\"position\":3,\"name\":\"Mini puzzle 500 piese &#8211; Grigorescu &#8211; Carul cu boi\"}]},{\"@type\":\"WebSite\",\"@id\":\"https:\/\/business.roovi.com\/ro\/#website\",\"url\":\"https:\/\/business.roovi.com\/ro\/\",\"name\":\"Roovi B2B\",\"description\":\"Roovi Business Website\",\"potentialAction\":[{\"@type\":\"SearchAction\",\"target\":{\"@type\":\"EntryPoint\",\"urlTemplate\":\"https:\/\/business.roovi.com\/ro\/?s={search_term_string}\"},\"query-input\":\"required name=search_term_string\"}],\"inLanguage\":\"ro-RO\"}]}<\/script>\n<!-- \/ Yoast SEO plugin. -->","yoast_head_json":{"title":"Mini puzzle 500 piese - Grigorescu - Carul cu boi - Roovi B2B","robots":{"index":"index","follow":"follow","max-snippet":"max-snippet:-1","max-image-preview":"max-image-preview:large","max-video-preview":"max-video-preview:-1"},"canonical":"https:\/\/www.roovi.ro\/mini-puzzle-grigorescu-car-cu-boi-500-piese\/p\/","og_locale":"ro_RO","og_type":"article","og_title":"Mini puzzle 500 piese - Grigorescu - Carul cu boi - Roovi B2B","og_description":"Iube\u0219ti deopotriv\u0103 arta rom\u00e2neasc\u0103 \u0219i jocurile puzzle? Alege Mini Puzzle Grigorescu &#8211; Carul cu boi \u0219i creeaz\u0103-\u021bi un tablou minunat","og_url":"https:\/\/www.roovi.ro\/mini-puzzle-grigorescu-car-cu-boi-500-piese\/p\/","og_site_name":"Roovi B2B","article_publisher":"https:\/\/www.facebook.com\/wwwjucariero","article_modified_time":"2023-03-20T22:19:30+00:00","og_image":[{"width":1200,"height":1200,"url":"https:\/\/business.roovi.com\/wp-content\/uploads\/2018\/04\/73327_01.jpg","type":"image\/jpeg"}],"twitter_misc":{"Timp estimat pentru citire":"4 minute"},"schema":{"@context":"https:\/\/schema.org","@graph":[{"@type":"WebPage","@id":"https:\/\/business.roovi.com\/ro\/mini-puzzle-grigorescu-car-cu-boi-500-piese\/p\/","url":"https:\/\/www.roovi.ro\/mini-puzzle-grigorescu-car-cu-boi-500-piese\/p\/","name":"Mini puzzle 500 piese - Grigorescu - Carul cu boi - Roovi B2B","isPartOf":{"@id":"https:\/\/business.roovi.com\/ro\/#website"},"datePublished":"2018-04-16T10:56:17+00:00","dateModified":"2023-03-20T22:19:30+00:00","breadcrumb":{"@id":"https:\/\/www.roovi.ro\/mini-puzzle-grigorescu-car-cu-boi-500-piese\/p\/#breadcrumb"},"inLanguage":"ro-RO","potentialAction":[{"@type":"ReadAction","target":["https:\/\/www.roovi.ro\/mini-puzzle-grigorescu-car-cu-boi-500-piese\/p\/"]}]},{"@type":"BreadcrumbList","@id":"https:\/\/www.roovi.ro\/mini-puzzle-grigorescu-car-cu-boi-500-piese\/p\/#breadcrumb","itemListElement":[{"@type":"ListItem","position":1,"name":"Home","item":"https:\/\/business.roovi.com\/ro\/"},{"@type":"ListItem","position":2,"name":"Magazin","item":"https:\/\/business.roovi.com\/ro\/magazin\/"},{"@type":"ListItem","position":3,"name":"Mini puzzle 500 piese &#8211; Grigorescu &#8211; Carul cu boi"}]},{"@type":"WebSite","@id":"https:\/\/business.roovi.com\/ro\/#website","url":"https:\/\/business.roovi.com\/ro\/","name":"Roovi B2B","description":"Roovi Business Website","potentialAction":[{"@type":"SearchAction","target":{"@type":"EntryPoint","urlTemplate":"https:\/\/business.roovi.com\/ro\/?s={search_term_string}"},"query-input":"required name=search_term_string"}],"inLanguage":"ro-RO"}]}},"_links":{"self":[{"href":"https:\/\/business.roovi.com\/ro\/wp-json\/wp\/v2\/product\/18521","targetHints":{"allow":["GET"]}}],"collection":[{"href":"https:\/\/business.roovi.com\/ro\/wp-json\/wp\/v2\/product"}],"about":[{"href":"https:\/\/business.roovi.com\/ro\/wp-json\/wp\/v2\/types\/product"}],"version-history":[{"count":0,"href":"https:\/\/business.roovi.com\/ro\/wp-json\/wp\/v2\/product\/18521\/revisions"}],"wp:featuredmedia":[{"embeddable":true,"href":"https:\/\/business.roovi.com\/ro\/wp-json\/wp\/v2\/media\/18517"}],"wp:attachment":[{"href":"https:\/\/business.roovi.com\/ro\/wp-json\/wp\/v2\/media?parent=18521"}],"wp:term":[{"taxonomy":"product_brand","embeddable":true,"href":"https:\/\/business.roovi.com\/ro\/wp-json\/wp\/v2\/product_brand?post=18521"},{"taxonomy":"product_cat","embeddable":true,"href":"https:\/\/business.roovi.com\/ro\/wp-json\/wp\/v2\/product_cat?post=18521"},{"taxonomy":"product_tag","embeddable":true,"href":"https:\/\/business.roovi.com\/ro\/wp-json\/wp\/v2\/product_tag?post=18521"}],"curies":[{"name":"wp","href":"https:\/\/api.w.org\/{rel}","templated":true}]}}