{"id":18536,"date":"2018-04-16T10:56:17","date_gmt":"2018-04-16T10:56:17","guid":{"rendered":"https:\/\/business.roovi.com\/product\/mini-puzzle-luchian-anemone-500-piese\/"},"modified":"2023-03-23T07:01:52","modified_gmt":"2023-03-23T07:01:52","slug":"mini-puzzle-luchian-anemone-500-piese","status":"publish","type":"product","link":"https:\/\/business.roovi.com\/ro\/mini-puzzle-luchian-anemone-500-piese\/p\/","title":{"rendered":"Puzzle Luchian &#8211; Anemone &#8211; Mini Puzzle 500 piese"},"content":{"rendered":"<h3><span style=\"font-weight: 400;\">E\u0219ti stresat \u0219i cau\u021bi o modalitate creativ\u0103 pentru relaxare? Puzzle-urile de art\u0103 sunt prilejul perfect pentru deta\u0219are \u0219i deconectare de la cotidian.<\/span><\/h3>\n<p><span style=\"font-weight: 400;\">Mini Puzzle 500: Luchian &#8211; Anemone este combina\u021bia ideal\u0103 \u00eentre activitatea relaxant\u0103 de asamblare a pieselor puzzle \u0219i fericirea sublim\u0103 pe care \u021bi-o confer\u0103 capodoperele artistice.<\/span><\/p>\n<p><span style=\"font-weight: 400;\">Un puzzle de 500 de piese este suficient de provocator \u0219i antrenant pentru a-\u021bi petrece timpul cu sens, conect\u00e2ndu-te cu emo\u021biile tale sau bucur\u00e2ndu-te de compania familiei sau a prietenilor.<\/span><\/p>\n<p><span style=\"font-weight: 400;\">Anemone &#8211; pictura redat\u0103 \u00een puzzle-ul 500 de la ROOVI, este cea mai reprezentativ\u0103 lucrare a lui Luchian. Ca multe alte lucr\u0103ri celebre ale sale, Anemone dateaz\u0103 din perioada de boal\u0103 a artistului, perioad\u0103 \u00een care Luchian a pictat cele mai frumoase tablouri ale sale.<\/span><\/p>\n<p><span style=\"font-weight: 400;\">Dac\u0103 vrei s\u0103 ai doar pentru tine o copie aproape perfect\u0103 a unei capodopere rom\u00e2ne\u0219ti, alege Mini puzzle 500: Luchian &#8211; Anemone \u0219i fii chiar tu artistul creator de frumos.<\/span><\/p>\n<h3><span style=\"font-weight: 400;\">De ce s\u0103 alegi Mini Puzzle 500 piese &#8211; \u0218tefan Luchian &#8211; Anemone<\/span><\/h3>\n<ul>\n<li style=\"font-weight: 400;\" aria-level=\"1\"><span style=\"font-weight: 400;\">Este produs din carton gros, de calitatea superioar\u0103 care \u00eei asigur\u0103 rezisten\u021b\u0103 sporit\u0103. Puzzle-ul poate fi asamblat de mai multe ori f\u0103r\u0103 ca piesele s\u0103 se deterioreze sau poate fi \u00eenr\u0103mat \u0219i p\u0103strat ca tablou decorativ, piesele \u00eembin\u00e2ndu-se perfect.<\/span><\/li>\n<li style=\"font-weight: 400;\" aria-level=\"1\"><span style=\"font-weight: 400;\">Tabloul rezultat are dimensiunile de <\/span><b>48 x 34 cm <\/b><span style=\"font-weight: 400;\">\u0219i poate fi un obiect de decor discret \u0219i rafinat pentru casa ta.<\/span><\/li>\n<li style=\"font-weight: 400;\" aria-level=\"1\"><span style=\"font-weight: 400;\">Finisajul este semi-lucios, \u00een culori vii ce imit\u0103 perfect opera original\u0103 \u0219i transmit sensibilitatea capodoperei.<\/span><\/li>\n<li style=\"font-weight: 400;\" aria-level=\"1\"><span style=\"font-weight: 400;\">Are o folie antireflex pentru ca asamblarea s\u0103 fie c\u00e2t mai u\u0219oar\u0103 \u0219i nederanjant\u0103 pentru ochi.<\/span><\/li>\n<li style=\"font-weight: 400;\" aria-level=\"1\"><span style=\"font-weight: 400;\">Materialele din care este produs sunt prietenoase cu mediul, fiind reciclabile \u0219i sustenabile.<\/span><\/li>\n<li style=\"font-weight: 400;\" aria-level=\"1\"><span style=\"font-weight: 400;\">Este o modalitate inedit\u0103 pentru a descoperi arta rom\u00e2neasc\u0103 al\u0103turi de copii \u0219i de a le povesti acestora despre via\u021ba \u0219i opera marelui artist.<\/span><\/li>\n<li style=\"font-weight: 400;\" aria-level=\"1\"><span style=\"font-weight: 400;\">Creeaz\u0103 premisele ideale pentru relaxare \u00een intimitate, atunci c\u00e2nd vrei s\u0103 \u00ee\u021bi ascul\u021bi g\u00e2ndurile sau al\u0103turi de partenerul de via\u021b\u0103 sau de copii, c\u00e2nd \u00ee\u021bi dore\u0219ti conectare cu cei dragi.<\/span><\/li>\n<\/ul>\n<h3><span style=\"font-weight: 400;\">\u0218tiai c\u0103\u2026<\/span><\/h3>\n<p><span style=\"font-weight: 400;\">\u0218tefan Luchian este supranumit <\/span><b>plastic al florilor. <\/b><span style=\"font-weight: 400;\">A declarat c\u0103 tot ce \u0219tie a \u00eenv\u0103\u021bat de la Grigorescu, marele pictor fiindu-i model \u00een perioada de formare.<\/span><\/p>\n<p><span style=\"font-weight: 400;\">Pictura lui era \u0219i o form\u0103 de protest social fa\u021b\u0103 de stilul academic aservit gusturilor de salon. Luchian a pictat cu m\u0103iestrie flor\u0103rese, lucr\u0103tori, cer\u0219etori \u0219i l\u0103utari, oameni s\u0103rmani, dar plini de omenie, relief\u00e2nd prin aceste portrete condi\u021bia mizer\u0103 a mahalalelor bucure\u0219tene.<\/span><\/p>\n<p><span style=\"font-weight: 400;\">\u00cenainte de a primi diagnosticul de scleroz\u0103 multipl\u0103, Luchian a fost sportiv de performan\u021b\u0103, a participat la competi\u021bii de alerg\u0103ri \u0219i a iubit velocipedele, primele biciclete ap\u0103rute \u0219i la noi.<\/span><\/p>\n<p><span style=\"font-weight: 400;\">Accept\u0103 a\u0219adar provocarea \u0219i reconstituie celebra pictur\u0103 <\/span><b>Anemone<\/b><span style=\"font-weight: 400;\"> dintr-un puzzle de art\u0103. \u00cembog\u0103\u021be\u0219te-\u021bi colec\u021bia de tablouri cu acest minunat puzzle de 500 piese.\u00a0<\/span><\/p>\n<p><span style=\"font-weight: 400;\">Iar dac\u0103 vrei s\u0103 faci ferici\u021bi \u0219i al\u021bi prieteni iubitori de culoare \u0219i frumos, <\/span><b>Mini Puzzle 500 piese: Luchian &#8211; Anemone<\/b><span style=\"font-weight: 400;\"> va fi cu siguran\u021b\u0103 o surpriz\u0103 pl\u0103cut\u0103.\u00a0<\/span><\/p>\n<p>&nbsp;<\/p>\n","protected":false},"excerpt":{"rendered":"<p>E\u0219ti stresat \u0219i cau\u021bi o modalitate creativ\u0103 pentru relaxare? Puzzle-urile de art\u0103 sunt prilejul perfect pentru deta\u0219are \u0219i deconectare de<\/p>\n","protected":false},"featured_media":69037,"template":"","meta":[],"product_brand":[],"product_cat":[1454,1488,1555],"product_tag":[],"class_list":{"0":"post-18536","1":"product","2":"type-product","3":"status-publish","4":"has-post-thumbnail","6":"product_cat-puzzle","7":"product_cat-puzzle-adulti","8":"product_cat-puzzle-adulti-500","9":"pa_bax-1307","10":"pa_brand-deico","11":"pa_country_of_manufacture-ro","12":"pa_filter_age-1315","13":"pa_painter-stefanluchian","14":"pa_tip_ambalaj-cutie","15":"pa_tip_puzzle-clasic","17":"first","18":"instock","19":"taxable","20":"shipping-taxable","21":"product-type-simple"},"yoast_head":"<!-- This site is optimized with the Yoast SEO plugin v20.1 - https:\/\/yoast.com\/wordpress\/plugins\/seo\/ -->\n<title>Puzzle Luchian - Anemone - Mini Puzzle 500 piese - Roovi B2B<\/title>\n<meta name=\"robots\" content=\"index, follow, max-snippet:-1, max-image-preview:large, max-video-preview:-1\" \/>\n<link rel=\"canonical\" href=\"https:\/\/www.roovi.ro\/mini-puzzle-luchian-anemone-500-piese\/p\/\" \/>\n<meta property=\"og:locale\" content=\"ro_RO\" \/>\n<meta property=\"og:type\" content=\"article\" \/>\n<meta property=\"og:title\" content=\"Puzzle Luchian - Anemone - Mini Puzzle 500 piese - Roovi B2B\" \/>\n<meta property=\"og:description\" content=\"E\u0219ti stresat \u0219i cau\u021bi o modalitate creativ\u0103 pentru relaxare? Puzzle-urile de art\u0103 sunt prilejul perfect pentru deta\u0219are \u0219i deconectare de\" \/>\n<meta property=\"og:url\" content=\"https:\/\/www.roovi.ro\/mini-puzzle-luchian-anemone-500-piese\/p\/\" \/>\n<meta property=\"og:site_name\" content=\"Roovi B2B\" \/>\n<meta property=\"article:publisher\" content=\"https:\/\/www.facebook.com\/wwwjucariero\" \/>\n<meta property=\"article:modified_time\" content=\"2023-03-23T07:01:52+00:00\" \/>\n<meta property=\"og:image\" content=\"https:\/\/business.roovi.com\/wp-content\/uploads\/2018\/04\/73334-LU-02-WEB.jpg\" \/>\n\t<meta property=\"og:image:width\" content=\"1200\" \/>\n\t<meta property=\"og:image:height\" content=\"1200\" \/>\n\t<meta property=\"og:image:type\" content=\"image\/jpeg\" \/>\n<meta name=\"twitter:label1\" content=\"Timp estimat pentru citire\" \/>\n\t<meta name=\"twitter:data1\" content=\"3 minute\" \/>\n<script type=\"application\/ld+json\" class=\"yoast-schema-graph\">{\"@context\":\"https:\/\/schema.org\",\"@graph\":[{\"@type\":\"WebPage\",\"@id\":\"https:\/\/business.roovi.com\/ro\/mini-puzzle-luchian-anemone-500-piese\/p\/\",\"url\":\"https:\/\/www.roovi.ro\/mini-puzzle-luchian-anemone-500-piese\/p\/\",\"name\":\"Puzzle Luchian - Anemone - Mini Puzzle 500 piese - Roovi B2B\",\"isPartOf\":{\"@id\":\"https:\/\/business.roovi.com\/ro\/#website\"},\"datePublished\":\"2018-04-16T10:56:17+00:00\",\"dateModified\":\"2023-03-23T07:01:52+00:00\",\"breadcrumb\":{\"@id\":\"https:\/\/www.roovi.ro\/mini-puzzle-luchian-anemone-500-piese\/p\/#breadcrumb\"},\"inLanguage\":\"ro-RO\",\"potentialAction\":[{\"@type\":\"ReadAction\",\"target\":[\"https:\/\/www.roovi.ro\/mini-puzzle-luchian-anemone-500-piese\/p\/\"]}]},{\"@type\":\"BreadcrumbList\",\"@id\":\"https:\/\/www.roovi.ro\/mini-puzzle-luchian-anemone-500-piese\/p\/#breadcrumb\",\"itemListElement\":[{\"@type\":\"ListItem\",\"position\":1,\"name\":\"Home\",\"item\":\"https:\/\/business.roovi.com\/ro\/\"},{\"@type\":\"ListItem\",\"position\":2,\"name\":\"Magazin\",\"item\":\"https:\/\/business.roovi.com\/ro\/magazin\/\"},{\"@type\":\"ListItem\",\"position\":3,\"name\":\"Puzzle Luchian &#8211; Anemone &#8211; Mini Puzzle 500 piese\"}]},{\"@type\":\"WebSite\",\"@id\":\"https:\/\/business.roovi.com\/ro\/#website\",\"url\":\"https:\/\/business.roovi.com\/ro\/\",\"name\":\"Roovi B2B\",\"description\":\"Roovi Business Website\",\"potentialAction\":[{\"@type\":\"SearchAction\",\"target\":{\"@type\":\"EntryPoint\",\"urlTemplate\":\"https:\/\/business.roovi.com\/ro\/?s={search_term_string}\"},\"query-input\":\"required name=search_term_string\"}],\"inLanguage\":\"ro-RO\"}]}<\/script>\n<!-- \/ Yoast SEO plugin. -->","yoast_head_json":{"title":"Puzzle Luchian - Anemone - Mini Puzzle 500 piese - Roovi B2B","robots":{"index":"index","follow":"follow","max-snippet":"max-snippet:-1","max-image-preview":"max-image-preview:large","max-video-preview":"max-video-preview:-1"},"canonical":"https:\/\/www.roovi.ro\/mini-puzzle-luchian-anemone-500-piese\/p\/","og_locale":"ro_RO","og_type":"article","og_title":"Puzzle Luchian - Anemone - Mini Puzzle 500 piese - Roovi B2B","og_description":"E\u0219ti stresat \u0219i cau\u021bi o modalitate creativ\u0103 pentru relaxare? Puzzle-urile de art\u0103 sunt prilejul perfect pentru deta\u0219are \u0219i deconectare de","og_url":"https:\/\/www.roovi.ro\/mini-puzzle-luchian-anemone-500-piese\/p\/","og_site_name":"Roovi B2B","article_publisher":"https:\/\/www.facebook.com\/wwwjucariero","article_modified_time":"2023-03-23T07:01:52+00:00","og_image":[{"width":1200,"height":1200,"url":"https:\/\/business.roovi.com\/wp-content\/uploads\/2018\/04\/73334-LU-02-WEB.jpg","type":"image\/jpeg"}],"twitter_misc":{"Timp estimat pentru citire":"3 minute"},"schema":{"@context":"https:\/\/schema.org","@graph":[{"@type":"WebPage","@id":"https:\/\/business.roovi.com\/ro\/mini-puzzle-luchian-anemone-500-piese\/p\/","url":"https:\/\/www.roovi.ro\/mini-puzzle-luchian-anemone-500-piese\/p\/","name":"Puzzle Luchian - Anemone - Mini Puzzle 500 piese - Roovi B2B","isPartOf":{"@id":"https:\/\/business.roovi.com\/ro\/#website"},"datePublished":"2018-04-16T10:56:17+00:00","dateModified":"2023-03-23T07:01:52+00:00","breadcrumb":{"@id":"https:\/\/www.roovi.ro\/mini-puzzle-luchian-anemone-500-piese\/p\/#breadcrumb"},"inLanguage":"ro-RO","potentialAction":[{"@type":"ReadAction","target":["https:\/\/www.roovi.ro\/mini-puzzle-luchian-anemone-500-piese\/p\/"]}]},{"@type":"BreadcrumbList","@id":"https:\/\/www.roovi.ro\/mini-puzzle-luchian-anemone-500-piese\/p\/#breadcrumb","itemListElement":[{"@type":"ListItem","position":1,"name":"Home","item":"https:\/\/business.roovi.com\/ro\/"},{"@type":"ListItem","position":2,"name":"Magazin","item":"https:\/\/business.roovi.com\/ro\/magazin\/"},{"@type":"ListItem","position":3,"name":"Puzzle Luchian &#8211; Anemone &#8211; Mini Puzzle 500 piese"}]},{"@type":"WebSite","@id":"https:\/\/business.roovi.com\/ro\/#website","url":"https:\/\/business.roovi.com\/ro\/","name":"Roovi B2B","description":"Roovi Business Website","potentialAction":[{"@type":"SearchAction","target":{"@type":"EntryPoint","urlTemplate":"https:\/\/business.roovi.com\/ro\/?s={search_term_string}"},"query-input":"required name=search_term_string"}],"inLanguage":"ro-RO"}]}},"_links":{"self":[{"href":"https:\/\/business.roovi.com\/ro\/wp-json\/wp\/v2\/product\/18536","targetHints":{"allow":["GET"]}}],"collection":[{"href":"https:\/\/business.roovi.com\/ro\/wp-json\/wp\/v2\/product"}],"about":[{"href":"https:\/\/business.roovi.com\/ro\/wp-json\/wp\/v2\/types\/product"}],"version-history":[{"count":0,"href":"https:\/\/business.roovi.com\/ro\/wp-json\/wp\/v2\/product\/18536\/revisions"}],"wp:featuredmedia":[{"embeddable":true,"href":"https:\/\/business.roovi.com\/ro\/wp-json\/wp\/v2\/media\/69037"}],"wp:attachment":[{"href":"https:\/\/business.roovi.com\/ro\/wp-json\/wp\/v2\/media?parent=18536"}],"wp:term":[{"taxonomy":"product_brand","embeddable":true,"href":"https:\/\/business.roovi.com\/ro\/wp-json\/wp\/v2\/product_brand?post=18536"},{"taxonomy":"product_cat","embeddable":true,"href":"https:\/\/business.roovi.com\/ro\/wp-json\/wp\/v2\/product_cat?post=18536"},{"taxonomy":"product_tag","embeddable":true,"href":"https:\/\/business.roovi.com\/ro\/wp-json\/wp\/v2\/product_tag?post=18536"}],"curies":[{"name":"wp","href":"https:\/\/api.w.org\/{rel}","templated":true}]}}