{"id":18546,"date":"2018-04-16T10:56:17","date_gmt":"2018-04-16T10:56:17","guid":{"rendered":"https:\/\/business.roovi.com\/product\/mini-puzzle-tonita-noapte-buna-500-piese\/"},"modified":"2023-03-23T06:45:19","modified_gmt":"2023-03-23T06:45:19","slug":"mini-puzzle-tonitza-noapte-buna-500-piese","status":"publish","type":"product","link":"https:\/\/business.roovi.com\/ro\/mini-puzzle-tonitza-noapte-buna-500-piese\/p\/","title":{"rendered":"Mini Puzzle 500 piese &#8211; Tonitza &#8211; Noapte bun\u0103"},"content":{"rendered":"<h3><span style=\"font-weight: 400;\">\u00ce\u021bi plac provoc\u0103rile jocurilor puzzle? Ce-ai spune de un puzzle de art\u0103 de 500 piese cu imaginea unui tablou celebru de Tonitza?<\/span><span style=\"font-weight: 400;\">\u00a0<\/span><\/h3>\n<p><b>Noapte bun\u0103 <\/b><span style=\"font-weight: 400;\">este unul dintre tablourile cunoscute ale lui Tonitza \u00een care personajele centrale sunt copiii, o tematic\u0103 preferat\u0103 a artistului. \u00cen stilul caracteristic, pictura reflect\u0103 lumina interioar\u0103 a universului copil\u0103riei.\u00a0<\/span><\/p>\n<p><span style=\"font-weight: 400;\">Po\u021bi crea \u0219i tu cu art\u0103 la cel mai \u00eenalt nivel de frumuse\u021be \u0219i rafinament prin intermediul jocului Mini Puzzle 500: <\/span><span style=\"font-weight: 400;\">Tonitza \u2013 Noapte bun\u0103. Descoper\u0103 un puzzle cu 500 piese t\u0103iate cu precizie, ce se \u00eembin\u0103 perfect chiar \u0219i dac\u0103 sunt asamblate de mai multe ori.<\/span><\/p>\n<p><span style=\"font-weight: 400;\">Pentru cei care iubesc puzzle-urile, dar se feresc de complexitatea jocurilor de 1000 sau 2000 de piese, un puzzle de art\u0103 de 500 de piese este op\u021biunea perfect\u0103 de relaxare.\u00a0<\/span><\/p>\n<p><span style=\"font-weight: 400;\">Asambleaz\u0103 Puzzle 500 piese <\/span><span style=\"font-weight: 400;\">Tonitza \u2013 Noapte bun\u0103<\/span><span style=\"font-weight: 400;\"> \u0219i bucur\u0103-te de atmosfera calm\u0103 ce izvor\u0103\u0219te dintr-un tablou de art\u0103.\u00a0<\/span><\/p>\n<h3><span style=\"font-weight: 400;\">De ce s\u0103 alegi Mini Puzzle 500 piese &#8211; Tonitza \u2013 Noapte bun\u0103<\/span><\/h3>\n<ul>\n<li style=\"font-weight: 400;\" aria-level=\"1\"><span style=\"font-weight: 400;\">Este produs din carton gros, de calitatea superioar\u0103 care \u00eei asigur\u0103 rezisten\u021b\u0103 sporit\u0103. Puzzle-ul poate fi asamblat de mai multe ori f\u0103r\u0103 ca piesele s\u0103 se deterioreze sau poate fi \u00eenr\u0103mat \u0219i p\u0103strat ca tablou decorativ, piesele \u00eembin\u00e2ndu-se perfect.<\/span><\/li>\n<li style=\"font-weight: 400;\" aria-level=\"1\"><span style=\"font-weight: 400;\">Tabloul rezultat are dimensiunile de <\/span><b>48 x 34 cm <\/b><span style=\"font-weight: 400;\">\u0219i poate fi un obiect de decor discret \u0219i rafinat pentru casa ta.<\/span><\/li>\n<li style=\"font-weight: 400;\" aria-level=\"1\"><span style=\"font-weight: 400;\">Finisajul este semi-lucios, \u00een culori vii ce imit\u0103 perfect opera original\u0103 \u0219i transmit sensibilitatea capodoperei.<\/span><\/li>\n<li style=\"font-weight: 400;\" aria-level=\"1\"><span style=\"font-weight: 400;\">Are o folie antireflex pentru ca asamblarea s\u0103 fie c\u00e2t mai u\u0219oar\u0103 \u0219i nederanjant\u0103 pentru ochi.<\/span><\/li>\n<li style=\"font-weight: 400;\" aria-level=\"1\"><span style=\"font-weight: 400;\">Materialele din care este produs sunt prietenoase cu mediul, fiind reciclabile \u0219i sustenabile.<\/span><\/li>\n<li style=\"font-weight: 400;\" aria-level=\"1\"><span style=\"font-weight: 400;\">Este o modalitate inedit\u0103 pentru a descoperi arta rom\u00e2neasc\u0103 al\u0103turi de copii \u0219i de a le povesti acestora despre via\u021ba \u0219i opera marelui artist.<\/span><\/li>\n<li style=\"font-weight: 400;\" aria-level=\"1\"><span style=\"font-weight: 400;\">Creeaz\u0103 premisele ideale pentru relaxare \u00een intimitate, atunci c\u00e2nd vrei s\u0103 \u00ee\u021bi ascul\u021bi g\u00e2ndurile sau al\u0103turi de partenerul de via\u021b\u0103 sau de copii, c\u00e2nd \u00ee\u021bi dore\u0219ti conectare cu cei dragi.<\/span><\/li>\n<\/ul>\n<h3><span style=\"font-weight: 400;\">Despre Nicolae Tonitza \u0219tiai c\u0103\u2026<\/span><\/h3>\n<p><span style=\"font-weight: 400;\">A pictat numeroase portrete de copii care sunt \u0219i ast\u0103zi unele dintre cele mai \u00eendr\u0103gite picturi din arta rom\u00e2neasc\u0103. Ele reflect\u0103 latura sa optimist\u0103 \u0219i crezul s\u0103u profund c\u0103 arta are capacitatea de a transforma via\u021ba omului.<\/span><\/p>\n<p><span style=\"font-weight: 400;\">A luptat \u00een primul R\u0103zboi Mondial, a c\u0103zut prizonier \u0219i a stat \u00eenchis timp de 2 ani \u00eentr-un lag\u0103r din Bulgaria. Experien\u021ba r\u0103zboiului l-a marcat \u0219i s-a reflectat \u00een sensibilitatea fa\u021b\u0103 de suferin\u021b\u0103 transpus\u0103 \u0219i \u00een unele picturi.<\/span><\/p>\n<p><span style=\"font-weight: 400;\">A pictat \u0219i biserici, cea mai cunoscut\u0103 fiind M\u0103n\u0103stirea Dur\u0103u din jude\u021bul Neam\u021b. Tot sub coordonarea lui a fost pictat\u0103 \u0219i biserica <\/span><span style=\"font-weight: 400;\">Sfin\u021bii Voievozi-Meri\u0219ori din comuna Scor\u021beni, jude\u021bul Bac\u0103u.<\/span><\/p>\n<p><span style=\"font-weight: 400;\">Pictorul s-a bucurat de succes \u00eenc\u0103 din timpul vie\u021bii, fiind \u0219i \u00een prezent unul dintre cei mai bine v\u00e2ndu\u021bi pictori rom\u00e2ni. Cea mai scump\u0103 lucrarea a sa &#8211; Nud \u00een Iatac &#8211; s-a v\u00e2ndut \u00een 2011 cu suma record de\u00a0 290.000 euro.<\/span><\/p>\n<p><span style=\"font-weight: 400;\">Dac\u0103 vrei s\u0103 admiri frumuse\u021bea artei rom\u00e2ne\u0219ti \u00eentr-un tablou celebru, s\u0103 te conectezi cu copiii \u0219i s\u0103 le faci cuno\u0219tin\u021b\u0103 cu unul dintre cei mai iubi\u021bi pictori rom\u00e2ni prin intermediul unui joc puzzle sau pur \u0219i simplu s\u0103 te deconectezi o vreme de la ecrane, <\/span><b>Mini Puzzle 500 piese &#8211; Tonitza &#8211; Noapte bun\u0103<\/b><span style=\"font-weight: 400;\"> este alegerea perfect\u0103.<\/span><\/p>\n<p><b>Mini Puzzle 500 piese &#8211; Tonitza &#8211; Noapte bun\u0103<\/b><span style=\"font-weight: 400;\">\u00a0 este ambalat \u00eentr-o cutie elegant\u0103 \u0219i se preteaz\u0103 pentru a fi oferit \u00een dar de s\u0103rb\u0103tori, anivers\u0103ri sau cu alte ocazii festive.\u00a0<\/span><\/p>\n","protected":false},"excerpt":{"rendered":"<p>\u00ce\u021bi plac provoc\u0103rile jocurilor puzzle? Ce-ai spune de un puzzle de art\u0103 de 500 piese cu imaginea unui tablou celebru<\/p>\n","protected":false},"featured_media":69027,"template":"","meta":[],"product_brand":[],"product_cat":[1454,1488,1555],"product_tag":[],"class_list":{"0":"post-18546","1":"product","2":"type-product","3":"status-publish","4":"has-post-thumbnail","6":"product_cat-puzzle","7":"product_cat-puzzle-adulti","8":"product_cat-puzzle-adulti-500","9":"pa_bax-1307","10":"pa_brand-deico","11":"pa_country_of_manufacture-ro","12":"pa_filter_age-1315","13":"pa_painter-nicolaetonitza","14":"pa_tip_ambalaj-cutie","15":"pa_tip_puzzle-clasic","17":"first","18":"instock","19":"taxable","20":"shipping-taxable","21":"product-type-simple"},"yoast_head":"<!-- This site is optimized with the Yoast SEO plugin v20.1 - https:\/\/yoast.com\/wordpress\/plugins\/seo\/ -->\n<title>Mini Puzzle 500 piese - Tonitza - Noapte bun\u0103 - Roovi B2B<\/title>\n<meta name=\"robots\" content=\"index, follow, max-snippet:-1, max-image-preview:large, max-video-preview:-1\" \/>\n<link rel=\"canonical\" href=\"https:\/\/www.roovi.ro\/mini-puzzle-tonitza-noapte-buna-500-piese\/p\/\" \/>\n<meta property=\"og:locale\" content=\"ro_RO\" \/>\n<meta property=\"og:type\" content=\"article\" \/>\n<meta property=\"og:title\" content=\"Mini Puzzle 500 piese - Tonitza - Noapte bun\u0103 - Roovi B2B\" \/>\n<meta property=\"og:description\" content=\"\u00ce\u021bi plac provoc\u0103rile jocurilor puzzle? Ce-ai spune de un puzzle de art\u0103 de 500 piese cu imaginea unui tablou celebru\" \/>\n<meta property=\"og:url\" content=\"https:\/\/www.roovi.ro\/mini-puzzle-tonitza-noapte-buna-500-piese\/p\/\" \/>\n<meta property=\"og:site_name\" content=\"Roovi B2B\" \/>\n<meta property=\"article:publisher\" content=\"https:\/\/www.facebook.com\/wwwjucariero\" \/>\n<meta property=\"article:modified_time\" content=\"2023-03-23T06:45:19+00:00\" \/>\n<meta property=\"og:image\" content=\"https:\/\/business.roovi.com\/wp-content\/uploads\/2018\/04\/73341-TO-02-WEB.jpg\" \/>\n\t<meta property=\"og:image:width\" content=\"1200\" \/>\n\t<meta property=\"og:image:height\" content=\"1200\" \/>\n\t<meta property=\"og:image:type\" content=\"image\/jpeg\" \/>\n<meta name=\"twitter:label1\" content=\"Timp estimat pentru citire\" \/>\n\t<meta name=\"twitter:data1\" content=\"4 minute\" \/>\n<script type=\"application\/ld+json\" class=\"yoast-schema-graph\">{\"@context\":\"https:\/\/schema.org\",\"@graph\":[{\"@type\":\"WebPage\",\"@id\":\"https:\/\/business.roovi.com\/ro\/mini-puzzle-tonitza-noapte-buna-500-piese\/p\/\",\"url\":\"https:\/\/www.roovi.ro\/mini-puzzle-tonitza-noapte-buna-500-piese\/p\/\",\"name\":\"Mini Puzzle 500 piese - Tonitza - Noapte bun\u0103 - Roovi B2B\",\"isPartOf\":{\"@id\":\"https:\/\/business.roovi.com\/ro\/#website\"},\"datePublished\":\"2018-04-16T10:56:17+00:00\",\"dateModified\":\"2023-03-23T06:45:19+00:00\",\"breadcrumb\":{\"@id\":\"https:\/\/www.roovi.ro\/mini-puzzle-tonitza-noapte-buna-500-piese\/p\/#breadcrumb\"},\"inLanguage\":\"ro-RO\",\"potentialAction\":[{\"@type\":\"ReadAction\",\"target\":[\"https:\/\/www.roovi.ro\/mini-puzzle-tonitza-noapte-buna-500-piese\/p\/\"]}]},{\"@type\":\"BreadcrumbList\",\"@id\":\"https:\/\/www.roovi.ro\/mini-puzzle-tonitza-noapte-buna-500-piese\/p\/#breadcrumb\",\"itemListElement\":[{\"@type\":\"ListItem\",\"position\":1,\"name\":\"Home\",\"item\":\"https:\/\/business.roovi.com\/ro\/\"},{\"@type\":\"ListItem\",\"position\":2,\"name\":\"Magazin\",\"item\":\"https:\/\/business.roovi.com\/ro\/magazin\/\"},{\"@type\":\"ListItem\",\"position\":3,\"name\":\"Mini Puzzle 500 piese &#8211; Tonitza &#8211; Noapte bun\u0103\"}]},{\"@type\":\"WebSite\",\"@id\":\"https:\/\/business.roovi.com\/ro\/#website\",\"url\":\"https:\/\/business.roovi.com\/ro\/\",\"name\":\"Roovi B2B\",\"description\":\"Roovi Business Website\",\"potentialAction\":[{\"@type\":\"SearchAction\",\"target\":{\"@type\":\"EntryPoint\",\"urlTemplate\":\"https:\/\/business.roovi.com\/ro\/?s={search_term_string}\"},\"query-input\":\"required name=search_term_string\"}],\"inLanguage\":\"ro-RO\"}]}<\/script>\n<!-- \/ Yoast SEO plugin. -->","yoast_head_json":{"title":"Mini Puzzle 500 piese - Tonitza - Noapte bun\u0103 - Roovi B2B","robots":{"index":"index","follow":"follow","max-snippet":"max-snippet:-1","max-image-preview":"max-image-preview:large","max-video-preview":"max-video-preview:-1"},"canonical":"https:\/\/www.roovi.ro\/mini-puzzle-tonitza-noapte-buna-500-piese\/p\/","og_locale":"ro_RO","og_type":"article","og_title":"Mini Puzzle 500 piese - Tonitza - Noapte bun\u0103 - Roovi B2B","og_description":"\u00ce\u021bi plac provoc\u0103rile jocurilor puzzle? Ce-ai spune de un puzzle de art\u0103 de 500 piese cu imaginea unui tablou celebru","og_url":"https:\/\/www.roovi.ro\/mini-puzzle-tonitza-noapte-buna-500-piese\/p\/","og_site_name":"Roovi B2B","article_publisher":"https:\/\/www.facebook.com\/wwwjucariero","article_modified_time":"2023-03-23T06:45:19+00:00","og_image":[{"width":1200,"height":1200,"url":"https:\/\/business.roovi.com\/wp-content\/uploads\/2018\/04\/73341-TO-02-WEB.jpg","type":"image\/jpeg"}],"twitter_misc":{"Timp estimat pentru citire":"4 minute"},"schema":{"@context":"https:\/\/schema.org","@graph":[{"@type":"WebPage","@id":"https:\/\/business.roovi.com\/ro\/mini-puzzle-tonitza-noapte-buna-500-piese\/p\/","url":"https:\/\/www.roovi.ro\/mini-puzzle-tonitza-noapte-buna-500-piese\/p\/","name":"Mini Puzzle 500 piese - Tonitza - Noapte bun\u0103 - Roovi B2B","isPartOf":{"@id":"https:\/\/business.roovi.com\/ro\/#website"},"datePublished":"2018-04-16T10:56:17+00:00","dateModified":"2023-03-23T06:45:19+00:00","breadcrumb":{"@id":"https:\/\/www.roovi.ro\/mini-puzzle-tonitza-noapte-buna-500-piese\/p\/#breadcrumb"},"inLanguage":"ro-RO","potentialAction":[{"@type":"ReadAction","target":["https:\/\/www.roovi.ro\/mini-puzzle-tonitza-noapte-buna-500-piese\/p\/"]}]},{"@type":"BreadcrumbList","@id":"https:\/\/www.roovi.ro\/mini-puzzle-tonitza-noapte-buna-500-piese\/p\/#breadcrumb","itemListElement":[{"@type":"ListItem","position":1,"name":"Home","item":"https:\/\/business.roovi.com\/ro\/"},{"@type":"ListItem","position":2,"name":"Magazin","item":"https:\/\/business.roovi.com\/ro\/magazin\/"},{"@type":"ListItem","position":3,"name":"Mini Puzzle 500 piese &#8211; Tonitza &#8211; Noapte bun\u0103"}]},{"@type":"WebSite","@id":"https:\/\/business.roovi.com\/ro\/#website","url":"https:\/\/business.roovi.com\/ro\/","name":"Roovi B2B","description":"Roovi Business Website","potentialAction":[{"@type":"SearchAction","target":{"@type":"EntryPoint","urlTemplate":"https:\/\/business.roovi.com\/ro\/?s={search_term_string}"},"query-input":"required name=search_term_string"}],"inLanguage":"ro-RO"}]}},"_links":{"self":[{"href":"https:\/\/business.roovi.com\/ro\/wp-json\/wp\/v2\/product\/18546","targetHints":{"allow":["GET"]}}],"collection":[{"href":"https:\/\/business.roovi.com\/ro\/wp-json\/wp\/v2\/product"}],"about":[{"href":"https:\/\/business.roovi.com\/ro\/wp-json\/wp\/v2\/types\/product"}],"version-history":[{"count":0,"href":"https:\/\/business.roovi.com\/ro\/wp-json\/wp\/v2\/product\/18546\/revisions"}],"wp:featuredmedia":[{"embeddable":true,"href":"https:\/\/business.roovi.com\/ro\/wp-json\/wp\/v2\/media\/69027"}],"wp:attachment":[{"href":"https:\/\/business.roovi.com\/ro\/wp-json\/wp\/v2\/media?parent=18546"}],"wp:term":[{"taxonomy":"product_brand","embeddable":true,"href":"https:\/\/business.roovi.com\/ro\/wp-json\/wp\/v2\/product_brand?post=18546"},{"taxonomy":"product_cat","embeddable":true,"href":"https:\/\/business.roovi.com\/ro\/wp-json\/wp\/v2\/product_cat?post=18546"},{"taxonomy":"product_tag","embeddable":true,"href":"https:\/\/business.roovi.com\/ro\/wp-json\/wp\/v2\/product_tag?post=18546"}],"curies":[{"name":"wp","href":"https:\/\/api.w.org\/{rel}","templated":true}]}}