{"id":18596,"date":"2018-04-16T10:56:18","date_gmt":"2018-04-16T10:56:18","guid":{"rendered":"https:\/\/business.roovi.com\/product\/puzzle-sighisoara-deico-games-1000-piese\/"},"modified":"2025-03-19T07:04:51","modified_gmt":"2025-03-19T07:04:51","slug":"puzzle-sighisoara-deico-games-1000-piese","status":"publish","type":"product","link":"https:\/\/business.roovi.com\/ro\/puzzle-sighisoara-deico-games-1000-piese\/p\/","title":{"rendered":"Puzzle adul\u021bi 1000 piese &#8211; Sighi\u0219oara"},"content":{"rendered":"<h3><b>Las\u0103-\u021bi imagina\u021bia liber\u0103 \u0219i porne\u0219te la pas \u00eentr-un ora\u0219 medieval de poveste cu puzzle adul\u021bi 1000 piese Sighi\u0219oara.<\/b><\/h3>\n<p><span style=\"font-weight: 400;\">Dac\u0103 e\u0219ti dornic s\u0103 ie\u0219i din rutina zilnic\u0103 \u0219i s\u0103 te reconectezi cu tine \u00eensu\u021bi, ia \u00een calcul un joc puzzle cu imaginea unui obiectiv turistic apreciat \u00een lumea \u00eentreag\u0103.\u00a0<\/span><\/p>\n<p><span style=\"font-weight: 400;\">Cu puzzle adul\u021bi 1000 piese Sighi\u0219oara te \u00eentorci \u00een timp \u0219i explorezi cea mai veche cetate medieval\u0103 din Europa locuit\u0103 ne\u00eencetat de la \u00eentemeiere \u0219i p\u00e2n\u0103 \u00een prezent.<\/span><\/p>\n<p><span style=\"font-weight: 400;\">Mica localitate din inima Transilvaniei a fost declarat\u0103 ora\u0219 \u00eenc\u0103 din 1367. Pe atunci era str\u0103juit\u0103 de un zid fortificat cu 14 turnuri, corespunz\u0103toare breslelor me\u0219te\u0219ug\u0103re\u0219ti. P\u00e2n\u0103 \u00een zilele noastre, au rezistat istoriei 9 dintre aceste turnuri pe care le po\u021bi admira la o vizit\u0103 \u00een cetate.<\/span><\/p>\n<p><span style=\"font-weight: 400;\">Fiecare cl\u0103dire din cetate are o istorie impresionant\u0103. Locul muste\u0219te de legende \u0219i pove\u0219ti captivante. Cea mai cunoscut\u0103 dintre acestea, este cea legat\u0103 de Dracula. Pornind pe urmele lui, mii de turi\u0219ti viziteaz\u0103 anual casa \u00een care s-a n\u0103scut Vlad \u021aepe\u0219, supranumit \u0219i Vlad Dracul.\u00a0<\/span><\/p>\n<p><span style=\"font-weight: 400;\">P\u0103\u0219e\u0219te \u0219i tu \u00een aceast\u0103 lume de poveste \u0219i creeaz\u0103 un tablou fascinant din puzzle 1000 piese.\u00a0<\/span><\/p>\n<h3><b>De ce s\u0103 alegi puzzle adul\u021bi 1000 piese Sighi\u0219oara?<\/b><\/h3>\n<p><span style=\"font-weight: 400;\">Este o modalitate relaxant\u0103 pentru a descoperi frumuse\u021bea unui obiectiv turistic remarcabil.<\/span><\/p>\n<p><span style=\"font-weight: 400;\">Ob\u021bii un tablou cu dimensiunile de 68 x 47 cm al al unei str\u0103du\u021be pietruite din Sighi\u0219oara, pe fundal av\u00e2nd Turnul cu Ceas.<\/span><\/p>\n<p><span style=\"font-weight: 400;\">Este produs din carton albastru de calitate superioar\u0103, foarte rezistent, astfel c\u0103 po\u021bi asambla imaginea de mai multe ori f\u0103r\u0103 ca piesele s\u0103 se deterioreze.<\/span><\/p>\n<p><span style=\"font-weight: 400;\">Utiliz\u0103m materiale reciclabile \u0219i sustenabile \u00een realizarea fiec\u0103rui joc puzzle.<\/span><\/p>\n<p><span style=\"font-weight: 400;\">Are finisaj semi-lucios, \u00een culori pl\u0103cute ce confer\u0103 claritate imaginii.<\/span><\/p>\n<p><span style=\"font-weight: 400;\">Este potrivit persoanelor peste 14 ani &#8211; prilej de a le prezenta adolescen\u021bilor istoria fascinant\u0103 a Sighi\u0219oarei.<\/span><\/p>\n<p><strong>Un puzzle 1000 piese este o activitate recreativ\u0103 cu beneficii multiple:<\/strong><\/p>\n<ul>\n<li style=\"font-weight: 400;\" aria-level=\"1\"><span style=\"font-weight: 400;\">\u00ce\u021bi antreneaz\u0103 coordonarea, dexteritatea \u0219i motricitatea fin\u0103.<\/span><\/li>\n<li style=\"font-weight: 400;\" aria-level=\"1\"><span style=\"font-weight: 400;\">\u00ce\u021bi cultiv\u0103 r\u0103bdarea.<\/span><\/li>\n<li style=\"font-weight: 400;\" aria-level=\"1\"><span style=\"font-weight: 400;\">Este un antrenament excelent pentru creier, men\u021bin\u00e2nd s\u0103n\u0103tatea acestuia.<\/span><\/li>\n<li style=\"font-weight: 400;\" aria-level=\"1\"><span style=\"font-weight: 400;\">\u00ce\u021bi ofer\u0103 o stare de optimism \u0219i te deconecteaz\u0103 de la grijile zilnice.<\/span><\/li>\n<\/ul>\n<h3><b>\u0218tiai c\u0103\u2026?<\/b><\/h3>\n<ul>\n<li><span style=\"font-weight: 400;\">Turnul cu ceas din Sighi\u0219oara are o \u00een\u0103l\u021bime de 64 de metri \u0219i a fost construit cu scopul de a ap\u0103ra cetatea.<\/span><\/li>\n<li><span style=\"font-weight: 400;\">Un eveniment emblematic pentru ora\u0219 este Festivalul Medieval care are loc anual, \u00een timpul verii. \u00cen acea perioad\u0103 po\u021bi admira pe str\u0103zile cet\u0103\u021bii cavaleri medievali \u0219i domni\u021be \u00een straie de s\u0103rb\u0103toare, me\u0219te\u0219ugari populari sau arti\u0219ti \u0219i trupe de teatru renumite.<\/span><\/li>\n<li><i><span style=\"font-weight: 400;\">Scara \u0218colarilor<\/span><\/i><span style=\"font-weight: 400;\"> sau <\/span><i><span style=\"font-weight: 400;\">Scara Acoperit\u0103<\/span><\/i><span style=\"font-weight: 400;\"> avea ini\u021bial 300 de trepte, ast\u0103zi are 175, \u0219i a fost construit\u0103 \u00een anul 1642 pentru a facilita accesul elevilor la \u0218coala din Deal.\u00a0<\/span><\/li>\n<li><span style=\"font-weight: 400;\">P\u00e2n\u0103 la cel de-al II-lea R\u0103zboi Mondial Sighi\u0219oara a avut o orchestr\u0103 simfonic\u0103. Un oaspete de seam\u0103 al ora\u0219ului datorit\u0103 acesteia a fost muzicianul Johannes Brahms.<\/span><\/li>\n<\/ul>\n<h3><b>Puzzle 1000 piese Sighi\u0219oara te conecteaz\u0103 cu cei dragi<\/b><\/h3>\n<p><span style=\"font-weight: 400;\">Puzzle 1000 piese Sighi\u0219oara \u00ee\u021bi ofer\u0103 multe ore de lini\u0219te \u0219i armonie de care orice pasionat de jocuri puzzle are nevoie. Dac\u0103 vrei s\u0103 le \u00eemp\u0103rt\u0103\u0219e\u0219ti copiilor t\u0103i secretele de asamblare ale unui puzzle 1000 piese, ai acum prilejul perfect.\u00a0<\/span><\/p>\n<p><span style=\"font-weight: 400;\">Transform\u0103 astfel o activitate solitar\u0103 \u00eentr-o experien\u021b\u0103 distractiv\u0103 \u00eempreun\u0103 cu adolescen\u021bii. G\u00e2ndi\u021bi strategii inovatoare \u0219i alc\u0103tui\u021bi \u00eempreun\u0103 imaginea fascinantei cet\u0103\u021bi medievale. Cu puzzle 1000 piese Sighi\u0219oara petreci timp de calitate \u0219i construie\u0219ti amintiri de neuitat al\u0103turi de copiii t\u0103i.\u00a0<\/span><\/p>\n<p><span style=\"font-weight: 400;\">Puzzle adul\u021bi 1000 piese Sighi\u0219oara poate fi un cadou deosebit pentru momentele \u00een care nu \u0219ti ce s\u0103 oferi celor dragi \u0219i se preteaz\u0103 la diverse ocazii: de s\u0103rb\u0103tori sau de zile aniversare.<\/span><\/p>\n","protected":false},"excerpt":{"rendered":"<p>Las\u0103-\u021bi imagina\u021bia liber\u0103 \u0219i porne\u0219te la pas \u00eentr-un ora\u0219 medieval de poveste cu puzzle adul\u021bi 1000 piese Sighi\u0219oara. Dac\u0103 e\u0219ti<\/p>\n","protected":false},"featured_media":59770,"template":"","meta":[],"product_brand":[],"product_cat":[1454,1488,1560],"product_tag":[],"class_list":{"0":"post-18596","1":"product","2":"type-product","3":"status-publish","4":"has-post-thumbnail","6":"product_cat-puzzle","7":"product_cat-puzzle-adulti","8":"product_cat-puzzle-adulti-1000","9":"pa_bax-1307","10":"pa_brand-deico","11":"pa_country_of_manufacture-ro","12":"pa_filter_age-1315","13":"pa_painter-romania","14":"pa_tip_ambalaj-cutie","15":"pa_tip_puzzle-clasic","17":"first","18":"instock","19":"taxable","20":"shipping-taxable","21":"product-type-simple"},"yoast_head":"<!-- This site is optimized with the Yoast SEO plugin v20.1 - https:\/\/yoast.com\/wordpress\/plugins\/seo\/ -->\n<title>Puzzle adul\u021bi 1000 piese - Sighi\u0219oara - Roovi B2B<\/title>\n<meta name=\"robots\" content=\"index, follow, max-snippet:-1, max-image-preview:large, max-video-preview:-1\" \/>\n<link rel=\"canonical\" href=\"https:\/\/www.roovi.ro\/puzzle-sighisoara-deico-games-1000-piese\/p\/\" \/>\n<meta property=\"og:locale\" content=\"ro_RO\" \/>\n<meta property=\"og:type\" content=\"article\" \/>\n<meta property=\"og:title\" content=\"Puzzle adul\u021bi 1000 piese - Sighi\u0219oara - Roovi B2B\" \/>\n<meta property=\"og:description\" content=\"Las\u0103-\u021bi imagina\u021bia liber\u0103 \u0219i porne\u0219te la pas \u00eentr-un ora\u0219 medieval de poveste cu puzzle adul\u021bi 1000 piese Sighi\u0219oara. Dac\u0103 e\u0219ti\" \/>\n<meta property=\"og:url\" content=\"https:\/\/www.roovi.ro\/puzzle-sighisoara-deico-games-1000-piese\/p\/\" \/>\n<meta property=\"og:site_name\" content=\"Roovi B2B\" \/>\n<meta property=\"article:publisher\" content=\"https:\/\/www.facebook.com\/wwwjucariero\" \/>\n<meta property=\"article:modified_time\" content=\"2025-03-19T07:04:51+00:00\" \/>\n<meta property=\"og:image\" content=\"https:\/\/business.roovi.com\/wp-content\/uploads\/2018\/04\/76021-Ansamblu_dimensiuni-cutie-cm_vertical.png\" \/>\n\t<meta property=\"og:image:width\" content=\"1200\" \/>\n\t<meta property=\"og:image:height\" content=\"1200\" \/>\n\t<meta property=\"og:image:type\" content=\"image\/png\" \/>\n<meta name=\"twitter:label1\" content=\"Timp estimat pentru citire\" \/>\n\t<meta name=\"twitter:data1\" content=\"3 minute\" \/>\n<script type=\"application\/ld+json\" class=\"yoast-schema-graph\">{\"@context\":\"https:\/\/schema.org\",\"@graph\":[{\"@type\":\"WebPage\",\"@id\":\"https:\/\/business.roovi.com\/ro\/puzzle-sighisoara-deico-games-1000-piese\/p\/\",\"url\":\"https:\/\/www.roovi.ro\/puzzle-sighisoara-deico-games-1000-piese\/p\/\",\"name\":\"Puzzle adul\u021bi 1000 piese - Sighi\u0219oara - Roovi B2B\",\"isPartOf\":{\"@id\":\"https:\/\/business.roovi.com\/ro\/#website\"},\"datePublished\":\"2018-04-16T10:56:18+00:00\",\"dateModified\":\"2025-03-19T07:04:51+00:00\",\"breadcrumb\":{\"@id\":\"https:\/\/www.roovi.ro\/puzzle-sighisoara-deico-games-1000-piese\/p\/#breadcrumb\"},\"inLanguage\":\"ro-RO\",\"potentialAction\":[{\"@type\":\"ReadAction\",\"target\":[\"https:\/\/www.roovi.ro\/puzzle-sighisoara-deico-games-1000-piese\/p\/\"]}]},{\"@type\":\"BreadcrumbList\",\"@id\":\"https:\/\/www.roovi.ro\/puzzle-sighisoara-deico-games-1000-piese\/p\/#breadcrumb\",\"itemListElement\":[{\"@type\":\"ListItem\",\"position\":1,\"name\":\"Home\",\"item\":\"https:\/\/business.roovi.com\/ro\/\"},{\"@type\":\"ListItem\",\"position\":2,\"name\":\"Magazin\",\"item\":\"https:\/\/business.roovi.com\/ro\/magazin\/\"},{\"@type\":\"ListItem\",\"position\":3,\"name\":\"Puzzle adul\u021bi 1000 piese &#8211; Sighi\u0219oara\"}]},{\"@type\":\"WebSite\",\"@id\":\"https:\/\/business.roovi.com\/ro\/#website\",\"url\":\"https:\/\/business.roovi.com\/ro\/\",\"name\":\"Roovi B2B\",\"description\":\"Roovi Business Website\",\"potentialAction\":[{\"@type\":\"SearchAction\",\"target\":{\"@type\":\"EntryPoint\",\"urlTemplate\":\"https:\/\/business.roovi.com\/ro\/?s={search_term_string}\"},\"query-input\":\"required name=search_term_string\"}],\"inLanguage\":\"ro-RO\"}]}<\/script>\n<!-- \/ Yoast SEO plugin. -->","yoast_head_json":{"title":"Puzzle adul\u021bi 1000 piese - Sighi\u0219oara - Roovi B2B","robots":{"index":"index","follow":"follow","max-snippet":"max-snippet:-1","max-image-preview":"max-image-preview:large","max-video-preview":"max-video-preview:-1"},"canonical":"https:\/\/www.roovi.ro\/puzzle-sighisoara-deico-games-1000-piese\/p\/","og_locale":"ro_RO","og_type":"article","og_title":"Puzzle adul\u021bi 1000 piese - Sighi\u0219oara - Roovi B2B","og_description":"Las\u0103-\u021bi imagina\u021bia liber\u0103 \u0219i porne\u0219te la pas \u00eentr-un ora\u0219 medieval de poveste cu puzzle adul\u021bi 1000 piese Sighi\u0219oara. Dac\u0103 e\u0219ti","og_url":"https:\/\/www.roovi.ro\/puzzle-sighisoara-deico-games-1000-piese\/p\/","og_site_name":"Roovi B2B","article_publisher":"https:\/\/www.facebook.com\/wwwjucariero","article_modified_time":"2025-03-19T07:04:51+00:00","og_image":[{"width":1200,"height":1200,"url":"https:\/\/business.roovi.com\/wp-content\/uploads\/2018\/04\/76021-Ansamblu_dimensiuni-cutie-cm_vertical.png","type":"image\/png"}],"twitter_misc":{"Timp estimat pentru citire":"3 minute"},"schema":{"@context":"https:\/\/schema.org","@graph":[{"@type":"WebPage","@id":"https:\/\/business.roovi.com\/ro\/puzzle-sighisoara-deico-games-1000-piese\/p\/","url":"https:\/\/www.roovi.ro\/puzzle-sighisoara-deico-games-1000-piese\/p\/","name":"Puzzle adul\u021bi 1000 piese - Sighi\u0219oara - Roovi B2B","isPartOf":{"@id":"https:\/\/business.roovi.com\/ro\/#website"},"datePublished":"2018-04-16T10:56:18+00:00","dateModified":"2025-03-19T07:04:51+00:00","breadcrumb":{"@id":"https:\/\/www.roovi.ro\/puzzle-sighisoara-deico-games-1000-piese\/p\/#breadcrumb"},"inLanguage":"ro-RO","potentialAction":[{"@type":"ReadAction","target":["https:\/\/www.roovi.ro\/puzzle-sighisoara-deico-games-1000-piese\/p\/"]}]},{"@type":"BreadcrumbList","@id":"https:\/\/www.roovi.ro\/puzzle-sighisoara-deico-games-1000-piese\/p\/#breadcrumb","itemListElement":[{"@type":"ListItem","position":1,"name":"Home","item":"https:\/\/business.roovi.com\/ro\/"},{"@type":"ListItem","position":2,"name":"Magazin","item":"https:\/\/business.roovi.com\/ro\/magazin\/"},{"@type":"ListItem","position":3,"name":"Puzzle adul\u021bi 1000 piese &#8211; Sighi\u0219oara"}]},{"@type":"WebSite","@id":"https:\/\/business.roovi.com\/ro\/#website","url":"https:\/\/business.roovi.com\/ro\/","name":"Roovi B2B","description":"Roovi Business Website","potentialAction":[{"@type":"SearchAction","target":{"@type":"EntryPoint","urlTemplate":"https:\/\/business.roovi.com\/ro\/?s={search_term_string}"},"query-input":"required name=search_term_string"}],"inLanguage":"ro-RO"}]}},"_links":{"self":[{"href":"https:\/\/business.roovi.com\/ro\/wp-json\/wp\/v2\/product\/18596","targetHints":{"allow":["GET"]}}],"collection":[{"href":"https:\/\/business.roovi.com\/ro\/wp-json\/wp\/v2\/product"}],"about":[{"href":"https:\/\/business.roovi.com\/ro\/wp-json\/wp\/v2\/types\/product"}],"version-history":[{"count":0,"href":"https:\/\/business.roovi.com\/ro\/wp-json\/wp\/v2\/product\/18596\/revisions"}],"wp:featuredmedia":[{"embeddable":true,"href":"https:\/\/business.roovi.com\/ro\/wp-json\/wp\/v2\/media\/59770"}],"wp:attachment":[{"href":"https:\/\/business.roovi.com\/ro\/wp-json\/wp\/v2\/media?parent=18596"}],"wp:term":[{"taxonomy":"product_brand","embeddable":true,"href":"https:\/\/business.roovi.com\/ro\/wp-json\/wp\/v2\/product_brand?post=18596"},{"taxonomy":"product_cat","embeddable":true,"href":"https:\/\/business.roovi.com\/ro\/wp-json\/wp\/v2\/product_cat?post=18596"},{"taxonomy":"product_tag","embeddable":true,"href":"https:\/\/business.roovi.com\/ro\/wp-json\/wp\/v2\/product_tag?post=18596"}],"curies":[{"name":"wp","href":"https:\/\/api.w.org\/{rel}","templated":true}]}}