{"id":18614,"date":"2018-04-16T10:56:18","date_gmt":"2018-04-16T10:56:18","guid":{"rendered":"https:\/\/business.roovi.com\/product\/puzzle-muzeul-muzeul-louvre-1000-piese\/"},"modified":"2025-03-19T07:07:04","modified_gmt":"2025-03-19T07:07:04","slug":"puzzle-adulti-1000-piese-muzeul-luvru","status":"publish","type":"product","link":"https:\/\/business.roovi.com\/ro\/puzzle-adulti-1000-piese-muzeul-luvru\/p\/","title":{"rendered":"Puzzle adul\u021bi 1000 piese Muzeul Luvru"},"content":{"rendered":"<p><strong><em>S\u0103 vizitezi cel mai renumit muzeul din lume este fascinant, dar cum ar fi s\u0103 admiri acest obiectiv emblematic zi de zi? A\u0219az\u0103 \u00een ordine piesele din puzzle 1000 \u0219i bucur\u0103-te de un tablou original, cu imaginea impozantului muzeu Luvru.<\/em><\/strong><\/p>\n<p><span style=\"font-weight: 400;\">S\u0103 o admiri pe Mona Lisa, pe Venus din Milo \u0219i s\u0103 te pierzi printre mii de capodopere din cele mai \u00eendep\u0103rtate vremuri istorice este o adev\u0103rat\u0103 \u00eenc\u00e2ntare. Dar dac\u0103 timpul nu-\u021bi permite sau dac\u0103 vrei s\u0103 p\u0103strezi pentru totdeauna imaginea celui mai vizitat muzeu din Europa, puzzle 1000 piese Muzeul Luvru este o alternativ\u0103 demn\u0103 de luat \u00een calcul.<\/span><\/p>\n<p><span style=\"font-weight: 400;\">Piesele din carton de calitate superioar\u0103 sunt t\u0103iate cu precizie \u0219i se \u00eembin\u0103 perfect astfel c\u0103 tabloul ob\u021binut este o adev\u0103rat\u0103 capodoper\u0103 de art\u0103. Imaginea superb\u0103 pe care o ob\u021bii din puzzle adul\u021bi 1000 piese Muzeul Luvru se poate transforma \u00eentr-un obiect decorativ rafinat ce va da personalitate oric\u0103rui loc \u00een care \u00eel expui.<\/span><\/p>\n<p><span style=\"font-weight: 400;\">Se spune c\u0103 pentru a vedea fiecare pies\u0103 expus\u0103 \u00een muzeu, \u021bi-ar trebui 100 de zile! Asta \u00een condi\u021biile \u00een care ai sta s\u0103 admiri fiecare capodoper\u0103 timp de 30 de secunde \u0219i doar at\u00e2t. Cu puzzle 1000 piese Muzeul Luvru noi \u00ee\u021bi garant\u0103m p\u00e2n\u0103 la 30 de ore de distrac\u021bie relaxant\u0103. Dac\u0103 e\u0219ti deja un expert \u00een jocuri puzzle sau dac\u0103 \u00eel asamblezi \u00eempreun\u0103 cu cei dragi, timpul este mult mai scurt. Alege a\u0219adar acest puzzle pentru adul\u021bi minunat \u0219i d\u0103 valoare timpului t\u0103u liber.<\/span><\/p>\n<p><strong>Caracteristici puzzle adul\u021bi 1000 piese muzeul Luvru<\/strong><\/p>\n<p><strong>Dimensiuni imagine reconstituit\u0103: 68 x 47 cm.<\/strong><\/p>\n<p><strong>Material puzzle:\u00a0<\/strong><\/p>\n<p><strong>carton albastru de o calitate superioar\u0103<\/strong><\/p>\n<p><strong>materiale sustenabile, reciclabile<\/strong><\/p>\n<p><strong>finisaj semi-lucios, culori vii<\/strong><\/p>\n<p><strong>Num\u0103rul pieselor de puzzle: 1000<\/strong><\/p>\n<p><strong>V\u00e2rsta recomandat\u0103: 14+<\/strong><\/p>\n<p><span style=\"font-weight: 400;\">Jocurile puzzle \u00ee\u021bi ofer\u0103 multiple avantaje care se reflect\u0103 pe diverse planuri:<\/span><\/p>\n<ul>\n<li><span style=\"font-weight: 400;\">Sunt o modalitate uimitoare de relaxare \u0219i deconectare.<\/span><\/li>\n<li><span style=\"font-weight: 400;\">\u00ce\u021bi cultiv\u0103 aten\u021bia la detalii, r\u0103bdarea \u0219i perseveren\u021ba.<\/span><\/li>\n<li><span style=\"font-weight: 400;\">Sunt un excelent antrenament mental \u0219i \u00ee\u021bi men\u021bin memoria ascu\u021bit\u0103.<\/span><\/li>\n<li><span style=\"font-weight: 400;\">Te ajut\u0103 s\u0103-\u021bi \u00eembun\u0103t\u0103\u021be\u0219ti capacitatea de a rezolva probleme.<\/span><\/li>\n<li><span style=\"font-weight: 400;\">Pot fi un prilej de a petrece timpul liber \u00eempreun\u0103 cu adolescen\u021bii.<\/span><\/li>\n<\/ul>\n<p><strong>\u0218tiai c\u0103\u2026<\/strong><\/p>\n<p><span style=\"font-weight: 400;\">Muzeul Luvru a fost construit ini\u021bial pentru a fi o cetate de ap\u0103rare. Muzeul a avut de-a lungul vremii \u00eentrebuin\u021b\u0103ri diverse: \u00een secolul al XVI-lea devine re\u0219edin\u021b\u0103 regal\u0103, iar \u00een timpul celui de-al II-lea R\u0103zboi Mondial, nazi\u0219tii \u00eel folosesc drept depozit pentru operele de art\u0103 furate.<\/span><\/p>\n<p><span style=\"font-weight: 400;\">\u00cen timpul lui Napoleon, muzeul Luvru a fost redenumit, cum altfel dac\u0103 nu\u2026 Muzeul Napoleon!<\/span><\/p>\n<p><span style=\"font-weight: 400;\">Mona Lisa este protejat\u0103 de un geam antiglon\u021b \u0219i are proprii bodyguarzi.<\/span><\/p>\n<p><span style=\"font-weight: 400;\">Piramida de sticl\u0103 din exteriorul muzeului a fost construit\u0103 \u00een 1989 \u0219i este opera unui arhitect de origine chinez\u0103.<\/span><\/p>\n<p><span style=\"font-weight: 400;\">Muzeul ad\u0103poste\u0219te nenum\u0103rate exponate de art\u0103 egiptean\u0103, aceasta fiind una dintre cele mai renumite colec\u021bii din lume.<\/span><\/p>\n<p><strong>Puzzle 1000 piese Muzeul Luvru o activitate recreativ\u0103, \u00een familie<\/strong><\/p>\n<p><span style=\"font-weight: 400;\">Vrei s\u0103 \u00ee\u021bi petreci mai mult timp cu copiii t\u0103i \u0219i cau\u021bi o activitate care s\u0103 \u00eei \u021bin\u0103 departe de ecrane? Alege puzzle 1000 piese Muzeul Luvru \u0219i crea\u021bi \u00eempreun\u0103 un tablou reu\u0219it. Imagina\u021bi-v\u0103 c\u0103 v\u0103 plimba\u021bi cu to\u021bii \u00een cel mai mare muzeu din Europa \u0219i v\u0103 bucura\u021bi de fiecare oper\u0103 expus\u0103.<\/span><\/p>\n<p><span style=\"font-weight: 400;\">Mai mult dec\u00e2t un exerci\u021biu imaginativ, asamblarea acestui joc puzzle este \u0219i o adev\u0103rat\u0103 binecuv\u00e2ntare pentru ochii vo\u0219tri care stau departe de lumina albastr\u0103 a ecranelor \u0219i se relaxeaz\u0103 dup\u0103 multe ore de solicitare.<\/span><\/p>\n<p><span style=\"font-weight: 400;\">Puzzle 1000 piese Muzeul Luvru este a\u0219adar op\u021biunea perfect\u0103 dac\u0103 e\u0219ti pasionat de puzzle adul\u021bi \u0219i \u00ee\u021bi dore\u0219ti c\u00e2teva ore \u00een care s\u0103 te retragi din cotidian sau dac\u0103 vrei s\u0103 spargi monotonia din familie. De asemenea, acest joc puzzle deosebit poate fi un cadou minunat de s\u0103rb\u0103tori sau la ocazii aniversare.<\/span><\/p>\n","protected":false},"excerpt":{"rendered":"<p>S\u0103 vizitezi cel mai renumit muzeul din lume este fascinant, dar cum ar fi s\u0103 admiri acest obiectiv emblematic zi<\/p>\n","protected":false},"featured_media":64123,"template":"","meta":[],"product_brand":[],"product_cat":[1454,1488,1560],"product_tag":[],"class_list":{"0":"post-18614","1":"product","2":"type-product","3":"status-publish","4":"has-post-thumbnail","6":"product_cat-puzzle","7":"product_cat-puzzle-adulti","8":"product_cat-puzzle-adulti-1000","9":"pa_bax-1307","10":"pa_brand-deico","11":"pa_country_of_manufacture-ro","12":"pa_filter_age-1315","13":"pa_painter-europe","14":"pa_tip_ambalaj-cutie","15":"pa_tip_puzzle-clasic","17":"first","18":"instock","19":"taxable","20":"shipping-taxable","21":"product-type-simple"},"yoast_head":"<!-- This site is optimized with the Yoast SEO plugin v20.1 - https:\/\/yoast.com\/wordpress\/plugins\/seo\/ -->\n<title>Puzzle adul\u021bi 1000 piese Muzeul Luvru - Roovi B2B<\/title>\n<meta name=\"robots\" content=\"index, follow, max-snippet:-1, max-image-preview:large, max-video-preview:-1\" \/>\n<link rel=\"canonical\" href=\"https:\/\/www.roovi.ro\/puzzle-adulti-1000-piese-muzeul-luvru\/p\/\" \/>\n<meta property=\"og:locale\" content=\"ro_RO\" \/>\n<meta property=\"og:type\" content=\"article\" \/>\n<meta property=\"og:title\" content=\"Puzzle adul\u021bi 1000 piese Muzeul Luvru - Roovi B2B\" \/>\n<meta property=\"og:description\" content=\"S\u0103 vizitezi cel mai renumit muzeul din lume este fascinant, dar cum ar fi s\u0103 admiri acest obiectiv emblematic zi\" \/>\n<meta property=\"og:url\" content=\"https:\/\/www.roovi.ro\/puzzle-adulti-1000-piese-muzeul-luvru\/p\/\" \/>\n<meta property=\"og:site_name\" content=\"Roovi B2B\" \/>\n<meta property=\"article:publisher\" content=\"https:\/\/www.facebook.com\/wwwjucariero\" \/>\n<meta property=\"article:modified_time\" content=\"2025-03-19T07:07:04+00:00\" \/>\n<meta property=\"og:image\" content=\"https:\/\/business.roovi.com\/wp-content\/uploads\/2018\/04\/75772-Ansamblu_dimensiuni-cutie-cm_orizontal-2-1.png\" \/>\n\t<meta property=\"og:image:width\" content=\"1200\" \/>\n\t<meta property=\"og:image:height\" content=\"1200\" \/>\n\t<meta property=\"og:image:type\" content=\"image\/png\" \/>\n<meta name=\"twitter:label1\" content=\"Timp estimat pentru citire\" \/>\n\t<meta name=\"twitter:data1\" content=\"3 minute\" \/>\n<script type=\"application\/ld+json\" class=\"yoast-schema-graph\">{\"@context\":\"https:\/\/schema.org\",\"@graph\":[{\"@type\":\"WebPage\",\"@id\":\"https:\/\/business.roovi.com\/ro\/puzzle-adulti-1000-piese-muzeul-luvru\/p\/\",\"url\":\"https:\/\/www.roovi.ro\/puzzle-adulti-1000-piese-muzeul-luvru\/p\/\",\"name\":\"Puzzle adul\u021bi 1000 piese Muzeul Luvru - Roovi B2B\",\"isPartOf\":{\"@id\":\"https:\/\/business.roovi.com\/ro\/#website\"},\"datePublished\":\"2018-04-16T10:56:18+00:00\",\"dateModified\":\"2025-03-19T07:07:04+00:00\",\"breadcrumb\":{\"@id\":\"https:\/\/www.roovi.ro\/puzzle-adulti-1000-piese-muzeul-luvru\/p\/#breadcrumb\"},\"inLanguage\":\"ro-RO\",\"potentialAction\":[{\"@type\":\"ReadAction\",\"target\":[\"https:\/\/www.roovi.ro\/puzzle-adulti-1000-piese-muzeul-luvru\/p\/\"]}]},{\"@type\":\"BreadcrumbList\",\"@id\":\"https:\/\/www.roovi.ro\/puzzle-adulti-1000-piese-muzeul-luvru\/p\/#breadcrumb\",\"itemListElement\":[{\"@type\":\"ListItem\",\"position\":1,\"name\":\"Home\",\"item\":\"https:\/\/business.roovi.com\/ro\/\"},{\"@type\":\"ListItem\",\"position\":2,\"name\":\"Magazin\",\"item\":\"https:\/\/business.roovi.com\/ro\/magazin\/\"},{\"@type\":\"ListItem\",\"position\":3,\"name\":\"Puzzle adul\u021bi 1000 piese Muzeul Luvru\"}]},{\"@type\":\"WebSite\",\"@id\":\"https:\/\/business.roovi.com\/ro\/#website\",\"url\":\"https:\/\/business.roovi.com\/ro\/\",\"name\":\"Roovi B2B\",\"description\":\"Roovi Business Website\",\"potentialAction\":[{\"@type\":\"SearchAction\",\"target\":{\"@type\":\"EntryPoint\",\"urlTemplate\":\"https:\/\/business.roovi.com\/ro\/?s={search_term_string}\"},\"query-input\":\"required name=search_term_string\"}],\"inLanguage\":\"ro-RO\"}]}<\/script>\n<!-- \/ Yoast SEO plugin. -->","yoast_head_json":{"title":"Puzzle adul\u021bi 1000 piese Muzeul Luvru - Roovi B2B","robots":{"index":"index","follow":"follow","max-snippet":"max-snippet:-1","max-image-preview":"max-image-preview:large","max-video-preview":"max-video-preview:-1"},"canonical":"https:\/\/www.roovi.ro\/puzzle-adulti-1000-piese-muzeul-luvru\/p\/","og_locale":"ro_RO","og_type":"article","og_title":"Puzzle adul\u021bi 1000 piese Muzeul Luvru - Roovi B2B","og_description":"S\u0103 vizitezi cel mai renumit muzeul din lume este fascinant, dar cum ar fi s\u0103 admiri acest obiectiv emblematic zi","og_url":"https:\/\/www.roovi.ro\/puzzle-adulti-1000-piese-muzeul-luvru\/p\/","og_site_name":"Roovi B2B","article_publisher":"https:\/\/www.facebook.com\/wwwjucariero","article_modified_time":"2025-03-19T07:07:04+00:00","og_image":[{"width":1200,"height":1200,"url":"https:\/\/business.roovi.com\/wp-content\/uploads\/2018\/04\/75772-Ansamblu_dimensiuni-cutie-cm_orizontal-2-1.png","type":"image\/png"}],"twitter_misc":{"Timp estimat pentru citire":"3 minute"},"schema":{"@context":"https:\/\/schema.org","@graph":[{"@type":"WebPage","@id":"https:\/\/business.roovi.com\/ro\/puzzle-adulti-1000-piese-muzeul-luvru\/p\/","url":"https:\/\/www.roovi.ro\/puzzle-adulti-1000-piese-muzeul-luvru\/p\/","name":"Puzzle adul\u021bi 1000 piese Muzeul Luvru - Roovi B2B","isPartOf":{"@id":"https:\/\/business.roovi.com\/ro\/#website"},"datePublished":"2018-04-16T10:56:18+00:00","dateModified":"2025-03-19T07:07:04+00:00","breadcrumb":{"@id":"https:\/\/www.roovi.ro\/puzzle-adulti-1000-piese-muzeul-luvru\/p\/#breadcrumb"},"inLanguage":"ro-RO","potentialAction":[{"@type":"ReadAction","target":["https:\/\/www.roovi.ro\/puzzle-adulti-1000-piese-muzeul-luvru\/p\/"]}]},{"@type":"BreadcrumbList","@id":"https:\/\/www.roovi.ro\/puzzle-adulti-1000-piese-muzeul-luvru\/p\/#breadcrumb","itemListElement":[{"@type":"ListItem","position":1,"name":"Home","item":"https:\/\/business.roovi.com\/ro\/"},{"@type":"ListItem","position":2,"name":"Magazin","item":"https:\/\/business.roovi.com\/ro\/magazin\/"},{"@type":"ListItem","position":3,"name":"Puzzle adul\u021bi 1000 piese Muzeul Luvru"}]},{"@type":"WebSite","@id":"https:\/\/business.roovi.com\/ro\/#website","url":"https:\/\/business.roovi.com\/ro\/","name":"Roovi B2B","description":"Roovi Business Website","potentialAction":[{"@type":"SearchAction","target":{"@type":"EntryPoint","urlTemplate":"https:\/\/business.roovi.com\/ro\/?s={search_term_string}"},"query-input":"required name=search_term_string"}],"inLanguage":"ro-RO"}]}},"_links":{"self":[{"href":"https:\/\/business.roovi.com\/ro\/wp-json\/wp\/v2\/product\/18614","targetHints":{"allow":["GET"]}}],"collection":[{"href":"https:\/\/business.roovi.com\/ro\/wp-json\/wp\/v2\/product"}],"about":[{"href":"https:\/\/business.roovi.com\/ro\/wp-json\/wp\/v2\/types\/product"}],"version-history":[{"count":0,"href":"https:\/\/business.roovi.com\/ro\/wp-json\/wp\/v2\/product\/18614\/revisions"}],"wp:featuredmedia":[{"embeddable":true,"href":"https:\/\/business.roovi.com\/ro\/wp-json\/wp\/v2\/media\/64123"}],"wp:attachment":[{"href":"https:\/\/business.roovi.com\/ro\/wp-json\/wp\/v2\/media?parent=18614"}],"wp:term":[{"taxonomy":"product_brand","embeddable":true,"href":"https:\/\/business.roovi.com\/ro\/wp-json\/wp\/v2\/product_brand?post=18614"},{"taxonomy":"product_cat","embeddable":true,"href":"https:\/\/business.roovi.com\/ro\/wp-json\/wp\/v2\/product_cat?post=18614"},{"taxonomy":"product_tag","embeddable":true,"href":"https:\/\/business.roovi.com\/ro\/wp-json\/wp\/v2\/product_tag?post=18614"}],"curies":[{"name":"wp","href":"https:\/\/api.w.org\/{rel}","templated":true}]}}