{"id":18654,"date":"2018-04-16T10:56:18","date_gmt":"2018-04-16T10:56:18","guid":{"rendered":"https:\/\/business.roovi.com\/product\/puzzle-classic-tales-1000-piese-2\/"},"modified":"2023-03-20T21:37:42","modified_gmt":"2023-03-20T21:37:42","slug":"puzzle-adulti-1000-piese-classic-tales-little-red-riding-hood-scufita-rosie","status":"publish","type":"product","link":"https:\/\/business.roovi.com\/ro\/puzzle-adulti-1000-piese-classic-tales-little-red-riding-hood-scufita-rosie\/p\/","title":{"rendered":"Puzzle adul\u021bi 1000 piese Classic Tales &#8211; Little Red Riding Hood \/ Scufi\u021ba Ro\u0219ie"},"content":{"rendered":"<p><span style=\"font-weight: 400;\">\u00ce\u021bi pl\u0103ceau pove\u0219tile \u00een copil\u0103rie \u0219i \u021bi-ai dori s\u0103 reg\u0103se\u0219ti farmecul lor \u00eentr-o activitate relaxant\u0103? Puzzle 1000 piese Scufi\u021ba Ro\u0219ie este exact ceea ce \u00ee\u021bi trebuie.\u00a0<\/span><\/p>\n<p><span style=\"font-weight: 400;\">Asambleaz\u0103 imaginea cu o grafic\u0103 original\u0103 impecabil\u0103 \u0219i tr\u0103ie\u0219te multe ore de distrac\u021bie \u0219i deta\u0219are \u00een compania unui joc puzzle deosebit.<\/span><\/p>\n<p><span style=\"font-weight: 400;\">Puzzle 1000 piese Classic Tales &#8211; Little Red Riding Hood \/ Scufi\u021ba Ro\u0219ie red\u0103 scena \u00een care Lupul, deghizat \u00een Bunicu\u021ba, o ademene\u0219te pe Scufi\u021ba Ro\u0219ie. Ilustra\u021bia inedit\u0103 a artistului contemporan Biro Donat este plin\u0103 de umor \u0219i te va face s\u0103 retr\u0103ie\u0219ti momentele copil\u0103riei c\u00e2nd a\u0219teptai cu sufletul la gur\u0103 finalul pove\u0219tii.<\/span><\/p>\n<p><span style=\"font-weight: 400;\">Vrei s\u0103 petreci timp de calitate cu copiii t\u0103i? Puzzle 1000 piese \u00ee\u021bi ofer\u0103 aceast\u0103 oportunitate. \u00cemp\u0103r\u021bi\u021bi piesele \u0219i stabili\u021bi fiec\u0103rui participant sarcini precise. Cineva poate reface Lupul deghizat, altcineva Scufi\u021ba Ro\u0219ie, conturul tabloului \u00eel pute\u021bi realiza lucr\u00e2nd \u00een echip\u0103.\u00a0<\/span><\/p>\n<p><span style=\"font-weight: 400;\">La final ve\u021bi ob\u021bine un tablou minunat pe care \u00eel pute\u021bi desface \u0219i reface ori de c\u00e2te ori sim\u021bi\u021bi nevoie unei provoc\u0103ri creative. Sau \u00eel pute\u021bi pune \u00een ram\u0103 \u0219i \u00eenfrumuse\u021ba camera copiilor cu el.<\/span><\/p>\n<p><span style=\"font-weight: 400;\">Caracteristici puzzle 1000 piese Classic Tales &#8211; Little Red Riding Hood \/ Scufi\u021ba Ro\u0219ie:<\/span><\/p>\n<p><strong>Dimensiuni imagine ref\u0103cut\u0103: 50 x 70 cm. Pentru asamblare po\u021bi utiliza o m\u0103su\u021b\u0103 standard de cafea.<\/strong><\/p>\n<p><strong>Material puzzle:\u00a0<\/strong><\/p>\n<p><strong>carton albastru de o calitate superioar\u0103<\/strong><\/p>\n<p><strong>materiale sustenabile, reciclabile<\/strong><\/p>\n<p><strong>finisaj semi-lucios, culori vii<\/strong><\/p>\n<p><strong>Num\u0103rul pieselor de puzzle: 1000<\/strong><\/p>\n<p><strong>V\u00e2rsta recomandat\u0103: 14+<\/strong><\/p>\n<p><strong>5 beneficii de care te po\u021bi bucura cu puzzle 1000 piese Scufi\u021ba Ro\u0219ie<\/strong><\/p>\n<p><span style=\"font-weight: 400;\">1. \u00ce\u021bi ofer\u0103 posibilitatea de a crea clipe magice \u0219i amintiri de neuitat al\u0103turi de copiii t\u0103i.<\/span><\/p>\n<p><span style=\"font-weight: 400;\">2. Este un prilej de distrac\u021bie \u0219i relaxare al\u0103turi de cei dragi.<\/span><\/p>\n<p><span style=\"font-weight: 400;\">3. Te ajut\u0103 s\u0103 \u00ee\u021bi exersezi abilit\u0103\u021bile de asamblare a jocurilor puzzle.<\/span><\/p>\n<p><span style=\"font-weight: 400;\">4. Te ajut\u0103 s\u0103 comunici mai u\u0219or \u0219i s\u0103 creezi leg\u0103turi mai str\u00e2nse cu cei dragi.<\/span><\/p>\n<p><span style=\"font-weight: 400;\">5. Ai ocazia s\u0103 construie\u0219ti \u00eempreun\u0103 cu copiii t\u0103i un obiect decorativ minunat.<\/span><\/p>\n<p><strong>\u0218tiai c\u0103\u2026?<\/strong><\/p>\n<p><span style=\"font-weight: 400;\">Scufi\u021ba Ro\u0219ie este o poveste str\u0103veche care a fost culeas\u0103 \u0219i scris\u0103 pentru prima dat\u0103 de Charles Perrault, \u00een secolul al XVII-lea.\u00a0<\/span><\/p>\n<p><span style=\"font-weight: 400;\">Un studiu din 2013 arat\u0103 c\u0103 versiunea oral\u0103 a pove\u0219tii provine din Orientul Mijlociu, tocmai din\u00a0 secolul I.<\/span><\/p>\n<p><span style=\"font-weight: 400;\">\u00cen trecut, povestea era interpretat\u0103 ca un rit de trecere din etapa pubert\u0103\u021bii la v\u00e2rsta maturit\u0103\u021bii.<\/span><\/p>\n<p><span style=\"font-weight: 400;\">Unele versiuni foarte vechi sunt de-a dreptul macabre. \u00cen una dintre acestea, Scufi\u021ba Ro\u0219ie \u00ee\u0219i m\u0103n\u00e2nc\u0103 bunica.<\/span><\/p>\n<p><span style=\"font-weight: 400;\">Chiar \u0219i versiunea lui Perrault este pesimist\u0103: povestea se termin\u0103 c\u00e2nd Scufi\u021ba este m\u00e2ncat\u0103 de lup. Abia \u00een secolul al XIX-lea, Fra\u021bii Grimm ofer\u0103 finalul fericit caracteristic basmelor.<\/span><\/p>\n<p><strong>Jocurile puzzle te ajut\u0103 s\u0103 \u00ee\u021bi dezvol\u021bi mai multe abilit\u0103\u021bi:<\/strong><\/p>\n<p><span style=\"font-weight: 400;\">Aten\u021bia la detalii<\/span><\/p>\n<p><span style=\"font-weight: 400;\">Perseveren\u021ba<\/span><\/p>\n<p><span style=\"font-weight: 400;\">Memoria<\/span><\/p>\n<p><span style=\"font-weight: 400;\">G\u00e2ndirea critic\u0103<\/span><\/p>\n<p><span style=\"font-weight: 400;\">\u00cendem\u00e2narea<\/span><\/p>\n<p><span style=\"font-weight: 400;\">Abilit\u0103\u021bile de rezolvare a problemelor.<\/span><\/p>\n<p><span style=\"font-weight: 400;\">Alege puzzle adul\u021bi 1000 piese Pove\u0219ti clasice &#8211; Scufi\u021ba Ro\u0219ie \u0219i tr\u0103ie\u0219tea bucuria reg\u0103sirii copil\u0103riei. Surprinde-\u021bi prietenii oferindu-le \u00een dar acest minunat joc puzzle.\u00a0<\/span><\/p>\n<p>\u00a0<\/p>\n","protected":false},"excerpt":{"rendered":"<p>\u00ce\u021bi pl\u0103ceau pove\u0219tile \u00een copil\u0103rie \u0219i \u021bi-ai dori s\u0103 reg\u0103se\u0219ti farmecul lor \u00eentr-o activitate relaxant\u0103? Puzzle 1000 piese Scufi\u021ba Ro\u0219ie<\/p>\n","protected":false},"featured_media":18640,"template":"","meta":[],"product_brand":[],"product_cat":[1454,1488,1560],"product_tag":[],"class_list":{"0":"post-18654","1":"product","2":"type-product","3":"status-publish","4":"has-post-thumbnail","6":"product_cat-puzzle","7":"product_cat-puzzle-adulti","8":"product_cat-puzzle-adulti-1000","9":"pa_brand-d_toys","10":"pa_country_of_manufacture-ro","11":"pa_filter_age-1315","12":"pa_painter-classictales","13":"pa_tip_ambalaj-cutie","14":"pa_tip_puzzle-clasic","16":"first","17":"instock","18":"taxable","19":"shipping-taxable","20":"product-type-simple"},"yoast_head":"<!-- This site is optimized with the Yoast SEO plugin v20.1 - https:\/\/yoast.com\/wordpress\/plugins\/seo\/ -->\n<title>Puzzle adul\u021bi 1000 piese Classic Tales - Little Red Riding Hood \/ Scufi\u021ba Ro\u0219ie - Roovi B2B<\/title>\n<meta name=\"robots\" content=\"index, follow, max-snippet:-1, max-image-preview:large, max-video-preview:-1\" \/>\n<link rel=\"canonical\" href=\"https:\/\/www.roovi.ro\/puzzle-adulti-1000-piese-classic-tales-little-red-riding-hood-scufita-rosie\/p\/\" \/>\n<meta property=\"og:locale\" content=\"ro_RO\" \/>\n<meta property=\"og:type\" content=\"article\" \/>\n<meta property=\"og:title\" content=\"Puzzle adul\u021bi 1000 piese Classic Tales - Little Red Riding Hood \/ Scufi\u021ba Ro\u0219ie - Roovi B2B\" \/>\n<meta property=\"og:description\" content=\"\u00ce\u021bi pl\u0103ceau pove\u0219tile \u00een copil\u0103rie \u0219i \u021bi-ai dori s\u0103 reg\u0103se\u0219ti farmecul lor \u00eentr-o activitate relaxant\u0103? Puzzle 1000 piese Scufi\u021ba Ro\u0219ie\" \/>\n<meta property=\"og:url\" content=\"https:\/\/www.roovi.ro\/puzzle-adulti-1000-piese-classic-tales-little-red-riding-hood-scufita-rosie\/p\/\" \/>\n<meta property=\"og:site_name\" content=\"Roovi B2B\" \/>\n<meta property=\"article:publisher\" content=\"https:\/\/www.facebook.com\/wwwjucariero\" \/>\n<meta property=\"article:modified_time\" content=\"2023-03-20T21:37:42+00:00\" \/>\n<meta property=\"og:image\" content=\"https:\/\/business.roovi.com\/wp-content\/uploads\/2018\/04\/72894-2_ansamblu_dimensiuni_cutie_cm_orizontal_1200x1200.png\" \/>\n\t<meta property=\"og:image:width\" content=\"1200\" \/>\n\t<meta property=\"og:image:height\" content=\"1200\" \/>\n\t<meta property=\"og:image:type\" content=\"image\/png\" \/>\n<meta name=\"twitter:label1\" content=\"Timp estimat pentru citire\" \/>\n\t<meta name=\"twitter:data1\" content=\"3 minute\" \/>\n<script type=\"application\/ld+json\" class=\"yoast-schema-graph\">{\"@context\":\"https:\/\/schema.org\",\"@graph\":[{\"@type\":\"WebPage\",\"@id\":\"https:\/\/business.roovi.com\/ro\/puzzle-adulti-1000-piese-classic-tales-little-red-riding-hood-scufita-rosie\/p\/\",\"url\":\"https:\/\/www.roovi.ro\/puzzle-adulti-1000-piese-classic-tales-little-red-riding-hood-scufita-rosie\/p\/\",\"name\":\"Puzzle adul\u021bi 1000 piese Classic Tales - Little Red Riding Hood \/ Scufi\u021ba Ro\u0219ie - Roovi B2B\",\"isPartOf\":{\"@id\":\"https:\/\/business.roovi.com\/ro\/#website\"},\"datePublished\":\"2018-04-16T10:56:18+00:00\",\"dateModified\":\"2023-03-20T21:37:42+00:00\",\"breadcrumb\":{\"@id\":\"https:\/\/www.roovi.ro\/puzzle-adulti-1000-piese-classic-tales-little-red-riding-hood-scufita-rosie\/p\/#breadcrumb\"},\"inLanguage\":\"ro-RO\",\"potentialAction\":[{\"@type\":\"ReadAction\",\"target\":[\"https:\/\/www.roovi.ro\/puzzle-adulti-1000-piese-classic-tales-little-red-riding-hood-scufita-rosie\/p\/\"]}]},{\"@type\":\"BreadcrumbList\",\"@id\":\"https:\/\/www.roovi.ro\/puzzle-adulti-1000-piese-classic-tales-little-red-riding-hood-scufita-rosie\/p\/#breadcrumb\",\"itemListElement\":[{\"@type\":\"ListItem\",\"position\":1,\"name\":\"Home\",\"item\":\"https:\/\/business.roovi.com\/ro\/\"},{\"@type\":\"ListItem\",\"position\":2,\"name\":\"Magazin\",\"item\":\"https:\/\/business.roovi.com\/ro\/magazin\/\"},{\"@type\":\"ListItem\",\"position\":3,\"name\":\"Puzzle adul\u021bi 1000 piese Classic Tales &#8211; Little Red Riding Hood \/ Scufi\u021ba Ro\u0219ie\"}]},{\"@type\":\"WebSite\",\"@id\":\"https:\/\/business.roovi.com\/ro\/#website\",\"url\":\"https:\/\/business.roovi.com\/ro\/\",\"name\":\"Roovi B2B\",\"description\":\"Roovi Business Website\",\"potentialAction\":[{\"@type\":\"SearchAction\",\"target\":{\"@type\":\"EntryPoint\",\"urlTemplate\":\"https:\/\/business.roovi.com\/ro\/?s={search_term_string}\"},\"query-input\":\"required name=search_term_string\"}],\"inLanguage\":\"ro-RO\"}]}<\/script>\n<!-- \/ Yoast SEO plugin. -->","yoast_head_json":{"title":"Puzzle adul\u021bi 1000 piese Classic Tales - Little Red Riding Hood \/ Scufi\u021ba Ro\u0219ie - Roovi B2B","robots":{"index":"index","follow":"follow","max-snippet":"max-snippet:-1","max-image-preview":"max-image-preview:large","max-video-preview":"max-video-preview:-1"},"canonical":"https:\/\/www.roovi.ro\/puzzle-adulti-1000-piese-classic-tales-little-red-riding-hood-scufita-rosie\/p\/","og_locale":"ro_RO","og_type":"article","og_title":"Puzzle adul\u021bi 1000 piese Classic Tales - Little Red Riding Hood \/ Scufi\u021ba Ro\u0219ie - Roovi B2B","og_description":"\u00ce\u021bi pl\u0103ceau pove\u0219tile \u00een copil\u0103rie \u0219i \u021bi-ai dori s\u0103 reg\u0103se\u0219ti farmecul lor \u00eentr-o activitate relaxant\u0103? Puzzle 1000 piese Scufi\u021ba Ro\u0219ie","og_url":"https:\/\/www.roovi.ro\/puzzle-adulti-1000-piese-classic-tales-little-red-riding-hood-scufita-rosie\/p\/","og_site_name":"Roovi B2B","article_publisher":"https:\/\/www.facebook.com\/wwwjucariero","article_modified_time":"2023-03-20T21:37:42+00:00","og_image":[{"width":1200,"height":1200,"url":"https:\/\/business.roovi.com\/wp-content\/uploads\/2018\/04\/72894-2_ansamblu_dimensiuni_cutie_cm_orizontal_1200x1200.png","type":"image\/png"}],"twitter_misc":{"Timp estimat pentru citire":"3 minute"},"schema":{"@context":"https:\/\/schema.org","@graph":[{"@type":"WebPage","@id":"https:\/\/business.roovi.com\/ro\/puzzle-adulti-1000-piese-classic-tales-little-red-riding-hood-scufita-rosie\/p\/","url":"https:\/\/www.roovi.ro\/puzzle-adulti-1000-piese-classic-tales-little-red-riding-hood-scufita-rosie\/p\/","name":"Puzzle adul\u021bi 1000 piese Classic Tales - Little Red Riding Hood \/ Scufi\u021ba Ro\u0219ie - Roovi B2B","isPartOf":{"@id":"https:\/\/business.roovi.com\/ro\/#website"},"datePublished":"2018-04-16T10:56:18+00:00","dateModified":"2023-03-20T21:37:42+00:00","breadcrumb":{"@id":"https:\/\/www.roovi.ro\/puzzle-adulti-1000-piese-classic-tales-little-red-riding-hood-scufita-rosie\/p\/#breadcrumb"},"inLanguage":"ro-RO","potentialAction":[{"@type":"ReadAction","target":["https:\/\/www.roovi.ro\/puzzle-adulti-1000-piese-classic-tales-little-red-riding-hood-scufita-rosie\/p\/"]}]},{"@type":"BreadcrumbList","@id":"https:\/\/www.roovi.ro\/puzzle-adulti-1000-piese-classic-tales-little-red-riding-hood-scufita-rosie\/p\/#breadcrumb","itemListElement":[{"@type":"ListItem","position":1,"name":"Home","item":"https:\/\/business.roovi.com\/ro\/"},{"@type":"ListItem","position":2,"name":"Magazin","item":"https:\/\/business.roovi.com\/ro\/magazin\/"},{"@type":"ListItem","position":3,"name":"Puzzle adul\u021bi 1000 piese Classic Tales &#8211; Little Red Riding Hood \/ Scufi\u021ba Ro\u0219ie"}]},{"@type":"WebSite","@id":"https:\/\/business.roovi.com\/ro\/#website","url":"https:\/\/business.roovi.com\/ro\/","name":"Roovi B2B","description":"Roovi Business Website","potentialAction":[{"@type":"SearchAction","target":{"@type":"EntryPoint","urlTemplate":"https:\/\/business.roovi.com\/ro\/?s={search_term_string}"},"query-input":"required name=search_term_string"}],"inLanguage":"ro-RO"}]}},"_links":{"self":[{"href":"https:\/\/business.roovi.com\/ro\/wp-json\/wp\/v2\/product\/18654","targetHints":{"allow":["GET"]}}],"collection":[{"href":"https:\/\/business.roovi.com\/ro\/wp-json\/wp\/v2\/product"}],"about":[{"href":"https:\/\/business.roovi.com\/ro\/wp-json\/wp\/v2\/types\/product"}],"version-history":[{"count":0,"href":"https:\/\/business.roovi.com\/ro\/wp-json\/wp\/v2\/product\/18654\/revisions"}],"wp:featuredmedia":[{"embeddable":true,"href":"https:\/\/business.roovi.com\/ro\/wp-json\/wp\/v2\/media\/18640"}],"wp:attachment":[{"href":"https:\/\/business.roovi.com\/ro\/wp-json\/wp\/v2\/media?parent=18654"}],"wp:term":[{"taxonomy":"product_brand","embeddable":true,"href":"https:\/\/business.roovi.com\/ro\/wp-json\/wp\/v2\/product_brand?post=18654"},{"taxonomy":"product_cat","embeddable":true,"href":"https:\/\/business.roovi.com\/ro\/wp-json\/wp\/v2\/product_cat?post=18654"},{"taxonomy":"product_tag","embeddable":true,"href":"https:\/\/business.roovi.com\/ro\/wp-json\/wp\/v2\/product_tag?post=18654"}],"curies":[{"name":"wp","href":"https:\/\/api.w.org\/{rel}","templated":true}]}}