{"id":18677,"date":"2018-04-16T10:56:18","date_gmt":"2018-04-16T10:56:18","guid":{"rendered":"https:\/\/business.roovi.com\/product\/puzzle-cartoon-notre-dame-1000-piese\/"},"modified":"2025-03-17T07:18:59","modified_gmt":"2025-03-17T07:18:59","slug":"puzzle-adulti-1000-piese-cartoon-collection-notre-dame","status":"publish","type":"product","link":"https:\/\/business.roovi.com\/ro\/puzzle-adulti-1000-piese-cartoon-collection-notre-dame\/p\/","title":{"rendered":"Puzzle Notre Dame &#8211; Puzzle adul\u021bi 1000 piese &#8211; Cartoon Collection"},"content":{"rendered":"<p><span style=\"font-weight: 400;\">Colec\u021bia cartoon puzzle transform\u0103 jocul complex de puzzle \u00eentr-o distrac\u021bie veritabil\u0103. Adun\u0103-\u021bi ga\u0219ca de prieteni \u0219i experimenta\u021bi \u00eempreun\u0103 multe ore de relaxare \u0219i voie bun\u0103.<\/span><\/p>\n<p><span style=\"font-weight: 400;\">Din seria Cartoon puzzle face parte \u0219i puzzle 1000 piese Notre Dame ce \u00eenf\u0103\u021bi\u0219eaz\u0103 \u00eentr-o ilustra\u021bie de excep\u021bie construirea catedralei Notre Dame. Cu o grafic\u0103 impecabil\u0103, aten\u021bie la detalii \u0219i mult\u0103 imagina\u021bie, ilustra\u021bia red\u0103 o imagine animat\u0103 cu multe personaje hazlii antrenate \u00een procesul de crea\u021bie.<\/span><\/p>\n<p><span style=\"font-weight: 400;\">Spiridu\u0219ii adorabili sunt harnici \u0219i plini de energie. Fiecare are rolul lui bine stabilit, nimeni nu st\u0103 degeaba, lucreaz\u0103 de zor pentru ca marea oper\u0103 de art\u0103 s\u0103 fie gata la timp.<\/span><\/p>\n<p><span style=\"font-weight: 400;\">Intr\u0103 \u00een jocul lor, completeaz\u0103 imaginea \u0219i las\u0103-\u021bi imagina\u021bia s\u0103 zboare liber. Bucur\u0103-te de o sesiune de relaxare, z\u00e2mbete \u0219i mult umor cu un joc puzzle cu design unic.<\/span><\/p>\n<p><strong>De ce s\u0103 alegi puzzle 1000 piese Notre Dame din colec\u021bia Cartoon?<\/strong><\/p>\n<p><span style=\"font-weight: 400;\">Ob\u021bii un tablou colorat \u0219i animat cu dimensiunile de 50 x 70 cm.<\/span><\/p>\n<p><span style=\"font-weight: 400;\">Poate fi un obiect decorativ care va scoate din anonimat orice loc anost din locuin\u021ba ta.<\/span><\/p>\n<p><span style=\"font-weight: 400;\">Este produs din <\/span><span style=\"font-weight: 400;\">carton albastru de calitate premium ceea ce \u00eel face rezistent la asambl\u0103ri multiple.<\/span><\/p>\n<p><span style=\"font-weight: 400;\">Finisajul este semi-lucios, \u00een culori pl\u0103cute ce scot \u00een eviden\u021b\u0103 frumuse\u021bea ilustra\u021biei.<\/span><\/p>\n<p><span style=\"font-weight: 400;\">Piesele de puzzle 1000 sunt t\u0103iate cu precizie, sunt unice \u0219i se \u00eembin\u0103 perfect \u00eentr-un veritabil tablou de colec\u021bie.<\/span><\/p>\n<p><span style=\"font-weight: 400;\">Este bl\u00e2nd cu natura, fiind produs din materiale reciclabile \u0219i sustenabile.<\/span><\/p>\n<p><span style=\"font-weight: 400;\">Potrivit celor peste 14 ani &#8211; prilejul perfect pentru a-\u021bi petrece timpul cu copiii t\u0103i adolescen\u021bi.\u00a0<\/span><\/p>\n<p><span style=\"font-weight: 400;\">\u00ce\u021bi completezi colec\u021bia de tablouri din gama Cartoon cu care te po\u021bi m\u00e2ndri \u00een fa\u021ba prietenilor.<\/span><\/p>\n<p><span style=\"font-weight: 400;\">Jocurile puzzle sunt o bun\u0103 ocazie de relaxare \u0219i-\u021bi ofer\u0103 avantaje uimitoare:<\/span><\/p>\n<ul>\n<li><span style=\"font-weight: 400;\">\u00ce\u021bi antreneaz\u0103 ambele emisfere cerebrale \u0219i sunt un antrenament complex pentru creier.<\/span><\/li>\n<li><span style=\"font-weight: 400;\">\u00ce\u021bi cultiv\u0103 r\u0103bdarea \u0219i perseveren\u021ba.<\/span><\/li>\n<li><span style=\"font-weight: 400;\">Te ajut\u0103 s\u0103 ie\u0219i din rutina zilnic\u0103 \u0219i s\u0103 te bucuri de pl\u0103cerile simple ale vie\u021bii.<\/span><\/li>\n<li><span style=\"font-weight: 400;\">\u00ce\u021bi dezvolt\u0103 at\u00e2t imagina\u021bia, c\u00e2t \u0219i g\u00e2ndirea logic\u0103.<\/span><\/li>\n<li><span style=\"font-weight: 400;\">Sunt o modalitate pl\u0103cut\u0103 de socializare \u0219i sudare a rela\u021biilor cu cei dragi.<\/span><\/li>\n<\/ul>\n<p><strong>\u0218tiai c\u0103\u2026?<\/strong><\/p>\n<p><span style=\"font-weight: 400;\">\u00cen Catedrala Notre Dame a fost \u00eencoronat \u00eemp\u0103rat Napoleon Bonaparte.<\/span><\/p>\n<p><span style=\"font-weight: 400;\">Victor Hugo a scris romanul Coco\u0219atul de la Notre Dame pentru a salva catedrala de la demolare.<\/span><\/p>\n<p><span style=\"font-weight: 400;\">Peste 13 milioane de vizitatori trec anual pragul acestei impresionante catedrale \u00een stil gotic.<\/span><\/p>\n<p><span style=\"font-weight: 400;\">Pe locul \u00een care este acum Catedrala, romanii ridicaser\u0103 un templu \u00eenchinat lui Jupiter.<\/span><\/p>\n<p><span style=\"font-weight: 400;\">\u00cen timpul Revolu\u021biei Franceze, \u00een 1793, mai multe statui \u00eenf\u0103\u021bis\u00e2nd regii biblici au fost decapitate de mul\u021bimea revoltat\u0103.<\/span><\/p>\n<p><strong>Puzzle 1000 piese Cartoon &#8211; Catedrala Notre Dame \u00eencetine\u0219te ritmul rapid al vie\u021bii<\/strong><\/p>\n<p><span style=\"font-weight: 400;\">Recompune pies\u0103 cu pies\u0103 ilustra\u021bia animat\u0103, plin\u0103 de culoare \u0219i vibra\u021bii pozitive \u0219i bucur\u0103-te de c\u00e2teva ore bune de relaxare. Timpul curge mai greu \u00een momentele pe care le savurezi din plin, iar grijile cotidiene \u0219i miile de g\u00e2nduri care te obosesc dispar ca prin minune cu puzzle 1000 piese Cartoon &#8211; Notre Dame.<\/span><\/p>\n<p><span style=\"font-weight: 400;\">Acest puzzle 1000 piese este ideal at\u00e2t pentru momentele \u00een care vrei s\u0103 fii singur, cu g\u00e2ndurile tale, c\u00e2t \u0219i dac\u0103 vrei s\u0103 scapi de plictiseal\u0103 \u0219i s\u0103 petreci un timp de calitate al\u0103turi de cei dragi.<\/span><\/p>\n<p><span style=\"font-weight: 400;\">Alege puzzle 1000 piese Notre Dame din colec\u021bia Cartoon pentru a-l asambla ori de c\u00e2te ori sim\u021bi nevoia s\u0103 te deconectezi sau pune-l \u00een ram\u0103 \u0219i admir\u0103-\u021bi opera ori de c\u00e2te ori e\u0219ti stresat. De asemenea, dac\u0103 vrei s\u0103 faci o surpriz\u0103 pl\u0103cut\u0103 unui pasionat de jocuri puzzle, ia \u00een calcul acest minunat puzzle 1000 piese.<\/span><\/p>\n","protected":false},"excerpt":{"rendered":"<p>Colec\u021bia cartoon puzzle transform\u0103 jocul complex de puzzle \u00eentr-o distrac\u021bie veritabil\u0103. Adun\u0103-\u021bi ga\u0219ca de prieteni \u0219i experimenta\u021bi \u00eempreun\u0103 multe ore<\/p>\n","protected":false},"featured_media":18665,"template":"","meta":[],"product_brand":[],"product_cat":[1454,1488,1560],"product_tag":[],"class_list":{"0":"post-18677","1":"product","2":"type-product","3":"status-publish","4":"has-post-thumbnail","6":"product_cat-puzzle","7":"product_cat-puzzle-adulti","8":"product_cat-puzzle-adulti-1000","9":"pa_brand-d_toys","10":"pa_country_of_manufacture-ro","11":"pa_filter_age-1315","12":"pa_painter-cartooncollection","13":"pa_tip_ambalaj-cutie","14":"pa_tip_puzzle-clasic","16":"first","17":"instock","18":"taxable","19":"shipping-taxable","20":"product-type-simple"},"yoast_head":"<!-- This site is optimized with the Yoast SEO plugin v20.1 - https:\/\/yoast.com\/wordpress\/plugins\/seo\/ -->\n<title>Puzzle Notre Dame - Puzzle adul\u021bi 1000 piese - Cartoon Collection - Roovi B2B<\/title>\n<meta name=\"robots\" content=\"index, follow, max-snippet:-1, max-image-preview:large, max-video-preview:-1\" \/>\n<link rel=\"canonical\" href=\"https:\/\/www.roovi.ro\/puzzle-adulti-1000-piese-cartoon-collection-notre-dame\/p\/\" \/>\n<meta property=\"og:locale\" content=\"ro_RO\" \/>\n<meta property=\"og:type\" content=\"article\" \/>\n<meta property=\"og:title\" content=\"Puzzle Notre Dame - Puzzle adul\u021bi 1000 piese - Cartoon Collection - Roovi B2B\" \/>\n<meta property=\"og:description\" content=\"Colec\u021bia cartoon puzzle transform\u0103 jocul complex de puzzle \u00eentr-o distrac\u021bie veritabil\u0103. Adun\u0103-\u021bi ga\u0219ca de prieteni \u0219i experimenta\u021bi \u00eempreun\u0103 multe ore\" \/>\n<meta property=\"og:url\" content=\"https:\/\/www.roovi.ro\/puzzle-adulti-1000-piese-cartoon-collection-notre-dame\/p\/\" \/>\n<meta property=\"og:site_name\" content=\"Roovi B2B\" \/>\n<meta property=\"article:publisher\" content=\"https:\/\/www.facebook.com\/wwwjucariero\" \/>\n<meta property=\"article:modified_time\" content=\"2025-03-17T07:18:59+00:00\" \/>\n<meta property=\"og:image\" content=\"https:\/\/business.roovi.com\/wp-content\/uploads\/2018\/04\/61218-15-ansamblu_dimensiuni-cutie-cm_orizontal-1200x1200.png\" \/>\n\t<meta property=\"og:image:width\" content=\"840\" \/>\n\t<meta property=\"og:image:height\" content=\"840\" \/>\n\t<meta property=\"og:image:type\" content=\"image\/png\" \/>\n<meta name=\"twitter:label1\" content=\"Timp estimat pentru citire\" \/>\n\t<meta name=\"twitter:data1\" content=\"3 minute\" \/>\n<script type=\"application\/ld+json\" class=\"yoast-schema-graph\">{\"@context\":\"https:\/\/schema.org\",\"@graph\":[{\"@type\":\"WebPage\",\"@id\":\"https:\/\/business.roovi.com\/ro\/puzzle-adulti-1000-piese-cartoon-collection-notre-dame\/p\/\",\"url\":\"https:\/\/www.roovi.ro\/puzzle-adulti-1000-piese-cartoon-collection-notre-dame\/p\/\",\"name\":\"Puzzle Notre Dame - Puzzle adul\u021bi 1000 piese - Cartoon Collection - Roovi B2B\",\"isPartOf\":{\"@id\":\"https:\/\/business.roovi.com\/ro\/#website\"},\"datePublished\":\"2018-04-16T10:56:18+00:00\",\"dateModified\":\"2025-03-17T07:18:59+00:00\",\"breadcrumb\":{\"@id\":\"https:\/\/www.roovi.ro\/puzzle-adulti-1000-piese-cartoon-collection-notre-dame\/p\/#breadcrumb\"},\"inLanguage\":\"ro-RO\",\"potentialAction\":[{\"@type\":\"ReadAction\",\"target\":[\"https:\/\/www.roovi.ro\/puzzle-adulti-1000-piese-cartoon-collection-notre-dame\/p\/\"]}]},{\"@type\":\"BreadcrumbList\",\"@id\":\"https:\/\/www.roovi.ro\/puzzle-adulti-1000-piese-cartoon-collection-notre-dame\/p\/#breadcrumb\",\"itemListElement\":[{\"@type\":\"ListItem\",\"position\":1,\"name\":\"Home\",\"item\":\"https:\/\/business.roovi.com\/ro\/\"},{\"@type\":\"ListItem\",\"position\":2,\"name\":\"Magazin\",\"item\":\"https:\/\/business.roovi.com\/ro\/magazin\/\"},{\"@type\":\"ListItem\",\"position\":3,\"name\":\"Puzzle Notre Dame &#8211; Puzzle adul\u021bi 1000 piese &#8211; Cartoon Collection\"}]},{\"@type\":\"WebSite\",\"@id\":\"https:\/\/business.roovi.com\/ro\/#website\",\"url\":\"https:\/\/business.roovi.com\/ro\/\",\"name\":\"Roovi B2B\",\"description\":\"Roovi Business Website\",\"potentialAction\":[{\"@type\":\"SearchAction\",\"target\":{\"@type\":\"EntryPoint\",\"urlTemplate\":\"https:\/\/business.roovi.com\/ro\/?s={search_term_string}\"},\"query-input\":\"required name=search_term_string\"}],\"inLanguage\":\"ro-RO\"}]}<\/script>\n<!-- \/ Yoast SEO plugin. -->","yoast_head_json":{"title":"Puzzle Notre Dame - Puzzle adul\u021bi 1000 piese - Cartoon Collection - Roovi B2B","robots":{"index":"index","follow":"follow","max-snippet":"max-snippet:-1","max-image-preview":"max-image-preview:large","max-video-preview":"max-video-preview:-1"},"canonical":"https:\/\/www.roovi.ro\/puzzle-adulti-1000-piese-cartoon-collection-notre-dame\/p\/","og_locale":"ro_RO","og_type":"article","og_title":"Puzzle Notre Dame - Puzzle adul\u021bi 1000 piese - Cartoon Collection - Roovi B2B","og_description":"Colec\u021bia cartoon puzzle transform\u0103 jocul complex de puzzle \u00eentr-o distrac\u021bie veritabil\u0103. Adun\u0103-\u021bi ga\u0219ca de prieteni \u0219i experimenta\u021bi \u00eempreun\u0103 multe ore","og_url":"https:\/\/www.roovi.ro\/puzzle-adulti-1000-piese-cartoon-collection-notre-dame\/p\/","og_site_name":"Roovi B2B","article_publisher":"https:\/\/www.facebook.com\/wwwjucariero","article_modified_time":"2025-03-17T07:18:59+00:00","og_image":[{"width":840,"height":840,"url":"https:\/\/business.roovi.com\/wp-content\/uploads\/2018\/04\/61218-15-ansamblu_dimensiuni-cutie-cm_orizontal-1200x1200.png","type":"image\/png"}],"twitter_misc":{"Timp estimat pentru citire":"3 minute"},"schema":{"@context":"https:\/\/schema.org","@graph":[{"@type":"WebPage","@id":"https:\/\/business.roovi.com\/ro\/puzzle-adulti-1000-piese-cartoon-collection-notre-dame\/p\/","url":"https:\/\/www.roovi.ro\/puzzle-adulti-1000-piese-cartoon-collection-notre-dame\/p\/","name":"Puzzle Notre Dame - Puzzle adul\u021bi 1000 piese - Cartoon Collection - Roovi B2B","isPartOf":{"@id":"https:\/\/business.roovi.com\/ro\/#website"},"datePublished":"2018-04-16T10:56:18+00:00","dateModified":"2025-03-17T07:18:59+00:00","breadcrumb":{"@id":"https:\/\/www.roovi.ro\/puzzle-adulti-1000-piese-cartoon-collection-notre-dame\/p\/#breadcrumb"},"inLanguage":"ro-RO","potentialAction":[{"@type":"ReadAction","target":["https:\/\/www.roovi.ro\/puzzle-adulti-1000-piese-cartoon-collection-notre-dame\/p\/"]}]},{"@type":"BreadcrumbList","@id":"https:\/\/www.roovi.ro\/puzzle-adulti-1000-piese-cartoon-collection-notre-dame\/p\/#breadcrumb","itemListElement":[{"@type":"ListItem","position":1,"name":"Home","item":"https:\/\/business.roovi.com\/ro\/"},{"@type":"ListItem","position":2,"name":"Magazin","item":"https:\/\/business.roovi.com\/ro\/magazin\/"},{"@type":"ListItem","position":3,"name":"Puzzle Notre Dame &#8211; Puzzle adul\u021bi 1000 piese &#8211; Cartoon Collection"}]},{"@type":"WebSite","@id":"https:\/\/business.roovi.com\/ro\/#website","url":"https:\/\/business.roovi.com\/ro\/","name":"Roovi B2B","description":"Roovi Business Website","potentialAction":[{"@type":"SearchAction","target":{"@type":"EntryPoint","urlTemplate":"https:\/\/business.roovi.com\/ro\/?s={search_term_string}"},"query-input":"required name=search_term_string"}],"inLanguage":"ro-RO"}]}},"_links":{"self":[{"href":"https:\/\/business.roovi.com\/ro\/wp-json\/wp\/v2\/product\/18677","targetHints":{"allow":["GET"]}}],"collection":[{"href":"https:\/\/business.roovi.com\/ro\/wp-json\/wp\/v2\/product"}],"about":[{"href":"https:\/\/business.roovi.com\/ro\/wp-json\/wp\/v2\/types\/product"}],"version-history":[{"count":0,"href":"https:\/\/business.roovi.com\/ro\/wp-json\/wp\/v2\/product\/18677\/revisions"}],"wp:featuredmedia":[{"embeddable":true,"href":"https:\/\/business.roovi.com\/ro\/wp-json\/wp\/v2\/media\/18665"}],"wp:attachment":[{"href":"https:\/\/business.roovi.com\/ro\/wp-json\/wp\/v2\/media?parent=18677"}],"wp:term":[{"taxonomy":"product_brand","embeddable":true,"href":"https:\/\/business.roovi.com\/ro\/wp-json\/wp\/v2\/product_brand?post=18677"},{"taxonomy":"product_cat","embeddable":true,"href":"https:\/\/business.roovi.com\/ro\/wp-json\/wp\/v2\/product_cat?post=18677"},{"taxonomy":"product_tag","embeddable":true,"href":"https:\/\/business.roovi.com\/ro\/wp-json\/wp\/v2\/product_tag?post=18677"}],"curies":[{"name":"wp","href":"https:\/\/api.w.org\/{rel}","templated":true}]}}