{"id":18692,"date":"2018-04-16T10:56:18","date_gmt":"2018-04-16T10:56:18","guid":{"rendered":"https:\/\/business.roovi.com\/product\/puzzle-romania-tara-turismului-240-piese\/"},"modified":"2025-03-13T11:12:39","modified_gmt":"2025-03-13T11:12:39","slug":"puzzle-copii-240-piese-romania-tara-turismului","status":"publish","type":"product","link":"https:\/\/business.roovi.com\/ro\/puzzle-copii-240-piese-romania-tara-turismului\/p\/","title":{"rendered":"Puzzle copii 240 piese &#8211; Rom\u00e2nia &#8211; Tara Turismului"},"content":{"rendered":"<p><span style=\"font-weight: 400;\">Ai un copil fascinat de istorie sau geografie?\u00a0 Cuno\u0219ti un copil pasionat de c\u0103l\u0103torii \u0219i descoperiri de locuri noi?<\/span><\/p>\n<p><span style=\"font-weight: 400;\">Arat\u0103-i c\u00e2t de fascinant\u0103 este Rom\u00e2nia \u0219i c\u00e2te monumente istorice sunt \u00eemp\u00e2nzite pe tot cuprinsul s\u0103u, cu acest puzzle copii cu 240 piese, \u00een care poate s\u0103 exploreze pies\u0103 cu pies\u0103 Rom\u00e2nia &#8211; \u021aara Turismului.<\/span><\/p>\n<p><span style=\"font-weight: 400;\">Copiii pot afla despre regiunile istorice \u0219i Cet\u0103\u021bile impun\u0103toare ce au ap\u0103rat \u021bara, vor descoperi castele \u0219i pove\u0219ti cu Regi \u0219i Regine, biserici \u0219i m\u0103n\u0103stiri ce au fascinat o lume \u00eentreag\u0103 \u0219i au fost incluse pe lista patrimoniului mondial UNESCO sau ora\u0219e ce se \u00eentrec \u00een frumuse\u021be cu orice alt ora\u0219 din Europa.\u00a0\u00a0<\/span><\/p>\n<p><span style=\"font-weight: 400;\">Descoper\u0103 un puzzle copii ce st\u00e2rne\u0219te curiozitatea \u0219i dorin\u021ba de a cunoa\u0219te mai \u00een detaliu Rom\u00e2nia.<\/span><\/p>\n<h2><span style=\"font-weight: 400;\">De ce s\u0103 alegi un puzzle copii 240 piese Rom\u00e2nia &#8211; \u021aara Turismului<\/span><\/h2>\n<ul>\n<li><span style=\"font-weight: 400;\">Este un puzzle cu o cromatic\u0103 frumoas\u0103, \u00een culori vibrante pl\u0103cute copiilor, f\u0103r\u0103 a fi deranjante pentru ochi.<\/span><\/li>\n<li><span style=\"font-weight: 400;\">Fiecare pies\u0103 de puzzle se potrive\u0219te perfect, iar rezultatul este uniform.<\/span><\/li>\n<li><span style=\"font-weight: 400;\">Puzzle-ul este fabricat din carton rezistent, de foarte bun\u0103 calitate, av\u00e2nd o grosime de 2 mm.<\/span><\/li>\n<li><span style=\"font-weight: 400;\">Este potrivit pentru copii de 7-10 ani \u0219i reprezint\u0103 o provocare amuzant\u0103 ce le stimuleaz\u0103 imagina\u021bia \u0219i spiritul de observa\u021bie.<\/span><\/li>\n<\/ul>\n<p><span style=\"font-weight: 400;\">Pentru copii, asamblarea unui puzzle este extrem de benefic\u0103 \u0219i \u00eei ajut\u0103 s\u0103 \u00ee\u0219i dezvolte numeroase abilit\u0103\u021bi:<\/span><\/p>\n<ul>\n<li><span style=\"font-weight: 400;\">stimuleaz\u0103 aten\u021bia la detalii,<\/span><\/li>\n<li><span style=\"font-weight: 400;\">ajut\u0103 la exersarea coordonarii m\u00e2n\u0103-ochi,<\/span><\/li>\n<li><span style=\"font-weight: 400;\">stimuleaz\u0103 dezvoltarea motricit\u0103\u021bii fine \u0219i exersarea \u00eendem\u00e2n\u0103rii,<\/span><\/li>\n<li><span style=\"font-weight: 400;\">stimuleaz\u0103 concentrarea asupra unei singure sarcini, f\u0103r\u0103 a fi distras u\u0219or de ceea ce se \u00eent\u00e2mpl\u0103 \u00een jur,<\/span><\/li>\n<li><span style=\"font-weight: 400;\">este o activitate relaxant\u0103 \u0219i amuzant\u0103,<\/span><\/li>\n<li><span style=\"font-weight: 400;\">sus\u021bine dezvoltarea ambelor emisfere cerebrale.<\/span><\/li>\n<\/ul>\n<h2><span style=\"font-weight: 400;\">Puzzle copii 240 piese pentru relaxare \u0219i antrenarea memoriei<\/span><\/h2>\n<p><span style=\"font-weight: 400;\">Pentru copii, r\u0103bdarea este printre cele mai dificil de dob\u00e2ndit abilit\u0103\u021bi. Supu\u0219i zilnic la sute de stimuli, \u00een online sau offline, copiii au deprins abilitatea de a face totul pe repede \u00eenainte \u0219i de a tr\u0103i \u0219i ei \u00een vitez\u0103, la fel ca adul\u021bii.\u00a0<\/span><\/p>\n<p><span style=\"font-weight: 400;\">Ajut\u0103-i s\u0103 se opreasc\u0103 \u0219i s\u0103 devin\u0103 mai prezen\u021bi, mai conecta\u021bi \u00een activit\u0103\u021bile lor \u0219i s\u0103-\u0219i aloce timp s\u0103 se reconecteze cu ei \u00een\u0219i\u0219i, printr-o activitate relaxant\u0103 \u0219i stimulant\u0103 cerebral cum este asamblarea unui Puzzle 240 piese.\u00a0<\/span><\/p>\n<p><span style=\"font-weight: 400;\">Cu ajutorul unui puzzle vor \u00eenv\u0103\u021ba s\u0103 se concentreze mai bine \u0219i chiar \u00ee\u0219i pot \u00eembun\u0103t\u0103\u021bi activitatea de la scoal\u0103.<\/span><\/p>\n<p><span style=\"font-weight: 400;\">Fie c\u0103 alegi s\u0103 faci tu puzzle-ul al\u0103turi de copii sau \u00eel vei oferi cadou, va fi, cu siguran\u021b\u0103, o surpriz\u0103 \u0219i o activitate pl\u0103cut\u0103.<\/span><\/p>\n","protected":false},"excerpt":{"rendered":"<p>Ai un copil fascinat de istorie sau geografie?\u00a0 Cuno\u0219ti un copil pasionat de c\u0103l\u0103torii \u0219i descoperiri de locuri noi? Arat\u0103-i<\/p>\n","protected":false},"featured_media":18678,"template":"","meta":[],"product_brand":[],"product_cat":[1461],"product_tag":[],"class_list":{"0":"post-18692","1":"product","2":"type-product","3":"status-publish","4":"has-post-thumbnail","6":"product_cat-jocuri-romanesti","7":"pa_brand-d_toys","8":"pa_country_of_manufacture-ro","9":"pa_filter_age-7_9","10":"pa_filter_age-9_14","11":"pa_painter-romania","12":"pa_tip_ambalaj-cutie","13":"pa_tip_puzzle-clasic","15":"first","16":"instock","17":"taxable","18":"shipping-taxable","19":"product-type-simple"},"yoast_head":"<!-- This site is optimized with the Yoast SEO plugin v20.1 - https:\/\/yoast.com\/wordpress\/plugins\/seo\/ -->\n<title>Puzzle 240 piese Romania Descoper\u0103 Rom\u00e2nia turistica<\/title>\n<meta name=\"description\" content=\"Asambleaz\u0103 Puzzle 240 piese Romania \u0219i ob\u021bine o hart\u0103 interactiv\u0103 cu cele mai importante monumente istorice din \u021bara ta. C\u0103l\u0103tore\u0219te cu mintea prin \u021bar\u0103!\" \/>\n<meta name=\"robots\" content=\"index, follow, max-snippet:-1, max-image-preview:large, max-video-preview:-1\" \/>\n<link rel=\"canonical\" href=\"https:\/\/www.roovi.ro\/puzzle-copii-240-piese-romania-tara-turismului\/p\/\" \/>\n<meta property=\"og:locale\" content=\"ro_RO\" \/>\n<meta property=\"og:type\" content=\"article\" \/>\n<meta property=\"og:title\" content=\"Puzzle 240 piese Romania Descoper\u0103 Rom\u00e2nia turistica\" \/>\n<meta property=\"og:description\" content=\"Asambleaz\u0103 Puzzle 240 piese Romania \u0219i ob\u021bine o hart\u0103 interactiv\u0103 cu cele mai importante monumente istorice din \u021bara ta. C\u0103l\u0103tore\u0219te cu mintea prin \u021bar\u0103!\" \/>\n<meta property=\"og:url\" content=\"https:\/\/www.roovi.ro\/puzzle-copii-240-piese-romania-tara-turismului\/p\/\" \/>\n<meta property=\"og:site_name\" content=\"Roovi B2B\" \/>\n<meta property=\"article:publisher\" content=\"https:\/\/www.facebook.com\/wwwjucariero\" \/>\n<meta property=\"article:modified_time\" content=\"2025-03-13T11:12:39+00:00\" \/>\n<meta property=\"og:image\" content=\"https:\/\/business.roovi.com\/wp-content\/uploads\/2018\/04\/74225-02_ansamblu_dimensiuni_cutie_cm.png\" \/>\n\t<meta property=\"og:image:width\" content=\"2000\" \/>\n\t<meta property=\"og:image:height\" content=\"2000\" \/>\n\t<meta property=\"og:image:type\" content=\"image\/png\" \/>\n<meta name=\"twitter:label1\" content=\"Timp estimat pentru citire\" \/>\n\t<meta name=\"twitter:data1\" content=\"2 minute\" \/>\n<script type=\"application\/ld+json\" class=\"yoast-schema-graph\">{\"@context\":\"https:\/\/schema.org\",\"@graph\":[{\"@type\":\"WebPage\",\"@id\":\"https:\/\/business.roovi.com\/ro\/puzzle-copii-240-piese-romania-tara-turismului\/p\/\",\"url\":\"https:\/\/www.roovi.ro\/puzzle-copii-240-piese-romania-tara-turismului\/p\/\",\"name\":\"Puzzle 240 piese Romania Descoper\u0103 Rom\u00e2nia turistica\",\"isPartOf\":{\"@id\":\"https:\/\/business.roovi.com\/ro\/#website\"},\"datePublished\":\"2018-04-16T10:56:18+00:00\",\"dateModified\":\"2025-03-13T11:12:39+00:00\",\"description\":\"Asambleaz\u0103 Puzzle 240 piese Romania \u0219i ob\u021bine o hart\u0103 interactiv\u0103 cu cele mai importante monumente istorice din \u021bara ta. C\u0103l\u0103tore\u0219te cu mintea prin \u021bar\u0103!\",\"breadcrumb\":{\"@id\":\"https:\/\/www.roovi.ro\/puzzle-copii-240-piese-romania-tara-turismului\/p\/#breadcrumb\"},\"inLanguage\":\"ro-RO\",\"potentialAction\":[{\"@type\":\"ReadAction\",\"target\":[\"https:\/\/www.roovi.ro\/puzzle-copii-240-piese-romania-tara-turismului\/p\/\"]}]},{\"@type\":\"BreadcrumbList\",\"@id\":\"https:\/\/www.roovi.ro\/puzzle-copii-240-piese-romania-tara-turismului\/p\/#breadcrumb\",\"itemListElement\":[{\"@type\":\"ListItem\",\"position\":1,\"name\":\"Home\",\"item\":\"https:\/\/business.roovi.com\/ro\/\"},{\"@type\":\"ListItem\",\"position\":2,\"name\":\"Magazin\",\"item\":\"https:\/\/business.roovi.com\/ro\/magazin\/\"},{\"@type\":\"ListItem\",\"position\":3,\"name\":\"Puzzle copii 240 piese &#8211; Rom\u00e2nia &#8211; Tara Turismului\"}]},{\"@type\":\"WebSite\",\"@id\":\"https:\/\/business.roovi.com\/ro\/#website\",\"url\":\"https:\/\/business.roovi.com\/ro\/\",\"name\":\"Roovi B2B\",\"description\":\"Roovi Business Website\",\"potentialAction\":[{\"@type\":\"SearchAction\",\"target\":{\"@type\":\"EntryPoint\",\"urlTemplate\":\"https:\/\/business.roovi.com\/ro\/?s={search_term_string}\"},\"query-input\":\"required name=search_term_string\"}],\"inLanguage\":\"ro-RO\"}]}<\/script>\n<!-- \/ Yoast SEO plugin. -->","yoast_head_json":{"title":"Puzzle 240 piese Romania Descoper\u0103 Rom\u00e2nia turistica","description":"Asambleaz\u0103 Puzzle 240 piese Romania \u0219i ob\u021bine o hart\u0103 interactiv\u0103 cu cele mai importante monumente istorice din \u021bara ta. C\u0103l\u0103tore\u0219te cu mintea prin \u021bar\u0103!","robots":{"index":"index","follow":"follow","max-snippet":"max-snippet:-1","max-image-preview":"max-image-preview:large","max-video-preview":"max-video-preview:-1"},"canonical":"https:\/\/www.roovi.ro\/puzzle-copii-240-piese-romania-tara-turismului\/p\/","og_locale":"ro_RO","og_type":"article","og_title":"Puzzle 240 piese Romania Descoper\u0103 Rom\u00e2nia turistica","og_description":"Asambleaz\u0103 Puzzle 240 piese Romania \u0219i ob\u021bine o hart\u0103 interactiv\u0103 cu cele mai importante monumente istorice din \u021bara ta. C\u0103l\u0103tore\u0219te cu mintea prin \u021bar\u0103!","og_url":"https:\/\/www.roovi.ro\/puzzle-copii-240-piese-romania-tara-turismului\/p\/","og_site_name":"Roovi B2B","article_publisher":"https:\/\/www.facebook.com\/wwwjucariero","article_modified_time":"2025-03-13T11:12:39+00:00","og_image":[{"width":2000,"height":2000,"url":"https:\/\/business.roovi.com\/wp-content\/uploads\/2018\/04\/74225-02_ansamblu_dimensiuni_cutie_cm.png","type":"image\/png"}],"twitter_misc":{"Timp estimat pentru citire":"2 minute"},"schema":{"@context":"https:\/\/schema.org","@graph":[{"@type":"WebPage","@id":"https:\/\/business.roovi.com\/ro\/puzzle-copii-240-piese-romania-tara-turismului\/p\/","url":"https:\/\/www.roovi.ro\/puzzle-copii-240-piese-romania-tara-turismului\/p\/","name":"Puzzle 240 piese Romania Descoper\u0103 Rom\u00e2nia turistica","isPartOf":{"@id":"https:\/\/business.roovi.com\/ro\/#website"},"datePublished":"2018-04-16T10:56:18+00:00","dateModified":"2025-03-13T11:12:39+00:00","description":"Asambleaz\u0103 Puzzle 240 piese Romania \u0219i ob\u021bine o hart\u0103 interactiv\u0103 cu cele mai importante monumente istorice din \u021bara ta. C\u0103l\u0103tore\u0219te cu mintea prin \u021bar\u0103!","breadcrumb":{"@id":"https:\/\/www.roovi.ro\/puzzle-copii-240-piese-romania-tara-turismului\/p\/#breadcrumb"},"inLanguage":"ro-RO","potentialAction":[{"@type":"ReadAction","target":["https:\/\/www.roovi.ro\/puzzle-copii-240-piese-romania-tara-turismului\/p\/"]}]},{"@type":"BreadcrumbList","@id":"https:\/\/www.roovi.ro\/puzzle-copii-240-piese-romania-tara-turismului\/p\/#breadcrumb","itemListElement":[{"@type":"ListItem","position":1,"name":"Home","item":"https:\/\/business.roovi.com\/ro\/"},{"@type":"ListItem","position":2,"name":"Magazin","item":"https:\/\/business.roovi.com\/ro\/magazin\/"},{"@type":"ListItem","position":3,"name":"Puzzle copii 240 piese &#8211; Rom\u00e2nia &#8211; Tara Turismului"}]},{"@type":"WebSite","@id":"https:\/\/business.roovi.com\/ro\/#website","url":"https:\/\/business.roovi.com\/ro\/","name":"Roovi B2B","description":"Roovi Business Website","potentialAction":[{"@type":"SearchAction","target":{"@type":"EntryPoint","urlTemplate":"https:\/\/business.roovi.com\/ro\/?s={search_term_string}"},"query-input":"required name=search_term_string"}],"inLanguage":"ro-RO"}]}},"_links":{"self":[{"href":"https:\/\/business.roovi.com\/ro\/wp-json\/wp\/v2\/product\/18692","targetHints":{"allow":["GET"]}}],"collection":[{"href":"https:\/\/business.roovi.com\/ro\/wp-json\/wp\/v2\/product"}],"about":[{"href":"https:\/\/business.roovi.com\/ro\/wp-json\/wp\/v2\/types\/product"}],"version-history":[{"count":0,"href":"https:\/\/business.roovi.com\/ro\/wp-json\/wp\/v2\/product\/18692\/revisions"}],"wp:featuredmedia":[{"embeddable":true,"href":"https:\/\/business.roovi.com\/ro\/wp-json\/wp\/v2\/media\/18678"}],"wp:attachment":[{"href":"https:\/\/business.roovi.com\/ro\/wp-json\/wp\/v2\/media?parent=18692"}],"wp:term":[{"taxonomy":"product_brand","embeddable":true,"href":"https:\/\/business.roovi.com\/ro\/wp-json\/wp\/v2\/product_brand?post=18692"},{"taxonomy":"product_cat","embeddable":true,"href":"https:\/\/business.roovi.com\/ro\/wp-json\/wp\/v2\/product_cat?post=18692"},{"taxonomy":"product_tag","embeddable":true,"href":"https:\/\/business.roovi.com\/ro\/wp-json\/wp\/v2\/product_tag?post=18692"}],"curies":[{"name":"wp","href":"https:\/\/api.w.org\/{rel}","templated":true}]}}