{"id":18717,"date":"2018-04-16T10:56:18","date_gmt":"2018-04-16T10:56:18","guid":{"rendered":"https:\/\/business.roovi.com\/product\/3-puzzles-classic-tales-1\/"},"modified":"2022-08-15T10:34:23","modified_gmt":"2022-08-15T10:34:23","slug":"3-puzzles-classic-tales-1","status":"publish","type":"product","link":"https:\/\/business.roovi.com\/ro\/3-puzzles-classic-tales-1\/p\/","title":{"rendered":"3 puzzles &#8211;  6, 9 \u0219i 16 piese &#8211; Alice \u00een \u021aara Minunilor, Muzican\u021bii din Bremen \u0219i Cartea Junglei"},"content":{"rendered":"<p>Cutia con\u021bine 3 puzzle-uri de 6, 9 \u0219i 16 piese, \u00eenf\u0103\u021bis\u00e2nd personaje \u00eendr\u0103gite din pove\u0219tile clasice Alice \u00een \u021aara Minunilor, Muzican\u021bii din Bremen \u0219i Cartea junglei. Ilustra\u021biile deosebite sunt desenate de artista Egri M\u00f3nika \u00een culori vibrante \u0219i cu multe detalii dr\u0103gu\u021be.<\/p>\n","protected":false},"excerpt":{"rendered":"<p>Cutia con\u021bine 3 puzzle-uri de 6, 9 \u0219i 16 piese, \u00eenf\u0103\u021bis\u00e2nd personaje \u00eendr\u0103gite din pove\u0219tile clasice Alice \u00een \u021aara Minunilor,<\/p>\n","protected":false},"featured_media":18713,"template":"","meta":[],"product_brand":[],"product_cat":[1454,1482,1556],"product_tag":[],"class_list":{"0":"post-18717","1":"product","2":"type-product","3":"status-publish","4":"has-post-thumbnail","6":"product_cat-puzzle","7":"product_cat-puzzle-copii","8":"product_cat-puzzle-copii-sub-50-piese","9":"pa_brand-d_toys","10":"pa_filter_age-3_5","11":"pa_filter_age-5_7","12":"pa_painter-egrimonika","13":"pa_tip_ambalaj-cutie","14":"pa_tip_puzzle-set_uripuzzle","16":"first","17":"instock","18":"taxable","19":"shipping-taxable","20":"product-type-simple"},"yoast_head":"<!-- This site is optimized with the Yoast SEO plugin v20.1 - https:\/\/yoast.com\/wordpress\/plugins\/seo\/ -->\n<title>3 puzzles - 6, 9 \u0219i 16 piese - Alice \u00een \u021aara Minunilor, Muzican\u021bii din Bremen \u0219i Cartea Junglei - Roovi B2B<\/title>\n<meta name=\"robots\" content=\"index, follow, max-snippet:-1, max-image-preview:large, max-video-preview:-1\" \/>\n<link rel=\"canonical\" href=\"https:\/\/www.roovi.ro\/3-puzzles-classic-tales-1\/p\/\" \/>\n<meta property=\"og:locale\" content=\"ro_RO\" \/>\n<meta property=\"og:type\" content=\"article\" \/>\n<meta property=\"og:title\" content=\"3 puzzles - 6, 9 \u0219i 16 piese - Alice \u00een \u021aara Minunilor, Muzican\u021bii din Bremen \u0219i Cartea Junglei - Roovi B2B\" \/>\n<meta property=\"og:description\" content=\"Cutia con\u021bine 3 puzzle-uri de 6, 9 \u0219i 16 piese, \u00eenf\u0103\u021bis\u00e2nd personaje \u00eendr\u0103gite din pove\u0219tile clasice Alice \u00een \u021aara Minunilor,\" \/>\n<meta property=\"og:url\" content=\"https:\/\/www.roovi.ro\/3-puzzles-classic-tales-1\/p\/\" \/>\n<meta property=\"og:site_name\" content=\"Roovi B2B\" \/>\n<meta property=\"article:publisher\" content=\"https:\/\/www.facebook.com\/wwwjucariero\" \/>\n<meta property=\"article:modified_time\" content=\"2022-08-15T10:34:23+00:00\" \/>\n<meta property=\"og:image\" content=\"https:\/\/business.roovi.com\/wp-content\/uploads\/2018\/04\/72924_01.jpg\" \/>\n\t<meta property=\"og:image:width\" content=\"1200\" \/>\n\t<meta property=\"og:image:height\" content=\"1200\" \/>\n\t<meta property=\"og:image:type\" content=\"image\/jpeg\" \/>\n<script type=\"application\/ld+json\" class=\"yoast-schema-graph\">{\"@context\":\"https:\/\/schema.org\",\"@graph\":[{\"@type\":\"WebPage\",\"@id\":\"https:\/\/business.roovi.com\/ro\/3-puzzles-classic-tales-1\/p\/\",\"url\":\"https:\/\/www.roovi.ro\/3-puzzles-classic-tales-1\/p\/\",\"name\":\"3 puzzles - 6, 9 \u0219i 16 piese - Alice \u00een \u021aara Minunilor, Muzican\u021bii din Bremen \u0219i Cartea Junglei - Roovi B2B\",\"isPartOf\":{\"@id\":\"https:\/\/business.roovi.com\/ro\/#website\"},\"datePublished\":\"2018-04-16T10:56:18+00:00\",\"dateModified\":\"2022-08-15T10:34:23+00:00\",\"breadcrumb\":{\"@id\":\"https:\/\/www.roovi.ro\/3-puzzles-classic-tales-1\/p\/#breadcrumb\"},\"inLanguage\":\"ro-RO\",\"potentialAction\":[{\"@type\":\"ReadAction\",\"target\":[\"https:\/\/www.roovi.ro\/3-puzzles-classic-tales-1\/p\/\"]}]},{\"@type\":\"BreadcrumbList\",\"@id\":\"https:\/\/www.roovi.ro\/3-puzzles-classic-tales-1\/p\/#breadcrumb\",\"itemListElement\":[{\"@type\":\"ListItem\",\"position\":1,\"name\":\"Home\",\"item\":\"https:\/\/business.roovi.com\/ro\/\"},{\"@type\":\"ListItem\",\"position\":2,\"name\":\"Magazin\",\"item\":\"https:\/\/business.roovi.com\/ro\/magazin\/\"},{\"@type\":\"ListItem\",\"position\":3,\"name\":\"3 puzzles &#8211; 6, 9 \u0219i 16 piese &#8211; Alice \u00een \u021aara Minunilor, Muzican\u021bii din Bremen \u0219i Cartea Junglei\"}]},{\"@type\":\"WebSite\",\"@id\":\"https:\/\/business.roovi.com\/ro\/#website\",\"url\":\"https:\/\/business.roovi.com\/ro\/\",\"name\":\"Roovi B2B\",\"description\":\"Roovi Business Website\",\"potentialAction\":[{\"@type\":\"SearchAction\",\"target\":{\"@type\":\"EntryPoint\",\"urlTemplate\":\"https:\/\/business.roovi.com\/ro\/?s={search_term_string}\"},\"query-input\":\"required name=search_term_string\"}],\"inLanguage\":\"ro-RO\"}]}<\/script>\n<!-- \/ Yoast SEO plugin. -->","yoast_head_json":{"title":"3 puzzles - 6, 9 \u0219i 16 piese - Alice \u00een \u021aara Minunilor, Muzican\u021bii din Bremen \u0219i Cartea Junglei - Roovi B2B","robots":{"index":"index","follow":"follow","max-snippet":"max-snippet:-1","max-image-preview":"max-image-preview:large","max-video-preview":"max-video-preview:-1"},"canonical":"https:\/\/www.roovi.ro\/3-puzzles-classic-tales-1\/p\/","og_locale":"ro_RO","og_type":"article","og_title":"3 puzzles - 6, 9 \u0219i 16 piese - Alice \u00een \u021aara Minunilor, Muzican\u021bii din Bremen \u0219i Cartea Junglei - Roovi B2B","og_description":"Cutia con\u021bine 3 puzzle-uri de 6, 9 \u0219i 16 piese, \u00eenf\u0103\u021bis\u00e2nd personaje \u00eendr\u0103gite din pove\u0219tile clasice Alice \u00een \u021aara Minunilor,","og_url":"https:\/\/www.roovi.ro\/3-puzzles-classic-tales-1\/p\/","og_site_name":"Roovi B2B","article_publisher":"https:\/\/www.facebook.com\/wwwjucariero","article_modified_time":"2022-08-15T10:34:23+00:00","og_image":[{"width":1200,"height":1200,"url":"https:\/\/business.roovi.com\/wp-content\/uploads\/2018\/04\/72924_01.jpg","type":"image\/jpeg"}],"schema":{"@context":"https:\/\/schema.org","@graph":[{"@type":"WebPage","@id":"https:\/\/business.roovi.com\/ro\/3-puzzles-classic-tales-1\/p\/","url":"https:\/\/www.roovi.ro\/3-puzzles-classic-tales-1\/p\/","name":"3 puzzles - 6, 9 \u0219i 16 piese - Alice \u00een \u021aara Minunilor, Muzican\u021bii din Bremen \u0219i Cartea Junglei - Roovi B2B","isPartOf":{"@id":"https:\/\/business.roovi.com\/ro\/#website"},"datePublished":"2018-04-16T10:56:18+00:00","dateModified":"2022-08-15T10:34:23+00:00","breadcrumb":{"@id":"https:\/\/www.roovi.ro\/3-puzzles-classic-tales-1\/p\/#breadcrumb"},"inLanguage":"ro-RO","potentialAction":[{"@type":"ReadAction","target":["https:\/\/www.roovi.ro\/3-puzzles-classic-tales-1\/p\/"]}]},{"@type":"BreadcrumbList","@id":"https:\/\/www.roovi.ro\/3-puzzles-classic-tales-1\/p\/#breadcrumb","itemListElement":[{"@type":"ListItem","position":1,"name":"Home","item":"https:\/\/business.roovi.com\/ro\/"},{"@type":"ListItem","position":2,"name":"Magazin","item":"https:\/\/business.roovi.com\/ro\/magazin\/"},{"@type":"ListItem","position":3,"name":"3 puzzles &#8211; 6, 9 \u0219i 16 piese &#8211; Alice \u00een \u021aara Minunilor, Muzican\u021bii din Bremen \u0219i Cartea Junglei"}]},{"@type":"WebSite","@id":"https:\/\/business.roovi.com\/ro\/#website","url":"https:\/\/business.roovi.com\/ro\/","name":"Roovi B2B","description":"Roovi Business Website","potentialAction":[{"@type":"SearchAction","target":{"@type":"EntryPoint","urlTemplate":"https:\/\/business.roovi.com\/ro\/?s={search_term_string}"},"query-input":"required name=search_term_string"}],"inLanguage":"ro-RO"}]}},"_links":{"self":[{"href":"https:\/\/business.roovi.com\/ro\/wp-json\/wp\/v2\/product\/18717","targetHints":{"allow":["GET"]}}],"collection":[{"href":"https:\/\/business.roovi.com\/ro\/wp-json\/wp\/v2\/product"}],"about":[{"href":"https:\/\/business.roovi.com\/ro\/wp-json\/wp\/v2\/types\/product"}],"version-history":[{"count":0,"href":"https:\/\/business.roovi.com\/ro\/wp-json\/wp\/v2\/product\/18717\/revisions"}],"wp:featuredmedia":[{"embeddable":true,"href":"https:\/\/business.roovi.com\/ro\/wp-json\/wp\/v2\/media\/18713"}],"wp:attachment":[{"href":"https:\/\/business.roovi.com\/ro\/wp-json\/wp\/v2\/media?parent=18717"}],"wp:term":[{"taxonomy":"product_brand","embeddable":true,"href":"https:\/\/business.roovi.com\/ro\/wp-json\/wp\/v2\/product_brand?post=18717"},{"taxonomy":"product_cat","embeddable":true,"href":"https:\/\/business.roovi.com\/ro\/wp-json\/wp\/v2\/product_cat?post=18717"},{"taxonomy":"product_tag","embeddable":true,"href":"https:\/\/business.roovi.com\/ro\/wp-json\/wp\/v2\/product_tag?post=18717"}],"curies":[{"name":"wp","href":"https:\/\/api.w.org\/{rel}","templated":true}]}}