{"id":18772,"date":"2018-08-02T08:38:00","date_gmt":"2018-08-02T08:38:00","guid":{"rendered":"https:\/\/business.roovi.com\/product\/jocul-cactus-the-game\/"},"modified":"2025-03-13T06:47:20","modified_gmt":"2025-03-13T06:47:20","slug":"jocul-cactus-the-game","status":"publish","type":"product","link":"https:\/\/business.roovi.com\/ro\/jocul-cactus-the-game\/p\/","title":{"rendered":"Joc de \u00eendem\u00e2nare &#8211; Joc Cactus, 24 piese din lemn"},"content":{"rendered":"<p>Design minimal geometric \u2013 joac\u0103 infinit\u0103. Jocul Cactus, The Game se deosebe\u0219te de alte jocuri echilibristice prin aspectul s\u0103u minimal \u0219i geometric care ascunde posibilit\u0103\u021bi infinite. Poate fi jucat de 2-4 persoane, indiferent de v\u00e2rst\u0103, fiindc\u0103 utilizarea celor 24 de piese prezint\u0103 o provocare chiar \u0219i pentru cei cu un sim\u021b de echilibru excelent. Conceptul jocului este foarte simplu: juc\u0103torii a\u0219az\u0103 piesele din lemn cu \u00eendem\u00e2nare pentru a construi un cactus, av\u00e2nd grij\u0103 ca \u201eplanta\u201d s\u0103 nu cad\u0103. Piesele de construc\u021bie au toate aceea\u0219i form\u0103, \u00eens\u0103 difer\u0103 num\u0103rul g\u0103urilor de pe ele, ceea ce permite multe posibilit\u0103\u021bi tactice. Fabricat din lemn rezistent de fag, jocul Cactus, The Game ofer\u0103 valoare de joac\u0103 infinit\u0103.<br \/>\nCon\u021binut: 1 baz\u0103, 24 piese de construc\u021bie din lemn, regulament de joc.<\/p>\n","protected":false},"excerpt":{"rendered":"<p>Design minimal geometric \u2013 joac\u0103 infinit\u0103. Jocul Cactus, The Game se deosebe\u0219te de alte jocuri echilibristice prin aspectul s\u0103u minimal<\/p>\n","protected":false},"featured_media":70814,"template":"","meta":[],"product_brand":[],"product_cat":[1477],"product_tag":[],"class_list":{"0":"post-18772","1":"product","2":"type-product","3":"status-publish","4":"has-post-thumbnail","6":"product_cat-jocuri-din-lemn","7":"pa_brand-tikka","8":"pa_country_of_manufacture-ro","9":"pa_filter_age-1315","10":"pa_filter_age-5_7","11":"pa_filter_age-7_9","12":"pa_filter_age-9_14","13":"pa_tip_ambalaj-cutie","15":"first","16":"instock","17":"taxable","18":"shipping-taxable","19":"product-type-simple"},"yoast_head":"<!-- This site is optimized with the Yoast SEO plugin v20.1 - https:\/\/yoast.com\/wordpress\/plugins\/seo\/ -->\n<title>Joc de \u00eendem\u00e2nare - Joc Cactus, 24 piese din lemn - Roovi B2B<\/title>\n<meta name=\"robots\" content=\"index, follow, max-snippet:-1, max-image-preview:large, max-video-preview:-1\" \/>\n<link rel=\"canonical\" href=\"https:\/\/www.roovi.ro\/jocul-cactus-the-game\/p\/\" \/>\n<meta property=\"og:locale\" content=\"ro_RO\" \/>\n<meta property=\"og:type\" content=\"article\" \/>\n<meta property=\"og:title\" content=\"Joc de \u00eendem\u00e2nare - Joc Cactus, 24 piese din lemn - Roovi B2B\" \/>\n<meta property=\"og:description\" content=\"Design minimal geometric \u2013 joac\u0103 infinit\u0103. Jocul Cactus, The Game se deosebe\u0219te de alte jocuri echilibristice prin aspectul s\u0103u minimal\" \/>\n<meta property=\"og:url\" content=\"https:\/\/www.roovi.ro\/jocul-cactus-the-game\/p\/\" \/>\n<meta property=\"og:site_name\" content=\"Roovi B2B\" \/>\n<meta property=\"article:publisher\" content=\"https:\/\/www.facebook.com\/wwwjucariero\" \/>\n<meta property=\"article:modified_time\" content=\"2025-03-13T06:47:20+00:00\" \/>\n<meta property=\"og:image\" content=\"https:\/\/business.roovi.com\/wp-content\/uploads\/2018\/08\/Cactus-the-game-74317-.jpg\" \/>\n\t<meta property=\"og:image:width\" content=\"1200\" \/>\n\t<meta property=\"og:image:height\" content=\"1200\" \/>\n\t<meta property=\"og:image:type\" content=\"image\/jpeg\" \/>\n<meta name=\"twitter:label1\" content=\"Timp estimat pentru citire\" \/>\n\t<meta name=\"twitter:data1\" content=\"1 minut\" \/>\n<script type=\"application\/ld+json\" class=\"yoast-schema-graph\">{\"@context\":\"https:\/\/schema.org\",\"@graph\":[{\"@type\":\"WebPage\",\"@id\":\"https:\/\/business.roovi.com\/ro\/jocul-cactus-the-game\/p\/\",\"url\":\"https:\/\/www.roovi.ro\/jocul-cactus-the-game\/p\/\",\"name\":\"Joc de \u00eendem\u00e2nare - Joc Cactus, 24 piese din lemn - Roovi B2B\",\"isPartOf\":{\"@id\":\"https:\/\/business.roovi.com\/ro\/#website\"},\"datePublished\":\"2018-08-02T08:38:00+00:00\",\"dateModified\":\"2025-03-13T06:47:20+00:00\",\"breadcrumb\":{\"@id\":\"https:\/\/www.roovi.ro\/jocul-cactus-the-game\/p\/#breadcrumb\"},\"inLanguage\":\"ro-RO\",\"potentialAction\":[{\"@type\":\"ReadAction\",\"target\":[\"https:\/\/www.roovi.ro\/jocul-cactus-the-game\/p\/\"]}]},{\"@type\":\"BreadcrumbList\",\"@id\":\"https:\/\/www.roovi.ro\/jocul-cactus-the-game\/p\/#breadcrumb\",\"itemListElement\":[{\"@type\":\"ListItem\",\"position\":1,\"name\":\"Home\",\"item\":\"https:\/\/business.roovi.com\/ro\/\"},{\"@type\":\"ListItem\",\"position\":2,\"name\":\"Magazin\",\"item\":\"https:\/\/business.roovi.com\/ro\/magazin\/\"},{\"@type\":\"ListItem\",\"position\":3,\"name\":\"Joc de \u00eendem\u00e2nare &#8211; Joc Cactus, 24 piese din lemn\"}]},{\"@type\":\"WebSite\",\"@id\":\"https:\/\/business.roovi.com\/ro\/#website\",\"url\":\"https:\/\/business.roovi.com\/ro\/\",\"name\":\"Roovi B2B\",\"description\":\"Roovi Business Website\",\"potentialAction\":[{\"@type\":\"SearchAction\",\"target\":{\"@type\":\"EntryPoint\",\"urlTemplate\":\"https:\/\/business.roovi.com\/ro\/?s={search_term_string}\"},\"query-input\":\"required name=search_term_string\"}],\"inLanguage\":\"ro-RO\"}]}<\/script>\n<!-- \/ Yoast SEO plugin. -->","yoast_head_json":{"title":"Joc de \u00eendem\u00e2nare - Joc Cactus, 24 piese din lemn - Roovi B2B","robots":{"index":"index","follow":"follow","max-snippet":"max-snippet:-1","max-image-preview":"max-image-preview:large","max-video-preview":"max-video-preview:-1"},"canonical":"https:\/\/www.roovi.ro\/jocul-cactus-the-game\/p\/","og_locale":"ro_RO","og_type":"article","og_title":"Joc de \u00eendem\u00e2nare - Joc Cactus, 24 piese din lemn - Roovi B2B","og_description":"Design minimal geometric \u2013 joac\u0103 infinit\u0103. Jocul Cactus, The Game se deosebe\u0219te de alte jocuri echilibristice prin aspectul s\u0103u minimal","og_url":"https:\/\/www.roovi.ro\/jocul-cactus-the-game\/p\/","og_site_name":"Roovi B2B","article_publisher":"https:\/\/www.facebook.com\/wwwjucariero","article_modified_time":"2025-03-13T06:47:20+00:00","og_image":[{"width":1200,"height":1200,"url":"https:\/\/business.roovi.com\/wp-content\/uploads\/2018\/08\/Cactus-the-game-74317-.jpg","type":"image\/jpeg"}],"twitter_misc":{"Timp estimat pentru citire":"1 minut"},"schema":{"@context":"https:\/\/schema.org","@graph":[{"@type":"WebPage","@id":"https:\/\/business.roovi.com\/ro\/jocul-cactus-the-game\/p\/","url":"https:\/\/www.roovi.ro\/jocul-cactus-the-game\/p\/","name":"Joc de \u00eendem\u00e2nare - Joc Cactus, 24 piese din lemn - Roovi B2B","isPartOf":{"@id":"https:\/\/business.roovi.com\/ro\/#website"},"datePublished":"2018-08-02T08:38:00+00:00","dateModified":"2025-03-13T06:47:20+00:00","breadcrumb":{"@id":"https:\/\/www.roovi.ro\/jocul-cactus-the-game\/p\/#breadcrumb"},"inLanguage":"ro-RO","potentialAction":[{"@type":"ReadAction","target":["https:\/\/www.roovi.ro\/jocul-cactus-the-game\/p\/"]}]},{"@type":"BreadcrumbList","@id":"https:\/\/www.roovi.ro\/jocul-cactus-the-game\/p\/#breadcrumb","itemListElement":[{"@type":"ListItem","position":1,"name":"Home","item":"https:\/\/business.roovi.com\/ro\/"},{"@type":"ListItem","position":2,"name":"Magazin","item":"https:\/\/business.roovi.com\/ro\/magazin\/"},{"@type":"ListItem","position":3,"name":"Joc de \u00eendem\u00e2nare &#8211; Joc Cactus, 24 piese din lemn"}]},{"@type":"WebSite","@id":"https:\/\/business.roovi.com\/ro\/#website","url":"https:\/\/business.roovi.com\/ro\/","name":"Roovi B2B","description":"Roovi Business Website","potentialAction":[{"@type":"SearchAction","target":{"@type":"EntryPoint","urlTemplate":"https:\/\/business.roovi.com\/ro\/?s={search_term_string}"},"query-input":"required name=search_term_string"}],"inLanguage":"ro-RO"}]}},"_links":{"self":[{"href":"https:\/\/business.roovi.com\/ro\/wp-json\/wp\/v2\/product\/18772","targetHints":{"allow":["GET"]}}],"collection":[{"href":"https:\/\/business.roovi.com\/ro\/wp-json\/wp\/v2\/product"}],"about":[{"href":"https:\/\/business.roovi.com\/ro\/wp-json\/wp\/v2\/types\/product"}],"version-history":[{"count":0,"href":"https:\/\/business.roovi.com\/ro\/wp-json\/wp\/v2\/product\/18772\/revisions"}],"wp:featuredmedia":[{"embeddable":true,"href":"https:\/\/business.roovi.com\/ro\/wp-json\/wp\/v2\/media\/70814"}],"wp:attachment":[{"href":"https:\/\/business.roovi.com\/ro\/wp-json\/wp\/v2\/media?parent=18772"}],"wp:term":[{"taxonomy":"product_brand","embeddable":true,"href":"https:\/\/business.roovi.com\/ro\/wp-json\/wp\/v2\/product_brand?post=18772"},{"taxonomy":"product_cat","embeddable":true,"href":"https:\/\/business.roovi.com\/ro\/wp-json\/wp\/v2\/product_cat?post=18772"},{"taxonomy":"product_tag","embeddable":true,"href":"https:\/\/business.roovi.com\/ro\/wp-json\/wp\/v2\/product_tag?post=18772"}],"curies":[{"name":"wp","href":"https:\/\/api.w.org\/{rel}","templated":true}]}}