{"id":18798,"date":"2018-08-02T08:38:01","date_gmt":"2018-08-02T08:38:01","guid":{"rendered":"https:\/\/business.roovi.com\/product\/puzzle-vintage-collage-paper-money-1000-piese\/"},"modified":"2023-03-20T21:37:33","modified_gmt":"2023-03-20T21:37:33","slug":"puzzle-adulti-1000-piese-vintage-collage-paper-money-bancnote","status":"publish","type":"product","link":"https:\/\/business.roovi.com\/ro\/puzzle-adulti-1000-piese-vintage-collage-paper-money-bancnote\/p\/","title":{"rendered":"Puzzle adul\u021bi 1000 piese Vintage Collage &#8211; Paper Money  \/ Bancnote"},"content":{"rendered":"<p><span style=\"font-weight: 400;\">Puzzle 1000 piese paper money din colec\u021bia puzzle vintage te provoac\u0103 s\u0103 fii un adev\u0103rat v\u00e2n\u0103tor de comori ce descoper\u0103 cele mai pre\u021bioase bancnote din lume.<\/span><\/p>\n<p><span style=\"font-weight: 400;\">E\u0219ti gata s\u0103 treci la un nivel superior al jocurilor puzzle? Modelul paper money din colec\u021bia de puzzle 1000 piese vintage collage \u00ee\u021bi va solicita cu siguran\u021b\u0103 \u00eentreaga aten\u021bie. Puzzle 1000 piese paper money este o ilustra\u021bie cu multe bancnote din diverse col\u021buri ale lumii, din vremuri trecute, dar \u0219i mai apropiate de contemporaneitate.<\/span><\/p>\n<p><span style=\"font-weight: 400;\">Acest puzzle complex \u00ee\u021bi va aduce aminte de pasiunea de colec\u021bionar de bancnote pe care poate ai avut-o \u00een copil\u0103rie. Sau de pasiunea actual\u0103 pentru arta vintage. \u00cen oricare dintre aceste categorii te reg\u0103se\u0219ti, puzzle 1000 piese bancnote te \u00eendeamn\u0103 la aventur\u0103 \u0219i cunoa\u0219tere.\u00a0<\/span><\/p>\n<p><span style=\"font-weight: 400;\">Pentru reconstituirea imaginii din puzzle 1000 piese po\u021bi folosi o m\u0103su\u021b\u0103 standard de cafea. Tabloul pe care \u00eel ob\u021bii are dimensiunile de 50 x 70 cm.<\/span><\/p>\n<p><span style=\"font-weight: 400;\">Alte caracteristici ale puzzle-ului vintage college &#8211; bancnote:<\/span><\/p>\n<p><strong>Dimensiuni imagine reconstituit\u0103: 50 x 70 cm.<\/strong><\/p>\n<p><strong>Material puzzle:\u00a0<\/strong><\/p>\n<p><strong>carton albastru de o calitate superioar\u0103<\/strong><\/p>\n<p><strong>materiale sustenabile, reciclabile<\/strong><\/p>\n<p><strong>finisaj semi-lucios, culori vii<\/strong><\/p>\n<p><strong>Num\u0103rul pieselor de puzzle: 1000<\/strong><\/p>\n<p><strong>V\u00e2rsta recomandat\u0103: 14+<\/strong><\/p>\n<p><strong>De ce s\u0103 alegi puzzle 1000 piese vintage collage &#8211; paper money<\/strong><span style=\"font-weight: 400;\">?<\/span><\/p>\n<p><span style=\"font-weight: 400;\">\u00ce\u021bi dezvolt\u0103 aten\u021bia la detalii \u0219i capacitatea de concentrare.<\/span><\/p>\n<p><span style=\"font-weight: 400;\">Este un antrenament mental complet, care \u00ee\u021bi men\u021bine creierul s\u0103n\u0103tos.<\/span><\/p>\n<p><span style=\"font-weight: 400;\">Ob\u021bii un tablou uimitor, de art\u0103 vintage care va da o not\u0103 deosebit\u0103 casei tale.<\/span><\/p>\n<p><span style=\"font-weight: 400;\">Este un prilej de a petrece p\u00e2n\u0103 la 30 de ore deconectat de la ecrane.<\/span><\/p>\n<p><span style=\"font-weight: 400;\">Poate fi \u0219i o bun\u0103 oportunitate de a petrece timp de calitate al\u0103turi de prieteni.<\/span><\/p>\n<p><strong>\u0218tiai c\u0103\u2026?<\/strong><\/p>\n<p><span style=\"font-weight: 400;\">Cea mai veche bancnot\u0103 din lume care a supravie\u021buit p\u00e2n\u0103 ast\u0103zi este de origine chinez\u0103, dateaz\u0103 de la 1375 \u0219i poate fi admirat\u0103 \u0219i azi la British Museum.<\/span><\/p>\n<p><span style=\"font-weight: 400;\">Rom\u00e2nia este prima \u021bar\u0103 din Europa care a imprimat bancnotele pe suport din plastic.<\/span><\/p>\n<p><span style=\"font-weight: 400;\">Regina Elisabeta a II-a este figura regal\u0103 care a ap\u0103rut pe bancnotele a peste 30 de \u021b\u0103ri.<\/span><\/p>\n<p><span style=\"font-weight: 400;\">Rom\u00e2nia de\u021bine recordul celei mai mici bancnote din lume. Este vorba de bancnota de 10 bani emis\u0103 de Regele Ferdinand \u00een 1917.\u00a0<\/span><\/p>\n<p><strong>Puzzle 1000 piese vintage collage &#8211; bancnote pentru relaxare \u0219i deconectare<\/strong><\/p>\n<p><span style=\"font-weight: 400;\">Descoper\u0103 \u00een acest joc puzzle de dificultate ridicat\u0103 o modalitate de a-\u021bi elibera mintea de g\u00e2nduri \u0219i energii negative. Caut\u0103 ca un adev\u0103rat detectiv piesele potrivite, pune-le \u00een locurile exacte \u0219i adun\u0103 colec\u021bia complet\u0103 de bancnote din toate col\u021burile lumii. Poate c\u0103 nu e\u0219ti mai bogat din punct de vedere material, dar sufletul t\u0103u cu siguran\u021b\u0103 se \u00eembog\u0103\u021be\u0219te cu o experien\u021b\u0103 de crea\u021bie.<\/span><\/p>\n<p><span style=\"font-weight: 400;\">Senza\u021bia de deconectare \u0219i relaxare se p\u0103streaz\u0103 pentru mult timp \u0219i te ajut\u0103 s\u0103:<\/span><\/p>\n<ul>\n<li><span style=\"font-weight: 400;\">Fii mai optimist.<\/span><\/li>\n<li><span style=\"font-weight: 400;\">Ai mai mult\u0103 \u00eencredere \u00een for\u021bele tale<\/span><\/li>\n<li><span style=\"font-weight: 400;\">Dormi mai bine.<\/span><\/li>\n<li><span style=\"font-weight: 400;\">Fii mai pu\u021bin stresat.<\/span><\/li>\n<\/ul>\n<p><span style=\"font-weight: 400;\">Alege puzzle 1000 piese &#8211; bancnote din colec\u021bia puzzle vintage \u0219i bucur\u0103-te de toate avantajele pe care \u021bi le ofer\u0103 un joc puzzle. Sau provoac\u0103-\u021bi un prieten la o activitate creativ\u0103 oferindu-i \u00een dar acest minunat puzzle 1000 piese.<\/span><\/p>\n<p>\u00a0<\/p>\n","protected":false},"excerpt":{"rendered":"<p>Puzzle 1000 piese paper money din colec\u021bia puzzle vintage te provoac\u0103 s\u0103 fii un adev\u0103rat v\u00e2n\u0103tor de comori ce descoper\u0103<\/p>\n","protected":false},"featured_media":18784,"template":"","meta":[],"product_brand":[],"product_cat":[1454,1488,1560],"product_tag":[],"class_list":{"0":"post-18798","1":"product","2":"type-product","3":"status-publish","4":"has-post-thumbnail","6":"product_cat-puzzle","7":"product_cat-puzzle-adulti","8":"product_cat-puzzle-adulti-1000","9":"pa_bax-1273","10":"pa_brand-d_toys","11":"pa_country_of_manufacture-ro","12":"pa_filter_age-1315","13":"pa_painter-vintagecollage","14":"pa_tip_ambalaj-cutie","15":"pa_tip_puzzle-clasic","17":"first","18":"instock","19":"taxable","20":"shipping-taxable","21":"product-type-simple"},"yoast_head":"<!-- This site is optimized with the Yoast SEO plugin v20.1 - https:\/\/yoast.com\/wordpress\/plugins\/seo\/ -->\n<title>Puzzle adul\u021bi 1000 piese Vintage Collage - Paper Money \/ Bancnote - Roovi B2B<\/title>\n<meta name=\"robots\" content=\"index, follow, max-snippet:-1, max-image-preview:large, max-video-preview:-1\" \/>\n<link rel=\"canonical\" href=\"https:\/\/www.roovi.ro\/puzzle-adulti-1000-piese-vintage-collage-paper-money-bancnote\/p\/\" \/>\n<meta property=\"og:locale\" content=\"ro_RO\" \/>\n<meta property=\"og:type\" content=\"article\" \/>\n<meta property=\"og:title\" content=\"Puzzle adul\u021bi 1000 piese Vintage Collage - Paper Money \/ Bancnote - Roovi B2B\" \/>\n<meta property=\"og:description\" content=\"Puzzle 1000 piese paper money din colec\u021bia puzzle vintage te provoac\u0103 s\u0103 fii un adev\u0103rat v\u00e2n\u0103tor de comori ce descoper\u0103\" \/>\n<meta property=\"og:url\" content=\"https:\/\/www.roovi.ro\/puzzle-adulti-1000-piese-vintage-collage-paper-money-bancnote\/p\/\" \/>\n<meta property=\"og:site_name\" content=\"Roovi B2B\" \/>\n<meta property=\"article:publisher\" content=\"https:\/\/www.facebook.com\/wwwjucariero\" \/>\n<meta property=\"article:modified_time\" content=\"2023-03-20T21:37:33+00:00\" \/>\n<meta property=\"og:image\" content=\"https:\/\/business.roovi.com\/wp-content\/uploads\/2018\/08\/74362-04_ansamblu_dimensiuni_cutie_cm_vertical_1200x1200.png\" \/>\n\t<meta property=\"og:image:width\" content=\"1200\" \/>\n\t<meta property=\"og:image:height\" content=\"1200\" \/>\n\t<meta property=\"og:image:type\" content=\"image\/png\" \/>\n<meta name=\"twitter:label1\" content=\"Timp estimat pentru citire\" \/>\n\t<meta name=\"twitter:data1\" content=\"3 minute\" \/>\n<script type=\"application\/ld+json\" class=\"yoast-schema-graph\">{\"@context\":\"https:\/\/schema.org\",\"@graph\":[{\"@type\":\"WebPage\",\"@id\":\"https:\/\/business.roovi.com\/ro\/puzzle-adulti-1000-piese-vintage-collage-paper-money-bancnote\/p\/\",\"url\":\"https:\/\/www.roovi.ro\/puzzle-adulti-1000-piese-vintage-collage-paper-money-bancnote\/p\/\",\"name\":\"Puzzle adul\u021bi 1000 piese Vintage Collage - Paper Money \/ Bancnote - Roovi B2B\",\"isPartOf\":{\"@id\":\"https:\/\/business.roovi.com\/ro\/#website\"},\"datePublished\":\"2018-08-02T08:38:01+00:00\",\"dateModified\":\"2023-03-20T21:37:33+00:00\",\"breadcrumb\":{\"@id\":\"https:\/\/www.roovi.ro\/puzzle-adulti-1000-piese-vintage-collage-paper-money-bancnote\/p\/#breadcrumb\"},\"inLanguage\":\"ro-RO\",\"potentialAction\":[{\"@type\":\"ReadAction\",\"target\":[\"https:\/\/www.roovi.ro\/puzzle-adulti-1000-piese-vintage-collage-paper-money-bancnote\/p\/\"]}]},{\"@type\":\"BreadcrumbList\",\"@id\":\"https:\/\/www.roovi.ro\/puzzle-adulti-1000-piese-vintage-collage-paper-money-bancnote\/p\/#breadcrumb\",\"itemListElement\":[{\"@type\":\"ListItem\",\"position\":1,\"name\":\"Home\",\"item\":\"https:\/\/business.roovi.com\/ro\/\"},{\"@type\":\"ListItem\",\"position\":2,\"name\":\"Magazin\",\"item\":\"https:\/\/business.roovi.com\/ro\/magazin\/\"},{\"@type\":\"ListItem\",\"position\":3,\"name\":\"Puzzle adul\u021bi 1000 piese Vintage Collage &#8211; Paper Money \/ Bancnote\"}]},{\"@type\":\"WebSite\",\"@id\":\"https:\/\/business.roovi.com\/ro\/#website\",\"url\":\"https:\/\/business.roovi.com\/ro\/\",\"name\":\"Roovi B2B\",\"description\":\"Roovi Business Website\",\"potentialAction\":[{\"@type\":\"SearchAction\",\"target\":{\"@type\":\"EntryPoint\",\"urlTemplate\":\"https:\/\/business.roovi.com\/ro\/?s={search_term_string}\"},\"query-input\":\"required name=search_term_string\"}],\"inLanguage\":\"ro-RO\"}]}<\/script>\n<!-- \/ Yoast SEO plugin. -->","yoast_head_json":{"title":"Puzzle adul\u021bi 1000 piese Vintage Collage - Paper Money \/ Bancnote - Roovi B2B","robots":{"index":"index","follow":"follow","max-snippet":"max-snippet:-1","max-image-preview":"max-image-preview:large","max-video-preview":"max-video-preview:-1"},"canonical":"https:\/\/www.roovi.ro\/puzzle-adulti-1000-piese-vintage-collage-paper-money-bancnote\/p\/","og_locale":"ro_RO","og_type":"article","og_title":"Puzzle adul\u021bi 1000 piese Vintage Collage - Paper Money \/ Bancnote - Roovi B2B","og_description":"Puzzle 1000 piese paper money din colec\u021bia puzzle vintage te provoac\u0103 s\u0103 fii un adev\u0103rat v\u00e2n\u0103tor de comori ce descoper\u0103","og_url":"https:\/\/www.roovi.ro\/puzzle-adulti-1000-piese-vintage-collage-paper-money-bancnote\/p\/","og_site_name":"Roovi B2B","article_publisher":"https:\/\/www.facebook.com\/wwwjucariero","article_modified_time":"2023-03-20T21:37:33+00:00","og_image":[{"width":1200,"height":1200,"url":"https:\/\/business.roovi.com\/wp-content\/uploads\/2018\/08\/74362-04_ansamblu_dimensiuni_cutie_cm_vertical_1200x1200.png","type":"image\/png"}],"twitter_misc":{"Timp estimat pentru citire":"3 minute"},"schema":{"@context":"https:\/\/schema.org","@graph":[{"@type":"WebPage","@id":"https:\/\/business.roovi.com\/ro\/puzzle-adulti-1000-piese-vintage-collage-paper-money-bancnote\/p\/","url":"https:\/\/www.roovi.ro\/puzzle-adulti-1000-piese-vintage-collage-paper-money-bancnote\/p\/","name":"Puzzle adul\u021bi 1000 piese Vintage Collage - Paper Money \/ Bancnote - Roovi B2B","isPartOf":{"@id":"https:\/\/business.roovi.com\/ro\/#website"},"datePublished":"2018-08-02T08:38:01+00:00","dateModified":"2023-03-20T21:37:33+00:00","breadcrumb":{"@id":"https:\/\/www.roovi.ro\/puzzle-adulti-1000-piese-vintage-collage-paper-money-bancnote\/p\/#breadcrumb"},"inLanguage":"ro-RO","potentialAction":[{"@type":"ReadAction","target":["https:\/\/www.roovi.ro\/puzzle-adulti-1000-piese-vintage-collage-paper-money-bancnote\/p\/"]}]},{"@type":"BreadcrumbList","@id":"https:\/\/www.roovi.ro\/puzzle-adulti-1000-piese-vintage-collage-paper-money-bancnote\/p\/#breadcrumb","itemListElement":[{"@type":"ListItem","position":1,"name":"Home","item":"https:\/\/business.roovi.com\/ro\/"},{"@type":"ListItem","position":2,"name":"Magazin","item":"https:\/\/business.roovi.com\/ro\/magazin\/"},{"@type":"ListItem","position":3,"name":"Puzzle adul\u021bi 1000 piese Vintage Collage &#8211; Paper Money \/ Bancnote"}]},{"@type":"WebSite","@id":"https:\/\/business.roovi.com\/ro\/#website","url":"https:\/\/business.roovi.com\/ro\/","name":"Roovi B2B","description":"Roovi Business Website","potentialAction":[{"@type":"SearchAction","target":{"@type":"EntryPoint","urlTemplate":"https:\/\/business.roovi.com\/ro\/?s={search_term_string}"},"query-input":"required name=search_term_string"}],"inLanguage":"ro-RO"}]}},"_links":{"self":[{"href":"https:\/\/business.roovi.com\/ro\/wp-json\/wp\/v2\/product\/18798","targetHints":{"allow":["GET"]}}],"collection":[{"href":"https:\/\/business.roovi.com\/ro\/wp-json\/wp\/v2\/product"}],"about":[{"href":"https:\/\/business.roovi.com\/ro\/wp-json\/wp\/v2\/types\/product"}],"version-history":[{"count":0,"href":"https:\/\/business.roovi.com\/ro\/wp-json\/wp\/v2\/product\/18798\/revisions"}],"wp:featuredmedia":[{"embeddable":true,"href":"https:\/\/business.roovi.com\/ro\/wp-json\/wp\/v2\/media\/18784"}],"wp:attachment":[{"href":"https:\/\/business.roovi.com\/ro\/wp-json\/wp\/v2\/media?parent=18798"}],"wp:term":[{"taxonomy":"product_brand","embeddable":true,"href":"https:\/\/business.roovi.com\/ro\/wp-json\/wp\/v2\/product_brand?post=18798"},{"taxonomy":"product_cat","embeddable":true,"href":"https:\/\/business.roovi.com\/ro\/wp-json\/wp\/v2\/product_cat?post=18798"},{"taxonomy":"product_tag","embeddable":true,"href":"https:\/\/business.roovi.com\/ro\/wp-json\/wp\/v2\/product_tag?post=18798"}],"curies":[{"name":"wp","href":"https:\/\/api.w.org\/{rel}","templated":true}]}}