{"id":18846,"date":"2018-08-02T08:38:01","date_gmt":"2018-08-02T08:38:01","guid":{"rendered":"https:\/\/business.roovi.com\/product\/puzzle-renoir-luncheon-of-the-boating-party-1000-piese\/"},"modified":"2025-03-17T11:24:09","modified_gmt":"2025-03-17T11:24:09","slug":"puzzle-adulti-1000-piese-pierre-auguste-renoir-luncheon-of-the-boating-party","status":"publish","type":"product","link":"https:\/\/business.roovi.com\/ro\/puzzle-adulti-1000-piese-pierre-auguste-renoir-luncheon-of-the-boating-party\/p\/","title":{"rendered":"Puzzle adulti 1000 piese Pierre-Auguste Renoir &#8211; Luncheon of the Boating Party"},"content":{"rendered":"<p><span style=\"font-weight: 400; font-size: 14px; line-height: 14px;\">Cau\u021bi o activitate relaxant\u0103 \u0219i creativ\u0103? Descoper\u0103 cea mai mare gam\u0103 de puzzle-uri de art\u0103 din Rom\u00e2nia \u0219i petrece-\u021bi serile monotone ref\u0103c\u00e2nd imaginile celor mai renumite picturi. La noi g\u0103se\u0219ti puzzle-uri de 1000 piese \u00eenf\u0103\u021bi\u0219\u00e2nd capodopere artistice din toate timpurile.<\/span><\/p>\n<p><span style=\"font-size: 14px; line-height: 14px;\"><span style=\"font-weight: 400;\">Puzzle 1000 piese Pierre-Auguste Renoir &#8211; Luncheon of the Boating Party\/<\/span><span style=\"font-weight: 400;\">Dejunul canotierilor<\/span><span style=\"font-weight: 400;\"> reprezint\u0103 imaginea tabloului care a fost declarat de critici cea mai bun\u0103 lucrare din cea de-a \u0219aptea expozi\u021bie impresionist\u0103 \u00een care a expus pictorul, \u00een 1882. \u00cen tablou apar deopotriv\u0103 figuri umane, natur\u0103 moart\u0103 \u0219i peisaj: un grup de prieteni ai artistului se relaxeaz\u0103 pe un balcon de la Maison Fournaise, o loca\u021bie preferat\u0103 de mul\u021bi impresioni\u0219ti ai vremii.<\/span><\/span><\/p>\n<p><span style=\"font-weight: 400; font-size: 14px; line-height: 14px;\">Dac\u0103 vrei s\u0103 aduci \u00een casa ta o parte din spiritul parizian al secolului al XIX-lea, cump\u0103r\u0103 acum acest puzzle de art\u0103. Preg\u0103te\u0219te-\u021bi m\u0103su\u021ba de cafea din sufragerie &#8211; de at\u00e2t ai nevoie pentru a reface imaginea cu dimensiunile de 50 x 70 cm &#8211; \u0219i \u00eencepi lucrul la marea capodoper\u0103!<\/span><\/p>\n<p><span style=\"font-size: 14px; line-height: 14px;\"><span style=\"font-weight: 400;\">Cite\u0219te mai jos mai multe informa\u021bii despre puzzle de art\u0103 Pierre-Auguste Renoir &#8211; <\/span><span style=\"font-weight: 400;\">Dejunul canotierilor:<\/span><\/span><\/p>\n<p><span style=\"font-size: 14px; line-height: 14px;\"><strong>Material puzzle:\u00a0<\/strong><\/span><\/p>\n<p><span style=\"font-size: 14px; line-height: 14px;\"><strong>carton albastru de o calitate superioar\u0103<\/strong><\/span><\/p>\n<p><span style=\"font-size: 14px; line-height: 14px;\"><strong>materiale sustenabile, reciclabile<\/strong><\/span><\/p>\n<p><span style=\"font-size: 14px; line-height: 14px;\"><strong>finisaj semi-lucios, culori vii<\/strong><\/span><\/p>\n<p><span style=\"font-size: 14px; line-height: 14px;\"><strong>Num\u0103rul pieselor de puzzle: 1000<\/strong><\/span><\/p>\n<p><span style=\"font-size: 14px; line-height: 14px;\"><strong>V\u00e2rsta recomandat\u0103: 14+<\/strong><\/span><\/p>\n<p><span style=\"font-size: 14px; line-height: 14px;\"><strong>4 motive pentru care ar trebui s\u0103 faci puzzle adul\u021bi zi de zi<\/strong><\/span><\/p>\n<p><span style=\"font-size: 14px; line-height: 14px;\"><strong>1. \u00ce\u021bi stimuleaz\u0103 g\u00e2ndirea.<\/strong><span style=\"font-weight: 400;\"> Activitatea de asamblare a jocurilor puzzle antreneaz\u0103 creierul \u0219i \u00eel men\u021bine s\u0103n\u0103tos. Ai grij\u0103 de creierul t\u0103u \u0219i completeaz\u0103 puzzle 1000 piese zilnic, pentru cel pu\u021bin 30 de minute.<\/span><\/span><\/p>\n<p><span style=\"font-size: 14px; line-height: 14px;\"><strong>2. \u00ce\u021bi \u00eembun\u0103t\u0103\u021be\u0219te memoria.\u00a0 <\/strong><\/span><span style=\"font-weight: 400; font-size: 14px; line-height: 14px;\">S\u0103 faci puzzle 1000 piese necesit\u0103 o exersare continu\u0103 a memoriei. Trebuie s\u0103 re\u021bii formele pieselor, culorile, dar \u0219i por\u021biuni din imagine care nu sunt complete. Acest exerci\u021biu constant, te ajut\u0103 s\u0103-\u021bi \u00eembun\u0103t\u0103\u021be\u0219ti constant memoria.<\/span><\/p>\n<p><span style=\"font-size: 14px; line-height: 14px;\"><strong>3. \u00ce\u021bi ofer\u0103 momente unice de relaxare.\u00a0<\/strong><\/span><span style=\"font-weight: 400; font-size: 14px; line-height: 14px;\">E\u0219ti \u00een c\u0103utarea unei activit\u0103\u021bi relaxante? \u00cencearc\u0103 s\u0103 completezi puzzle 1000 piese \u00een momentele libere. Jocul puzzle te scoate din stare de confort de a lenevi pe canapea \u00een momentele libere \u0219i te provoac\u0103 s\u0103 refaci imagini uimitoare din 1000 piese.<\/span><\/p>\n<p>4.\u00a0<span style=\"font-size: 14px; line-height: 14px;\"><strong>Te deconecteaz\u0103 de la ecrane.\u00a0<\/strong><\/span><span style=\"font-weight: 400; font-size: 14px; line-height: 14px;\">Este timpul s\u0103 ie\u0219i din lumea virtual\u0103 \u0219i s\u0103-\u021bi odihne\u0219ti mintea dup\u0103 multe ore tensionate. Asambleaz\u0103 puzzle 1000 piese \u0219i bucur\u0103-te de o activitate simpl\u0103 \u0219i relaxant\u0103.<\/span><\/p>\n<p><span style=\"font-size: 14px; line-height: 14px;\"><strong>5 informa\u021bii interesante despre <\/strong><strong><em>Dejunul canotierilor<\/em><\/strong><strong> pe care trebuie s\u0103 le \u0219tii<\/strong><\/span><\/p>\n<p><span style=\"font-size: 14px; line-height: 14px;\"><span style=\"font-weight: 400;\">1. Toate figurile din tablou sunt prieteni ai pictorului. <\/span><span style=\"font-weight: 400;\">T\u00e2n\u0103ra cu c\u0103\u021belul din imagine este <\/span><span style=\"font-weight: 400;\">Aline Charigot, cea care avea s\u0103-i devin\u0103 so\u021bie artistului.\u00a0<\/span><\/span><\/p>\n<p><span style=\"font-weight: 400; font-size: 14px; line-height: 14px;\">2. Renoir a realizat tabloul pornind de la o critic\u0103 a lui Emile Zola care spunea c\u0103 impresioni\u0219tii nu demonstreaz\u0103 performan\u021b\u0103 artistic\u0103 \u00een operele lor.<\/span><\/p>\n<p><span style=\"font-size: 14px; line-height: 14px;\"><span style=\"font-weight: 400;\">3. Maison Fournaise era restaurantul preferat al lui Renoir. Aici artistul a picat \u0219i <\/span><em><span style=\"font-weight: 400;\">Pr\u00e2nz la <\/span><\/em><em><span style=\"font-weight: 400;\">Restaurant Fournaise, <\/span><\/em><span style=\"font-weight: 400;\">precum \u0219i portrete ale membrilor familiei <\/span><span style=\"font-weight: 400;\">Fournaise.<\/span><\/span><\/p>\n<p><span style=\"font-size: 14px; line-height: 14px;\"><span style=\"font-weight: 400;\">4. Exist\u0103 \u0219i o carte despre povestea cre\u0103rii tabloului de c\u0103tre Renoir. A fost scris\u0103 \u00een 2007 de Susan Vreeland \u0219i se nume\u0219te tot <\/span><em><span style=\"font-weight: 400;\">Luncheon of the Boating Party.<\/span><\/em><\/span><\/p>\n<p><span style=\"font-size: 14px; line-height: 14px;\"><span style=\"font-weight: 400;\">5. Filmul <em>Am\u00e9lie<\/em>\u00a0 (2001) al lui <\/span><span style=\"font-weight: 400;\">Jean-Pierre Jeunet prezint\u0103 acest tablou. \u00cen film, regizorul face o compara\u021bie \u00eentre protagonista, <\/span><span style=\"font-weight: 400;\">Am\u00e9lie \u0219i femeia din centru tabloului care sorbe\u0219te dintr-un pahar, privind neinteresat\u0103, \u00een timp ce to\u021bi ceilal\u021bi se bucur\u0103 de momentul petrecut \u00eempreun\u0103.<\/span><\/span><\/p>\n<p><span style=\"font-size: 14px; line-height: 14px;\"><strong>Puzzle-urile de art\u0103 te poart\u0103 \u00een lumea fascinant\u0103 a picturilor celebre<\/strong><\/span><\/p>\n<p><span style=\"font-weight: 400; font-size: 14px; line-height: 14px;\">S\u0103 completezi un puzzle de art\u0103 este ca \u0219i cu tu ai fi pictorul talentat din spatele capodoperei. Aceast\u0103 activitate relaxant\u0103, \u00ee\u021bi ofer\u0103 \u0219ansa de a cunoa\u0219te \u00eendeaproape marile operele de art\u0103. \u00cen plus, vai posibilitatea s\u0103 \u00ee\u021bi \u00eembun\u0103t\u0103\u021be\u0219ti abilit\u0103\u021bile de asamblare a jocurilor puzzle \u0219i s\u0103 le ar\u0103\u021bi prietenilor t\u0103i c\u00e2t e\u0219ti de iscusit la aceast\u0103 activitate.<\/span><\/p>\n<p><span style=\"font-size: 14px; line-height: 14px;\"><span style=\"font-weight: 400;\">Cump\u0103r\u0103 acum puzzle de art\u0103 Pierre-Auguste Renoir &#8211; Luncheon of the Boating Party\/<\/span><span style=\"font-weight: 400;\">Dejunul canotierilor<\/span><\/span><span style=\"font-weight: 400;\"><span style=\"font-size: 14px; line-height: 14px;\"> \u0219i creeaz\u0103-\u021bi un tablou minunat, \u00een culori vibrante. R\u0103sfoie\u0219te \u00eentreaga noastr\u0103 colec\u021bie de puzzle-uri de art\u0103 \u0219i descoper\u0103 multe alte imagini cu picturi consacrate. Creeaz\u0103-\u021bi propria colec\u021bie de art\u0103 din puzzle 1000 piese.<\/span>\u00a0<\/span><\/p>\n<p><span style=\"font-weight: 400;\">Puzzle 1000 piese Pierre-Auguste Renoir &#8211; <\/span><span style=\"font-weight: 400;\">Dejunul canotierilor este un cadou deosebit pentru membrii familiei sau pentru prietenii pasiona\u021bi de puzzle adul\u021bi.<\/span><\/p>\n","protected":false},"excerpt":{"rendered":"<p>Cau\u021bi o activitate relaxant\u0103 \u0219i creativ\u0103? Descoper\u0103 cea mai mare gam\u0103 de puzzle-uri de art\u0103 din Rom\u00e2nia \u0219i petrece-\u021bi serile<\/p>\n","protected":false},"featured_media":62938,"template":"","meta":[],"product_brand":[],"product_cat":[1454,1488,1560],"product_tag":[],"class_list":{"0":"post-18846","1":"product","2":"type-product","3":"status-publish","4":"has-post-thumbnail","6":"product_cat-puzzle","7":"product_cat-puzzle-adulti","8":"product_cat-puzzle-adulti-1000","9":"pa_brand-d_toys","10":"pa_country_of_manufacture-ro","11":"pa_filter_age-1315","12":"pa_painter-pierreaugusterenoir","13":"pa_tip_ambalaj-cutie","14":"pa_tip_puzzle-clasic","16":"first","17":"instock","18":"taxable","19":"shipping-taxable","20":"product-type-simple"},"yoast_head":"<!-- This site is optimized with the Yoast SEO plugin v20.1 - https:\/\/yoast.com\/wordpress\/plugins\/seo\/ -->\n<title>Puzzle adulti 1000 piese Pierre-Auguste Renoir - Luncheon of the Boating Party - Roovi B2B<\/title>\n<meta name=\"robots\" content=\"index, follow, max-snippet:-1, max-image-preview:large, max-video-preview:-1\" \/>\n<link rel=\"canonical\" href=\"https:\/\/www.roovi.ro\/puzzle-adulti-1000-piese-pierre-auguste-renoir-luncheon-of-the-boating-party\/p\/\" \/>\n<meta property=\"og:locale\" content=\"ro_RO\" \/>\n<meta property=\"og:type\" content=\"article\" \/>\n<meta property=\"og:title\" content=\"Puzzle adulti 1000 piese Pierre-Auguste Renoir - Luncheon of the Boating Party - Roovi B2B\" \/>\n<meta property=\"og:description\" content=\"Cau\u021bi o activitate relaxant\u0103 \u0219i creativ\u0103? Descoper\u0103 cea mai mare gam\u0103 de puzzle-uri de art\u0103 din Rom\u00e2nia \u0219i petrece-\u021bi serile\" \/>\n<meta property=\"og:url\" content=\"https:\/\/www.roovi.ro\/puzzle-adulti-1000-piese-pierre-auguste-renoir-luncheon-of-the-boating-party\/p\/\" \/>\n<meta property=\"og:site_name\" content=\"Roovi B2B\" \/>\n<meta property=\"article:publisher\" content=\"https:\/\/www.facebook.com\/wwwjucariero\" \/>\n<meta property=\"article:modified_time\" content=\"2025-03-17T11:24:09+00:00\" \/>\n<meta property=\"og:image\" content=\"https:\/\/business.roovi.com\/wp-content\/uploads\/2018\/08\/66909-RE-09-WEB.jpg\" \/>\n\t<meta property=\"og:image:width\" content=\"1200\" \/>\n\t<meta property=\"og:image:height\" content=\"1200\" \/>\n\t<meta property=\"og:image:type\" content=\"image\/jpeg\" \/>\n<meta name=\"twitter:label1\" content=\"Timp estimat pentru citire\" \/>\n\t<meta name=\"twitter:data1\" content=\"3 minute\" \/>\n<script type=\"application\/ld+json\" class=\"yoast-schema-graph\">{\"@context\":\"https:\/\/schema.org\",\"@graph\":[{\"@type\":\"WebPage\",\"@id\":\"https:\/\/business.roovi.com\/ro\/puzzle-adulti-1000-piese-pierre-auguste-renoir-luncheon-of-the-boating-party\/p\/\",\"url\":\"https:\/\/www.roovi.ro\/puzzle-adulti-1000-piese-pierre-auguste-renoir-luncheon-of-the-boating-party\/p\/\",\"name\":\"Puzzle adulti 1000 piese Pierre-Auguste Renoir - Luncheon of the Boating Party - Roovi B2B\",\"isPartOf\":{\"@id\":\"https:\/\/business.roovi.com\/ro\/#website\"},\"datePublished\":\"2018-08-02T08:38:01+00:00\",\"dateModified\":\"2025-03-17T11:24:09+00:00\",\"breadcrumb\":{\"@id\":\"https:\/\/www.roovi.ro\/puzzle-adulti-1000-piese-pierre-auguste-renoir-luncheon-of-the-boating-party\/p\/#breadcrumb\"},\"inLanguage\":\"ro-RO\",\"potentialAction\":[{\"@type\":\"ReadAction\",\"target\":[\"https:\/\/www.roovi.ro\/puzzle-adulti-1000-piese-pierre-auguste-renoir-luncheon-of-the-boating-party\/p\/\"]}]},{\"@type\":\"BreadcrumbList\",\"@id\":\"https:\/\/www.roovi.ro\/puzzle-adulti-1000-piese-pierre-auguste-renoir-luncheon-of-the-boating-party\/p\/#breadcrumb\",\"itemListElement\":[{\"@type\":\"ListItem\",\"position\":1,\"name\":\"Home\",\"item\":\"https:\/\/business.roovi.com\/ro\/\"},{\"@type\":\"ListItem\",\"position\":2,\"name\":\"Magazin\",\"item\":\"https:\/\/business.roovi.com\/ro\/magazin\/\"},{\"@type\":\"ListItem\",\"position\":3,\"name\":\"Puzzle adulti 1000 piese Pierre-Auguste Renoir &#8211; Luncheon of the Boating Party\"}]},{\"@type\":\"WebSite\",\"@id\":\"https:\/\/business.roovi.com\/ro\/#website\",\"url\":\"https:\/\/business.roovi.com\/ro\/\",\"name\":\"Roovi B2B\",\"description\":\"Roovi Business Website\",\"potentialAction\":[{\"@type\":\"SearchAction\",\"target\":{\"@type\":\"EntryPoint\",\"urlTemplate\":\"https:\/\/business.roovi.com\/ro\/?s={search_term_string}\"},\"query-input\":\"required name=search_term_string\"}],\"inLanguage\":\"ro-RO\"}]}<\/script>\n<!-- \/ Yoast SEO plugin. -->","yoast_head_json":{"title":"Puzzle adulti 1000 piese Pierre-Auguste Renoir - Luncheon of the Boating Party - Roovi B2B","robots":{"index":"index","follow":"follow","max-snippet":"max-snippet:-1","max-image-preview":"max-image-preview:large","max-video-preview":"max-video-preview:-1"},"canonical":"https:\/\/www.roovi.ro\/puzzle-adulti-1000-piese-pierre-auguste-renoir-luncheon-of-the-boating-party\/p\/","og_locale":"ro_RO","og_type":"article","og_title":"Puzzle adulti 1000 piese Pierre-Auguste Renoir - Luncheon of the Boating Party - Roovi B2B","og_description":"Cau\u021bi o activitate relaxant\u0103 \u0219i creativ\u0103? Descoper\u0103 cea mai mare gam\u0103 de puzzle-uri de art\u0103 din Rom\u00e2nia \u0219i petrece-\u021bi serile","og_url":"https:\/\/www.roovi.ro\/puzzle-adulti-1000-piese-pierre-auguste-renoir-luncheon-of-the-boating-party\/p\/","og_site_name":"Roovi B2B","article_publisher":"https:\/\/www.facebook.com\/wwwjucariero","article_modified_time":"2025-03-17T11:24:09+00:00","og_image":[{"width":1200,"height":1200,"url":"https:\/\/business.roovi.com\/wp-content\/uploads\/2018\/08\/66909-RE-09-WEB.jpg","type":"image\/jpeg"}],"twitter_misc":{"Timp estimat pentru citire":"3 minute"},"schema":{"@context":"https:\/\/schema.org","@graph":[{"@type":"WebPage","@id":"https:\/\/business.roovi.com\/ro\/puzzle-adulti-1000-piese-pierre-auguste-renoir-luncheon-of-the-boating-party\/p\/","url":"https:\/\/www.roovi.ro\/puzzle-adulti-1000-piese-pierre-auguste-renoir-luncheon-of-the-boating-party\/p\/","name":"Puzzle adulti 1000 piese Pierre-Auguste Renoir - Luncheon of the Boating Party - Roovi B2B","isPartOf":{"@id":"https:\/\/business.roovi.com\/ro\/#website"},"datePublished":"2018-08-02T08:38:01+00:00","dateModified":"2025-03-17T11:24:09+00:00","breadcrumb":{"@id":"https:\/\/www.roovi.ro\/puzzle-adulti-1000-piese-pierre-auguste-renoir-luncheon-of-the-boating-party\/p\/#breadcrumb"},"inLanguage":"ro-RO","potentialAction":[{"@type":"ReadAction","target":["https:\/\/www.roovi.ro\/puzzle-adulti-1000-piese-pierre-auguste-renoir-luncheon-of-the-boating-party\/p\/"]}]},{"@type":"BreadcrumbList","@id":"https:\/\/www.roovi.ro\/puzzle-adulti-1000-piese-pierre-auguste-renoir-luncheon-of-the-boating-party\/p\/#breadcrumb","itemListElement":[{"@type":"ListItem","position":1,"name":"Home","item":"https:\/\/business.roovi.com\/ro\/"},{"@type":"ListItem","position":2,"name":"Magazin","item":"https:\/\/business.roovi.com\/ro\/magazin\/"},{"@type":"ListItem","position":3,"name":"Puzzle adulti 1000 piese Pierre-Auguste Renoir &#8211; Luncheon of the Boating Party"}]},{"@type":"WebSite","@id":"https:\/\/business.roovi.com\/ro\/#website","url":"https:\/\/business.roovi.com\/ro\/","name":"Roovi B2B","description":"Roovi Business Website","potentialAction":[{"@type":"SearchAction","target":{"@type":"EntryPoint","urlTemplate":"https:\/\/business.roovi.com\/ro\/?s={search_term_string}"},"query-input":"required name=search_term_string"}],"inLanguage":"ro-RO"}]}},"_links":{"self":[{"href":"https:\/\/business.roovi.com\/ro\/wp-json\/wp\/v2\/product\/18846","targetHints":{"allow":["GET"]}}],"collection":[{"href":"https:\/\/business.roovi.com\/ro\/wp-json\/wp\/v2\/product"}],"about":[{"href":"https:\/\/business.roovi.com\/ro\/wp-json\/wp\/v2\/types\/product"}],"version-history":[{"count":0,"href":"https:\/\/business.roovi.com\/ro\/wp-json\/wp\/v2\/product\/18846\/revisions"}],"wp:featuredmedia":[{"embeddable":true,"href":"https:\/\/business.roovi.com\/ro\/wp-json\/wp\/v2\/media\/62938"}],"wp:attachment":[{"href":"https:\/\/business.roovi.com\/ro\/wp-json\/wp\/v2\/media?parent=18846"}],"wp:term":[{"taxonomy":"product_brand","embeddable":true,"href":"https:\/\/business.roovi.com\/ro\/wp-json\/wp\/v2\/product_brand?post=18846"},{"taxonomy":"product_cat","embeddable":true,"href":"https:\/\/business.roovi.com\/ro\/wp-json\/wp\/v2\/product_cat?post=18846"},{"taxonomy":"product_tag","embeddable":true,"href":"https:\/\/business.roovi.com\/ro\/wp-json\/wp\/v2\/product_tag?post=18846"}],"curies":[{"name":"wp","href":"https:\/\/api.w.org\/{rel}","templated":true}]}}