{"id":18906,"date":"2018-08-02T08:38:02","date_gmt":"2018-08-02T08:38:02","guid":{"rendered":"https:\/\/business.roovi.com\/product\/puzzle-vintage-posters-1000-piese-18\/"},"modified":"2023-03-20T21:37:14","modified_gmt":"2023-03-20T21:37:14","slug":"puzzle-adulti-1000-piese-vintage-posters-la-grande-roue-de-paris","status":"publish","type":"product","link":"https:\/\/business.roovi.com\/ro\/puzzle-adulti-1000-piese-vintage-posters-la-grande-roue-de-paris\/p\/","title":{"rendered":"Puzzle adul\u021bi 1000 piese Vintage Posters &#8211; La grande roue de Paris"},"content":{"rendered":"<p><span style=\"font-weight: 400;\">Pasionat de stilul vintage \u0219i de jocurile puzzle? Descoper\u0103 cea mai mare gam\u0103 de puzzle 1000 piese cu ilustra\u021bii de colec\u021bie din secolele trecute \u0219i fii posesorul unei colec\u021bii de tablouri vintage create de m\u00e2inile tale.<\/span><\/p>\n<p><span style=\"font-weight: 400;\">Imagineaz\u0103-\u021bi c\u0103 te afli \u00een Parisul anilor 1900 \u0219i admiri o construc\u021bie fabuloas\u0103, Marea roat\u0103 din celebrul ora\u0219 francezi. Ce senza\u021bie unic\u0103, nu-i a\u0219a? Puzzle 1000 piese La grande roue de Paris este un prilej de destindere, precum \u0219i de incursiune \u00een trecut, \u00eentr-o epoc\u0103 \u00een care progresul umanit\u0103\u021bii era marcat de <\/span><span style=\"font-weight: 400;\">arhitectura luxului industrial.<\/span><\/p>\n<p><span style=\"font-weight: 400;\">Puzzle 1000 piese din colec\u021bia Vintage Posters red\u0103 imaginea ilustra\u021biei ce promova un obiectiv turistic impun\u0103tor, magnific pentru perioada aceea, o adev\u0103rat\u0103 minune inginereasc\u0103. Imaginea din jocul puzzle p\u0103streaz\u0103 culori vii \u0219i red\u0103 chiar \u0219i cele mai \u00een detaliu elemente ale afi\u0219ului original. Piesele sunt realizate din carton de calitate superioar\u0103 \u0219i sunt t\u0103iate cu precizie astfel \u00eenc\u00e2t tabloul rezultat este o copie des\u0103v\u00e2r\u0219it\u0103 a imaginii originale.<\/span><\/p>\n<p><span style=\"font-weight: 400;\">Caracteristici puzzle 1000 piese<\/span><span style=\"font-weight: 400;\"> La grande roue de Paris:<\/span><\/p>\n<p><strong>Dimensiuni imagine reconstituit\u0103: 50 x 70 cm.<\/strong><\/p>\n<p><strong>Material puzzle:\u00a0<\/strong><\/p>\n<p><strong>carton albastru de o calitate superioar\u0103<\/strong><\/p>\n<p><strong>materiale sustenabile, reciclabile<\/strong><\/p>\n<p><strong>finisaj semi-lucios, culori vii<\/strong><\/p>\n<p><strong>Num\u0103rul pieselor de puzzle: 1000<\/strong><\/p>\n<p><strong>V\u00e2rsta recomandat\u0103: 14+<\/strong><\/p>\n<p><span style=\"font-weight: 400;\">Jocurile puzzle \u00ee\u021bi aduc multiple beneficii care se reflect\u0103 pe planuri multiple:<\/span><\/p>\n<ul>\n<li><span style=\"font-weight: 400;\">\u00ce\u021bi dezvolt\u0103 memoria.<\/span><\/li>\n<li><span style=\"font-weight: 400;\">Te ajut\u0103 s\u0103-\u021bi men\u021bii concentrarea pe o singur\u0103 sarcin\u0103 un timp \u00eendelungat.<\/span><\/li>\n<li><span style=\"font-weight: 400;\">Sunt o modalitate relaxant\u0103 pentru a petrece timpul liber.<\/span><\/li>\n<li><span style=\"font-weight: 400;\">Te deconecteaz\u0103 de la ecranele dispozitivelor smart.<\/span><\/li>\n<li><span style=\"font-weight: 400;\">Pot fi un prilej de socializare cu prietenii.<\/span><\/li>\n<li><span style=\"font-weight: 400;\">\u00ce\u021bi dezvolt\u0103 abilit\u0103\u021bile de rezolvare a problemelor.\u00a0<\/span><\/li>\n<\/ul>\n<p><strong>\u0218tiai c\u0103\u2026?<\/strong><\/p>\n<p><span style=\"font-weight: 400;\">La momentul inaugur\u0103rii sale, Roata mare din Paris era cea mai \u00eenalt\u0103 roat\u0103 din lume: avea 96 de metri.<\/span><\/p>\n<p><span style=\"font-weight: 400;\">C\u00e2nt\u0103rea 650 de tone \u0219i putea transporta 1600 de persoane.<\/span><\/p>\n<p><span style=\"font-weight: 400;\">A fost dezasamblat\u0103 \u00eentre anii 1920 \u0219i 1922. Cabinele de pasageri au fost \u00eendep\u0103rtate \u0219i au fost utilizate ca locuin\u021be pentru familiile franceze din regiune afectate de Primul R\u0103zboi Mondial.<\/span><\/p>\n<p><span style=\"font-weight: 400;\">Personajul \u00eenaripat ce \u021bine \u00een m\u00e2n\u0103 o coroan\u0103 cu lauri \u00een afi\u0219 simbolizeaz\u0103 triumful \u0219i ascensiunea progresului industrial din acele vremuri.<\/span><\/p>\n<p><strong>Puzzle 1000 piese <\/strong><strong>La grande roue de Paris prilej de relaxare al\u0103turi de cei dragi<\/strong><\/p>\n<p><span style=\"font-weight: 400;\">Momentele de socializare \u0219i conexiune cu cei dragi sunt din ce \u00een ce mai rare. Puzzle 1000 piese La grande roue de Paris adun\u0103 laolalt\u0103 familia sau prietenii \u0219i creeaz\u0103 amintiri pre\u021bioase al\u0103turi de cei dragi.<\/span><\/p>\n<p><span style=\"font-weight: 400;\">De asemenea, este un prilej pentru a v\u0103 destinde, a v\u0103 cunoa\u0219te \u0219i a construi rela\u021bii durabile cu oamenii din anturaj. Preg\u0103te\u0219te-te a\u0219adar pentru o aventur\u0103 distractiv\u0103 \u0219i relaxant\u0103 cu puzzle 1000 piese La grande roue de Paris din colec\u021bia puzzle Vintage Posters.<\/span><\/p>\n<p><span style=\"font-weight: 400;\">Vrei s\u0103 surprinzi \u00een cel mai pl\u0103cut mod un prieten fascinat de arta vintage? Ofer\u0103-i \u00een dar puzzle 1000 piese La grande roue de Paris \u0219i provoac\u0103-l s\u0103-\u0219i creeze propriul tablou.<\/span><\/p>\n<p>\u00a0<\/p>\n","protected":false},"excerpt":{"rendered":"<p>Pasionat de stilul vintage \u0219i de jocurile puzzle? Descoper\u0103 cea mai mare gam\u0103 de puzzle 1000 piese cu ilustra\u021bii de<\/p>\n","protected":false},"featured_media":18892,"template":"","meta":[],"product_brand":[],"product_cat":[1454,1488,1560],"product_tag":[],"class_list":{"0":"post-18906","1":"product","2":"type-product","3":"status-publish","4":"has-post-thumbnail","6":"product_cat-puzzle","7":"product_cat-puzzle-adulti","8":"product_cat-puzzle-adulti-1000","9":"pa_brand-d_toys","10":"pa_country_of_manufacture-ro","11":"pa_filter_age-1315","12":"pa_painter-vintageposters","13":"pa_tip_ambalaj-cutie","14":"pa_tip_puzzle-clasic","16":"first","17":"instock","18":"taxable","19":"shipping-taxable","20":"product-type-simple"},"yoast_head":"<!-- This site is optimized with the Yoast SEO plugin v20.1 - https:\/\/yoast.com\/wordpress\/plugins\/seo\/ -->\n<title>Puzzle adul\u021bi 1000 piese Vintage Posters - La grande roue de Paris - Roovi B2B<\/title>\n<meta name=\"robots\" content=\"index, follow, max-snippet:-1, max-image-preview:large, max-video-preview:-1\" \/>\n<link rel=\"canonical\" href=\"https:\/\/www.roovi.ro\/puzzle-adulti-1000-piese-vintage-posters-la-grande-roue-de-paris\/p\/\" \/>\n<meta property=\"og:locale\" content=\"ro_RO\" \/>\n<meta property=\"og:type\" content=\"article\" \/>\n<meta property=\"og:title\" content=\"Puzzle adul\u021bi 1000 piese Vintage Posters - La grande roue de Paris - Roovi B2B\" \/>\n<meta property=\"og:description\" content=\"Pasionat de stilul vintage \u0219i de jocurile puzzle? Descoper\u0103 cea mai mare gam\u0103 de puzzle 1000 piese cu ilustra\u021bii de\" \/>\n<meta property=\"og:url\" content=\"https:\/\/www.roovi.ro\/puzzle-adulti-1000-piese-vintage-posters-la-grande-roue-de-paris\/p\/\" \/>\n<meta property=\"og:site_name\" content=\"Roovi B2B\" \/>\n<meta property=\"article:publisher\" content=\"https:\/\/www.facebook.com\/wwwjucariero\" \/>\n<meta property=\"article:modified_time\" content=\"2023-03-20T21:37:14+00:00\" \/>\n<meta property=\"og:image\" content=\"https:\/\/business.roovi.com\/wp-content\/uploads\/2018\/08\/67555_ansamblu_dimensiuni_cutie_cm_vertical_1200x1200.png\" \/>\n\t<meta property=\"og:image:width\" content=\"1200\" \/>\n\t<meta property=\"og:image:height\" content=\"1200\" \/>\n\t<meta property=\"og:image:type\" content=\"image\/png\" \/>\n<meta name=\"twitter:label1\" content=\"Timp estimat pentru citire\" \/>\n\t<meta name=\"twitter:data1\" content=\"2 minute\" \/>\n<script type=\"application\/ld+json\" class=\"yoast-schema-graph\">{\"@context\":\"https:\/\/schema.org\",\"@graph\":[{\"@type\":\"WebPage\",\"@id\":\"https:\/\/business.roovi.com\/ro\/puzzle-adulti-1000-piese-vintage-posters-la-grande-roue-de-paris\/p\/\",\"url\":\"https:\/\/www.roovi.ro\/puzzle-adulti-1000-piese-vintage-posters-la-grande-roue-de-paris\/p\/\",\"name\":\"Puzzle adul\u021bi 1000 piese Vintage Posters - La grande roue de Paris - Roovi B2B\",\"isPartOf\":{\"@id\":\"https:\/\/business.roovi.com\/ro\/#website\"},\"datePublished\":\"2018-08-02T08:38:02+00:00\",\"dateModified\":\"2023-03-20T21:37:14+00:00\",\"breadcrumb\":{\"@id\":\"https:\/\/www.roovi.ro\/puzzle-adulti-1000-piese-vintage-posters-la-grande-roue-de-paris\/p\/#breadcrumb\"},\"inLanguage\":\"ro-RO\",\"potentialAction\":[{\"@type\":\"ReadAction\",\"target\":[\"https:\/\/www.roovi.ro\/puzzle-adulti-1000-piese-vintage-posters-la-grande-roue-de-paris\/p\/\"]}]},{\"@type\":\"BreadcrumbList\",\"@id\":\"https:\/\/www.roovi.ro\/puzzle-adulti-1000-piese-vintage-posters-la-grande-roue-de-paris\/p\/#breadcrumb\",\"itemListElement\":[{\"@type\":\"ListItem\",\"position\":1,\"name\":\"Home\",\"item\":\"https:\/\/business.roovi.com\/ro\/\"},{\"@type\":\"ListItem\",\"position\":2,\"name\":\"Magazin\",\"item\":\"https:\/\/business.roovi.com\/ro\/magazin\/\"},{\"@type\":\"ListItem\",\"position\":3,\"name\":\"Puzzle adul\u021bi 1000 piese Vintage Posters &#8211; La grande roue de Paris\"}]},{\"@type\":\"WebSite\",\"@id\":\"https:\/\/business.roovi.com\/ro\/#website\",\"url\":\"https:\/\/business.roovi.com\/ro\/\",\"name\":\"Roovi B2B\",\"description\":\"Roovi Business Website\",\"potentialAction\":[{\"@type\":\"SearchAction\",\"target\":{\"@type\":\"EntryPoint\",\"urlTemplate\":\"https:\/\/business.roovi.com\/ro\/?s={search_term_string}\"},\"query-input\":\"required name=search_term_string\"}],\"inLanguage\":\"ro-RO\"}]}<\/script>\n<!-- \/ Yoast SEO plugin. -->","yoast_head_json":{"title":"Puzzle adul\u021bi 1000 piese Vintage Posters - La grande roue de Paris - Roovi B2B","robots":{"index":"index","follow":"follow","max-snippet":"max-snippet:-1","max-image-preview":"max-image-preview:large","max-video-preview":"max-video-preview:-1"},"canonical":"https:\/\/www.roovi.ro\/puzzle-adulti-1000-piese-vintage-posters-la-grande-roue-de-paris\/p\/","og_locale":"ro_RO","og_type":"article","og_title":"Puzzle adul\u021bi 1000 piese Vintage Posters - La grande roue de Paris - Roovi B2B","og_description":"Pasionat de stilul vintage \u0219i de jocurile puzzle? Descoper\u0103 cea mai mare gam\u0103 de puzzle 1000 piese cu ilustra\u021bii de","og_url":"https:\/\/www.roovi.ro\/puzzle-adulti-1000-piese-vintage-posters-la-grande-roue-de-paris\/p\/","og_site_name":"Roovi B2B","article_publisher":"https:\/\/www.facebook.com\/wwwjucariero","article_modified_time":"2023-03-20T21:37:14+00:00","og_image":[{"width":1200,"height":1200,"url":"https:\/\/business.roovi.com\/wp-content\/uploads\/2018\/08\/67555_ansamblu_dimensiuni_cutie_cm_vertical_1200x1200.png","type":"image\/png"}],"twitter_misc":{"Timp estimat pentru citire":"2 minute"},"schema":{"@context":"https:\/\/schema.org","@graph":[{"@type":"WebPage","@id":"https:\/\/business.roovi.com\/ro\/puzzle-adulti-1000-piese-vintage-posters-la-grande-roue-de-paris\/p\/","url":"https:\/\/www.roovi.ro\/puzzle-adulti-1000-piese-vintage-posters-la-grande-roue-de-paris\/p\/","name":"Puzzle adul\u021bi 1000 piese Vintage Posters - La grande roue de Paris - Roovi B2B","isPartOf":{"@id":"https:\/\/business.roovi.com\/ro\/#website"},"datePublished":"2018-08-02T08:38:02+00:00","dateModified":"2023-03-20T21:37:14+00:00","breadcrumb":{"@id":"https:\/\/www.roovi.ro\/puzzle-adulti-1000-piese-vintage-posters-la-grande-roue-de-paris\/p\/#breadcrumb"},"inLanguage":"ro-RO","potentialAction":[{"@type":"ReadAction","target":["https:\/\/www.roovi.ro\/puzzle-adulti-1000-piese-vintage-posters-la-grande-roue-de-paris\/p\/"]}]},{"@type":"BreadcrumbList","@id":"https:\/\/www.roovi.ro\/puzzle-adulti-1000-piese-vintage-posters-la-grande-roue-de-paris\/p\/#breadcrumb","itemListElement":[{"@type":"ListItem","position":1,"name":"Home","item":"https:\/\/business.roovi.com\/ro\/"},{"@type":"ListItem","position":2,"name":"Magazin","item":"https:\/\/business.roovi.com\/ro\/magazin\/"},{"@type":"ListItem","position":3,"name":"Puzzle adul\u021bi 1000 piese Vintage Posters &#8211; La grande roue de Paris"}]},{"@type":"WebSite","@id":"https:\/\/business.roovi.com\/ro\/#website","url":"https:\/\/business.roovi.com\/ro\/","name":"Roovi B2B","description":"Roovi Business Website","potentialAction":[{"@type":"SearchAction","target":{"@type":"EntryPoint","urlTemplate":"https:\/\/business.roovi.com\/ro\/?s={search_term_string}"},"query-input":"required name=search_term_string"}],"inLanguage":"ro-RO"}]}},"_links":{"self":[{"href":"https:\/\/business.roovi.com\/ro\/wp-json\/wp\/v2\/product\/18906","targetHints":{"allow":["GET"]}}],"collection":[{"href":"https:\/\/business.roovi.com\/ro\/wp-json\/wp\/v2\/product"}],"about":[{"href":"https:\/\/business.roovi.com\/ro\/wp-json\/wp\/v2\/types\/product"}],"version-history":[{"count":0,"href":"https:\/\/business.roovi.com\/ro\/wp-json\/wp\/v2\/product\/18906\/revisions"}],"wp:featuredmedia":[{"embeddable":true,"href":"https:\/\/business.roovi.com\/ro\/wp-json\/wp\/v2\/media\/18892"}],"wp:attachment":[{"href":"https:\/\/business.roovi.com\/ro\/wp-json\/wp\/v2\/media?parent=18906"}],"wp:term":[{"taxonomy":"product_brand","embeddable":true,"href":"https:\/\/business.roovi.com\/ro\/wp-json\/wp\/v2\/product_brand?post=18906"},{"taxonomy":"product_cat","embeddable":true,"href":"https:\/\/business.roovi.com\/ro\/wp-json\/wp\/v2\/product_cat?post=18906"},{"taxonomy":"product_tag","embeddable":true,"href":"https:\/\/business.roovi.com\/ro\/wp-json\/wp\/v2\/product_tag?post=18906"}],"curies":[{"name":"wp","href":"https:\/\/api.w.org\/{rel}","templated":true}]}}