{"id":18936,"date":"2018-08-02T08:38:02","date_gmt":"2018-08-02T08:38:02","guid":{"rendered":"https:\/\/business.roovi.com\/product\/puzzle-vintage-posters-1000-piese-20\/"},"modified":"2025-03-17T07:35:42","modified_gmt":"2025-03-17T07:35:42","slug":"puzzle-adulti-1000-piese-vintage-posters-les-prevoyants-de-lavenir","status":"publish","type":"product","link":"https:\/\/business.roovi.com\/ro\/puzzle-adulti-1000-piese-vintage-posters-les-prevoyants-de-lavenir\/p\/","title":{"rendered":"Puzzle adul\u021bi 1000 piese Vintage Posters &#8211; Les Prevoyants de L&#8217;avenir"},"content":{"rendered":"<p><span style=\"font-weight: 400;\">Cau\u021bi o nou\u0103 provocare pentru a-\u021bi testa abilit\u0103\u021bile de reconstituire a jocurilor puzzle? Avem pentru tine o gam\u0103 incitant\u0103 de puzzle 1000 piese cu imagini ale unor afi\u0219e vechi pe care le po\u021bi transforma \u00eentr-o colec\u021bie fabuloas\u0103 de tablouri vintage.<\/span><\/p>\n<p><span style=\"font-weight: 400;\">Curios cum erau reclamele la sf\u00e2r\u0219it de secol XIX? Puzzle 1000 piese Les Prevoyants de L&#8217;avenir red\u0103 un afi\u0219 publicitar creat la 1893 de un fond de pensii francez ce marca s\u0103rb\u0103torirea a 10 milioane de membri.<\/span><\/p>\n<p><span style=\"font-weight: 400;\">Imaginea din puzzle 1000 piese Les Prevoyants de L&#8217;avenir prezint\u0103 o abunden\u021b\u0103 de elemente: imagini, culori, personaje care \u00ee\u021bi dezv\u0103luie modul inedit \u00een care erau concepute afi\u0219ele publicitare \u00een secolele trecute.<\/span><\/p>\n<p><span style=\"font-weight: 400;\">Te invit\u0103m a\u0219adar \u00eentr-o c\u0103l\u0103torie \u00een timp pentru a descoperi cele mai fine detalii ale unei opere artistice vechi. Pune pies\u0103 l\u00e2ng\u0103 pies\u0103 \u0219i bucur\u0103-te de un tablou uimitor ce reproduce fidel un afi\u0219 publicitar de colec\u021bie.<\/span><\/p>\n<p><span style=\"font-weight: 400;\">Caracteristici puzzle 1000 piese vintage &#8211; Les Prevoyants de L&#8217;avenir:<\/span><\/p>\n<p><strong>Dimensiuni imagine reconstituit\u0103: 50 x 70 cm.<\/strong><\/p>\n<p><strong>Material puzzle:\u00a0<\/strong><\/p>\n<p><strong>carton albastru de o calitate superioar\u0103<\/strong><\/p>\n<p><strong>materiale sustenabile, reciclabile<\/strong><\/p>\n<p><strong>finisaj semi-lucios, culori vii<\/strong><\/p>\n<p><strong>Num\u0103rul pieselor de puzzle: 1000<\/strong><\/p>\n<p><strong>V\u00e2rsta recomandat\u0103: 14+<\/strong><\/p>\n<p><span style=\"font-weight: 400;\">Jocurile puzzle sunt o un mod creativ de a petrece timpul liber \u0219i, \u00een plus, au multiple beneficii pentru s\u0103n\u0103tate:<\/span><\/p>\n<p><span style=\"font-weight: 400;\">Sunt un antrenament mental excelent. Activitatea de asamblare implic\u0103 ambele emisfere cerebrale astfel c\u0103 \u00ee\u021bi antrenezi \u00een acela\u0219i timp at\u00e2t creativitatea, c\u00e2t \u0219i g\u00e2ndirea logic\u0103.<\/span><\/p>\n<p><span style=\"font-weight: 400;\">Sporesc abilit\u0103\u021bile vizual-spa\u021biale \u00eentruc\u00e2t, la fiecare joc puzzle, trebuie s\u0103 g\u0103se\u0219ti piese mici pe care s\u0103 le potrive\u0219ti \u00een imaginea de ansamblu.<\/span><\/p>\n<p><span style=\"font-weight: 400;\">Men\u021bin s\u0103n\u0103tatea creierului \u0219i \u021bin departe bolile neurodegenerative precum Alzheimerul sau demen\u021ba.<\/span><\/p>\n<p><span style=\"font-weight: 400;\">Reduc nivelul de stres pe care \u00eel resim\u021bi zilnic ceea ce duce la mai mult\u0103 \u00eencredere de sine, reducerea anxiet\u0103\u021bii \u0219i \u00eembun\u0103t\u0103\u021birea somnului.<\/span><\/p>\n<p><span style=\"font-weight: 400;\">Te ajut\u0103 s\u0103 devii mai eficient \u0219i productiv \u00een activit\u0103\u021bile zilnice pentru c\u0103 o minte mai relaxat\u0103, este o minte mai concentrat\u0103.<\/span><\/p>\n<p><strong>\u0218tiai c\u0103\u2026?<\/strong><\/p>\n<p><span style=\"font-weight: 400;\">Cea mai veche form\u0103 de promovare dateaz\u0103 din secolele <\/span><span style=\"font-weight: 400;\">XI-VII \u00ee.Ch. \u0219i era practicat\u0103 China? \u00cen acele vremuri existau c\u00e2ntece sau poezii c\u00e2ntate de comercian\u021bii care vindeau diverse produse.<\/span><\/p>\n<p><span style=\"font-weight: 400;\">Vechii egipteni tip\u0103reau anun\u021buri de v\u00e2nz\u0103ri pe foile de papirus.<\/span><\/p>\n<p><span style=\"font-weight: 400;\">\u00cen perioada medieval\u0103, au ap\u0103rut &#8222;strig\u0103torii&#8221; care enumerau \u00een gura mare calit\u0103\u021bile anumitor produse sau servicii pe care erau pl\u0103ti\u021bi s\u0103 le promoveze.<\/span><\/p>\n<p><span style=\"font-weight: 400;\">Prima reclam\u0103 tip\u0103rit\u0103 \u00een limba englez\u0103 este considerat\u0103 o mic\u0103 bucat\u0103 de h\u00e2rtie din 1472 care anun\u021ba v\u00e2nzarea unei c\u0103r\u021bi de rug\u0103ciuni.\u00a0<\/span><\/p>\n<p><strong>Puzzle 1000 piese o modalitate uimitoare de a descoperi trecutul<\/strong><\/p>\n<p><span style=\"font-weight: 400;\">Dincolo de latura distractiv\u0103 \u0219i de beneficiile pentru s\u0103n\u0103tate pe care \u021bi le ofer\u0103, acest puzzle adul\u021bi poate fi \u0219i o modalitate de cunoa\u0219tere a trecutului publicit\u0103\u021bii. C\u0103l\u0103tore\u0219te \u00eenapoi \u00een timp \u0219i tr\u0103ie\u0219te entuziasmul progresulului pe care \u00eel resim\u021beau oamenii epocii prin acest fascinant joc puzzle.<\/span><\/p>\n<p><span style=\"font-weight: 400;\">\u00cen plus, ai ocazia s\u0103 creezi un tablou fabulos care va scoate din anonimat orice loc anost din cas\u0103 c\u0103ruia vrei s\u0103-i dai personalitate.<\/span><\/p>\n<p><span style=\"font-weight: 400;\">Alege puzzle 1000 piese <\/span><span style=\"font-weight: 400;\">Les Prevoyants de L&#8217;avenir \u0219i completeaz\u0103-\u021bi colec\u021bia puzzle vintage cu o pies\u0103 artistic\u0103 de excep\u021bie. Dac\u0103 e\u0219ti \u00een c\u0103utarea unui cadou deosebit pentru un prieten drag, puzzle 1000 piese Les Prevoyants de L&#8217;avenir poate fi o alegere inspirat\u0103.\u00a0<\/span><\/p>\n","protected":false},"excerpt":{"rendered":"<p>Cau\u021bi o nou\u0103 provocare pentru a-\u021bi testa abilit\u0103\u021bile de reconstituire a jocurilor puzzle? Avem pentru tine o gam\u0103 incitant\u0103 de<\/p>\n","protected":false},"featured_media":18922,"template":"","meta":[],"product_brand":[],"product_cat":[1454,1488,1560],"product_tag":[],"class_list":{"0":"post-18936","1":"product","2":"type-product","3":"status-publish","4":"has-post-thumbnail","6":"product_cat-puzzle","7":"product_cat-puzzle-adulti","8":"product_cat-puzzle-adulti-1000","9":"pa_brand-d_toys","10":"pa_country_of_manufacture-ro","11":"pa_filter_age-1315","12":"pa_painter-vintageposters","13":"pa_tip_ambalaj-cutie","14":"pa_tip_puzzle-clasic","16":"first","17":"instock","18":"taxable","19":"shipping-taxable","20":"product-type-simple"},"yoast_head":"<!-- This site is optimized with the Yoast SEO plugin v20.1 - https:\/\/yoast.com\/wordpress\/plugins\/seo\/ -->\n<title>Puzzle adul\u021bi 1000 piese Vintage Posters - Les Prevoyants de L&#039;avenir - Roovi B2B<\/title>\n<meta name=\"robots\" content=\"index, follow, max-snippet:-1, max-image-preview:large, max-video-preview:-1\" \/>\n<link rel=\"canonical\" href=\"https:\/\/www.roovi.ro\/puzzle-adulti-1000-piese-vintage-posters-les-prevoyants-de-lavenir\/p\/\" \/>\n<meta property=\"og:locale\" content=\"ro_RO\" \/>\n<meta property=\"og:type\" content=\"article\" \/>\n<meta property=\"og:title\" content=\"Puzzle adul\u021bi 1000 piese Vintage Posters - Les Prevoyants de L&#039;avenir - Roovi B2B\" \/>\n<meta property=\"og:description\" content=\"Cau\u021bi o nou\u0103 provocare pentru a-\u021bi testa abilit\u0103\u021bile de reconstituire a jocurilor puzzle? Avem pentru tine o gam\u0103 incitant\u0103 de\" \/>\n<meta property=\"og:url\" content=\"https:\/\/www.roovi.ro\/puzzle-adulti-1000-piese-vintage-posters-les-prevoyants-de-lavenir\/p\/\" \/>\n<meta property=\"og:site_name\" content=\"Roovi B2B\" \/>\n<meta property=\"article:publisher\" content=\"https:\/\/www.facebook.com\/wwwjucariero\" \/>\n<meta property=\"article:modified_time\" content=\"2025-03-17T07:35:42+00:00\" \/>\n<meta property=\"og:image\" content=\"https:\/\/business.roovi.com\/wp-content\/uploads\/2018\/08\/67555-20_ansamblu_dimensiuni_cutie_cm_vertical_1200x1200.png\" \/>\n\t<meta property=\"og:image:width\" content=\"1200\" \/>\n\t<meta property=\"og:image:height\" content=\"1200\" \/>\n\t<meta property=\"og:image:type\" content=\"image\/png\" \/>\n<meta name=\"twitter:label1\" content=\"Timp estimat pentru citire\" \/>\n\t<meta name=\"twitter:data1\" content=\"3 minute\" \/>\n<script type=\"application\/ld+json\" class=\"yoast-schema-graph\">{\"@context\":\"https:\/\/schema.org\",\"@graph\":[{\"@type\":\"WebPage\",\"@id\":\"https:\/\/business.roovi.com\/ro\/puzzle-adulti-1000-piese-vintage-posters-les-prevoyants-de-lavenir\/p\/\",\"url\":\"https:\/\/www.roovi.ro\/puzzle-adulti-1000-piese-vintage-posters-les-prevoyants-de-lavenir\/p\/\",\"name\":\"Puzzle adul\u021bi 1000 piese Vintage Posters - Les Prevoyants de L'avenir - Roovi B2B\",\"isPartOf\":{\"@id\":\"https:\/\/business.roovi.com\/ro\/#website\"},\"datePublished\":\"2018-08-02T08:38:02+00:00\",\"dateModified\":\"2025-03-17T07:35:42+00:00\",\"breadcrumb\":{\"@id\":\"https:\/\/www.roovi.ro\/puzzle-adulti-1000-piese-vintage-posters-les-prevoyants-de-lavenir\/p\/#breadcrumb\"},\"inLanguage\":\"ro-RO\",\"potentialAction\":[{\"@type\":\"ReadAction\",\"target\":[\"https:\/\/www.roovi.ro\/puzzle-adulti-1000-piese-vintage-posters-les-prevoyants-de-lavenir\/p\/\"]}]},{\"@type\":\"BreadcrumbList\",\"@id\":\"https:\/\/www.roovi.ro\/puzzle-adulti-1000-piese-vintage-posters-les-prevoyants-de-lavenir\/p\/#breadcrumb\",\"itemListElement\":[{\"@type\":\"ListItem\",\"position\":1,\"name\":\"Home\",\"item\":\"https:\/\/business.roovi.com\/ro\/\"},{\"@type\":\"ListItem\",\"position\":2,\"name\":\"Magazin\",\"item\":\"https:\/\/business.roovi.com\/ro\/magazin\/\"},{\"@type\":\"ListItem\",\"position\":3,\"name\":\"Puzzle adul\u021bi 1000 piese Vintage Posters &#8211; Les Prevoyants de L&#8217;avenir\"}]},{\"@type\":\"WebSite\",\"@id\":\"https:\/\/business.roovi.com\/ro\/#website\",\"url\":\"https:\/\/business.roovi.com\/ro\/\",\"name\":\"Roovi B2B\",\"description\":\"Roovi Business Website\",\"potentialAction\":[{\"@type\":\"SearchAction\",\"target\":{\"@type\":\"EntryPoint\",\"urlTemplate\":\"https:\/\/business.roovi.com\/ro\/?s={search_term_string}\"},\"query-input\":\"required name=search_term_string\"}],\"inLanguage\":\"ro-RO\"}]}<\/script>\n<!-- \/ Yoast SEO plugin. -->","yoast_head_json":{"title":"Puzzle adul\u021bi 1000 piese Vintage Posters - Les Prevoyants de L'avenir - Roovi B2B","robots":{"index":"index","follow":"follow","max-snippet":"max-snippet:-1","max-image-preview":"max-image-preview:large","max-video-preview":"max-video-preview:-1"},"canonical":"https:\/\/www.roovi.ro\/puzzle-adulti-1000-piese-vintage-posters-les-prevoyants-de-lavenir\/p\/","og_locale":"ro_RO","og_type":"article","og_title":"Puzzle adul\u021bi 1000 piese Vintage Posters - Les Prevoyants de L'avenir - Roovi B2B","og_description":"Cau\u021bi o nou\u0103 provocare pentru a-\u021bi testa abilit\u0103\u021bile de reconstituire a jocurilor puzzle? Avem pentru tine o gam\u0103 incitant\u0103 de","og_url":"https:\/\/www.roovi.ro\/puzzle-adulti-1000-piese-vintage-posters-les-prevoyants-de-lavenir\/p\/","og_site_name":"Roovi B2B","article_publisher":"https:\/\/www.facebook.com\/wwwjucariero","article_modified_time":"2025-03-17T07:35:42+00:00","og_image":[{"width":1200,"height":1200,"url":"https:\/\/business.roovi.com\/wp-content\/uploads\/2018\/08\/67555-20_ansamblu_dimensiuni_cutie_cm_vertical_1200x1200.png","type":"image\/png"}],"twitter_misc":{"Timp estimat pentru citire":"3 minute"},"schema":{"@context":"https:\/\/schema.org","@graph":[{"@type":"WebPage","@id":"https:\/\/business.roovi.com\/ro\/puzzle-adulti-1000-piese-vintage-posters-les-prevoyants-de-lavenir\/p\/","url":"https:\/\/www.roovi.ro\/puzzle-adulti-1000-piese-vintage-posters-les-prevoyants-de-lavenir\/p\/","name":"Puzzle adul\u021bi 1000 piese Vintage Posters - Les Prevoyants de L'avenir - Roovi B2B","isPartOf":{"@id":"https:\/\/business.roovi.com\/ro\/#website"},"datePublished":"2018-08-02T08:38:02+00:00","dateModified":"2025-03-17T07:35:42+00:00","breadcrumb":{"@id":"https:\/\/www.roovi.ro\/puzzle-adulti-1000-piese-vintage-posters-les-prevoyants-de-lavenir\/p\/#breadcrumb"},"inLanguage":"ro-RO","potentialAction":[{"@type":"ReadAction","target":["https:\/\/www.roovi.ro\/puzzle-adulti-1000-piese-vintage-posters-les-prevoyants-de-lavenir\/p\/"]}]},{"@type":"BreadcrumbList","@id":"https:\/\/www.roovi.ro\/puzzle-adulti-1000-piese-vintage-posters-les-prevoyants-de-lavenir\/p\/#breadcrumb","itemListElement":[{"@type":"ListItem","position":1,"name":"Home","item":"https:\/\/business.roovi.com\/ro\/"},{"@type":"ListItem","position":2,"name":"Magazin","item":"https:\/\/business.roovi.com\/ro\/magazin\/"},{"@type":"ListItem","position":3,"name":"Puzzle adul\u021bi 1000 piese Vintage Posters &#8211; Les Prevoyants de L&#8217;avenir"}]},{"@type":"WebSite","@id":"https:\/\/business.roovi.com\/ro\/#website","url":"https:\/\/business.roovi.com\/ro\/","name":"Roovi B2B","description":"Roovi Business Website","potentialAction":[{"@type":"SearchAction","target":{"@type":"EntryPoint","urlTemplate":"https:\/\/business.roovi.com\/ro\/?s={search_term_string}"},"query-input":"required name=search_term_string"}],"inLanguage":"ro-RO"}]}},"_links":{"self":[{"href":"https:\/\/business.roovi.com\/ro\/wp-json\/wp\/v2\/product\/18936","targetHints":{"allow":["GET"]}}],"collection":[{"href":"https:\/\/business.roovi.com\/ro\/wp-json\/wp\/v2\/product"}],"about":[{"href":"https:\/\/business.roovi.com\/ro\/wp-json\/wp\/v2\/types\/product"}],"version-history":[{"count":0,"href":"https:\/\/business.roovi.com\/ro\/wp-json\/wp\/v2\/product\/18936\/revisions"}],"wp:featuredmedia":[{"embeddable":true,"href":"https:\/\/business.roovi.com\/ro\/wp-json\/wp\/v2\/media\/18922"}],"wp:attachment":[{"href":"https:\/\/business.roovi.com\/ro\/wp-json\/wp\/v2\/media?parent=18936"}],"wp:term":[{"taxonomy":"product_brand","embeddable":true,"href":"https:\/\/business.roovi.com\/ro\/wp-json\/wp\/v2\/product_brand?post=18936"},{"taxonomy":"product_cat","embeddable":true,"href":"https:\/\/business.roovi.com\/ro\/wp-json\/wp\/v2\/product_cat?post=18936"},{"taxonomy":"product_tag","embeddable":true,"href":"https:\/\/business.roovi.com\/ro\/wp-json\/wp\/v2\/product_tag?post=18936"}],"curies":[{"name":"wp","href":"https:\/\/api.w.org\/{rel}","templated":true}]}}