{"id":18951,"date":"2018-08-02T08:38:02","date_gmt":"2018-08-02T08:38:02","guid":{"rendered":"https:\/\/business.roovi.com\/product\/puzzle-gustav-klimt-death-and-life-1000-piese\/"},"modified":"2023-03-20T21:37:05","modified_gmt":"2023-03-20T21:37:05","slug":"puzzle-adulti-1000-piese-gustav-klimt-death-and-life","status":"publish","type":"product","link":"https:\/\/business.roovi.com\/ro\/puzzle-adulti-1000-piese-gustav-klimt-death-and-life\/p\/","title":{"rendered":"Puzzle adulti 1000 piese Gustav Klimt &#8211; Death and Life"},"content":{"rendered":"<p><span style=\"font-weight: 400;\">Vrei s\u0103 te deconectezi de la ecrane? Descoper\u0103 pl\u0103cerea de a face puzzle-uri pentru adul\u021bi. Alege puzzle-uri de 1000 piese din cea mai mare colec\u021bie de puzzle-uri de art\u0103 din Rom\u00e2nia \u0219i relaxeaz\u0103-te asambl\u00e2nd imagini cu cele mai spectaculoase picturi ale lumii. Vei avea parte de p\u00e2n\u0103 la 30 de ore de distrac\u021bie relaxant\u0103 \u0219i, \u00een plus, vei fi posesorul unor capodopere create cu m\u00e2inile tale.\u00a0<\/span><\/p>\n<p><span style=\"font-weight: 400;\">Puzzle 1000 piese Gustav Klimt &#8211; Death and Life\/Moarte \u0219i via\u021b\u0103 \u00ee\u021bi a\u0219terne \u00een fa\u021b\u0103 dou\u0103 simboluri puternice: via\u021ba \u0219i moartea. Un craniu r\u00e2njind, acoperit cu o hain\u0103 \u00eentunecat\u0103, plin\u0103 de cruci negre dezv\u0103luie moartea. Mai multe femei tinere care sunt \u00eentinse pe un strat de flori, iar o via\u021b\u0103 nou\u0103 &#8211; un copil, iese din m\u00e2inile lor. Un b\u0103rbat \u00eembr\u0103\u021bi\u0219eaz\u0103 cu bra\u021bele lui v\u00e2njoase o femeie. Ce spectacol sublim este via\u021ba \u0219i moarte! Asambleaz\u0103 puzzle 1000 piese Gustav Klimt &#8211; Death and Life\/Moarte \u0219i via\u021b\u0103 \u0219i po\u021bi avea \u0219i tu aceast\u0103 oper\u0103 de art\u0103.<\/span><\/p>\n<p><span style=\"font-weight: 400;\">Cite\u0219te mai jos mai multe informa\u021bii despre puzzle de art\u0103 Gustav Klimt &#8211; Moarte \u0219i via\u021b\u0103:<\/span><\/p>\n<p><strong>Dimensiuni imagine reconstituit\u0103: 50 x 70 cm.\u00a0<\/strong><\/p>\n<p><strong>Material puzzle:\u00a0<\/strong><\/p>\n<p><strong>carton albastru de o calitate superioar\u0103<\/strong><\/p>\n<p><strong>materiale sustenabile, reciclabile<\/strong><\/p>\n<p><strong>finisaj semi-lucios, culori vii<\/strong><\/p>\n<p><strong>Num\u0103rul pieselor de puzzle: 1000<\/strong><\/p>\n<p><strong>V\u00e2rsta recomandat\u0103: 14+<\/strong><\/p>\n<p><strong>Jocurile puzzle \u00ee\u021bi men\u021bin s\u0103n\u0103tatea creierului<\/strong><\/p>\n<p><span style=\"font-weight: 400;\">Studiile arat\u0103 c\u0103 puzzle-urile pentru adul\u021bi fac minuni la nivel cerebral. Aceast\u0103 activitatea relaxant\u0103, antreneaz\u0103 creierul \u0219i \u00eel men\u021bin s\u0103n\u0103tos. Mai mult dec\u00e2t at\u00e2t, se pare c\u0103 persoanele care aloc\u0103 cel pu\u021bin 30 de minute pe zi asambl\u0103rii jocurilor puzzle prezint\u0103 un risc sc\u0103zut de a dezvolta boala Alzheimer sau alte afec\u021biuni care deterioreaz\u0103 memoria.<\/span><\/p>\n<p><strong>Jocurile puzzle te apropie de cei dragi<\/strong><\/p>\n<p><span style=\"font-weight: 400;\">Transform\u0103 puzzle 1000 piese \u00eentr-un joc de societate! Asambleaz\u0103 uimitoarele puzzle-uri de art\u0103 cu imagini ale picturilor celebre \u00eempreun\u0103 cu familia sau cu prietenii. Aceasta este o bun\u0103 oportunitate de a petrece timp de calitate cu persoanele cele mai dragi.<\/span><\/p>\n<p><strong>C\u00e2teva informa\u021bii despre <\/strong><strong><em>Moartea \u0219i via\u021ba<\/em><\/strong><strong> lui Gustav Klimt\u00a0<\/strong><\/p>\n<p><span style=\"font-weight: 400;\">Lucrarea <\/span><em><span style=\"font-weight: 400;\">Moartea \u0219i via\u021ba<\/span><\/em><span style=\"font-weight: 400;\"> a lui Klimt a fost distins\u0103 cu premiul \u00eent\u00e2i la expozi\u021bia mondial\u0103 de la Roma din 1911.<\/span><\/p>\n<p><span style=\"font-weight: 400;\">Moartea \u0219i via\u021ba sunt teme centrale \u00eent\u00e2lnite \u00een majoritatea lucr\u0103rilor lui Klimt.<\/span><\/p>\n<p><span style=\"font-weight: 400;\">\u00cen tablou exist\u0103 o supra-reprezentare a femeilor, ceea ce poate sugera c\u0103 femeile sunt sursa \u00eentregii vie\u021bi.<\/span><\/p>\n<p><span style=\"font-weight: 400;\">\u00a0\u00cen 1915, dup\u0103 ce fusese expus\u0103 deja de 5 ori, Klimt a modificat <\/span><em><span style=\"font-weight: 400;\">Moartea \u0219i via\u021ba, <\/span><\/em><span style=\"font-weight: 400;\">din motive pe care nu le-a dezv\u0103luit nim\u0103nui. A schimbat fundalul din auriu \u00een gri \u0219i a ad\u0103ugat c\u00e2teva mozaicuri.<\/span><\/p>\n<p><span style=\"font-weight: 400;\">Fire discret\u0103, Klimt nu a l\u0103sat s\u0103 se cunoasc\u0103 prea multe despre via\u021ba lui personal\u0103. Se dezv\u0103luie \u00eens\u0103 prin lucr\u0103rile sale care sunt extrem de personale \u0219i impregnate de medita\u021biile sale asupra vie\u021bii, sexului, dorin\u021belor \u0219i mor\u021bii.<\/span><\/p>\n<p><strong>Puzzle-urile de art\u0103 \u0219i uimitoarele lor beneficii<\/strong><\/p>\n<p><span style=\"font-weight: 400;\">S\u0103 refaci un puzzle de art\u0103 este o \u00eenc\u00e2ntare \u0219i un bun prilej de a-\u021bi dezvolta mai multe abilit\u0103\u021bi, printre care:<\/span><\/p>\n<ul>\n<li><span style=\"font-weight: 400;\">Sim\u021bul estetic<\/span><\/li>\n<li><span style=\"font-weight: 400;\">Imagina\u021bia<\/span><\/li>\n<li><span style=\"font-weight: 400;\">Memoria<\/span><\/li>\n<li><span style=\"font-weight: 400;\">Abilit\u0103\u021bile de asamblare a jocurilor puzzle.<\/span><\/li>\n<\/ul>\n<p><span style=\"font-weight: 400;\">Cump\u0103r\u0103 acum puzzle 1000 piese Gustav Klimt &#8211; Death and Life\/Moarte \u0219i via\u021b\u0103 \u0219i experimenteaz\u0103 o activitatea distractiv\u0103 \u0219i relaxant\u0103. Completeaz\u0103 imaginea cu pictura celebr\u0103 \u0219i creeaz\u0103-\u021bi un tablou de art\u0103 minunat dintr-un puzzle adul\u021bi deosebit.<\/span><\/p>\n<p><span style=\"font-weight: 400;\">Ofer\u0103 \u00een dar puzzle 1000 piese Gustav Klimt &#8211; Moarte \u0219i via\u021b\u0103 din colec\u021bia puzzle-uri de art\u0103 \u0219i f\u0103-\u021bi fericit cel mai bun prieten!<\/span><\/p>\n<p>\u00a0<\/p>\n","protected":false},"excerpt":{"rendered":"<p>Vrei s\u0103 te deconectezi de la ecrane? Descoper\u0103 pl\u0103cerea de a face puzzle-uri pentru adul\u021bi. Alege puzzle-uri de 1000 piese<\/p>\n","protected":false},"featured_media":18937,"template":"","meta":[],"product_brand":[],"product_cat":[1454,1488,1560],"product_tag":[],"class_list":{"0":"post-18951","1":"product","2":"type-product","3":"status-publish","4":"has-post-thumbnail","6":"product_cat-puzzle","7":"product_cat-puzzle-adulti","8":"product_cat-puzzle-adulti-1000","9":"pa_brand-d_toys","10":"pa_country_of_manufacture-ro","11":"pa_filter_age-1315","12":"pa_painter-gustavklimt","13":"pa_tip_ambalaj-cutie","14":"pa_tip_puzzle-clasic","16":"first","17":"instock","18":"taxable","19":"shipping-taxable","20":"product-type-simple"},"yoast_head":"<!-- This site is optimized with the Yoast SEO plugin v20.1 - https:\/\/yoast.com\/wordpress\/plugins\/seo\/ -->\n<title>Puzzle adulti 1000 piese Gustav Klimt - Death and Life - Roovi B2B<\/title>\n<meta name=\"robots\" content=\"index, follow, max-snippet:-1, max-image-preview:large, max-video-preview:-1\" \/>\n<link rel=\"canonical\" href=\"https:\/\/www.roovi.ro\/puzzle-adulti-1000-piese-gustav-klimt-death-and-life\/p\/\" \/>\n<meta property=\"og:locale\" content=\"ro_RO\" \/>\n<meta property=\"og:type\" content=\"article\" \/>\n<meta property=\"og:title\" content=\"Puzzle adulti 1000 piese Gustav Klimt - Death and Life - Roovi B2B\" \/>\n<meta property=\"og:description\" content=\"Vrei s\u0103 te deconectezi de la ecrane? Descoper\u0103 pl\u0103cerea de a face puzzle-uri pentru adul\u021bi. Alege puzzle-uri de 1000 piese\" \/>\n<meta property=\"og:url\" content=\"https:\/\/www.roovi.ro\/puzzle-adulti-1000-piese-gustav-klimt-death-and-life\/p\/\" \/>\n<meta property=\"og:site_name\" content=\"Roovi B2B\" \/>\n<meta property=\"article:publisher\" content=\"https:\/\/www.facebook.com\/wwwjucariero\" \/>\n<meta property=\"article:modified_time\" content=\"2023-03-20T21:37:05+00:00\" \/>\n<meta property=\"og:image\" content=\"https:\/\/business.roovi.com\/wp-content\/uploads\/2018\/08\/66923-10_ansamblu_dimensiuni_cutie_cm_orizontal_1200x1200.png\" \/>\n\t<meta property=\"og:image:width\" content=\"1200\" \/>\n\t<meta property=\"og:image:height\" content=\"1200\" \/>\n\t<meta property=\"og:image:type\" content=\"image\/png\" \/>\n<meta name=\"twitter:label1\" content=\"Timp estimat pentru citire\" \/>\n\t<meta name=\"twitter:data1\" content=\"3 minute\" \/>\n<script type=\"application\/ld+json\" class=\"yoast-schema-graph\">{\"@context\":\"https:\/\/schema.org\",\"@graph\":[{\"@type\":\"WebPage\",\"@id\":\"https:\/\/business.roovi.com\/ro\/puzzle-adulti-1000-piese-gustav-klimt-death-and-life\/p\/\",\"url\":\"https:\/\/www.roovi.ro\/puzzle-adulti-1000-piese-gustav-klimt-death-and-life\/p\/\",\"name\":\"Puzzle adulti 1000 piese Gustav Klimt - Death and Life - Roovi B2B\",\"isPartOf\":{\"@id\":\"https:\/\/business.roovi.com\/ro\/#website\"},\"datePublished\":\"2018-08-02T08:38:02+00:00\",\"dateModified\":\"2023-03-20T21:37:05+00:00\",\"breadcrumb\":{\"@id\":\"https:\/\/www.roovi.ro\/puzzle-adulti-1000-piese-gustav-klimt-death-and-life\/p\/#breadcrumb\"},\"inLanguage\":\"ro-RO\",\"potentialAction\":[{\"@type\":\"ReadAction\",\"target\":[\"https:\/\/www.roovi.ro\/puzzle-adulti-1000-piese-gustav-klimt-death-and-life\/p\/\"]}]},{\"@type\":\"BreadcrumbList\",\"@id\":\"https:\/\/www.roovi.ro\/puzzle-adulti-1000-piese-gustav-klimt-death-and-life\/p\/#breadcrumb\",\"itemListElement\":[{\"@type\":\"ListItem\",\"position\":1,\"name\":\"Home\",\"item\":\"https:\/\/business.roovi.com\/ro\/\"},{\"@type\":\"ListItem\",\"position\":2,\"name\":\"Magazin\",\"item\":\"https:\/\/business.roovi.com\/ro\/magazin\/\"},{\"@type\":\"ListItem\",\"position\":3,\"name\":\"Puzzle adulti 1000 piese Gustav Klimt &#8211; Death and Life\"}]},{\"@type\":\"WebSite\",\"@id\":\"https:\/\/business.roovi.com\/ro\/#website\",\"url\":\"https:\/\/business.roovi.com\/ro\/\",\"name\":\"Roovi B2B\",\"description\":\"Roovi Business Website\",\"potentialAction\":[{\"@type\":\"SearchAction\",\"target\":{\"@type\":\"EntryPoint\",\"urlTemplate\":\"https:\/\/business.roovi.com\/ro\/?s={search_term_string}\"},\"query-input\":\"required name=search_term_string\"}],\"inLanguage\":\"ro-RO\"}]}<\/script>\n<!-- \/ Yoast SEO plugin. -->","yoast_head_json":{"title":"Puzzle adulti 1000 piese Gustav Klimt - Death and Life - Roovi B2B","robots":{"index":"index","follow":"follow","max-snippet":"max-snippet:-1","max-image-preview":"max-image-preview:large","max-video-preview":"max-video-preview:-1"},"canonical":"https:\/\/www.roovi.ro\/puzzle-adulti-1000-piese-gustav-klimt-death-and-life\/p\/","og_locale":"ro_RO","og_type":"article","og_title":"Puzzle adulti 1000 piese Gustav Klimt - Death and Life - Roovi B2B","og_description":"Vrei s\u0103 te deconectezi de la ecrane? Descoper\u0103 pl\u0103cerea de a face puzzle-uri pentru adul\u021bi. Alege puzzle-uri de 1000 piese","og_url":"https:\/\/www.roovi.ro\/puzzle-adulti-1000-piese-gustav-klimt-death-and-life\/p\/","og_site_name":"Roovi B2B","article_publisher":"https:\/\/www.facebook.com\/wwwjucariero","article_modified_time":"2023-03-20T21:37:05+00:00","og_image":[{"width":1200,"height":1200,"url":"https:\/\/business.roovi.com\/wp-content\/uploads\/2018\/08\/66923-10_ansamblu_dimensiuni_cutie_cm_orizontal_1200x1200.png","type":"image\/png"}],"twitter_misc":{"Timp estimat pentru citire":"3 minute"},"schema":{"@context":"https:\/\/schema.org","@graph":[{"@type":"WebPage","@id":"https:\/\/business.roovi.com\/ro\/puzzle-adulti-1000-piese-gustav-klimt-death-and-life\/p\/","url":"https:\/\/www.roovi.ro\/puzzle-adulti-1000-piese-gustav-klimt-death-and-life\/p\/","name":"Puzzle adulti 1000 piese Gustav Klimt - Death and Life - Roovi B2B","isPartOf":{"@id":"https:\/\/business.roovi.com\/ro\/#website"},"datePublished":"2018-08-02T08:38:02+00:00","dateModified":"2023-03-20T21:37:05+00:00","breadcrumb":{"@id":"https:\/\/www.roovi.ro\/puzzle-adulti-1000-piese-gustav-klimt-death-and-life\/p\/#breadcrumb"},"inLanguage":"ro-RO","potentialAction":[{"@type":"ReadAction","target":["https:\/\/www.roovi.ro\/puzzle-adulti-1000-piese-gustav-klimt-death-and-life\/p\/"]}]},{"@type":"BreadcrumbList","@id":"https:\/\/www.roovi.ro\/puzzle-adulti-1000-piese-gustav-klimt-death-and-life\/p\/#breadcrumb","itemListElement":[{"@type":"ListItem","position":1,"name":"Home","item":"https:\/\/business.roovi.com\/ro\/"},{"@type":"ListItem","position":2,"name":"Magazin","item":"https:\/\/business.roovi.com\/ro\/magazin\/"},{"@type":"ListItem","position":3,"name":"Puzzle adulti 1000 piese Gustav Klimt &#8211; Death and Life"}]},{"@type":"WebSite","@id":"https:\/\/business.roovi.com\/ro\/#website","url":"https:\/\/business.roovi.com\/ro\/","name":"Roovi B2B","description":"Roovi Business Website","potentialAction":[{"@type":"SearchAction","target":{"@type":"EntryPoint","urlTemplate":"https:\/\/business.roovi.com\/ro\/?s={search_term_string}"},"query-input":"required name=search_term_string"}],"inLanguage":"ro-RO"}]}},"_links":{"self":[{"href":"https:\/\/business.roovi.com\/ro\/wp-json\/wp\/v2\/product\/18951","targetHints":{"allow":["GET"]}}],"collection":[{"href":"https:\/\/business.roovi.com\/ro\/wp-json\/wp\/v2\/product"}],"about":[{"href":"https:\/\/business.roovi.com\/ro\/wp-json\/wp\/v2\/types\/product"}],"version-history":[{"count":0,"href":"https:\/\/business.roovi.com\/ro\/wp-json\/wp\/v2\/product\/18951\/revisions"}],"wp:featuredmedia":[{"embeddable":true,"href":"https:\/\/business.roovi.com\/ro\/wp-json\/wp\/v2\/media\/18937"}],"wp:attachment":[{"href":"https:\/\/business.roovi.com\/ro\/wp-json\/wp\/v2\/media?parent=18951"}],"wp:term":[{"taxonomy":"product_brand","embeddable":true,"href":"https:\/\/business.roovi.com\/ro\/wp-json\/wp\/v2\/product_brand?post=18951"},{"taxonomy":"product_cat","embeddable":true,"href":"https:\/\/business.roovi.com\/ro\/wp-json\/wp\/v2\/product_cat?post=18951"},{"taxonomy":"product_tag","embeddable":true,"href":"https:\/\/business.roovi.com\/ro\/wp-json\/wp\/v2\/product_tag?post=18951"}],"curies":[{"name":"wp","href":"https:\/\/api.w.org\/{rel}","templated":true}]}}