{"id":19011,"date":"2018-08-23T09:02:39","date_gmt":"2018-08-23T09:02:39","guid":{"rendered":"https:\/\/business.roovi.com\/product\/joc-romanesc-dacii-si-romanii\/"},"modified":"2025-03-11T10:32:03","modified_gmt":"2025-03-11T10:32:03","slug":"joc-dacii-si-romanii","status":"publish","type":"product","link":"https:\/\/business.roovi.com\/ro\/joc-dacii-si-romanii\/p\/","title":{"rendered":"Joc Dacii \u0219i Romanii &#8211; Joc de strategie pentru copii"},"content":{"rendered":"<p><span style=\"font-weight: 400;\">Ce ob\u021bii c\u00e2nd pui \u00eempreun\u0103 strategie, prieteni, pu\u021bin\u0103 istorie \u0219i mult\u0103 voie bun\u0103? Ob\u021bii jocul Dacii \u0219i Romanii, un super joc de strategie, foarte \u00eendr\u0103git \u0219i popular \u00een r\u00e2ndul juc\u0103torilor de board games.<\/span><\/p>\n<p><span style=\"font-weight: 400;\">G\u00e2ndit ca un joc pentru 2 persoane, Dacii \u0219i Romanii este mai mult dec\u00e2t strategie. Este un joc provocator, inspirat din istoria rom\u00e2nilor, cu multe posibilit\u0103\u021bi tactice, \u00een care trebuie s\u0103 \u00ee\u021bi folose\u0219ti la maxim resursele pentru a c\u00e2stiga.\u00a0\u00a0\u00a0\u00a0<\/span><\/p>\n<p><span style=\"font-weight: 400;\">B\u0103t\u0103lia istoric\u0103 dintre Traian &#8211; \u00cemparatul roman \u0219i Decebal &#8211; regele Daciei, a fost una grandioas\u0103, plin\u0103 de r\u0103sturn\u0103ri de situa\u021bie \u0219i strategii briliante, soldat\u0103 \u00een final cu victoria \u00eemp\u0103ratului roman. Oare acum cine va ie\u0219i \u00eenving\u0103tor?\u00a0<\/span><\/p>\n<p><span style=\"font-weight: 400;\">Provoac\u0103-\u021bi prietenii \u0219i construie\u0219te-\u021bi cu aten\u021bie strategia de lupt\u0103!<\/span><\/p>\n<h2><span style=\"font-weight: 400;\">\u0218tiai c\u0103 jocul Dacii \u0219i Romanii\u2026<\/span><\/h2>\n<ul>\n<li><span style=\"font-weight: 400;\">Ajut\u0103 la dezvoltarea g\u00e2ndirii strategice.<\/span><\/li>\n<li><span style=\"font-weight: 400;\">Sus\u021bine dezvoltarea spiritului competitiv.<\/span><\/li>\n<li><span style=\"font-weight: 400;\">Ajut\u0103 la \u00eembun\u0103t\u0103\u021birea concentr\u0103rii pe un singur obiectiv \u0219i urm\u0103rirea rezultatului final.<\/span><\/li>\n<li><span style=\"font-weight: 400;\">Stimuleaz\u0103 dezvoltarea g\u00e2ndirii anticipative, prin \u00eencercarea de a anticipa mi\u0219c\u0103rile pe care le poate face adversarul.<\/span><\/li>\n<li><span style=\"font-weight: 400;\">Este un joc amuzant, care te solicit\u0103 \u0219i te destinde \u00een acela\u0219i timp.<\/span><\/li>\n<\/ul>\n<h2><span style=\"font-weight: 400;\">De ce s\u0103 alegi jocul Dacii \u0219i Romanii<\/span><\/h2>\n<p><span style=\"font-weight: 400;\">Este un joc captivant, ce abund\u0103 \u00een situa\u021bii neprev\u0103zute pe care trebuie s\u0103 le anticipezi sau s\u0103 le dep\u0103\u0219e\u0219ti, pentru a c\u00e2stiga b\u0103t\u0103lia. Pe parcursul \u201catacurilor\u201d nu exist\u0103 menajamente, iar situa\u021biile periculoase se ivesc la tot pasul.\u00a0<\/span><\/p>\n<p><span style=\"font-weight: 400;\">Jocul Dacii \u0219i Romanii a fost creat ca o alternativ\u0103 la jocurile cu tematic\u0103 istoric\u0103 existente \u00een afara \u021b\u0103rii, \u00eens\u0103 cu haine noi \u0219i ilustra\u021bii deosebite.<\/span><\/p>\n<p><span style=\"font-weight: 400;\">Se distinge prin tabla de joc deosebit\u0103 \u0219i ofer\u0103 2 variante de joc, ambele la fel de fascinante \u0219i solicitante.\u00a0<\/span><\/p>\n<p><span style=\"font-weight: 400;\">\u00ce\u021bi plac jocurile de strategie? Ai un copil pasionat de luptele istorice sau un prieten maestru al logicii? Pentru voi to\u021bi \u0219i pentru distrac\u021bia pe care o va aduce \u00een cas\u0103, jocul Dacii \u0219i Romanii este o alegere foarte potrivit\u0103.\u00a0\u00a0\u00a0<\/span><\/p>\n<p><span style=\"font-weight: 400;\">Dac\u0103 vrei s\u0103 experimentezi ceea ce sim\u021beau pe vremuri bravii cuceritori, intr\u0103 \u00een joc \u0219i fii tu cel care c\u00e2\u0219tig\u0103 lupta!<\/span><\/p>\n<p><span style=\"font-weight: 400;\">V\u00e2rst\u0103 recomandat\u0103: 9+<\/span><\/p>\n<p><span style=\"font-weight: 400;\">Juc\u0103tori: 2 persoane<\/span><\/p>\n<p><span style=\"font-weight: 400;\">Cutia con\u021bine: 1 tabl\u0103 de joc, 12 pioni, 12 suporturi pioni, regulament de joc.<\/span><\/p>\n<p><span style=\"font-weight: 400;\">Joc nerecomandat copiilor sub 3 ani.<\/span><\/p>\n<p>&nbsp;<\/p>\n","protected":false},"excerpt":{"rendered":"<p>Ce ob\u021bii c\u00e2nd pui \u00eempreun\u0103 strategie, prieteni, pu\u021bin\u0103 istorie \u0219i mult\u0103 voie bun\u0103? Ob\u021bii jocul Dacii \u0219i Romanii, un super<\/p>\n","protected":false},"featured_media":19007,"template":"","meta":[],"product_brand":[],"product_cat":[1461],"product_tag":[],"class_list":{"0":"post-19011","1":"product","2":"type-product","3":"status-publish","4":"has-post-thumbnail","6":"product_cat-jocuri-romanesti","7":"pa_brand-d_toys","8":"pa_country_of_manufacture-ro","9":"pa_filter_age-1315","10":"pa_filter_age-9_14","11":"pa_tip_ambalaj-cutie","13":"first","14":"instock","15":"taxable","16":"shipping-taxable","17":"product-type-simple"},"yoast_head":"<!-- This site is optimized with the Yoast SEO plugin v20.1 - https:\/\/yoast.com\/wordpress\/plugins\/seo\/ -->\n<title>Joc Rom\u00e2nesc - Dacii \u0219i Romanii<\/title>\n<meta name=\"description\" content=\"Joc Rom\u00e2nesc - Dacii \u0219i Romanii V\u0103 prezint\u0103m versiunea reproiectat\u0103 a jocului \u00eendr\u0103git \u0219i popular Dacii \u0219i romanii. Un joc de societate strategic pentru 2 persoane, cu multe posibilit\u0103\u021bi tactice, inspirat din istoria rom\u00e2nilor. B\u0103t\u0103lia dintre \u00eemp\u0103ratul ro\" \/>\n<meta name=\"robots\" content=\"index, follow, max-snippet:-1, max-image-preview:large, max-video-preview:-1\" \/>\n<link rel=\"canonical\" href=\"https:\/\/www.roovi.ro\/joc-dacii-si-romanii\/p\/\" \/>\n<meta property=\"og:locale\" content=\"ro_RO\" \/>\n<meta property=\"og:type\" content=\"article\" \/>\n<meta property=\"og:title\" content=\"Joc Rom\u00e2nesc - Dacii \u0219i Romanii\" \/>\n<meta property=\"og:description\" content=\"Joc Rom\u00e2nesc - Dacii \u0219i Romanii V\u0103 prezint\u0103m versiunea reproiectat\u0103 a jocului \u00eendr\u0103git \u0219i popular Dacii \u0219i romanii. Un joc de societate strategic pentru 2 persoane, cu multe posibilit\u0103\u021bi tactice, inspirat din istoria rom\u00e2nilor. B\u0103t\u0103lia dintre \u00eemp\u0103ratul ro\" \/>\n<meta property=\"og:url\" content=\"https:\/\/www.roovi.ro\/joc-dacii-si-romanii\/p\/\" \/>\n<meta property=\"og:site_name\" content=\"Roovi B2B\" \/>\n<meta property=\"article:publisher\" content=\"https:\/\/www.facebook.com\/wwwjucariero\" \/>\n<meta property=\"article:modified_time\" content=\"2025-03-11T10:32:03+00:00\" \/>\n<meta property=\"og:image\" content=\"https:\/\/business.roovi.com\/wp-content\/uploads\/2018\/08\/74201_dacii_si_romanii_elo.jpg\" \/>\n\t<meta property=\"og:image:width\" content=\"1200\" \/>\n\t<meta property=\"og:image:height\" content=\"1200\" \/>\n\t<meta property=\"og:image:type\" content=\"image\/jpeg\" \/>\n<meta name=\"twitter:label1\" content=\"Timp estimat pentru citire\" \/>\n\t<meta name=\"twitter:data1\" content=\"2 minute\" \/>\n<script type=\"application\/ld+json\" class=\"yoast-schema-graph\">{\"@context\":\"https:\/\/schema.org\",\"@graph\":[{\"@type\":\"WebPage\",\"@id\":\"https:\/\/business.roovi.com\/ro\/joc-dacii-si-romanii\/p\/\",\"url\":\"https:\/\/www.roovi.ro\/joc-dacii-si-romanii\/p\/\",\"name\":\"Joc Rom\u00e2nesc - Dacii \u0219i Romanii\",\"isPartOf\":{\"@id\":\"https:\/\/business.roovi.com\/ro\/#website\"},\"datePublished\":\"2018-08-23T09:02:39+00:00\",\"dateModified\":\"2025-03-11T10:32:03+00:00\",\"description\":\"Joc Rom\u00e2nesc - Dacii \u0219i Romanii V\u0103 prezint\u0103m versiunea reproiectat\u0103 a jocului \u00eendr\u0103git \u0219i popular Dacii \u0219i romanii. Un joc de societate strategic pentru 2 persoane, cu multe posibilit\u0103\u021bi tactice, inspirat din istoria rom\u00e2nilor. B\u0103t\u0103lia dintre \u00eemp\u0103ratul ro\",\"breadcrumb\":{\"@id\":\"https:\/\/www.roovi.ro\/joc-dacii-si-romanii\/p\/#breadcrumb\"},\"inLanguage\":\"ro-RO\",\"potentialAction\":[{\"@type\":\"ReadAction\",\"target\":[\"https:\/\/www.roovi.ro\/joc-dacii-si-romanii\/p\/\"]}]},{\"@type\":\"BreadcrumbList\",\"@id\":\"https:\/\/www.roovi.ro\/joc-dacii-si-romanii\/p\/#breadcrumb\",\"itemListElement\":[{\"@type\":\"ListItem\",\"position\":1,\"name\":\"Home\",\"item\":\"https:\/\/business.roovi.com\/ro\/\"},{\"@type\":\"ListItem\",\"position\":2,\"name\":\"Magazin\",\"item\":\"https:\/\/business.roovi.com\/ro\/magazin\/\"},{\"@type\":\"ListItem\",\"position\":3,\"name\":\"Joc Dacii \u0219i Romanii &#8211; Joc de strategie pentru copii\"}]},{\"@type\":\"WebSite\",\"@id\":\"https:\/\/business.roovi.com\/ro\/#website\",\"url\":\"https:\/\/business.roovi.com\/ro\/\",\"name\":\"Roovi B2B\",\"description\":\"Roovi Business Website\",\"potentialAction\":[{\"@type\":\"SearchAction\",\"target\":{\"@type\":\"EntryPoint\",\"urlTemplate\":\"https:\/\/business.roovi.com\/ro\/?s={search_term_string}\"},\"query-input\":\"required name=search_term_string\"}],\"inLanguage\":\"ro-RO\"}]}<\/script>\n<!-- \/ Yoast SEO plugin. -->","yoast_head_json":{"title":"Joc Rom\u00e2nesc - Dacii \u0219i Romanii","description":"Joc Rom\u00e2nesc - Dacii \u0219i Romanii V\u0103 prezint\u0103m versiunea reproiectat\u0103 a jocului \u00eendr\u0103git \u0219i popular Dacii \u0219i romanii. Un joc de societate strategic pentru 2 persoane, cu multe posibilit\u0103\u021bi tactice, inspirat din istoria rom\u00e2nilor. B\u0103t\u0103lia dintre \u00eemp\u0103ratul ro","robots":{"index":"index","follow":"follow","max-snippet":"max-snippet:-1","max-image-preview":"max-image-preview:large","max-video-preview":"max-video-preview:-1"},"canonical":"https:\/\/www.roovi.ro\/joc-dacii-si-romanii\/p\/","og_locale":"ro_RO","og_type":"article","og_title":"Joc Rom\u00e2nesc - Dacii \u0219i Romanii","og_description":"Joc Rom\u00e2nesc - Dacii \u0219i Romanii V\u0103 prezint\u0103m versiunea reproiectat\u0103 a jocului \u00eendr\u0103git \u0219i popular Dacii \u0219i romanii. Un joc de societate strategic pentru 2 persoane, cu multe posibilit\u0103\u021bi tactice, inspirat din istoria rom\u00e2nilor. B\u0103t\u0103lia dintre \u00eemp\u0103ratul ro","og_url":"https:\/\/www.roovi.ro\/joc-dacii-si-romanii\/p\/","og_site_name":"Roovi B2B","article_publisher":"https:\/\/www.facebook.com\/wwwjucariero","article_modified_time":"2025-03-11T10:32:03+00:00","og_image":[{"width":1200,"height":1200,"url":"https:\/\/business.roovi.com\/wp-content\/uploads\/2018\/08\/74201_dacii_si_romanii_elo.jpg","type":"image\/jpeg"}],"twitter_misc":{"Timp estimat pentru citire":"2 minute"},"schema":{"@context":"https:\/\/schema.org","@graph":[{"@type":"WebPage","@id":"https:\/\/business.roovi.com\/ro\/joc-dacii-si-romanii\/p\/","url":"https:\/\/www.roovi.ro\/joc-dacii-si-romanii\/p\/","name":"Joc Rom\u00e2nesc - Dacii \u0219i Romanii","isPartOf":{"@id":"https:\/\/business.roovi.com\/ro\/#website"},"datePublished":"2018-08-23T09:02:39+00:00","dateModified":"2025-03-11T10:32:03+00:00","description":"Joc Rom\u00e2nesc - Dacii \u0219i Romanii V\u0103 prezint\u0103m versiunea reproiectat\u0103 a jocului \u00eendr\u0103git \u0219i popular Dacii \u0219i romanii. Un joc de societate strategic pentru 2 persoane, cu multe posibilit\u0103\u021bi tactice, inspirat din istoria rom\u00e2nilor. B\u0103t\u0103lia dintre \u00eemp\u0103ratul ro","breadcrumb":{"@id":"https:\/\/www.roovi.ro\/joc-dacii-si-romanii\/p\/#breadcrumb"},"inLanguage":"ro-RO","potentialAction":[{"@type":"ReadAction","target":["https:\/\/www.roovi.ro\/joc-dacii-si-romanii\/p\/"]}]},{"@type":"BreadcrumbList","@id":"https:\/\/www.roovi.ro\/joc-dacii-si-romanii\/p\/#breadcrumb","itemListElement":[{"@type":"ListItem","position":1,"name":"Home","item":"https:\/\/business.roovi.com\/ro\/"},{"@type":"ListItem","position":2,"name":"Magazin","item":"https:\/\/business.roovi.com\/ro\/magazin\/"},{"@type":"ListItem","position":3,"name":"Joc Dacii \u0219i Romanii &#8211; Joc de strategie pentru copii"}]},{"@type":"WebSite","@id":"https:\/\/business.roovi.com\/ro\/#website","url":"https:\/\/business.roovi.com\/ro\/","name":"Roovi B2B","description":"Roovi Business Website","potentialAction":[{"@type":"SearchAction","target":{"@type":"EntryPoint","urlTemplate":"https:\/\/business.roovi.com\/ro\/?s={search_term_string}"},"query-input":"required name=search_term_string"}],"inLanguage":"ro-RO"}]}},"_links":{"self":[{"href":"https:\/\/business.roovi.com\/ro\/wp-json\/wp\/v2\/product\/19011","targetHints":{"allow":["GET"]}}],"collection":[{"href":"https:\/\/business.roovi.com\/ro\/wp-json\/wp\/v2\/product"}],"about":[{"href":"https:\/\/business.roovi.com\/ro\/wp-json\/wp\/v2\/types\/product"}],"version-history":[{"count":0,"href":"https:\/\/business.roovi.com\/ro\/wp-json\/wp\/v2\/product\/19011\/revisions"}],"wp:featuredmedia":[{"embeddable":true,"href":"https:\/\/business.roovi.com\/ro\/wp-json\/wp\/v2\/media\/19007"}],"wp:attachment":[{"href":"https:\/\/business.roovi.com\/ro\/wp-json\/wp\/v2\/media?parent=19011"}],"wp:term":[{"taxonomy":"product_brand","embeddable":true,"href":"https:\/\/business.roovi.com\/ro\/wp-json\/wp\/v2\/product_brand?post=19011"},{"taxonomy":"product_cat","embeddable":true,"href":"https:\/\/business.roovi.com\/ro\/wp-json\/wp\/v2\/product_cat?post=19011"},{"taxonomy":"product_tag","embeddable":true,"href":"https:\/\/business.roovi.com\/ro\/wp-json\/wp\/v2\/product_tag?post=19011"}],"curies":[{"name":"wp","href":"https:\/\/api.w.org\/{rel}","templated":true}]}}