{"id":19164,"date":"2018-09-04T08:48:05","date_gmt":"2018-09-04T08:48:05","guid":{"rendered":"https:\/\/business.roovi.com\/product\/puzzle-edouard-manet-the-banks-of-the-seine-at-argenteuil-1000-piese\/"},"modified":"2025-03-17T11:57:15","modified_gmt":"2025-03-17T11:57:15","slug":"puzzle-adulti-1000-piese-edouard-manet-the-banks-of-the-seine-at-argenteuil","status":"publish","type":"product","link":"https:\/\/business.roovi.com\/ro\/puzzle-adulti-1000-piese-edouard-manet-the-banks-of-the-seine-at-argenteuil\/p\/","title":{"rendered":"Puzzle adulti 1000 piese \u00c9douard Manet &#8211; The Banks of the Seine at Argenteuil"},"content":{"rendered":"<p><span style=\"font-weight: 400;\">\u00ce\u021bi dore\u0219ti momente de relaxare \u0219i deconectare de la ecrane? Asambleaz\u0103 puzzle-uri de art\u0103. Te \u021bin ocupat \u0219i te poart\u0103 \u00een universul magic al picturilor celebre. \u00cen plus, ai oportunitatea s\u0103 creezi obiecte decorative deosebite cu m\u00e2inile tale.\u00a0<\/span><\/p>\n<p><span style=\"font-weight: 400;\">Dac\u0103 \u00ee\u021bi dore\u0219ti o capodoper\u0103 personal\u0103, avem o recomandare superb\u0103 pentru tine: puzzle de art\u0103 \u00c9douard Manet &#8211; The Banks of the Seine at Argenteuil. Pictorul francez a realizat lucrarea din aceast\u0103 imagine cu ocazie unei vizite la prietenul s\u0103u Claude Monet pe c\u00e2nd acesta locuia la Argenteuil.\u00a0<\/span><\/p>\n<p><span style=\"font-weight: 400;\">\u00cen timp ce Monet a avea tendin\u021ba de a trece cu vederea revolu\u021bia industrial\u0103 \u0219i extinderea urban\u0103, Manet realizeaz\u0103 un tablou mai aproape de realitatea cotidian\u0103 \u0219i include \u0219i elementele industrializ\u0103rii co\u0219urile de fum ale fabricilor care se v\u0103d la orizont. Femeia \u0219i copil din imagine este foarte posibil s\u0103 fi fost so\u021bia \u0219i fiul lui Monet.<\/span><\/p>\n<p><span style=\"font-weight: 400;\">Acest acest puzzle de 1000 piese este produs din materiale de calitatea superioar\u0103 care \u00ee\u021bi ofer\u0103 rezisten\u021b\u0103 la fiecare utilizare. Dac\u0103 \u00ee\u021bi place s\u0103 refaci imaginea de mai multe ori, vei ob\u021bine de fiecare dat\u0103 un tablou remarcabil. Pentru asamblare, po\u021bi utiliza o m\u0103su\u021b\u0103 obi\u0219nuit\u0103 de cafea.<\/span><\/p>\n<p><span style=\"font-weight: 400;\">Alte caracteristici ale puzzle-ului de art\u0103 \u00c9douard Manet &#8211; The Banks of the Seine at Argenteuil\u00a0<\/span><\/p>\n<p><strong>Dimensiuni imagine reconstituit\u0103: 50 x 70 cm.<\/strong><\/p>\n<p><strong>Material puzzle:\u00a0<\/strong><\/p>\n<p><strong>carton albastru de o calitate superioar\u0103<\/strong><\/p>\n<p><strong>materiale sustenabile, reciclabile<\/strong><\/p>\n<p><strong>finisaj semi-lucios, culori vii<\/strong><\/p>\n<p><strong>Num\u0103rul pieselor de puzzle: 1000<\/strong><\/p>\n<p><strong>V\u00e2rsta recomandat\u0103: 14+<\/strong><\/p>\n<p><strong>5 abilit\u0103\u021bi pe care le dezvol\u021bi cu ajutorul puzzle-urilor<\/strong><\/p>\n<p><strong>Aten\u021bia la detalii<\/strong><span style=\"font-weight: 400;\"> care te face s\u0103 te sim\u021bi ca un adev\u0103rat detectiv c\u0103ut\u00e2nd indiciile din puzzle 1000 piese.<\/span><\/p>\n<p><strong>Perseveren\u021ba<\/strong><span style=\"font-weight: 400;\"> care va rezulta \u00eentr-o experien\u021b\u0103 de succes odat\u0103 ce ai finalizat puzzle-ul de 1000 piese.<\/span><\/p>\n<p><strong>Memoria pe termen scurt<\/strong><span style=\"font-weight: 400;\"> prin selectarea \u0219i memorarea pieselor \u0219i a locului \u00een care acestea se potrivesc.<\/span><\/p>\n<p><strong>Logica<\/strong><span style=\"font-weight: 400;\"> prin asocierea pieselor cu forme asem\u0103n\u0103toare.<\/span><\/p>\n<p><strong>R\u0103bdarea<\/strong><span style=\"font-weight: 400;\"> care te \u00eenva\u021b\u0103 c\u0103 pentru a-\u021bi atinge scopul propus trebuie s\u0103 parcurgi pa\u0219i mici \u0219i s\u0103 te bucuri de \u00eentreaga c\u0103l\u0103torie.<\/span><\/p>\n<p><strong>C\u00e2teva informa\u021bii pe care nu le \u0219tiai despre Manet<\/strong><\/p>\n<p><span style=\"font-weight: 400;\">Provenea dintr-o familie burghez\u0103 \u00eenst\u0103rit\u0103.<\/span><\/p>\n<p><span style=\"font-weight: 400;\">A avut o rela\u021bie cu profesoara de pian, o femeie mai \u00een v\u00e2rst\u0103 dec\u00e2t el cu care a avut \u0219i un copil.<\/span><\/p>\n<p><span style=\"font-weight: 400;\">P\u00e2n\u0103 la 12 ani, fiul s\u0103u credea despre el c\u0103 este na\u0219ul s\u0103u, iar c\u0103s\u0103toria cu profesoara de pian a \u0219ocat \u00eentreaga familie.<\/span><\/p>\n<p><span style=\"font-weight: 400;\">Unii critici de art\u0103 \u00eel consider\u0103 fondatorul artei moderne.<\/span><\/p>\n<p><span style=\"font-weight: 400;\">A pictat \u00een jur de 420 de tablouri.<\/span><\/p>\n<p><span style=\"font-weight: 400;\">A murit la 51 de ani, bolnav de sifilis.<\/span><\/p>\n<p><strong>Puzzle-urile de art\u0103 te relaxeaz\u0103 profund<\/strong><\/p>\n<p><span style=\"font-weight: 400;\">Puzzle-urile de art\u0103 \u00ee\u021bi ofer\u0103 satisfac\u021bia de a reconstitui opere de art\u0103 celebre \u0219i \u00een plus te ajut\u0103 s\u0103 intri \u00eentr-o profund\u0103 stare de relaxare. \u00cen felul acesta te vei bucura de mai multe avantaje, precum:<\/span><\/p>\n<p><span style=\"font-weight: 400;\">\u00cembun\u0103t\u0103\u021birea st\u0103rii de spirit.<\/span><\/p>\n<p><span style=\"font-weight: 400;\">Ameliorarea st\u0103rilor anxioase.<\/span><\/p>\n<p><span style=\"font-weight: 400;\">Eliberarea de tensiuni \u0219i stres.<\/span><\/p>\n<p><span style=\"font-weight: 400;\">Reconectarea cu tine \u00eensu\u021bi.<\/span><\/p>\n<p><span style=\"font-weight: 400;\">Cump\u0103r\u0103 acum puzzle 1000 piese \u00c9douard Manet &#8211; The Banks of the Seine at Argenteuil \u0219i profit\u0103 de toate avantajele pe care \u021bi le ofer\u0103 un puzzle de art\u0103! Completeaz\u0103-\u021bi colec\u021bia de tablouri de art\u0103 cu semn\u0103tura lui Manet cu acest uimitor puzzle de 1000 piese.<\/span><\/p>\n<p><span style=\"font-weight: 400;\">Dac\u0103 e\u0219ti \u00een pan\u0103 de idei de cadouri, puzzle de art\u0103 \u00c9douard Manet &#8211; The Banks of the Seine at Argenteuil te scoate din dificultate \u0219i le aduce mult\u0103 bucurie prietenilor t\u0103i pasiona\u021bi de jocuri puzzle.<\/span><\/p>\n","protected":false},"excerpt":{"rendered":"<p>\u00ce\u021bi dore\u0219ti momente de relaxare \u0219i deconectare de la ecrane? Asambleaz\u0103 puzzle-uri de art\u0103. Te \u021bin ocupat \u0219i te poart\u0103<\/p>\n","protected":false},"featured_media":63556,"template":"","meta":[],"product_brand":[],"product_cat":[1454,1488,1560],"product_tag":[],"class_list":{"0":"post-19164","1":"product","2":"type-product","3":"status-publish","4":"has-post-thumbnail","6":"product_cat-puzzle","7":"product_cat-puzzle-adulti","8":"product_cat-puzzle-adulti-1000","9":"pa_brand-d_toys","10":"pa_country_of_manufacture-ro","11":"pa_filter_age-1315","12":"pa_painter-edouardmanet","13":"pa_tip_ambalaj-cutie","14":"pa_tip_puzzle-clasic","16":"first","17":"instock","18":"taxable","19":"shipping-taxable","20":"product-type-simple"},"yoast_head":"<!-- This site is optimized with the Yoast SEO plugin v20.1 - https:\/\/yoast.com\/wordpress\/plugins\/seo\/ -->\n<title>Puzzle \u00c9douard Manet - The Banks of the Seine at Argenteuil - 1000 Piese<\/title>\n<meta name=\"description\" content=\"Puzzle \u00c9douard Manet - The Banks of the Seine at Argenteuil - 1000 Piese\" \/>\n<meta name=\"robots\" content=\"index, follow, max-snippet:-1, max-image-preview:large, max-video-preview:-1\" \/>\n<link rel=\"canonical\" href=\"https:\/\/www.roovi.ro\/puzzle-adulti-1000-piese-edouard-manet-the-banks-of-the-seine-at-argenteuil\/p\/\" \/>\n<meta property=\"og:locale\" content=\"ro_RO\" \/>\n<meta property=\"og:type\" content=\"article\" \/>\n<meta property=\"og:title\" content=\"Puzzle \u00c9douard Manet - The Banks of the Seine at Argenteuil - 1000 Piese\" \/>\n<meta property=\"og:description\" content=\"Puzzle \u00c9douard Manet - The Banks of the Seine at Argenteuil - 1000 Piese\" \/>\n<meta property=\"og:url\" content=\"https:\/\/www.roovi.ro\/puzzle-adulti-1000-piese-edouard-manet-the-banks-of-the-seine-at-argenteuil\/p\/\" \/>\n<meta property=\"og:site_name\" content=\"Roovi B2B\" \/>\n<meta property=\"article:publisher\" content=\"https:\/\/www.facebook.com\/wwwjucariero\" \/>\n<meta property=\"article:modified_time\" content=\"2025-03-17T11:57:15+00:00\" \/>\n<meta property=\"og:image\" content=\"https:\/\/business.roovi.com\/wp-content\/uploads\/2018\/09\/73068-MA-05-WEB.jpg\" \/>\n\t<meta property=\"og:image:width\" content=\"1200\" \/>\n\t<meta property=\"og:image:height\" content=\"1200\" \/>\n\t<meta property=\"og:image:type\" content=\"image\/jpeg\" \/>\n<meta name=\"twitter:label1\" content=\"Timp estimat pentru citire\" \/>\n\t<meta name=\"twitter:data1\" content=\"3 minute\" \/>\n<script type=\"application\/ld+json\" class=\"yoast-schema-graph\">{\"@context\":\"https:\/\/schema.org\",\"@graph\":[{\"@type\":\"WebPage\",\"@id\":\"https:\/\/business.roovi.com\/ro\/puzzle-adulti-1000-piese-edouard-manet-the-banks-of-the-seine-at-argenteuil\/p\/\",\"url\":\"https:\/\/www.roovi.ro\/puzzle-adulti-1000-piese-edouard-manet-the-banks-of-the-seine-at-argenteuil\/p\/\",\"name\":\"Puzzle \u00c9douard Manet - The Banks of the Seine at Argenteuil - 1000 Piese\",\"isPartOf\":{\"@id\":\"https:\/\/business.roovi.com\/ro\/#website\"},\"datePublished\":\"2018-09-04T08:48:05+00:00\",\"dateModified\":\"2025-03-17T11:57:15+00:00\",\"description\":\"Puzzle \u00c9douard Manet - The Banks of the Seine at Argenteuil - 1000 Piese\",\"breadcrumb\":{\"@id\":\"https:\/\/www.roovi.ro\/puzzle-adulti-1000-piese-edouard-manet-the-banks-of-the-seine-at-argenteuil\/p\/#breadcrumb\"},\"inLanguage\":\"ro-RO\",\"potentialAction\":[{\"@type\":\"ReadAction\",\"target\":[\"https:\/\/www.roovi.ro\/puzzle-adulti-1000-piese-edouard-manet-the-banks-of-the-seine-at-argenteuil\/p\/\"]}]},{\"@type\":\"BreadcrumbList\",\"@id\":\"https:\/\/www.roovi.ro\/puzzle-adulti-1000-piese-edouard-manet-the-banks-of-the-seine-at-argenteuil\/p\/#breadcrumb\",\"itemListElement\":[{\"@type\":\"ListItem\",\"position\":1,\"name\":\"Home\",\"item\":\"https:\/\/business.roovi.com\/ro\/\"},{\"@type\":\"ListItem\",\"position\":2,\"name\":\"Magazin\",\"item\":\"https:\/\/business.roovi.com\/ro\/magazin\/\"},{\"@type\":\"ListItem\",\"position\":3,\"name\":\"Puzzle adulti 1000 piese \u00c9douard Manet &#8211; The Banks of the Seine at Argenteuil\"}]},{\"@type\":\"WebSite\",\"@id\":\"https:\/\/business.roovi.com\/ro\/#website\",\"url\":\"https:\/\/business.roovi.com\/ro\/\",\"name\":\"Roovi B2B\",\"description\":\"Roovi Business Website\",\"potentialAction\":[{\"@type\":\"SearchAction\",\"target\":{\"@type\":\"EntryPoint\",\"urlTemplate\":\"https:\/\/business.roovi.com\/ro\/?s={search_term_string}\"},\"query-input\":\"required name=search_term_string\"}],\"inLanguage\":\"ro-RO\"}]}<\/script>\n<!-- \/ Yoast SEO plugin. -->","yoast_head_json":{"title":"Puzzle \u00c9douard Manet - The Banks of the Seine at Argenteuil - 1000 Piese","description":"Puzzle \u00c9douard Manet - The Banks of the Seine at Argenteuil - 1000 Piese","robots":{"index":"index","follow":"follow","max-snippet":"max-snippet:-1","max-image-preview":"max-image-preview:large","max-video-preview":"max-video-preview:-1"},"canonical":"https:\/\/www.roovi.ro\/puzzle-adulti-1000-piese-edouard-manet-the-banks-of-the-seine-at-argenteuil\/p\/","og_locale":"ro_RO","og_type":"article","og_title":"Puzzle \u00c9douard Manet - The Banks of the Seine at Argenteuil - 1000 Piese","og_description":"Puzzle \u00c9douard Manet - The Banks of the Seine at Argenteuil - 1000 Piese","og_url":"https:\/\/www.roovi.ro\/puzzle-adulti-1000-piese-edouard-manet-the-banks-of-the-seine-at-argenteuil\/p\/","og_site_name":"Roovi B2B","article_publisher":"https:\/\/www.facebook.com\/wwwjucariero","article_modified_time":"2025-03-17T11:57:15+00:00","og_image":[{"width":1200,"height":1200,"url":"https:\/\/business.roovi.com\/wp-content\/uploads\/2018\/09\/73068-MA-05-WEB.jpg","type":"image\/jpeg"}],"twitter_misc":{"Timp estimat pentru citire":"3 minute"},"schema":{"@context":"https:\/\/schema.org","@graph":[{"@type":"WebPage","@id":"https:\/\/business.roovi.com\/ro\/puzzle-adulti-1000-piese-edouard-manet-the-banks-of-the-seine-at-argenteuil\/p\/","url":"https:\/\/www.roovi.ro\/puzzle-adulti-1000-piese-edouard-manet-the-banks-of-the-seine-at-argenteuil\/p\/","name":"Puzzle \u00c9douard Manet - The Banks of the Seine at Argenteuil - 1000 Piese","isPartOf":{"@id":"https:\/\/business.roovi.com\/ro\/#website"},"datePublished":"2018-09-04T08:48:05+00:00","dateModified":"2025-03-17T11:57:15+00:00","description":"Puzzle \u00c9douard Manet - The Banks of the Seine at Argenteuil - 1000 Piese","breadcrumb":{"@id":"https:\/\/www.roovi.ro\/puzzle-adulti-1000-piese-edouard-manet-the-banks-of-the-seine-at-argenteuil\/p\/#breadcrumb"},"inLanguage":"ro-RO","potentialAction":[{"@type":"ReadAction","target":["https:\/\/www.roovi.ro\/puzzle-adulti-1000-piese-edouard-manet-the-banks-of-the-seine-at-argenteuil\/p\/"]}]},{"@type":"BreadcrumbList","@id":"https:\/\/www.roovi.ro\/puzzle-adulti-1000-piese-edouard-manet-the-banks-of-the-seine-at-argenteuil\/p\/#breadcrumb","itemListElement":[{"@type":"ListItem","position":1,"name":"Home","item":"https:\/\/business.roovi.com\/ro\/"},{"@type":"ListItem","position":2,"name":"Magazin","item":"https:\/\/business.roovi.com\/ro\/magazin\/"},{"@type":"ListItem","position":3,"name":"Puzzle adulti 1000 piese \u00c9douard Manet &#8211; The Banks of the Seine at Argenteuil"}]},{"@type":"WebSite","@id":"https:\/\/business.roovi.com\/ro\/#website","url":"https:\/\/business.roovi.com\/ro\/","name":"Roovi B2B","description":"Roovi Business Website","potentialAction":[{"@type":"SearchAction","target":{"@type":"EntryPoint","urlTemplate":"https:\/\/business.roovi.com\/ro\/?s={search_term_string}"},"query-input":"required name=search_term_string"}],"inLanguage":"ro-RO"}]}},"_links":{"self":[{"href":"https:\/\/business.roovi.com\/ro\/wp-json\/wp\/v2\/product\/19164","targetHints":{"allow":["GET"]}}],"collection":[{"href":"https:\/\/business.roovi.com\/ro\/wp-json\/wp\/v2\/product"}],"about":[{"href":"https:\/\/business.roovi.com\/ro\/wp-json\/wp\/v2\/types\/product"}],"version-history":[{"count":0,"href":"https:\/\/business.roovi.com\/ro\/wp-json\/wp\/v2\/product\/19164\/revisions"}],"wp:featuredmedia":[{"embeddable":true,"href":"https:\/\/business.roovi.com\/ro\/wp-json\/wp\/v2\/media\/63556"}],"wp:attachment":[{"href":"https:\/\/business.roovi.com\/ro\/wp-json\/wp\/v2\/media?parent=19164"}],"wp:term":[{"taxonomy":"product_brand","embeddable":true,"href":"https:\/\/business.roovi.com\/ro\/wp-json\/wp\/v2\/product_brand?post=19164"},{"taxonomy":"product_cat","embeddable":true,"href":"https:\/\/business.roovi.com\/ro\/wp-json\/wp\/v2\/product_cat?post=19164"},{"taxonomy":"product_tag","embeddable":true,"href":"https:\/\/business.roovi.com\/ro\/wp-json\/wp\/v2\/product_tag?post=19164"}],"curies":[{"name":"wp","href":"https:\/\/api.w.org\/{rel}","templated":true}]}}