{"id":19179,"date":"2018-09-04T09:57:02","date_gmt":"2018-09-04T09:57:02","guid":{"rendered":"https:\/\/business.roovi.com\/product\/puzzle-edgar-degas-the-dance-foyer-at-the-opera-1000-piese\/"},"modified":"2025-03-17T12:00:15","modified_gmt":"2025-03-17T12:00:15","slug":"puzzle-adulti-1000-piese-edgar-degas-the-dance-foyer-at-the-opera","status":"publish","type":"product","link":"https:\/\/business.roovi.com\/ro\/puzzle-adulti-1000-piese-edgar-degas-the-dance-foyer-at-the-opera\/p\/","title":{"rendered":"Puzzle adul\u021bi 1000 piese Edgar Degas &#8211; The Dance Foyer at The Opera"},"content":{"rendered":"<p><strong><em>Cau\u021bi un remediu care s\u0103 alunge plictiseala? Jocurile puzzle din colec\u021bia puzzle de art\u0103 te scot din starea de confort \u0219i-\u021bi dezv\u0103luie lumea fascinant\u0103 a picturilor celebre.<\/em><\/strong><\/p>\n<p><span style=\"font-weight: 400;\">Puzzle 1000 piese Edgar Degas &#8211; The Dance Foyer at The Opera red\u0103 imaginea unuia dintre celebrele tablouri ale pictorului francez fascinat de gra\u021bia balerinelor. Edgar Degas este recunoscut pentru m\u0103iestria cu care schi\u021ba fiecare gest, mi\u0219care sau pozi\u021bie a dansatoarelor, reunind apoi toate aceste elemente \u00een picturi de o elegan\u021b\u0103 uimitoare.<\/span><\/p>\n<p><span style=\"font-weight: 400;\">Un maestru \u00een reprezentarea mi\u0219c\u0103rii \u00een pictur\u0103, Degas a surprins \u00een tablourile sale pe l\u00e2ng\u0103 binecunoscutele balerine \u0219i femei care se \u00eemb\u0103iaz\u0103, \u0219i alte subiecte, precum cai de curse \u0219i a realizat diverse portrete. Acestea din urm\u0103 se remarc\u0103 prin complexitatea lor psihologic\u0103, iar uneori eviden\u021biaz\u0103 izolarea uman\u0103.<\/span><\/p>\n<p><span style=\"font-weight: 400;\">Asambleaz\u0103 puzzle 1000 piese The Dance Foyer at The Opera \u0219i admir\u0103 \u00een tihn\u0103 cele mai fine tu\u0219e ale unui tablou spectaculos. \u00cen plus, po\u021bi transforma imaginea \u00eentr-un tablou de colec\u021bie care va da o not\u0103 rafinat\u0103 casei tale.<\/span><\/p>\n<p><strong>Caracteristici puzzle 1000 piese Edgar Degas &#8211; The Dance Foyer at The Opera<\/strong><\/p>\n<p><strong>Dimensiune imagine reconstituit\u0103: 68 x 47 cm<\/strong><\/p>\n<p><strong>Material puzzle:\u00a0<\/strong><\/p>\n<p><strong>carton albastru de o calitate superioar\u0103<\/strong><\/p>\n<p><strong>materiale sustenabile, reciclabile<\/strong><\/p>\n<p><strong>finisaj semi-lucios, culori vii<\/strong><\/p>\n<p><strong>Num\u0103rul pieselor de puzzle: 1000<\/strong><\/p>\n<p><strong>V\u00e2rsta recomandat\u0103: 14+<\/strong><\/p>\n<p><span style=\"font-weight: 400;\">Jocurile puzzle sunt o modalitate uimitoare de relaxare \u0219i dezvoltare:<\/span><\/p>\n<ul>\n<li><span style=\"font-weight: 400;\">\u00ce\u021bi cultiv\u0103 aten\u021bia la detalii \u0219i perseveren\u021ba.<\/span><\/li>\n<li><span style=\"font-weight: 400;\">\u00ce\u021bi ofer\u0103 lec\u021bia r\u0103bd\u0103rii \u0219i satisfac\u021bia \u00eendeplinirii unui obiectiv precis.<\/span><\/li>\n<li><span style=\"font-weight: 400;\">Implic\u0103 ambele emisfere cerebrale \u0219i \u00ee\u021bi men\u021bine memoria ascu\u021bit\u0103.<\/span><\/li>\n<li><span style=\"font-weight: 400;\">Te deconecteaz\u0103 de la ecrane \u0219i te ajut\u0103 s\u0103 redescoperi bucuria lucrurilor simple.<\/span><\/li>\n<li><span style=\"font-weight: 400;\">Poate fi o modalitate de socializare \u0219i apropiere de cei dragi.<\/span><\/li>\n<\/ul>\n<p><strong>\u0218tiai c\u0103\u2026<\/strong><\/p>\n<p><span style=\"font-weight: 400;\">De\u0219i Edgar Degas este considerat unul dintre fondatorii impresionismului, el a respins acest termen, prefer\u00e2nd s\u0103 fie numit pictor realist.<\/span><\/p>\n<p><span style=\"font-weight: 400;\">Lucr\u0103rile sale dinamice \u0219i cu scene din locuri diverse sunt create \u00een atelier, \u0219i nu aer liber, a\u0219a cum le era specific impresioni\u0219tilor.<\/span><\/p>\n<p><span style=\"font-weight: 400;\">Degas a realizat, pe l\u00e2ng\u0103 picturi, \u0219i numeroase sculpturi \u00een bronz, gravuri \u0219i desene.\u00a0<\/span><\/p>\n<p><span style=\"font-weight: 400;\">\u00cen tinere\u021be, obi\u0219nuia s\u0103 copieze lucr\u0103ri celebre expuse la muzeul Luvru.<\/span><\/p>\n<p><span style=\"font-weight: 400;\">A fost toat\u0103 via\u021ba burlac \u0219i nu se cunosc prea multe detalii despre via\u021ba lui intim\u0103. Manet a declarat despre el c\u0103 este <\/span><span style=\"font-weight: 400;\">\u201c<\/span><span style=\"font-weight: 400;\">incapabil s\u0103 iubeasc\u0103 o femeie<\/span><span style=\"font-weight: 400;\">\u201d<\/span><span style=\"font-weight: 400;\">.<\/span><\/p>\n<p><strong>Puzzle 1000 piese The Dance Foyer at The Opera pentru o experien\u021b\u0103 de relaxare profund\u0103<\/strong><\/p>\n<p><span style=\"font-weight: 400;\">Activitatea de asamblare este o modalitatea de a ie\u0219i din rutina zilnic\u0103 \u0219i de a te relaxa \u00een mod profund. C\u0103ut\u00e2nd piesele potrivite, mintea ta se concentreaz\u0103 intens, iar toate g\u00e2ndurile negative \u0219i grijile cotidiene dispar ca prin farmec. Tr\u0103ie\u0219ti \u00een prezent \u0219i experimentezi o senza\u021bie de pace \u0219i deconectare de la agita\u021bia cotidian\u0103. \u00cen final, c\u00e2nd tabloul din puzzle 1000 piese e gata, e\u0219ti fericit \u0219i \u00eencrez\u0103tor \u00een for\u021bele proprii \u0219i \u00ee\u021bi dore\u0219ti s\u0103 repe\u021bi experien\u021ba la nesf\u00e2r\u0219it.<\/span><\/p>\n<p><span style=\"font-weight: 400;\">Ai o mul\u021bime de motive s\u0103 alegi puzzle de art\u0103 Edgar Degas &#8211; The Dance Foyer at The Opera. P\u0103streaz\u0103-l \u00een cas\u0103 \u0219i ref\u0103 imaginea ori de c\u00e2te ori sim\u021bi nevoia unei provoc\u0103ri creative, bucur\u0103-te de el \u00eempreun\u0103 cu familia sau cu prietenii sau pune-l sub bradul de Cr\u0103ciun \u0219i transform\u0103-l \u00eentr-un cadou minunat pentru pasiona\u021bii de jocuri puzzle.<\/span><\/p>\n","protected":false},"excerpt":{"rendered":"<p>Cau\u021bi un remediu care s\u0103 alunge plictiseala? Jocurile puzzle din colec\u021bia puzzle de art\u0103 te scot din starea de confort<\/p>\n","protected":false},"featured_media":63464,"template":"","meta":[],"product_brand":[],"product_cat":[1454,1488,1560],"product_tag":[],"class_list":{"0":"post-19179","1":"product","2":"type-product","3":"status-publish","4":"has-post-thumbnail","6":"product_cat-puzzle","7":"product_cat-puzzle-adulti","8":"product_cat-puzzle-adulti-1000","9":"pa_brand-d_toys","10":"pa_country_of_manufacture-ro","11":"pa_filter_age-1315","12":"pa_painter-edgardegas","13":"pa_tip_ambalaj-cutie","14":"pa_tip_puzzle-clasic","16":"first","17":"instock","18":"taxable","19":"shipping-taxable","20":"product-type-simple"},"yoast_head":"<!-- This site is optimized with the Yoast SEO plugin v20.1 - https:\/\/yoast.com\/wordpress\/plugins\/seo\/ -->\n<title>Puzzle Edgar Degas - The Dance Foyer at The Opera - 1000 Piese<\/title>\n<meta name=\"description\" content=\"Puzzle Edgar Degas - The Dance Foyer at The Opera - 1000 Piese\" \/>\n<meta name=\"robots\" content=\"index, follow, max-snippet:-1, max-image-preview:large, max-video-preview:-1\" \/>\n<link rel=\"canonical\" href=\"https:\/\/www.roovi.ro\/puzzle-adulti-1000-piese-edgar-degas-the-dance-foyer-at-the-opera\/p\/\" \/>\n<meta property=\"og:locale\" content=\"ro_RO\" \/>\n<meta property=\"og:type\" content=\"article\" \/>\n<meta property=\"og:title\" content=\"Puzzle Edgar Degas - The Dance Foyer at The Opera - 1000 Piese\" \/>\n<meta property=\"og:description\" content=\"Puzzle Edgar Degas - The Dance Foyer at The Opera - 1000 Piese\" \/>\n<meta property=\"og:url\" content=\"https:\/\/www.roovi.ro\/puzzle-adulti-1000-piese-edgar-degas-the-dance-foyer-at-the-opera\/p\/\" \/>\n<meta property=\"og:site_name\" content=\"Roovi B2B\" \/>\n<meta property=\"article:publisher\" content=\"https:\/\/www.facebook.com\/wwwjucariero\" \/>\n<meta property=\"article:modified_time\" content=\"2025-03-17T12:00:15+00:00\" \/>\n<meta property=\"og:image\" content=\"https:\/\/business.roovi.com\/wp-content\/uploads\/2018\/09\/72801-DE-03-WEB.jpg\" \/>\n\t<meta property=\"og:image:width\" content=\"1200\" \/>\n\t<meta property=\"og:image:height\" content=\"1200\" \/>\n\t<meta property=\"og:image:type\" content=\"image\/jpeg\" \/>\n<meta name=\"twitter:label1\" content=\"Timp estimat pentru citire\" \/>\n\t<meta name=\"twitter:data1\" content=\"3 minute\" \/>\n<script type=\"application\/ld+json\" class=\"yoast-schema-graph\">{\"@context\":\"https:\/\/schema.org\",\"@graph\":[{\"@type\":\"WebPage\",\"@id\":\"https:\/\/business.roovi.com\/ro\/puzzle-adulti-1000-piese-edgar-degas-the-dance-foyer-at-the-opera\/p\/\",\"url\":\"https:\/\/www.roovi.ro\/puzzle-adulti-1000-piese-edgar-degas-the-dance-foyer-at-the-opera\/p\/\",\"name\":\"Puzzle Edgar Degas - The Dance Foyer at The Opera - 1000 Piese\",\"isPartOf\":{\"@id\":\"https:\/\/business.roovi.com\/ro\/#website\"},\"datePublished\":\"2018-09-04T09:57:02+00:00\",\"dateModified\":\"2025-03-17T12:00:15+00:00\",\"description\":\"Puzzle Edgar Degas - The Dance Foyer at The Opera - 1000 Piese\",\"breadcrumb\":{\"@id\":\"https:\/\/www.roovi.ro\/puzzle-adulti-1000-piese-edgar-degas-the-dance-foyer-at-the-opera\/p\/#breadcrumb\"},\"inLanguage\":\"ro-RO\",\"potentialAction\":[{\"@type\":\"ReadAction\",\"target\":[\"https:\/\/www.roovi.ro\/puzzle-adulti-1000-piese-edgar-degas-the-dance-foyer-at-the-opera\/p\/\"]}]},{\"@type\":\"BreadcrumbList\",\"@id\":\"https:\/\/www.roovi.ro\/puzzle-adulti-1000-piese-edgar-degas-the-dance-foyer-at-the-opera\/p\/#breadcrumb\",\"itemListElement\":[{\"@type\":\"ListItem\",\"position\":1,\"name\":\"Home\",\"item\":\"https:\/\/business.roovi.com\/ro\/\"},{\"@type\":\"ListItem\",\"position\":2,\"name\":\"Magazin\",\"item\":\"https:\/\/business.roovi.com\/ro\/magazin\/\"},{\"@type\":\"ListItem\",\"position\":3,\"name\":\"Puzzle adul\u021bi 1000 piese Edgar Degas &#8211; The Dance Foyer at The Opera\"}]},{\"@type\":\"WebSite\",\"@id\":\"https:\/\/business.roovi.com\/ro\/#website\",\"url\":\"https:\/\/business.roovi.com\/ro\/\",\"name\":\"Roovi B2B\",\"description\":\"Roovi Business Website\",\"potentialAction\":[{\"@type\":\"SearchAction\",\"target\":{\"@type\":\"EntryPoint\",\"urlTemplate\":\"https:\/\/business.roovi.com\/ro\/?s={search_term_string}\"},\"query-input\":\"required name=search_term_string\"}],\"inLanguage\":\"ro-RO\"}]}<\/script>\n<!-- \/ Yoast SEO plugin. -->","yoast_head_json":{"title":"Puzzle Edgar Degas - The Dance Foyer at The Opera - 1000 Piese","description":"Puzzle Edgar Degas - The Dance Foyer at The Opera - 1000 Piese","robots":{"index":"index","follow":"follow","max-snippet":"max-snippet:-1","max-image-preview":"max-image-preview:large","max-video-preview":"max-video-preview:-1"},"canonical":"https:\/\/www.roovi.ro\/puzzle-adulti-1000-piese-edgar-degas-the-dance-foyer-at-the-opera\/p\/","og_locale":"ro_RO","og_type":"article","og_title":"Puzzle Edgar Degas - The Dance Foyer at The Opera - 1000 Piese","og_description":"Puzzle Edgar Degas - The Dance Foyer at The Opera - 1000 Piese","og_url":"https:\/\/www.roovi.ro\/puzzle-adulti-1000-piese-edgar-degas-the-dance-foyer-at-the-opera\/p\/","og_site_name":"Roovi B2B","article_publisher":"https:\/\/www.facebook.com\/wwwjucariero","article_modified_time":"2025-03-17T12:00:15+00:00","og_image":[{"width":1200,"height":1200,"url":"https:\/\/business.roovi.com\/wp-content\/uploads\/2018\/09\/72801-DE-03-WEB.jpg","type":"image\/jpeg"}],"twitter_misc":{"Timp estimat pentru citire":"3 minute"},"schema":{"@context":"https:\/\/schema.org","@graph":[{"@type":"WebPage","@id":"https:\/\/business.roovi.com\/ro\/puzzle-adulti-1000-piese-edgar-degas-the-dance-foyer-at-the-opera\/p\/","url":"https:\/\/www.roovi.ro\/puzzle-adulti-1000-piese-edgar-degas-the-dance-foyer-at-the-opera\/p\/","name":"Puzzle Edgar Degas - The Dance Foyer at The Opera - 1000 Piese","isPartOf":{"@id":"https:\/\/business.roovi.com\/ro\/#website"},"datePublished":"2018-09-04T09:57:02+00:00","dateModified":"2025-03-17T12:00:15+00:00","description":"Puzzle Edgar Degas - The Dance Foyer at The Opera - 1000 Piese","breadcrumb":{"@id":"https:\/\/www.roovi.ro\/puzzle-adulti-1000-piese-edgar-degas-the-dance-foyer-at-the-opera\/p\/#breadcrumb"},"inLanguage":"ro-RO","potentialAction":[{"@type":"ReadAction","target":["https:\/\/www.roovi.ro\/puzzle-adulti-1000-piese-edgar-degas-the-dance-foyer-at-the-opera\/p\/"]}]},{"@type":"BreadcrumbList","@id":"https:\/\/www.roovi.ro\/puzzle-adulti-1000-piese-edgar-degas-the-dance-foyer-at-the-opera\/p\/#breadcrumb","itemListElement":[{"@type":"ListItem","position":1,"name":"Home","item":"https:\/\/business.roovi.com\/ro\/"},{"@type":"ListItem","position":2,"name":"Magazin","item":"https:\/\/business.roovi.com\/ro\/magazin\/"},{"@type":"ListItem","position":3,"name":"Puzzle adul\u021bi 1000 piese Edgar Degas &#8211; The Dance Foyer at The Opera"}]},{"@type":"WebSite","@id":"https:\/\/business.roovi.com\/ro\/#website","url":"https:\/\/business.roovi.com\/ro\/","name":"Roovi B2B","description":"Roovi Business Website","potentialAction":[{"@type":"SearchAction","target":{"@type":"EntryPoint","urlTemplate":"https:\/\/business.roovi.com\/ro\/?s={search_term_string}"},"query-input":"required name=search_term_string"}],"inLanguage":"ro-RO"}]}},"_links":{"self":[{"href":"https:\/\/business.roovi.com\/ro\/wp-json\/wp\/v2\/product\/19179","targetHints":{"allow":["GET"]}}],"collection":[{"href":"https:\/\/business.roovi.com\/ro\/wp-json\/wp\/v2\/product"}],"about":[{"href":"https:\/\/business.roovi.com\/ro\/wp-json\/wp\/v2\/types\/product"}],"version-history":[{"count":0,"href":"https:\/\/business.roovi.com\/ro\/wp-json\/wp\/v2\/product\/19179\/revisions"}],"wp:featuredmedia":[{"embeddable":true,"href":"https:\/\/business.roovi.com\/ro\/wp-json\/wp\/v2\/media\/63464"}],"wp:attachment":[{"href":"https:\/\/business.roovi.com\/ro\/wp-json\/wp\/v2\/media?parent=19179"}],"wp:term":[{"taxonomy":"product_brand","embeddable":true,"href":"https:\/\/business.roovi.com\/ro\/wp-json\/wp\/v2\/product_brand?post=19179"},{"taxonomy":"product_cat","embeddable":true,"href":"https:\/\/business.roovi.com\/ro\/wp-json\/wp\/v2\/product_cat?post=19179"},{"taxonomy":"product_tag","embeddable":true,"href":"https:\/\/business.roovi.com\/ro\/wp-json\/wp\/v2\/product_tag?post=19179"}],"curies":[{"name":"wp","href":"https:\/\/api.w.org\/{rel}","templated":true}]}}