{"id":19184,"date":"2018-09-05T07:24:55","date_gmt":"2018-09-05T07:24:55","guid":{"rendered":"https:\/\/business.roovi.com\/product\/puzzle-james-tissot-the-shop-girl-1000-piese\/"},"modified":"2023-03-20T21:36:57","modified_gmt":"2023-03-20T21:36:57","slug":"puzzle-adulti-1000-piese-james-tissot-the-shop-girl","status":"publish","type":"product","link":"https:\/\/business.roovi.com\/ro\/puzzle-adulti-1000-piese-james-tissot-the-shop-girl\/p\/","title":{"rendered":"Puzzle adul\u021bi 1000 piese James Tissot &#8211; The Shop Girl"},"content":{"rendered":"<p><span style=\"font-weight: 400;\">\u00ce\u021bi dore\u0219ti o provocare demn\u0103 de un pasionat de puzzle? Alege puzzle-uri de 1000 piese din cea mai mare colec\u021bie de puzzle-uri de art\u0103 produse \u00een Rom\u00e2nia \u0219i pune-\u021bi la \u00eencercare toate abilit\u0103\u021bile de asamblare.<\/span><\/p>\n<p><span style=\"font-weight: 400;\">Puzzle de art\u0103 James Tissot &#8211; The Shop Girl este imaginea tabloului omonim ce reflect\u0103 stilul inconfundabil al artistului pasionat de redarea lumii materiale \u00een lucr\u0103ri de art\u0103. Tabloul \u00eenf\u0103\u021bi\u0219eaz\u0103 o t\u00e2n\u0103r\u0103 femeie care se afl\u0103 \u00eentr-un magazin care vinde panglici \u0219i materiale pentru rochii. \u00centr-o m\u00e2n\u0103, ea \u00ee\u0219i \u021bine pachetul pe care probabil abia l-a cump\u0103rat, iar cu cealalt\u0103 m\u00e2n\u0103 \u021bine u\u0219a deschis\u0103, invit\u00e2nd privitorul s\u0103 ias\u0103 afar\u0103 din magazin.<\/span><\/p>\n<p><span style=\"font-weight: 400;\">\u00cen interiorul magazinului, o t\u00e2n\u0103r\u0103 v\u00e2nz\u0103toare caut\u0103 ceva pe un raft de sus, iar de afar\u0103 un domn bine \u00eembr\u0103cat o prive\u0219te, admir\u00e2ndu-i formele. Artistul pare s\u0103 fi creat un moment erotizat, dintr-un Paris de secol XIX modern, dominat de mod\u0103 \u0219i consumerism.<\/span><\/p>\n<p><span style=\"font-weight: 400;\">Po\u021bi deslu\u0219i tainele \u0219i simbolurile acestui minunat tablou dac\u0103 accep\u021bi s\u0103 te aventurezi \u00een asamblarea lui. Pentru suportul pieselor po\u021bi utiliza o m\u0103su\u021b\u0103 standard de cafea. Imaginea reconstituit\u0103 are dimensiunile de 50 x 70 cm.<\/span><\/p>\n<p><span style=\"font-weight: 400;\">Alte caracteristici ale puzzle-ului de art\u0103 James Tissot &#8211; The Shop Girl:<\/span><\/p>\n<p><strong>Material puzzle:\u00a0<\/strong><\/p>\n<p><strong>carton albastru de o calitate superioar\u0103<\/strong><\/p>\n<p><strong>materiale sustenabile, reciclabile<\/strong><\/p>\n<p><strong>finisaj semi-lucios, culori vii<\/strong><\/p>\n<p><strong>Num\u0103rul pieselor de puzzle: 1000<\/strong><\/p>\n<p><strong>V\u00e2rsta recomandat\u0103: 14+<\/strong><\/p>\n<p><strong>4 beneficii pe care \u021bi le ofer\u0103 jocurile puzzle<\/strong><\/p>\n<p><strong>Te ajut\u0103 s\u0103 te reconectezi cu tine \u00eensu\u021bi. <\/strong><span style=\"font-weight: 400;\">Zi de zi e\u0219ti ancorat \u00een agita\u021bia exterioar\u0103 care te epuizeaz\u0103 \u0219i \u00ee\u021bi ia toat\u0103 energia. Dac\u0103 vrei s\u0103 te reconectezi cu tine \u00eensu\u021bi \u0219i s\u0103 ai c\u00e2teva momente de lini\u0219te \u0219i introspec\u021bie, un puzzle de art\u0103 este solu\u021bia perfect\u0103.<\/span><\/p>\n<p><strong>\u00ce\u021bi \u00eembun\u0103t\u0103\u021besc memoria pe termen scurt. <\/strong><span style=\"font-weight: 400;\">Ui\u021bi adesea unde \u00ee\u021bi la\u0219i cheile sau nu mai \u0219tii unde ai l\u0103sat ma\u0219ina \u00een parcarea supermarketului? Jocurile puzzle sunt ideale pentru a-\u021bi revigora memoria. Aloc\u0103 zilnic cel pu\u021bin 30 de minute acestei activit\u0103\u021bi relaxante \u0219i vei constata c\u00e2t de mult te ajut\u0103.<\/span><\/p>\n<p><strong>Te ajut\u0103 s\u0103 ai un somn odihnitor.<\/strong><span style=\"font-weight: 400;\"> Puzzle-urile de 1000 piese te ajut\u0103 s\u0103 \u00ee\u021bi eliberezi mintea de grijile cotidiene \u0219i s\u0103-\u021bi pui ordine \u00een propriile g\u00e2nduri. Asambleaz\u0103 puzzle \u00eenainte de culcare \u0219i vei constata c\u0103 somnul t\u0103u va fi mult mai odihnitor.\u00a0<\/span><\/p>\n<p><strong>\u00ce\u021bi dau o stare de bine.<\/strong><span style=\"font-weight: 400;\"> Motivul pentru care te sim\u021bi optimist \u0219i fericit atunci c\u00e2nd faci puzzle 1000 piese este legat de dopamin\u0103. \u00cen timpul acestei activit\u0103\u021bi relaxante, creierul t\u0103u secret\u0103 o cantitate mai mare din substan\u021ba care este responsabil\u0103 de fericire.\u00a0<\/span><\/p>\n<p><strong>Despre James Tissot \u0219tiai c\u0103?<\/strong><\/p>\n<p><span style=\"font-weight: 400;\">A fost un pictor francez care a tr\u0103it mult timp \u00een Anglia unde a fost recunoscut drept pictorul \u00eenaltei societ\u0103\u021bi din perioada victorian\u0103.<\/span><\/p>\n<p><span style=\"font-weight: 400;\">A luptat \u00een r\u0103zboiul franco-prusac.\u00a0<\/span><\/p>\n<p><span style=\"font-weight: 400;\">A fost influen\u021bat \u0219i de arta japonez\u0103. \u00cen unele dintre lucr\u0103rile sale apar obiecte \u0219i costume japoneze.<\/span><\/p>\n<p><span style=\"font-weight: 400;\">Dup\u0103 1885, \u00een urma unei experien\u021be mistice, a \u00eenceput s\u0103 ilustreze via\u021ba lui Iisus. A c\u0103l\u0103torit \u00een \u021aara Sf\u00e2nt\u0103 \u0219i a realizat \u00een jur de 350 de picturi cu teme din Noul Testament.<\/span><\/p>\n<p><span style=\"font-weight: 400;\">Operele sale, \u00een special cele cu teme religioase, au fost utilizate frecvent \u00een ilustra\u021bii \u0219i filme.<\/span><\/p>\n<p><strong>Puzzle de art\u0103 James Tissot &#8211; The Shop Girl \u00ee\u021bi ofer\u0103 momente de relaxare al\u0103turi de cei dragi<\/strong><\/p>\n<p><span style=\"font-weight: 400;\">E weekend \u0219i e vreme rea, de stat \u00een cas\u0103? Puzzle 1000 piese James Tissot &#8211; The Shop Girl te ajut\u0103 s\u0103 spargi monotonia \u0219i s\u0103-\u021bi petreci timpul \u00een mod creativ. Cheam\u0103-\u021bi ga\u0219ca de prieteni, preg\u0103te\u0219te cea mai aromat\u0103 ciocolat\u0103 cald\u0103 \u0219i \u00eencepe\u021bi s\u0103 lucra\u021bi la prima oper\u0103 de art\u0103 din puzzle 1000 piese!<\/span><\/p>\n<p><span style=\"font-weight: 400;\">S\u0103 compui o capodoper\u0103 artistic\u0103 din puzzle de art\u0103 este o modalitate excelent\u0103 s\u0103 te apropii de cei dragi sau s\u0103 faci echip\u0103 bun\u0103 cu cei mai buni prieteni.<\/span><\/p>\n<p><span style=\"font-weight: 400;\">Cump\u0103r\u0103 acum puzzle 1000 piese James Tissot &#8211; The Shop Girl \u0219i bucur\u0103-te de timp de calitate al\u0103turi de cei dragi. Reconstituie imaginea uimitoare din acest minunat puzzle de art\u0103 \u0219i admir\u0103 zi de zi o lucrare de art\u0103 fascinant\u0103.<\/span><\/p>\n<p><span style=\"font-weight: 400;\">Cau\u021bi un cadou pentru un prieten drag \u0219i nu ai inspira\u021bie? Puzzle de art\u0103 James Tissot &#8211; The Shop Girl te scoate din dificultate. Ofer\u0103-l \u00een dar cu diverse ocazii de s\u0103rb\u0103toare \u0219i adu z\u00e2mbete pe chipurile prietenilor t\u0103i.<\/span><\/p>\n<p>\u00a0<\/p>\n","protected":false},"excerpt":{"rendered":"<p>\u00ce\u021bi dore\u0219ti o provocare demn\u0103 de un pasionat de puzzle? Alege puzzle-uri de 1000 piese din cea mai mare colec\u021bie<\/p>\n","protected":false},"featured_media":19180,"template":"","meta":[],"product_brand":[],"product_cat":[1454,1488,1560],"product_tag":[],"class_list":{"0":"post-19184","1":"product","2":"type-product","3":"status-publish","4":"has-post-thumbnail","6":"product_cat-puzzle","7":"product_cat-puzzle-adulti","8":"product_cat-puzzle-adulti-1000","9":"pa_brand-d_toys","10":"pa_country_of_manufacture-ro","11":"pa_filter_age-1315","12":"pa_painter-jamestissot","13":"pa_tip_ambalaj-cutie","14":"pa_tip_puzzle-clasic","16":"first","17":"instock","18":"taxable","19":"shipping-taxable","20":"product-type-simple"},"yoast_head":"<!-- This site is optimized with the Yoast SEO plugin v20.1 - https:\/\/yoast.com\/wordpress\/plugins\/seo\/ -->\n<title>Puzzle James Tissot - The Shop Girl - 1000 Piese<\/title>\n<meta name=\"description\" content=\"Puzzle James Tissot - The Shop Girl - 1000 Piese\" \/>\n<meta name=\"robots\" content=\"index, follow, max-snippet:-1, max-image-preview:large, max-video-preview:-1\" \/>\n<link rel=\"canonical\" href=\"https:\/\/www.roovi.ro\/puzzle-adulti-1000-piese-james-tissot-the-shop-girl\/p\/\" \/>\n<meta property=\"og:locale\" content=\"ro_RO\" \/>\n<meta property=\"og:type\" content=\"article\" \/>\n<meta property=\"og:title\" content=\"Puzzle James Tissot - The Shop Girl - 1000 Piese\" \/>\n<meta property=\"og:description\" content=\"Puzzle James Tissot - The Shop Girl - 1000 Piese\" \/>\n<meta property=\"og:url\" content=\"https:\/\/www.roovi.ro\/puzzle-adulti-1000-piese-james-tissot-the-shop-girl\/p\/\" \/>\n<meta property=\"og:site_name\" content=\"Roovi B2B\" \/>\n<meta property=\"article:publisher\" content=\"https:\/\/www.facebook.com\/wwwjucariero\" \/>\n<meta property=\"article:modified_time\" content=\"2023-03-20T21:36:57+00:00\" \/>\n<meta property=\"og:image\" content=\"https:\/\/business.roovi.com\/wp-content\/uploads\/2018\/09\/p1000_73822co01-72771ti03_64x88_r700_no_stanc2.jpg\" \/>\n\t<meta property=\"og:image:width\" content=\"1200\" \/>\n\t<meta property=\"og:image:height\" content=\"1200\" \/>\n\t<meta property=\"og:image:type\" content=\"image\/jpeg\" \/>\n<meta name=\"twitter:label1\" content=\"Timp estimat pentru citire\" \/>\n\t<meta name=\"twitter:data1\" content=\"4 minute\" \/>\n<script type=\"application\/ld+json\" class=\"yoast-schema-graph\">{\"@context\":\"https:\/\/schema.org\",\"@graph\":[{\"@type\":\"WebPage\",\"@id\":\"https:\/\/business.roovi.com\/ro\/puzzle-adulti-1000-piese-james-tissot-the-shop-girl\/p\/\",\"url\":\"https:\/\/www.roovi.ro\/puzzle-adulti-1000-piese-james-tissot-the-shop-girl\/p\/\",\"name\":\"Puzzle James Tissot - The Shop Girl - 1000 Piese\",\"isPartOf\":{\"@id\":\"https:\/\/business.roovi.com\/ro\/#website\"},\"datePublished\":\"2018-09-05T07:24:55+00:00\",\"dateModified\":\"2023-03-20T21:36:57+00:00\",\"description\":\"Puzzle James Tissot - The Shop Girl - 1000 Piese\",\"breadcrumb\":{\"@id\":\"https:\/\/www.roovi.ro\/puzzle-adulti-1000-piese-james-tissot-the-shop-girl\/p\/#breadcrumb\"},\"inLanguage\":\"ro-RO\",\"potentialAction\":[{\"@type\":\"ReadAction\",\"target\":[\"https:\/\/www.roovi.ro\/puzzle-adulti-1000-piese-james-tissot-the-shop-girl\/p\/\"]}]},{\"@type\":\"BreadcrumbList\",\"@id\":\"https:\/\/www.roovi.ro\/puzzle-adulti-1000-piese-james-tissot-the-shop-girl\/p\/#breadcrumb\",\"itemListElement\":[{\"@type\":\"ListItem\",\"position\":1,\"name\":\"Home\",\"item\":\"https:\/\/business.roovi.com\/ro\/\"},{\"@type\":\"ListItem\",\"position\":2,\"name\":\"Magazin\",\"item\":\"https:\/\/business.roovi.com\/ro\/magazin\/\"},{\"@type\":\"ListItem\",\"position\":3,\"name\":\"Puzzle adul\u021bi 1000 piese James Tissot &#8211; The Shop Girl\"}]},{\"@type\":\"WebSite\",\"@id\":\"https:\/\/business.roovi.com\/ro\/#website\",\"url\":\"https:\/\/business.roovi.com\/ro\/\",\"name\":\"Roovi B2B\",\"description\":\"Roovi Business Website\",\"potentialAction\":[{\"@type\":\"SearchAction\",\"target\":{\"@type\":\"EntryPoint\",\"urlTemplate\":\"https:\/\/business.roovi.com\/ro\/?s={search_term_string}\"},\"query-input\":\"required name=search_term_string\"}],\"inLanguage\":\"ro-RO\"}]}<\/script>\n<!-- \/ Yoast SEO plugin. -->","yoast_head_json":{"title":"Puzzle James Tissot - The Shop Girl - 1000 Piese","description":"Puzzle James Tissot - The Shop Girl - 1000 Piese","robots":{"index":"index","follow":"follow","max-snippet":"max-snippet:-1","max-image-preview":"max-image-preview:large","max-video-preview":"max-video-preview:-1"},"canonical":"https:\/\/www.roovi.ro\/puzzle-adulti-1000-piese-james-tissot-the-shop-girl\/p\/","og_locale":"ro_RO","og_type":"article","og_title":"Puzzle James Tissot - The Shop Girl - 1000 Piese","og_description":"Puzzle James Tissot - The Shop Girl - 1000 Piese","og_url":"https:\/\/www.roovi.ro\/puzzle-adulti-1000-piese-james-tissot-the-shop-girl\/p\/","og_site_name":"Roovi B2B","article_publisher":"https:\/\/www.facebook.com\/wwwjucariero","article_modified_time":"2023-03-20T21:36:57+00:00","og_image":[{"width":1200,"height":1200,"url":"https:\/\/business.roovi.com\/wp-content\/uploads\/2018\/09\/p1000_73822co01-72771ti03_64x88_r700_no_stanc2.jpg","type":"image\/jpeg"}],"twitter_misc":{"Timp estimat pentru citire":"4 minute"},"schema":{"@context":"https:\/\/schema.org","@graph":[{"@type":"WebPage","@id":"https:\/\/business.roovi.com\/ro\/puzzle-adulti-1000-piese-james-tissot-the-shop-girl\/p\/","url":"https:\/\/www.roovi.ro\/puzzle-adulti-1000-piese-james-tissot-the-shop-girl\/p\/","name":"Puzzle James Tissot - The Shop Girl - 1000 Piese","isPartOf":{"@id":"https:\/\/business.roovi.com\/ro\/#website"},"datePublished":"2018-09-05T07:24:55+00:00","dateModified":"2023-03-20T21:36:57+00:00","description":"Puzzle James Tissot - The Shop Girl - 1000 Piese","breadcrumb":{"@id":"https:\/\/www.roovi.ro\/puzzle-adulti-1000-piese-james-tissot-the-shop-girl\/p\/#breadcrumb"},"inLanguage":"ro-RO","potentialAction":[{"@type":"ReadAction","target":["https:\/\/www.roovi.ro\/puzzle-adulti-1000-piese-james-tissot-the-shop-girl\/p\/"]}]},{"@type":"BreadcrumbList","@id":"https:\/\/www.roovi.ro\/puzzle-adulti-1000-piese-james-tissot-the-shop-girl\/p\/#breadcrumb","itemListElement":[{"@type":"ListItem","position":1,"name":"Home","item":"https:\/\/business.roovi.com\/ro\/"},{"@type":"ListItem","position":2,"name":"Magazin","item":"https:\/\/business.roovi.com\/ro\/magazin\/"},{"@type":"ListItem","position":3,"name":"Puzzle adul\u021bi 1000 piese James Tissot &#8211; The Shop Girl"}]},{"@type":"WebSite","@id":"https:\/\/business.roovi.com\/ro\/#website","url":"https:\/\/business.roovi.com\/ro\/","name":"Roovi B2B","description":"Roovi Business Website","potentialAction":[{"@type":"SearchAction","target":{"@type":"EntryPoint","urlTemplate":"https:\/\/business.roovi.com\/ro\/?s={search_term_string}"},"query-input":"required name=search_term_string"}],"inLanguage":"ro-RO"}]}},"_links":{"self":[{"href":"https:\/\/business.roovi.com\/ro\/wp-json\/wp\/v2\/product\/19184","targetHints":{"allow":["GET"]}}],"collection":[{"href":"https:\/\/business.roovi.com\/ro\/wp-json\/wp\/v2\/product"}],"about":[{"href":"https:\/\/business.roovi.com\/ro\/wp-json\/wp\/v2\/types\/product"}],"version-history":[{"count":0,"href":"https:\/\/business.roovi.com\/ro\/wp-json\/wp\/v2\/product\/19184\/revisions"}],"wp:featuredmedia":[{"embeddable":true,"href":"https:\/\/business.roovi.com\/ro\/wp-json\/wp\/v2\/media\/19180"}],"wp:attachment":[{"href":"https:\/\/business.roovi.com\/ro\/wp-json\/wp\/v2\/media?parent=19184"}],"wp:term":[{"taxonomy":"product_brand","embeddable":true,"href":"https:\/\/business.roovi.com\/ro\/wp-json\/wp\/v2\/product_brand?post=19184"},{"taxonomy":"product_cat","embeddable":true,"href":"https:\/\/business.roovi.com\/ro\/wp-json\/wp\/v2\/product_cat?post=19184"},{"taxonomy":"product_tag","embeddable":true,"href":"https:\/\/business.roovi.com\/ro\/wp-json\/wp\/v2\/product_tag?post=19184"}],"curies":[{"name":"wp","href":"https:\/\/api.w.org\/{rel}","templated":true}]}}