{"id":19199,"date":"2018-09-05T09:37:32","date_gmt":"2018-09-05T09:37:32","guid":{"rendered":"https:\/\/business.roovi.com\/product\/puzzle-high-difficulty-vegetables-1000-piese\/"},"modified":"2023-03-20T21:36:54","modified_gmt":"2023-03-20T21:36:54","slug":"puzzle-adulti-1000-piese-high-difficulty-vegetables-legume","status":"publish","type":"product","link":"https:\/\/business.roovi.com\/ro\/puzzle-adulti-1000-piese-high-difficulty-vegetables-legume\/p\/","title":{"rendered":"Puzzle adul\u021bi 1000 piese High Difficulty &#8211; Vegetables \/ Legume"},"content":{"rendered":"<p><span style=\"font-weight: 400;\">Pune-\u021bi ordine \u00een g\u00e2nduri, pies\u0103 cu pies\u0103, cu un puzzle 1000 de dificultate ridicat\u0103. Completeaz\u0103 o imagine vibrant\u0103, cu multe legume \u00een nuan\u021be apropiate de ro\u0219u \u0219i bucur\u0103-te de multe ore de relaxare \u0219i introspec\u021bie.<\/span><\/p>\n<p><span style=\"font-weight: 400;\">Puzzle 1000 piese Vegetables\/Legume din colec\u021bia High difficulty te poart\u0103 cu pa\u0219i siguri spre un nivel superior a jocurilor puzzle. O mul\u021bime de legume, de un ro\u0219u intens te \u021bin conectat la o activitate relaxant\u0103 \u0219i creativ\u0103.<\/span><\/p>\n<p><span style=\"font-weight: 400;\">Imagineaz\u0103-\u021bi c\u0103 mergi la pia\u021b\u0103 \u0219i \u00ee\u021bi alegi legume coapte din care \u00ee\u021bi prepari cea mai delicioas\u0103 salat\u0103 de var\u0103. Cam la fel este \u0219i acest puzzle 1000 piese: alegi calm, cu r\u0103bdare \u0219i aten\u021bie piesele potrivite pentru a \u00eentregi imaginea. La final, compui un tablou ce-\u021bi transmite prospe\u021bime \u0219i vitalitate. Celebreaz\u0103-\u021bi munca pun\u00e2ndu-l \u00een ram\u0103. Va da un plus de culoare oric\u0103rui loc banal din casa ta. \u0218i-n plus, \u00ee\u021bi va aminti mereu c\u0103 po\u021bi face orice \u00ee\u021bi dore\u0219ti cu adev\u0103rat.<\/span><\/p>\n<p><span style=\"font-weight: 400;\">Caracteristici puzzle 1000 piese High difficulty &#8211; Vegetables:<\/span><\/p>\n<p><strong>Dimensiuni imagine asamblat\u0103: 47 x 68 cm<\/strong><\/p>\n<p><strong>Material puzzle:\u00a0<\/strong><\/p>\n<p><strong>carton albastru de o calitate superioar\u0103<\/strong><\/p>\n<p><strong>materiale sustenabile, reciclabile<\/strong><\/p>\n<p><strong>finisaj semi-lucios, culori vii<\/strong><\/p>\n<p><strong>Num\u0103rul pieselor de puzzle: 1000<\/strong><\/p>\n<p><strong>V\u00e2rsta recomandat\u0103: 14+<\/strong><\/p>\n<p><span style=\"font-weight: 400;\">Asamblarea unui puzzle 1000 piese de dificultate ridicat\u0103 are foarte multe beneficii ce se reflect\u0103 pe mai multe planuri:<\/span><\/p>\n<ul>\n<li><span style=\"font-weight: 400;\">\u00ce\u021bi men\u021bine concentrarea pe o singur\u0103 sarcin\u0103 pentru mai mult timp.<\/span><\/li>\n<li><span style=\"font-weight: 400;\">\u00ce\u021bi cultiv\u0103 r\u0103bdarea.<\/span><\/li>\n<li><span style=\"font-weight: 400;\">Este o activitate relaxant\u0103 \u0219i distractiv\u0103.<\/span><\/li>\n<li><span style=\"font-weight: 400;\">Te deconecteaz\u0103 de la ecrane pentru un timp \u00eendelungat.<\/span><\/li>\n<li><span style=\"font-weight: 400;\">Poate fi un prilej de socializare \u0219i conectare cu cei dragi.<\/span><\/li>\n<\/ul>\n<p><strong>De ce s\u0103 alegi puzzle 1000 piese &#8211; Legume din colec\u021bia puzzle de dificultate ridicat\u0103?<\/strong><\/p>\n<p><span style=\"font-weight: 400;\">\u00ce\u021bi provoac\u0103 mintea \u0219i \u00ee\u021bi men\u021bine memoria ascu\u021bit\u0103.<\/span><\/p>\n<p><span style=\"font-weight: 400;\">\u00ce\u021bi antrenezi abilit\u0103\u021bile de refacere a imaginilor din puzzle 1000 piese \u0219i \u00ee\u021bi etalezi m\u0103iestria \u00een fa\u021ba prietenilor.<\/span><\/p>\n<p><span style=\"font-weight: 400;\">Stimuleaz\u0103 secre\u021bia de dopamin\u0103 la nivel cerebral \u0219i \u00ee\u021bi dau o stare de bine.<\/span><\/p>\n<p><span style=\"font-weight: 400;\">Te eliberezi de stres \u0219i tr\u0103ie\u0219ti o senza\u021bie de satisfac\u021bie uimitoare odat\u0103 ce lipe\u0219ti ultima pies\u0103.<\/span><\/p>\n<p><span style=\"font-weight: 400;\">Piesele de puzzle sunt t\u0103iate cu precizie \u0219i se \u00eembin\u0103 perfect, astfel \u00eenc\u00e2t imaginea complet\u0103 poate fi un tablou decorativ de excep\u021bie.<\/span><\/p>\n<p><strong>\u0218tiai c\u0103\u2026?<\/strong><\/p>\n<p><span style=\"font-weight: 400;\">Cel mai popular suc din lume este sucul de ro\u0219ii.<\/span><\/p>\n<p><span style=\"font-weight: 400;\">Exist\u0103 aproximativ 10.000 de soiuri de ro\u0219ii \u00een \u00eentreaga lume.<\/span><\/p>\n<p><span style=\"font-weight: 400;\">Ardeiul gras con\u021bine siliciu, o substan\u021b\u0103 care \u00eent\u0103re\u0219te unghiile \u0219i p\u0103rul.<\/span><\/p>\n<p><span style=\"font-weight: 400;\">Un ardei mare, ro\u0219u, con\u021bine de dou\u0103 ori mai mult\u0103 vitamina C dec\u00e2t o portocal\u0103.<\/span><\/p>\n<p><span style=\"font-weight: 400;\">Primii care au cultivat ardei iute au fost aztecii \u0219i maya\u0219ii.<\/span><\/p>\n<p><strong>Puzzle 1000 piese de dificultate ridicat\u0103 celebreaz\u0103 momentul prezent<\/strong><\/p>\n<p><span style=\"font-weight: 400;\">Atunci c\u00e2nd te concentrezi la piesele jocului puzzle, la formele \u0219i nuan\u021bele acestora, mintea ta este conectat\u0103 la momentul prezent. E\u0219ti aici \u0219i acum, ref\u0103c\u00e2nd o imagine \u0219i doar at\u00e2t. Nimic altceva nu conteaz\u0103, niciun alt g\u00e2nd nu \u00ee\u021bi invadeaz\u0103 mintea.<\/span><\/p>\n<p><span style=\"font-weight: 400;\">C\u00e2nd lipe\u0219ti ultima pies\u0103, te sim\u021bi fericit \u0219i mul\u021bumit de tine \u00eensu\u021bi \u0219i \u00ee\u021bi dore\u0219ti s\u0103 retr\u0103ie\u0219te momentele acestea. Astfel, puzzle 1000 piese de dificultate ridicat\u0103 \u00ee\u021bi ofer\u0103 o experien\u021b\u0103 uimitoare care te relaxeaz\u0103 \u0219i \u00ee\u021bi aduce fericire \u0219i optimism.<\/span><\/p>\n<p><span style=\"font-weight: 400;\">Pentru momentele \u00een care vrei s\u0103 fii singur \u0219i s\u0103 te destinzi asambl\u00e2nd un joc puzzle deosebit sau pentru zilele \u00een care vrei s\u0103 le testezi aten\u021bia la detalii prietenilor t\u0103i, puzzle 1000 piese High Difficult &#8211; Vegetables \/ Legume este perfect.<\/span><\/p>\n<p><span style=\"font-weight: 400;\">De asemenea, acest puzzle 1000 piese plin de culoare \u0219i prospe\u021bime poate fi un cadou potrivit pentru s\u0103rb\u0103tori sau cu diverse ocazii aniversare.<\/span><\/p>\n<p>\u00a0<\/p>\n","protected":false},"excerpt":{"rendered":"<p>Pune-\u021bi ordine \u00een g\u00e2nduri, pies\u0103 cu pies\u0103, cu un puzzle 1000 de dificultate ridicat\u0103. Completeaz\u0103 o imagine vibrant\u0103, cu multe<\/p>\n","protected":false},"featured_media":19185,"template":"","meta":[],"product_brand":[],"product_cat":[1454,1488,1560],"product_tag":[],"class_list":{"0":"post-19199","1":"product","2":"type-product","3":"status-publish","4":"has-post-thumbnail","6":"product_cat-puzzle","7":"product_cat-puzzle-adulti","8":"product_cat-puzzle-adulti-1000","9":"pa_brand-d_toys","10":"pa_country_of_manufacture-ro","11":"pa_filter_age-1315","12":"pa_painter-highdifficulty","13":"pa_tip_ambalaj-cutie","14":"pa_tip_puzzle-clasic","16":"first","17":"instock","18":"taxable","19":"shipping-taxable","20":"product-type-simple"},"yoast_head":"<!-- This site is optimized with the Yoast SEO plugin v20.1 - https:\/\/yoast.com\/wordpress\/plugins\/seo\/ -->\n<title>Puzzle - High Difficulty - Vegetables - 1000 Piese<\/title>\n<meta name=\"description\" content=\"Puzzle - High Difficulty - Vegetables - 1000 Piese\" \/>\n<meta name=\"robots\" content=\"index, follow, max-snippet:-1, max-image-preview:large, max-video-preview:-1\" \/>\n<link rel=\"canonical\" href=\"https:\/\/www.roovi.ro\/puzzle-adulti-1000-piese-high-difficulty-vegetables-legume\/p\/\" \/>\n<meta property=\"og:locale\" content=\"ro_RO\" \/>\n<meta property=\"og:type\" content=\"article\" \/>\n<meta property=\"og:title\" content=\"Puzzle - High Difficulty - Vegetables - 1000 Piese\" \/>\n<meta property=\"og:description\" content=\"Puzzle - High Difficulty - Vegetables - 1000 Piese\" \/>\n<meta property=\"og:url\" content=\"https:\/\/www.roovi.ro\/puzzle-adulti-1000-piese-high-difficulty-vegetables-legume\/p\/\" \/>\n<meta property=\"og:site_name\" content=\"Roovi B2B\" \/>\n<meta property=\"article:publisher\" content=\"https:\/\/www.facebook.com\/wwwjucariero\" \/>\n<meta property=\"article:modified_time\" content=\"2023-03-20T21:36:54+00:00\" \/>\n<meta property=\"og:image\" content=\"https:\/\/business.roovi.com\/wp-content\/uploads\/2018\/09\/71958-03-ansamblu_dimensiuni-cutie-cm_orizontal.png\" \/>\n\t<meta property=\"og:image:width\" content=\"820\" \/>\n\t<meta property=\"og:image:height\" content=\"820\" \/>\n\t<meta property=\"og:image:type\" content=\"image\/png\" \/>\n<meta name=\"twitter:label1\" content=\"Timp estimat pentru citire\" \/>\n\t<meta name=\"twitter:data1\" content=\"3 minute\" \/>\n<script type=\"application\/ld+json\" class=\"yoast-schema-graph\">{\"@context\":\"https:\/\/schema.org\",\"@graph\":[{\"@type\":\"WebPage\",\"@id\":\"https:\/\/business.roovi.com\/ro\/puzzle-adulti-1000-piese-high-difficulty-vegetables-legume\/p\/\",\"url\":\"https:\/\/www.roovi.ro\/puzzle-adulti-1000-piese-high-difficulty-vegetables-legume\/p\/\",\"name\":\"Puzzle - High Difficulty - Vegetables - 1000 Piese\",\"isPartOf\":{\"@id\":\"https:\/\/business.roovi.com\/ro\/#website\"},\"datePublished\":\"2018-09-05T09:37:32+00:00\",\"dateModified\":\"2023-03-20T21:36:54+00:00\",\"description\":\"Puzzle - High Difficulty - Vegetables - 1000 Piese\",\"breadcrumb\":{\"@id\":\"https:\/\/www.roovi.ro\/puzzle-adulti-1000-piese-high-difficulty-vegetables-legume\/p\/#breadcrumb\"},\"inLanguage\":\"ro-RO\",\"potentialAction\":[{\"@type\":\"ReadAction\",\"target\":[\"https:\/\/www.roovi.ro\/puzzle-adulti-1000-piese-high-difficulty-vegetables-legume\/p\/\"]}]},{\"@type\":\"BreadcrumbList\",\"@id\":\"https:\/\/www.roovi.ro\/puzzle-adulti-1000-piese-high-difficulty-vegetables-legume\/p\/#breadcrumb\",\"itemListElement\":[{\"@type\":\"ListItem\",\"position\":1,\"name\":\"Home\",\"item\":\"https:\/\/business.roovi.com\/ro\/\"},{\"@type\":\"ListItem\",\"position\":2,\"name\":\"Magazin\",\"item\":\"https:\/\/business.roovi.com\/ro\/magazin\/\"},{\"@type\":\"ListItem\",\"position\":3,\"name\":\"Puzzle adul\u021bi 1000 piese High Difficulty &#8211; Vegetables \/ Legume\"}]},{\"@type\":\"WebSite\",\"@id\":\"https:\/\/business.roovi.com\/ro\/#website\",\"url\":\"https:\/\/business.roovi.com\/ro\/\",\"name\":\"Roovi B2B\",\"description\":\"Roovi Business Website\",\"potentialAction\":[{\"@type\":\"SearchAction\",\"target\":{\"@type\":\"EntryPoint\",\"urlTemplate\":\"https:\/\/business.roovi.com\/ro\/?s={search_term_string}\"},\"query-input\":\"required name=search_term_string\"}],\"inLanguage\":\"ro-RO\"}]}<\/script>\n<!-- \/ Yoast SEO plugin. -->","yoast_head_json":{"title":"Puzzle - High Difficulty - Vegetables - 1000 Piese","description":"Puzzle - High Difficulty - Vegetables - 1000 Piese","robots":{"index":"index","follow":"follow","max-snippet":"max-snippet:-1","max-image-preview":"max-image-preview:large","max-video-preview":"max-video-preview:-1"},"canonical":"https:\/\/www.roovi.ro\/puzzle-adulti-1000-piese-high-difficulty-vegetables-legume\/p\/","og_locale":"ro_RO","og_type":"article","og_title":"Puzzle - High Difficulty - Vegetables - 1000 Piese","og_description":"Puzzle - High Difficulty - Vegetables - 1000 Piese","og_url":"https:\/\/www.roovi.ro\/puzzle-adulti-1000-piese-high-difficulty-vegetables-legume\/p\/","og_site_name":"Roovi B2B","article_publisher":"https:\/\/www.facebook.com\/wwwjucariero","article_modified_time":"2023-03-20T21:36:54+00:00","og_image":[{"width":820,"height":820,"url":"https:\/\/business.roovi.com\/wp-content\/uploads\/2018\/09\/71958-03-ansamblu_dimensiuni-cutie-cm_orizontal.png","type":"image\/png"}],"twitter_misc":{"Timp estimat pentru citire":"3 minute"},"schema":{"@context":"https:\/\/schema.org","@graph":[{"@type":"WebPage","@id":"https:\/\/business.roovi.com\/ro\/puzzle-adulti-1000-piese-high-difficulty-vegetables-legume\/p\/","url":"https:\/\/www.roovi.ro\/puzzle-adulti-1000-piese-high-difficulty-vegetables-legume\/p\/","name":"Puzzle - High Difficulty - Vegetables - 1000 Piese","isPartOf":{"@id":"https:\/\/business.roovi.com\/ro\/#website"},"datePublished":"2018-09-05T09:37:32+00:00","dateModified":"2023-03-20T21:36:54+00:00","description":"Puzzle - High Difficulty - Vegetables - 1000 Piese","breadcrumb":{"@id":"https:\/\/www.roovi.ro\/puzzle-adulti-1000-piese-high-difficulty-vegetables-legume\/p\/#breadcrumb"},"inLanguage":"ro-RO","potentialAction":[{"@type":"ReadAction","target":["https:\/\/www.roovi.ro\/puzzle-adulti-1000-piese-high-difficulty-vegetables-legume\/p\/"]}]},{"@type":"BreadcrumbList","@id":"https:\/\/www.roovi.ro\/puzzle-adulti-1000-piese-high-difficulty-vegetables-legume\/p\/#breadcrumb","itemListElement":[{"@type":"ListItem","position":1,"name":"Home","item":"https:\/\/business.roovi.com\/ro\/"},{"@type":"ListItem","position":2,"name":"Magazin","item":"https:\/\/business.roovi.com\/ro\/magazin\/"},{"@type":"ListItem","position":3,"name":"Puzzle adul\u021bi 1000 piese High Difficulty &#8211; Vegetables \/ Legume"}]},{"@type":"WebSite","@id":"https:\/\/business.roovi.com\/ro\/#website","url":"https:\/\/business.roovi.com\/ro\/","name":"Roovi B2B","description":"Roovi Business Website","potentialAction":[{"@type":"SearchAction","target":{"@type":"EntryPoint","urlTemplate":"https:\/\/business.roovi.com\/ro\/?s={search_term_string}"},"query-input":"required name=search_term_string"}],"inLanguage":"ro-RO"}]}},"_links":{"self":[{"href":"https:\/\/business.roovi.com\/ro\/wp-json\/wp\/v2\/product\/19199","targetHints":{"allow":["GET"]}}],"collection":[{"href":"https:\/\/business.roovi.com\/ro\/wp-json\/wp\/v2\/product"}],"about":[{"href":"https:\/\/business.roovi.com\/ro\/wp-json\/wp\/v2\/types\/product"}],"version-history":[{"count":0,"href":"https:\/\/business.roovi.com\/ro\/wp-json\/wp\/v2\/product\/19199\/revisions"}],"wp:featuredmedia":[{"embeddable":true,"href":"https:\/\/business.roovi.com\/ro\/wp-json\/wp\/v2\/media\/19185"}],"wp:attachment":[{"href":"https:\/\/business.roovi.com\/ro\/wp-json\/wp\/v2\/media?parent=19199"}],"wp:term":[{"taxonomy":"product_brand","embeddable":true,"href":"https:\/\/business.roovi.com\/ro\/wp-json\/wp\/v2\/product_brand?post=19199"},{"taxonomy":"product_cat","embeddable":true,"href":"https:\/\/business.roovi.com\/ro\/wp-json\/wp\/v2\/product_cat?post=19199"},{"taxonomy":"product_tag","embeddable":true,"href":"https:\/\/business.roovi.com\/ro\/wp-json\/wp\/v2\/product_tag?post=19199"}],"curies":[{"name":"wp","href":"https:\/\/api.w.org\/{rel}","templated":true}]}}