{"id":19214,"date":"2018-09-05T10:21:59","date_gmt":"2018-09-05T10:21:59","guid":{"rendered":"https:\/\/business.roovi.com\/product\/puzzle-castele-franceze-1000-piese-3\/"},"modified":"2025-03-18T10:24:38","modified_gmt":"2025-03-18T10:24:38","slug":"puzzle-adulti-1000-piese-castele-franceze-castel-chenonceau","status":"publish","type":"product","link":"https:\/\/business.roovi.com\/ro\/puzzle-adulti-1000-piese-castele-franceze-castel-chenonceau\/p\/","title":{"rendered":"Puzzle adul\u021bi 1000 piese Castele Franceze &#8211; Castel Chenonceau"},"content":{"rendered":"<p><strong><em>\u00ce\u021bi dore\u0219ti jocuri puzzle pentru a da valoare timpului t\u0103u liber sau pentru a le oferi \u00een dar prietenilor dragi? Colec\u021bia puzzle 1000 piese Castele franceze sunt exact ceea ce \u00ee\u021bi trebuie.<\/em><\/strong><\/p>\n<p><span style=\"font-weight: 400;\">Ch\u00e2teau de Chenonceau este acel cadou extravagant pe care <\/span><span style=\"font-weight: 400;\">regele Henric al II-lea i l-a d\u0103ruit favoritei sale, <\/span><span style=\"font-weight: 400;\">Diane de Poitiers. Fascinant deopotriv\u0103 datorit\u0103 istoriei sale interesante, precum \u0219i pentru arhitectura specific\u0103, impun\u0103toarea construc\u021bie este unul dintre cele mai cunoscute castele de pe Valea Loarei.<\/span><\/p>\n<p><span style=\"font-weight: 400;\">Puzzle 1000 piese Ch\u00e2teau de Chenonceau red\u0103 imaginea celebrului castel care se reflect\u0103 \u00een apa r\u00e2ului Cher. Prima men\u021biune referitoare la acest castel dateaz\u0103 din secolul al XI-lea. A fost construit pe locul unei vechi mori fortificate de pe r\u00e2ul Cher. De-a lungul timpului, multe figuri feminine \u0219i-au pus amprenta pe stilul \u0219i amenajarea lui. Din acest motiv mai este denumit \u0219i <\/span><em><span style=\"font-weight: 400;\">Castelul femeilor.<\/span><\/em><\/p>\n<p><span style=\"font-weight: 400;\">Diane de Poitiers este cea care a ordonat construirea podului suspendat peste r\u00e2ul Cher \u0219i tot ea s-a ocupat \u0219i de amenajarea gr\u0103dinilor din jurul castelului. Caterina de Medici a g\u00e2ndit labirintul gr\u0103dinilor, precum \u0219i galeria cu dou\u0103 etaje de deasupra podului cu cele cinci arcade.\u00a0<\/span><\/p>\n<p><span style=\"font-weight: 400;\">Descoper\u0103 a\u0219adar un castel de poveste printr-un joc puzzle deosebit. Pune pies\u0103 l\u00e2ng\u0103 pies\u0103 \u0219i \u00eentrege\u0219te imaginea care te poart\u0103 cu g\u00e2ndul \u00eentr-o c\u0103l\u0103torie fascinant\u0103 care-\u021bi bucur\u0103 sufletul \u0219i-\u021bi cur\u0103\u021b\u0103 mintea de g\u00e2nduri \u0219i griji.<\/span><\/p>\n<p><strong>De ce s\u0103 alegi puzzle 1000 piese Castelul Chenonceau?<\/strong><\/p>\n<p><span style=\"font-weight: 400;\">\u00ce\u021bi creezi din 1000 piese puzzle un tablou deosebit cu un castel fascinant de pe valea Loarei.<\/span><\/p>\n<p><span style=\"font-weight: 400;\">Dimensiunile imaginii ref\u0103cute sunt de 68 x 47 cm. Poate fi pus \u00een ram\u0103 \u0219i utilizat ca obiect de decor.<\/span><\/p>\n<p><span style=\"font-weight: 400;\">Este produs din carton albastru de calitate superioar\u0103, foarte rezistent chiar \u0219i la asambl\u0103ri multiple.<\/span><\/p>\n<p><span style=\"font-weight: 400;\">Are finisaj semi-lucios, \u00een culori pl\u0103cute care scot \u00een eviden\u021b\u0103 claritatea imaginii.<\/span><\/p>\n<p><span style=\"font-weight: 400;\">Este produs din materiale reciclabile, sustenabile.<\/span><\/p>\n<p><span style=\"font-weight: 400;\">Este potrivit persoanelor peste 14 ani \u0219i are un grad de complexitate mediu<\/span><\/p>\n<p><span style=\"font-weight: 400;\">Este un joc puzzle perfect pentru orice pasionat de puzzle 1000 piese sau pentru a fi oferit \u00een dar celor dragi.<\/span><\/p>\n<p><span style=\"font-weight: 400;\">Dac\u0103 visezi la o vacan\u021b\u0103 pe Valea Loarei, cu vizite de neuitat la castele franceze puzzle 1000 piese Castelul <\/span><span style=\"font-weight: 400;\">Chenonceau te duce mai aproape de aceast\u0103 loca\u021bie de vis.<\/span><span style=\"font-weight: 400;\"> Dac\u0103 deja visul t\u0103u s-a materializat, atunci acest joc puzzle <\/span><span style=\"font-weight: 400;\">este o form\u0103 inedit\u0103 de a p\u0103stra vie amintirea unei destina\u021bii superbe.<\/span><\/p>\n<p><strong>\u0218tiai c\u0103\u2026?<\/strong><\/p>\n<p><span style=\"font-weight: 400;\">Arhitectura castelului este o \u00eembinare deosebit\u0103 a stilului gotic \u0219i al celui renascentist.<\/span><\/p>\n<p><span style=\"font-weight: 400;\">\u00cen timpul Primului R\u0103zboi Mondial, castelul a fost transformat \u00een spital militar. Aici au fost \u00eengriji\u021bi peste 2000 de solda\u021bi r\u0103ni\u021bi.<\/span><\/p>\n<p><span style=\"font-weight: 400;\">Una dintre figurile marcante care au avut \u00een posesie la un moment dat castelul Chenonceau a fost Madame Dupin, bunica scriitoarei cu pseudonimul George Sand. Iubitoare de literatur\u0103, aceasta g\u0103zduia \u00een salonul s\u0103u literar personalit\u0103\u021bi precum Jean-Jacques Rousseau, Voltaire sau Georges de Buffon.<\/span><\/p>\n<p><span style=\"font-weight: 400;\">Ast\u0103zi, castelul Chenonceau este al doilea cel mai vizitat castel din Fran\u021ba, dup\u0103 Versailles, atr\u0103g\u00e2nd anual peste 1 milion de vizitatori.<\/span><\/p>\n<p><strong>Puzzle 1000 piese Castelul Chenonceau te \u021bine departe de ecrane<\/strong><\/p>\n<p><span style=\"font-weight: 400;\">Pentru momentele \u00een care vrei s\u0103 te deconectezi de la ecrane un timp \u00eendelungat, puzzle 1000 piese Castelul Chenonceau din colec\u021bia puzzle Castele franceze este alegerea perfect\u0103. Cu fiecare pies\u0103 potrivit\u0103 refaci structura unuia dintre cele mai cunoscute castele din lume.<\/span><\/p>\n<p><span style=\"font-weight: 400;\">Este un prilej unic de a te retrage din agita\u021bia cotidian\u0103 \u0219i a te reconecta cu sinele. Cu puzzle 1000 piese Castelul Chenonceau descoperi mai mult dec\u00e2t o imagine uimitoare: te redescoperi pe tine, te ascul\u021bi \u0219i-\u021bi dai r\u0103gaz s\u0103 te bucuri de pl\u0103cerile simple ale vie\u021bii.<\/span><\/p>\n<p><span style=\"font-weight: 400;\">De asemenea, dac\u0103 vrei s\u0103 \u00eei deconectezi \u0219i pe copii t\u0103i de la dispozitivele smart, ia \u00een calcul sesiuni creative \u0219i relaxante de puzzle. Este o modalitate unic\u0103 de relaxare \u0219i de cunoa\u0219tere a istoriei \u0219i simbolurilor franceze.\u00a0<\/span><\/p>\n<p><span style=\"font-weight: 400;\">Alege a\u0219adar puzzle 1000 piese Castelul Chenonceau pentru tine \u0219i pentru familia ta \u0219i descoperi\u021bi \u00eempreun\u0103 tainele unui simbol istoric celebru. Sau f\u0103 o bucurie unui pasionat de jocuri puzzle \u0219i ofer\u0103-i \u00een dar acest puzzle 1000 piese din colec\u021bia puzzle adul\u021bi Castele franceze.<\/span><\/p>\n","protected":false},"excerpt":{"rendered":"<p>\u00ce\u021bi dore\u0219ti jocuri puzzle pentru a da valoare timpului t\u0103u liber sau pentru a le oferi \u00een dar prietenilor dragi?<\/p>\n","protected":false},"featured_media":19200,"template":"","meta":[],"product_brand":[],"product_cat":[1454,1488,1560],"product_tag":[],"class_list":{"0":"post-19214","1":"product","2":"type-product","3":"status-publish","4":"has-post-thumbnail","6":"product_cat-puzzle","7":"product_cat-puzzle-adulti","8":"product_cat-puzzle-adulti-1000","9":"pa_brand-d_toys","10":"pa_country_of_manufacture-ro","11":"pa_filter_age-1315","12":"pa_painter-frenchcastles","13":"pa_tip_ambalaj-cutie","14":"pa_tip_puzzle-clasic","16":"first","17":"instock","18":"taxable","19":"shipping-taxable","20":"product-type-simple"},"yoast_head":"<!-- This site is optimized with the Yoast SEO plugin v20.1 - https:\/\/yoast.com\/wordpress\/plugins\/seo\/ -->\n<title>Puzzle - Castele Franceze - 1000 Piese - 3<\/title>\n<meta name=\"description\" content=\"Puzzle - Castele Franceze - 1000 Piese - 3\" \/>\n<meta name=\"robots\" content=\"index, follow, max-snippet:-1, max-image-preview:large, max-video-preview:-1\" \/>\n<link rel=\"canonical\" href=\"https:\/\/www.roovi.ro\/puzzle-adulti-1000-piese-castele-franceze-castel-chenonceau\/p\/\" \/>\n<meta property=\"og:locale\" content=\"ro_RO\" \/>\n<meta property=\"og:type\" content=\"article\" \/>\n<meta property=\"og:title\" content=\"Puzzle - Castele Franceze - 1000 Piese - 3\" \/>\n<meta property=\"og:description\" content=\"Puzzle - Castele Franceze - 1000 Piese - 3\" \/>\n<meta property=\"og:url\" content=\"https:\/\/www.roovi.ro\/puzzle-adulti-1000-piese-castele-franceze-castel-chenonceau\/p\/\" \/>\n<meta property=\"og:site_name\" content=\"Roovi B2B\" \/>\n<meta property=\"article:publisher\" content=\"https:\/\/www.facebook.com\/wwwjucariero\" \/>\n<meta property=\"article:modified_time\" content=\"2025-03-18T10:24:38+00:00\" \/>\n<meta property=\"og:image\" content=\"https:\/\/business.roovi.com\/wp-content\/uploads\/2018\/09\/67562-03-ansamblu_dimensiuni-cutie-cm_orizontal.png\" \/>\n\t<meta property=\"og:image:width\" content=\"1000\" \/>\n\t<meta property=\"og:image:height\" content=\"1000\" \/>\n\t<meta property=\"og:image:type\" content=\"image\/png\" \/>\n<meta name=\"twitter:label1\" content=\"Timp estimat pentru citire\" \/>\n\t<meta name=\"twitter:data1\" content=\"3 minute\" \/>\n<script type=\"application\/ld+json\" class=\"yoast-schema-graph\">{\"@context\":\"https:\/\/schema.org\",\"@graph\":[{\"@type\":\"WebPage\",\"@id\":\"https:\/\/business.roovi.com\/ro\/puzzle-adulti-1000-piese-castele-franceze-castel-chenonceau\/p\/\",\"url\":\"https:\/\/www.roovi.ro\/puzzle-adulti-1000-piese-castele-franceze-castel-chenonceau\/p\/\",\"name\":\"Puzzle - Castele Franceze - 1000 Piese - 3\",\"isPartOf\":{\"@id\":\"https:\/\/business.roovi.com\/ro\/#website\"},\"datePublished\":\"2018-09-05T10:21:59+00:00\",\"dateModified\":\"2025-03-18T10:24:38+00:00\",\"description\":\"Puzzle - Castele Franceze - 1000 Piese - 3\",\"breadcrumb\":{\"@id\":\"https:\/\/www.roovi.ro\/puzzle-adulti-1000-piese-castele-franceze-castel-chenonceau\/p\/#breadcrumb\"},\"inLanguage\":\"ro-RO\",\"potentialAction\":[{\"@type\":\"ReadAction\",\"target\":[\"https:\/\/www.roovi.ro\/puzzle-adulti-1000-piese-castele-franceze-castel-chenonceau\/p\/\"]}]},{\"@type\":\"BreadcrumbList\",\"@id\":\"https:\/\/www.roovi.ro\/puzzle-adulti-1000-piese-castele-franceze-castel-chenonceau\/p\/#breadcrumb\",\"itemListElement\":[{\"@type\":\"ListItem\",\"position\":1,\"name\":\"Home\",\"item\":\"https:\/\/business.roovi.com\/ro\/\"},{\"@type\":\"ListItem\",\"position\":2,\"name\":\"Magazin\",\"item\":\"https:\/\/business.roovi.com\/ro\/magazin\/\"},{\"@type\":\"ListItem\",\"position\":3,\"name\":\"Puzzle adul\u021bi 1000 piese Castele Franceze &#8211; Castel Chenonceau\"}]},{\"@type\":\"WebSite\",\"@id\":\"https:\/\/business.roovi.com\/ro\/#website\",\"url\":\"https:\/\/business.roovi.com\/ro\/\",\"name\":\"Roovi B2B\",\"description\":\"Roovi Business Website\",\"potentialAction\":[{\"@type\":\"SearchAction\",\"target\":{\"@type\":\"EntryPoint\",\"urlTemplate\":\"https:\/\/business.roovi.com\/ro\/?s={search_term_string}\"},\"query-input\":\"required name=search_term_string\"}],\"inLanguage\":\"ro-RO\"}]}<\/script>\n<!-- \/ Yoast SEO plugin. -->","yoast_head_json":{"title":"Puzzle - Castele Franceze - 1000 Piese - 3","description":"Puzzle - Castele Franceze - 1000 Piese - 3","robots":{"index":"index","follow":"follow","max-snippet":"max-snippet:-1","max-image-preview":"max-image-preview:large","max-video-preview":"max-video-preview:-1"},"canonical":"https:\/\/www.roovi.ro\/puzzle-adulti-1000-piese-castele-franceze-castel-chenonceau\/p\/","og_locale":"ro_RO","og_type":"article","og_title":"Puzzle - Castele Franceze - 1000 Piese - 3","og_description":"Puzzle - Castele Franceze - 1000 Piese - 3","og_url":"https:\/\/www.roovi.ro\/puzzle-adulti-1000-piese-castele-franceze-castel-chenonceau\/p\/","og_site_name":"Roovi B2B","article_publisher":"https:\/\/www.facebook.com\/wwwjucariero","article_modified_time":"2025-03-18T10:24:38+00:00","og_image":[{"width":1000,"height":1000,"url":"https:\/\/business.roovi.com\/wp-content\/uploads\/2018\/09\/67562-03-ansamblu_dimensiuni-cutie-cm_orizontal.png","type":"image\/png"}],"twitter_misc":{"Timp estimat pentru citire":"3 minute"},"schema":{"@context":"https:\/\/schema.org","@graph":[{"@type":"WebPage","@id":"https:\/\/business.roovi.com\/ro\/puzzle-adulti-1000-piese-castele-franceze-castel-chenonceau\/p\/","url":"https:\/\/www.roovi.ro\/puzzle-adulti-1000-piese-castele-franceze-castel-chenonceau\/p\/","name":"Puzzle - Castele Franceze - 1000 Piese - 3","isPartOf":{"@id":"https:\/\/business.roovi.com\/ro\/#website"},"datePublished":"2018-09-05T10:21:59+00:00","dateModified":"2025-03-18T10:24:38+00:00","description":"Puzzle - Castele Franceze - 1000 Piese - 3","breadcrumb":{"@id":"https:\/\/www.roovi.ro\/puzzle-adulti-1000-piese-castele-franceze-castel-chenonceau\/p\/#breadcrumb"},"inLanguage":"ro-RO","potentialAction":[{"@type":"ReadAction","target":["https:\/\/www.roovi.ro\/puzzle-adulti-1000-piese-castele-franceze-castel-chenonceau\/p\/"]}]},{"@type":"BreadcrumbList","@id":"https:\/\/www.roovi.ro\/puzzle-adulti-1000-piese-castele-franceze-castel-chenonceau\/p\/#breadcrumb","itemListElement":[{"@type":"ListItem","position":1,"name":"Home","item":"https:\/\/business.roovi.com\/ro\/"},{"@type":"ListItem","position":2,"name":"Magazin","item":"https:\/\/business.roovi.com\/ro\/magazin\/"},{"@type":"ListItem","position":3,"name":"Puzzle adul\u021bi 1000 piese Castele Franceze &#8211; Castel Chenonceau"}]},{"@type":"WebSite","@id":"https:\/\/business.roovi.com\/ro\/#website","url":"https:\/\/business.roovi.com\/ro\/","name":"Roovi B2B","description":"Roovi Business Website","potentialAction":[{"@type":"SearchAction","target":{"@type":"EntryPoint","urlTemplate":"https:\/\/business.roovi.com\/ro\/?s={search_term_string}"},"query-input":"required name=search_term_string"}],"inLanguage":"ro-RO"}]}},"_links":{"self":[{"href":"https:\/\/business.roovi.com\/ro\/wp-json\/wp\/v2\/product\/19214","targetHints":{"allow":["GET"]}}],"collection":[{"href":"https:\/\/business.roovi.com\/ro\/wp-json\/wp\/v2\/product"}],"about":[{"href":"https:\/\/business.roovi.com\/ro\/wp-json\/wp\/v2\/types\/product"}],"version-history":[{"count":0,"href":"https:\/\/business.roovi.com\/ro\/wp-json\/wp\/v2\/product\/19214\/revisions"}],"wp:featuredmedia":[{"embeddable":true,"href":"https:\/\/business.roovi.com\/ro\/wp-json\/wp\/v2\/media\/19200"}],"wp:attachment":[{"href":"https:\/\/business.roovi.com\/ro\/wp-json\/wp\/v2\/media?parent=19214"}],"wp:term":[{"taxonomy":"product_brand","embeddable":true,"href":"https:\/\/business.roovi.com\/ro\/wp-json\/wp\/v2\/product_brand?post=19214"},{"taxonomy":"product_cat","embeddable":true,"href":"https:\/\/business.roovi.com\/ro\/wp-json\/wp\/v2\/product_cat?post=19214"},{"taxonomy":"product_tag","embeddable":true,"href":"https:\/\/business.roovi.com\/ro\/wp-json\/wp\/v2\/product_tag?post=19214"}],"curies":[{"name":"wp","href":"https:\/\/api.w.org\/{rel}","templated":true}]}}