{"id":19229,"date":"2018-09-05T10:29:04","date_gmt":"2018-09-05T10:29:04","guid":{"rendered":"https:\/\/business.roovi.com\/product\/puzzle-castele-franceze-1000-piese-4\/"},"modified":"2023-03-20T21:36:49","modified_gmt":"2023-03-20T21:36:49","slug":"puzzle-adulti-1000-piese-castele-franceze-castel-villandry","status":"publish","type":"product","link":"https:\/\/business.roovi.com\/ro\/puzzle-adulti-1000-piese-castele-franceze-castel-villandry\/p\/","title":{"rendered":"Puzzle adul\u021bi 1000 piese Castele Franceze &#8211; Castel Villandry"},"content":{"rendered":"<p><strong><em>Alege colec\u021bia puzzle 1000 piese Castele franceze pentru momente de relaxare \u0219i deta\u0219are de la cotidian. Cu fiecare pies\u0103 potrivit\u0103, e\u0219ti tot mai aproape s\u0103 refaci imagini superbe ale vestitelor castele de pe Valea Loarei.<\/em><\/strong><\/p>\n<p><span style=\"font-weight: 400;\">Puzzle 1000 piese Ch\u00e2teau de Villandry red\u0103 o imagine uimitoare a castelului renumit \u00een mod special pentru gr\u0103dinile sale ornamentale superbe. O arhitectur\u0103 de o elegan\u021b\u0103 sobr\u0103,\u00a0 \u00een armonie perfect\u0103 cu un cadru natural feeric este ceea ce vei descoperi \u00een acest joc puzzle fascinant.<\/span><\/p>\n<p><span style=\"font-weight: 400;\">Castelul Villandry este ultimul construit pe Valea Loarei \u00een perioada Rena\u0219terii. Este opera lui Jean le Breton, ministru de finan\u021be al lui Francois I, care \u00een 1532 a d\u0103r\u00e2mat vechea fort\u0103rea\u021b\u0103 feudal\u0103 de la Villandry \u0219i a ridicat ceea ce s-a p\u0103strat p\u00e2n\u0103 ast\u0103zi. Jean Le Breton avea o experien\u021b\u0103 arhitectural\u0103 impresionant\u0103, fiind pasionat \u00een acela\u0219i timp \u0219i de arta amenaj\u0103rii gr\u0103dinilor. Unele surse sus\u021bin c\u0103, de fapt, gr\u0103dinile sunt opera lui <\/span><span style=\"font-weight: 400;\">Joachim Carvallo care a cump\u0103rat castelul pe la 1900.<\/span><\/p>\n<p><span style=\"font-weight: 400;\">Cert este c\u0103 aceste gr\u0103dini care se \u00eentind pe o suprafa\u021b\u0103 de aproximativ 9 hectare, sunt \u00eentr-adev\u0103r spectaculoase. Culorile, forma deosebit\u0103, precum \u0219i combina\u021bia dintre ap\u0103, piatr\u0103 \u0219i specii de plante diverse, de la flori, la legume atrag \u0219i ast\u0103zi turi\u0219ti din toat\u0103 lumea.\u00a0<\/span><\/p>\n<p><span style=\"font-weight: 400;\">Puzzle 1000 piese Castelul <\/span><span style=\"font-weight: 400;\">Villandry <\/span><span style=\"font-weight: 400;\">te invit\u0103 a\u0219adar s\u0103 descoperi un obiectiv turistic cu o istorie fascinant\u0103. Pentru asamblarea pieselor, po\u021bi utiliza o m\u0103su\u021b\u0103 obi\u0219nuit\u0103 de cafea. Tabloul final are dimensiunile de 68 x 47 cm \u0219i arat\u0103 uimitor dac\u0103 \u00eel pui \u00een ram\u0103.<\/span><\/p>\n<p><strong>De ce s\u0103 alegi puzzle 1000 piese Castelul Villandry?\u00a0<\/strong><\/p>\n<p><span style=\"font-weight: 400;\">Vei fi posesorul unui tablou fascinant din 1000 piese puzzle cu imaginea unui castel impresionant de pe Valea Loarei.<\/span><\/p>\n<p><span style=\"font-weight: 400;\">Este produs din carton albastru de calitate superioar\u0103, foarte rezistent chiar \u0219i la asambl\u0103ri multiple.<\/span><\/p>\n<p><span style=\"font-weight: 400;\">Are finisaj semi-lucios, \u00een culori pl\u0103cute care scot \u00een eviden\u021b\u0103 claritatea imaginii.<\/span><\/p>\n<p><span style=\"font-weight: 400;\">Este produs din materiale reciclabile, sustenabile.<\/span><\/p>\n<p><span style=\"font-weight: 400;\">Este potrivit persoanelor peste 14 ani \u0219i are un grad de complexitate mediu.<\/span><\/p>\n<p><span style=\"font-weight: 400;\">Este un joc puzzle perfect pentru orice pasionat de puzzle 1000 piese sau pentru a fi oferit \u00een dar celor dragi.<\/span><\/p>\n<p><span style=\"font-weight: 400;\">Jocurile puzzle sunt o modalitate excelent\u0103 pentru a-\u021bi dezvolta abilit\u0103\u021bi precum:<\/span><\/p>\n<p><span style=\"font-weight: 400;\">Aten\u021bia la detalii.<\/span><\/p>\n<p><span style=\"font-weight: 400;\">R\u0103bdarea \u0219i perseveren\u021ba.<\/span><\/p>\n<p><span style=\"font-weight: 400;\">G\u00e2ndirea logic\u0103.<\/span><\/p>\n<p><span style=\"font-weight: 400;\">Memoria pe termen scurt.<\/span><\/p>\n<p><span style=\"font-weight: 400;\">Capacitatea de a rezolva probleme.<\/span><\/p>\n<p><strong>\u0218tiai c\u0103\u2026?<\/strong><\/p>\n<p><span style=\"font-weight: 400;\">Castelul Villandry nu a fost niciodat\u0103 re\u0219edin\u021ba unui rege sau a vreunei favorite a regilor.<\/span><\/p>\n<p><span style=\"font-weight: 400;\">A fost re\u0219edin\u021ba personal\u0103 a lui Jean le Breton, ministrul de finan\u021be de pe vremea lui Francisc I.<\/span><\/p>\n<p><span style=\"font-weight: 400;\">Jean le Breton a supervizat lucr\u0103rile de la ridicarea celebrului castel Chambord<\/span><\/p>\n<p><span style=\"font-weight: 400;\">Una dintre atrac\u021biile gr\u0103dinilor de la Villandry este gr\u0103dina de legume. De inspira\u021bie medieval\u0103, acesta era loc folosit pentru a medita.<\/span><\/p>\n<p><span style=\"font-weight: 400;\">Castelul a fost de\u021binut la un moment dat \u0219i de Jerome Bonaparte, fratele lui Napoleon I. Dar castelul avea s\u0103 cunoasc\u0103 o nou\u0103 er\u0103 \u00eenfloritoare dup\u0103 1906 c\u00e2nd a fost achizi\u021bionat de doctorul Joachim Carvallo \u0219i so\u021bia sa, Ann Coleman care au reamenajat minunatele gr\u0103dini renascentiste.\u00a0<\/span><\/p>\n<p><strong>Puzzle 1000 piese Castelul Villandry &#8211; un prilej de voie bun\u0103 \u00een familie<\/strong><\/p>\n<p><span style=\"font-weight: 400;\">Dac\u0103 vrei s\u0103-i \u021bii departe de ecrane pe copii t\u0103i adolescen\u021bi, ia \u00een calcul puzzle 1000 piese Castelul Villandry. Vor fi fascina\u021bi de povestea castelului \u0219i de istoria gr\u0103dinilor sale impresionante.\u00a0\u00a0<\/span><\/p>\n<p><span style=\"font-weight: 400;\">\u00cemp\u0103r\u021bi\u021bi piesele pe nuan\u021be, unii reface\u021bi imaginea gr\u0103dinii, al\u021bii arhitectura castelului. G\u0103si\u021bi astfel locul potrivit al fiec\u0103rei piese din jocul puzzle \u0219i bucura\u021bi-v\u0103 \u00eempreun\u0103 c\u00e2nd imaginea e gata. Celebra\u021bi succesul pun\u00e2nd \u00een ram\u0103 tabloul din puzzle 1000 piese \u0219i admira\u021bi o crea\u021bie unic\u0103, rodul muncii voastre \u00een echip\u0103.<\/span><\/p>\n<p><span style=\"font-weight: 400;\">Dac\u0103 vrei s\u0103 faci o bucurie prietenilor pasiona\u021bi de puzzle adul\u021bi, ia \u00een calcul acest joc puzzle deosebit \u0219i ofer\u0103-l \u00een dar de s\u0103rb\u0103tori sau cu alte ocazii speciale.\u00a0<\/span><\/p>\n<p>\u00a0<\/p>\n","protected":false},"excerpt":{"rendered":"<p>Alege colec\u021bia puzzle 1000 piese Castele franceze pentru momente de relaxare \u0219i deta\u0219are de la cotidian. Cu fiecare pies\u0103 potrivit\u0103,<\/p>\n","protected":false},"featured_media":19215,"template":"","meta":[],"product_brand":[],"product_cat":[1454,1488,1560],"product_tag":[],"class_list":{"0":"post-19229","1":"product","2":"type-product","3":"status-publish","4":"has-post-thumbnail","6":"product_cat-puzzle","7":"product_cat-puzzle-adulti","8":"product_cat-puzzle-adulti-1000","9":"pa_brand-d_toys","10":"pa_country_of_manufacture-ro","11":"pa_filter_age-1315","12":"pa_painter-frenchcastles","13":"pa_tip_ambalaj-cutie","14":"pa_tip_puzzle-clasic","16":"first","17":"instock","18":"taxable","19":"shipping-taxable","20":"product-type-simple"},"yoast_head":"<!-- This site is optimized with the Yoast SEO plugin v20.1 - https:\/\/yoast.com\/wordpress\/plugins\/seo\/ -->\n<title>Puzzle - Castele Franceze - 1000 Piese - 4<\/title>\n<meta name=\"description\" content=\"Puzzle - Castele Franceze - 1000 Piese - 4\" \/>\n<meta name=\"robots\" content=\"index, follow, max-snippet:-1, max-image-preview:large, max-video-preview:-1\" \/>\n<link rel=\"canonical\" href=\"https:\/\/www.roovi.ro\/puzzle-adulti-1000-piese-castele-franceze-castel-villandry\/p\/\" \/>\n<meta property=\"og:locale\" content=\"ro_RO\" \/>\n<meta property=\"og:type\" content=\"article\" \/>\n<meta property=\"og:title\" content=\"Puzzle - Castele Franceze - 1000 Piese - 4\" \/>\n<meta property=\"og:description\" content=\"Puzzle - Castele Franceze - 1000 Piese - 4\" \/>\n<meta property=\"og:url\" content=\"https:\/\/www.roovi.ro\/puzzle-adulti-1000-piese-castele-franceze-castel-villandry\/p\/\" \/>\n<meta property=\"og:site_name\" content=\"Roovi B2B\" \/>\n<meta property=\"article:publisher\" content=\"https:\/\/www.facebook.com\/wwwjucariero\" \/>\n<meta property=\"article:modified_time\" content=\"2023-03-20T21:36:49+00:00\" \/>\n<meta property=\"og:image\" content=\"https:\/\/business.roovi.com\/wp-content\/uploads\/2018\/09\/67562-04-ansamblu_dimensiuni-cutie-cm_orizontal.png\" \/>\n\t<meta property=\"og:image:width\" content=\"920\" \/>\n\t<meta property=\"og:image:height\" content=\"920\" \/>\n\t<meta property=\"og:image:type\" content=\"image\/png\" \/>\n<meta name=\"twitter:label1\" content=\"Timp estimat pentru citire\" \/>\n\t<meta name=\"twitter:data1\" content=\"3 minute\" \/>\n<script type=\"application\/ld+json\" class=\"yoast-schema-graph\">{\"@context\":\"https:\/\/schema.org\",\"@graph\":[{\"@type\":\"WebPage\",\"@id\":\"https:\/\/business.roovi.com\/ro\/puzzle-adulti-1000-piese-castele-franceze-castel-villandry\/p\/\",\"url\":\"https:\/\/www.roovi.ro\/puzzle-adulti-1000-piese-castele-franceze-castel-villandry\/p\/\",\"name\":\"Puzzle - Castele Franceze - 1000 Piese - 4\",\"isPartOf\":{\"@id\":\"https:\/\/business.roovi.com\/ro\/#website\"},\"datePublished\":\"2018-09-05T10:29:04+00:00\",\"dateModified\":\"2023-03-20T21:36:49+00:00\",\"description\":\"Puzzle - Castele Franceze - 1000 Piese - 4\",\"breadcrumb\":{\"@id\":\"https:\/\/www.roovi.ro\/puzzle-adulti-1000-piese-castele-franceze-castel-villandry\/p\/#breadcrumb\"},\"inLanguage\":\"ro-RO\",\"potentialAction\":[{\"@type\":\"ReadAction\",\"target\":[\"https:\/\/www.roovi.ro\/puzzle-adulti-1000-piese-castele-franceze-castel-villandry\/p\/\"]}]},{\"@type\":\"BreadcrumbList\",\"@id\":\"https:\/\/www.roovi.ro\/puzzle-adulti-1000-piese-castele-franceze-castel-villandry\/p\/#breadcrumb\",\"itemListElement\":[{\"@type\":\"ListItem\",\"position\":1,\"name\":\"Home\",\"item\":\"https:\/\/business.roovi.com\/ro\/\"},{\"@type\":\"ListItem\",\"position\":2,\"name\":\"Magazin\",\"item\":\"https:\/\/business.roovi.com\/ro\/magazin\/\"},{\"@type\":\"ListItem\",\"position\":3,\"name\":\"Puzzle adul\u021bi 1000 piese Castele Franceze &#8211; Castel Villandry\"}]},{\"@type\":\"WebSite\",\"@id\":\"https:\/\/business.roovi.com\/ro\/#website\",\"url\":\"https:\/\/business.roovi.com\/ro\/\",\"name\":\"Roovi B2B\",\"description\":\"Roovi Business Website\",\"potentialAction\":[{\"@type\":\"SearchAction\",\"target\":{\"@type\":\"EntryPoint\",\"urlTemplate\":\"https:\/\/business.roovi.com\/ro\/?s={search_term_string}\"},\"query-input\":\"required name=search_term_string\"}],\"inLanguage\":\"ro-RO\"}]}<\/script>\n<!-- \/ Yoast SEO plugin. -->","yoast_head_json":{"title":"Puzzle - Castele Franceze - 1000 Piese - 4","description":"Puzzle - Castele Franceze - 1000 Piese - 4","robots":{"index":"index","follow":"follow","max-snippet":"max-snippet:-1","max-image-preview":"max-image-preview:large","max-video-preview":"max-video-preview:-1"},"canonical":"https:\/\/www.roovi.ro\/puzzle-adulti-1000-piese-castele-franceze-castel-villandry\/p\/","og_locale":"ro_RO","og_type":"article","og_title":"Puzzle - Castele Franceze - 1000 Piese - 4","og_description":"Puzzle - Castele Franceze - 1000 Piese - 4","og_url":"https:\/\/www.roovi.ro\/puzzle-adulti-1000-piese-castele-franceze-castel-villandry\/p\/","og_site_name":"Roovi B2B","article_publisher":"https:\/\/www.facebook.com\/wwwjucariero","article_modified_time":"2023-03-20T21:36:49+00:00","og_image":[{"width":920,"height":920,"url":"https:\/\/business.roovi.com\/wp-content\/uploads\/2018\/09\/67562-04-ansamblu_dimensiuni-cutie-cm_orizontal.png","type":"image\/png"}],"twitter_misc":{"Timp estimat pentru citire":"3 minute"},"schema":{"@context":"https:\/\/schema.org","@graph":[{"@type":"WebPage","@id":"https:\/\/business.roovi.com\/ro\/puzzle-adulti-1000-piese-castele-franceze-castel-villandry\/p\/","url":"https:\/\/www.roovi.ro\/puzzle-adulti-1000-piese-castele-franceze-castel-villandry\/p\/","name":"Puzzle - Castele Franceze - 1000 Piese - 4","isPartOf":{"@id":"https:\/\/business.roovi.com\/ro\/#website"},"datePublished":"2018-09-05T10:29:04+00:00","dateModified":"2023-03-20T21:36:49+00:00","description":"Puzzle - Castele Franceze - 1000 Piese - 4","breadcrumb":{"@id":"https:\/\/www.roovi.ro\/puzzle-adulti-1000-piese-castele-franceze-castel-villandry\/p\/#breadcrumb"},"inLanguage":"ro-RO","potentialAction":[{"@type":"ReadAction","target":["https:\/\/www.roovi.ro\/puzzle-adulti-1000-piese-castele-franceze-castel-villandry\/p\/"]}]},{"@type":"BreadcrumbList","@id":"https:\/\/www.roovi.ro\/puzzle-adulti-1000-piese-castele-franceze-castel-villandry\/p\/#breadcrumb","itemListElement":[{"@type":"ListItem","position":1,"name":"Home","item":"https:\/\/business.roovi.com\/ro\/"},{"@type":"ListItem","position":2,"name":"Magazin","item":"https:\/\/business.roovi.com\/ro\/magazin\/"},{"@type":"ListItem","position":3,"name":"Puzzle adul\u021bi 1000 piese Castele Franceze &#8211; Castel Villandry"}]},{"@type":"WebSite","@id":"https:\/\/business.roovi.com\/ro\/#website","url":"https:\/\/business.roovi.com\/ro\/","name":"Roovi B2B","description":"Roovi Business Website","potentialAction":[{"@type":"SearchAction","target":{"@type":"EntryPoint","urlTemplate":"https:\/\/business.roovi.com\/ro\/?s={search_term_string}"},"query-input":"required name=search_term_string"}],"inLanguage":"ro-RO"}]}},"_links":{"self":[{"href":"https:\/\/business.roovi.com\/ro\/wp-json\/wp\/v2\/product\/19229","targetHints":{"allow":["GET"]}}],"collection":[{"href":"https:\/\/business.roovi.com\/ro\/wp-json\/wp\/v2\/product"}],"about":[{"href":"https:\/\/business.roovi.com\/ro\/wp-json\/wp\/v2\/types\/product"}],"version-history":[{"count":0,"href":"https:\/\/business.roovi.com\/ro\/wp-json\/wp\/v2\/product\/19229\/revisions"}],"wp:featuredmedia":[{"embeddable":true,"href":"https:\/\/business.roovi.com\/ro\/wp-json\/wp\/v2\/media\/19215"}],"wp:attachment":[{"href":"https:\/\/business.roovi.com\/ro\/wp-json\/wp\/v2\/media?parent=19229"}],"wp:term":[{"taxonomy":"product_brand","embeddable":true,"href":"https:\/\/business.roovi.com\/ro\/wp-json\/wp\/v2\/product_brand?post=19229"},{"taxonomy":"product_cat","embeddable":true,"href":"https:\/\/business.roovi.com\/ro\/wp-json\/wp\/v2\/product_cat?post=19229"},{"taxonomy":"product_tag","embeddable":true,"href":"https:\/\/business.roovi.com\/ro\/wp-json\/wp\/v2\/product_tag?post=19229"}],"curies":[{"name":"wp","href":"https:\/\/api.w.org\/{rel}","templated":true}]}}