{"id":19259,"date":"2018-09-05T11:40:31","date_gmt":"2018-09-05T11:40:31","guid":{"rendered":"https:\/\/business.roovi.com\/product\/puzzle-vintage-collage-1000-piese-1\/"},"modified":"2023-03-20T21:36:43","modified_gmt":"2023-03-20T21:36:43","slug":"puzzle-adulti-1000-piese-vintage-collage-teasceaiuri","status":"publish","type":"product","link":"https:\/\/business.roovi.com\/ro\/puzzle-adulti-1000-piese-vintage-collage-teasceaiuri\/p\/","title":{"rendered":"Puzzle adul\u021bi 1000 piese Vintage Collage &#8211; Teas\/Ceaiuri"},"content":{"rendered":"<p><span style=\"font-weight: 400;\">Pasionat de obiectele de colec\u021bie? Jocurile puzzle din colec\u021bia vintage collage \u00ee\u021bi ofer\u0103 prilejul s\u0103 creezi tablouri deosebite, cu colaje de ilustra\u021bii unice, dorite de orice colec\u021bionar de art\u0103 vintage.<\/span><\/p>\n<p><span style=\"font-weight: 400;\">Gama puzzle vintage collage reune\u0219te puzzle-uri 1000 piese cu ilustra\u021bii \u00een miniatur\u0103 cu tematici diverse: bancnote vechi, afi\u0219e publicitare din secolele trecute \u0219i multe altele. Datorit\u0103 multitudinii detaliilor, aceste jocuri puzzle au un grad mai ridicat de dificultate \u0219i pot necesita mai mult timp de asamblare, deci \u0219i mai multe ore de distrac\u021bie relaxant\u0103.<\/span><\/p>\n<p><span style=\"font-weight: 400;\">Puzzle 1000 piese Teas\/Ceaiuri \u00ee\u021bi prezint\u0103 o imagine cu o mini-colec\u021bie de afi\u0219e publicitare vechi la diverse sortimente de ceaiuri. \u00cen centru, troneaz\u0103 harta ceaiului realizat\u0103 de MacDonald Gill \u0219i publicat\u0103 la 1940.\u00a0<\/span><\/p>\n<p><span style=\"font-weight: 400;\">Harta celebra originea \u0219i cultura ceaiului. \u00cen partea de jos a h\u0103r\u021bii au fost incluse 3 pergamente cu date despre consumul de ceai la vremea respectiv\u0103. Chiar \u0219i atunci, anual erau b\u0103ute nu mai pu\u021bin de 300.000.000.000.000 de ce\u0219ti de ceai!\u00a0<\/span><\/p>\n<p><span style=\"font-weight: 400;\">Dincolo de latura de divertisment, puzzle 1000 piese &#8211; Ceaiuri este un colaj fascinant care \u00ee\u021bi dezv\u0103luie o mic\u0103 parte din istoria fabuloas\u0103 a unei b\u0103uturi simple, dar apreciate pe tot globul. Te invit\u0103m a\u0219adar la o cea\u0219c\u0103 de ceai aromat \u0219i la multe ore de relaxare!<\/span><\/p>\n<p><span style=\"font-weight: 400;\">Caracteristici puzzle 1000 piese Vintage Collage &#8211; Teas\/Ceaiuri:<\/span><\/p>\n<p><strong>Dimensiuni imagine reconstituit\u0103: 50 x 70 cm.<\/strong><\/p>\n<p><strong>Material puzzle:\u00a0<\/strong><\/p>\n<p><strong>carton albastru de o calitate superioar\u0103<\/strong><\/p>\n<p><strong>materiale sustenabile, reciclabile<\/strong><\/p>\n<p><strong>finisaj semi-lucios, culori vii<\/strong><\/p>\n<p><strong>Num\u0103rul pieselor de puzzle: 1000<\/strong><\/p>\n<p><strong>V\u00e2rsta recomandat\u0103: 14+<\/strong><\/p>\n<p><strong>De ce s\u0103 alegi un puzzle 1000 piese din colec\u021bia puzzle Vintage Collage?<\/strong><\/p>\n<p><span style=\"font-weight: 400;\">Este o nemaipomenit\u0103 oportunitate de de-\u021bi crea un tablou unicat.<\/span><\/p>\n<p><span style=\"font-weight: 400;\">Petreci multe ore de relaxare \u0219i refaci imagini vintage care te poart\u0103 \u00eenapoi \u00een istorie.<\/span><\/p>\n<p><span style=\"font-weight: 400;\">Te deconectezi de la cotidian \u0219i stai departe de ecrane un timp \u00eendelungat.<\/span><\/p>\n<p><span style=\"font-weight: 400;\">Este un mod pl\u0103cut pentru a-\u021bi antrena diverse abilit\u0103\u021bi precum memoria \u0219i aten\u021bia la detalii.<\/span><\/p>\n<p><span style=\"font-weight: 400;\">Tabloul realizat poate fi un obiect decorativ care \u00ee\u021bi personalizeaz\u0103 un loc anost din cas\u0103.<\/span><\/p>\n<p><span style=\"font-weight: 400;\">Poate fi un prilej de a petrece timp de calitate al\u0103turi de copii sau de grupul de prieteni.<\/span><\/p>\n<p><strong>\u0218tiai c\u0103\u2026?<\/strong><\/p>\n<p><span style=\"font-weight: 400;\">\u00cen cultura asiatic\u0103, ceaiul este simbolul prieteniei \u0219i al ospitalit\u0103\u021bii.<\/span><\/p>\n<p><span style=\"font-weight: 400;\">\u00cen Mongolia, ceaiul se bea cu lapte \u0219i pu\u021bin\u0103 sare.<\/span><\/p>\n<p><span style=\"font-weight: 400;\">Dup\u0103 ap\u0103, ceaiul este cel mai consumat lichid din lume. Zilnic, mai bine de jum\u0103tate din popula\u021bia globului consum\u0103 ceai.<\/span><\/p>\n<p><span style=\"font-weight: 400;\">Originile acestei b\u0103uturi nu sunt foarte clare. Apari\u021bia lui este \u00eenc\u0103 disputat\u0103 \u00eentre chinezi \u0219i indieni.<\/span><\/p>\n<p><span style=\"font-weight: 400;\">Cei mai mari b\u0103utori de ceai din Europa sunt irlandezii (\u0219i nu englezii!), cu o medie de 6 ce\u0219ti pe zi.<\/span><\/p>\n<p><strong>Puzzle 1000 piese ceaiuri te conecteaz\u0103 cu tine \u00eensu\u021bi<\/strong><\/p>\n<p><span style=\"font-weight: 400;\">Ca orice pasionat de puzzle, t\u00e2nje\u0219ti dup\u0103 multe ore cu tine \u00eensu\u021bi. Puzzle 1000 piese ceaiuri din colec\u021bia puzzle Vintage Collage prin complexitatea \u0219i multitudinea detaliilor sale, \u00ee\u021bi ofer\u0103 timpul necesar de a ie\u0219i din spa\u021biul cotidian \u0219i de a te reg\u0103si.<\/span><\/p>\n<p><span style=\"font-weight: 400;\">Multiple studii arat\u0103 c\u0103 jocurile puzzle au efecte fantastice asupra mentalului uman, efecte asem\u0103n\u0103toare cu cele ale medita\u021biei. Astfel, puzzle-urile pentru adul\u021bi sunt instrumente uimitoare pentru:<\/span><\/p>\n<ul>\n<li><span style=\"font-weight: 400;\">Restabilirea \u00eencrederii \u00een sine.<\/span><\/li>\n<li><span style=\"font-weight: 400;\">Reducerea anxiet\u0103\u021bii.<\/span><\/li>\n<li><span style=\"font-weight: 400;\">Combaterea insomniilor.<\/span><\/li>\n<li><span style=\"font-weight: 400;\">Reducerea stresului.<\/span><\/li>\n<\/ul>\n<p><span style=\"font-weight: 400;\">Bucur\u0103-te de toate avantajele pe care \u021bi le d\u0103 un joc puzzle \u0219i alege puzzle 1000 piese ceaiuri. Dac\u0103 e\u0219ti un colec\u021bionar de art\u0103 vintage \u00eemp\u0103timit, descoper\u0103 toate jocurile puzzle din colec\u021bia puzzle Vintage Collage. Dac\u0103 doar iube\u0219ti pasiunile creative, cump\u0103r\u0103 puzzle 1000 piese &#8211; colaj de ilustra\u021bii cu postere publicitare la ceaiuri\u00a0 \u0219i asambleaz\u0103-l ori de c\u00e2te ori vre\u021bi s\u0103-\u021bi provoci mintea.<\/span><\/p>\n<p>\u00a0<\/p>\n","protected":false},"excerpt":{"rendered":"<p>Pasionat de obiectele de colec\u021bie? Jocurile puzzle din colec\u021bia vintage collage \u00ee\u021bi ofer\u0103 prilejul s\u0103 creezi tablouri deosebite, cu colaje<\/p>\n","protected":false},"featured_media":19245,"template":"","meta":[],"product_brand":[],"product_cat":[1454,1488,1560],"product_tag":[],"class_list":{"0":"post-19259","1":"product","2":"type-product","3":"status-publish","4":"has-post-thumbnail","6":"product_cat-puzzle","7":"product_cat-puzzle-adulti","8":"product_cat-puzzle-adulti-1000","9":"pa_brand-d_toys","10":"pa_country_of_manufacture-ro","11":"pa_filter_age-1315","12":"pa_painter-vintagecollage","13":"pa_tip_ambalaj-cutie","14":"pa_tip_puzzle-clasic","16":"first","17":"instock","18":"taxable","19":"shipping-taxable","20":"product-type-simple"},"yoast_head":"<!-- This site is optimized with the Yoast SEO plugin v20.1 - https:\/\/yoast.com\/wordpress\/plugins\/seo\/ -->\n<title>Puzzle - Vintage Collage - 1000 Piese - 1<\/title>\n<meta name=\"description\" content=\"Puzzle - Vintage Collage - 1000 Piese - 1 Puzzle colec\u021bie de afi\u0219e vintage.\" \/>\n<meta name=\"robots\" content=\"index, follow, max-snippet:-1, max-image-preview:large, max-video-preview:-1\" \/>\n<link rel=\"canonical\" href=\"https:\/\/www.roovi.ro\/puzzle-adulti-1000-piese-vintage-collage-teasceaiuri\/p\/\" \/>\n<meta property=\"og:locale\" content=\"ro_RO\" \/>\n<meta property=\"og:type\" content=\"article\" \/>\n<meta property=\"og:title\" content=\"Puzzle - Vintage Collage - 1000 Piese - 1\" \/>\n<meta property=\"og:description\" content=\"Puzzle - Vintage Collage - 1000 Piese - 1 Puzzle colec\u021bie de afi\u0219e vintage.\" \/>\n<meta property=\"og:url\" content=\"https:\/\/www.roovi.ro\/puzzle-adulti-1000-piese-vintage-collage-teasceaiuri\/p\/\" \/>\n<meta property=\"og:site_name\" content=\"Roovi B2B\" \/>\n<meta property=\"article:publisher\" content=\"https:\/\/www.facebook.com\/wwwjucariero\" \/>\n<meta property=\"article:modified_time\" content=\"2023-03-20T21:36:43+00:00\" \/>\n<meta property=\"og:image\" content=\"https:\/\/business.roovi.com\/wp-content\/uploads\/2018\/09\/74362-01_ansamblu_dimensiuni_cutie_cm_orizontal_1200x1200.png\" \/>\n\t<meta property=\"og:image:width\" content=\"1200\" \/>\n\t<meta property=\"og:image:height\" content=\"1200\" \/>\n\t<meta property=\"og:image:type\" content=\"image\/png\" \/>\n<meta name=\"twitter:label1\" content=\"Timp estimat pentru citire\" \/>\n\t<meta name=\"twitter:data1\" content=\"3 minute\" \/>\n<script type=\"application\/ld+json\" class=\"yoast-schema-graph\">{\"@context\":\"https:\/\/schema.org\",\"@graph\":[{\"@type\":\"WebPage\",\"@id\":\"https:\/\/business.roovi.com\/ro\/puzzle-adulti-1000-piese-vintage-collage-teasceaiuri\/p\/\",\"url\":\"https:\/\/www.roovi.ro\/puzzle-adulti-1000-piese-vintage-collage-teasceaiuri\/p\/\",\"name\":\"Puzzle - Vintage Collage - 1000 Piese - 1\",\"isPartOf\":{\"@id\":\"https:\/\/business.roovi.com\/ro\/#website\"},\"datePublished\":\"2018-09-05T11:40:31+00:00\",\"dateModified\":\"2023-03-20T21:36:43+00:00\",\"description\":\"Puzzle - Vintage Collage - 1000 Piese - 1 Puzzle colec\u021bie de afi\u0219e vintage.\",\"breadcrumb\":{\"@id\":\"https:\/\/www.roovi.ro\/puzzle-adulti-1000-piese-vintage-collage-teasceaiuri\/p\/#breadcrumb\"},\"inLanguage\":\"ro-RO\",\"potentialAction\":[{\"@type\":\"ReadAction\",\"target\":[\"https:\/\/www.roovi.ro\/puzzle-adulti-1000-piese-vintage-collage-teasceaiuri\/p\/\"]}]},{\"@type\":\"BreadcrumbList\",\"@id\":\"https:\/\/www.roovi.ro\/puzzle-adulti-1000-piese-vintage-collage-teasceaiuri\/p\/#breadcrumb\",\"itemListElement\":[{\"@type\":\"ListItem\",\"position\":1,\"name\":\"Home\",\"item\":\"https:\/\/business.roovi.com\/ro\/\"},{\"@type\":\"ListItem\",\"position\":2,\"name\":\"Magazin\",\"item\":\"https:\/\/business.roovi.com\/ro\/magazin\/\"},{\"@type\":\"ListItem\",\"position\":3,\"name\":\"Puzzle adul\u021bi 1000 piese Vintage Collage &#8211; Teas\/Ceaiuri\"}]},{\"@type\":\"WebSite\",\"@id\":\"https:\/\/business.roovi.com\/ro\/#website\",\"url\":\"https:\/\/business.roovi.com\/ro\/\",\"name\":\"Roovi B2B\",\"description\":\"Roovi Business Website\",\"potentialAction\":[{\"@type\":\"SearchAction\",\"target\":{\"@type\":\"EntryPoint\",\"urlTemplate\":\"https:\/\/business.roovi.com\/ro\/?s={search_term_string}\"},\"query-input\":\"required name=search_term_string\"}],\"inLanguage\":\"ro-RO\"}]}<\/script>\n<!-- \/ Yoast SEO plugin. -->","yoast_head_json":{"title":"Puzzle - Vintage Collage - 1000 Piese - 1","description":"Puzzle - Vintage Collage - 1000 Piese - 1 Puzzle colec\u021bie de afi\u0219e vintage.","robots":{"index":"index","follow":"follow","max-snippet":"max-snippet:-1","max-image-preview":"max-image-preview:large","max-video-preview":"max-video-preview:-1"},"canonical":"https:\/\/www.roovi.ro\/puzzle-adulti-1000-piese-vintage-collage-teasceaiuri\/p\/","og_locale":"ro_RO","og_type":"article","og_title":"Puzzle - Vintage Collage - 1000 Piese - 1","og_description":"Puzzle - Vintage Collage - 1000 Piese - 1 Puzzle colec\u021bie de afi\u0219e vintage.","og_url":"https:\/\/www.roovi.ro\/puzzle-adulti-1000-piese-vintage-collage-teasceaiuri\/p\/","og_site_name":"Roovi B2B","article_publisher":"https:\/\/www.facebook.com\/wwwjucariero","article_modified_time":"2023-03-20T21:36:43+00:00","og_image":[{"width":1200,"height":1200,"url":"https:\/\/business.roovi.com\/wp-content\/uploads\/2018\/09\/74362-01_ansamblu_dimensiuni_cutie_cm_orizontal_1200x1200.png","type":"image\/png"}],"twitter_misc":{"Timp estimat pentru citire":"3 minute"},"schema":{"@context":"https:\/\/schema.org","@graph":[{"@type":"WebPage","@id":"https:\/\/business.roovi.com\/ro\/puzzle-adulti-1000-piese-vintage-collage-teasceaiuri\/p\/","url":"https:\/\/www.roovi.ro\/puzzle-adulti-1000-piese-vintage-collage-teasceaiuri\/p\/","name":"Puzzle - Vintage Collage - 1000 Piese - 1","isPartOf":{"@id":"https:\/\/business.roovi.com\/ro\/#website"},"datePublished":"2018-09-05T11:40:31+00:00","dateModified":"2023-03-20T21:36:43+00:00","description":"Puzzle - Vintage Collage - 1000 Piese - 1 Puzzle colec\u021bie de afi\u0219e vintage.","breadcrumb":{"@id":"https:\/\/www.roovi.ro\/puzzle-adulti-1000-piese-vintage-collage-teasceaiuri\/p\/#breadcrumb"},"inLanguage":"ro-RO","potentialAction":[{"@type":"ReadAction","target":["https:\/\/www.roovi.ro\/puzzle-adulti-1000-piese-vintage-collage-teasceaiuri\/p\/"]}]},{"@type":"BreadcrumbList","@id":"https:\/\/www.roovi.ro\/puzzle-adulti-1000-piese-vintage-collage-teasceaiuri\/p\/#breadcrumb","itemListElement":[{"@type":"ListItem","position":1,"name":"Home","item":"https:\/\/business.roovi.com\/ro\/"},{"@type":"ListItem","position":2,"name":"Magazin","item":"https:\/\/business.roovi.com\/ro\/magazin\/"},{"@type":"ListItem","position":3,"name":"Puzzle adul\u021bi 1000 piese Vintage Collage &#8211; Teas\/Ceaiuri"}]},{"@type":"WebSite","@id":"https:\/\/business.roovi.com\/ro\/#website","url":"https:\/\/business.roovi.com\/ro\/","name":"Roovi B2B","description":"Roovi Business Website","potentialAction":[{"@type":"SearchAction","target":{"@type":"EntryPoint","urlTemplate":"https:\/\/business.roovi.com\/ro\/?s={search_term_string}"},"query-input":"required name=search_term_string"}],"inLanguage":"ro-RO"}]}},"_links":{"self":[{"href":"https:\/\/business.roovi.com\/ro\/wp-json\/wp\/v2\/product\/19259","targetHints":{"allow":["GET"]}}],"collection":[{"href":"https:\/\/business.roovi.com\/ro\/wp-json\/wp\/v2\/product"}],"about":[{"href":"https:\/\/business.roovi.com\/ro\/wp-json\/wp\/v2\/types\/product"}],"version-history":[{"count":0,"href":"https:\/\/business.roovi.com\/ro\/wp-json\/wp\/v2\/product\/19259\/revisions"}],"wp:featuredmedia":[{"embeddable":true,"href":"https:\/\/business.roovi.com\/ro\/wp-json\/wp\/v2\/media\/19245"}],"wp:attachment":[{"href":"https:\/\/business.roovi.com\/ro\/wp-json\/wp\/v2\/media?parent=19259"}],"wp:term":[{"taxonomy":"product_brand","embeddable":true,"href":"https:\/\/business.roovi.com\/ro\/wp-json\/wp\/v2\/product_brand?post=19259"},{"taxonomy":"product_cat","embeddable":true,"href":"https:\/\/business.roovi.com\/ro\/wp-json\/wp\/v2\/product_cat?post=19259"},{"taxonomy":"product_tag","embeddable":true,"href":"https:\/\/business.roovi.com\/ro\/wp-json\/wp\/v2\/product_tag?post=19259"}],"curies":[{"name":"wp","href":"https:\/\/api.w.org\/{rel}","templated":true}]}}