{"id":19289,"date":"2018-09-05T11:45:27","date_gmt":"2018-09-05T11:45:27","guid":{"rendered":"https:\/\/business.roovi.com\/product\/puzzle-vintage-collage-1000-piese-3\/"},"modified":"2023-03-20T21:35:34","modified_gmt":"2023-03-20T21:35:34","slug":"puzzle-adulti-1000-piese-vintage-collage-flowers-flori","status":"publish","type":"product","link":"https:\/\/business.roovi.com\/ro\/puzzle-adulti-1000-piese-vintage-collage-flowers-flori\/p\/","title":{"rendered":"Puzzle adul\u021bi 1000 piese Vintage Collage &#8211; Flowers \/ Flori"},"content":{"rendered":"<p><span style=\"font-weight: 400;\">Cau\u021bi o modalitate s\u0103 te deconectezi de la cotidian? Descoper\u0103 colec\u021bia puzzle Vintage Collage, selecteaz\u0103 jocuri puzzle cu ilustra\u021bii superbe de art\u0103 vintage \u0219i d\u0103 valoare timpului t\u0103u liber.<\/span><\/p>\n<p><span style=\"font-weight: 400;\">Dac\u0103 \u00ee\u021bi plac detaliile coloristice \u00een jocurile puzzle \u0219i \u00ee\u021bi place s\u0103 cau\u021bi ca un adev\u0103rat detectiv printre sutele de piese de puzzle pe cele \u00een nuan\u021be asem\u0103n\u0103toare ca s\u0103 le pui la locul potrivit, atunci puzzle 1000 piese flower este exact ceea ce cau\u021bi.<\/span><\/p>\n<p><span style=\"font-weight: 400;\">Reg\u0103se\u0219te o colec\u021bie de mini-ilustra\u021bii vintage cu zeci de flori \u0219i denumirea lor \u00eentr-un puzzle de adul\u021bi cu design deosebit \u0219i piese de o calitate impecabil\u0103, care se lipesc perfect \u0219i formeaz\u0103 un tablou vintage de colec\u021bie.<\/span><\/p>\n<p><span style=\"font-weight: 400;\">A\u0219az\u0103-te confortabil \u00een fa\u021ba m\u0103su\u021bei tale de cafea din sufragerie, pune piesele de puzzle pe aceasta \u0219i las\u0103-te \u00eenv\u0103luit de vibra\u021bia culorii \u0219i armoniei. Tabloul final \u00ee\u021bi va \u00eenc\u00e2nta privirea \u0219i va da un aspect proasp\u0103t \u0219i luminos oric\u0103rui loc anost \u00een care \u00eel vei expune.<\/span><\/p>\n<p><span style=\"font-weight: 400;\">Caracteristici puzzle 1000 piese Vintage Collage &#8211; Flowers \/ Flori:<\/span><\/p>\n<p><strong>Dimensiuni imagine reconstituit\u0103: 50 x 70 cm.<\/strong><\/p>\n<p><strong>Material puzzle:\u00a0<\/strong><\/p>\n<p><strong>carton albastru de o calitate superioar\u0103<\/strong><\/p>\n<p><strong>materiale sustenabile, reciclabile<\/strong><\/p>\n<p><strong>finisaj semi-lucios, culori vii<\/strong><\/p>\n<p><strong>Num\u0103rul pieselor de puzzle: 1000<\/strong><\/p>\n<p><strong>V\u00e2rsta recomandat\u0103: 14+<\/strong><\/p>\n<p><strong>De ce s\u0103 alegi puzzle 1000 piese Vintage Collage &#8211; Flowers \/ Flori?<\/strong><\/p>\n<p><span style=\"font-weight: 400;\">Este un prilej pentru a te deta\u0219a de problemele zilnice.<\/span><\/p>\n<p><span style=\"font-weight: 400;\">Alung\u0103 monotonia \u0219i plictiseala zilelor mohor\u00e2te sau momentelor \u00een care nu ai ce s\u0103 faci.<\/span><\/p>\n<p><span style=\"font-weight: 400;\">Te ajut\u0103 s\u0103 \u00ee\u021bi men\u021bii concentrarea pe o sarcin\u0103 precis\u0103 pentru mai mult timp.<\/span><\/p>\n<p><span style=\"font-weight: 400;\">\u00ce\u021bi ofer\u0103 momente pre\u021bioase de apropiere de cei dragi, dac\u0103 alegi s\u0103 refaci imaginea \u00eempreun\u0103 cu ace\u0219tia.<\/span><\/p>\n<p><span style=\"font-weight: 400;\">Ob\u021bii un tablou uimitor, \u00een culori pl\u0103cute, \u00een stil vintage pe care \u00eel po\u021bi folosi ca te un obiect decorativ.<\/span><\/p>\n<p><strong>5 curiozit\u0103\u021bi despre unele flori care apar \u00een ilustra\u021bia puzzle 1000 piese vintage collage<\/strong><\/p>\n<p><span style=\"font-weight: 400;\">Garoafele sunt printre cele mai vechi flori cultivate din lume.<\/span><\/p>\n<p><span style=\"font-weight: 400;\">Conduc\u0103torii azteci porneau la r\u0103zboi cu o floare de dalie \u00een piept.<\/span><\/p>\n<p><span style=\"font-weight: 400;\">Ceaiul din hibiscus con\u021bine mai mul\u021bi antioxidan\u021bi fa\u021b\u0103 de ceaiul verde.<\/span><\/p>\n<p><span style=\"font-weight: 400;\">Vechii egipteni utilizau semin\u021bele de mac cu rol analgezic pentru a calma durerile celor suferinzi.<\/span><\/p>\n<p><span style=\"font-weight: 400;\">\u00cen 2012 floarea-soarelui a ajuns\u2026 \u00een spa\u021biu. C\u00e2teva semin\u021be din aceast\u0103 plant\u0103 au fost duse acolo de un astronaut de la NASA.<\/span><\/p>\n<p><strong>Puzzle 1000 piese Vintage Collage &#8211; Flowers\/Flori pentru bucurie, \u00een familie<\/strong><\/p>\n<p><span style=\"font-weight: 400;\">\u00cei auzi mereu pe copii spun\u00e2nd <\/span><em><span style=\"font-weight: 400;\">m-am plictisit <\/span><\/em><span style=\"font-weight: 400;\">dac\u0103 nu sunt conecta\u021bi la un dispozitiv mobil? Provoac\u0103-le mintea \u0219i \u00eendem\u00e2narea cu puzzle 1000 piese vintage collage &#8211; flori \u0219i sparge monotonia clipelor \u00een care niciunul dintre voi nu ave\u021bi ce s\u0103 face\u021bi.\u00a0<\/span><\/p>\n<p><span style=\"font-weight: 400;\">\u00cemp\u0103r\u021bi\u021bi imaginea \u00een a\u0219a fel \u00eenc\u00e2t fiecare membru s\u0103 alc\u0103tuiasc\u0103 un anumit num\u0103r de flori. Dup\u0103 ce ilustra\u021biile sunt complete, c\u0103uta\u021bi informa\u021bii despre florile respective \u0219i descoperi\u021bi simbolistica lor \u00een diferite culturi ale lumii. Transform\u0103 astfel timpul liber \u00een momente pline de sens \u0219i bucurie. \u00cen plus, este un moment nemaipomenit pentru a le face cunoscut\u0103 adolescen\u021bilor arta vintage.<\/span><\/p>\n<p><span style=\"font-weight: 400;\">Fie c\u0103 alegi acest uimitor puzzle vintage pentru a-l asambla singur, fie c\u0103 transformi aceast\u0103 activitate \u00een momente de socializare cu cei dragi, puzzle 1000 piese flori din colec\u021bia vintage \u00ee\u021bi ofer\u0103 ocazia s\u0103 construie\u0219ti un tablou vintage de colec\u021bie.<\/span><\/p>\n<p><span style=\"font-weight: 400;\">De asemenea, puzzle 1000 piese vintage college &#8211; flowers\/flori este op\u021biunea ideal\u0103 de cadou cu ocazia s\u0103rb\u0103torilor sau a zilelor aniversare.<\/span><\/p>\n<p>\u00a0<\/p>\n","protected":false},"excerpt":{"rendered":"<p>Cau\u021bi o modalitate s\u0103 te deconectezi de la cotidian? Descoper\u0103 colec\u021bia puzzle Vintage Collage, selecteaz\u0103 jocuri puzzle cu ilustra\u021bii superbe<\/p>\n","protected":false},"featured_media":19275,"template":"","meta":[],"product_brand":[],"product_cat":[1454,1488,1560],"product_tag":[],"class_list":{"0":"post-19289","1":"product","2":"type-product","3":"status-publish","4":"has-post-thumbnail","6":"product_cat-puzzle","7":"product_cat-puzzle-adulti","8":"product_cat-puzzle-adulti-1000","9":"pa_brand-d_toys","10":"pa_country_of_manufacture-ro","11":"pa_filter_age-1315","12":"pa_painter-vintagecollage","13":"pa_tip_ambalaj-cutie","14":"pa_tip_puzzle-clasic","16":"first","17":"instock","18":"taxable","19":"shipping-taxable","20":"product-type-simple"},"yoast_head":"<!-- This site is optimized with the Yoast SEO plugin v20.1 - https:\/\/yoast.com\/wordpress\/plugins\/seo\/ -->\n<title>Puzzle - Vintage Collage - 1000 Piese - 3<\/title>\n<meta name=\"description\" content=\"Puzzle - Vintage Collage - 1000 Piese - 3 Puzzle colec\u021bie de afi\u0219e vintage.\" \/>\n<meta name=\"robots\" content=\"index, follow, max-snippet:-1, max-image-preview:large, max-video-preview:-1\" \/>\n<link rel=\"canonical\" href=\"https:\/\/www.roovi.ro\/puzzle-adulti-1000-piese-vintage-collage-flowers-flori\/p\/\" \/>\n<meta property=\"og:locale\" content=\"ro_RO\" \/>\n<meta property=\"og:type\" content=\"article\" \/>\n<meta property=\"og:title\" content=\"Puzzle - Vintage Collage - 1000 Piese - 3\" \/>\n<meta property=\"og:description\" content=\"Puzzle - Vintage Collage - 1000 Piese - 3 Puzzle colec\u021bie de afi\u0219e vintage.\" \/>\n<meta property=\"og:url\" content=\"https:\/\/www.roovi.ro\/puzzle-adulti-1000-piese-vintage-collage-flowers-flori\/p\/\" \/>\n<meta property=\"og:site_name\" content=\"Roovi B2B\" \/>\n<meta property=\"article:publisher\" content=\"https:\/\/www.facebook.com\/wwwjucariero\" \/>\n<meta property=\"article:modified_time\" content=\"2023-03-20T21:35:34+00:00\" \/>\n<meta property=\"og:image\" content=\"https:\/\/business.roovi.com\/wp-content\/uploads\/2018\/09\/74362-03_ansamblu_dimensiuni_cutie_cm_orizontal_1200x1200.png\" \/>\n\t<meta property=\"og:image:width\" content=\"1200\" \/>\n\t<meta property=\"og:image:height\" content=\"1200\" \/>\n\t<meta property=\"og:image:type\" content=\"image\/png\" \/>\n<meta name=\"twitter:label1\" content=\"Timp estimat pentru citire\" \/>\n\t<meta name=\"twitter:data1\" content=\"3 minute\" \/>\n<script type=\"application\/ld+json\" class=\"yoast-schema-graph\">{\"@context\":\"https:\/\/schema.org\",\"@graph\":[{\"@type\":\"WebPage\",\"@id\":\"https:\/\/business.roovi.com\/ro\/puzzle-adulti-1000-piese-vintage-collage-flowers-flori\/p\/\",\"url\":\"https:\/\/www.roovi.ro\/puzzle-adulti-1000-piese-vintage-collage-flowers-flori\/p\/\",\"name\":\"Puzzle - Vintage Collage - 1000 Piese - 3\",\"isPartOf\":{\"@id\":\"https:\/\/business.roovi.com\/ro\/#website\"},\"datePublished\":\"2018-09-05T11:45:27+00:00\",\"dateModified\":\"2023-03-20T21:35:34+00:00\",\"description\":\"Puzzle - Vintage Collage - 1000 Piese - 3 Puzzle colec\u021bie de afi\u0219e vintage.\",\"breadcrumb\":{\"@id\":\"https:\/\/www.roovi.ro\/puzzle-adulti-1000-piese-vintage-collage-flowers-flori\/p\/#breadcrumb\"},\"inLanguage\":\"ro-RO\",\"potentialAction\":[{\"@type\":\"ReadAction\",\"target\":[\"https:\/\/www.roovi.ro\/puzzle-adulti-1000-piese-vintage-collage-flowers-flori\/p\/\"]}]},{\"@type\":\"BreadcrumbList\",\"@id\":\"https:\/\/www.roovi.ro\/puzzle-adulti-1000-piese-vintage-collage-flowers-flori\/p\/#breadcrumb\",\"itemListElement\":[{\"@type\":\"ListItem\",\"position\":1,\"name\":\"Home\",\"item\":\"https:\/\/business.roovi.com\/ro\/\"},{\"@type\":\"ListItem\",\"position\":2,\"name\":\"Magazin\",\"item\":\"https:\/\/business.roovi.com\/ro\/magazin\/\"},{\"@type\":\"ListItem\",\"position\":3,\"name\":\"Puzzle adul\u021bi 1000 piese Vintage Collage &#8211; Flowers \/ Flori\"}]},{\"@type\":\"WebSite\",\"@id\":\"https:\/\/business.roovi.com\/ro\/#website\",\"url\":\"https:\/\/business.roovi.com\/ro\/\",\"name\":\"Roovi B2B\",\"description\":\"Roovi Business Website\",\"potentialAction\":[{\"@type\":\"SearchAction\",\"target\":{\"@type\":\"EntryPoint\",\"urlTemplate\":\"https:\/\/business.roovi.com\/ro\/?s={search_term_string}\"},\"query-input\":\"required name=search_term_string\"}],\"inLanguage\":\"ro-RO\"}]}<\/script>\n<!-- \/ Yoast SEO plugin. -->","yoast_head_json":{"title":"Puzzle - Vintage Collage - 1000 Piese - 3","description":"Puzzle - Vintage Collage - 1000 Piese - 3 Puzzle colec\u021bie de afi\u0219e vintage.","robots":{"index":"index","follow":"follow","max-snippet":"max-snippet:-1","max-image-preview":"max-image-preview:large","max-video-preview":"max-video-preview:-1"},"canonical":"https:\/\/www.roovi.ro\/puzzle-adulti-1000-piese-vintage-collage-flowers-flori\/p\/","og_locale":"ro_RO","og_type":"article","og_title":"Puzzle - Vintage Collage - 1000 Piese - 3","og_description":"Puzzle - Vintage Collage - 1000 Piese - 3 Puzzle colec\u021bie de afi\u0219e vintage.","og_url":"https:\/\/www.roovi.ro\/puzzle-adulti-1000-piese-vintage-collage-flowers-flori\/p\/","og_site_name":"Roovi B2B","article_publisher":"https:\/\/www.facebook.com\/wwwjucariero","article_modified_time":"2023-03-20T21:35:34+00:00","og_image":[{"width":1200,"height":1200,"url":"https:\/\/business.roovi.com\/wp-content\/uploads\/2018\/09\/74362-03_ansamblu_dimensiuni_cutie_cm_orizontal_1200x1200.png","type":"image\/png"}],"twitter_misc":{"Timp estimat pentru citire":"3 minute"},"schema":{"@context":"https:\/\/schema.org","@graph":[{"@type":"WebPage","@id":"https:\/\/business.roovi.com\/ro\/puzzle-adulti-1000-piese-vintage-collage-flowers-flori\/p\/","url":"https:\/\/www.roovi.ro\/puzzle-adulti-1000-piese-vintage-collage-flowers-flori\/p\/","name":"Puzzle - Vintage Collage - 1000 Piese - 3","isPartOf":{"@id":"https:\/\/business.roovi.com\/ro\/#website"},"datePublished":"2018-09-05T11:45:27+00:00","dateModified":"2023-03-20T21:35:34+00:00","description":"Puzzle - Vintage Collage - 1000 Piese - 3 Puzzle colec\u021bie de afi\u0219e vintage.","breadcrumb":{"@id":"https:\/\/www.roovi.ro\/puzzle-adulti-1000-piese-vintage-collage-flowers-flori\/p\/#breadcrumb"},"inLanguage":"ro-RO","potentialAction":[{"@type":"ReadAction","target":["https:\/\/www.roovi.ro\/puzzle-adulti-1000-piese-vintage-collage-flowers-flori\/p\/"]}]},{"@type":"BreadcrumbList","@id":"https:\/\/www.roovi.ro\/puzzle-adulti-1000-piese-vintage-collage-flowers-flori\/p\/#breadcrumb","itemListElement":[{"@type":"ListItem","position":1,"name":"Home","item":"https:\/\/business.roovi.com\/ro\/"},{"@type":"ListItem","position":2,"name":"Magazin","item":"https:\/\/business.roovi.com\/ro\/magazin\/"},{"@type":"ListItem","position":3,"name":"Puzzle adul\u021bi 1000 piese Vintage Collage &#8211; Flowers \/ Flori"}]},{"@type":"WebSite","@id":"https:\/\/business.roovi.com\/ro\/#website","url":"https:\/\/business.roovi.com\/ro\/","name":"Roovi B2B","description":"Roovi Business Website","potentialAction":[{"@type":"SearchAction","target":{"@type":"EntryPoint","urlTemplate":"https:\/\/business.roovi.com\/ro\/?s={search_term_string}"},"query-input":"required name=search_term_string"}],"inLanguage":"ro-RO"}]}},"_links":{"self":[{"href":"https:\/\/business.roovi.com\/ro\/wp-json\/wp\/v2\/product\/19289","targetHints":{"allow":["GET"]}}],"collection":[{"href":"https:\/\/business.roovi.com\/ro\/wp-json\/wp\/v2\/product"}],"about":[{"href":"https:\/\/business.roovi.com\/ro\/wp-json\/wp\/v2\/types\/product"}],"version-history":[{"count":0,"href":"https:\/\/business.roovi.com\/ro\/wp-json\/wp\/v2\/product\/19289\/revisions"}],"wp:featuredmedia":[{"embeddable":true,"href":"https:\/\/business.roovi.com\/ro\/wp-json\/wp\/v2\/media\/19275"}],"wp:attachment":[{"href":"https:\/\/business.roovi.com\/ro\/wp-json\/wp\/v2\/media?parent=19289"}],"wp:term":[{"taxonomy":"product_brand","embeddable":true,"href":"https:\/\/business.roovi.com\/ro\/wp-json\/wp\/v2\/product_brand?post=19289"},{"taxonomy":"product_cat","embeddable":true,"href":"https:\/\/business.roovi.com\/ro\/wp-json\/wp\/v2\/product_cat?post=19289"},{"taxonomy":"product_tag","embeddable":true,"href":"https:\/\/business.roovi.com\/ro\/wp-json\/wp\/v2\/product_tag?post=19289"}],"curies":[{"name":"wp","href":"https:\/\/api.w.org\/{rel}","templated":true}]}}