{"id":19319,"date":"2018-09-05T15:17:45","date_gmt":"2018-09-05T15:17:45","guid":{"rendered":"https:\/\/business.roovi.com\/product\/puzzle-peisaje-de-zi-1000-piese-17\/"},"modified":"2023-03-20T21:35:28","modified_gmt":"2023-03-20T21:35:28","slug":"puzzle-adulti-1000-piese-peisaje-de-zi-rothenburg-germania","status":"publish","type":"product","link":"https:\/\/business.roovi.com\/ro\/puzzle-adulti-1000-piese-peisaje-de-zi-rothenburg-germania\/p\/","title":{"rendered":"Puzzle adul\u021bi 1000 piese Peisaje de zi &#8211; Rothenburg, Germania"},"content":{"rendered":"<p><strong><em>Descoper\u0103 destina\u021bii de poveste din Europa prin intermediul unei colec\u021bii inedite: puzzle adul\u021bi 1000 piese Peisaje de zi.\u00a0<\/em><\/strong><\/p>\n<p><span style=\"font-weight: 400;\">Puzzle 1000 Rothenburg te provoac\u0103 s\u0103 refaci o imagine pitoreasc\u0103 a zonei <\/span><span style=\"font-weight: 400;\">Pl\u00f6nlein<\/span><span style=\"font-weight: 400;\">, una dintre cele mai populare loca\u021bii din centru vechi al ora\u0219ului<\/span><span style=\"font-weight: 400;\">,<\/span><span style=\"font-weight: 400;\"> av\u00e2nd pe fundal dou\u0103 turnuri emblematice din ora\u0219, construite \u00een secolul al XIII-lea.<\/span><\/p>\n<p><span style=\"font-weight: 400;\">Atunci c\u00e2nd vrei s\u0103 ie\u0219i din rutina zilnic\u0103 \u0219i s\u0103 te deconectezi de la cotidian, acest joc puzzle cu design deosebit este o adev\u0103rat\u0103 terapie prin culoare. Iar tabloul rezultat aduce optimism \u0219i personalitate oric\u0103rui loc anost \u00een care decizi s\u0103 \u00eel expui.<\/span><\/p>\n<p><span style=\"font-weight: 400;\">Rothenburg ob der Tauber <\/span><span style=\"font-weight: 400;\">este unul dintre ora\u0219ele medievale care s-a conservat cel mai bine de-a lungul vremii \u0219i <\/span><span style=\"font-weight: 400;\">se \u00eenscrie pe a\u0219a-numitul <\/span><em><span style=\"font-weight: 400;\">Romantische Stra\u00dfe &#8211; Traseul romantic<\/span><\/em><span style=\"font-weight: 400;\"> de-a lungul c\u0103ruia se pot vizita o serie de obiective ce dateaz\u0103 din epoca medieval\u0103.\u00a0<\/span><\/p>\n<p><span style=\"font-weight: 400;\">A\u0219ezarea pitoreasc\u0103 pe pe malurile abrupte ale r\u00e2ului Tauber, zidurile \u0219i turnurile care arat\u0103 la fel ca \u00een secolul al XVI-lea, str\u0103du\u021bele pietruite \u0219i casele \u00een culori armonioase fac din aceast\u0103 destina\u021bie o bijuterie turistic\u0103, unde poposesc turi\u0219ti din toat\u0103 lumea.<\/span><\/p>\n<p><span style=\"font-weight: 400;\">Ia o pauz\u0103 de la agita\u021bia cotidian\u0103, asambleaz\u0103 puzzle adul\u021bi 1000 piese <\/span><span style=\"font-weight: 400;\">Rothenburg din colec\u021bia puzzle Peisaje de zi \u0219i las\u0103-te purtat pe str\u0103zile unui ora\u0219 de poveste.<\/span><\/p>\n<p><strong>De ce s\u0103 alegi puzzle 1000 piese <\/strong><strong>Rothenburg, Germania?<\/strong><\/p>\n<p><span style=\"font-weight: 400;\">Este o modalitate relaxant\u0103 de a descoperi \u00een mod inedit o loca\u021bie celebr\u0103, cu istorie \u00eendelungat\u0103 \u0219i simbolistic\u0103 aparte.<\/span><\/p>\n<p><span style=\"font-weight: 400;\">\u00ce\u021bi dezvol\u021bi abilit\u0103\u021bi diverse precum coordonarea, dexteritatea \u0219i mobilitatea fin\u0103.<\/span><\/p>\n<p><span style=\"font-weight: 400;\">Po\u021bi profita de aceast\u0103 ocazie pentru a-\u021bi petrece timpul cu familia sau pentru a socializa mai mult cu prietenii.<\/span><\/p>\n<p><span style=\"font-weight: 400;\">Un joc puzzle este oric\u00e2nd un prilej pentru a te deconecta de la ecranele dispozitivelor mobile.<\/span><\/p>\n<p><span style=\"font-weight: 400;\">\u00ce\u021bi creezi un tablou cu dimensiunile de 68 x 47 cm care va fi un decor minunat pentru casa ta.<\/span><\/p>\n<p><span style=\"font-weight: 400;\">Este produs din carton albastru de foarte bun\u0103 calitate, piesele se \u00eembin\u0103 perfect \u0219i cu ajutorul lor ob\u021bii o imagine des\u0103v\u00e2r\u0219it\u0103 la fiecare asamblare.<\/span><\/p>\n<p><span style=\"font-weight: 400;\">Materialele din puzzle 1000 piese sunt reciclabile \u0219i sustenabile.<\/span><\/p>\n<p><span style=\"font-weight: 400;\">Are finisaj semi-lucios \u0219i culori pl\u0103cute care scot \u00een eviden\u021b\u0103 frumuse\u021bea imaginii.<\/span><\/p>\n<p><span style=\"font-weight: 400;\">Potrivit pentru persoanele cu v\u00e2rsta peste 14 ani &#8211; prilej de a-i antrena \u00een jocul puzzle \u0219i pe adolescen\u021bi.<\/span><\/p>\n<p><strong>\u0218tiai c\u0103\u2026?<\/strong><\/p>\n<p><span style=\"font-weight: 400;\">Una dintre atrac\u021biile ora\u0219ului este biserica Sf\u00e2ntul Iacob. Construit\u0103 \u00een 1485, este considerat\u0103 una dintre cele mai frumoase destina\u021bii de pelerinaj din Germania. Aici se p\u0103streaz\u0103 \u201cAltarul <\/span><span style=\"font-weight: 400;\">S\u00e2ngelui Sf\u00e2nt<\/span><span style=\"font-weight: 400;\">\u201d <\/span><span style=\"font-weight: 400;\">\u00a0ce \u00eenf\u0103\u021bi\u0219eaz\u0103 Cina cea de Tain\u0103. A fost <\/span><span style=\"font-weight: 400;\">conceput \u00een <\/span><span style=\"font-weight: 400;\">1505 pentru a p\u0103stra un recipient cu o pic\u0103tur\u0103 din s\u00e2ngele lui Iisus.<\/span><\/p>\n<p><span style=\"font-weight: 400;\">Tot aici poate fi vizitat \u0219i Muzeul Cr\u0103ciunului unde se pot admira exponate care descriu evolu\u021bia acestei s\u0103rb\u0103tori \u00een Germania. L\u00e2ng\u0103 el exist\u0103 \u0219i Magazinul Cr\u0103ciunului \u00een fa\u021ba c\u0103ruia este parcat\u0103 <\/span><span style=\"font-weight: 400;\">\u201c<\/span><span style=\"font-weight: 400;\">ma\u0219ina<\/span><span style=\"font-weight: 400;\">\u201d<\/span><span style=\"font-weight: 400;\"> Mo\u0219ulu<\/span><span style=\"font-weight: 400;\">i<\/span><span style=\"font-weight: 400;\">, cu care, cel mai probabil, simpaticul b\u0103tr\u00e2nel \u00ee\u0219i face aprovizionarea :).<\/span><\/p>\n<p><strong>Puzzle 1000 piese <\/strong><strong>Rothenburg conecteaz\u0103 oamenii<\/strong><\/p>\n<p><span style=\"font-weight: 400;\">Dac\u0103 vrei s\u0103 petreci mai mult timp cu copii t\u0103i \u0219i s\u0103 \u00eei \u021bii departe de lumea virtual\u0103, puzzle 1000 piese<\/span> <span style=\"font-weight: 400;\">Rothenburg este prilejul perfect. Acest minunat joc puzzle reune\u0219te familia \u0219i te ajut\u0103 s\u0103 comunici mai bine cu cei dragi.\u00a0<\/span><\/p>\n<p><span style=\"font-weight: 400;\">C\u00e2nd sta\u021bi cu to\u021bii relaxa\u021bi \u0219i \u00eencerca\u021bi pune\u021bi piesele \u00een ordinea potrivit\u0103, exersa\u021bi lucrul \u00een echip\u0103 \u0219i cooperarea. Este mult mai u\u0219or s\u0103 v\u0103 deschide\u021bi sufletele \u0219i s\u0103 v\u0103 cunoa\u0219te\u021bi mai bine. Profit\u0103 a\u0219adar de jocul puzzle \u0219i \u00eent\u0103re\u0219te-\u021bi rela\u021biile cu membrii familiei.<\/span><\/p>\n<p><span style=\"font-weight: 400;\">Descoper\u0103 toate jocurile puzzle din gama puzzle adul\u021bi Peisaje de zi \u0219i alc\u0103tuie\u0219te-\u021bi o colec\u021bie original\u0103 de tablouri din mii de piese puzzle.\u00a0<\/span><\/p>\n<p>\u00a0<\/p>\n","protected":false},"excerpt":{"rendered":"<p>Descoper\u0103 destina\u021bii de poveste din Europa prin intermediul unei colec\u021bii inedite: puzzle adul\u021bi 1000 piese Peisaje de zi.\u00a0 Puzzle 1000<\/p>\n","protected":false},"featured_media":19305,"template":"","meta":[],"product_brand":[],"product_cat":[1454,1488,1560],"product_tag":[],"class_list":{"0":"post-19319","1":"product","2":"type-product","3":"status-publish","4":"has-post-thumbnail","6":"product_cat-puzzle","7":"product_cat-puzzle-adulti","8":"product_cat-puzzle-adulti-1000","9":"pa_brand-d_toys","10":"pa_country_of_manufacture-ro","11":"pa_filter_age-1315","12":"pa_painter-landscapes","13":"pa_tip_ambalaj-cutie","14":"pa_tip_puzzle-clasic","16":"first","17":"instock","18":"taxable","19":"shipping-taxable","20":"product-type-simple"},"yoast_head":"<!-- This site is optimized with the Yoast SEO plugin v20.1 - https:\/\/yoast.com\/wordpress\/plugins\/seo\/ -->\n<title>Puzzle - Peisaje de Zi - 1000 Piese - 17<\/title>\n<meta name=\"description\" content=\"Puzzle - Peisaje de Zi - 1000 Piese - 17 Gama Puzzle 1000 piese Peisaje de zi con\u021bine puzzle-uri care prezint\u0103 imagini minunate cu locuri celebre. Descoperi\u021bi atrac\u021biile faimoase!\" \/>\n<meta name=\"robots\" content=\"index, follow, max-snippet:-1, max-image-preview:large, max-video-preview:-1\" \/>\n<link rel=\"canonical\" href=\"https:\/\/www.roovi.ro\/puzzle-adulti-1000-piese-peisaje-de-zi-rothenburg-germania\/p\/\" \/>\n<meta property=\"og:locale\" content=\"ro_RO\" \/>\n<meta property=\"og:type\" content=\"article\" \/>\n<meta property=\"og:title\" content=\"Puzzle - Peisaje de Zi - 1000 Piese - 17\" \/>\n<meta property=\"og:description\" content=\"Puzzle - Peisaje de Zi - 1000 Piese - 17 Gama Puzzle 1000 piese Peisaje de zi con\u021bine puzzle-uri care prezint\u0103 imagini minunate cu locuri celebre. Descoperi\u021bi atrac\u021biile faimoase!\" \/>\n<meta property=\"og:url\" content=\"https:\/\/www.roovi.ro\/puzzle-adulti-1000-piese-peisaje-de-zi-rothenburg-germania\/p\/\" \/>\n<meta property=\"og:site_name\" content=\"Roovi B2B\" \/>\n<meta property=\"article:publisher\" content=\"https:\/\/www.facebook.com\/wwwjucariero\" \/>\n<meta property=\"article:modified_time\" content=\"2023-03-20T21:35:28+00:00\" \/>\n<meta property=\"og:image\" content=\"https:\/\/business.roovi.com\/wp-content\/uploads\/2018\/09\/62154-17_ansamblu_dimensiuni_cutie_cm_orizontal.png\" \/>\n\t<meta property=\"og:image:width\" content=\"1200\" \/>\n\t<meta property=\"og:image:height\" content=\"1200\" \/>\n\t<meta property=\"og:image:type\" content=\"image\/png\" \/>\n<meta name=\"twitter:label1\" content=\"Timp estimat pentru citire\" \/>\n\t<meta name=\"twitter:data1\" content=\"3 minute\" \/>\n<script type=\"application\/ld+json\" class=\"yoast-schema-graph\">{\"@context\":\"https:\/\/schema.org\",\"@graph\":[{\"@type\":\"WebPage\",\"@id\":\"https:\/\/business.roovi.com\/ro\/puzzle-adulti-1000-piese-peisaje-de-zi-rothenburg-germania\/p\/\",\"url\":\"https:\/\/www.roovi.ro\/puzzle-adulti-1000-piese-peisaje-de-zi-rothenburg-germania\/p\/\",\"name\":\"Puzzle - Peisaje de Zi - 1000 Piese - 17\",\"isPartOf\":{\"@id\":\"https:\/\/business.roovi.com\/ro\/#website\"},\"datePublished\":\"2018-09-05T15:17:45+00:00\",\"dateModified\":\"2023-03-20T21:35:28+00:00\",\"description\":\"Puzzle - Peisaje de Zi - 1000 Piese - 17 Gama Puzzle 1000 piese Peisaje de zi con\u021bine puzzle-uri care prezint\u0103 imagini minunate cu locuri celebre. Descoperi\u021bi atrac\u021biile faimoase!\",\"breadcrumb\":{\"@id\":\"https:\/\/www.roovi.ro\/puzzle-adulti-1000-piese-peisaje-de-zi-rothenburg-germania\/p\/#breadcrumb\"},\"inLanguage\":\"ro-RO\",\"potentialAction\":[{\"@type\":\"ReadAction\",\"target\":[\"https:\/\/www.roovi.ro\/puzzle-adulti-1000-piese-peisaje-de-zi-rothenburg-germania\/p\/\"]}]},{\"@type\":\"BreadcrumbList\",\"@id\":\"https:\/\/www.roovi.ro\/puzzle-adulti-1000-piese-peisaje-de-zi-rothenburg-germania\/p\/#breadcrumb\",\"itemListElement\":[{\"@type\":\"ListItem\",\"position\":1,\"name\":\"Home\",\"item\":\"https:\/\/business.roovi.com\/ro\/\"},{\"@type\":\"ListItem\",\"position\":2,\"name\":\"Magazin\",\"item\":\"https:\/\/business.roovi.com\/ro\/magazin\/\"},{\"@type\":\"ListItem\",\"position\":3,\"name\":\"Puzzle adul\u021bi 1000 piese Peisaje de zi &#8211; Rothenburg, Germania\"}]},{\"@type\":\"WebSite\",\"@id\":\"https:\/\/business.roovi.com\/ro\/#website\",\"url\":\"https:\/\/business.roovi.com\/ro\/\",\"name\":\"Roovi B2B\",\"description\":\"Roovi Business Website\",\"potentialAction\":[{\"@type\":\"SearchAction\",\"target\":{\"@type\":\"EntryPoint\",\"urlTemplate\":\"https:\/\/business.roovi.com\/ro\/?s={search_term_string}\"},\"query-input\":\"required name=search_term_string\"}],\"inLanguage\":\"ro-RO\"}]}<\/script>\n<!-- \/ Yoast SEO plugin. -->","yoast_head_json":{"title":"Puzzle - Peisaje de Zi - 1000 Piese - 17","description":"Puzzle - Peisaje de Zi - 1000 Piese - 17 Gama Puzzle 1000 piese Peisaje de zi con\u021bine puzzle-uri care prezint\u0103 imagini minunate cu locuri celebre. Descoperi\u021bi atrac\u021biile faimoase!","robots":{"index":"index","follow":"follow","max-snippet":"max-snippet:-1","max-image-preview":"max-image-preview:large","max-video-preview":"max-video-preview:-1"},"canonical":"https:\/\/www.roovi.ro\/puzzle-adulti-1000-piese-peisaje-de-zi-rothenburg-germania\/p\/","og_locale":"ro_RO","og_type":"article","og_title":"Puzzle - Peisaje de Zi - 1000 Piese - 17","og_description":"Puzzle - Peisaje de Zi - 1000 Piese - 17 Gama Puzzle 1000 piese Peisaje de zi con\u021bine puzzle-uri care prezint\u0103 imagini minunate cu locuri celebre. Descoperi\u021bi atrac\u021biile faimoase!","og_url":"https:\/\/www.roovi.ro\/puzzle-adulti-1000-piese-peisaje-de-zi-rothenburg-germania\/p\/","og_site_name":"Roovi B2B","article_publisher":"https:\/\/www.facebook.com\/wwwjucariero","article_modified_time":"2023-03-20T21:35:28+00:00","og_image":[{"width":1200,"height":1200,"url":"https:\/\/business.roovi.com\/wp-content\/uploads\/2018\/09\/62154-17_ansamblu_dimensiuni_cutie_cm_orizontal.png","type":"image\/png"}],"twitter_misc":{"Timp estimat pentru citire":"3 minute"},"schema":{"@context":"https:\/\/schema.org","@graph":[{"@type":"WebPage","@id":"https:\/\/business.roovi.com\/ro\/puzzle-adulti-1000-piese-peisaje-de-zi-rothenburg-germania\/p\/","url":"https:\/\/www.roovi.ro\/puzzle-adulti-1000-piese-peisaje-de-zi-rothenburg-germania\/p\/","name":"Puzzle - Peisaje de Zi - 1000 Piese - 17","isPartOf":{"@id":"https:\/\/business.roovi.com\/ro\/#website"},"datePublished":"2018-09-05T15:17:45+00:00","dateModified":"2023-03-20T21:35:28+00:00","description":"Puzzle - Peisaje de Zi - 1000 Piese - 17 Gama Puzzle 1000 piese Peisaje de zi con\u021bine puzzle-uri care prezint\u0103 imagini minunate cu locuri celebre. Descoperi\u021bi atrac\u021biile faimoase!","breadcrumb":{"@id":"https:\/\/www.roovi.ro\/puzzle-adulti-1000-piese-peisaje-de-zi-rothenburg-germania\/p\/#breadcrumb"},"inLanguage":"ro-RO","potentialAction":[{"@type":"ReadAction","target":["https:\/\/www.roovi.ro\/puzzle-adulti-1000-piese-peisaje-de-zi-rothenburg-germania\/p\/"]}]},{"@type":"BreadcrumbList","@id":"https:\/\/www.roovi.ro\/puzzle-adulti-1000-piese-peisaje-de-zi-rothenburg-germania\/p\/#breadcrumb","itemListElement":[{"@type":"ListItem","position":1,"name":"Home","item":"https:\/\/business.roovi.com\/ro\/"},{"@type":"ListItem","position":2,"name":"Magazin","item":"https:\/\/business.roovi.com\/ro\/magazin\/"},{"@type":"ListItem","position":3,"name":"Puzzle adul\u021bi 1000 piese Peisaje de zi &#8211; Rothenburg, Germania"}]},{"@type":"WebSite","@id":"https:\/\/business.roovi.com\/ro\/#website","url":"https:\/\/business.roovi.com\/ro\/","name":"Roovi B2B","description":"Roovi Business Website","potentialAction":[{"@type":"SearchAction","target":{"@type":"EntryPoint","urlTemplate":"https:\/\/business.roovi.com\/ro\/?s={search_term_string}"},"query-input":"required name=search_term_string"}],"inLanguage":"ro-RO"}]}},"_links":{"self":[{"href":"https:\/\/business.roovi.com\/ro\/wp-json\/wp\/v2\/product\/19319","targetHints":{"allow":["GET"]}}],"collection":[{"href":"https:\/\/business.roovi.com\/ro\/wp-json\/wp\/v2\/product"}],"about":[{"href":"https:\/\/business.roovi.com\/ro\/wp-json\/wp\/v2\/types\/product"}],"version-history":[{"count":0,"href":"https:\/\/business.roovi.com\/ro\/wp-json\/wp\/v2\/product\/19319\/revisions"}],"wp:featuredmedia":[{"embeddable":true,"href":"https:\/\/business.roovi.com\/ro\/wp-json\/wp\/v2\/media\/19305"}],"wp:attachment":[{"href":"https:\/\/business.roovi.com\/ro\/wp-json\/wp\/v2\/media?parent=19319"}],"wp:term":[{"taxonomy":"product_brand","embeddable":true,"href":"https:\/\/business.roovi.com\/ro\/wp-json\/wp\/v2\/product_brand?post=19319"},{"taxonomy":"product_cat","embeddable":true,"href":"https:\/\/business.roovi.com\/ro\/wp-json\/wp\/v2\/product_cat?post=19319"},{"taxonomy":"product_tag","embeddable":true,"href":"https:\/\/business.roovi.com\/ro\/wp-json\/wp\/v2\/product_tag?post=19319"}],"curies":[{"name":"wp","href":"https:\/\/api.w.org\/{rel}","templated":true}]}}