{"id":19339,"date":"2018-09-05T16:16:33","date_gmt":"2018-09-05T16:16:33","guid":{"rendered":"https:\/\/business.roovi.com\/product\/puzzle-imagini-din-romania-manastirea-curtea-de-arges-1000-piese\/"},"modified":"2023-03-20T21:35:23","modified_gmt":"2023-03-20T21:35:23","slug":"puzzle-1000-piese-imagini-din-romania-manastirea-curtea-de-arges","status":"publish","type":"product","link":"https:\/\/business.roovi.com\/ro\/puzzle-1000-piese-imagini-din-romania-manastirea-curtea-de-arges\/p\/","title":{"rendered":"Puzzle adul\u021bi 1000 piese &#8211; Imagini din Rom\u00e2nia &#8211; M\u0103n\u0103stirea Curtea de Arge\u0219"},"content":{"rendered":"<p><span style=\"font-weight: 400;\">M\u0103n\u0103stirea Curtea de Arge\u0219, ctitorie a lui Neagoe Basarab, este o construc\u021bie impresionant\u0103, at\u00e2t din punct de vedere arhitectural, c\u00e2t \u0219i al picturilor interioare.<\/span><\/p>\n<p><span style=\"font-weight: 400;\">Ridicat\u0103 pe locul fostei Mitropolii a \u021a\u0103rii Rom\u00e2ne\u0219ti, \u00eentemeiat\u0103 de Vlad \u021aepe\u0219 \u00een secolul al XV-lea, M\u0103n\u0103stirea Curtea de Arge\u0219 ad\u0103poste\u0219te \u00een prezent necropola familiei Regale a Rom\u00e2niei, dar \u0219i moa\u0219tele mai multor sfin\u021bi. De aici vegheaz\u0103 \u00een continuare asupra Rom\u00e2niei Regele Carol I \u0219i Regina Elisabeta, Regele Ferdinand \u0219i Regina Maria, iar al\u0103turi de ei se afl\u0103 acum \u0219i Regele Mihai I.<\/span><\/p>\n<p><span style=\"font-weight: 400;\">Construc\u021bia m\u0103n\u0103stirii i-a fost \u00eencredin\u021bat\u0103 unui me\u0219ter iscusit, de amintirea c\u0103ruia se leag\u0103 una dintre cele mai cunoscute legende rom\u00e2ne\u0219ti &#8211; Legenda Me\u0219terului Manole.\u00a0<\/span><\/p>\n<p><span style=\"font-weight: 400;\">La forma actual\u0103 a m\u0103n\u0103stirii a contribuit arhitectul francez Andre Lecomte du Nouy, \u00een a doua jum\u0103tate a secolului al XIX-lea, care a decis \u00eens\u0103 s\u0103 modifice o parte dintre frescele interioare originale, \u0219tirbind astfel valoarea sa artistic\u0103 \u0219i istoric\u0103.<\/span><\/p>\n<p><span style=\"font-weight: 400;\">Prin intermediul unui puzzle 1000 piese ai posibilitatea s\u0103 admiri \u00eendeaproape detaliile arhitecturale fascinante ale M\u0103n\u0103stirii Curtea de Arge\u0219 \u0219i s\u0103 compui pies\u0103 cu pies\u0103 imaginea panoramic\u0103 a m\u0103n\u0103stirii \u0219i a parcului ce o \u00eencadreaz\u0103.\u00a0<\/span><\/p>\n<h2><span style=\"font-weight: 400;\">De ce s\u0103 alegi un puzzle adul\u021bi 1000 piese Imagini din Rom\u00e2nia<\/span><\/h2>\n<ul>\n<li><span style=\"font-weight: 400;\">Un puzzle este o modalitate relaxant\u0103 de a descoperi frumuse\u021bea \u0219i unicitatea unor obiective turistice foarte apreciate, de care se leag\u0103 legende binecunoscute.<\/span><\/li>\n<li><span style=\"font-weight: 400;\">La final, vei ob\u021bine un tablou fascinant al M\u0103n\u0103stirii Curtea de Arge\u0219, ce poate deveni un decor \u00eendelung admirat.\u00a0<\/span><\/li>\n<li><span style=\"font-weight: 400;\">Dimensiunea acestui puzzle este de 68 x 47 cm, suficient de mare pentru a deveni urm\u0103torul tablou cu care sa iti decorezi spa\u021biul personal.<\/span><\/li>\n<li><span style=\"font-weight: 400;\">Piesele sunt realizate din carton rezistent, de foarte bun\u0103 calitate, astfel c\u0103 imaginea poate fi asamblat\u0103 de mai multe ori, f\u0103r\u0103 ca piesele sa fie deteriorate.<\/span><\/li>\n<li><span style=\"font-weight: 400;\">Folosim materiale reciclabile \u0219i sustenabile pentru realizarea fiec\u0103rui puzzle.<\/span><\/li>\n<li><span style=\"font-weight: 400;\">Finisajul pl\u0103cut, semi lucios, eviden\u021biaz\u0103 culorile vii \u0219i confer\u0103 claritate imaginii.<\/span><\/li>\n<li><span style=\"font-weight: 400;\">Jocul de puzzle este un antrenament mental pre\u021bios, solicitand ambele emisfere cerebrale, ajut\u00e2nd astfel la \u00eembun\u0103t\u0103\u021birea memoriei.<\/span><\/li>\n<li><span style=\"font-weight: 400;\">Este o form\u0103 pl\u0103cut\u0103 de a antrena \u0219i men\u021bine coordonarea, motricitatea \u0219i dexteritatea, la orice v\u00e2rst\u0103.<\/span><\/li>\n<li><span style=\"font-weight: 400;\">Spore\u0219te aten\u021bia la detalii \u0219i concentrarea.<\/span><\/li>\n<li><span style=\"font-weight: 400;\">Este un joc potrivit de la 14 ani, cu un grad de complexitate mediu.<\/span><\/li>\n<\/ul>\n<h2><span style=\"font-weight: 400;\">\u0218tiai c\u0103\u2026<\/span><\/h2>\n<p><span style=\"font-weight: 400;\">Reu\u0219ita construc\u021biei frumoasei m\u0103n\u0103stiri are, din p\u0103cate, o funda\u021bie nu foarte fericit\u0103, ci mai degrab\u0103 \u00eens\u00e2ngerat\u0103, fondat\u0103 pe jertf\u0103 \u0219i vanitate.<\/span><\/p>\n<p><span style=\"font-weight: 400;\">Jertf\u0103 pentru c\u0103 Manole a putut duce la bun sf\u00e2r\u0219it lucr\u0103rile doar dup\u0103 ce a oferit o jertf\u0103 \u0219i \u0219i-a zidit so\u021bia, pe Ana, \u00eentre zidurile m\u0103n\u0103stirii, iar vanitate, pentru c\u0103 la finalul lucr\u0103rilor domnitorul a ordonat s\u0103 fie \u00eendep\u0103rtate schelele l\u0103s\u00e2ndu-i pe me\u0219teri pe acoperi\u0219, ca s\u0103 nu mai ridice o alt\u0103 construc\u021bie la fel de mare \u0219i frumoas\u0103 ca aceasta. Me\u0219terii, printre care \u0219i Manole, \u00een \u00eencercarea de a se salva, si-au construit aripi din \u0219indril\u0103 \u0219i s-au aruncat de pe acoperi\u0219 \u00een speran\u021ba c\u0103 vor putea zbura.\u00a0<\/span><\/p>\n<p><span style=\"font-weight: 400;\">F\u00e2nt\u00e2na Me\u0219terului Manole, de l\u00e2ng\u0103 zidurile m\u0103n\u0103stirii, se spune c\u0103 a ap\u0103rut \u00een locul \u00een care Manole a murit, c\u0103z\u00e2nd de pe acoperi\u0219.\u00a0<\/span><\/p>\n<p><span style=\"font-weight: 400;\">\u00cen interiorul m\u0103n\u0103stirii se afl\u0103 o Evanghelie scris\u0103 cu litere de aur chiar de Regina Elisabeta a Rom\u00e2niei.\u00a0<\/span><\/p>\n<h2><span style=\"font-weight: 400;\">Puzzle adul\u021bi 1000 piese &#8211; descoper\u0103 o activitate pl\u0103cut\u0103 \u0219i antrenant\u0103<\/span><\/h2>\n<p><span style=\"font-weight: 400;\">Alege s\u0103 descoperi Rom\u00e2nia \u00eentr-un mod inedit, prin asamblarea unui puzzle, \u0219i recompune pies\u0103 cu pies\u0103 o bijuterie arhitectural\u0103.\u00a0<\/span><\/p>\n<p><span style=\"font-weight: 400;\">Descoper\u0103 M\u0103n\u0103stirea Curtea de Arge\u0219 cu ajutorul unui puzzle 1000 piese \u0219i bucur\u0103-te de c\u00e2teva ore bune de relaxare creativ\u0103, \u00een timp ce descoperi piesele potrivite pentru a \u00eentregi imaginea.\u00a0<\/span><\/p>\n<p><span style=\"font-weight: 400;\">\u00cen plus, asamblarea unui puzzle cu imagini din Rom\u00e2nia este o activitate foarte pl\u0103cut\u0103, de reconectare cu originile. O incursiune \u00een istoria noastr\u0103 \u00eendelungat\u0103 \u0219i zbuciumat\u0103, prin intermediul c\u0103reia po\u021bi descoperi detalii \u0219i monumente impresionante, \u00een timp ce te destinzi \u0219i te deconectezi de la agita\u021bia cotidian\u0103.<\/span><\/p>\n","protected":false},"excerpt":{"rendered":"<p>M\u0103n\u0103stirea Curtea de Arge\u0219, ctitorie a lui Neagoe Basarab, este o construc\u021bie impresionant\u0103, at\u00e2t din punct de vedere arhitectural, c\u00e2t<\/p>\n","protected":false},"featured_media":19335,"template":"","meta":[],"product_brand":[],"product_cat":[1454,1488,1560],"product_tag":[],"class_list":{"0":"post-19339","1":"product","2":"type-product","3":"status-publish","4":"has-post-thumbnail","6":"product_cat-puzzle","7":"product_cat-puzzle-adulti","8":"product_cat-puzzle-adulti-1000","9":"pa_brand-d_toys","10":"pa_country_of_manufacture-ro","11":"pa_filter_age-1315","12":"pa_painter-romania","13":"pa_tip_ambalaj-cutie","14":"pa_tip_puzzle-clasic","16":"first","17":"instock","18":"taxable","19":"shipping-taxable","20":"product-type-simple"},"yoast_head":"<!-- This site is optimized with the Yoast SEO plugin v20.1 - https:\/\/yoast.com\/wordpress\/plugins\/seo\/ -->\n<title>Puzzle - Imagini din Rom\u00e2nia - M\u0103n\u0103stirea Curtea de Arge\u0219 - 1000 Piese<\/title>\n<meta name=\"description\" content=\"Puzzle - Imagini din Rom\u00e2nia - M\u0103n\u0103stirea Curtea de Arge\u0219 - 1000 Piese Gama Puzzle 1000 piese Imagini din Rom\u00e2nia con\u021bine puzzle-uri care prezint\u0103 imagini spectaculoase cu atrac\u021bii celebre din Rom\u00e2nia.\" \/>\n<meta name=\"robots\" content=\"index, follow, max-snippet:-1, max-image-preview:large, max-video-preview:-1\" \/>\n<link rel=\"canonical\" href=\"https:\/\/www.roovi.ro\/puzzle-1000-piese-imagini-din-romania-manastirea-curtea-de-arges\/p\/\" \/>\n<meta property=\"og:locale\" content=\"ro_RO\" \/>\n<meta property=\"og:type\" content=\"article\" \/>\n<meta property=\"og:title\" content=\"Puzzle - Imagini din Rom\u00e2nia - M\u0103n\u0103stirea Curtea de Arge\u0219 - 1000 Piese\" \/>\n<meta property=\"og:description\" content=\"Puzzle - Imagini din Rom\u00e2nia - M\u0103n\u0103stirea Curtea de Arge\u0219 - 1000 Piese Gama Puzzle 1000 piese Imagini din Rom\u00e2nia con\u021bine puzzle-uri care prezint\u0103 imagini spectaculoase cu atrac\u021bii celebre din Rom\u00e2nia.\" \/>\n<meta property=\"og:url\" content=\"https:\/\/www.roovi.ro\/puzzle-1000-piese-imagini-din-romania-manastirea-curtea-de-arges\/p\/\" \/>\n<meta property=\"og:site_name\" content=\"Roovi B2B\" \/>\n<meta property=\"article:publisher\" content=\"https:\/\/www.facebook.com\/wwwjucariero\" \/>\n<meta property=\"article:modified_time\" content=\"2023-03-20T21:35:23+00:00\" \/>\n<meta property=\"og:image\" content=\"https:\/\/business.roovi.com\/wp-content\/uploads\/2018\/09\/63038_14.jpg\" \/>\n\t<meta property=\"og:image:width\" content=\"1200\" \/>\n\t<meta property=\"og:image:height\" content=\"1200\" \/>\n\t<meta property=\"og:image:type\" content=\"image\/jpeg\" \/>\n<meta name=\"twitter:label1\" content=\"Timp estimat pentru citire\" \/>\n\t<meta name=\"twitter:data1\" content=\"3 minute\" \/>\n<script type=\"application\/ld+json\" class=\"yoast-schema-graph\">{\"@context\":\"https:\/\/schema.org\",\"@graph\":[{\"@type\":\"WebPage\",\"@id\":\"https:\/\/business.roovi.com\/ro\/puzzle-1000-piese-imagini-din-romania-manastirea-curtea-de-arges\/p\/\",\"url\":\"https:\/\/www.roovi.ro\/puzzle-1000-piese-imagini-din-romania-manastirea-curtea-de-arges\/p\/\",\"name\":\"Puzzle - Imagini din Rom\u00e2nia - M\u0103n\u0103stirea Curtea de Arge\u0219 - 1000 Piese\",\"isPartOf\":{\"@id\":\"https:\/\/business.roovi.com\/ro\/#website\"},\"datePublished\":\"2018-09-05T16:16:33+00:00\",\"dateModified\":\"2023-03-20T21:35:23+00:00\",\"description\":\"Puzzle - Imagini din Rom\u00e2nia - M\u0103n\u0103stirea Curtea de Arge\u0219 - 1000 Piese Gama Puzzle 1000 piese Imagini din Rom\u00e2nia con\u021bine puzzle-uri care prezint\u0103 imagini spectaculoase cu atrac\u021bii celebre din Rom\u00e2nia.\",\"breadcrumb\":{\"@id\":\"https:\/\/www.roovi.ro\/puzzle-1000-piese-imagini-din-romania-manastirea-curtea-de-arges\/p\/#breadcrumb\"},\"inLanguage\":\"ro-RO\",\"potentialAction\":[{\"@type\":\"ReadAction\",\"target\":[\"https:\/\/www.roovi.ro\/puzzle-1000-piese-imagini-din-romania-manastirea-curtea-de-arges\/p\/\"]}]},{\"@type\":\"BreadcrumbList\",\"@id\":\"https:\/\/www.roovi.ro\/puzzle-1000-piese-imagini-din-romania-manastirea-curtea-de-arges\/p\/#breadcrumb\",\"itemListElement\":[{\"@type\":\"ListItem\",\"position\":1,\"name\":\"Home\",\"item\":\"https:\/\/business.roovi.com\/ro\/\"},{\"@type\":\"ListItem\",\"position\":2,\"name\":\"Magazin\",\"item\":\"https:\/\/business.roovi.com\/ro\/magazin\/\"},{\"@type\":\"ListItem\",\"position\":3,\"name\":\"Puzzle adul\u021bi 1000 piese &#8211; Imagini din Rom\u00e2nia &#8211; M\u0103n\u0103stirea Curtea de Arge\u0219\"}]},{\"@type\":\"WebSite\",\"@id\":\"https:\/\/business.roovi.com\/ro\/#website\",\"url\":\"https:\/\/business.roovi.com\/ro\/\",\"name\":\"Roovi B2B\",\"description\":\"Roovi Business Website\",\"potentialAction\":[{\"@type\":\"SearchAction\",\"target\":{\"@type\":\"EntryPoint\",\"urlTemplate\":\"https:\/\/business.roovi.com\/ro\/?s={search_term_string}\"},\"query-input\":\"required name=search_term_string\"}],\"inLanguage\":\"ro-RO\"}]}<\/script>\n<!-- \/ Yoast SEO plugin. -->","yoast_head_json":{"title":"Puzzle - Imagini din Rom\u00e2nia - M\u0103n\u0103stirea Curtea de Arge\u0219 - 1000 Piese","description":"Puzzle - Imagini din Rom\u00e2nia - M\u0103n\u0103stirea Curtea de Arge\u0219 - 1000 Piese Gama Puzzle 1000 piese Imagini din Rom\u00e2nia con\u021bine puzzle-uri care prezint\u0103 imagini spectaculoase cu atrac\u021bii celebre din Rom\u00e2nia.","robots":{"index":"index","follow":"follow","max-snippet":"max-snippet:-1","max-image-preview":"max-image-preview:large","max-video-preview":"max-video-preview:-1"},"canonical":"https:\/\/www.roovi.ro\/puzzle-1000-piese-imagini-din-romania-manastirea-curtea-de-arges\/p\/","og_locale":"ro_RO","og_type":"article","og_title":"Puzzle - Imagini din Rom\u00e2nia - M\u0103n\u0103stirea Curtea de Arge\u0219 - 1000 Piese","og_description":"Puzzle - Imagini din Rom\u00e2nia - M\u0103n\u0103stirea Curtea de Arge\u0219 - 1000 Piese Gama Puzzle 1000 piese Imagini din Rom\u00e2nia con\u021bine puzzle-uri care prezint\u0103 imagini spectaculoase cu atrac\u021bii celebre din Rom\u00e2nia.","og_url":"https:\/\/www.roovi.ro\/puzzle-1000-piese-imagini-din-romania-manastirea-curtea-de-arges\/p\/","og_site_name":"Roovi B2B","article_publisher":"https:\/\/www.facebook.com\/wwwjucariero","article_modified_time":"2023-03-20T21:35:23+00:00","og_image":[{"width":1200,"height":1200,"url":"https:\/\/business.roovi.com\/wp-content\/uploads\/2018\/09\/63038_14.jpg","type":"image\/jpeg"}],"twitter_misc":{"Timp estimat pentru citire":"3 minute"},"schema":{"@context":"https:\/\/schema.org","@graph":[{"@type":"WebPage","@id":"https:\/\/business.roovi.com\/ro\/puzzle-1000-piese-imagini-din-romania-manastirea-curtea-de-arges\/p\/","url":"https:\/\/www.roovi.ro\/puzzle-1000-piese-imagini-din-romania-manastirea-curtea-de-arges\/p\/","name":"Puzzle - Imagini din Rom\u00e2nia - M\u0103n\u0103stirea Curtea de Arge\u0219 - 1000 Piese","isPartOf":{"@id":"https:\/\/business.roovi.com\/ro\/#website"},"datePublished":"2018-09-05T16:16:33+00:00","dateModified":"2023-03-20T21:35:23+00:00","description":"Puzzle - Imagini din Rom\u00e2nia - M\u0103n\u0103stirea Curtea de Arge\u0219 - 1000 Piese Gama Puzzle 1000 piese Imagini din Rom\u00e2nia con\u021bine puzzle-uri care prezint\u0103 imagini spectaculoase cu atrac\u021bii celebre din Rom\u00e2nia.","breadcrumb":{"@id":"https:\/\/www.roovi.ro\/puzzle-1000-piese-imagini-din-romania-manastirea-curtea-de-arges\/p\/#breadcrumb"},"inLanguage":"ro-RO","potentialAction":[{"@type":"ReadAction","target":["https:\/\/www.roovi.ro\/puzzle-1000-piese-imagini-din-romania-manastirea-curtea-de-arges\/p\/"]}]},{"@type":"BreadcrumbList","@id":"https:\/\/www.roovi.ro\/puzzle-1000-piese-imagini-din-romania-manastirea-curtea-de-arges\/p\/#breadcrumb","itemListElement":[{"@type":"ListItem","position":1,"name":"Home","item":"https:\/\/business.roovi.com\/ro\/"},{"@type":"ListItem","position":2,"name":"Magazin","item":"https:\/\/business.roovi.com\/ro\/magazin\/"},{"@type":"ListItem","position":3,"name":"Puzzle adul\u021bi 1000 piese &#8211; Imagini din Rom\u00e2nia &#8211; M\u0103n\u0103stirea Curtea de Arge\u0219"}]},{"@type":"WebSite","@id":"https:\/\/business.roovi.com\/ro\/#website","url":"https:\/\/business.roovi.com\/ro\/","name":"Roovi B2B","description":"Roovi Business Website","potentialAction":[{"@type":"SearchAction","target":{"@type":"EntryPoint","urlTemplate":"https:\/\/business.roovi.com\/ro\/?s={search_term_string}"},"query-input":"required name=search_term_string"}],"inLanguage":"ro-RO"}]}},"_links":{"self":[{"href":"https:\/\/business.roovi.com\/ro\/wp-json\/wp\/v2\/product\/19339","targetHints":{"allow":["GET"]}}],"collection":[{"href":"https:\/\/business.roovi.com\/ro\/wp-json\/wp\/v2\/product"}],"about":[{"href":"https:\/\/business.roovi.com\/ro\/wp-json\/wp\/v2\/types\/product"}],"version-history":[{"count":0,"href":"https:\/\/business.roovi.com\/ro\/wp-json\/wp\/v2\/product\/19339\/revisions"}],"wp:featuredmedia":[{"embeddable":true,"href":"https:\/\/business.roovi.com\/ro\/wp-json\/wp\/v2\/media\/19335"}],"wp:attachment":[{"href":"https:\/\/business.roovi.com\/ro\/wp-json\/wp\/v2\/media?parent=19339"}],"wp:term":[{"taxonomy":"product_brand","embeddable":true,"href":"https:\/\/business.roovi.com\/ro\/wp-json\/wp\/v2\/product_brand?post=19339"},{"taxonomy":"product_cat","embeddable":true,"href":"https:\/\/business.roovi.com\/ro\/wp-json\/wp\/v2\/product_cat?post=19339"},{"taxonomy":"product_tag","embeddable":true,"href":"https:\/\/business.roovi.com\/ro\/wp-json\/wp\/v2\/product_tag?post=19339"}],"curies":[{"name":"wp","href":"https:\/\/api.w.org\/{rel}","templated":true}]}}