{"id":19344,"date":"2018-09-05T16:19:52","date_gmt":"2018-09-05T16:19:52","guid":{"rendered":"https:\/\/business.roovi.com\/product\/puzzle-imagini-din-romania-casino-constanta-noaptea-1000-piese\/"},"modified":"2023-03-20T21:35:20","modified_gmt":"2023-03-20T21:35:20","slug":"puzzle-1000-piese-imagini-din-romania-cazinoul-din-constanta-noaptea","status":"publish","type":"product","link":"https:\/\/business.roovi.com\/ro\/puzzle-1000-piese-imagini-din-romania-cazinoul-din-constanta-noaptea\/p\/","title":{"rendered":"Puzzle adul\u021bi 1000 piese &#8211; Imagini din Rom\u00e2nia &#8211; Cazinoul din Constan\u021ba noaptea"},"content":{"rendered":"<p><span style=\"font-weight: 400;\">Cazinoul din Constan\u021ba este una dintre cl\u0103dirile emblematice \u0219i reprezentative ale ora\u0219ului, un simbol al vie\u021bii boeme \u0219i al zilelor \u00een care toat\u0103 protipendada ora\u0219ului defila pe promenad\u0103.\u00a0<\/span><\/p>\n<p><span style=\"font-weight: 400;\">Aflat chiar pe falez\u0103, \u00een apropierea celui mai mare port al Rom\u00e2niei &#8211; Portul Constan\u021ba, Cazinoul m\u0103rgine\u0219te centrul istoric al ora\u0219ului, \u00eens\u0103 pare c\u0103 \u0219i-a pierdut gloria \u0219i str\u0103lucirea de alt\u0103dat\u0103 pe m\u0103sur\u0103 ce zidurile s-au degradat.\u00a0<\/span><\/p>\n<p><span style=\"font-weight: 400;\">Cu toate acestea, arhitectura superb\u0103, \u00een stil Art Nouveau reu\u0219e\u0219te s\u0103 capteze privirile chiar \u0219i dincolo de pere\u021bii scoroji\u021bi \u0219i invit\u0103 privitorul s\u0103 \u00ee\u0219i imagineze splendoarea pe care cl\u0103direa Cazinoului a cunoscut-o odinioar\u0103 \u0219i o va cunoa\u0219te iar\u0103\u0219i, dup\u0103 procesul extins de renovare.<\/span><\/p>\n<p><span style=\"font-weight: 400;\">Construit \u00eentre anii 1904 &#8211; 1910 la ini\u021biativa regelui Carol I, a fost proiectat ini\u021bial \u00eentr-o \u00eembinare de stiluri arhitecturale rom\u00e2ne\u0219ti, \u00eens\u0103 proiectul a fost schimbat dup\u0103 \u00eenceperea lucr\u0103rilor pentru a alinia construc\u021bia la stilul celorlalte cazinouri din Europa, ce afi\u0219au extravagan\u021b\u0103 \u00een detalii, impuneau respect \u0219i invitau la elegan\u021b\u0103 \u00een \u021binut\u0103.\u00a0\u00a0\u00a0<\/span><\/p>\n<p><span style=\"font-weight: 400;\">Descoper\u0103 \u0219i admir\u0103 \u00eendeaproape detaliile arhitecturale fascinante ale Cazinoului din Constan\u021ba, \u00eenv\u0103luit \u00een lumin\u0103 sub cerul \u00eenstelat, prin intermediul unui puzzle 1000 piese.<\/span><\/p>\n<h2><span style=\"font-weight: 400;\">De ce s\u0103 alegi un puzzle adul\u021bi 1000 piese Imagini din Rom\u00e2nia<\/span><\/h2>\n<ul>\n<li><span style=\"font-weight: 400;\">Un puzzle este o modalitate relaxant\u0103 de a descoperi frumuse\u021bea \u0219i unicitatea unor obiective turistice emblematice, cu o istorie bogat\u0103.<\/span><\/li>\n<li><span style=\"font-weight: 400;\">La final, vei ob\u021bine un tablou fascinant al Cazinoului din Constan\u021ba, ce poate deveni un decor \u00eendelung admirat \u00een orice \u00eenc\u0103pere.\u00a0<\/span><\/li>\n<li><span style=\"font-weight: 400;\">Dimensiunea acestui puzzle este de 68 x 47 cm, suficient de mare pentru a deveni urm\u0103torul tablou cu care sa iti decorezi spa\u021biul personal.<\/span><\/li>\n<li><span style=\"font-weight: 400;\">Piesele sunt realizate din carton rezistent, de foarte bun\u0103 calitate, astfel c\u0103 imaginea poate fi asamblat\u0103 de mai multe ori, f\u0103r\u0103 ca piesele sa fie deteriorate.<\/span><\/li>\n<li><span style=\"font-weight: 400;\">Folosim materiale reciclabile \u0219i sustenabile pentru realizarea fiec\u0103rui puzzle.<\/span><\/li>\n<li><span style=\"font-weight: 400;\">Finisajul pl\u0103cut, semi lucios, eviden\u021biaz\u0103 culorile vii \u0219i confer\u0103 claritate imaginii.<\/span><\/li>\n<li><span style=\"font-weight: 400;\">Jocul de puzzle este un antrenament mental pre\u021bios, solicitand ambele emisfere cerebrale, ajut\u00e2nd astfel la \u00eembun\u0103t\u0103\u021birea memoriei.<\/span><\/li>\n<li><span style=\"font-weight: 400;\">Este o form\u0103 pl\u0103cut\u0103 de a antrena \u0219i men\u021bine coordonarea, motricitatea \u0219i dexteritatea, la orice v\u00e2rst\u0103.<\/span><\/li>\n<li><span style=\"font-weight: 400;\">Spore\u0219te aten\u021bia la detalii \u0219i concentrarea.<\/span><\/li>\n<li><span style=\"font-weight: 400;\">Este un joc potrivit de la 14 ani, cu un grad de complexitate mediu.<\/span><\/li>\n<\/ul>\n<h2><span style=\"font-weight: 400;\">\u0218tiai c\u0103\u2026<\/span><\/h2>\n<p><span style=\"font-weight: 400;\">Superba cl\u0103dire a Cazinoului a fost inaugurat\u0103 \u00een prezen\u021ba Principelui Ferdinand, la 15 august 1910 \u0219i a fost cel mai mare edificiu de acest fel de pe teritoriul Rom\u00e2niei.\u00a0<\/span><\/p>\n<p><span style=\"font-weight: 400;\">Pentru distrac\u021bia \u0219i buna dispozi\u021bie a vizitatorilor, Cazinoul din Constan\u021ba organiza jocuri de rulet\u0103, blackjack, baccarat, spectacole de teatru \u0219i mese somptuoase \u00een decorul feeric al restaurantului de pe falez\u0103, \u00een acordurile valurilor ce se sp\u0103rgeau de st\u00e2nci.<\/span><\/p>\n<p><span style=\"font-weight: 400;\">\u00cen anul 1912 a fost ad\u0103ugat un pavilion restaurant \u00een fa\u021ba Cazinoului, o construc\u021bie interesant\u0103 ce ast\u0103zi ad\u0103poste\u0219te Acvariul din Constan\u021ba.\u00a0<\/span><\/p>\n<h2><span style=\"font-weight: 400;\">Puzzle adul\u021bi 1000 piese &#8211; descoper\u0103 o activitate pl\u0103cut\u0103 \u0219i antrenant\u0103<\/span><\/h2>\n<p><span style=\"font-weight: 400;\">Alege s\u0103 descoperi Rom\u00e2nia \u00eentr-un mod inedit, prin asamblarea unui puzzle, \u0219i recompune pies\u0103 cu pies\u0103 o bijuterie arhitectural\u0103 emblematic\u0103.\u00a0<\/span><\/p>\n<p><span style=\"font-weight: 400;\">Descoper\u0103 Cazinoul din Constan\u021ba cu ajutorul unui puzzle 1000 piese \u0219i bucur\u0103-te de c\u00e2teva ore bune de relaxare creativ\u0103, \u00een timp ce descoperi piesele potrivite pentru a \u00eentregi imaginea.\u00a0<\/span><\/p>\n<p><span style=\"font-weight: 400;\">\u00cen plus, asamblarea unui puzzle cu imagini din Rom\u00e2nia este o activitate foarte pl\u0103cut\u0103, de reconectare cu originile. O incursiune \u00een istoria noastr\u0103 \u00eendelungat\u0103 \u0219i zbuciumat\u0103, prin intermediul c\u0103reia po\u021bi descoperi detalii \u0219i monumente impresionante, \u00een timp ce te destinzi \u0219i te deconectezi de la agita\u021bia cotidian\u0103.<\/span><\/p>\n<p>\u00a0<\/p>\n","protected":false},"excerpt":{"rendered":"<p>Cazinoul din Constan\u021ba este una dintre cl\u0103dirile emblematice \u0219i reprezentative ale ora\u0219ului, un simbol al vie\u021bii boeme \u0219i al zilelor<\/p>\n","protected":false},"featured_media":19340,"template":"","meta":[],"product_brand":[],"product_cat":[1454,1488,1560],"product_tag":[],"class_list":{"0":"post-19344","1":"product","2":"type-product","3":"status-publish","4":"has-post-thumbnail","6":"product_cat-puzzle","7":"product_cat-puzzle-adulti","8":"product_cat-puzzle-adulti-1000","9":"pa_brand-d_toys","10":"pa_country_of_manufacture-ro","11":"pa_filter_age-1315","12":"pa_painter-romania","13":"pa_tip_ambalaj-cutie","14":"pa_tip_puzzle-clasic","16":"first","17":"instock","18":"taxable","19":"shipping-taxable","20":"product-type-simple"},"yoast_head":"<!-- This site is optimized with the Yoast SEO plugin v20.1 - https:\/\/yoast.com\/wordpress\/plugins\/seo\/ -->\n<title>Puzzle - Imagini din Rom\u00e2nia - Casino Constan\u021ba - Noaptea - 1000 Piese<\/title>\n<meta name=\"description\" content=\"Puzzle - Imagini din Rom\u00e2nia - Casino Constan\u021ba - Noaptea - 1000 Piese Gama Puzzle 1000 piese Imagini din Rom\u00e2nia con\u021bine puzzle-uri care prezint\u0103 imagini spectaculoase cu atrac\u021bii celebre din Rom\u00e2nia.\" \/>\n<meta name=\"robots\" content=\"index, follow, max-snippet:-1, max-image-preview:large, max-video-preview:-1\" \/>\n<link rel=\"canonical\" href=\"https:\/\/www.roovi.ro\/puzzle-1000-piese-imagini-din-romania-cazinoul-din-constanta-noaptea\/p\/\" \/>\n<meta property=\"og:locale\" content=\"ro_RO\" \/>\n<meta property=\"og:type\" content=\"article\" \/>\n<meta property=\"og:title\" content=\"Puzzle - Imagini din Rom\u00e2nia - Casino Constan\u021ba - Noaptea - 1000 Piese\" \/>\n<meta property=\"og:description\" content=\"Puzzle - Imagini din Rom\u00e2nia - Casino Constan\u021ba - Noaptea - 1000 Piese Gama Puzzle 1000 piese Imagini din Rom\u00e2nia con\u021bine puzzle-uri care prezint\u0103 imagini spectaculoase cu atrac\u021bii celebre din Rom\u00e2nia.\" \/>\n<meta property=\"og:url\" content=\"https:\/\/www.roovi.ro\/puzzle-1000-piese-imagini-din-romania-cazinoul-din-constanta-noaptea\/p\/\" \/>\n<meta property=\"og:site_name\" content=\"Roovi B2B\" \/>\n<meta property=\"article:publisher\" content=\"https:\/\/www.facebook.com\/wwwjucariero\" \/>\n<meta property=\"article:modified_time\" content=\"2023-03-20T21:35:20+00:00\" \/>\n<meta property=\"og:image\" content=\"https:\/\/business.roovi.com\/wp-content\/uploads\/2018\/09\/63038_15.jpg\" \/>\n\t<meta property=\"og:image:width\" content=\"1200\" \/>\n\t<meta property=\"og:image:height\" content=\"1200\" \/>\n\t<meta property=\"og:image:type\" content=\"image\/jpeg\" \/>\n<meta name=\"twitter:label1\" content=\"Timp estimat pentru citire\" \/>\n\t<meta name=\"twitter:data1\" content=\"3 minute\" \/>\n<script type=\"application\/ld+json\" class=\"yoast-schema-graph\">{\"@context\":\"https:\/\/schema.org\",\"@graph\":[{\"@type\":\"WebPage\",\"@id\":\"https:\/\/business.roovi.com\/ro\/puzzle-1000-piese-imagini-din-romania-cazinoul-din-constanta-noaptea\/p\/\",\"url\":\"https:\/\/www.roovi.ro\/puzzle-1000-piese-imagini-din-romania-cazinoul-din-constanta-noaptea\/p\/\",\"name\":\"Puzzle - Imagini din Rom\u00e2nia - Casino Constan\u021ba - Noaptea - 1000 Piese\",\"isPartOf\":{\"@id\":\"https:\/\/business.roovi.com\/ro\/#website\"},\"datePublished\":\"2018-09-05T16:19:52+00:00\",\"dateModified\":\"2023-03-20T21:35:20+00:00\",\"description\":\"Puzzle - Imagini din Rom\u00e2nia - Casino Constan\u021ba - Noaptea - 1000 Piese Gama Puzzle 1000 piese Imagini din Rom\u00e2nia con\u021bine puzzle-uri care prezint\u0103 imagini spectaculoase cu atrac\u021bii celebre din Rom\u00e2nia.\",\"breadcrumb\":{\"@id\":\"https:\/\/www.roovi.ro\/puzzle-1000-piese-imagini-din-romania-cazinoul-din-constanta-noaptea\/p\/#breadcrumb\"},\"inLanguage\":\"ro-RO\",\"potentialAction\":[{\"@type\":\"ReadAction\",\"target\":[\"https:\/\/www.roovi.ro\/puzzle-1000-piese-imagini-din-romania-cazinoul-din-constanta-noaptea\/p\/\"]}]},{\"@type\":\"BreadcrumbList\",\"@id\":\"https:\/\/www.roovi.ro\/puzzle-1000-piese-imagini-din-romania-cazinoul-din-constanta-noaptea\/p\/#breadcrumb\",\"itemListElement\":[{\"@type\":\"ListItem\",\"position\":1,\"name\":\"Home\",\"item\":\"https:\/\/business.roovi.com\/ro\/\"},{\"@type\":\"ListItem\",\"position\":2,\"name\":\"Magazin\",\"item\":\"https:\/\/business.roovi.com\/ro\/magazin\/\"},{\"@type\":\"ListItem\",\"position\":3,\"name\":\"Puzzle adul\u021bi 1000 piese &#8211; Imagini din Rom\u00e2nia &#8211; Cazinoul din Constan\u021ba noaptea\"}]},{\"@type\":\"WebSite\",\"@id\":\"https:\/\/business.roovi.com\/ro\/#website\",\"url\":\"https:\/\/business.roovi.com\/ro\/\",\"name\":\"Roovi B2B\",\"description\":\"Roovi Business Website\",\"potentialAction\":[{\"@type\":\"SearchAction\",\"target\":{\"@type\":\"EntryPoint\",\"urlTemplate\":\"https:\/\/business.roovi.com\/ro\/?s={search_term_string}\"},\"query-input\":\"required name=search_term_string\"}],\"inLanguage\":\"ro-RO\"}]}<\/script>\n<!-- \/ Yoast SEO plugin. -->","yoast_head_json":{"title":"Puzzle - Imagini din Rom\u00e2nia - Casino Constan\u021ba - Noaptea - 1000 Piese","description":"Puzzle - Imagini din Rom\u00e2nia - Casino Constan\u021ba - Noaptea - 1000 Piese Gama Puzzle 1000 piese Imagini din Rom\u00e2nia con\u021bine puzzle-uri care prezint\u0103 imagini spectaculoase cu atrac\u021bii celebre din Rom\u00e2nia.","robots":{"index":"index","follow":"follow","max-snippet":"max-snippet:-1","max-image-preview":"max-image-preview:large","max-video-preview":"max-video-preview:-1"},"canonical":"https:\/\/www.roovi.ro\/puzzle-1000-piese-imagini-din-romania-cazinoul-din-constanta-noaptea\/p\/","og_locale":"ro_RO","og_type":"article","og_title":"Puzzle - Imagini din Rom\u00e2nia - Casino Constan\u021ba - Noaptea - 1000 Piese","og_description":"Puzzle - Imagini din Rom\u00e2nia - Casino Constan\u021ba - Noaptea - 1000 Piese Gama Puzzle 1000 piese Imagini din Rom\u00e2nia con\u021bine puzzle-uri care prezint\u0103 imagini spectaculoase cu atrac\u021bii celebre din Rom\u00e2nia.","og_url":"https:\/\/www.roovi.ro\/puzzle-1000-piese-imagini-din-romania-cazinoul-din-constanta-noaptea\/p\/","og_site_name":"Roovi B2B","article_publisher":"https:\/\/www.facebook.com\/wwwjucariero","article_modified_time":"2023-03-20T21:35:20+00:00","og_image":[{"width":1200,"height":1200,"url":"https:\/\/business.roovi.com\/wp-content\/uploads\/2018\/09\/63038_15.jpg","type":"image\/jpeg"}],"twitter_misc":{"Timp estimat pentru citire":"3 minute"},"schema":{"@context":"https:\/\/schema.org","@graph":[{"@type":"WebPage","@id":"https:\/\/business.roovi.com\/ro\/puzzle-1000-piese-imagini-din-romania-cazinoul-din-constanta-noaptea\/p\/","url":"https:\/\/www.roovi.ro\/puzzle-1000-piese-imagini-din-romania-cazinoul-din-constanta-noaptea\/p\/","name":"Puzzle - Imagini din Rom\u00e2nia - Casino Constan\u021ba - Noaptea - 1000 Piese","isPartOf":{"@id":"https:\/\/business.roovi.com\/ro\/#website"},"datePublished":"2018-09-05T16:19:52+00:00","dateModified":"2023-03-20T21:35:20+00:00","description":"Puzzle - Imagini din Rom\u00e2nia - Casino Constan\u021ba - Noaptea - 1000 Piese Gama Puzzle 1000 piese Imagini din Rom\u00e2nia con\u021bine puzzle-uri care prezint\u0103 imagini spectaculoase cu atrac\u021bii celebre din Rom\u00e2nia.","breadcrumb":{"@id":"https:\/\/www.roovi.ro\/puzzle-1000-piese-imagini-din-romania-cazinoul-din-constanta-noaptea\/p\/#breadcrumb"},"inLanguage":"ro-RO","potentialAction":[{"@type":"ReadAction","target":["https:\/\/www.roovi.ro\/puzzle-1000-piese-imagini-din-romania-cazinoul-din-constanta-noaptea\/p\/"]}]},{"@type":"BreadcrumbList","@id":"https:\/\/www.roovi.ro\/puzzle-1000-piese-imagini-din-romania-cazinoul-din-constanta-noaptea\/p\/#breadcrumb","itemListElement":[{"@type":"ListItem","position":1,"name":"Home","item":"https:\/\/business.roovi.com\/ro\/"},{"@type":"ListItem","position":2,"name":"Magazin","item":"https:\/\/business.roovi.com\/ro\/magazin\/"},{"@type":"ListItem","position":3,"name":"Puzzle adul\u021bi 1000 piese &#8211; Imagini din Rom\u00e2nia &#8211; Cazinoul din Constan\u021ba noaptea"}]},{"@type":"WebSite","@id":"https:\/\/business.roovi.com\/ro\/#website","url":"https:\/\/business.roovi.com\/ro\/","name":"Roovi B2B","description":"Roovi Business Website","potentialAction":[{"@type":"SearchAction","target":{"@type":"EntryPoint","urlTemplate":"https:\/\/business.roovi.com\/ro\/?s={search_term_string}"},"query-input":"required name=search_term_string"}],"inLanguage":"ro-RO"}]}},"_links":{"self":[{"href":"https:\/\/business.roovi.com\/ro\/wp-json\/wp\/v2\/product\/19344","targetHints":{"allow":["GET"]}}],"collection":[{"href":"https:\/\/business.roovi.com\/ro\/wp-json\/wp\/v2\/product"}],"about":[{"href":"https:\/\/business.roovi.com\/ro\/wp-json\/wp\/v2\/types\/product"}],"version-history":[{"count":0,"href":"https:\/\/business.roovi.com\/ro\/wp-json\/wp\/v2\/product\/19344\/revisions"}],"wp:featuredmedia":[{"embeddable":true,"href":"https:\/\/business.roovi.com\/ro\/wp-json\/wp\/v2\/media\/19340"}],"wp:attachment":[{"href":"https:\/\/business.roovi.com\/ro\/wp-json\/wp\/v2\/media?parent=19344"}],"wp:term":[{"taxonomy":"product_brand","embeddable":true,"href":"https:\/\/business.roovi.com\/ro\/wp-json\/wp\/v2\/product_brand?post=19344"},{"taxonomy":"product_cat","embeddable":true,"href":"https:\/\/business.roovi.com\/ro\/wp-json\/wp\/v2\/product_cat?post=19344"},{"taxonomy":"product_tag","embeddable":true,"href":"https:\/\/business.roovi.com\/ro\/wp-json\/wp\/v2\/product_tag?post=19344"}],"curies":[{"name":"wp","href":"https:\/\/api.w.org\/{rel}","templated":true}]}}