{"id":19359,"date":"2018-09-06T07:18:14","date_gmt":"2018-09-06T07:18:14","guid":{"rendered":"https:\/\/business.roovi.com\/product\/puzzle-locuri-celebre-1000-piese-9\/"},"modified":"2023-03-20T21:35:17","modified_gmt":"2023-03-20T21:35:17","slug":"puzzle-adulti-1000-piese-locuri-celebre-biserica-adormirea-maicii-domnului-ierusalim","status":"publish","type":"product","link":"https:\/\/business.roovi.com\/ro\/puzzle-adulti-1000-piese-locuri-celebre-biserica-adormirea-maicii-domnului-ierusalim\/p\/","title":{"rendered":"Puzzle adul\u021bi 1000 piese Locuri Celebre &#8211; Biserica Adormirea Maicii Domnului, Ierusalim"},"content":{"rendered":"<p><strong><em>Preg\u0103tit pentru o nou\u0103 aventur\u0103 pe t\u0103r\u00e2mul jocurilor puzzle? Construie\u0219te din 1000 piese puzzle imagini ale celor mai renumite atrac\u021bii turistice din lume \u0219i creeaz\u0103-\u021bi o colec\u021bie de tablouri originale cu noua colec\u021bie puzzle adul\u021bi Locuri celebre.<\/em><\/strong><\/p>\n<p><span style=\"font-weight: 400;\">Fie c\u0103 e\u0219ti credincios sau nu, locurile sfinte din Ierusalim \u00ee\u021bi trezesc senza\u021bii aparte pentru c\u0103 sunt \u00eenc\u0103rcate de o istorie \u00eendelungat\u0103 \u0219i simboluri fascinante. Fiecare monument la care se perind\u0103 milioane de pelerini are farmecul s\u0103u \u0219i o \u00eenc\u0103rc\u0103tur\u0103 energetic\u0103 deosebit\u0103.\u00a0<\/span><\/p>\n<p><span style=\"font-weight: 400;\">Biserica Adormirea Maicii Domnului este at\u00e2t un loc de reculegere \u0219i rug\u0103ciune, c\u00e2t \u0219i o bijuterie artistic\u0103 nepre\u021buit\u0103. Puzzle 1000 piese cu imaginea acesteia este un prilej de relaxare, introspec\u021bie \u0219i bucurie, toate \u00een acela\u0219i timp. S\u0103 refaci pies\u0103 cu pies\u0103 puzzle adul\u021bi Biserica Adormirea Maicii Domnului \u00ee\u021bi d\u0103 senza\u021bia c\u0103 e\u0219ti un arhitect talentat care creeaz\u0103 o capodoper\u0103 divin\u0103.<\/span><\/p>\n<p><span style=\"font-weight: 400;\">Loca\u021bia acestei biserici are o semnifica\u021bie aparte \u00een tradi\u021bia cre\u0219tin\u0103 \u00eentruc\u00e2t este considerat\u0103 locul \u00een care a trecut la cele ve\u0219nice Maica Domnului. Construit\u0103 \u00eentr anii 1900 \u0219i 1910, din porunca kaiserului Wilhelm al II-lea al Germaniei, biserica apar\u021bine ordinului romano-catolic al benetictinilor. Se pare c\u0103 l\u0103ca\u0219ul actual a fost ridicat pe ruinele unei vechi biserici bizantine \u00eenchinate tot Fecioarei Maria.<\/span><\/p>\n<p><span style=\"font-weight: 400;\">Puzzle 1000 piese Adormirea Maicii Domnului, Ierusalim te \u00eendeamn\u0103 a\u0219adar s\u0103 creezi un tablou unic \u0219i \u00een acela\u0219i timp s\u0103 descoperi un loc minunat \u00eenc\u0103rcat de simboluri \u0219i de energie divin\u0103.<\/span><\/p>\n<p><strong>De ce s\u0103 alegi puzzle 1000 piese Adormirea Maicii Domnului, Ierusalim?<\/strong><\/p>\n<p><span style=\"font-weight: 400;\">Un puzzle 1000 piese este o modalitate inedit\u0103 prin care po\u021bi descoperi locuri turistice unice \u00een lume, cu o simbolistic\u0103 aparte.<\/span><\/p>\n<p><span style=\"font-weight: 400;\">Creezi cu m\u00e2inile tale un tablou fascinant cu impresionanta biseric\u0103, simbol religios remarcabil.<\/span><\/p>\n<p><span style=\"font-weight: 400;\">Dimensiunile imaginii ref\u0103cute, 68 x 47 cm, \u00ee\u021bi permit s\u0103 o transformi \u00eentr-un obiect decorativ care-\u021bi va \u00eenfrumuse\u021ba locuin\u021ba.<\/span><\/p>\n<p><span style=\"font-weight: 400;\">Este produs din carton albastru de calitate superioar\u0103 care confer\u0103 pieselor rezisten\u021b\u0103 la asambl\u0103ri multiple.<\/span><\/p>\n<p><span style=\"font-weight: 400;\">Este prietenos cu natura, fiind produs din materiale sustenabile \u0219i reciclabile.<\/span><\/p>\n<p><span style=\"font-weight: 400;\">Are finisaj semi-lucios \u0219i culori vii care scot \u00een eviden\u021b\u0103 claritatea imaginii.<\/span><\/p>\n<p><span style=\"font-weight: 400;\">Potrivit celor cu v\u00e2rsta peste 14 ani, moment oportun pentru a-\u021bi \u00eemp\u0103rt\u0103\u0219i pasiunea pentru jocurile puzzle cu copiii t\u0103i adolescen\u021bi.<\/span><\/p>\n<p><span style=\"font-weight: 400;\">\u00ce\u021bi antreneaz\u0103 memoria, g\u00e2ndirea logic\u0103 \u0219i capacitatea de concentrare.<\/span><\/p>\n<p><span style=\"font-weight: 400;\">Contribuie la men\u021binerea s\u0103n\u0103t\u0103\u021bii creierului \u0219i la \u00eembun\u0103t\u0103\u021birea st\u0103rii de spirit.<\/span><\/p>\n<p><strong>\u0218tiai c\u0103\u2026?<\/strong><\/p>\n<p><span style=\"font-weight: 400;\">Terenul pe care se afl\u0103 Biserica Adormirii Maicii Domnului din Ierusalim a fost donat \u00een 1898 de c\u0103tre sultanul Abdul Hamid al II-lea kaiserului Wilhelm al II-lea al Germaniei, care l-a oferit ulterior Bisericii Catolice.\u00a0<\/span><\/p>\n<p><span style=\"font-weight: 400;\">\u00cen interiorul bisericii se afl\u0103 \u0219i statuia de bronz a Sf\u00e2ntului Benedict de Nursia \u00eentemeietorul ordinului cre\u0219tin al c\u0103lug\u0103rilor benedictini, considerat sf\u00e2ntul protector al Europei.<\/span><\/p>\n<p><span style=\"font-weight: 400;\">\u00cen subsolul bisericii se p\u0103streaz\u0103 statuia Maicii Domnului adormit\u0103, iar pe cupola baldachinului, \u00een interior, se observ\u0103 chipul lui Iisus precum \u0219i c\u00e2teva figuri emblematice din Vechiul Testament: Estera, Iudit \u0219i chiar prima femeie, Eva.<\/span><\/p>\n<p><strong>Puzzle 1000 piese Adormirea Maicii Domnului, Ierusalim pentru momente de lini\u0219te \u0219i introspec\u021bie<\/strong><\/p>\n<p><span style=\"font-weight: 400;\">Pentru a ie\u0219i din agita\u021bie zilnic\u0103 \u0219i a tr\u0103i c\u00e2teva ore de lini\u0219te \u0219i pace, puzzle 1000 piese Adormirea Maicii Domnului, Ierusalim este prilejul ideal. Pe m\u0103sur\u0103 ce potrive\u0219ti piesele \u0219i imaginea frumoasei biserici prinde contur, mintea ta intr\u0103 \u00eentr-o stare de relaxare profund\u0103. Te concentrezi ad\u00e2nc \u0219i tr\u0103ie\u0219ti \u00een momentul prezent. Toate g\u00e2ndurile \u0219i grijile trec \u00eentr-un plan secund \u0219i e\u0219ti doar tu cu tine.<\/span><\/p>\n<p><span style=\"font-weight: 400;\">Te bucuri de aceast\u0103 stare de pace \u0219i te reconectezi cu propriul sine. La final, c\u00e2nd tabloul e gata, e\u0219ti mai odihnit \u0219i deta\u0219at ca niciodat\u0103.\u00a0<\/span><\/p>\n<p><span style=\"font-weight: 400;\">Pentru momente de introspec\u021bie precum \u0219i ca modalitate de a-\u021bi petrece timpul liber al\u0103turi de cei dragi \u00eentr-un mod creativ, puzzle adul\u021bi 1000 piese Adormirea Maicii Domnului din Ierusalim este alegerea perfect\u0103.<\/span><\/p>\n<p>\u00a0<\/p>\n","protected":false},"excerpt":{"rendered":"<p>Preg\u0103tit pentru o nou\u0103 aventur\u0103 pe t\u0103r\u00e2mul jocurilor puzzle? Construie\u0219te din 1000 piese puzzle imagini ale celor mai renumite atrac\u021bii<\/p>\n","protected":false},"featured_media":19345,"template":"","meta":[],"product_brand":[],"product_cat":[1454,1488,1560],"product_tag":[],"class_list":{"0":"post-19359","1":"product","2":"type-product","3":"status-publish","4":"has-post-thumbnail","6":"product_cat-puzzle","7":"product_cat-puzzle-adulti","8":"product_cat-puzzle-adulti-1000","9":"pa_brand-d_toys","10":"pa_country_of_manufacture-ro","11":"pa_filter_age-1315","12":"pa_painter-famousplaces","13":"pa_tip_ambalaj-cutie","14":"pa_tip_puzzle-clasic","16":"first","17":"instock","18":"taxable","19":"shipping-taxable","20":"product-type-simple"},"yoast_head":"<!-- This site is optimized with the Yoast SEO plugin v20.1 - https:\/\/yoast.com\/wordpress\/plugins\/seo\/ -->\n<title>Puzzle - Locuri Celebre - 1000 Piese - 9<\/title>\n<meta name=\"description\" content=\"Puzzle - Locuri Celebre - 1000 Piese - 9 Gama Puzzle 1000 piese Locuri celebre con\u021bine puzzle-uri care prezint\u0103 atrac\u021bii turistice faimoase.\" \/>\n<meta name=\"robots\" content=\"index, follow, max-snippet:-1, max-image-preview:large, max-video-preview:-1\" \/>\n<link rel=\"canonical\" href=\"https:\/\/www.roovi.ro\/puzzle-adulti-1000-piese-locuri-celebre-biserica-adormirea-maicii-domnului-ierusalim\/p\/\" \/>\n<meta property=\"og:locale\" content=\"ro_RO\" \/>\n<meta property=\"og:type\" content=\"article\" \/>\n<meta property=\"og:title\" content=\"Puzzle - Locuri Celebre - 1000 Piese - 9\" \/>\n<meta property=\"og:description\" content=\"Puzzle - Locuri Celebre - 1000 Piese - 9 Gama Puzzle 1000 piese Locuri celebre con\u021bine puzzle-uri care prezint\u0103 atrac\u021bii turistice faimoase.\" \/>\n<meta property=\"og:url\" content=\"https:\/\/www.roovi.ro\/puzzle-adulti-1000-piese-locuri-celebre-biserica-adormirea-maicii-domnului-ierusalim\/p\/\" \/>\n<meta property=\"og:site_name\" content=\"Roovi B2B\" \/>\n<meta property=\"article:publisher\" content=\"https:\/\/www.facebook.com\/wwwjucariero\" \/>\n<meta property=\"article:modified_time\" content=\"2023-03-20T21:35:17+00:00\" \/>\n<meta property=\"og:image\" content=\"https:\/\/business.roovi.com\/wp-content\/uploads\/2018\/09\/64288-09-ansamblu_dimensiuni-cutie-cm_vertical_1.png\" \/>\n\t<meta property=\"og:image:width\" content=\"1200\" \/>\n\t<meta property=\"og:image:height\" content=\"1200\" \/>\n\t<meta property=\"og:image:type\" content=\"image\/png\" \/>\n<meta name=\"twitter:label1\" content=\"Timp estimat pentru citire\" \/>\n\t<meta name=\"twitter:data1\" content=\"3 minute\" \/>\n<script type=\"application\/ld+json\" class=\"yoast-schema-graph\">{\"@context\":\"https:\/\/schema.org\",\"@graph\":[{\"@type\":\"WebPage\",\"@id\":\"https:\/\/business.roovi.com\/ro\/puzzle-adulti-1000-piese-locuri-celebre-biserica-adormirea-maicii-domnului-ierusalim\/p\/\",\"url\":\"https:\/\/www.roovi.ro\/puzzle-adulti-1000-piese-locuri-celebre-biserica-adormirea-maicii-domnului-ierusalim\/p\/\",\"name\":\"Puzzle - Locuri Celebre - 1000 Piese - 9\",\"isPartOf\":{\"@id\":\"https:\/\/business.roovi.com\/ro\/#website\"},\"datePublished\":\"2018-09-06T07:18:14+00:00\",\"dateModified\":\"2023-03-20T21:35:17+00:00\",\"description\":\"Puzzle - Locuri Celebre - 1000 Piese - 9 Gama Puzzle 1000 piese Locuri celebre con\u021bine puzzle-uri care prezint\u0103 atrac\u021bii turistice faimoase.\",\"breadcrumb\":{\"@id\":\"https:\/\/www.roovi.ro\/puzzle-adulti-1000-piese-locuri-celebre-biserica-adormirea-maicii-domnului-ierusalim\/p\/#breadcrumb\"},\"inLanguage\":\"ro-RO\",\"potentialAction\":[{\"@type\":\"ReadAction\",\"target\":[\"https:\/\/www.roovi.ro\/puzzle-adulti-1000-piese-locuri-celebre-biserica-adormirea-maicii-domnului-ierusalim\/p\/\"]}]},{\"@type\":\"BreadcrumbList\",\"@id\":\"https:\/\/www.roovi.ro\/puzzle-adulti-1000-piese-locuri-celebre-biserica-adormirea-maicii-domnului-ierusalim\/p\/#breadcrumb\",\"itemListElement\":[{\"@type\":\"ListItem\",\"position\":1,\"name\":\"Home\",\"item\":\"https:\/\/business.roovi.com\/ro\/\"},{\"@type\":\"ListItem\",\"position\":2,\"name\":\"Magazin\",\"item\":\"https:\/\/business.roovi.com\/ro\/magazin\/\"},{\"@type\":\"ListItem\",\"position\":3,\"name\":\"Puzzle adul\u021bi 1000 piese Locuri Celebre &#8211; Biserica Adormirea Maicii Domnului, Ierusalim\"}]},{\"@type\":\"WebSite\",\"@id\":\"https:\/\/business.roovi.com\/ro\/#website\",\"url\":\"https:\/\/business.roovi.com\/ro\/\",\"name\":\"Roovi B2B\",\"description\":\"Roovi Business Website\",\"potentialAction\":[{\"@type\":\"SearchAction\",\"target\":{\"@type\":\"EntryPoint\",\"urlTemplate\":\"https:\/\/business.roovi.com\/ro\/?s={search_term_string}\"},\"query-input\":\"required name=search_term_string\"}],\"inLanguage\":\"ro-RO\"}]}<\/script>\n<!-- \/ Yoast SEO plugin. -->","yoast_head_json":{"title":"Puzzle - Locuri Celebre - 1000 Piese - 9","description":"Puzzle - Locuri Celebre - 1000 Piese - 9 Gama Puzzle 1000 piese Locuri celebre con\u021bine puzzle-uri care prezint\u0103 atrac\u021bii turistice faimoase.","robots":{"index":"index","follow":"follow","max-snippet":"max-snippet:-1","max-image-preview":"max-image-preview:large","max-video-preview":"max-video-preview:-1"},"canonical":"https:\/\/www.roovi.ro\/puzzle-adulti-1000-piese-locuri-celebre-biserica-adormirea-maicii-domnului-ierusalim\/p\/","og_locale":"ro_RO","og_type":"article","og_title":"Puzzle - Locuri Celebre - 1000 Piese - 9","og_description":"Puzzle - Locuri Celebre - 1000 Piese - 9 Gama Puzzle 1000 piese Locuri celebre con\u021bine puzzle-uri care prezint\u0103 atrac\u021bii turistice faimoase.","og_url":"https:\/\/www.roovi.ro\/puzzle-adulti-1000-piese-locuri-celebre-biserica-adormirea-maicii-domnului-ierusalim\/p\/","og_site_name":"Roovi B2B","article_publisher":"https:\/\/www.facebook.com\/wwwjucariero","article_modified_time":"2023-03-20T21:35:17+00:00","og_image":[{"width":1200,"height":1200,"url":"https:\/\/business.roovi.com\/wp-content\/uploads\/2018\/09\/64288-09-ansamblu_dimensiuni-cutie-cm_vertical_1.png","type":"image\/png"}],"twitter_misc":{"Timp estimat pentru citire":"3 minute"},"schema":{"@context":"https:\/\/schema.org","@graph":[{"@type":"WebPage","@id":"https:\/\/business.roovi.com\/ro\/puzzle-adulti-1000-piese-locuri-celebre-biserica-adormirea-maicii-domnului-ierusalim\/p\/","url":"https:\/\/www.roovi.ro\/puzzle-adulti-1000-piese-locuri-celebre-biserica-adormirea-maicii-domnului-ierusalim\/p\/","name":"Puzzle - Locuri Celebre - 1000 Piese - 9","isPartOf":{"@id":"https:\/\/business.roovi.com\/ro\/#website"},"datePublished":"2018-09-06T07:18:14+00:00","dateModified":"2023-03-20T21:35:17+00:00","description":"Puzzle - Locuri Celebre - 1000 Piese - 9 Gama Puzzle 1000 piese Locuri celebre con\u021bine puzzle-uri care prezint\u0103 atrac\u021bii turistice faimoase.","breadcrumb":{"@id":"https:\/\/www.roovi.ro\/puzzle-adulti-1000-piese-locuri-celebre-biserica-adormirea-maicii-domnului-ierusalim\/p\/#breadcrumb"},"inLanguage":"ro-RO","potentialAction":[{"@type":"ReadAction","target":["https:\/\/www.roovi.ro\/puzzle-adulti-1000-piese-locuri-celebre-biserica-adormirea-maicii-domnului-ierusalim\/p\/"]}]},{"@type":"BreadcrumbList","@id":"https:\/\/www.roovi.ro\/puzzle-adulti-1000-piese-locuri-celebre-biserica-adormirea-maicii-domnului-ierusalim\/p\/#breadcrumb","itemListElement":[{"@type":"ListItem","position":1,"name":"Home","item":"https:\/\/business.roovi.com\/ro\/"},{"@type":"ListItem","position":2,"name":"Magazin","item":"https:\/\/business.roovi.com\/ro\/magazin\/"},{"@type":"ListItem","position":3,"name":"Puzzle adul\u021bi 1000 piese Locuri Celebre &#8211; Biserica Adormirea Maicii Domnului, Ierusalim"}]},{"@type":"WebSite","@id":"https:\/\/business.roovi.com\/ro\/#website","url":"https:\/\/business.roovi.com\/ro\/","name":"Roovi B2B","description":"Roovi Business Website","potentialAction":[{"@type":"SearchAction","target":{"@type":"EntryPoint","urlTemplate":"https:\/\/business.roovi.com\/ro\/?s={search_term_string}"},"query-input":"required name=search_term_string"}],"inLanguage":"ro-RO"}]}},"_links":{"self":[{"href":"https:\/\/business.roovi.com\/ro\/wp-json\/wp\/v2\/product\/19359","targetHints":{"allow":["GET"]}}],"collection":[{"href":"https:\/\/business.roovi.com\/ro\/wp-json\/wp\/v2\/product"}],"about":[{"href":"https:\/\/business.roovi.com\/ro\/wp-json\/wp\/v2\/types\/product"}],"version-history":[{"count":0,"href":"https:\/\/business.roovi.com\/ro\/wp-json\/wp\/v2\/product\/19359\/revisions"}],"wp:featuredmedia":[{"embeddable":true,"href":"https:\/\/business.roovi.com\/ro\/wp-json\/wp\/v2\/media\/19345"}],"wp:attachment":[{"href":"https:\/\/business.roovi.com\/ro\/wp-json\/wp\/v2\/media?parent=19359"}],"wp:term":[{"taxonomy":"product_brand","embeddable":true,"href":"https:\/\/business.roovi.com\/ro\/wp-json\/wp\/v2\/product_brand?post=19359"},{"taxonomy":"product_cat","embeddable":true,"href":"https:\/\/business.roovi.com\/ro\/wp-json\/wp\/v2\/product_cat?post=19359"},{"taxonomy":"product_tag","embeddable":true,"href":"https:\/\/business.roovi.com\/ro\/wp-json\/wp\/v2\/product_tag?post=19359"}],"curies":[{"name":"wp","href":"https:\/\/api.w.org\/{rel}","templated":true}]}}