{"id":19374,"date":"2018-09-06T07:21:59","date_gmt":"2018-09-06T07:21:59","guid":{"rendered":"https:\/\/business.roovi.com\/product\/puzzle-locuri-celebre-1000-piese-12\/"},"modified":"2025-03-18T09:42:38","modified_gmt":"2025-03-18T09:42:38","slug":"puzzle-adulti-1000-piese-locuri-celebre-turnul-eiffel-paris","status":"publish","type":"product","link":"https:\/\/business.roovi.com\/ro\/puzzle-adulti-1000-piese-locuri-celebre-turnul-eiffel-paris\/p\/","title":{"rendered":"Puzzle adul\u021bi 1000 piese Locuri Celebre &#8211; Turnul Eiffel, Paris"},"content":{"rendered":"<p><strong><em>Cau\u021bi o activitate relaxant\u0103 pentru a-\u021bi petrece timpul al\u0103turi de familie sau prieteni? Alege gama de puzzle adul\u021bi 1000 piese Locuri celebre \u0219i creeaz\u0103 amintiri de neuitat \u00een compania celor dragi.<\/em><\/strong><\/p>\n<p><span style=\"font-weight: 400;\">Puzzle 1000 piese Turnul Eiffel, Paris \u00eentrege\u0219te colec\u021bia de jocuri puzzle Locuri celebre. O imagine uimitoare, de o calitate excep\u021bional\u0103 a faimosului turn din inima Parisului po\u021bi construi acum din 1000 de piese t\u0103iate cu precizie care se \u00eembin\u0103 perfect \u00eentr-un tablou fascinant.<\/span><\/p>\n<p><span style=\"font-weight: 400;\">De\u0219i \u00een prezent Turnul Eiffel este recunoscut ca fiind un simbol emblematic francez, impun\u0103toarea construc\u021bie nu a trezit sentimente prea bune la momentul inaugur\u0103rii sale. O serie de arti\u0219ti francezi au semnat \u00een 1887 un manifest \u00eempotriva construirii a ceea ce numeau <\/span><em><span style=\"font-weight: 400;\">&#8222;o construc\u021bie monstruoas\u0103&#8221; <\/span><\/em><span style=\"font-weight: 400;\">ce amenin\u021b\u0103 istoria artei franceze.\u00a0<\/span><\/p>\n<p><span style=\"font-weight: 400;\">Dar construc\u021bia s-a realizat \u0219i a r\u0103mas \u00een picioare chiar dac\u0103 planul ini\u021bial prevedea demolarea turnului dup\u0103 20 ani. \u00cen zilele noastre, Turnul Eiffel este una dintre cele mai importante atrac\u021bii turistice din Fran\u021ba, fiind vizitat anual de peste 5 milioane de turi\u0219ti din lumea \u00eentreag\u0103.<\/span><\/p>\n<p><span style=\"font-weight: 400;\">Porne\u0219te \u0219i tu \u00eentr-o aventur\u0103 fascinant\u0103 \u0219i descoper\u0103 m\u0103re\u021bia unei construc\u021bii celebre. Pune \u00een ordine cele 1000 piese din puzzle adul\u021bi Turnul Eiffel \u0219i alc\u0103tuie\u0219te un tablou decorativ de excep\u021bie.<\/span><\/p>\n<p><strong>De ce s\u0103 alegi puzzle 1000 piese Turnul Eiffel din colec\u021bia puzzle Locuri celebre?<\/strong><\/p>\n<p><span style=\"font-weight: 400;\">Un puzzle 1000 piese este o provocare inedit\u0103 pentru min\u021bile dornice de provoc\u0103ri.\u00a0<\/span><\/p>\n<p><span style=\"font-weight: 400;\">Este o modalitate uimitoare de a descoperi frumuse\u021bea \u0219i unicitatea unor obiective celebre din lume.<\/span><\/p>\n<p><span style=\"font-weight: 400;\">Po\u021bi crea cu m\u00e2inile tale un tablou superb de 68 x 47 cm care va deveni o pies\u0103 irezistibil\u0103 de decor.<\/span><\/p>\n<p><span style=\"font-weight: 400;\">Este produs din carton albastru de calitate premium ce confer\u0103 pieselor durabilitate \u00een timp.<\/span><\/p>\n<p><span style=\"font-weight: 400;\">Utiliz\u0103m \u00een producerea jocurilor puzzle 1000 piese materiale sustenabile \u0219i reciclabile.<\/span><\/p>\n<p><span style=\"font-weight: 400;\">Te bucuri de un joc puzzle cu finisaje perfecte, semi-lucioase, \u00een culori vii.<\/span><\/p>\n<p><span style=\"font-weight: 400;\">Potrivit celor peste 14 ani, un prilej pentru a-i introduce \u00een tainele puzzle-urilor cu multe piese pe adolescen\u021bi.<\/span><\/p>\n<p><span style=\"font-weight: 400;\">Este un mod educativ de a petrece timpul liber .<\/span><\/p>\n<p><span style=\"font-weight: 400;\">\u00ce\u021bi cultiv\u0103 aten\u021bia, r\u0103bdarea \u0219i capacitatea de a rezolva probleme.<\/span><\/p>\n<p><strong>\u0218tiai c\u0103\u2026<\/strong><\/p>\n<p><span style=\"font-weight: 400;\">Finalizarea lucr\u0103rilor \u00een numai 2 ani a fost posibil\u0103 datorit\u0103 unui sistem tehnic revolu\u021bionar inventat de inginerului rom\u00e2n Gheorghe P\u0103nculescu.\u00a0<\/span><\/p>\n<p><span style=\"font-weight: 400;\">Turnul Eiffel con\u021bine 18.038 de piese conectate \u00eentre ele de nu mai pu\u021bin de 2.500.000 de nituri.<\/span><\/p>\n<p><span style=\"font-weight: 400;\">Turnul Eiffel a fost la un moment dat un imens panou publicitar utilizat de compania Citroen pentru a face reclam\u0103 automobilelor sale.<\/span><\/p>\n<p><span style=\"font-weight: 400;\">Pentru \u00eentre\u021binerea turnului se folosesc 60 de tone de vopsea la fiecare 7 ani cu scopul de a preveni rugina. Turnul a fost vopsit complet de cel pu\u021bin 19 ori de la construire.<\/span><\/p>\n<p><strong>Puzzle 1000 piese Turnul Eiffel &#8211; pentru o minte relaxat\u0103 \u0219i antrenat\u0103<\/strong><\/p>\n<p><span style=\"font-weight: 400;\">E\u0219ti cople\u0219it de sarcinile zilnice \u0219i vrei s\u0103 \u00ee\u021bi acorzi c\u00e2teva momente de relaxare? Asambleaz\u0103 puzzle 1000 piese zi de zi pentru cel pu\u021bin 30 de minute \u0219i observ\u0103 beneficiile pe care \u021bi le ofer\u0103:<\/span><\/p>\n<ul>\n<li><span style=\"font-weight: 400;\">Te ajut\u0103 s\u0103 te eliberezi de stres \u0219i s\u0103 te deconectezi de la grijile cotidiene.<\/span><\/li>\n<li><span style=\"font-weight: 400;\">\u00ce\u021bi \u00eembun\u0103t\u0103\u021be\u0219te starea de spirit \u0219i \u00ee\u021bi red\u0103 optimismul.<\/span><\/li>\n<li><span style=\"font-weight: 400;\">Ai un somn mai odihnitor \u0219i gestionezi mai bine st\u0103rile de anxietate.<\/span><\/li>\n<li><span style=\"font-weight: 400;\">Socializezi mai bine cu ceilal\u021bi.<\/span><\/li>\n<li><span style=\"font-weight: 400;\">Devii mai eficient \u0219i mai productiv \u00een munca zilnic\u0103.<\/span><\/li>\n<\/ul>\n<p><span style=\"font-weight: 400;\">Ai o mul\u021bime de motive s\u0103 \u00ee\u021bi dedici orele jocului puzzle. \u00cen plus, po\u021bi antrena \u00een aceast\u0103 activitate \u0219i copiii sau prietenii. Satisfac\u021bia ultimei piese este mai mare atunci c\u00e2nd munca este depus\u0103 \u00een echip\u0103.<\/span><\/p>\n<p><span style=\"font-weight: 400;\">Pentru zilele mohor\u00e2te \u00een care nu \u0219ti cum s\u0103-\u021bi ocupi timpul, pentru apropierea de cei dragi sau pentru a oferi un cadou deosebit, puzzle 1000 piese Turnul Eiffel din colec\u021bia puzzle locuri celebre este alegerea perfect\u0103.<\/span><\/p>\n","protected":false},"excerpt":{"rendered":"<p>Cau\u021bi o activitate relaxant\u0103 pentru a-\u021bi petrece timpul al\u0103turi de familie sau prieteni? Alege gama de puzzle adul\u021bi 1000 piese<\/p>\n","protected":false},"featured_media":19360,"template":"","meta":[],"product_brand":[],"product_cat":[1454,1488,1560],"product_tag":[],"class_list":{"0":"post-19374","1":"product","2":"type-product","3":"status-publish","4":"has-post-thumbnail","6":"product_cat-puzzle","7":"product_cat-puzzle-adulti","8":"product_cat-puzzle-adulti-1000","9":"pa_brand-d_toys","10":"pa_country_of_manufacture-ro","11":"pa_filter_age-1315","12":"pa_painter-famousplaces","13":"pa_tip_ambalaj-cutie","14":"pa_tip_puzzle-clasic","16":"first","17":"instock","18":"taxable","19":"shipping-taxable","20":"product-type-simple"},"yoast_head":"<!-- This site is optimized with the Yoast SEO plugin v20.1 - https:\/\/yoast.com\/wordpress\/plugins\/seo\/ -->\n<title>Puzzle - Locuri Celebre - 1000 Piese - 12<\/title>\n<meta name=\"description\" content=\"Puzzle - Locuri Celebre - 1000 Piese - 12 Gama Puzzle 1000 piese Locuri celebre con\u021bine puzzle-uri care prezint\u0103 atrac\u021bii turistice faimoase.\" \/>\n<meta name=\"robots\" content=\"index, follow, max-snippet:-1, max-image-preview:large, max-video-preview:-1\" \/>\n<link rel=\"canonical\" href=\"https:\/\/www.roovi.ro\/puzzle-adulti-1000-piese-locuri-celebre-turnul-eiffel-paris\/p\/\" \/>\n<meta property=\"og:locale\" content=\"ro_RO\" \/>\n<meta property=\"og:type\" content=\"article\" \/>\n<meta property=\"og:title\" content=\"Puzzle - Locuri Celebre - 1000 Piese - 12\" \/>\n<meta property=\"og:description\" content=\"Puzzle - Locuri Celebre - 1000 Piese - 12 Gama Puzzle 1000 piese Locuri celebre con\u021bine puzzle-uri care prezint\u0103 atrac\u021bii turistice faimoase.\" \/>\n<meta property=\"og:url\" content=\"https:\/\/www.roovi.ro\/puzzle-adulti-1000-piese-locuri-celebre-turnul-eiffel-paris\/p\/\" \/>\n<meta property=\"og:site_name\" content=\"Roovi B2B\" \/>\n<meta property=\"article:publisher\" content=\"https:\/\/www.facebook.com\/wwwjucariero\" \/>\n<meta property=\"article:modified_time\" content=\"2025-03-18T09:42:38+00:00\" \/>\n<meta property=\"og:image\" content=\"https:\/\/business.roovi.com\/wp-content\/uploads\/2018\/09\/64288-12_ansamblu_dimensiuni_cutie_cm_orizontal.png\" \/>\n\t<meta property=\"og:image:width\" content=\"1200\" \/>\n\t<meta property=\"og:image:height\" content=\"1200\" \/>\n\t<meta property=\"og:image:type\" content=\"image\/png\" \/>\n<meta name=\"twitter:label1\" content=\"Timp estimat pentru citire\" \/>\n\t<meta name=\"twitter:data1\" content=\"3 minute\" \/>\n<script type=\"application\/ld+json\" class=\"yoast-schema-graph\">{\"@context\":\"https:\/\/schema.org\",\"@graph\":[{\"@type\":\"WebPage\",\"@id\":\"https:\/\/business.roovi.com\/ro\/puzzle-adulti-1000-piese-locuri-celebre-turnul-eiffel-paris\/p\/\",\"url\":\"https:\/\/www.roovi.ro\/puzzle-adulti-1000-piese-locuri-celebre-turnul-eiffel-paris\/p\/\",\"name\":\"Puzzle - Locuri Celebre - 1000 Piese - 12\",\"isPartOf\":{\"@id\":\"https:\/\/business.roovi.com\/ro\/#website\"},\"datePublished\":\"2018-09-06T07:21:59+00:00\",\"dateModified\":\"2025-03-18T09:42:38+00:00\",\"description\":\"Puzzle - Locuri Celebre - 1000 Piese - 12 Gama Puzzle 1000 piese Locuri celebre con\u021bine puzzle-uri care prezint\u0103 atrac\u021bii turistice faimoase.\",\"breadcrumb\":{\"@id\":\"https:\/\/www.roovi.ro\/puzzle-adulti-1000-piese-locuri-celebre-turnul-eiffel-paris\/p\/#breadcrumb\"},\"inLanguage\":\"ro-RO\",\"potentialAction\":[{\"@type\":\"ReadAction\",\"target\":[\"https:\/\/www.roovi.ro\/puzzle-adulti-1000-piese-locuri-celebre-turnul-eiffel-paris\/p\/\"]}]},{\"@type\":\"BreadcrumbList\",\"@id\":\"https:\/\/www.roovi.ro\/puzzle-adulti-1000-piese-locuri-celebre-turnul-eiffel-paris\/p\/#breadcrumb\",\"itemListElement\":[{\"@type\":\"ListItem\",\"position\":1,\"name\":\"Home\",\"item\":\"https:\/\/business.roovi.com\/ro\/\"},{\"@type\":\"ListItem\",\"position\":2,\"name\":\"Magazin\",\"item\":\"https:\/\/business.roovi.com\/ro\/magazin\/\"},{\"@type\":\"ListItem\",\"position\":3,\"name\":\"Puzzle adul\u021bi 1000 piese Locuri Celebre &#8211; Turnul Eiffel, Paris\"}]},{\"@type\":\"WebSite\",\"@id\":\"https:\/\/business.roovi.com\/ro\/#website\",\"url\":\"https:\/\/business.roovi.com\/ro\/\",\"name\":\"Roovi B2B\",\"description\":\"Roovi Business Website\",\"potentialAction\":[{\"@type\":\"SearchAction\",\"target\":{\"@type\":\"EntryPoint\",\"urlTemplate\":\"https:\/\/business.roovi.com\/ro\/?s={search_term_string}\"},\"query-input\":\"required name=search_term_string\"}],\"inLanguage\":\"ro-RO\"}]}<\/script>\n<!-- \/ Yoast SEO plugin. -->","yoast_head_json":{"title":"Puzzle - Locuri Celebre - 1000 Piese - 12","description":"Puzzle - Locuri Celebre - 1000 Piese - 12 Gama Puzzle 1000 piese Locuri celebre con\u021bine puzzle-uri care prezint\u0103 atrac\u021bii turistice faimoase.","robots":{"index":"index","follow":"follow","max-snippet":"max-snippet:-1","max-image-preview":"max-image-preview:large","max-video-preview":"max-video-preview:-1"},"canonical":"https:\/\/www.roovi.ro\/puzzle-adulti-1000-piese-locuri-celebre-turnul-eiffel-paris\/p\/","og_locale":"ro_RO","og_type":"article","og_title":"Puzzle - Locuri Celebre - 1000 Piese - 12","og_description":"Puzzle - Locuri Celebre - 1000 Piese - 12 Gama Puzzle 1000 piese Locuri celebre con\u021bine puzzle-uri care prezint\u0103 atrac\u021bii turistice faimoase.","og_url":"https:\/\/www.roovi.ro\/puzzle-adulti-1000-piese-locuri-celebre-turnul-eiffel-paris\/p\/","og_site_name":"Roovi B2B","article_publisher":"https:\/\/www.facebook.com\/wwwjucariero","article_modified_time":"2025-03-18T09:42:38+00:00","og_image":[{"width":1200,"height":1200,"url":"https:\/\/business.roovi.com\/wp-content\/uploads\/2018\/09\/64288-12_ansamblu_dimensiuni_cutie_cm_orizontal.png","type":"image\/png"}],"twitter_misc":{"Timp estimat pentru citire":"3 minute"},"schema":{"@context":"https:\/\/schema.org","@graph":[{"@type":"WebPage","@id":"https:\/\/business.roovi.com\/ro\/puzzle-adulti-1000-piese-locuri-celebre-turnul-eiffel-paris\/p\/","url":"https:\/\/www.roovi.ro\/puzzle-adulti-1000-piese-locuri-celebre-turnul-eiffel-paris\/p\/","name":"Puzzle - Locuri Celebre - 1000 Piese - 12","isPartOf":{"@id":"https:\/\/business.roovi.com\/ro\/#website"},"datePublished":"2018-09-06T07:21:59+00:00","dateModified":"2025-03-18T09:42:38+00:00","description":"Puzzle - Locuri Celebre - 1000 Piese - 12 Gama Puzzle 1000 piese Locuri celebre con\u021bine puzzle-uri care prezint\u0103 atrac\u021bii turistice faimoase.","breadcrumb":{"@id":"https:\/\/www.roovi.ro\/puzzle-adulti-1000-piese-locuri-celebre-turnul-eiffel-paris\/p\/#breadcrumb"},"inLanguage":"ro-RO","potentialAction":[{"@type":"ReadAction","target":["https:\/\/www.roovi.ro\/puzzle-adulti-1000-piese-locuri-celebre-turnul-eiffel-paris\/p\/"]}]},{"@type":"BreadcrumbList","@id":"https:\/\/www.roovi.ro\/puzzle-adulti-1000-piese-locuri-celebre-turnul-eiffel-paris\/p\/#breadcrumb","itemListElement":[{"@type":"ListItem","position":1,"name":"Home","item":"https:\/\/business.roovi.com\/ro\/"},{"@type":"ListItem","position":2,"name":"Magazin","item":"https:\/\/business.roovi.com\/ro\/magazin\/"},{"@type":"ListItem","position":3,"name":"Puzzle adul\u021bi 1000 piese Locuri Celebre &#8211; Turnul Eiffel, Paris"}]},{"@type":"WebSite","@id":"https:\/\/business.roovi.com\/ro\/#website","url":"https:\/\/business.roovi.com\/ro\/","name":"Roovi B2B","description":"Roovi Business Website","potentialAction":[{"@type":"SearchAction","target":{"@type":"EntryPoint","urlTemplate":"https:\/\/business.roovi.com\/ro\/?s={search_term_string}"},"query-input":"required name=search_term_string"}],"inLanguage":"ro-RO"}]}},"_links":{"self":[{"href":"https:\/\/business.roovi.com\/ro\/wp-json\/wp\/v2\/product\/19374","targetHints":{"allow":["GET"]}}],"collection":[{"href":"https:\/\/business.roovi.com\/ro\/wp-json\/wp\/v2\/product"}],"about":[{"href":"https:\/\/business.roovi.com\/ro\/wp-json\/wp\/v2\/types\/product"}],"version-history":[{"count":0,"href":"https:\/\/business.roovi.com\/ro\/wp-json\/wp\/v2\/product\/19374\/revisions"}],"wp:featuredmedia":[{"embeddable":true,"href":"https:\/\/business.roovi.com\/ro\/wp-json\/wp\/v2\/media\/19360"}],"wp:attachment":[{"href":"https:\/\/business.roovi.com\/ro\/wp-json\/wp\/v2\/media?parent=19374"}],"wp:term":[{"taxonomy":"product_brand","embeddable":true,"href":"https:\/\/business.roovi.com\/ro\/wp-json\/wp\/v2\/product_brand?post=19374"},{"taxonomy":"product_cat","embeddable":true,"href":"https:\/\/business.roovi.com\/ro\/wp-json\/wp\/v2\/product_cat?post=19374"},{"taxonomy":"product_tag","embeddable":true,"href":"https:\/\/business.roovi.com\/ro\/wp-json\/wp\/v2\/product_tag?post=19374"}],"curies":[{"name":"wp","href":"https:\/\/api.w.org\/{rel}","templated":true}]}}