{"id":19425,"date":"2018-09-06T08:58:10","date_gmt":"2018-09-06T08:58:10","guid":{"rendered":"https:\/\/business.roovi.com\/product\/puzzle-cai-1000-piese-4\/"},"modified":"2023-03-20T21:35:02","modified_gmt":"2023-03-20T21:35:02","slug":"puzzle-adulti-1000-piese-cal-murg","status":"publish","type":"product","link":"https:\/\/business.roovi.com\/ro\/puzzle-adulti-1000-piese-cal-murg\/p\/","title":{"rendered":"Puzzle adul\u021bi 1000 piese Cal murg"},"content":{"rendered":"<p><strong><em>E\u0219ti pasionat de jocurile puzzle \u0219i preferi imaginile clasice, cu animale surprinse \u00een natur\u0103? Asambleaz\u0103 puzzle 1000 piese Cal murg \u0219i ob\u021bine un tablou fascinant ce-\u021bi transmite un sentiment de libertate deplin\u0103.<\/em><\/strong><\/p>\n<p><span style=\"font-weight: 400;\">Dac\u0103 \u00ee\u021bi dore\u0219ti s\u0103 te deconectezi de la ecrane \u0219i s\u0103 te bucuri de multe ore de distrac\u021bie relaxant\u0103, puzzle 1000 piese Cal murg este alegerea perfect\u0103. Antreneaz\u0103 \u00een jocul puzzle \u0219i copiii. G\u0103se\u0219te mai multe informa\u021bii interesante despre acest animal nobil \u0219i ai re\u021beta ideal\u0103 pentru o dup\u0103-amiaz\u0103 minunat\u0103 pe care o ve\u021bi savura \u00een familie cu mic, cu mare.<\/span><\/p>\n<p><span style=\"font-weight: 400;\">C\u00e2nd sta\u021bi relaxa\u021bi \u0219i c\u0103uta\u021bi piesele potrivite pentru a \u00eentregi imaginea din puzzle 1000, ave\u021bi prilejul s\u0103 comunica\u021bi \u0219i s\u0103 v\u0103 cunoa\u0219te\u021bi mai bine. \u00cen momentele de calm \u0219i relaxare, copiii se simt \u00een siguran\u021b\u0103 \u0219i v\u0103 pot \u00eemp\u0103rt\u0103\u0219i g\u00e2nduri \u0219i sentimente pe care \u00eel alte circumstan\u021be nu sunt dispu\u0219i s\u0103 le dezv\u0103luie.\u00a0<\/span><\/p>\n<p><span style=\"font-weight: 400;\">Alege a\u0219adar puzzle 1000 piese Cal murg \u0219i bucur\u0103-te de o experien\u021b\u0103 creativ\u0103 uimitoare al\u0103turi de cei dragi sau \u00een momentele \u00een care dore\u0219ti o pauz\u0103 de la cotidian. Pentru suportul pieselor, este de ajuns o m\u0103su\u021b\u0103 obi\u0219nuit\u0103 de cafea. Tabloul final are dimensiunile de <strong>47 x 68 cm<\/strong> \u0219i se poate transforma \u00eentr-o pies\u0103 original\u0103 de decor.<\/span><\/p>\n<p><strong>De ce s\u0103 alegi puzzle adul\u021bi 1000 piese Cal murg?<\/strong><\/p>\n<p><span style=\"font-weight: 400;\">Imaginea superb\u0103 \u00ee\u021bi induce o stare de calm \u0219i relaxare.<\/span><\/p>\n<p><span style=\"font-weight: 400;\">Este o modalitate recreativ\u0103 minunat\u0103.<\/span><\/p>\n<p><span style=\"font-weight: 400;\">Jocul puzzle contribuie la \u00eembun\u0103t\u0103\u021birea memoriei.<\/span><\/p>\n<p><span style=\"font-weight: 400;\">Stimuleaz\u0103 secre\u021bia dopaminei, a\u0219a numitul hormon al fericirii.<\/span><\/p>\n<p><span style=\"font-weight: 400;\">Piesele sunt produse din carton albastru de calitate superioar\u0103, sunt rezistente \u0219i se \u00eembin\u0103 perfect la fiecare asamblare.\u00a0<\/span><\/p>\n<p><span style=\"font-weight: 400;\">Este\u00a0 prietenos cu mediul fiind produs din materiale reciclabile \u0219i sustenabile.<\/span><\/p>\n<p><span style=\"font-weight: 400;\">Finisajul este semi-lucios, \u00een culori pl\u0103cute ce scot \u00een eviden\u021b\u0103 claritatea imaginii.<\/span><\/p>\n<p><span style=\"font-weight: 400;\">Este potrivit celor peste 14 ani, prilej de a petrece timpul liber \u00eempreun\u0103 cu adolescen\u021bii.<\/span><\/p>\n<p><strong>\u0218tiai c\u0103\u2026<\/strong><\/p>\n<ul>\n<li><span style=\"font-weight: 400;\">Str\u0103mo\u0219ul calului se nume\u0219te <\/span><em><span style=\"font-weight: 400;\">Eohippus <\/span><\/em><span style=\"font-weight: 400;\">\u0219i a tr\u0103it acum mai bine de 50 de milioane de ani.<\/span><\/li>\n<li><span style=\"font-weight: 400;\">Dintre toate mamiferele, caii au c\u00e2mpul vizual cel mai larg, de 360 de grade.<\/span><\/li>\n<li><span style=\"font-weight: 400;\">Calul are cei mai mari ochi dintre toate mamiferele. Diametrul acestora este de aproximativ 5 cm. Ca volum, sunt de 9 ori mai mari dec\u00e2t ochii umani.<\/span><\/li>\n<li><span style=\"font-weight: 400;\">Caii \u00ee\u0219i ridic\u0103 buza superioar\u0103 pentru a distinge un anumit miros \u0219i nu pentru a z\u00e2mbi.<\/span><\/li>\n<li><span style=\"font-weight: 400;\">Un cal poate s\u0103 alerge la doar c\u00e2teva ore dup\u0103 ce s-a n\u0103scut.<\/span><\/li>\n<li><span style=\"font-weight: 400;\">Caii au 10 tipuri de mu\u0219chi la nivelul urechilor \u0219i de aceea le pot roti la 180 de grade.<\/span><\/li>\n<\/ul>\n<p><strong>Puzzle 1000 piese Cal Murg &#8211; o activitate recreativ\u0103 uimitoare<\/strong><\/p>\n<p><span style=\"font-weight: 400;\">S\u0103 prive\u0219ti acest animal nobil care se bucur\u0103 de libertate, \u00ee\u021bi d\u0103 senza\u021bia c\u0103 tu \u00eensu\u021bi e\u0219ti un spirit liber. Fiecare pies\u0103 pus\u0103 la locul potrivit \u00ee\u021bi spore\u0219te \u00eencrederea \u00een tine \u0219i sim\u021bi cum fiecare obiectiv pe care \u021bi-l stabile\u0219ti este realizabil dac\u0103 e\u0219ti perseverent \u0219i crezi \u00een tine.<\/span><\/p>\n<p><span style=\"font-weight: 400;\">Fie c\u0103 preferi s\u0103 refaci imaginea singur, fie \u00een compania familiei sau a prietenilor, <\/span><span style=\"font-weight: 400;\">puzzle adul\u021bi 1000 piese Cal murg este un joc puzzle pe care trebuie s\u0103-l ai mereu la \u00eendem\u00e2n\u0103. \u00ce\u021bi provoac\u0103 mintea \u0219i \u00ee\u021bi ofer\u0103 p\u00e2n\u0103 la 30 de ore de distrac\u021bie \u0219i relaxare.<\/span><\/p>\n<p><span style=\"font-weight: 400;\">Po\u021bi alege puzzle 1000 piese Cal murg \u0219i pentru a-l oferi \u00een dar cu ocazia s\u0103rb\u0103torilor sau de zilele aniversare ale prietenilor pasiona\u021bi de jocuri puzzle.<\/span><\/p>\n","protected":false},"excerpt":{"rendered":"<p>E\u0219ti pasionat de jocurile puzzle \u0219i preferi imaginile clasice, cu animale surprinse \u00een natur\u0103? Asambleaz\u0103 puzzle 1000 piese Cal murg<\/p>\n","protected":false},"featured_media":59583,"template":"","meta":[],"product_brand":[],"product_cat":[1454,1488,1560],"product_tag":[],"class_list":{"0":"post-19425","1":"product","2":"type-product","3":"status-publish","4":"has-post-thumbnail","6":"product_cat-puzzle","7":"product_cat-puzzle-adulti","8":"product_cat-puzzle-adulti-1000","9":"pa_brand-d_toys","10":"pa_country_of_manufacture-ro","11":"pa_filter_age-1315","12":"pa_painter-horses","13":"pa_tip_ambalaj-cutie","14":"pa_tip_puzzle-clasic","16":"first","17":"instock","18":"taxable","19":"shipping-taxable","20":"product-type-simple"},"yoast_head":"<!-- This site is optimized with the Yoast SEO plugin v20.1 - https:\/\/yoast.com\/wordpress\/plugins\/seo\/ -->\n<title>Puzzle - Cai - 1000 Piese - 4<\/title>\n<meta name=\"description\" content=\"Puzzle - Cai - 1000 Piese - 4 Asambla\u021bi acest puzzle superb de 1000 piese pentru a reconstitui o imagine remarcabil\u0103!\" \/>\n<meta name=\"robots\" content=\"index, follow, max-snippet:-1, max-image-preview:large, max-video-preview:-1\" \/>\n<link rel=\"canonical\" href=\"https:\/\/www.roovi.ro\/puzzle-adulti-1000-piese-cal-murg\/p\/\" \/>\n<meta property=\"og:locale\" content=\"ro_RO\" \/>\n<meta property=\"og:type\" content=\"article\" \/>\n<meta property=\"og:title\" content=\"Puzzle - Cai - 1000 Piese - 4\" \/>\n<meta property=\"og:description\" content=\"Puzzle - Cai - 1000 Piese - 4 Asambla\u021bi acest puzzle superb de 1000 piese pentru a reconstitui o imagine remarcabil\u0103!\" \/>\n<meta property=\"og:url\" content=\"https:\/\/www.roovi.ro\/puzzle-adulti-1000-piese-cal-murg\/p\/\" \/>\n<meta property=\"og:site_name\" content=\"Roovi B2B\" \/>\n<meta property=\"article:publisher\" content=\"https:\/\/www.facebook.com\/wwwjucariero\" \/>\n<meta property=\"article:modified_time\" content=\"2023-03-20T21:35:02+00:00\" \/>\n<meta property=\"og:image\" content=\"https:\/\/business.roovi.com\/wp-content\/uploads\/2018\/09\/65988-04-Ansamblu_dimensiuni-cutie-cm_orizontal-2.png\" \/>\n\t<meta property=\"og:image:width\" content=\"1200\" \/>\n\t<meta property=\"og:image:height\" content=\"1200\" \/>\n\t<meta property=\"og:image:type\" content=\"image\/png\" \/>\n<meta name=\"twitter:label1\" content=\"Timp estimat pentru citire\" \/>\n\t<meta name=\"twitter:data1\" content=\"3 minute\" \/>\n<script type=\"application\/ld+json\" class=\"yoast-schema-graph\">{\"@context\":\"https:\/\/schema.org\",\"@graph\":[{\"@type\":\"WebPage\",\"@id\":\"https:\/\/business.roovi.com\/ro\/puzzle-adulti-1000-piese-cal-murg\/p\/\",\"url\":\"https:\/\/www.roovi.ro\/puzzle-adulti-1000-piese-cal-murg\/p\/\",\"name\":\"Puzzle - Cai - 1000 Piese - 4\",\"isPartOf\":{\"@id\":\"https:\/\/business.roovi.com\/ro\/#website\"},\"datePublished\":\"2018-09-06T08:58:10+00:00\",\"dateModified\":\"2023-03-20T21:35:02+00:00\",\"description\":\"Puzzle - Cai - 1000 Piese - 4 Asambla\u021bi acest puzzle superb de 1000 piese pentru a reconstitui o imagine remarcabil\u0103!\",\"breadcrumb\":{\"@id\":\"https:\/\/www.roovi.ro\/puzzle-adulti-1000-piese-cal-murg\/p\/#breadcrumb\"},\"inLanguage\":\"ro-RO\",\"potentialAction\":[{\"@type\":\"ReadAction\",\"target\":[\"https:\/\/www.roovi.ro\/puzzle-adulti-1000-piese-cal-murg\/p\/\"]}]},{\"@type\":\"BreadcrumbList\",\"@id\":\"https:\/\/www.roovi.ro\/puzzle-adulti-1000-piese-cal-murg\/p\/#breadcrumb\",\"itemListElement\":[{\"@type\":\"ListItem\",\"position\":1,\"name\":\"Home\",\"item\":\"https:\/\/business.roovi.com\/ro\/\"},{\"@type\":\"ListItem\",\"position\":2,\"name\":\"Magazin\",\"item\":\"https:\/\/business.roovi.com\/ro\/magazin\/\"},{\"@type\":\"ListItem\",\"position\":3,\"name\":\"Puzzle adul\u021bi 1000 piese Cal murg\"}]},{\"@type\":\"WebSite\",\"@id\":\"https:\/\/business.roovi.com\/ro\/#website\",\"url\":\"https:\/\/business.roovi.com\/ro\/\",\"name\":\"Roovi B2B\",\"description\":\"Roovi Business Website\",\"potentialAction\":[{\"@type\":\"SearchAction\",\"target\":{\"@type\":\"EntryPoint\",\"urlTemplate\":\"https:\/\/business.roovi.com\/ro\/?s={search_term_string}\"},\"query-input\":\"required name=search_term_string\"}],\"inLanguage\":\"ro-RO\"}]}<\/script>\n<!-- \/ Yoast SEO plugin. -->","yoast_head_json":{"title":"Puzzle - Cai - 1000 Piese - 4","description":"Puzzle - Cai - 1000 Piese - 4 Asambla\u021bi acest puzzle superb de 1000 piese pentru a reconstitui o imagine remarcabil\u0103!","robots":{"index":"index","follow":"follow","max-snippet":"max-snippet:-1","max-image-preview":"max-image-preview:large","max-video-preview":"max-video-preview:-1"},"canonical":"https:\/\/www.roovi.ro\/puzzle-adulti-1000-piese-cal-murg\/p\/","og_locale":"ro_RO","og_type":"article","og_title":"Puzzle - Cai - 1000 Piese - 4","og_description":"Puzzle - Cai - 1000 Piese - 4 Asambla\u021bi acest puzzle superb de 1000 piese pentru a reconstitui o imagine remarcabil\u0103!","og_url":"https:\/\/www.roovi.ro\/puzzle-adulti-1000-piese-cal-murg\/p\/","og_site_name":"Roovi B2B","article_publisher":"https:\/\/www.facebook.com\/wwwjucariero","article_modified_time":"2023-03-20T21:35:02+00:00","og_image":[{"width":1200,"height":1200,"url":"https:\/\/business.roovi.com\/wp-content\/uploads\/2018\/09\/65988-04-Ansamblu_dimensiuni-cutie-cm_orizontal-2.png","type":"image\/png"}],"twitter_misc":{"Timp estimat pentru citire":"3 minute"},"schema":{"@context":"https:\/\/schema.org","@graph":[{"@type":"WebPage","@id":"https:\/\/business.roovi.com\/ro\/puzzle-adulti-1000-piese-cal-murg\/p\/","url":"https:\/\/www.roovi.ro\/puzzle-adulti-1000-piese-cal-murg\/p\/","name":"Puzzle - Cai - 1000 Piese - 4","isPartOf":{"@id":"https:\/\/business.roovi.com\/ro\/#website"},"datePublished":"2018-09-06T08:58:10+00:00","dateModified":"2023-03-20T21:35:02+00:00","description":"Puzzle - Cai - 1000 Piese - 4 Asambla\u021bi acest puzzle superb de 1000 piese pentru a reconstitui o imagine remarcabil\u0103!","breadcrumb":{"@id":"https:\/\/www.roovi.ro\/puzzle-adulti-1000-piese-cal-murg\/p\/#breadcrumb"},"inLanguage":"ro-RO","potentialAction":[{"@type":"ReadAction","target":["https:\/\/www.roovi.ro\/puzzle-adulti-1000-piese-cal-murg\/p\/"]}]},{"@type":"BreadcrumbList","@id":"https:\/\/www.roovi.ro\/puzzle-adulti-1000-piese-cal-murg\/p\/#breadcrumb","itemListElement":[{"@type":"ListItem","position":1,"name":"Home","item":"https:\/\/business.roovi.com\/ro\/"},{"@type":"ListItem","position":2,"name":"Magazin","item":"https:\/\/business.roovi.com\/ro\/magazin\/"},{"@type":"ListItem","position":3,"name":"Puzzle adul\u021bi 1000 piese Cal murg"}]},{"@type":"WebSite","@id":"https:\/\/business.roovi.com\/ro\/#website","url":"https:\/\/business.roovi.com\/ro\/","name":"Roovi B2B","description":"Roovi Business Website","potentialAction":[{"@type":"SearchAction","target":{"@type":"EntryPoint","urlTemplate":"https:\/\/business.roovi.com\/ro\/?s={search_term_string}"},"query-input":"required name=search_term_string"}],"inLanguage":"ro-RO"}]}},"_links":{"self":[{"href":"https:\/\/business.roovi.com\/ro\/wp-json\/wp\/v2\/product\/19425","targetHints":{"allow":["GET"]}}],"collection":[{"href":"https:\/\/business.roovi.com\/ro\/wp-json\/wp\/v2\/product"}],"about":[{"href":"https:\/\/business.roovi.com\/ro\/wp-json\/wp\/v2\/types\/product"}],"version-history":[{"count":0,"href":"https:\/\/business.roovi.com\/ro\/wp-json\/wp\/v2\/product\/19425\/revisions"}],"wp:featuredmedia":[{"embeddable":true,"href":"https:\/\/business.roovi.com\/ro\/wp-json\/wp\/v2\/media\/59583"}],"wp:attachment":[{"href":"https:\/\/business.roovi.com\/ro\/wp-json\/wp\/v2\/media?parent=19425"}],"wp:term":[{"taxonomy":"product_brand","embeddable":true,"href":"https:\/\/business.roovi.com\/ro\/wp-json\/wp\/v2\/product_brand?post=19425"},{"taxonomy":"product_cat","embeddable":true,"href":"https:\/\/business.roovi.com\/ro\/wp-json\/wp\/v2\/product_cat?post=19425"},{"taxonomy":"product_tag","embeddable":true,"href":"https:\/\/business.roovi.com\/ro\/wp-json\/wp\/v2\/product_tag?post=19425"}],"curies":[{"name":"wp","href":"https:\/\/api.w.org\/{rel}","templated":true}]}}