{"id":19455,"date":"2018-09-06T09:18:05","date_gmt":"2018-09-06T09:18:05","guid":{"rendered":"https:\/\/business.roovi.com\/product\/puzzle-descopera-europa-1000-piese-5\/"},"modified":"2025-03-18T09:31:28","modified_gmt":"2025-03-18T09:31:28","slug":"puzzle-adulti-1000-piese-discover-europe-acropolis","status":"publish","type":"product","link":"https:\/\/business.roovi.com\/ro\/puzzle-adulti-1000-piese-discover-europe-acropolis\/p\/","title":{"rendered":"Puzzle Acropolis &#8211; Puzzle adul\u021bi 1000 piese &#8211; Discover Europe"},"content":{"rendered":"<p><strong><em>P\u0103streaz\u0103 amintirile de neuitat din vacan\u021bele de vis prin Europa \u00een tablouri unice din puzzle 1000 piese. Gama Discover Europe cuprinde jocuri puzzle cu imagini uimitoare ale unora dintre cele mai spectaculoase atrac\u021bii turistice de pe b\u0103tr\u00e2nul continent.<\/em><\/strong><\/p>\n<p><span style=\"font-weight: 400;\">Cu puzzle 1000 piese Discover Europe &#8211; Acropolis ai ocazia s\u0103 recl\u0103de\u0219ti din 1000 piese puzzle imaginea acestei capodopere antice, simbol al m\u0103re\u021biei artei grece\u0219ti.<\/span><\/p>\n<p><span style=\"font-weight: 400;\">Dac\u0103 ajungi \u00een Atena, nu ai cum s\u0103 ratezi Acropole, \u00een primul r\u00e2nd pentru c\u0103 acest <\/span><span style=\"font-weight: 400;\">emblematic monument cultural mondial este vizibil din orice zon\u0103 a capitalei Greciei.\u00a0<\/span><\/p>\n<p><span style=\"font-weight: 400;\">Acropola atenian\u0103 este cel mai impresionant complex monumental al Greciei antice care s-a p\u0103strat p\u00e2n\u0103 \u00een zilele noastre. Situat\u0103 pe un deal st\u00e2ncos deasupra ora\u0219ului Atena, g\u0103zduie\u0219te r\u0103m\u0103\u0219i\u021bele mai multor cl\u0103diri antice de o valoare arhitectural\u0103 inestimabil\u0103 dintre care cea mai cunoscut\u0103 este Partenonul.<\/span><\/p>\n<p><span style=\"font-weight: 400;\">Prin intermediul acestui puzzle 1000 piese ai ocazia s\u0103 admiri detalii impresionante ale acestui obiectiv celebru, \u00eenc\u0103rcat de istorie \u0219i simboluri. Construie\u0219te pies\u0103 cu pies\u0103 un tablou superb\u00a0 din puzzle adul\u021bi Acropolis care va ar\u0103ta spectaculos \u00een orice loc alegi s\u0103 \u00eel expui.<\/span><\/p>\n<p><strong>De ce s\u0103 alegi puzzle 1000 piese Discover Europe &#8211; Acropolis?<\/strong><\/p>\n<p><span style=\"font-weight: 400;\">Este o modalitate recreativ\u0103 \u0219i relaxant\u0103 pentru a-\u021bi petrece timpul liber.<\/span><\/p>\n<p><span style=\"font-weight: 400;\">Ob\u021bii un tablou cu dimensiunile de 68 x 47 cm care va da o not\u0103 rafinat\u0103 oric\u0103rui loc anost din casa ta.<\/span><\/p>\n<p><span style=\"font-weight: 400;\">Este produs din carton albastru de calitate superioar\u0103 care confer\u0103 rezisten\u021b\u0103 pieselor chiar \u0219i la asambl\u0103ri multiple.<\/span><\/p>\n<p><span style=\"font-weight: 400;\">Utiliz\u0103m \u00een producerea jocurilor puzzle doar materiale sustenabile \u0219i reciclabile.<\/span><\/p>\n<p><span style=\"font-weight: 400;\">Are finisaje semi-lucioase \u0219i culori vii ce scot \u00een eviden\u021b\u0103 frumuse\u021bea imaginii.<\/span><\/p>\n<p><span style=\"font-weight: 400;\">Potrivit persoanelor peste 14 ani, un motiv \u00een plus pentru a-i introduce pe adolescen\u021bi \u00een tainele lumii antice grece\u0219ti.<\/span><\/p>\n<p><span style=\"font-weight: 400;\">\u00ce\u021bi ofer\u0103 prilejul de a petrece c\u00e2teva ore de distrac\u021bie relaxant\u0103 al\u0103turi de prieteni.<\/span><\/p>\n<p><span style=\"font-weight: 400;\">Este o modalitate excelent\u0103 pentru a-\u021bi dezvolta abilit\u0103\u021bi precum aten\u021bia la detalii, dexteritatea, motricitatea fin\u0103.<\/span><\/p>\n<p><strong>\u0218tiai c\u0103\u2026?<\/strong><\/p>\n<p><span style=\"font-weight: 400;\">Primele cl\u0103diri din complexul Acropole au fost construite cu scop defensiv. Vechii micenieni au construit primul s\u0103u zid de ap\u0103rare \u00een secolul al XIII-lea \u00ee.Hr. Fragmente din aceast\u0103 structur\u0103 se pot observa \u0219i ast\u0103zi.\u00a0<\/span><\/p>\n<p><span style=\"font-weight: 400;\">Cea mai impun\u0103toare cl\u0103dire din acest complex, Partenonul, templul \u00eenchinat zei\u021bei Atena, a fost construit\u0103 \u00eencep\u00e2nd din 447 \u00ee.Hr. De-a lungul istoriei, acesta a fost loc de venera\u021bie, biseric\u0103, cre\u0219tin\u0103, moschee, depozit de muni\u021bie, iar \u00een prezent, obiectiv turistic.<\/span><\/p>\n<p><strong>Puzzle 1000 piese Acropolis \u0219i starea de fericire<\/strong><\/p>\n<p><span style=\"font-weight: 400;\">S-a demonstrat c\u0103 \u00een timpul jocului puzzle creierul uman produce mai mult\u0103 dopamin\u0103, un neurotransmi\u021b\u0103tor care asigur\u0103 starea de bine, optimism \u0219i fericire.\u00a0<\/span><\/p>\n<p><span style=\"font-weight: 400;\">Mai mult dec\u00e2t relaxare, po\u021bi experimenta cu puzzle 1000 piese Acropolis o stare de bucurie, dublat\u0103 de satisfac\u021bia c\u0103 ai realizat un tablou de excep\u021bie cu propriile tale m\u00e2ini. Pune \u00een ram\u0103 aceast\u0103 capodoper\u0103 \u0219i admir\u0103 \u00een tihn\u0103 <\/span><span style=\"font-weight: 400;\">elementele arhitecturale de excep\u021bie ale unui monument celebru \u00een lume.<\/span><\/p>\n<p><span style=\"font-weight: 400;\">Puzzle 1000 piese <\/span><span style=\"font-weight: 400;\">Acropolis din colec\u021bia Descoper\u0103 Europa<\/span><span style=\"font-weight: 400;\"> este un cadoul ideal pentru orice iubitor de frumos \u0219i pasionat de jocuri puzzle. Nu ezita s\u0103 \u00eel oferi \u00een dar celor dragi. Le vei aduce multe z\u00e2mbete \u0219i bucurie cu acest puzzle adul\u021bi deosebit.<\/span><\/p>\n","protected":false},"excerpt":{"rendered":"<p>P\u0103streaz\u0103 amintirile de neuitat din vacan\u021bele de vis prin Europa \u00een tablouri unice din puzzle 1000 piese. Gama Discover Europe<\/p>\n","protected":false},"featured_media":19441,"template":"","meta":[],"product_brand":[],"product_cat":[1454,1488,1560],"product_tag":[],"class_list":{"0":"post-19455","1":"product","2":"type-product","3":"status-publish","4":"has-post-thumbnail","6":"product_cat-puzzle","7":"product_cat-puzzle-adulti","8":"product_cat-puzzle-adulti-1000","9":"pa_bax-1304","10":"pa_brand-d_toys","11":"pa_country_of_manufacture-ro","12":"pa_filter_age-1315","13":"pa_painter-discovereurope","14":"pa_tip_ambalaj-cutie","15":"pa_tip_puzzle-clasic","17":"first","18":"instock","19":"taxable","20":"shipping-taxable","21":"product-type-simple"},"yoast_head":"<!-- This site is optimized with the Yoast SEO plugin v20.1 - https:\/\/yoast.com\/wordpress\/plugins\/seo\/ -->\n<title>Puzzle Acropolis - Puzzle adul\u021bi 1000 piese - Discover Europe - Roovi B2B<\/title>\n<meta name=\"robots\" content=\"index, follow, max-snippet:-1, max-image-preview:large, max-video-preview:-1\" \/>\n<link rel=\"canonical\" href=\"https:\/\/www.roovi.ro\/puzzle-adulti-1000-piese-discover-europe-acropolis\/p\/\" \/>\n<meta property=\"og:locale\" content=\"ro_RO\" \/>\n<meta property=\"og:type\" content=\"article\" \/>\n<meta property=\"og:title\" content=\"Puzzle Acropolis - Puzzle adul\u021bi 1000 piese - Discover Europe - Roovi B2B\" \/>\n<meta property=\"og:description\" content=\"P\u0103streaz\u0103 amintirile de neuitat din vacan\u021bele de vis prin Europa \u00een tablouri unice din puzzle 1000 piese. Gama Discover Europe\" \/>\n<meta property=\"og:url\" content=\"https:\/\/www.roovi.ro\/puzzle-adulti-1000-piese-discover-europe-acropolis\/p\/\" \/>\n<meta property=\"og:site_name\" content=\"Roovi B2B\" \/>\n<meta property=\"article:publisher\" content=\"https:\/\/www.facebook.com\/wwwjucariero\" \/>\n<meta property=\"article:modified_time\" content=\"2025-03-18T09:31:28+00:00\" \/>\n<meta property=\"og:image\" content=\"https:\/\/business.roovi.com\/wp-content\/uploads\/2018\/09\/65995-05-ansamblu_dimensiuni-cutie-22x22-cm.png\" \/>\n\t<meta property=\"og:image:width\" content=\"1140\" \/>\n\t<meta property=\"og:image:height\" content=\"1140\" \/>\n\t<meta property=\"og:image:type\" content=\"image\/png\" \/>\n<meta name=\"twitter:label1\" content=\"Timp estimat pentru citire\" \/>\n\t<meta name=\"twitter:data1\" content=\"3 minute\" \/>\n<script type=\"application\/ld+json\" class=\"yoast-schema-graph\">{\"@context\":\"https:\/\/schema.org\",\"@graph\":[{\"@type\":\"WebPage\",\"@id\":\"https:\/\/business.roovi.com\/ro\/puzzle-adulti-1000-piese-discover-europe-acropolis\/p\/\",\"url\":\"https:\/\/www.roovi.ro\/puzzle-adulti-1000-piese-discover-europe-acropolis\/p\/\",\"name\":\"Puzzle Acropolis - Puzzle adul\u021bi 1000 piese - Discover Europe - Roovi B2B\",\"isPartOf\":{\"@id\":\"https:\/\/business.roovi.com\/ro\/#website\"},\"datePublished\":\"2018-09-06T09:18:05+00:00\",\"dateModified\":\"2025-03-18T09:31:28+00:00\",\"breadcrumb\":{\"@id\":\"https:\/\/www.roovi.ro\/puzzle-adulti-1000-piese-discover-europe-acropolis\/p\/#breadcrumb\"},\"inLanguage\":\"ro-RO\",\"potentialAction\":[{\"@type\":\"ReadAction\",\"target\":[\"https:\/\/www.roovi.ro\/puzzle-adulti-1000-piese-discover-europe-acropolis\/p\/\"]}]},{\"@type\":\"BreadcrumbList\",\"@id\":\"https:\/\/www.roovi.ro\/puzzle-adulti-1000-piese-discover-europe-acropolis\/p\/#breadcrumb\",\"itemListElement\":[{\"@type\":\"ListItem\",\"position\":1,\"name\":\"Home\",\"item\":\"https:\/\/business.roovi.com\/ro\/\"},{\"@type\":\"ListItem\",\"position\":2,\"name\":\"Magazin\",\"item\":\"https:\/\/business.roovi.com\/ro\/magazin\/\"},{\"@type\":\"ListItem\",\"position\":3,\"name\":\"Puzzle Acropolis &#8211; Puzzle adul\u021bi 1000 piese &#8211; Discover Europe\"}]},{\"@type\":\"WebSite\",\"@id\":\"https:\/\/business.roovi.com\/ro\/#website\",\"url\":\"https:\/\/business.roovi.com\/ro\/\",\"name\":\"Roovi B2B\",\"description\":\"Roovi Business Website\",\"potentialAction\":[{\"@type\":\"SearchAction\",\"target\":{\"@type\":\"EntryPoint\",\"urlTemplate\":\"https:\/\/business.roovi.com\/ro\/?s={search_term_string}\"},\"query-input\":\"required name=search_term_string\"}],\"inLanguage\":\"ro-RO\"}]}<\/script>\n<!-- \/ Yoast SEO plugin. -->","yoast_head_json":{"title":"Puzzle Acropolis - Puzzle adul\u021bi 1000 piese - Discover Europe - Roovi B2B","robots":{"index":"index","follow":"follow","max-snippet":"max-snippet:-1","max-image-preview":"max-image-preview:large","max-video-preview":"max-video-preview:-1"},"canonical":"https:\/\/www.roovi.ro\/puzzle-adulti-1000-piese-discover-europe-acropolis\/p\/","og_locale":"ro_RO","og_type":"article","og_title":"Puzzle Acropolis - Puzzle adul\u021bi 1000 piese - Discover Europe - Roovi B2B","og_description":"P\u0103streaz\u0103 amintirile de neuitat din vacan\u021bele de vis prin Europa \u00een tablouri unice din puzzle 1000 piese. Gama Discover Europe","og_url":"https:\/\/www.roovi.ro\/puzzle-adulti-1000-piese-discover-europe-acropolis\/p\/","og_site_name":"Roovi B2B","article_publisher":"https:\/\/www.facebook.com\/wwwjucariero","article_modified_time":"2025-03-18T09:31:28+00:00","og_image":[{"width":1140,"height":1140,"url":"https:\/\/business.roovi.com\/wp-content\/uploads\/2018\/09\/65995-05-ansamblu_dimensiuni-cutie-22x22-cm.png","type":"image\/png"}],"twitter_misc":{"Timp estimat pentru citire":"3 minute"},"schema":{"@context":"https:\/\/schema.org","@graph":[{"@type":"WebPage","@id":"https:\/\/business.roovi.com\/ro\/puzzle-adulti-1000-piese-discover-europe-acropolis\/p\/","url":"https:\/\/www.roovi.ro\/puzzle-adulti-1000-piese-discover-europe-acropolis\/p\/","name":"Puzzle Acropolis - Puzzle adul\u021bi 1000 piese - Discover Europe - Roovi B2B","isPartOf":{"@id":"https:\/\/business.roovi.com\/ro\/#website"},"datePublished":"2018-09-06T09:18:05+00:00","dateModified":"2025-03-18T09:31:28+00:00","breadcrumb":{"@id":"https:\/\/www.roovi.ro\/puzzle-adulti-1000-piese-discover-europe-acropolis\/p\/#breadcrumb"},"inLanguage":"ro-RO","potentialAction":[{"@type":"ReadAction","target":["https:\/\/www.roovi.ro\/puzzle-adulti-1000-piese-discover-europe-acropolis\/p\/"]}]},{"@type":"BreadcrumbList","@id":"https:\/\/www.roovi.ro\/puzzle-adulti-1000-piese-discover-europe-acropolis\/p\/#breadcrumb","itemListElement":[{"@type":"ListItem","position":1,"name":"Home","item":"https:\/\/business.roovi.com\/ro\/"},{"@type":"ListItem","position":2,"name":"Magazin","item":"https:\/\/business.roovi.com\/ro\/magazin\/"},{"@type":"ListItem","position":3,"name":"Puzzle Acropolis &#8211; Puzzle adul\u021bi 1000 piese &#8211; Discover Europe"}]},{"@type":"WebSite","@id":"https:\/\/business.roovi.com\/ro\/#website","url":"https:\/\/business.roovi.com\/ro\/","name":"Roovi B2B","description":"Roovi Business Website","potentialAction":[{"@type":"SearchAction","target":{"@type":"EntryPoint","urlTemplate":"https:\/\/business.roovi.com\/ro\/?s={search_term_string}"},"query-input":"required name=search_term_string"}],"inLanguage":"ro-RO"}]}},"_links":{"self":[{"href":"https:\/\/business.roovi.com\/ro\/wp-json\/wp\/v2\/product\/19455","targetHints":{"allow":["GET"]}}],"collection":[{"href":"https:\/\/business.roovi.com\/ro\/wp-json\/wp\/v2\/product"}],"about":[{"href":"https:\/\/business.roovi.com\/ro\/wp-json\/wp\/v2\/types\/product"}],"version-history":[{"count":0,"href":"https:\/\/business.roovi.com\/ro\/wp-json\/wp\/v2\/product\/19455\/revisions"}],"wp:featuredmedia":[{"embeddable":true,"href":"https:\/\/business.roovi.com\/ro\/wp-json\/wp\/v2\/media\/19441"}],"wp:attachment":[{"href":"https:\/\/business.roovi.com\/ro\/wp-json\/wp\/v2\/media?parent=19455"}],"wp:term":[{"taxonomy":"product_brand","embeddable":true,"href":"https:\/\/business.roovi.com\/ro\/wp-json\/wp\/v2\/product_brand?post=19455"},{"taxonomy":"product_cat","embeddable":true,"href":"https:\/\/business.roovi.com\/ro\/wp-json\/wp\/v2\/product_cat?post=19455"},{"taxonomy":"product_tag","embeddable":true,"href":"https:\/\/business.roovi.com\/ro\/wp-json\/wp\/v2\/product_tag?post=19455"}],"curies":[{"name":"wp","href":"https:\/\/api.w.org\/{rel}","templated":true}]}}