{"id":19500,"date":"2018-09-06T09:28:30","date_gmt":"2018-09-06T09:28:30","guid":{"rendered":"https:\/\/business.roovi.com\/product\/puzzle-descopera-europa-1000-piese-8\/"},"modified":"2023-03-20T21:34:48","modified_gmt":"2023-03-20T21:34:48","slug":"puzzle-adulti-1000-piese-discover-europe-insula-corfu","status":"publish","type":"product","link":"https:\/\/business.roovi.com\/ro\/puzzle-adulti-1000-piese-discover-europe-insula-corfu\/p\/","title":{"rendered":"Puzzle Insula Corfu &#8211; Puzzle adul\u021bi 1000 piese &#8211; Discover Europe"},"content":{"rendered":"<p><strong><em>Gama puzzle 1000 piese Discover Europe \u00eembin\u0103 pasiunea pentru jocurile puzzle \u0219i c\u0103l\u0103torii. Creeaz\u0103-\u021bi o colec\u021bie unic\u0103 de tablouri din puzzle 1000 piese cu imagini ale unora dintre cele mai faimoase atrac\u021bii turistice de pe b\u0103tr\u00e2nul continent.<\/em><\/strong><\/p>\n<p><span style=\"font-weight: 400;\">Puzzle 1000 piese Insula Corfu \u00ee\u021bi zboar\u0103 g\u00e2ndurile departe, pe una dintre plajele s\u0103lbatice ale acestei destina\u021bii superbe. Un peisaj idilic ce \u00ee\u021bi d\u0103 o stare de relaxare \u0219i te face s\u0103 te deta\u0219ezi de grijile cotidiene.<\/span><\/p>\n<p><span style=\"font-weight: 400;\">Insula Corfu, denumit\u0103 \u0219i <\/span><em><span style=\"font-weight: 400;\">Insula de smarald <\/span><\/em><span style=\"font-weight: 400;\">a Grecie g\u0103zduie\u0219te peste 3 milioane de m\u0103slini \u0219i este cea mai verde insul\u0103 greceasc\u0103. Plajele exotice, peisajele care \u00ee\u021bi taie r\u0103suflarea, apele \u00een nuan\u021be infinite de turcoaz \u0219i istoria bogat\u0103 \u00eempletit\u0103 cu legende \u0219i simboluri diverse fac din aceast\u0103 destina\u021bie un loc de poveste \u00een care orice pasionat de c\u0103l\u0103torii dore\u0219te s\u0103 ajung\u0103 m\u0103car o dat\u0103.<\/span><\/p>\n<p><span style=\"font-weight: 400;\">Te invit\u0103m s\u0103 refaci peisajul din puzzle 1000 piese Insula Corfu \u0219i s\u0103 tr\u0103ie\u0219ti sentimentul de libertate pe care \u021bi-l inspir\u0103. Piesele din acest joc puzzle sunt t\u0103iate cu precizie \u0219i se \u00eembin\u0103 perfect, astfel c\u0103 imaginea final\u0103 este des\u0103v\u00e2r\u0219it\u0103. Pune \u00een ram\u0103 peisajul asamblat din puzzle 1000 piese \u0219i folose\u0219te-l ca obiect decorativ.<\/span><\/p>\n<p><strong>De ce s\u0103 alegi un puzzle 1000 piese din colec\u021bia Discover Europe?<\/strong><\/p>\n<p><span style=\"font-weight: 400;\">Un puzzle cu imaginea unui obiectiv turistic este un prilej de relaxare \u0219i deconectare de la cotidian.<\/span><\/p>\n<p><span style=\"font-weight: 400;\">Ob\u021bii un tablou de 68 x 47 cm care va da personalitate oric\u0103rui loc anost din casa ta.<\/span><\/p>\n<p><span style=\"font-weight: 400;\">Este produs din carton de calitate superioar\u0103 care confer\u0103 durabilitate pieselor chiar \u0219i la utiliz\u0103ri multiple.<\/span><\/p>\n<p><span style=\"font-weight: 400;\">Fiecare puzzle adul\u021bi este prietenos cu natura, fiind produs din materiale sustenabile \u0219i reciclabile.<\/span><\/p>\n<p><span style=\"font-weight: 400;\">Are finisaj semi-lucios \u0219i culori pl\u0103cute care scot \u00een eviden\u021b\u0103 frumuse\u021bea imaginii.<\/span><\/p>\n<p><span style=\"font-weight: 400;\">Este potrivit persoanelor peste 14 ani, un motiv excelent pentru a petrece timp de calitate cu adolescen\u021bii.<\/span><\/p>\n<p><span style=\"font-weight: 400;\">S\u0103 asamblezi un puzzle adul\u021bi 1000 piese este o activitate care \u00ee\u021bi aduce beneficii ce se reflect\u0103 pe mai multe planuri:<\/span><\/p>\n<ul>\n<li><span style=\"font-weight: 400;\">\u00ce\u021bi cultiv\u0103 r\u0103bdarea \u0219i perseveren\u021ba.<\/span><\/li>\n<li><span style=\"font-weight: 400;\">\u00ce\u021bi dezvolt\u0103 creativitatea \u0219i dorin\u021ba de cunoa\u0219tere.<\/span><\/li>\n<li><span style=\"font-weight: 400;\">Este o modalitate excelent\u0103 pentru a-\u021bi antrena memoria.<\/span><\/li>\n<li><span style=\"font-weight: 400;\">Devii mai atent la detalii \u0219i \u00ee\u021bi men\u021bii concentrarea pe o singur\u0103 sarcin\u0103 un timp \u00eendelungat.<\/span><\/li>\n<li><span style=\"font-weight: 400;\">\u00ce\u021bi \u00eembun\u0103t\u0103\u021be\u0219ti starea de spirit \u0219i devii \u00eencrez\u0103tor \u00een for\u021bele proprii.<\/span><\/li>\n<\/ul>\n<p><strong>\u0218tiai c\u0103\u2026?<\/strong><\/p>\n<p><span style=\"font-weight: 400;\">Numele insulei, <\/span><em><span style=\"font-weight: 400;\">Corfu,<\/span><\/em><span style=\"font-weight: 400;\"> provine de la numele nimfei <\/span><em><span style=\"font-weight: 400;\">KorKyra. <\/span><\/em><span style=\"font-weight: 400;\">Legenda spune c\u0103 Poesidon, zeul m\u0103rilor, s-a \u00eendr\u0103gostit de ea, a r\u0103pit-o \u0219i a adus-o pe aceast\u0103 insul\u0103 care ulterior i-a reluat numele.<\/span><\/p>\n<p><span style=\"font-weight: 400;\">De Pa\u0219te, \u00een Corfu se p\u0103streaz\u0103 un obicei\u2026 zgomotos: \u00een S\u00e2mb\u0103ta Mare, localnicii arunc\u0103 de la balcoanele cl\u0103dirilor ulcele de lut cu dou\u0103 m\u00e2nere de care sunt prinse panglici ro\u0219ii. Se spune c\u0103 acest obicei alung\u0103 spiritele rele \u0219i atrage prosperitate \u0219i noroc.<\/span><\/p>\n<p><span style=\"font-weight: 400;\">Se spune c\u0103 \u00een secolele XIV-XVIII localnicii primeau c\u00e2te o moned\u0103 de aur pentru fiecare m\u0103slin plantat. Uleiul era utilizat pentru a aprinde l\u0103mpile din Vene\u021bia.<\/span><\/p>\n<p><strong>Puzzle 1000 piese Insula Corfu &#8211; pentru restabilirea echilibrului interior<\/strong><\/p>\n<p><span style=\"font-weight: 400;\">Jocul puzzle \u00ee\u021bi provoac\u0103 mintea \u0219i \u00een acela\u0219i timp te ajut\u0103 s\u0103 te relaxezi profund. Aceast\u0103 activitatea uimitoare \u00ee\u021bi induce starea <\/span><em><span style=\"font-weight: 400;\">Alfa <\/span><\/em><span style=\"font-weight: 400;\">asem\u0103n\u0103toare cu starea de visare. De aceea, reu\u0219e\u0219ti s\u0103 te eliberezi de stres \u0219i s\u0103 te deta\u0219ezi de g\u00e2nduri negative \u0219i probleme.\u00a0<\/span><\/p>\n<p><span style=\"font-weight: 400;\">Te reconectezi cu tine \u00eensu\u021bi \u0219i \u00ee\u021bi restabile\u0219ti echilibrul interior f\u0103r\u0103 efort, doar a\u0219ez\u00e2nd la locul potrivit 1000 piese de puzzle.<\/span><\/p>\n<p><span style=\"font-weight: 400;\">Pentru momentele de relaxare interioar\u0103, pentru reconectare cu cei dragi sau socializare cu prietenii, puzzle 1000 piese Insula Corfu din colec\u021bia Discover Europe este jocul perfect. De asemenea, acest puzzle adul\u021bi poate fi darul potrivit dac\u0103 e\u0219ti \u00een c\u0103utarea unui cadou de s\u0103rb\u0103tori sau de zile aniversare.<\/span><\/p>\n<p>\u00a0<\/p>\n","protected":false},"excerpt":{"rendered":"<p>Gama puzzle 1000 piese Discover Europe \u00eembin\u0103 pasiunea pentru jocurile puzzle \u0219i c\u0103l\u0103torii. Creeaz\u0103-\u021bi o colec\u021bie unic\u0103 de tablouri din<\/p>\n","protected":false},"featured_media":19486,"template":"","meta":[],"product_brand":[],"product_cat":[1454,1488,1560],"product_tag":[],"class_list":{"0":"post-19500","1":"product","2":"type-product","3":"status-publish","4":"has-post-thumbnail","6":"product_cat-puzzle","7":"product_cat-puzzle-adulti","8":"product_cat-puzzle-adulti-1000","9":"pa_bax-1304","10":"pa_brand-d_toys","11":"pa_country_of_manufacture-ro","12":"pa_filter_age-1315","13":"pa_painter-discovereurope","14":"pa_tip_ambalaj-cutie","15":"pa_tip_puzzle-clasic","17":"first","18":"instock","19":"taxable","20":"shipping-taxable","21":"product-type-simple"},"yoast_head":"<!-- This site is optimized with the Yoast SEO plugin v20.1 - https:\/\/yoast.com\/wordpress\/plugins\/seo\/ -->\n<title>Puzzle Insula Corfu - Puzzle adul\u021bi 1000 piese - Discover Europe - Roovi B2B<\/title>\n<meta name=\"robots\" content=\"index, follow, max-snippet:-1, max-image-preview:large, max-video-preview:-1\" \/>\n<link rel=\"canonical\" href=\"https:\/\/www.roovi.ro\/puzzle-adulti-1000-piese-discover-europe-insula-corfu\/p\/\" \/>\n<meta property=\"og:locale\" content=\"ro_RO\" \/>\n<meta property=\"og:type\" content=\"article\" \/>\n<meta property=\"og:title\" content=\"Puzzle Insula Corfu - Puzzle adul\u021bi 1000 piese - Discover Europe - Roovi B2B\" \/>\n<meta property=\"og:description\" content=\"Gama puzzle 1000 piese Discover Europe \u00eembin\u0103 pasiunea pentru jocurile puzzle \u0219i c\u0103l\u0103torii. Creeaz\u0103-\u021bi o colec\u021bie unic\u0103 de tablouri din\" \/>\n<meta property=\"og:url\" content=\"https:\/\/www.roovi.ro\/puzzle-adulti-1000-piese-discover-europe-insula-corfu\/p\/\" \/>\n<meta property=\"og:site_name\" content=\"Roovi B2B\" \/>\n<meta property=\"article:publisher\" content=\"https:\/\/www.facebook.com\/wwwjucariero\" \/>\n<meta property=\"article:modified_time\" content=\"2023-03-20T21:34:48+00:00\" \/>\n<meta property=\"og:image\" content=\"https:\/\/business.roovi.com\/wp-content\/uploads\/2018\/09\/65995-08-ansamblu_dimensiuni-cutie-cm.png\" \/>\n\t<meta property=\"og:image:width\" content=\"1200\" \/>\n\t<meta property=\"og:image:height\" content=\"1200\" \/>\n\t<meta property=\"og:image:type\" content=\"image\/png\" \/>\n<meta name=\"twitter:label1\" content=\"Timp estimat pentru citire\" \/>\n\t<meta name=\"twitter:data1\" content=\"3 minute\" \/>\n<script type=\"application\/ld+json\" class=\"yoast-schema-graph\">{\"@context\":\"https:\/\/schema.org\",\"@graph\":[{\"@type\":\"WebPage\",\"@id\":\"https:\/\/business.roovi.com\/ro\/puzzle-adulti-1000-piese-discover-europe-insula-corfu\/p\/\",\"url\":\"https:\/\/www.roovi.ro\/puzzle-adulti-1000-piese-discover-europe-insula-corfu\/p\/\",\"name\":\"Puzzle Insula Corfu - Puzzle adul\u021bi 1000 piese - Discover Europe - Roovi B2B\",\"isPartOf\":{\"@id\":\"https:\/\/business.roovi.com\/ro\/#website\"},\"datePublished\":\"2018-09-06T09:28:30+00:00\",\"dateModified\":\"2023-03-20T21:34:48+00:00\",\"breadcrumb\":{\"@id\":\"https:\/\/www.roovi.ro\/puzzle-adulti-1000-piese-discover-europe-insula-corfu\/p\/#breadcrumb\"},\"inLanguage\":\"ro-RO\",\"potentialAction\":[{\"@type\":\"ReadAction\",\"target\":[\"https:\/\/www.roovi.ro\/puzzle-adulti-1000-piese-discover-europe-insula-corfu\/p\/\"]}]},{\"@type\":\"BreadcrumbList\",\"@id\":\"https:\/\/www.roovi.ro\/puzzle-adulti-1000-piese-discover-europe-insula-corfu\/p\/#breadcrumb\",\"itemListElement\":[{\"@type\":\"ListItem\",\"position\":1,\"name\":\"Home\",\"item\":\"https:\/\/business.roovi.com\/ro\/\"},{\"@type\":\"ListItem\",\"position\":2,\"name\":\"Magazin\",\"item\":\"https:\/\/business.roovi.com\/ro\/magazin\/\"},{\"@type\":\"ListItem\",\"position\":3,\"name\":\"Puzzle Insula Corfu &#8211; Puzzle adul\u021bi 1000 piese &#8211; Discover Europe\"}]},{\"@type\":\"WebSite\",\"@id\":\"https:\/\/business.roovi.com\/ro\/#website\",\"url\":\"https:\/\/business.roovi.com\/ro\/\",\"name\":\"Roovi B2B\",\"description\":\"Roovi Business Website\",\"potentialAction\":[{\"@type\":\"SearchAction\",\"target\":{\"@type\":\"EntryPoint\",\"urlTemplate\":\"https:\/\/business.roovi.com\/ro\/?s={search_term_string}\"},\"query-input\":\"required name=search_term_string\"}],\"inLanguage\":\"ro-RO\"}]}<\/script>\n<!-- \/ Yoast SEO plugin. -->","yoast_head_json":{"title":"Puzzle Insula Corfu - Puzzle adul\u021bi 1000 piese - Discover Europe - Roovi B2B","robots":{"index":"index","follow":"follow","max-snippet":"max-snippet:-1","max-image-preview":"max-image-preview:large","max-video-preview":"max-video-preview:-1"},"canonical":"https:\/\/www.roovi.ro\/puzzle-adulti-1000-piese-discover-europe-insula-corfu\/p\/","og_locale":"ro_RO","og_type":"article","og_title":"Puzzle Insula Corfu - Puzzle adul\u021bi 1000 piese - Discover Europe - Roovi B2B","og_description":"Gama puzzle 1000 piese Discover Europe \u00eembin\u0103 pasiunea pentru jocurile puzzle \u0219i c\u0103l\u0103torii. Creeaz\u0103-\u021bi o colec\u021bie unic\u0103 de tablouri din","og_url":"https:\/\/www.roovi.ro\/puzzle-adulti-1000-piese-discover-europe-insula-corfu\/p\/","og_site_name":"Roovi B2B","article_publisher":"https:\/\/www.facebook.com\/wwwjucariero","article_modified_time":"2023-03-20T21:34:48+00:00","og_image":[{"width":1200,"height":1200,"url":"https:\/\/business.roovi.com\/wp-content\/uploads\/2018\/09\/65995-08-ansamblu_dimensiuni-cutie-cm.png","type":"image\/png"}],"twitter_misc":{"Timp estimat pentru citire":"3 minute"},"schema":{"@context":"https:\/\/schema.org","@graph":[{"@type":"WebPage","@id":"https:\/\/business.roovi.com\/ro\/puzzle-adulti-1000-piese-discover-europe-insula-corfu\/p\/","url":"https:\/\/www.roovi.ro\/puzzle-adulti-1000-piese-discover-europe-insula-corfu\/p\/","name":"Puzzle Insula Corfu - Puzzle adul\u021bi 1000 piese - Discover Europe - Roovi B2B","isPartOf":{"@id":"https:\/\/business.roovi.com\/ro\/#website"},"datePublished":"2018-09-06T09:28:30+00:00","dateModified":"2023-03-20T21:34:48+00:00","breadcrumb":{"@id":"https:\/\/www.roovi.ro\/puzzle-adulti-1000-piese-discover-europe-insula-corfu\/p\/#breadcrumb"},"inLanguage":"ro-RO","potentialAction":[{"@type":"ReadAction","target":["https:\/\/www.roovi.ro\/puzzle-adulti-1000-piese-discover-europe-insula-corfu\/p\/"]}]},{"@type":"BreadcrumbList","@id":"https:\/\/www.roovi.ro\/puzzle-adulti-1000-piese-discover-europe-insula-corfu\/p\/#breadcrumb","itemListElement":[{"@type":"ListItem","position":1,"name":"Home","item":"https:\/\/business.roovi.com\/ro\/"},{"@type":"ListItem","position":2,"name":"Magazin","item":"https:\/\/business.roovi.com\/ro\/magazin\/"},{"@type":"ListItem","position":3,"name":"Puzzle Insula Corfu &#8211; Puzzle adul\u021bi 1000 piese &#8211; Discover Europe"}]},{"@type":"WebSite","@id":"https:\/\/business.roovi.com\/ro\/#website","url":"https:\/\/business.roovi.com\/ro\/","name":"Roovi B2B","description":"Roovi Business Website","potentialAction":[{"@type":"SearchAction","target":{"@type":"EntryPoint","urlTemplate":"https:\/\/business.roovi.com\/ro\/?s={search_term_string}"},"query-input":"required name=search_term_string"}],"inLanguage":"ro-RO"}]}},"_links":{"self":[{"href":"https:\/\/business.roovi.com\/ro\/wp-json\/wp\/v2\/product\/19500","targetHints":{"allow":["GET"]}}],"collection":[{"href":"https:\/\/business.roovi.com\/ro\/wp-json\/wp\/v2\/product"}],"about":[{"href":"https:\/\/business.roovi.com\/ro\/wp-json\/wp\/v2\/types\/product"}],"version-history":[{"count":0,"href":"https:\/\/business.roovi.com\/ro\/wp-json\/wp\/v2\/product\/19500\/revisions"}],"wp:featuredmedia":[{"embeddable":true,"href":"https:\/\/business.roovi.com\/ro\/wp-json\/wp\/v2\/media\/19486"}],"wp:attachment":[{"href":"https:\/\/business.roovi.com\/ro\/wp-json\/wp\/v2\/media?parent=19500"}],"wp:term":[{"taxonomy":"product_brand","embeddable":true,"href":"https:\/\/business.roovi.com\/ro\/wp-json\/wp\/v2\/product_brand?post=19500"},{"taxonomy":"product_cat","embeddable":true,"href":"https:\/\/business.roovi.com\/ro\/wp-json\/wp\/v2\/product_cat?post=19500"},{"taxonomy":"product_tag","embeddable":true,"href":"https:\/\/business.roovi.com\/ro\/wp-json\/wp\/v2\/product_tag?post=19500"}],"curies":[{"name":"wp","href":"https:\/\/api.w.org\/{rel}","templated":true}]}}