{"id":19520,"date":"2018-09-06T10:57:20","date_gmt":"2018-09-06T10:57:20","guid":{"rendered":"https:\/\/business.roovi.com\/product\/puzzle-vincent-van-gogh-starry-night-over-the-rhone-1000-piese\/"},"modified":"2025-03-17T12:16:20","modified_gmt":"2025-03-17T12:16:20","slug":"puzzle-adulti-1000-piese-vincent-van-gogh-starry-night-over-the-rhone","status":"publish","type":"product","link":"https:\/\/business.roovi.com\/ro\/puzzle-adulti-1000-piese-vincent-van-gogh-starry-night-over-the-rhone\/p\/","title":{"rendered":"Puzzle adulti 1000 piese Vincent van Gogh &#8211; Starry Night Over the Rhone"},"content":{"rendered":"<p><span style=\"font-weight: 400;\">Cum ar fi s\u0103 te po\u021bi plimba virtual printr-o galerie de art\u0103 \u0219i s\u0103-\u021bi pui \u00een co\u0219ul de cump\u0103r\u0103turi tablouri de art\u0103 consacrate? Colec\u021bia noastr\u0103 de puzzle-uri de art\u0103 face posibil\u0103 aceast\u0103 achizi\u021bie inedit\u0103.\u00a0<\/span><\/p>\n<p><span style=\"font-weight: 400;\">Puzzle 1000 piese Vincent van Gogh &#8211; Starry Night Over the Rhone red\u0103 imaginea tabloului omonim al artistului fascinat de frumuse\u021bea \u0219i misterul cerului \u00eenstelat. \u00ce\u021bi po\u021bi f\u0103uri propriul tablou din art\u0103 din acest superb puzzle adul\u021bi. Produsul este fabricat din materiale de calitate premium ceea ce \u00eei confer\u0103 rezisten\u021b\u0103 la utiliz\u0103ri multiple.<\/span><\/p>\n<p><span style=\"font-weight: 400;\">Alte caracteristici ale puzzle-ului de art\u0103 Vincent van Gogh &#8211; Starry Night Over the Rhone:<\/span><\/p>\n<p><strong>Dimensiunile tabloului reconstituit: 50 x 70 cm.<\/strong><span style=\"font-weight: 400;\"> Pentru refacerea imaginii po\u021bi folosi o m\u0103su\u021b\u0103 obi\u0219nuit\u0103 de cafea.<\/span><\/p>\n<p><strong>Material puzzle:\u00a0<\/strong><\/p>\n<p><strong>carton albastru de o calitate superioar\u0103<\/strong><\/p>\n<p><strong>materiale sustenabile, reciclabile<\/strong><\/p>\n<p><strong>finisaj semi-lucios, culori vii<\/strong><\/p>\n<p><strong>Num\u0103rul pieselor de puzzle: 1000<\/strong><\/p>\n<p><strong>V\u00e2rsta recomandat\u0103: 14+<\/strong><\/p>\n<p><strong>Jocurile puzzle sunt mai mult dec\u00e2t o modalitate de relaxare<\/strong><\/p>\n<p><span style=\"font-weight: 400;\">Asamblarea puzzle-urilor de 1000 piese este nu doar relaxant\u0103 \u0219i distractiv\u0103, ci \u0219i benefic\u0103 pentru s\u0103n\u0103tate. Iat\u0103 de ce:<\/span><\/p>\n<p><span style=\"font-weight: 400;\">\u00cembun\u0103t\u0103\u021besc memoria pe termen lung<\/span><\/p>\n<p><span style=\"font-weight: 400;\">Stimuleaz\u0103 produc\u021bia de dopamin\u0103 la nivel cerebral ceea ce creeaz\u0103 o stare general\u0103 de bine.<\/span><\/p>\n<p><span style=\"font-weight: 400;\">Creeaz\u0103 un efect asem\u0103n\u0103tor medita\u021biei, de relaxare mental\u0103.<\/span><\/p>\n<p><span style=\"font-weight: 400;\">Previn apari\u021bia bolilor neurodegenerative precum Alzheimerul.<\/span><\/p>\n<p><strong>Despre Vincent van Gogh \u0219tiai c\u0103?&#8230;<\/strong><\/p>\n<p><span style=\"font-weight: 400;\">A pictat 900 de tablouri \u00een 10 ani. Se pare c\u0103 aceast\u0103 performan\u021b\u0103 se datoreaz\u0103, de fapt, hipergrafiei &#8211; o afec\u021biune care te face s\u0103 scrii \u00een continuu \u0219i care la el s-a manifestat prin dorin\u021ba acerb\u0103 de a picta.<\/span><\/p>\n<p><span style=\"font-weight: 400;\">\u00cenainte de a se dedica exclusiv artei, a fost, pe r\u00e2nd: comerciant de art\u0103, profesor \u0219i predicator.<\/span><\/p>\n<p><span style=\"font-weight: 400;\">Se pare c\u0103 a v\u00e2ndut un singur tablou \u00een timpul vie\u021bii &#8211; <\/span><em><span style=\"font-weight: 400;\">Podgoria ro\u0219ie.<\/span><\/em><\/p>\n<p><span style=\"font-weight: 400;\">A fost un artist s\u0103rac. Nu \u0219i-a permis s\u0103 pl\u0103teasc\u0103 modele care s\u0103 \u00eei pozeze astfel c\u0103 multe dintre tablourile lui \u00eenf\u0103\u021bi\u0219eaz\u0103 \u021b\u0103rani, flori \u0219i peisaje.<\/span><\/p>\n<p><strong>Triste\u021bea va d\u0103inui mereu<\/strong><span style=\"font-weight: 400;\"> &#8211; sunt ultimele sale vorbe, potrivit fratelui s\u0103u, Theo, care i-a stat al\u0103turi \u00een ultimele clipe din via\u021b\u0103.<\/span><\/p>\n<p><strong>Jocurile puzzle te provoac\u0103 s\u0103 fii ingenios!<\/strong><\/p>\n<p><span style=\"font-weight: 400;\">Puzzle-urile de adul\u021bi sunt o continu\u0103 provocare. Ele te determin\u0103 s\u0103 g\u00e2nde\u0219ti \u0219i s\u0103 rezolvi jocul puzzle folosind modalit\u0103\u021bi diferite de abordare. \u00cencerc\u0103rile repetate urmate uneori de e\u0219ec, dar \u0219i de reu\u0219ite \u00ee\u021bi stimuleaz\u0103 creativitatea. Acest antrenament al imagina\u021biei te ajut\u0103 s\u0103-\u021bi dezvol\u021bi abilit\u0103\u021bi de a rezolva problemele din diverse domenii \u00een mod inovator \u0219i eficient.<\/span><\/p>\n<p><span style=\"font-weight: 400;\">Testeaz\u0103-\u021bi a\u0219adar ingeniozitatea rezolv\u00e2nd puzzle-ul de art\u0103 <\/span><span style=\"font-weight: 400;\">Vincent van Gogh &#8211; Starry Night Over the Rhone! Cump\u0103r\u0103 acest puzzle 1000 piese \u0219i completeaz\u0103 tabloul de art\u0103 singur sau \u00eempreun\u0103 cu familia sau prietenii. De asemenea, dac\u0103 e\u0219ti \u00een c\u0103utarea unui cadou deosebit, puzzle-ul 10000 piese <\/span><span style=\"font-weight: 400;\">\u00a0<\/span><span style=\"font-weight: 400;\">Vincent van Gogh &#8211; Starry Night Over the Rhone din colec\u021bia puzzle-uri de art\u0103 este darul perfect!<\/span><\/p>\n","protected":false},"excerpt":{"rendered":"<p>Cum ar fi s\u0103 te po\u021bi plimba virtual printr-o galerie de art\u0103 \u0219i s\u0103-\u021bi pui \u00een co\u0219ul de cump\u0103r\u0103turi tablouri<\/p>\n","protected":false},"featured_media":62880,"template":"","meta":[],"product_brand":[],"product_cat":[1454,1488,1560],"product_tag":[],"class_list":{"0":"post-19520","1":"product","2":"type-product","3":"status-publish","4":"has-post-thumbnail","6":"product_cat-puzzle","7":"product_cat-puzzle-adulti","8":"product_cat-puzzle-adulti-1000","9":"pa_bax-1273","10":"pa_brand-d_toys","11":"pa_country_of_manufacture-ro","12":"pa_filter_age-1315","13":"pa_painter-vincentvangogh","14":"pa_tip_ambalaj-cutie","15":"pa_tip_puzzle-clasic","17":"first","18":"instock","19":"taxable","20":"shipping-taxable","21":"product-type-simple"},"yoast_head":"<!-- This site is optimized with the Yoast SEO plugin v20.1 - https:\/\/yoast.com\/wordpress\/plugins\/seo\/ -->\n<title>Puzzle adulti 1000 piese Vincent van Gogh - Starry Night Over the Rhone - Roovi B2B<\/title>\n<meta name=\"robots\" content=\"index, follow, max-snippet:-1, max-image-preview:large, max-video-preview:-1\" \/>\n<link rel=\"canonical\" href=\"https:\/\/www.roovi.ro\/puzzle-adulti-1000-piese-vincent-van-gogh-starry-night-over-the-rhone\/p\/\" \/>\n<meta property=\"og:locale\" content=\"ro_RO\" \/>\n<meta property=\"og:type\" content=\"article\" \/>\n<meta property=\"og:title\" content=\"Puzzle adulti 1000 piese Vincent van Gogh - Starry Night Over the Rhone - Roovi B2B\" \/>\n<meta property=\"og:description\" content=\"Cum ar fi s\u0103 te po\u021bi plimba virtual printr-o galerie de art\u0103 \u0219i s\u0103-\u021bi pui \u00een co\u0219ul de cump\u0103r\u0103turi tablouri\" \/>\n<meta property=\"og:url\" content=\"https:\/\/www.roovi.ro\/puzzle-adulti-1000-piese-vincent-van-gogh-starry-night-over-the-rhone\/p\/\" \/>\n<meta property=\"og:site_name\" content=\"Roovi B2B\" \/>\n<meta property=\"article:publisher\" content=\"https:\/\/www.facebook.com\/wwwjucariero\" \/>\n<meta property=\"article:modified_time\" content=\"2025-03-17T12:16:20+00:00\" \/>\n<meta property=\"og:image\" content=\"https:\/\/business.roovi.com\/wp-content\/uploads\/2018\/09\/66916-VG-11-WEB.jpg\" \/>\n\t<meta property=\"og:image:width\" content=\"1200\" \/>\n\t<meta property=\"og:image:height\" content=\"1200\" \/>\n\t<meta property=\"og:image:type\" content=\"image\/jpeg\" \/>\n<meta name=\"twitter:label1\" content=\"Timp estimat pentru citire\" \/>\n\t<meta name=\"twitter:data1\" content=\"2 minute\" \/>\n<script type=\"application\/ld+json\" class=\"yoast-schema-graph\">{\"@context\":\"https:\/\/schema.org\",\"@graph\":[{\"@type\":\"WebPage\",\"@id\":\"https:\/\/business.roovi.com\/ro\/puzzle-adulti-1000-piese-vincent-van-gogh-starry-night-over-the-rhone\/p\/\",\"url\":\"https:\/\/www.roovi.ro\/puzzle-adulti-1000-piese-vincent-van-gogh-starry-night-over-the-rhone\/p\/\",\"name\":\"Puzzle adulti 1000 piese Vincent van Gogh - Starry Night Over the Rhone - Roovi B2B\",\"isPartOf\":{\"@id\":\"https:\/\/business.roovi.com\/ro\/#website\"},\"datePublished\":\"2018-09-06T10:57:20+00:00\",\"dateModified\":\"2025-03-17T12:16:20+00:00\",\"breadcrumb\":{\"@id\":\"https:\/\/www.roovi.ro\/puzzle-adulti-1000-piese-vincent-van-gogh-starry-night-over-the-rhone\/p\/#breadcrumb\"},\"inLanguage\":\"ro-RO\",\"potentialAction\":[{\"@type\":\"ReadAction\",\"target\":[\"https:\/\/www.roovi.ro\/puzzle-adulti-1000-piese-vincent-van-gogh-starry-night-over-the-rhone\/p\/\"]}]},{\"@type\":\"BreadcrumbList\",\"@id\":\"https:\/\/www.roovi.ro\/puzzle-adulti-1000-piese-vincent-van-gogh-starry-night-over-the-rhone\/p\/#breadcrumb\",\"itemListElement\":[{\"@type\":\"ListItem\",\"position\":1,\"name\":\"Home\",\"item\":\"https:\/\/business.roovi.com\/ro\/\"},{\"@type\":\"ListItem\",\"position\":2,\"name\":\"Magazin\",\"item\":\"https:\/\/business.roovi.com\/ro\/magazin\/\"},{\"@type\":\"ListItem\",\"position\":3,\"name\":\"Puzzle adulti 1000 piese Vincent van Gogh &#8211; Starry Night Over the Rhone\"}]},{\"@type\":\"WebSite\",\"@id\":\"https:\/\/business.roovi.com\/ro\/#website\",\"url\":\"https:\/\/business.roovi.com\/ro\/\",\"name\":\"Roovi B2B\",\"description\":\"Roovi Business Website\",\"potentialAction\":[{\"@type\":\"SearchAction\",\"target\":{\"@type\":\"EntryPoint\",\"urlTemplate\":\"https:\/\/business.roovi.com\/ro\/?s={search_term_string}\"},\"query-input\":\"required name=search_term_string\"}],\"inLanguage\":\"ro-RO\"}]}<\/script>\n<!-- \/ Yoast SEO plugin. -->","yoast_head_json":{"title":"Puzzle adulti 1000 piese Vincent van Gogh - Starry Night Over the Rhone - Roovi B2B","robots":{"index":"index","follow":"follow","max-snippet":"max-snippet:-1","max-image-preview":"max-image-preview:large","max-video-preview":"max-video-preview:-1"},"canonical":"https:\/\/www.roovi.ro\/puzzle-adulti-1000-piese-vincent-van-gogh-starry-night-over-the-rhone\/p\/","og_locale":"ro_RO","og_type":"article","og_title":"Puzzle adulti 1000 piese Vincent van Gogh - Starry Night Over the Rhone - Roovi B2B","og_description":"Cum ar fi s\u0103 te po\u021bi plimba virtual printr-o galerie de art\u0103 \u0219i s\u0103-\u021bi pui \u00een co\u0219ul de cump\u0103r\u0103turi tablouri","og_url":"https:\/\/www.roovi.ro\/puzzle-adulti-1000-piese-vincent-van-gogh-starry-night-over-the-rhone\/p\/","og_site_name":"Roovi B2B","article_publisher":"https:\/\/www.facebook.com\/wwwjucariero","article_modified_time":"2025-03-17T12:16:20+00:00","og_image":[{"width":1200,"height":1200,"url":"https:\/\/business.roovi.com\/wp-content\/uploads\/2018\/09\/66916-VG-11-WEB.jpg","type":"image\/jpeg"}],"twitter_misc":{"Timp estimat pentru citire":"2 minute"},"schema":{"@context":"https:\/\/schema.org","@graph":[{"@type":"WebPage","@id":"https:\/\/business.roovi.com\/ro\/puzzle-adulti-1000-piese-vincent-van-gogh-starry-night-over-the-rhone\/p\/","url":"https:\/\/www.roovi.ro\/puzzle-adulti-1000-piese-vincent-van-gogh-starry-night-over-the-rhone\/p\/","name":"Puzzle adulti 1000 piese Vincent van Gogh - Starry Night Over the Rhone - Roovi B2B","isPartOf":{"@id":"https:\/\/business.roovi.com\/ro\/#website"},"datePublished":"2018-09-06T10:57:20+00:00","dateModified":"2025-03-17T12:16:20+00:00","breadcrumb":{"@id":"https:\/\/www.roovi.ro\/puzzle-adulti-1000-piese-vincent-van-gogh-starry-night-over-the-rhone\/p\/#breadcrumb"},"inLanguage":"ro-RO","potentialAction":[{"@type":"ReadAction","target":["https:\/\/www.roovi.ro\/puzzle-adulti-1000-piese-vincent-van-gogh-starry-night-over-the-rhone\/p\/"]}]},{"@type":"BreadcrumbList","@id":"https:\/\/www.roovi.ro\/puzzle-adulti-1000-piese-vincent-van-gogh-starry-night-over-the-rhone\/p\/#breadcrumb","itemListElement":[{"@type":"ListItem","position":1,"name":"Home","item":"https:\/\/business.roovi.com\/ro\/"},{"@type":"ListItem","position":2,"name":"Magazin","item":"https:\/\/business.roovi.com\/ro\/magazin\/"},{"@type":"ListItem","position":3,"name":"Puzzle adulti 1000 piese Vincent van Gogh &#8211; Starry Night Over the Rhone"}]},{"@type":"WebSite","@id":"https:\/\/business.roovi.com\/ro\/#website","url":"https:\/\/business.roovi.com\/ro\/","name":"Roovi B2B","description":"Roovi Business Website","potentialAction":[{"@type":"SearchAction","target":{"@type":"EntryPoint","urlTemplate":"https:\/\/business.roovi.com\/ro\/?s={search_term_string}"},"query-input":"required name=search_term_string"}],"inLanguage":"ro-RO"}]}},"_links":{"self":[{"href":"https:\/\/business.roovi.com\/ro\/wp-json\/wp\/v2\/product\/19520","targetHints":{"allow":["GET"]}}],"collection":[{"href":"https:\/\/business.roovi.com\/ro\/wp-json\/wp\/v2\/product"}],"about":[{"href":"https:\/\/business.roovi.com\/ro\/wp-json\/wp\/v2\/types\/product"}],"version-history":[{"count":0,"href":"https:\/\/business.roovi.com\/ro\/wp-json\/wp\/v2\/product\/19520\/revisions"}],"wp:featuredmedia":[{"embeddable":true,"href":"https:\/\/business.roovi.com\/ro\/wp-json\/wp\/v2\/media\/62880"}],"wp:attachment":[{"href":"https:\/\/business.roovi.com\/ro\/wp-json\/wp\/v2\/media?parent=19520"}],"wp:term":[{"taxonomy":"product_brand","embeddable":true,"href":"https:\/\/business.roovi.com\/ro\/wp-json\/wp\/v2\/product_brand?post=19520"},{"taxonomy":"product_cat","embeddable":true,"href":"https:\/\/business.roovi.com\/ro\/wp-json\/wp\/v2\/product_cat?post=19520"},{"taxonomy":"product_tag","embeddable":true,"href":"https:\/\/business.roovi.com\/ro\/wp-json\/wp\/v2\/product_tag?post=19520"}],"curies":[{"name":"wp","href":"https:\/\/api.w.org\/{rel}","templated":true}]}}