{"id":19575,"date":"2018-09-10T10:33:03","date_gmt":"2018-09-10T10:33:03","guid":{"rendered":"https:\/\/business.roovi.com\/product\/puzzle-animal-faces-owls-1000-piese\/"},"modified":"2023-03-20T21:34:32","modified_gmt":"2023-03-20T21:34:32","slug":"puzzle-adulti-1000-piese-animal-faces-owlsbufnite","status":"publish","type":"product","link":"https:\/\/business.roovi.com\/ro\/puzzle-adulti-1000-piese-animal-faces-owlsbufnite\/p\/","title":{"rendered":"Puzzle adul\u021bi 1000 piese &#8211; Animal Faces &#8211; Owls\/Bufni\u021be"},"content":{"rendered":"<p><span style=\"font-weight: 400;\">Vrei s\u0103 petreci o zi de relaxare creativ\u0103 \u00een confortul casei tale? Alege puzzle 1000 piese \u00een stil patchwork cu multe fe\u021be de bufni\u021be \u0219i d\u0103 valoare orelor monotone.<\/span><\/p>\n<p><span style=\"font-weight: 400;\">Zeci de fe\u021be\u00a0 de bufni\u021be serioase te privesc cu ochi mari de dintr-o imagine fascinant\u0103 de puzzle 1000 piese. Am creat o colec\u021bie fascinant\u0103 de puzzle 1000 piese Animale cu modele uimitoare. Puzzle 1000 piese Animal faces &#8211; Owls\/Bufni\u021be este unul dintre acestea \u0219i te va uimi prin claritatea imaginii \u0219i perfec\u021biunea culorilor.<\/span><\/p>\n<p><span style=\"font-weight: 400;\">S\u0103 refaci un patchwork puzzle este o munc\u0103 elaborat\u0103 ce solicit\u0103 r\u0103bdare \u0219i mult\u0103 aten\u021bie la detalii. Dar odat\u0103 ce ai intrat \u00een joc, stai conectat \u0219i nu vrei s\u0103 renun\u021bi p\u00e2n\u0103 ce tabloul nu e gata.<\/span><\/p>\n<p><span style=\"font-weight: 400;\">Dac\u0103 vrei ca distrac\u021bia s\u0103 fie complet\u0103, po\u021bi reface imaginea din puzzle 1000 piese Fe\u021be de animale &#8211; Bufni\u021be \u00eempreun\u0103 cu copiii t\u0103i. Este o bun\u0103 ocazie s\u0103 petrece\u021bi timp \u00eempreun\u0103 \u0219i s\u0103 v\u0103 descoperi\u021bi calit\u0103\u021bile \u0219i personalitatea.<\/span><\/p>\n<p><span style=\"font-weight: 400;\">Iat\u0103 mai jos c\u00e2teva detalii tehnice despre acest minunat puzzle 1000 piese Bufni\u021be:<\/span><\/p>\n<p><strong>Dimensiuni imagine ref\u0103cut\u0103: 50 x 70 cm. <\/strong><span style=\"font-weight: 400;\">Pentru suportul pieselor, po\u021bi utiliza o m\u0103su\u021b\u0103 standard de cafea.<\/span><\/p>\n<p><strong>Material puzzle:\u00a0<\/strong><\/p>\n<p><strong>carton albastru de o calitate superioar\u0103<\/strong><\/p>\n<p><strong>materiale sustenabile, reciclabile<\/strong><\/p>\n<p><strong>finisaj semi-lucios, culori vii<\/strong><\/p>\n<p><strong>Num\u0103rul pieselor de puzzle: 1000<\/strong><\/p>\n<p><strong>V\u00e2rsta recomandat\u0103: 14+<\/strong><\/p>\n<p><strong>De ce s\u0103 alegi puzzle 1000 piese Animal Faces &#8211; Bufni\u021be?<\/strong><\/p>\n<p><span style=\"font-weight: 400;\">Este o modalitate de a-\u021bi antrena motricitatea, dexteritatea \u0219i coordonarea.<\/span><\/p>\n<p><span style=\"font-weight: 400;\">\u00ce\u021bi solicit\u0103 aten\u021bia la detalii \u0219i \u00ee\u021bi men\u021bine capacitatea de concentrare pentru mai mult timp.<\/span><\/p>\n<p><span style=\"font-weight: 400;\">Ob\u021bii un tablou original pe care \u00eel po\u021bi \u00eenr\u0103ma \u0219i expune \u00eentr-un loc din casa ta.<\/span><\/p>\n<p><span style=\"font-weight: 400;\">Este un prilej de relaxare \u0219i deconectare de la rutina zilnic\u0103.<\/span><\/p>\n<p><span style=\"font-weight: 400;\">\u00ce\u021bi dezvolt\u0103 g\u00e2ndirea logic\u0103 \u0219i inteligen\u021ba vizual-spa\u021bial\u0103.<\/span><\/p>\n<p><span style=\"font-weight: 400;\">Ai posibilitatea s\u0103 petreci timp de calitate \u00eempreun\u0103 cu cei dragi.<\/span><\/p>\n<p><strong>\u0218tiai c\u0103\u2026?<\/strong><\/p>\n<p><span style=\"font-weight: 400;\">Bufni\u021ba este cea mai mare pas\u0103re r\u0103pitoare de noapte.<\/span><\/p>\n<p><span style=\"font-weight: 400;\">Cele mai mari specii de bufni\u021be au o anvergur\u0103 a aripilor de peste 2 metri.<\/span><\/p>\n<p><span style=\"font-weight: 400;\">Ochii rotunzi ai bufni\u021bei sunt fic\u0219i \u0219i ocup\u0103 jum\u0103tate din m\u0103rimea capului.<\/span><\/p>\n<p><span style=\"font-weight: 400;\">Bufni\u021bele au 3 pleoape.<\/span><\/p>\n<p><span style=\"font-weight: 400;\">\u00cen lume exist\u0103 \u00een jur de 220 de specii de bufni\u021be. La noi \u00een \u021bar\u0103 tr\u0103iesc 12 dintre acestea.<\/span><\/p>\n<p><span style=\"font-weight: 400;\">Aceste p\u0103s\u0103ri fascinante tr\u0103iesc pe p\u0103m\u00e2nt de peste 70 de milioane de ani.<\/span><\/p>\n<p><strong>Puzzle 1000 piese Bufni\u021be pentru multe ore de relaxare distractiv\u0103<\/strong><\/p>\n<p><span style=\"font-weight: 400;\">Un pasionat de puzzle<\/span> <span style=\"font-weight: 400;\">este fericit atunci c\u00e2nd g\u0103se\u0219te un joc puzzle care s\u0103-i stimuleze capacitatea de concentrare \u0219i aten\u021bia pentru multe ore. Puzzle 1000 piese \u00een stil patchwork este exact acel puzzle adul\u021bi care \u00eentrune\u0219te toate aceste calit\u0103\u021bi.<\/span><\/p>\n<p><span style=\"font-weight: 400;\">Printre zecile de fe\u021be de bufni\u021be vei descoperi specii unice, fascinante. Dac\u0103 rezolvi acest puzzle cu copiii t\u0103i, preg\u0103te\u0219te-te cu mai multe informa\u021bii despre misterioasele creaturi. Transform\u0103 aceast\u0103 activitate \u00eentr-una educativ\u0103 \u0219i interactiv\u0103 pentru copiii. Vei descoperi c\u0103 sunt dornici de a-\u0219i demonstra calit\u0103\u021bile \u00een asamblarea de puzzle 1000 piese \u0219i c\u0103 \u00eei \u00eenc\u00e2nt\u0103 lumea animalelor.<\/span><\/p>\n<p><span style=\"font-weight: 400;\">Fie c\u0103 rezolvi puzzle 1000 piese singur, fie c\u0103 alegi s\u0103 te bucuri de el \u00eempreun\u0103 cu cei dragi, puzzle 1000 piese Fe\u021be de animale &#8211; Bufni\u021be este un joc puzzle bun de p\u0103strat \u00een cas\u0103. \u00cel po\u021bi reface ori de c\u00e2te ori dore\u0219ti av\u00e2nd siguran\u021ba c\u0103 nu se va deteriora la utiliz\u0103ri multiple sau \u00eel po\u021bi pune \u00een ram\u0103 dup\u0103 prima asamblare. Va fi un accesoriu care cu siguran\u021b\u0103 va da personalitate unui spa\u021biu anost.<\/span><\/p>\n<p><span style=\"font-weight: 400;\">Dac\u0103 e\u0219ti pasionat de simboluri \u0219i deja \u0219tii c\u0103 bufni\u021ba reprezint\u0103 \u00een\u021belepciunea, vei aprecia \u0219i mai mult un tablou cu enigmaticele fiin\u021be nocturne.<\/span><\/p>\n<p><span style=\"font-weight: 400;\">De asemenea, patchwork puzzle 1000 piese Bufni\u021be poate fi un cadou minunat pentru prietenii pasiona\u021bi de jocuri puzzle sau pe care vrei s\u0103-i provoci s\u0103 fie creativi.<\/span><\/p>\n<p>\u00a0<\/p>\n","protected":false},"excerpt":{"rendered":"<p>Vrei s\u0103 petreci o zi de relaxare creativ\u0103 \u00een confortul casei tale? Alege puzzle 1000 piese \u00een stil patchwork cu<\/p>\n","protected":false},"featured_media":19561,"template":"","meta":[],"product_brand":[],"product_cat":[1454,1488,1560],"product_tag":[],"class_list":{"0":"post-19575","1":"product","2":"type-product","3":"status-publish","4":"has-post-thumbnail","6":"product_cat-puzzle","7":"product_cat-puzzle-adulti","8":"product_cat-puzzle-adulti-1000","9":"pa_brand-d_toys","10":"pa_country_of_manufacture-ro","11":"pa_filter_age-1315","12":"pa_painter-animalfaces","13":"pa_tip_ambalaj-cutie","14":"pa_tip_puzzle-clasic","16":"first","17":"instock","18":"taxable","19":"shipping-taxable","20":"product-type-simple"},"yoast_head":"<!-- This site is optimized with the Yoast SEO plugin v20.1 - https:\/\/yoast.com\/wordpress\/plugins\/seo\/ -->\n<title>Puzzle - Animal Faces - Owls - 1000 Piese<\/title>\n<meta name=\"description\" content=\"Puzzle - Animal Faces - Owls - 1000 Piese Descoper\u0103 colec\u021bia superb\u0103 de patchwork puzzle-uri de 1000 piese!\" \/>\n<meta name=\"robots\" content=\"index, follow, max-snippet:-1, max-image-preview:large, max-video-preview:-1\" \/>\n<link rel=\"canonical\" href=\"https:\/\/www.roovi.ro\/puzzle-adulti-1000-piese-animal-faces-owlsbufnite\/p\/\" \/>\n<meta property=\"og:locale\" content=\"ro_RO\" \/>\n<meta property=\"og:type\" content=\"article\" \/>\n<meta property=\"og:title\" content=\"Puzzle - Animal Faces - Owls - 1000 Piese\" \/>\n<meta property=\"og:description\" content=\"Puzzle - Animal Faces - Owls - 1000 Piese Descoper\u0103 colec\u021bia superb\u0103 de patchwork puzzle-uri de 1000 piese!\" \/>\n<meta property=\"og:url\" content=\"https:\/\/www.roovi.ro\/puzzle-adulti-1000-piese-animal-faces-owlsbufnite\/p\/\" \/>\n<meta property=\"og:site_name\" content=\"Roovi B2B\" \/>\n<meta property=\"article:publisher\" content=\"https:\/\/www.facebook.com\/wwwjucariero\" \/>\n<meta property=\"article:modified_time\" content=\"2023-03-20T21:34:32+00:00\" \/>\n<meta property=\"og:image\" content=\"https:\/\/business.roovi.com\/wp-content\/uploads\/2018\/09\/74331-1_ansamblu_dimensiuni_cutie_cm_orizontal_1200x1200.png\" \/>\n\t<meta property=\"og:image:width\" content=\"1200\" \/>\n\t<meta property=\"og:image:height\" content=\"1200\" \/>\n\t<meta property=\"og:image:type\" content=\"image\/png\" \/>\n<meta name=\"twitter:label1\" content=\"Timp estimat pentru citire\" \/>\n\t<meta name=\"twitter:data1\" content=\"3 minute\" \/>\n<script type=\"application\/ld+json\" class=\"yoast-schema-graph\">{\"@context\":\"https:\/\/schema.org\",\"@graph\":[{\"@type\":\"WebPage\",\"@id\":\"https:\/\/business.roovi.com\/ro\/puzzle-adulti-1000-piese-animal-faces-owlsbufnite\/p\/\",\"url\":\"https:\/\/www.roovi.ro\/puzzle-adulti-1000-piese-animal-faces-owlsbufnite\/p\/\",\"name\":\"Puzzle - Animal Faces - Owls - 1000 Piese\",\"isPartOf\":{\"@id\":\"https:\/\/business.roovi.com\/ro\/#website\"},\"datePublished\":\"2018-09-10T10:33:03+00:00\",\"dateModified\":\"2023-03-20T21:34:32+00:00\",\"description\":\"Puzzle - Animal Faces - Owls - 1000 Piese Descoper\u0103 colec\u021bia superb\u0103 de patchwork puzzle-uri de 1000 piese!\",\"breadcrumb\":{\"@id\":\"https:\/\/www.roovi.ro\/puzzle-adulti-1000-piese-animal-faces-owlsbufnite\/p\/#breadcrumb\"},\"inLanguage\":\"ro-RO\",\"potentialAction\":[{\"@type\":\"ReadAction\",\"target\":[\"https:\/\/www.roovi.ro\/puzzle-adulti-1000-piese-animal-faces-owlsbufnite\/p\/\"]}]},{\"@type\":\"BreadcrumbList\",\"@id\":\"https:\/\/www.roovi.ro\/puzzle-adulti-1000-piese-animal-faces-owlsbufnite\/p\/#breadcrumb\",\"itemListElement\":[{\"@type\":\"ListItem\",\"position\":1,\"name\":\"Home\",\"item\":\"https:\/\/business.roovi.com\/ro\/\"},{\"@type\":\"ListItem\",\"position\":2,\"name\":\"Magazin\",\"item\":\"https:\/\/business.roovi.com\/ro\/magazin\/\"},{\"@type\":\"ListItem\",\"position\":3,\"name\":\"Puzzle adul\u021bi 1000 piese &#8211; Animal Faces &#8211; Owls\/Bufni\u021be\"}]},{\"@type\":\"WebSite\",\"@id\":\"https:\/\/business.roovi.com\/ro\/#website\",\"url\":\"https:\/\/business.roovi.com\/ro\/\",\"name\":\"Roovi B2B\",\"description\":\"Roovi Business Website\",\"potentialAction\":[{\"@type\":\"SearchAction\",\"target\":{\"@type\":\"EntryPoint\",\"urlTemplate\":\"https:\/\/business.roovi.com\/ro\/?s={search_term_string}\"},\"query-input\":\"required name=search_term_string\"}],\"inLanguage\":\"ro-RO\"}]}<\/script>\n<!-- \/ Yoast SEO plugin. -->","yoast_head_json":{"title":"Puzzle - Animal Faces - Owls - 1000 Piese","description":"Puzzle - Animal Faces - Owls - 1000 Piese Descoper\u0103 colec\u021bia superb\u0103 de patchwork puzzle-uri de 1000 piese!","robots":{"index":"index","follow":"follow","max-snippet":"max-snippet:-1","max-image-preview":"max-image-preview:large","max-video-preview":"max-video-preview:-1"},"canonical":"https:\/\/www.roovi.ro\/puzzle-adulti-1000-piese-animal-faces-owlsbufnite\/p\/","og_locale":"ro_RO","og_type":"article","og_title":"Puzzle - Animal Faces - Owls - 1000 Piese","og_description":"Puzzle - Animal Faces - Owls - 1000 Piese Descoper\u0103 colec\u021bia superb\u0103 de patchwork puzzle-uri de 1000 piese!","og_url":"https:\/\/www.roovi.ro\/puzzle-adulti-1000-piese-animal-faces-owlsbufnite\/p\/","og_site_name":"Roovi B2B","article_publisher":"https:\/\/www.facebook.com\/wwwjucariero","article_modified_time":"2023-03-20T21:34:32+00:00","og_image":[{"width":1200,"height":1200,"url":"https:\/\/business.roovi.com\/wp-content\/uploads\/2018\/09\/74331-1_ansamblu_dimensiuni_cutie_cm_orizontal_1200x1200.png","type":"image\/png"}],"twitter_misc":{"Timp estimat pentru citire":"3 minute"},"schema":{"@context":"https:\/\/schema.org","@graph":[{"@type":"WebPage","@id":"https:\/\/business.roovi.com\/ro\/puzzle-adulti-1000-piese-animal-faces-owlsbufnite\/p\/","url":"https:\/\/www.roovi.ro\/puzzle-adulti-1000-piese-animal-faces-owlsbufnite\/p\/","name":"Puzzle - Animal Faces - Owls - 1000 Piese","isPartOf":{"@id":"https:\/\/business.roovi.com\/ro\/#website"},"datePublished":"2018-09-10T10:33:03+00:00","dateModified":"2023-03-20T21:34:32+00:00","description":"Puzzle - Animal Faces - Owls - 1000 Piese Descoper\u0103 colec\u021bia superb\u0103 de patchwork puzzle-uri de 1000 piese!","breadcrumb":{"@id":"https:\/\/www.roovi.ro\/puzzle-adulti-1000-piese-animal-faces-owlsbufnite\/p\/#breadcrumb"},"inLanguage":"ro-RO","potentialAction":[{"@type":"ReadAction","target":["https:\/\/www.roovi.ro\/puzzle-adulti-1000-piese-animal-faces-owlsbufnite\/p\/"]}]},{"@type":"BreadcrumbList","@id":"https:\/\/www.roovi.ro\/puzzle-adulti-1000-piese-animal-faces-owlsbufnite\/p\/#breadcrumb","itemListElement":[{"@type":"ListItem","position":1,"name":"Home","item":"https:\/\/business.roovi.com\/ro\/"},{"@type":"ListItem","position":2,"name":"Magazin","item":"https:\/\/business.roovi.com\/ro\/magazin\/"},{"@type":"ListItem","position":3,"name":"Puzzle adul\u021bi 1000 piese &#8211; Animal Faces &#8211; Owls\/Bufni\u021be"}]},{"@type":"WebSite","@id":"https:\/\/business.roovi.com\/ro\/#website","url":"https:\/\/business.roovi.com\/ro\/","name":"Roovi B2B","description":"Roovi Business Website","potentialAction":[{"@type":"SearchAction","target":{"@type":"EntryPoint","urlTemplate":"https:\/\/business.roovi.com\/ro\/?s={search_term_string}"},"query-input":"required name=search_term_string"}],"inLanguage":"ro-RO"}]}},"_links":{"self":[{"href":"https:\/\/business.roovi.com\/ro\/wp-json\/wp\/v2\/product\/19575","targetHints":{"allow":["GET"]}}],"collection":[{"href":"https:\/\/business.roovi.com\/ro\/wp-json\/wp\/v2\/product"}],"about":[{"href":"https:\/\/business.roovi.com\/ro\/wp-json\/wp\/v2\/types\/product"}],"version-history":[{"count":0,"href":"https:\/\/business.roovi.com\/ro\/wp-json\/wp\/v2\/product\/19575\/revisions"}],"wp:featuredmedia":[{"embeddable":true,"href":"https:\/\/business.roovi.com\/ro\/wp-json\/wp\/v2\/media\/19561"}],"wp:attachment":[{"href":"https:\/\/business.roovi.com\/ro\/wp-json\/wp\/v2\/media?parent=19575"}],"wp:term":[{"taxonomy":"product_brand","embeddable":true,"href":"https:\/\/business.roovi.com\/ro\/wp-json\/wp\/v2\/product_brand?post=19575"},{"taxonomy":"product_cat","embeddable":true,"href":"https:\/\/business.roovi.com\/ro\/wp-json\/wp\/v2\/product_cat?post=19575"},{"taxonomy":"product_tag","embeddable":true,"href":"https:\/\/business.roovi.com\/ro\/wp-json\/wp\/v2\/product_tag?post=19575"}],"curies":[{"name":"wp","href":"https:\/\/api.w.org\/{rel}","templated":true}]}}