{"id":19580,"date":"2018-09-10T10:40:05","date_gmt":"2018-09-10T10:40:05","guid":{"rendered":"https:\/\/business.roovi.com\/product\/puzzle-animal-faces-cats-1000-piese\/"},"modified":"2023-03-20T21:34:29","modified_gmt":"2023-03-20T21:34:29","slug":"puzzle-adulti-1000-piese-animal-faces-catspisici","status":"publish","type":"product","link":"https:\/\/business.roovi.com\/ro\/puzzle-adulti-1000-piese-animal-faces-catspisici\/p\/","title":{"rendered":"Puzzle adul\u021bi 1000 piese Animal Faces &#8211; Cats\/Pisici"},"content":{"rendered":"<p><span style=\"font-weight: 400;\">Antreneaz\u0103-\u021bi aten\u021bia la detalii \u0219i memoria cu puzzle Animal Faces &#8211; Cats! Zeci de fe\u021be interesante cu pisici de diferite rase te privesc serioase din imaginea jocului puzzle. Pune pies\u0103 l\u00e2n\u0103 pies\u0103 \u0219i ref\u0103 tabloul cu misterioasele feline.<\/span><\/p>\n<p><span style=\"font-weight: 400;\">Vrei s\u0103 \u00ee\u021bi ar\u0103\u021bi m\u0103iestria \u00een jocurile puzzle? Puzzle 1000 piese Animal Faces &#8211; Cats este ocazia perfect\u0103. Un puzzle patchwork este provocarea suprem\u0103 pentru orice \u00eemp\u0103timit al jocului puzzle. Iar c\u00e2nd imaginea are \u00een prim-plan felinele cele mai ginga\u0219e de pe l\u00e2ng\u0103 casa omului, pl\u0103cerea realiz\u0103rii puzzle-ului este cu at\u00e2t mai mare.<\/span><\/p>\n<p><span style=\"font-weight: 400;\">Dac\u0103 vrei totu\u0219i pu\u021bin ajutor \u00een completarea imaginii i-ai putea implica \u00een activitate pe copiii t\u0103i. Este o bun\u0103 oportunitate de comunicare, distrac\u021bie \u0219i relaxare. \u00cencepe\u021bi cu rama imaginii, apoi selecta\u021bi piesele pe nuan\u021be, \u00eemp\u0103r\u021bi\u021bi sarcinile \u00een a\u0219a fel \u00eenc\u00e2t to\u021bi membrii echipei s\u0103 aib\u0103 sarcini precise \u0219i porni\u021bi \u00een aventura crea\u021biei.<\/span><\/p>\n<p><span style=\"font-weight: 400;\">Pentru suportul pieselor \u0219i reconstituirea imaginii pute\u021bi utiliza o m\u0103su\u021b\u0103 standard de cafea. Dimensiunile tabloului final sunt de 50 x 70 cm.<\/span><\/p>\n<p><span style=\"font-weight: 400;\">Alte caracteristici ale puzzle-ului 1000 piese Animal Faces &#8211; Cats:<\/span><\/p>\n<p><strong>Material puzzle:\u00a0<\/strong><\/p>\n<p><strong>carton albastru de o calitate superioar\u0103<\/strong><\/p>\n<p><strong>materiale sustenabile, reciclabile<\/strong><\/p>\n<p><strong>finisaj semi-lucios, culori vii<\/strong><\/p>\n<p><strong>Num\u0103rul pieselor de puzzle: 1000<\/strong><\/p>\n<p><strong>V\u00e2rsta recomandat\u0103: 14+<\/strong><\/p>\n<p><strong>De ce s\u0103 alegi puzzle 1000 piese Animal Faces &#8211; Cats\/Pisici?<\/strong><\/p>\n<p><span style=\"font-weight: 400;\">Este momentul t\u0103u de relaxare \u0219i deconectare de la cotidian.<\/span><\/p>\n<p><span style=\"font-weight: 400;\">Imaginea din acest joc puzzle te uime\u0219te prin claritate \u0219i perfec\u021biunea nuan\u021belor.<\/span><\/p>\n<p><span style=\"font-weight: 400;\">Ai ocazia s\u0103 \u00ee\u021bi dezvol\u021bi abilit\u0103\u021bile de asamblare a jocurilor puzzle.<\/span><\/p>\n<p><span style=\"font-weight: 400;\">\u00ce\u021bi po\u021bi crea un tablou inedit cu care s\u0103 \u00ee\u021bi decorezi locuin\u021ba.<\/span><\/p>\n<p><span style=\"font-weight: 400;\">Este un prilej de a petrece timp de calitate cu copiii sau cu prietenii.<\/span><\/p>\n<p><span style=\"font-weight: 400;\">\u00cen plus, \u00ee\u021bi dezvol\u021bi abilit\u0103\u021bi precum:<\/span><\/p>\n<ul>\n<li><span style=\"font-weight: 400;\">Aten\u021bia la detalii<\/span><\/li>\n<li><span style=\"font-weight: 400;\">Memoria<\/span><\/li>\n<li><span style=\"font-weight: 400;\">G\u00e2ndirea logic\u0103<\/span><\/li>\n<li><span style=\"font-weight: 400;\">Dexteritatea<\/span><\/li>\n<li><span style=\"font-weight: 400;\">Coordonarea<\/span><\/li>\n<li><span style=\"font-weight: 400;\">Perseveren\u021ba.<\/span><\/li>\n<\/ul>\n<p><strong>6 informa\u021bii inedite despre pisici<\/strong><\/p>\n<p><span style=\"font-weight: 400;\">Se pare c\u0103 egiptenii au domesticit pisicile. Se \u00eent\u00e2mpla pe la anul 2200 \u00ee.Hr.<\/span><\/p>\n<p><span style=\"font-weight: 400;\">Majoritatea pisicilor au intoleran\u021b\u0103 la lactoz\u0103, deci nu trebuie hr\u0103nite cu lapte.<\/span><\/p>\n<p><span style=\"font-weight: 400;\">Pisicile au aproape de dou\u0103 ori mai mul\u021bi neuroni dec\u00e2t c\u00e2inii.<\/span><\/p>\n<p><span style=\"font-weight: 400;\">Scheletul pisicii are 244 de oase (cel uman are 206).<\/span><\/p>\n<p><span style=\"font-weight: 400;\">O pisic\u0103 doarme, \u00een medie, 16 ore pe zi.<\/span><\/p>\n<p><span style=\"font-weight: 400;\">Cel mai vechi film cu pisici dateaz\u0103 din 1894.<\/span><\/p>\n<p><strong>Puzzle 1000 piese Animal Faces &#8211; Cats\/Pisici: un exerci\u021biu de r\u0103bdare<\/strong><\/p>\n<p><span style=\"font-weight: 400;\">Fiecare obiectiv pe care \u021bi-l propui necesit\u0103 r\u0103bdare. Uneori vrem s\u0103 ai totul deodat\u0103 \u0219i ai nevoie de exerci\u021bii pentru a-\u021bi men\u021bine focusul \u0219i aten\u021bia pe sarcini precise.<\/span><\/p>\n<p><span style=\"font-weight: 400;\">Puzzle 1000 piese Animal Faces &#8211; Cats\/Pisici este acel exerci\u021biu perfect care \u00ee\u021bi antreneaz\u0103 mintea pentru scopurile precise. Momentele \u00een care este concentrat \u0219i conectat la jocul puzzle sunt spontane, naturale. Cau\u021bi printre sutele de piese at\u00e2t de asem\u0103n\u0103toare, pui pies\u0103 l\u00e2ng\u0103 pies\u0103 \u0219i imaginea se contureaz\u0103 din ce \u00een ce mai mult. Au trecut orele, dar e ca \u0219i c\u00e2nd timpul s-a oprit \u00een loc. La final, te sim\u021bi revirogat, \u00eencrez\u0103tor \u0219i optimist, gata de o nou\u0103 provocare.<\/span><\/p>\n<p><span style=\"font-weight: 400;\">Fie c\u0103 iube\u0219ti jocurile puzzle, felinele sau doar cau\u021bi o modalitate de a sparge rutina, puzzle 1000 piese Animal Faces &#8211; Cats\/Pisici este alegerea potrivit\u0103. P\u0103streaz\u0103-l \u00een cas\u0103 \u0219i asambleaz\u0103-l ori de c\u00e2te ori sim\u021bi nevoia unei provoc\u0103ri creative sau pune-l \u00een ram\u0103 \u0219i personalizeaz\u0103 un loc banal din locuin\u021ba ta.<\/span><\/p><\/p>\n","protected":false},"excerpt":{"rendered":"<p>Antreneaz\u0103-\u021bi aten\u021bia la detalii \u0219i memoria cu puzzle Animal Faces &#8211; Cats! Zeci de fe\u021be interesante cu pisici de diferite<\/p>\n","protected":false},"featured_media":19576,"template":"","meta":[],"product_brand":[],"product_cat":[1454,1488,1560],"product_tag":[],"class_list":{"0":"post-19580","1":"product","2":"type-product","3":"status-publish","4":"has-post-thumbnail","6":"product_cat-puzzle","7":"product_cat-puzzle-adulti","8":"product_cat-puzzle-adulti-1000","9":"pa_brand-d_toys","10":"pa_country_of_manufacture-ro","11":"pa_filter_age-1315","12":"pa_painter-animalfaces","13":"pa_tip_ambalaj-cutie","14":"pa_tip_puzzle-clasic","16":"first","17":"instock","18":"taxable","19":"shipping-taxable","20":"product-type-simple"},"yoast_head":"<!-- This site is optimized with the Yoast SEO plugin v20.1 - https:\/\/yoast.com\/wordpress\/plugins\/seo\/ -->\n<title>Puzzle - Animal Faces - Cats - 1000 Piese<\/title>\n<meta name=\"description\" content=\"Puzzle - Animal Faces - Cats - 1000 Piese Descoper\u0103 colec\u021bia superb\u0103 de patchwork puzzle-uri de 1000 piese!\" \/>\n<meta name=\"robots\" content=\"index, follow, max-snippet:-1, max-image-preview:large, max-video-preview:-1\" \/>\n<link rel=\"canonical\" href=\"https:\/\/www.roovi.ro\/puzzle-adulti-1000-piese-animal-faces-catspisici\/p\/\" \/>\n<meta property=\"og:locale\" content=\"ro_RO\" \/>\n<meta property=\"og:type\" content=\"article\" \/>\n<meta property=\"og:title\" content=\"Puzzle - Animal Faces - Cats - 1000 Piese\" \/>\n<meta property=\"og:description\" content=\"Puzzle - Animal Faces - Cats - 1000 Piese Descoper\u0103 colec\u021bia superb\u0103 de patchwork puzzle-uri de 1000 piese!\" \/>\n<meta property=\"og:url\" content=\"https:\/\/www.roovi.ro\/puzzle-adulti-1000-piese-animal-faces-catspisici\/p\/\" \/>\n<meta property=\"og:site_name\" content=\"Roovi B2B\" \/>\n<meta property=\"article:publisher\" content=\"https:\/\/www.facebook.com\/wwwjucariero\" \/>\n<meta property=\"article:modified_time\" content=\"2023-03-20T21:34:29+00:00\" \/>\n<meta property=\"og:image\" content=\"https:\/\/business.roovi.com\/wp-content\/uploads\/2018\/09\/74331_02.jpg\" \/>\n\t<meta property=\"og:image:width\" content=\"1200\" \/>\n\t<meta property=\"og:image:height\" content=\"1200\" \/>\n\t<meta property=\"og:image:type\" content=\"image\/jpeg\" \/>\n<meta name=\"twitter:label1\" content=\"Timp estimat pentru citire\" \/>\n\t<meta name=\"twitter:data1\" content=\"3 minute\" \/>\n<script type=\"application\/ld+json\" class=\"yoast-schema-graph\">{\"@context\":\"https:\/\/schema.org\",\"@graph\":[{\"@type\":\"WebPage\",\"@id\":\"https:\/\/business.roovi.com\/ro\/puzzle-adulti-1000-piese-animal-faces-catspisici\/p\/\",\"url\":\"https:\/\/www.roovi.ro\/puzzle-adulti-1000-piese-animal-faces-catspisici\/p\/\",\"name\":\"Puzzle - Animal Faces - Cats - 1000 Piese\",\"isPartOf\":{\"@id\":\"https:\/\/business.roovi.com\/ro\/#website\"},\"datePublished\":\"2018-09-10T10:40:05+00:00\",\"dateModified\":\"2023-03-20T21:34:29+00:00\",\"description\":\"Puzzle - Animal Faces - Cats - 1000 Piese Descoper\u0103 colec\u021bia superb\u0103 de patchwork puzzle-uri de 1000 piese!\",\"breadcrumb\":{\"@id\":\"https:\/\/www.roovi.ro\/puzzle-adulti-1000-piese-animal-faces-catspisici\/p\/#breadcrumb\"},\"inLanguage\":\"ro-RO\",\"potentialAction\":[{\"@type\":\"ReadAction\",\"target\":[\"https:\/\/www.roovi.ro\/puzzle-adulti-1000-piese-animal-faces-catspisici\/p\/\"]}]},{\"@type\":\"BreadcrumbList\",\"@id\":\"https:\/\/www.roovi.ro\/puzzle-adulti-1000-piese-animal-faces-catspisici\/p\/#breadcrumb\",\"itemListElement\":[{\"@type\":\"ListItem\",\"position\":1,\"name\":\"Home\",\"item\":\"https:\/\/business.roovi.com\/ro\/\"},{\"@type\":\"ListItem\",\"position\":2,\"name\":\"Magazin\",\"item\":\"https:\/\/business.roovi.com\/ro\/magazin\/\"},{\"@type\":\"ListItem\",\"position\":3,\"name\":\"Puzzle adul\u021bi 1000 piese Animal Faces &#8211; Cats\/Pisici\"}]},{\"@type\":\"WebSite\",\"@id\":\"https:\/\/business.roovi.com\/ro\/#website\",\"url\":\"https:\/\/business.roovi.com\/ro\/\",\"name\":\"Roovi B2B\",\"description\":\"Roovi Business Website\",\"potentialAction\":[{\"@type\":\"SearchAction\",\"target\":{\"@type\":\"EntryPoint\",\"urlTemplate\":\"https:\/\/business.roovi.com\/ro\/?s={search_term_string}\"},\"query-input\":\"required name=search_term_string\"}],\"inLanguage\":\"ro-RO\"}]}<\/script>\n<!-- \/ Yoast SEO plugin. -->","yoast_head_json":{"title":"Puzzle - Animal Faces - Cats - 1000 Piese","description":"Puzzle - Animal Faces - Cats - 1000 Piese Descoper\u0103 colec\u021bia superb\u0103 de patchwork puzzle-uri de 1000 piese!","robots":{"index":"index","follow":"follow","max-snippet":"max-snippet:-1","max-image-preview":"max-image-preview:large","max-video-preview":"max-video-preview:-1"},"canonical":"https:\/\/www.roovi.ro\/puzzle-adulti-1000-piese-animal-faces-catspisici\/p\/","og_locale":"ro_RO","og_type":"article","og_title":"Puzzle - Animal Faces - Cats - 1000 Piese","og_description":"Puzzle - Animal Faces - Cats - 1000 Piese Descoper\u0103 colec\u021bia superb\u0103 de patchwork puzzle-uri de 1000 piese!","og_url":"https:\/\/www.roovi.ro\/puzzle-adulti-1000-piese-animal-faces-catspisici\/p\/","og_site_name":"Roovi B2B","article_publisher":"https:\/\/www.facebook.com\/wwwjucariero","article_modified_time":"2023-03-20T21:34:29+00:00","og_image":[{"width":1200,"height":1200,"url":"https:\/\/business.roovi.com\/wp-content\/uploads\/2018\/09\/74331_02.jpg","type":"image\/jpeg"}],"twitter_misc":{"Timp estimat pentru citire":"3 minute"},"schema":{"@context":"https:\/\/schema.org","@graph":[{"@type":"WebPage","@id":"https:\/\/business.roovi.com\/ro\/puzzle-adulti-1000-piese-animal-faces-catspisici\/p\/","url":"https:\/\/www.roovi.ro\/puzzle-adulti-1000-piese-animal-faces-catspisici\/p\/","name":"Puzzle - Animal Faces - Cats - 1000 Piese","isPartOf":{"@id":"https:\/\/business.roovi.com\/ro\/#website"},"datePublished":"2018-09-10T10:40:05+00:00","dateModified":"2023-03-20T21:34:29+00:00","description":"Puzzle - Animal Faces - Cats - 1000 Piese Descoper\u0103 colec\u021bia superb\u0103 de patchwork puzzle-uri de 1000 piese!","breadcrumb":{"@id":"https:\/\/www.roovi.ro\/puzzle-adulti-1000-piese-animal-faces-catspisici\/p\/#breadcrumb"},"inLanguage":"ro-RO","potentialAction":[{"@type":"ReadAction","target":["https:\/\/www.roovi.ro\/puzzle-adulti-1000-piese-animal-faces-catspisici\/p\/"]}]},{"@type":"BreadcrumbList","@id":"https:\/\/www.roovi.ro\/puzzle-adulti-1000-piese-animal-faces-catspisici\/p\/#breadcrumb","itemListElement":[{"@type":"ListItem","position":1,"name":"Home","item":"https:\/\/business.roovi.com\/ro\/"},{"@type":"ListItem","position":2,"name":"Magazin","item":"https:\/\/business.roovi.com\/ro\/magazin\/"},{"@type":"ListItem","position":3,"name":"Puzzle adul\u021bi 1000 piese Animal Faces &#8211; Cats\/Pisici"}]},{"@type":"WebSite","@id":"https:\/\/business.roovi.com\/ro\/#website","url":"https:\/\/business.roovi.com\/ro\/","name":"Roovi B2B","description":"Roovi Business Website","potentialAction":[{"@type":"SearchAction","target":{"@type":"EntryPoint","urlTemplate":"https:\/\/business.roovi.com\/ro\/?s={search_term_string}"},"query-input":"required name=search_term_string"}],"inLanguage":"ro-RO"}]}},"_links":{"self":[{"href":"https:\/\/business.roovi.com\/ro\/wp-json\/wp\/v2\/product\/19580","targetHints":{"allow":["GET"]}}],"collection":[{"href":"https:\/\/business.roovi.com\/ro\/wp-json\/wp\/v2\/product"}],"about":[{"href":"https:\/\/business.roovi.com\/ro\/wp-json\/wp\/v2\/types\/product"}],"version-history":[{"count":0,"href":"https:\/\/business.roovi.com\/ro\/wp-json\/wp\/v2\/product\/19580\/revisions"}],"wp:featuredmedia":[{"embeddable":true,"href":"https:\/\/business.roovi.com\/ro\/wp-json\/wp\/v2\/media\/19576"}],"wp:attachment":[{"href":"https:\/\/business.roovi.com\/ro\/wp-json\/wp\/v2\/media?parent=19580"}],"wp:term":[{"taxonomy":"product_brand","embeddable":true,"href":"https:\/\/business.roovi.com\/ro\/wp-json\/wp\/v2\/product_brand?post=19580"},{"taxonomy":"product_cat","embeddable":true,"href":"https:\/\/business.roovi.com\/ro\/wp-json\/wp\/v2\/product_cat?post=19580"},{"taxonomy":"product_tag","embeddable":true,"href":"https:\/\/business.roovi.com\/ro\/wp-json\/wp\/v2\/product_tag?post=19580"}],"curies":[{"name":"wp","href":"https:\/\/api.w.org\/{rel}","templated":true}]}}