{"id":19786,"date":"2018-09-27T17:29:49","date_gmt":"2018-09-27T17:29:49","guid":{"rendered":"https:\/\/business.roovi.com\/product\/joc-romanesc-m30\/"},"modified":"2025-03-11T10:30:39","modified_gmt":"2025-03-11T10:30:39","slug":"joc-romanesc-m30","status":"publish","type":"product","link":"https:\/\/business.roovi.com\/ro\/joc-romanesc-m30\/p\/","title":{"rendered":"Joc M30 &#8211; Joc rom\u00e2nesc de strategie"},"content":{"rendered":"<p><span style=\"font-weight: 400;\">Cum le povestim copiilor despre zonele istorice? \u0218i cum \u00eei ajut\u0103m s\u0103 descopere bog\u0103\u021bia cultural\u0103 a Rom\u00e2niei?<\/span><\/p>\n<p><span style=\"font-weight: 400;\">Bog\u0103\u021bia cultural\u0103 \u0219i artistic\u0103 a Rom\u00e2niei este impresionant\u0103. Sute de monumente ridicate cu m\u00e2ndrie pe tot cuprinsul \u021b\u0103rii, castele, biserici \u0219i m\u0103n\u0103stiri ori cet\u0103\u021bi fortificate \u00eencununeaz\u0103 fiecare jude\u021b.\u00a0<\/span><\/p>\n<p><span style=\"font-weight: 400;\">Descoper\u0103 un interesant joc de strategie cu ajutorul c\u0103ruia vei explora toate aceste monumente istorice al\u0103turi de copii. Joac\u0103 iste\u021b \u0219i ocup\u0103 c\u00e2t mai multe jude\u021be pentru a c\u00e2\u0219tiga!\u00a0\u00a0<\/span><\/p>\n<h2><span style=\"font-weight: 400;\">\u0218tiai c\u0103 jocul M30\u2026<\/span><\/h2>\n<ul>\n<li><span style=\"font-weight: 400;\">Reprezint\u0103 un mod interesant \u0219i interactiv de a explora zonele istorice ale \u021b\u0103rii.\u00a0<\/span><\/li>\n<li><span style=\"font-weight: 400;\">Este potrivit pentru a-i familiariza pe copii cu mo\u0219tenirea cultural\u0103 a Rom\u00e2niei \u0219i a purta cu ei discu\u021bii despre istorie, cultur\u0103 si chiar arhitectura specific\u0103 anumitor zone.<\/span><\/li>\n<li><span style=\"font-weight: 400;\">Este un mijloc distractiv de \u00eembog\u0103\u021bire a culturii generale.\u00a0<\/span><\/li>\n<li><span style=\"font-weight: 400;\">Dezvolt\u0103 g\u00e2ndirea strategic\u0103 \u0219i memoria.\u00a0<\/span><\/li>\n<li><span style=\"font-weight: 400;\">Stimuleaz\u0103 spiritul competitiv.<\/span><\/li>\n<li><span style=\"font-weight: 400;\">Ajut\u0103 la dezvoltarea aten\u021biei \u0219i este un bun exerci\u021biu de motricitate fin\u0103.<\/span><\/li>\n<\/ul>\n<h2><span style=\"font-weight: 400;\">De ce s\u0103 alegi Jocul M30<\/span><\/h2>\n<p><span style=\"font-weight: 400;\">Este un joc relaxant de strategie, pe care \u00eel po\u021bi juca \u00eempreun\u0103 cu copiii mai mari, pentru a \u00een\u021belege mai u\u0219or no\u021biunile istorice \u0219i cultura rom\u00e2neasc\u0103 specific\u0103 fiec\u0103rei zone.\u00a0<\/span><\/p>\n<p><span style=\"font-weight: 400;\">Creeaz\u0103-\u021bi propria strategie de a cuceri 2 regiuni istorice pentru a c\u00e2\u0219tiga jocul. Colecteaz\u0103 c\u00e2t mai multe jetoane \u0219i cucere\u0219te c\u00e2t mai multe monumente din calea adversarului.\u00a0<\/span><\/p>\n<p><span style=\"font-weight: 400;\">Descoper\u0103 30 de monumente importante r\u0103sp\u00e2ndite pe tot teritoriul \u021b\u0103rii \u0219i afl\u0103 detalii interesante despre fiecare \u00een parte.\u00a0<\/span><\/p>\n<p><span style=\"font-weight: 400;\">C\u0103r\u021bile de joc con\u021bin ilustra\u021bii originale ale monumentelor, iar jetoanele sunt realizate din carton gros \u0219i rezistent la uzur\u0103.<\/span><\/p>\n<p><span style=\"font-weight: 400;\">Descoper\u0103 Rom\u00e2nia prin jocul M30 \u0219i bifeaz\u0103 r\u00e2nd pe r\u00e2nd obiectivele pe care le vizitezi \u0219i \u00een realitate.\u00a0<\/span><\/p>\n<p><span style=\"font-weight: 400;\">V\u00e2rst\u0103 recomandat\u0103: 10+<\/span><\/p>\n<p><span style=\"font-weight: 400;\">Juc\u0103tori: 2 persoane<\/span><\/p>\n<p><span style=\"font-weight: 400;\">Cutia con\u021bine: 1 tabl\u0103 de joc cu harta Rom\u00e2niei, 32 c\u0103r\u021bi de joc cu monumente, 49 jetoane de joc, 1 zar, 2 pioni, regulament de joc.\u00a0\u00a0<\/span><\/p>\n<p><span style=\"font-weight: 400;\">Joc nerecomandat copiilor sub 3 ani.<\/span><\/p>\n","protected":false},"excerpt":{"rendered":"<p>Cum le povestim copiilor despre zonele istorice? \u0218i cum \u00eei ajut\u0103m s\u0103 descopere bog\u0103\u021bia cultural\u0103 a Rom\u00e2niei? Bog\u0103\u021bia cultural\u0103 \u0219i<\/p>\n","protected":false},"featured_media":9255,"template":"","meta":[],"product_brand":[],"product_cat":[1461],"product_tag":[],"class_list":{"0":"post-19786","1":"product","2":"type-product","3":"status-publish","4":"has-post-thumbnail","6":"product_cat-jocuri-romanesti","7":"pa_brand-d_toys","8":"pa_country_of_manufacture-ro","9":"pa_filter_age-1315","10":"pa_filter_age-9_14","11":"pa_tip_ambalaj-cutie","13":"first","14":"instock","15":"taxable","16":"shipping-taxable","17":"product-type-simple"},"yoast_head":"<!-- This site is optimized with the Yoast SEO plugin v20.1 - https:\/\/yoast.com\/wordpress\/plugins\/seo\/ -->\n<title>Joc rom\u00e2nesc M30<\/title>\n<meta name=\"description\" content=\"Joc rom\u00e2nesc M30 Joc strategic pentru 2 juc\u0103tori. Descoper\u0103 monumente istorice rom\u00e2ne\u0219ti! Joac\u0103 iste\u021b \u0219i ocup\u0103 c\u00e2t mai multe jude\u021be pentru a c\u00e2\u0219tiga! Componente: 1 tabl\u0103 de joc cu harta Rom\u00e2niei, 32 c\u0103r\u021bi de joc cu monumente, 49 jetoane de joc, 1 zar, 2 p\" \/>\n<meta name=\"robots\" content=\"index, follow, max-snippet:-1, max-image-preview:large, max-video-preview:-1\" \/>\n<link rel=\"canonical\" href=\"https:\/\/www.roovi.ro\/joc-romanesc-m30\/p\/\" \/>\n<meta property=\"og:locale\" content=\"ro_RO\" \/>\n<meta property=\"og:type\" content=\"article\" \/>\n<meta property=\"og:title\" content=\"Joc rom\u00e2nesc M30\" \/>\n<meta property=\"og:description\" content=\"Joc rom\u00e2nesc M30 Joc strategic pentru 2 juc\u0103tori. Descoper\u0103 monumente istorice rom\u00e2ne\u0219ti! Joac\u0103 iste\u021b \u0219i ocup\u0103 c\u00e2t mai multe jude\u021be pentru a c\u00e2\u0219tiga! Componente: 1 tabl\u0103 de joc cu harta Rom\u00e2niei, 32 c\u0103r\u021bi de joc cu monumente, 49 jetoane de joc, 1 zar, 2 p\" \/>\n<meta property=\"og:url\" content=\"https:\/\/www.roovi.ro\/joc-romanesc-m30\/p\/\" \/>\n<meta property=\"og:site_name\" content=\"Roovi B2B\" \/>\n<meta property=\"article:publisher\" content=\"https:\/\/www.facebook.com\/wwwjucariero\" \/>\n<meta property=\"article:modified_time\" content=\"2025-03-11T10:30:39+00:00\" \/>\n<meta property=\"og:image\" content=\"https:\/\/business.roovi.com\/wp-content\/uploads\/2018\/09\/75345_m30_elo.jpg\" \/>\n\t<meta property=\"og:image:width\" content=\"1200\" \/>\n\t<meta property=\"og:image:height\" content=\"1200\" \/>\n\t<meta property=\"og:image:type\" content=\"image\/jpeg\" \/>\n<meta name=\"twitter:label1\" content=\"Timp estimat pentru citire\" \/>\n\t<meta name=\"twitter:data1\" content=\"2 minute\" \/>\n<script type=\"application\/ld+json\" class=\"yoast-schema-graph\">{\"@context\":\"https:\/\/schema.org\",\"@graph\":[{\"@type\":\"WebPage\",\"@id\":\"https:\/\/business.roovi.com\/ro\/joc-romanesc-m30\/p\/\",\"url\":\"https:\/\/www.roovi.ro\/joc-romanesc-m30\/p\/\",\"name\":\"Joc rom\u00e2nesc M30\",\"isPartOf\":{\"@id\":\"https:\/\/business.roovi.com\/ro\/#website\"},\"datePublished\":\"2018-09-27T17:29:49+00:00\",\"dateModified\":\"2025-03-11T10:30:39+00:00\",\"description\":\"Joc rom\u00e2nesc M30 Joc strategic pentru 2 juc\u0103tori. Descoper\u0103 monumente istorice rom\u00e2ne\u0219ti! Joac\u0103 iste\u021b \u0219i ocup\u0103 c\u00e2t mai multe jude\u021be pentru a c\u00e2\u0219tiga! Componente: 1 tabl\u0103 de joc cu harta Rom\u00e2niei, 32 c\u0103r\u021bi de joc cu monumente, 49 jetoane de joc, 1 zar, 2 p\",\"breadcrumb\":{\"@id\":\"https:\/\/www.roovi.ro\/joc-romanesc-m30\/p\/#breadcrumb\"},\"inLanguage\":\"ro-RO\",\"potentialAction\":[{\"@type\":\"ReadAction\",\"target\":[\"https:\/\/www.roovi.ro\/joc-romanesc-m30\/p\/\"]}]},{\"@type\":\"BreadcrumbList\",\"@id\":\"https:\/\/www.roovi.ro\/joc-romanesc-m30\/p\/#breadcrumb\",\"itemListElement\":[{\"@type\":\"ListItem\",\"position\":1,\"name\":\"Home\",\"item\":\"https:\/\/business.roovi.com\/ro\/\"},{\"@type\":\"ListItem\",\"position\":2,\"name\":\"Magazin\",\"item\":\"https:\/\/business.roovi.com\/ro\/magazin\/\"},{\"@type\":\"ListItem\",\"position\":3,\"name\":\"Joc M30 &#8211; Joc rom\u00e2nesc de strategie\"}]},{\"@type\":\"WebSite\",\"@id\":\"https:\/\/business.roovi.com\/ro\/#website\",\"url\":\"https:\/\/business.roovi.com\/ro\/\",\"name\":\"Roovi B2B\",\"description\":\"Roovi Business Website\",\"potentialAction\":[{\"@type\":\"SearchAction\",\"target\":{\"@type\":\"EntryPoint\",\"urlTemplate\":\"https:\/\/business.roovi.com\/ro\/?s={search_term_string}\"},\"query-input\":\"required name=search_term_string\"}],\"inLanguage\":\"ro-RO\"}]}<\/script>\n<!-- \/ Yoast SEO plugin. -->","yoast_head_json":{"title":"Joc rom\u00e2nesc M30","description":"Joc rom\u00e2nesc M30 Joc strategic pentru 2 juc\u0103tori. Descoper\u0103 monumente istorice rom\u00e2ne\u0219ti! Joac\u0103 iste\u021b \u0219i ocup\u0103 c\u00e2t mai multe jude\u021be pentru a c\u00e2\u0219tiga! Componente: 1 tabl\u0103 de joc cu harta Rom\u00e2niei, 32 c\u0103r\u021bi de joc cu monumente, 49 jetoane de joc, 1 zar, 2 p","robots":{"index":"index","follow":"follow","max-snippet":"max-snippet:-1","max-image-preview":"max-image-preview:large","max-video-preview":"max-video-preview:-1"},"canonical":"https:\/\/www.roovi.ro\/joc-romanesc-m30\/p\/","og_locale":"ro_RO","og_type":"article","og_title":"Joc rom\u00e2nesc M30","og_description":"Joc rom\u00e2nesc M30 Joc strategic pentru 2 juc\u0103tori. Descoper\u0103 monumente istorice rom\u00e2ne\u0219ti! Joac\u0103 iste\u021b \u0219i ocup\u0103 c\u00e2t mai multe jude\u021be pentru a c\u00e2\u0219tiga! Componente: 1 tabl\u0103 de joc cu harta Rom\u00e2niei, 32 c\u0103r\u021bi de joc cu monumente, 49 jetoane de joc, 1 zar, 2 p","og_url":"https:\/\/www.roovi.ro\/joc-romanesc-m30\/p\/","og_site_name":"Roovi B2B","article_publisher":"https:\/\/www.facebook.com\/wwwjucariero","article_modified_time":"2025-03-11T10:30:39+00:00","og_image":[{"width":1200,"height":1200,"url":"https:\/\/business.roovi.com\/wp-content\/uploads\/2018\/09\/75345_m30_elo.jpg","type":"image\/jpeg"}],"twitter_misc":{"Timp estimat pentru citire":"2 minute"},"schema":{"@context":"https:\/\/schema.org","@graph":[{"@type":"WebPage","@id":"https:\/\/business.roovi.com\/ro\/joc-romanesc-m30\/p\/","url":"https:\/\/www.roovi.ro\/joc-romanesc-m30\/p\/","name":"Joc rom\u00e2nesc M30","isPartOf":{"@id":"https:\/\/business.roovi.com\/ro\/#website"},"datePublished":"2018-09-27T17:29:49+00:00","dateModified":"2025-03-11T10:30:39+00:00","description":"Joc rom\u00e2nesc M30 Joc strategic pentru 2 juc\u0103tori. Descoper\u0103 monumente istorice rom\u00e2ne\u0219ti! Joac\u0103 iste\u021b \u0219i ocup\u0103 c\u00e2t mai multe jude\u021be pentru a c\u00e2\u0219tiga! Componente: 1 tabl\u0103 de joc cu harta Rom\u00e2niei, 32 c\u0103r\u021bi de joc cu monumente, 49 jetoane de joc, 1 zar, 2 p","breadcrumb":{"@id":"https:\/\/www.roovi.ro\/joc-romanesc-m30\/p\/#breadcrumb"},"inLanguage":"ro-RO","potentialAction":[{"@type":"ReadAction","target":["https:\/\/www.roovi.ro\/joc-romanesc-m30\/p\/"]}]},{"@type":"BreadcrumbList","@id":"https:\/\/www.roovi.ro\/joc-romanesc-m30\/p\/#breadcrumb","itemListElement":[{"@type":"ListItem","position":1,"name":"Home","item":"https:\/\/business.roovi.com\/ro\/"},{"@type":"ListItem","position":2,"name":"Magazin","item":"https:\/\/business.roovi.com\/ro\/magazin\/"},{"@type":"ListItem","position":3,"name":"Joc M30 &#8211; Joc rom\u00e2nesc de strategie"}]},{"@type":"WebSite","@id":"https:\/\/business.roovi.com\/ro\/#website","url":"https:\/\/business.roovi.com\/ro\/","name":"Roovi B2B","description":"Roovi Business Website","potentialAction":[{"@type":"SearchAction","target":{"@type":"EntryPoint","urlTemplate":"https:\/\/business.roovi.com\/ro\/?s={search_term_string}"},"query-input":"required name=search_term_string"}],"inLanguage":"ro-RO"}]}},"_links":{"self":[{"href":"https:\/\/business.roovi.com\/ro\/wp-json\/wp\/v2\/product\/19786","targetHints":{"allow":["GET"]}}],"collection":[{"href":"https:\/\/business.roovi.com\/ro\/wp-json\/wp\/v2\/product"}],"about":[{"href":"https:\/\/business.roovi.com\/ro\/wp-json\/wp\/v2\/types\/product"}],"version-history":[{"count":0,"href":"https:\/\/business.roovi.com\/ro\/wp-json\/wp\/v2\/product\/19786\/revisions"}],"wp:featuredmedia":[{"embeddable":true,"href":"https:\/\/business.roovi.com\/ro\/wp-json\/wp\/v2\/media\/9255"}],"wp:attachment":[{"href":"https:\/\/business.roovi.com\/ro\/wp-json\/wp\/v2\/media?parent=19786"}],"wp:term":[{"taxonomy":"product_brand","embeddable":true,"href":"https:\/\/business.roovi.com\/ro\/wp-json\/wp\/v2\/product_brand?post=19786"},{"taxonomy":"product_cat","embeddable":true,"href":"https:\/\/business.roovi.com\/ro\/wp-json\/wp\/v2\/product_cat?post=19786"},{"taxonomy":"product_tag","embeddable":true,"href":"https:\/\/business.roovi.com\/ro\/wp-json\/wp\/v2\/product_tag?post=19786"}],"curies":[{"name":"wp","href":"https:\/\/api.w.org\/{rel}","templated":true}]}}