{"id":19791,"date":"2018-10-04T09:41:28","date_gmt":"2018-10-04T09:41:28","guid":{"rendered":"https:\/\/business.roovi.com\/product\/joc-piki-koko-la-tara\/"},"modified":"2022-08-15T17:13:13","modified_gmt":"2022-08-15T17:13:13","slug":"joc-piki-koko-la-tara","status":"publish","type":"product","link":"https:\/\/business.roovi.com\/ro\/joc-piki-koko-la-tara\/p\/","title":{"rendered":"Joc Piki Koko la \u021aar\u0103 &#8211; Joc de societate educativ"},"content":{"rendered":"<p>Haide cu Piki Koko la \u021bar\u0103! Te a\u0219teapt\u0103 aventuri superbe, animale, fructe \u0219i legume. Piki Koko la \u021bar\u0103 este un nou joc de societate educativ pentru 2-6 juc\u0103tori, v\u00e2rsta 4+. Juc\u0103torii se vor \u00eentrece \u00een completarea propriilor plan\u0219e de joc cu animale domestice, fructe \u0219i legume pentru care mecanismul special \u00een form\u0103 de p\u0103un distribuie 6 jetoane de joc. Jocul con\u021bine P\u0103unul Piki Koko, 120 jetoane de joc, 12 plan\u0219e de joc, 1 disc cu s\u0103geat\u0103 rotativ\u0103 \u0219i regulament de joc. Piki Koko la \u021bar\u0103 dezvolt\u0103 spiritul de observa\u021bie, abilit\u0103\u021bile de asociere, aten\u021bia, dexteritatea, logica \u0219i memoria celor mici. <\/p>\n","protected":false},"excerpt":{"rendered":"<p>Haide cu Piki Koko la \u021bar\u0103! Te a\u0219teapt\u0103 aventuri superbe, animale, fructe \u0219i legume. Piki Koko la \u021bar\u0103 este un<\/p>\n","protected":false},"featured_media":9278,"template":"","meta":[],"product_brand":[],"product_cat":[1502,1467],"product_tag":[],"class_list":{"0":"post-19791","1":"product","2":"type-product","3":"status-publish","4":"has-post-thumbnail","6":"product_cat-jocuri-de-familie","7":"product_cat-jocuri-de-societate","8":"pa_brand-d_toys","9":"pa_country_of_manufacture-ro","10":"pa_filter_age-3_5","11":"pa_filter_age-5_7","12":"pa_filter_age-7_9","13":"pa_tip_ambalaj-cutie","15":"first","16":"instock","17":"taxable","18":"shipping-taxable","19":"product-type-simple"},"yoast_head":"<!-- This site is optimized with the Yoast SEO plugin v20.1 - https:\/\/yoast.com\/wordpress\/plugins\/seo\/ -->\n<title>Joc Piki Koko - La \u021aar\u0103<\/title>\n<meta name=\"description\" content=\"Joc Piki Koko - La \u021aar\u0103 Haide cu Piki Koko la \u021bar\u0103! Te a\u0219teapt\u0103 aventuri superbe, animale, fructe \u0219i legume. Piki Koko la \u021bar\u0103 este un nou joc de societate educativ pentru 2-6 juc\u0103tori, v\u00e2rsta 4+. Juc\u0103torii se vor \u00eentrece \u00een completarea propriilor plan\u0219e\" \/>\n<meta name=\"robots\" content=\"index, follow, max-snippet:-1, max-image-preview:large, max-video-preview:-1\" \/>\n<link rel=\"canonical\" href=\"https:\/\/www.roovi.ro\/joc-piki-koko-la-tara\/p\/\" \/>\n<meta property=\"og:locale\" content=\"ro_RO\" \/>\n<meta property=\"og:type\" content=\"article\" \/>\n<meta property=\"og:title\" content=\"Joc Piki Koko - La \u021aar\u0103\" \/>\n<meta property=\"og:description\" content=\"Joc Piki Koko - La \u021aar\u0103 Haide cu Piki Koko la \u021bar\u0103! Te a\u0219teapt\u0103 aventuri superbe, animale, fructe \u0219i legume. Piki Koko la \u021bar\u0103 este un nou joc de societate educativ pentru 2-6 juc\u0103tori, v\u00e2rsta 4+. Juc\u0103torii se vor \u00eentrece \u00een completarea propriilor plan\u0219e\" \/>\n<meta property=\"og:url\" content=\"https:\/\/www.roovi.ro\/joc-piki-koko-la-tara\/p\/\" \/>\n<meta property=\"og:site_name\" content=\"Roovi B2B\" \/>\n<meta property=\"article:publisher\" content=\"https:\/\/www.facebook.com\/wwwjucariero\" \/>\n<meta property=\"article:modified_time\" content=\"2022-08-15T17:13:13+00:00\" \/>\n<meta property=\"og:image\" content=\"https:\/\/business.roovi.com\/wp-content\/uploads\/2018\/10\/75529_piki_koko_la_tara_elo.jpg\" \/>\n\t<meta property=\"og:image:width\" content=\"1200\" \/>\n\t<meta property=\"og:image:height\" content=\"1200\" \/>\n\t<meta property=\"og:image:type\" content=\"image\/jpeg\" \/>\n<meta name=\"twitter:label1\" content=\"Timp estimat pentru citire\" \/>\n\t<meta name=\"twitter:data1\" content=\"1 minut\" \/>\n<script type=\"application\/ld+json\" class=\"yoast-schema-graph\">{\"@context\":\"https:\/\/schema.org\",\"@graph\":[{\"@type\":\"WebPage\",\"@id\":\"https:\/\/business.roovi.com\/ro\/joc-piki-koko-la-tara\/p\/\",\"url\":\"https:\/\/www.roovi.ro\/joc-piki-koko-la-tara\/p\/\",\"name\":\"Joc Piki Koko - La \u021aar\u0103\",\"isPartOf\":{\"@id\":\"https:\/\/business.roovi.com\/ro\/#website\"},\"datePublished\":\"2018-10-04T09:41:28+00:00\",\"dateModified\":\"2022-08-15T17:13:13+00:00\",\"description\":\"Joc Piki Koko - La \u021aar\u0103 Haide cu Piki Koko la \u021bar\u0103! Te a\u0219teapt\u0103 aventuri superbe, animale, fructe \u0219i legume. Piki Koko la \u021bar\u0103 este un nou joc de societate educativ pentru 2-6 juc\u0103tori, v\u00e2rsta 4+. Juc\u0103torii se vor \u00eentrece \u00een completarea propriilor plan\u0219e\",\"breadcrumb\":{\"@id\":\"https:\/\/www.roovi.ro\/joc-piki-koko-la-tara\/p\/#breadcrumb\"},\"inLanguage\":\"ro-RO\",\"potentialAction\":[{\"@type\":\"ReadAction\",\"target\":[\"https:\/\/www.roovi.ro\/joc-piki-koko-la-tara\/p\/\"]}]},{\"@type\":\"BreadcrumbList\",\"@id\":\"https:\/\/www.roovi.ro\/joc-piki-koko-la-tara\/p\/#breadcrumb\",\"itemListElement\":[{\"@type\":\"ListItem\",\"position\":1,\"name\":\"Home\",\"item\":\"https:\/\/business.roovi.com\/ro\/\"},{\"@type\":\"ListItem\",\"position\":2,\"name\":\"Magazin\",\"item\":\"https:\/\/business.roovi.com\/ro\/magazin\/\"},{\"@type\":\"ListItem\",\"position\":3,\"name\":\"Joc Piki Koko la \u021aar\u0103 &#8211; Joc de societate educativ\"}]},{\"@type\":\"WebSite\",\"@id\":\"https:\/\/business.roovi.com\/ro\/#website\",\"url\":\"https:\/\/business.roovi.com\/ro\/\",\"name\":\"Roovi B2B\",\"description\":\"Roovi Business Website\",\"potentialAction\":[{\"@type\":\"SearchAction\",\"target\":{\"@type\":\"EntryPoint\",\"urlTemplate\":\"https:\/\/business.roovi.com\/ro\/?s={search_term_string}\"},\"query-input\":\"required name=search_term_string\"}],\"inLanguage\":\"ro-RO\"}]}<\/script>\n<!-- \/ Yoast SEO plugin. -->","yoast_head_json":{"title":"Joc Piki Koko - La \u021aar\u0103","description":"Joc Piki Koko - La \u021aar\u0103 Haide cu Piki Koko la \u021bar\u0103! Te a\u0219teapt\u0103 aventuri superbe, animale, fructe \u0219i legume. Piki Koko la \u021bar\u0103 este un nou joc de societate educativ pentru 2-6 juc\u0103tori, v\u00e2rsta 4+. Juc\u0103torii se vor \u00eentrece \u00een completarea propriilor plan\u0219e","robots":{"index":"index","follow":"follow","max-snippet":"max-snippet:-1","max-image-preview":"max-image-preview:large","max-video-preview":"max-video-preview:-1"},"canonical":"https:\/\/www.roovi.ro\/joc-piki-koko-la-tara\/p\/","og_locale":"ro_RO","og_type":"article","og_title":"Joc Piki Koko - La \u021aar\u0103","og_description":"Joc Piki Koko - La \u021aar\u0103 Haide cu Piki Koko la \u021bar\u0103! Te a\u0219teapt\u0103 aventuri superbe, animale, fructe \u0219i legume. Piki Koko la \u021bar\u0103 este un nou joc de societate educativ pentru 2-6 juc\u0103tori, v\u00e2rsta 4+. Juc\u0103torii se vor \u00eentrece \u00een completarea propriilor plan\u0219e","og_url":"https:\/\/www.roovi.ro\/joc-piki-koko-la-tara\/p\/","og_site_name":"Roovi B2B","article_publisher":"https:\/\/www.facebook.com\/wwwjucariero","article_modified_time":"2022-08-15T17:13:13+00:00","og_image":[{"width":1200,"height":1200,"url":"https:\/\/business.roovi.com\/wp-content\/uploads\/2018\/10\/75529_piki_koko_la_tara_elo.jpg","type":"image\/jpeg"}],"twitter_misc":{"Timp estimat pentru citire":"1 minut"},"schema":{"@context":"https:\/\/schema.org","@graph":[{"@type":"WebPage","@id":"https:\/\/business.roovi.com\/ro\/joc-piki-koko-la-tara\/p\/","url":"https:\/\/www.roovi.ro\/joc-piki-koko-la-tara\/p\/","name":"Joc Piki Koko - La \u021aar\u0103","isPartOf":{"@id":"https:\/\/business.roovi.com\/ro\/#website"},"datePublished":"2018-10-04T09:41:28+00:00","dateModified":"2022-08-15T17:13:13+00:00","description":"Joc Piki Koko - La \u021aar\u0103 Haide cu Piki Koko la \u021bar\u0103! Te a\u0219teapt\u0103 aventuri superbe, animale, fructe \u0219i legume. Piki Koko la \u021bar\u0103 este un nou joc de societate educativ pentru 2-6 juc\u0103tori, v\u00e2rsta 4+. Juc\u0103torii se vor \u00eentrece \u00een completarea propriilor plan\u0219e","breadcrumb":{"@id":"https:\/\/www.roovi.ro\/joc-piki-koko-la-tara\/p\/#breadcrumb"},"inLanguage":"ro-RO","potentialAction":[{"@type":"ReadAction","target":["https:\/\/www.roovi.ro\/joc-piki-koko-la-tara\/p\/"]}]},{"@type":"BreadcrumbList","@id":"https:\/\/www.roovi.ro\/joc-piki-koko-la-tara\/p\/#breadcrumb","itemListElement":[{"@type":"ListItem","position":1,"name":"Home","item":"https:\/\/business.roovi.com\/ro\/"},{"@type":"ListItem","position":2,"name":"Magazin","item":"https:\/\/business.roovi.com\/ro\/magazin\/"},{"@type":"ListItem","position":3,"name":"Joc Piki Koko la \u021aar\u0103 &#8211; Joc de societate educativ"}]},{"@type":"WebSite","@id":"https:\/\/business.roovi.com\/ro\/#website","url":"https:\/\/business.roovi.com\/ro\/","name":"Roovi B2B","description":"Roovi Business Website","potentialAction":[{"@type":"SearchAction","target":{"@type":"EntryPoint","urlTemplate":"https:\/\/business.roovi.com\/ro\/?s={search_term_string}"},"query-input":"required name=search_term_string"}],"inLanguage":"ro-RO"}]}},"_links":{"self":[{"href":"https:\/\/business.roovi.com\/ro\/wp-json\/wp\/v2\/product\/19791","targetHints":{"allow":["GET"]}}],"collection":[{"href":"https:\/\/business.roovi.com\/ro\/wp-json\/wp\/v2\/product"}],"about":[{"href":"https:\/\/business.roovi.com\/ro\/wp-json\/wp\/v2\/types\/product"}],"version-history":[{"count":0,"href":"https:\/\/business.roovi.com\/ro\/wp-json\/wp\/v2\/product\/19791\/revisions"}],"wp:featuredmedia":[{"embeddable":true,"href":"https:\/\/business.roovi.com\/ro\/wp-json\/wp\/v2\/media\/9278"}],"wp:attachment":[{"href":"https:\/\/business.roovi.com\/ro\/wp-json\/wp\/v2\/media?parent=19791"}],"wp:term":[{"taxonomy":"product_brand","embeddable":true,"href":"https:\/\/business.roovi.com\/ro\/wp-json\/wp\/v2\/product_brand?post=19791"},{"taxonomy":"product_cat","embeddable":true,"href":"https:\/\/business.roovi.com\/ro\/wp-json\/wp\/v2\/product_cat?post=19791"},{"taxonomy":"product_tag","embeddable":true,"href":"https:\/\/business.roovi.com\/ro\/wp-json\/wp\/v2\/product_tag?post=19791"}],"curies":[{"name":"wp","href":"https:\/\/api.w.org\/{rel}","templated":true}]}}