{"id":19836,"date":"2019-04-12T09:33:55","date_gmt":"2019-04-12T09:33:55","guid":{"rendered":"https:\/\/business.roovi.com\/product\/nu-te-supara-frate\/"},"modified":"2025-03-11T09:27:37","modified_gmt":"2025-03-11T09:27:37","slug":"nu-te-supara-frate","status":"publish","type":"product","link":"https:\/\/business.roovi.com\/ro\/nu-te-supara-frate\/p\/","title":{"rendered":"Joc de societate clasic &#8211; Nu te sup\u0103ra frate"},"content":{"rendered":"<p><span style=\"font-weight: 400;\">Nu \u021bi-e dor, uneori, de jocurile copil\u0103riei? Le poveste\u0219ti copiilor despre jocurile pe care le jucai cu prietenii sau familia, \u0219i-ai vrea s\u0103 le transmi\u021bi \u0219i lor bucuria pe care o sim\u021beai tu atunci?<\/span><\/p>\n<p><span style=\"font-weight: 400;\">Jocul Nu te Sup\u0103ra <\/span><em><span style=\"font-weight: 400;\">Frate<\/span><\/em><span style=\"font-weight: 400;\"> este unul dintre acele jocuri consacrate, care au trecut testul timpului. Este jocul la care revii ori de c\u00e2te ori \u00ee\u021bi dore\u0219ti s\u0103 te conectezi cu copiii \u0219i s\u0103 v\u0103 distra\u021bi \u00eempreun\u0103, \u00een timp ce \u00eei aju\u021bi pe cei mici s\u0103 \u00ee\u0219i dezvolte abilit\u0103\u021bi importante.\u00a0<\/span><\/p>\n<p><span style=\"font-weight: 400;\">Cu reguli simple, u\u0219or de urmat chiar \u0219i de cei mai mici participan\u021bi la joc, Nu te sup\u0103ra <em>Frate<\/em> pune mai mult accent pe interac\u021biunea dintre juc\u0103tori.<\/span><\/p>\n<h2><span style=\"font-weight: 400;\">\u0218tiai c\u0103 jocul\u2026<\/span><\/h2>\n<ul>\n<li><span style=\"font-weight: 400;\">Stimuleaz\u0103 capacitatea de concentrare.<\/span><\/li>\n<li><span style=\"font-weight: 400;\">\u00cei \u00eenva\u021b\u0103 pe cei mici no\u021biuni elementare de matematic\u0103, cum ar fi num\u0103ratul sau adunarea, no\u021biuni necesare pentru a avansa pe tabl\u0103.<\/span><\/li>\n<li><span style=\"font-weight: 400;\">Dezvolt\u0103 spiritul de competi\u021bie.\u00a0<\/span><\/li>\n<li><span style=\"font-weight: 400;\">\u00cei ajut\u0103 s\u0103 accepte o \u00eenfr\u00e2ngere \u0219i s\u0103 continue s\u0103 joace.\u00a0\u00a0<\/span><\/li>\n<li><span style=\"font-weight: 400;\">Reprezint\u0103 o oportunitate foarte bun\u0103 de a discuta despre emo\u021bii \u0219i gestionarea lor &#8211; \u0219tim c\u00e2t de greu le vine celor mici s\u0103 piard\u0103, \u0219i c\u00e2t de dr\u0103g\u0103la\u0219i sunt c\u00e2nd arunc\u0103 bosumfla\u021bi cu zarul \ud83d\ude42<\/span><\/li>\n<\/ul>\n<h2><span style=\"font-weight: 400;\">De ce s\u0103 alegi Nu te sup\u0103ra Frate<\/span><\/h2>\n<p><span style=\"font-weight: 400;\">Tabla mare de joc ofer\u0103 suficient spa\u021biu pentru mi\u0219care \u0219i este mai u\u0219or de urm\u0103rit de c\u0103tre micii juc\u0103tori.\u00a0<\/span><\/p>\n<p><span style=\"font-weight: 400;\">Mi\u0219carea pe tabla de joc cu ajutorul pionilor reprezint\u0103 un foarte bun exerci\u021biu de coordonare \u0219i aten\u021bie, copiii trebuind s\u0103 \u00ee\u0219i identifice propriul pion \u0219i s\u0103 urm\u0103reasc\u0103 traseul \u00een direc\u021bia corect\u0103, p\u00e2n\u0103 la c\u0103su\u021ba de culoare potrivit\u0103.<\/span><\/p>\n<p><span style=\"font-weight: 400;\">Plan\u0219a de joc este realizat\u0103 din carton gros, rezistent la numeroase provoc\u0103ri, ce poate fi utilizat\u0103 iar \u0219i iar, f\u0103r\u0103 team\u0103 c\u0103 se va str\u00e2mba sau se va rupe.\u00a0<\/span><\/p>\n<p><span style=\"font-weight: 400;\">V\u00e2rst\u0103 recomandat\u0103: 4+<\/span><\/p>\n<p><span style=\"font-weight: 400;\">Juc\u0103tori: 2-4 persoane<\/span><\/p>\n<p><span style=\"font-weight: 400;\">Cutia con\u021bine: 1 tabl\u0103 de joc, 1 zar, 16 pioni, regulament de joc\u00a0\u00a0\u00a0\u00a0\u00a0<\/span><\/p>\n<p><span style=\"font-weight: 400;\">Joc nerecomandat copiilor sub 3 ani. Con\u021bine piese mici ce pot fi \u00eenghi\u021bite.<\/span><\/p>\n","protected":false},"excerpt":{"rendered":"<p>Nu \u021bi-e dor, uneori, de jocurile copil\u0103riei? Le poveste\u0219ti copiilor despre jocurile pe care le jucai cu prietenii sau familia,<\/p>\n","protected":false},"featured_media":76240,"template":"","meta":[],"product_brand":[],"product_cat":[1467,1461],"product_tag":[],"class_list":{"0":"post-19836","1":"product","2":"type-product","3":"status-publish","4":"has-post-thumbnail","6":"product_cat-jocuri-de-societate","7":"product_cat-jocuri-romanesti","8":"pa_brand-d_toys","9":"pa_country_of_manufacture-ro","10":"pa_filter_age-3_5","11":"pa_filter_age-5_7","12":"pa_filter_age-7_9","13":"pa_tip_ambalaj-cutie","15":"first","16":"instock","17":"taxable","18":"shipping-taxable","19":"product-type-simple"},"yoast_head":"<!-- This site is optimized with the Yoast SEO plugin v20.1 - https:\/\/yoast.com\/wordpress\/plugins\/seo\/ -->\n<title>Nu te sup\u0103ra frate<\/title>\n<meta name=\"description\" content=\"Nu te sup\u0103ra frate \u00cen edi\u021bia nou\u0103 a jocului clasic Nu te sup\u0103ra frate, tabla de joc are dou\u0103 fe\u021be pentru 2-4, respectiv 2-6 juc\u0103tori. Con\u021binut: 1 tabl\u0103 de joc cu dou\u0103 fe\u021be, 24 pioni, un zar, regulament de joc.\" \/>\n<meta name=\"robots\" content=\"index, follow, max-snippet:-1, max-image-preview:large, max-video-preview:-1\" \/>\n<link rel=\"canonical\" href=\"https:\/\/www.roovi.ro\/nu-te-supara-frate\/p\/\" \/>\n<meta property=\"og:locale\" content=\"ro_RO\" \/>\n<meta property=\"og:type\" content=\"article\" \/>\n<meta property=\"og:title\" content=\"Nu te sup\u0103ra frate\" \/>\n<meta property=\"og:description\" content=\"Nu te sup\u0103ra frate \u00cen edi\u021bia nou\u0103 a jocului clasic Nu te sup\u0103ra frate, tabla de joc are dou\u0103 fe\u021be pentru 2-4, respectiv 2-6 juc\u0103tori. Con\u021binut: 1 tabl\u0103 de joc cu dou\u0103 fe\u021be, 24 pioni, un zar, regulament de joc.\" \/>\n<meta property=\"og:url\" content=\"https:\/\/www.roovi.ro\/nu-te-supara-frate\/p\/\" \/>\n<meta property=\"og:site_name\" content=\"Roovi B2B\" \/>\n<meta property=\"article:publisher\" content=\"https:\/\/www.facebook.com\/wwwjucariero\" \/>\n<meta property=\"article:modified_time\" content=\"2025-03-11T09:27:37+00:00\" \/>\n<meta property=\"og:image\" content=\"https:\/\/business.roovi.com\/wp-content\/uploads\/2019\/04\/Nu-te-supara-Frate-Roovi_75543-x.jpg\" \/>\n\t<meta property=\"og:image:width\" content=\"1200\" \/>\n\t<meta property=\"og:image:height\" content=\"1200\" \/>\n\t<meta property=\"og:image:type\" content=\"image\/jpeg\" \/>\n<meta name=\"twitter:label1\" content=\"Timp estimat pentru citire\" \/>\n\t<meta name=\"twitter:data1\" content=\"2 minute\" \/>\n<script type=\"application\/ld+json\" class=\"yoast-schema-graph\">{\"@context\":\"https:\/\/schema.org\",\"@graph\":[{\"@type\":\"WebPage\",\"@id\":\"https:\/\/business.roovi.com\/ro\/nu-te-supara-frate\/p\/\",\"url\":\"https:\/\/www.roovi.ro\/nu-te-supara-frate\/p\/\",\"name\":\"Nu te sup\u0103ra frate\",\"isPartOf\":{\"@id\":\"https:\/\/business.roovi.com\/ro\/#website\"},\"datePublished\":\"2019-04-12T09:33:55+00:00\",\"dateModified\":\"2025-03-11T09:27:37+00:00\",\"description\":\"Nu te sup\u0103ra frate \u00cen edi\u021bia nou\u0103 a jocului clasic Nu te sup\u0103ra frate, tabla de joc are dou\u0103 fe\u021be pentru 2-4, respectiv 2-6 juc\u0103tori. Con\u021binut: 1 tabl\u0103 de joc cu dou\u0103 fe\u021be, 24 pioni, un zar, regulament de joc.\",\"breadcrumb\":{\"@id\":\"https:\/\/www.roovi.ro\/nu-te-supara-frate\/p\/#breadcrumb\"},\"inLanguage\":\"ro-RO\",\"potentialAction\":[{\"@type\":\"ReadAction\",\"target\":[\"https:\/\/www.roovi.ro\/nu-te-supara-frate\/p\/\"]}]},{\"@type\":\"BreadcrumbList\",\"@id\":\"https:\/\/www.roovi.ro\/nu-te-supara-frate\/p\/#breadcrumb\",\"itemListElement\":[{\"@type\":\"ListItem\",\"position\":1,\"name\":\"Home\",\"item\":\"https:\/\/business.roovi.com\/ro\/\"},{\"@type\":\"ListItem\",\"position\":2,\"name\":\"Magazin\",\"item\":\"https:\/\/business.roovi.com\/ro\/magazin\/\"},{\"@type\":\"ListItem\",\"position\":3,\"name\":\"Joc de societate clasic &#8211; Nu te sup\u0103ra frate\"}]},{\"@type\":\"WebSite\",\"@id\":\"https:\/\/business.roovi.com\/ro\/#website\",\"url\":\"https:\/\/business.roovi.com\/ro\/\",\"name\":\"Roovi B2B\",\"description\":\"Roovi Business Website\",\"potentialAction\":[{\"@type\":\"SearchAction\",\"target\":{\"@type\":\"EntryPoint\",\"urlTemplate\":\"https:\/\/business.roovi.com\/ro\/?s={search_term_string}\"},\"query-input\":\"required name=search_term_string\"}],\"inLanguage\":\"ro-RO\"}]}<\/script>\n<!-- \/ Yoast SEO plugin. -->","yoast_head_json":{"title":"Nu te sup\u0103ra frate","description":"Nu te sup\u0103ra frate \u00cen edi\u021bia nou\u0103 a jocului clasic Nu te sup\u0103ra frate, tabla de joc are dou\u0103 fe\u021be pentru 2-4, respectiv 2-6 juc\u0103tori. Con\u021binut: 1 tabl\u0103 de joc cu dou\u0103 fe\u021be, 24 pioni, un zar, regulament de joc.","robots":{"index":"index","follow":"follow","max-snippet":"max-snippet:-1","max-image-preview":"max-image-preview:large","max-video-preview":"max-video-preview:-1"},"canonical":"https:\/\/www.roovi.ro\/nu-te-supara-frate\/p\/","og_locale":"ro_RO","og_type":"article","og_title":"Nu te sup\u0103ra frate","og_description":"Nu te sup\u0103ra frate \u00cen edi\u021bia nou\u0103 a jocului clasic Nu te sup\u0103ra frate, tabla de joc are dou\u0103 fe\u021be pentru 2-4, respectiv 2-6 juc\u0103tori. Con\u021binut: 1 tabl\u0103 de joc cu dou\u0103 fe\u021be, 24 pioni, un zar, regulament de joc.","og_url":"https:\/\/www.roovi.ro\/nu-te-supara-frate\/p\/","og_site_name":"Roovi B2B","article_publisher":"https:\/\/www.facebook.com\/wwwjucariero","article_modified_time":"2025-03-11T09:27:37+00:00","og_image":[{"width":1200,"height":1200,"url":"https:\/\/business.roovi.com\/wp-content\/uploads\/2019\/04\/Nu-te-supara-Frate-Roovi_75543-x.jpg","type":"image\/jpeg"}],"twitter_misc":{"Timp estimat pentru citire":"2 minute"},"schema":{"@context":"https:\/\/schema.org","@graph":[{"@type":"WebPage","@id":"https:\/\/business.roovi.com\/ro\/nu-te-supara-frate\/p\/","url":"https:\/\/www.roovi.ro\/nu-te-supara-frate\/p\/","name":"Nu te sup\u0103ra frate","isPartOf":{"@id":"https:\/\/business.roovi.com\/ro\/#website"},"datePublished":"2019-04-12T09:33:55+00:00","dateModified":"2025-03-11T09:27:37+00:00","description":"Nu te sup\u0103ra frate \u00cen edi\u021bia nou\u0103 a jocului clasic Nu te sup\u0103ra frate, tabla de joc are dou\u0103 fe\u021be pentru 2-4, respectiv 2-6 juc\u0103tori. Con\u021binut: 1 tabl\u0103 de joc cu dou\u0103 fe\u021be, 24 pioni, un zar, regulament de joc.","breadcrumb":{"@id":"https:\/\/www.roovi.ro\/nu-te-supara-frate\/p\/#breadcrumb"},"inLanguage":"ro-RO","potentialAction":[{"@type":"ReadAction","target":["https:\/\/www.roovi.ro\/nu-te-supara-frate\/p\/"]}]},{"@type":"BreadcrumbList","@id":"https:\/\/www.roovi.ro\/nu-te-supara-frate\/p\/#breadcrumb","itemListElement":[{"@type":"ListItem","position":1,"name":"Home","item":"https:\/\/business.roovi.com\/ro\/"},{"@type":"ListItem","position":2,"name":"Magazin","item":"https:\/\/business.roovi.com\/ro\/magazin\/"},{"@type":"ListItem","position":3,"name":"Joc de societate clasic &#8211; Nu te sup\u0103ra frate"}]},{"@type":"WebSite","@id":"https:\/\/business.roovi.com\/ro\/#website","url":"https:\/\/business.roovi.com\/ro\/","name":"Roovi B2B","description":"Roovi Business Website","potentialAction":[{"@type":"SearchAction","target":{"@type":"EntryPoint","urlTemplate":"https:\/\/business.roovi.com\/ro\/?s={search_term_string}"},"query-input":"required name=search_term_string"}],"inLanguage":"ro-RO"}]}},"_links":{"self":[{"href":"https:\/\/business.roovi.com\/ro\/wp-json\/wp\/v2\/product\/19836","targetHints":{"allow":["GET"]}}],"collection":[{"href":"https:\/\/business.roovi.com\/ro\/wp-json\/wp\/v2\/product"}],"about":[{"href":"https:\/\/business.roovi.com\/ro\/wp-json\/wp\/v2\/types\/product"}],"version-history":[{"count":0,"href":"https:\/\/business.roovi.com\/ro\/wp-json\/wp\/v2\/product\/19836\/revisions"}],"wp:featuredmedia":[{"embeddable":true,"href":"https:\/\/business.roovi.com\/ro\/wp-json\/wp\/v2\/media\/76240"}],"wp:attachment":[{"href":"https:\/\/business.roovi.com\/ro\/wp-json\/wp\/v2\/media?parent=19836"}],"wp:term":[{"taxonomy":"product_brand","embeddable":true,"href":"https:\/\/business.roovi.com\/ro\/wp-json\/wp\/v2\/product_brand?post=19836"},{"taxonomy":"product_cat","embeddable":true,"href":"https:\/\/business.roovi.com\/ro\/wp-json\/wp\/v2\/product_cat?post=19836"},{"taxonomy":"product_tag","embeddable":true,"href":"https:\/\/business.roovi.com\/ro\/wp-json\/wp\/v2\/product_tag?post=19836"}],"curies":[{"name":"wp","href":"https:\/\/api.w.org\/{rel}","templated":true}]}}