{"id":19838,"date":"2019-04-12T10:29:23","date_gmt":"2019-04-12T10:29:23","guid":{"rendered":"https:\/\/business.roovi.com\/product\/pattern-puzzle-elephants-1000-piese\/"},"modified":"2025-03-19T07:23:40","modified_gmt":"2025-03-19T07:23:40","slug":"pattern-puzzle-elephants-1000-piese","status":"publish","type":"product","link":"https:\/\/business.roovi.com\/ro\/pattern-puzzle-elephants-1000-piese\/p\/","title":{"rendered":"Puzzle adul\u021bi 1000 piese &#8211; Elefan\u021bi"},"content":{"rendered":"<h3>Construie\u0219te amintiri de neuitat al\u0103turi de cei dragi complet\u00e2nd puzzle 1000 piese Pattern Elephants. Descoper\u0103 to\u021bi elefan\u021bii din superba ilustra\u021bie \u0219i alc\u0103tuie\u0219te un tablou vibrant, \u00een culori calde \u0219i armonioase.<\/h3>\n<p><span style=\"font-weight: 400;\">Puzzle 1000 piese modele cu elefan\u021bi \u00ee\u021bi creeaz\u0103 un amalgam de st\u0103ri pozitive. Cu mult\u0103 aten\u021bie la detaliile fine, artista <\/span><span style=\"font-weight: 400;\">D\u00e1vid-K\u00e1tai Eszter a a\u0219ezat \u00een tablou o mul\u021bime de elefan\u021bi colora\u021bi, fiecare av\u00e2nd caracteristici unice.<\/span><span style=\"font-weight: 400;\">\u00a0<\/span><\/p>\n<p><span style=\"font-weight: 400;\">Puzzle 1000 piese Pattern Elephants este o \u00eenc\u00e2ntare \u0219i o provocare pentru min\u021bile creative. Iar culorile luminoase \u0219i calde \u00ee\u021bi transmit o stare de bine \u0219i optimism. S\u0103 refaci tabloul devine astfel o activitate recreativ\u0103 \u0219i relaxant\u0103.<\/span><\/p>\n<p><span style=\"font-weight: 400;\">Elefantul semnific\u0103 for\u021ba, longevitatea \u0219i norocul. Dac\u0103 te atrage simbolistica acestui animal impun\u0103tor, tabloul din puzzle 1000 piese Pattern Elephants poate fi \u0219i un talisman norocos. Fie c\u0103 \u00ee\u021bi dore\u0219ti un obiect decorativ special, fie c\u0103 e\u0219ti un pasionat al jocurilor puzzle dornic s\u0103 \u00eencerce mereu ceva nou, puzzle adul\u021bi 1000 piese Elefan\u021bi nu trebuie s\u0103-\u021bi lipseasc\u0103 din colec\u021bia de jocuri puzzle.<\/span><\/p>\n<p><b>De ce s\u0103 alegi puzzle adul\u021bi 1000 piese Pattern Elephants?<\/b><\/p>\n<p><span style=\"font-weight: 400;\">Un puzzle 1000 piese este o modalitate relaxant\u0103 pentru a-\u021bi petrece timpul liber.<\/span><\/p>\n<p><span style=\"font-weight: 400;\">Ob\u021bii un tablou cu dimensiunile de<\/span><b> 68 x 47 cm<\/b><span style=\"font-weight: 400;\"> care poate fi transformat \u00eentr-o pies\u0103 fascinant\u0103 de decor.<\/span><\/p>\n<p><span style=\"font-weight: 400;\">Este produs din carton de calitate superioar\u0103, rezistent la asambl\u0103ri multiple.<\/span><\/p>\n<p><span style=\"font-weight: 400;\">Avem grij\u0103 de mediul \u00eenconjur\u0103tor \u0219i utiliz\u0103m \u00een producerea jocurilor puzzle doar materiale sustenabile \u0219i reciclabile.<\/span><\/p>\n<p><span style=\"font-weight: 400;\">Are finisaje semi-lucioase, iar culorile pl\u0103cute scot \u00een eviden\u021b\u0103 frumuse\u021bea imaginii.<\/span><\/p>\n<p><span style=\"font-weight: 400;\">Este potrivit persoanelor peste 14 ani \u0219i poate fi prilejul perfect pentru a-i introduce pe adolescen\u021bi \u00een lumea jocurilor puzzle.<\/span><\/p>\n<p><b>\u0218tiai c\u0103\u2026<\/b><\/p>\n<p><span style=\"font-weight: 400;\">Un elefant poate auzi sunetele scoase de un alt elefant de la o distan\u021b\u0103 de aproximativ 8 km.<\/span><\/p>\n<p><span style=\"font-weight: 400;\">Creierul unui elefant c\u00e2nt\u0103re\u0219te \u00een jur de 5 kilograme. Acest animal are o memorie uimitoare, de aici \u0219i expresia <\/span><i><span style=\"font-weight: 400;\">Memorie de elefant<\/span><\/i><span style=\"font-weight: 400;\">.<\/span><\/p>\n<p><span style=\"font-weight: 400;\">Elefantul are capacitatea de a\u00a0 imita diverse sunete pe care le aude \u00een natur\u0103: poate ciripi, fluiera \u0219i chiar\u2026 toarce.<\/span><\/p>\n<p><span style=\"font-weight: 400;\">Exist\u0103 un sortiment foarte scump de cafea extras\u0103 din excremente de elefant. Boabele de cafea sunt \u00eenghi\u021bite, digerate \u0219i eliminate de organismul elefan\u021bilor. Procesul de digestie suprim\u0103 am\u0103r\u0103ciunea cafelei care are \u0219i o arom\u0103 de iarb\u0103 \u0219i fructe.<\/span><\/p>\n<p><b>Puzzle 1000 piese Pattern Elephants faciliteaz\u0103 comunicarea dintre p\u0103rin\u021bi \u0219i copii<\/b><\/p>\n<p><span style=\"font-weight: 400;\">E\u0219ti p\u0103rinte de adolescent \u0219i nu \u0219ti cum s\u0103 abordezi un subiect dificil? Ia \u00een calcul puzzle 1000 piese modele cu elefan\u021bi pentru a deschide calea comunic\u0103rii. \u00cen timpul unei activit\u0103\u021bi relaxante, toat\u0103 echipa este deta\u0219at\u0103 \u0219i \u00ee\u0219i deschide sufletul mai u\u0219or. Astfel, po\u021bi conduce o discu\u021bie \u00een direc\u021bia dorit\u0103 sau \u00ee\u021bi po\u021bi \u00eent\u0103ri rela\u021bia cu copiii t\u0103i.<\/span><\/p>\n<p><span style=\"font-weight: 400;\">Puzzle adul\u021bi 1000 piese Pattern Elephants poate fi a\u0219adar instrument de comunicare, prilej de socializare sau reconectare cu tine \u00eensu\u021bi. Indiferent de felul \u00een care \u00eel utilizezi, este un joc puzzle minunat, cu beneficii garantate.<\/span><\/p>\n<p><span style=\"font-weight: 400;\">De asemenea, puzzle 1000 piese modele cu elefan\u021bi poate fi un cadou de excep\u021bie pe care s\u0103-l oferi familiei tale sau oric\u0103rui pasionat de jocuri puzzle din anturajul t\u0103u.<\/span><\/p>\n<p>&nbsp;<\/p>\n","protected":false},"excerpt":{"rendered":"<p>Construie\u0219te amintiri de neuitat al\u0103turi de cei dragi complet\u00e2nd puzzle 1000 piese Pattern Elephants. Descoper\u0103 to\u021bi elefan\u021bii din superba ilustra\u021bie<\/p>\n","protected":false},"featured_media":59292,"template":"","meta":[],"product_brand":[],"product_cat":[1454,1488,1560],"product_tag":[],"class_list":{"0":"post-19838","1":"product","2":"type-product","3":"status-publish","4":"has-post-thumbnail","6":"product_cat-puzzle","7":"product_cat-puzzle-adulti","8":"product_cat-puzzle-adulti-1000","9":"pa_brand-deico","10":"pa_country_of_manufacture-ro","11":"pa_filter_age-1315","12":"pa_tip_ambalaj-cutie","13":"pa_tip_puzzle-clasic","15":"first","16":"instock","17":"taxable","18":"shipping-taxable","19":"product-type-simple"},"yoast_head":"<!-- This site is optimized with the Yoast SEO plugin v20.1 - https:\/\/yoast.com\/wordpress\/plugins\/seo\/ -->\n<title>Pattern Puzzle - Elephants - 1000 piese<\/title>\n<meta name=\"robots\" content=\"index, follow, max-snippet:-1, max-image-preview:large, max-video-preview:-1\" \/>\n<link rel=\"canonical\" href=\"https:\/\/www.roovi.ro\/pattern-puzzle-elephants-1000-piese\/p\/\" \/>\n<meta property=\"og:locale\" content=\"ro_RO\" \/>\n<meta property=\"og:type\" content=\"article\" \/>\n<meta property=\"og:title\" content=\"Pattern Puzzle - Elephants - 1000 piese\" \/>\n<meta property=\"og:description\" content=\"Construie\u0219te amintiri de neuitat al\u0103turi de cei dragi complet\u00e2nd puzzle 1000 piese Pattern Elephants. Descoper\u0103 to\u021bi elefan\u021bii din superba ilustra\u021bie\" \/>\n<meta property=\"og:url\" content=\"https:\/\/www.roovi.ro\/pattern-puzzle-elephants-1000-piese\/p\/\" \/>\n<meta property=\"og:site_name\" content=\"Roovi B2B\" \/>\n<meta property=\"article:publisher\" content=\"https:\/\/www.facebook.com\/wwwjucariero\" \/>\n<meta property=\"article:modified_time\" content=\"2025-03-19T07:23:40+00:00\" \/>\n<meta property=\"og:image\" content=\"https:\/\/business.roovi.com\/wp-content\/uploads\/2019\/04\/75437-Ansamblu_dimensiuni-cutie-cm_vertical-2.png\" \/>\n\t<meta property=\"og:image:width\" content=\"1200\" \/>\n\t<meta property=\"og:image:height\" content=\"1200\" \/>\n\t<meta property=\"og:image:type\" content=\"image\/png\" \/>\n<meta name=\"twitter:label1\" content=\"Timp estimat pentru citire\" \/>\n\t<meta name=\"twitter:data1\" content=\"3 minute\" \/>\n<script type=\"application\/ld+json\" class=\"yoast-schema-graph\">{\"@context\":\"https:\/\/schema.org\",\"@graph\":[{\"@type\":\"WebPage\",\"@id\":\"https:\/\/business.roovi.com\/ro\/pattern-puzzle-elephants-1000-piese\/p\/\",\"url\":\"https:\/\/www.roovi.ro\/pattern-puzzle-elephants-1000-piese\/p\/\",\"name\":\"Pattern Puzzle - Elephants - 1000 piese\",\"isPartOf\":{\"@id\":\"https:\/\/business.roovi.com\/ro\/#website\"},\"datePublished\":\"2019-04-12T10:29:23+00:00\",\"dateModified\":\"2025-03-19T07:23:40+00:00\",\"breadcrumb\":{\"@id\":\"https:\/\/www.roovi.ro\/pattern-puzzle-elephants-1000-piese\/p\/#breadcrumb\"},\"inLanguage\":\"ro-RO\",\"potentialAction\":[{\"@type\":\"ReadAction\",\"target\":[\"https:\/\/www.roovi.ro\/pattern-puzzle-elephants-1000-piese\/p\/\"]}]},{\"@type\":\"BreadcrumbList\",\"@id\":\"https:\/\/www.roovi.ro\/pattern-puzzle-elephants-1000-piese\/p\/#breadcrumb\",\"itemListElement\":[{\"@type\":\"ListItem\",\"position\":1,\"name\":\"Home\",\"item\":\"https:\/\/business.roovi.com\/ro\/\"},{\"@type\":\"ListItem\",\"position\":2,\"name\":\"Magazin\",\"item\":\"https:\/\/business.roovi.com\/ro\/magazin\/\"},{\"@type\":\"ListItem\",\"position\":3,\"name\":\"Puzzle adul\u021bi 1000 piese &#8211; Elefan\u021bi\"}]},{\"@type\":\"WebSite\",\"@id\":\"https:\/\/business.roovi.com\/ro\/#website\",\"url\":\"https:\/\/business.roovi.com\/ro\/\",\"name\":\"Roovi B2B\",\"description\":\"Roovi Business Website\",\"potentialAction\":[{\"@type\":\"SearchAction\",\"target\":{\"@type\":\"EntryPoint\",\"urlTemplate\":\"https:\/\/business.roovi.com\/ro\/?s={search_term_string}\"},\"query-input\":\"required name=search_term_string\"}],\"inLanguage\":\"ro-RO\"}]}<\/script>\n<!-- \/ Yoast SEO plugin. -->","yoast_head_json":{"title":"Pattern Puzzle - Elephants - 1000 piese","robots":{"index":"index","follow":"follow","max-snippet":"max-snippet:-1","max-image-preview":"max-image-preview:large","max-video-preview":"max-video-preview:-1"},"canonical":"https:\/\/www.roovi.ro\/pattern-puzzle-elephants-1000-piese\/p\/","og_locale":"ro_RO","og_type":"article","og_title":"Pattern Puzzle - Elephants - 1000 piese","og_description":"Construie\u0219te amintiri de neuitat al\u0103turi de cei dragi complet\u00e2nd puzzle 1000 piese Pattern Elephants. Descoper\u0103 to\u021bi elefan\u021bii din superba ilustra\u021bie","og_url":"https:\/\/www.roovi.ro\/pattern-puzzle-elephants-1000-piese\/p\/","og_site_name":"Roovi B2B","article_publisher":"https:\/\/www.facebook.com\/wwwjucariero","article_modified_time":"2025-03-19T07:23:40+00:00","og_image":[{"width":1200,"height":1200,"url":"https:\/\/business.roovi.com\/wp-content\/uploads\/2019\/04\/75437-Ansamblu_dimensiuni-cutie-cm_vertical-2.png","type":"image\/png"}],"twitter_misc":{"Timp estimat pentru citire":"3 minute"},"schema":{"@context":"https:\/\/schema.org","@graph":[{"@type":"WebPage","@id":"https:\/\/business.roovi.com\/ro\/pattern-puzzle-elephants-1000-piese\/p\/","url":"https:\/\/www.roovi.ro\/pattern-puzzle-elephants-1000-piese\/p\/","name":"Pattern Puzzle - Elephants - 1000 piese","isPartOf":{"@id":"https:\/\/business.roovi.com\/ro\/#website"},"datePublished":"2019-04-12T10:29:23+00:00","dateModified":"2025-03-19T07:23:40+00:00","breadcrumb":{"@id":"https:\/\/www.roovi.ro\/pattern-puzzle-elephants-1000-piese\/p\/#breadcrumb"},"inLanguage":"ro-RO","potentialAction":[{"@type":"ReadAction","target":["https:\/\/www.roovi.ro\/pattern-puzzle-elephants-1000-piese\/p\/"]}]},{"@type":"BreadcrumbList","@id":"https:\/\/www.roovi.ro\/pattern-puzzle-elephants-1000-piese\/p\/#breadcrumb","itemListElement":[{"@type":"ListItem","position":1,"name":"Home","item":"https:\/\/business.roovi.com\/ro\/"},{"@type":"ListItem","position":2,"name":"Magazin","item":"https:\/\/business.roovi.com\/ro\/magazin\/"},{"@type":"ListItem","position":3,"name":"Puzzle adul\u021bi 1000 piese &#8211; Elefan\u021bi"}]},{"@type":"WebSite","@id":"https:\/\/business.roovi.com\/ro\/#website","url":"https:\/\/business.roovi.com\/ro\/","name":"Roovi B2B","description":"Roovi Business Website","potentialAction":[{"@type":"SearchAction","target":{"@type":"EntryPoint","urlTemplate":"https:\/\/business.roovi.com\/ro\/?s={search_term_string}"},"query-input":"required name=search_term_string"}],"inLanguage":"ro-RO"}]}},"_links":{"self":[{"href":"https:\/\/business.roovi.com\/ro\/wp-json\/wp\/v2\/product\/19838","targetHints":{"allow":["GET"]}}],"collection":[{"href":"https:\/\/business.roovi.com\/ro\/wp-json\/wp\/v2\/product"}],"about":[{"href":"https:\/\/business.roovi.com\/ro\/wp-json\/wp\/v2\/types\/product"}],"version-history":[{"count":0,"href":"https:\/\/business.roovi.com\/ro\/wp-json\/wp\/v2\/product\/19838\/revisions"}],"wp:featuredmedia":[{"embeddable":true,"href":"https:\/\/business.roovi.com\/ro\/wp-json\/wp\/v2\/media\/59292"}],"wp:attachment":[{"href":"https:\/\/business.roovi.com\/ro\/wp-json\/wp\/v2\/media?parent=19838"}],"wp:term":[{"taxonomy":"product_brand","embeddable":true,"href":"https:\/\/business.roovi.com\/ro\/wp-json\/wp\/v2\/product_brand?post=19838"},{"taxonomy":"product_cat","embeddable":true,"href":"https:\/\/business.roovi.com\/ro\/wp-json\/wp\/v2\/product_cat?post=19838"},{"taxonomy":"product_tag","embeddable":true,"href":"https:\/\/business.roovi.com\/ro\/wp-json\/wp\/v2\/product_tag?post=19838"}],"curies":[{"name":"wp","href":"https:\/\/api.w.org\/{rel}","templated":true}]}}