{"id":19839,"date":"2019-04-12T11:10:48","date_gmt":"2019-04-12T11:10:48","guid":{"rendered":"https:\/\/business.roovi.com\/product\/pattern-puzzle-owls-1000-piese\/"},"modified":"2025-03-19T07:24:34","modified_gmt":"2025-03-19T07:24:34","slug":"puzzle-adulti-1000-piese-pattern-owls-bufnite-2","status":"publish","type":"product","link":"https:\/\/business.roovi.com\/ro\/puzzle-adulti-1000-piese-pattern-owls-bufnite-2\/p\/","title":{"rendered":"Puzzle adulti 1000 piese &#8211; Pattern Owls \/ Bufnite"},"content":{"rendered":"<h3><span style=\"font-weight: 400;\">E\u0219ti un \u00eemp\u0103timit al jocurilor puzzle \u0219i vrei ceva cu adev\u0103rat provocator? Descoper\u0103 colec\u021bia Pattern puzzles \u0219i selecteaz\u0103 modele cu imagini complexe care \u00ee\u021bi vor testa \u00eendem\u00e2narea \u0219i aten\u021bia la detalii.<\/span><\/h3>\n<p><span style=\"font-weight: 400;\">Pattern puzzle Owls este un puzzle 1000 piese care celebreaz\u0103 enigmatica creatur\u0103 care este bufni\u021ba. Imaginea cu ilustra\u021bii inedite \u00eenf\u0103\u021bi\u0219\u00e2nd zeci de bufni\u021be \u00een diverse ipostaze \u0219i multe detalii coloristice superbe este crea\u021bia artistei D\u00e1vid-K\u00e1tai Eszter.<\/span><\/p>\n<p><span style=\"font-weight: 400;\">Dac\u0103 e\u0219ti familiarizat cu simbolistica acestei misterioase p\u0103s\u0103ri de noapte, vei aprecia \u0219i mai mult acest tablou cu design spectaculos care va scoate din anonimat un loc f\u0103r\u0103 personalitate din casa ta.<\/span><\/p>\n<p><span style=\"font-weight: 400;\">Pentru a reface imaginea din 1000 piese puzzle \u0219i a te bucura de splendoarea coloristic\u0103 din acest tablou, po\u021bi utiliza o m\u0103su\u021b\u0103 de cafea obi\u0219nuit\u0103 ca suport pentru piese. Tabloul rezultat are dimensiunile de 50 x 70 cm \u0219i arat\u0103 superb \u00een ram\u0103.<\/span><\/p>\n<p><span style=\"font-weight: 400;\">Alte detalii despre puzzle 1000 piese modele cu bufni\u021be g\u0103se\u0219ti mai jos:<\/span><\/p>\n<h3><strong>Material puzzle:\u00a0<\/strong><\/h3>\n<p><strong>carton albastru de o calitate superioar\u0103<\/strong><\/p>\n<p><strong>materiale sustenabile, reciclabile<\/strong><\/p>\n<p><strong>finisaj semi-lucios, culori vii<\/strong><\/p>\n<p><strong>Num\u0103rul pieselor de puzzle: 1000<\/strong><\/p>\n<p><strong>V\u00e2rsta recomandat\u0103: 14+<\/strong><\/p>\n<p><span style=\"font-weight: 400;\">Jocurile puzzle sunt o modalitate excelent\u0103 pentru a-\u021bi dezvolta multiple abilit\u0103\u021bi:<\/span><\/p>\n<ul>\n<li><span style=\"font-weight: 400;\">Memoria pe termen scurt<\/span><\/li>\n<li><span style=\"font-weight: 400;\">R\u0103bdarea<\/span><\/li>\n<li><span style=\"font-weight: 400;\">Aten\u021bia la detalii<\/span><\/li>\n<li><span style=\"font-weight: 400;\">Perseveren\u021ba<\/span><\/li>\n<li><span style=\"font-weight: 400;\">Motricitatea fin\u0103<\/span><\/li>\n<li><span style=\"font-weight: 400;\">G\u00e2ndirea logic\u0103<\/span><\/li>\n<\/ul>\n<h3><strong>De ce s\u0103 alegi puzzle 1000 piese modele cu bufni\u021be colorate?<\/strong><\/h3>\n<p><span style=\"font-weight: 400;\">Este o provocare pentru mintea ta \u0219i o modalitate nemaipomenit\u0103 de relaxare.<\/span><\/p>\n<p><span style=\"font-weight: 400;\">Ai ocazia s\u0103 fii creatorul unui tablou uimitor pe care \u00eel po\u021bi folosi ca pe un obiect decorativ deosebit.<\/span><\/p>\n<p><span style=\"font-weight: 400;\">Po\u021bi reface imaginea din puzzle 1000 bufni\u021be al\u0103turi de copii av\u00e2nd astfel \u0219ansa de a petrece timp \u00eempreun\u0103 cu ace\u0219tia.<\/span><\/p>\n<p><span style=\"font-weight: 400;\">Este un prilej pentru a-\u021bi dezvolta dexteritatea \u0219i de a-\u021bi men\u021bine coordonarea.<\/span><\/p>\n<p><span style=\"font-weight: 400;\">Este unul dintre cele mai bune exerci\u021bii care men\u021bin s\u0103n\u0103tatea mental\u0103 \u0219i te protejeaz\u0103 de bolile neurodegenerative.<\/span><\/p>\n<h3><strong>Simbolul bufni\u021bei \u00een diverse culturi<\/strong><\/h3>\n<ul>\n<li><span style=\"font-weight: 400;\">\u00cen cultura greac\u0103 bufni\u021ba reprezenta \u00een\u021belepciunea sufletului.<\/span><\/li>\n<li><span style=\"font-weight: 400;\">\u00cen cultura chinez\u0103, bufni\u021ba \u00eentruchipa principiul masculin <\/span><em><span style=\"font-weight: 400;\">yang<\/span><\/em><span style=\"font-weight: 400;\">.<\/span><\/li>\n<li><span style=\"font-weight: 400;\">Amerindienii o considerau ocrotitoarea destinului.<\/span><\/li>\n<li><span style=\"font-weight: 400;\">La egipteni, un zeu cu \u00eenf\u0103\u021bi\u0219are de bufni\u021b\u0103 era p\u0103zitorul sufletelor celor deceda\u021bi care le ajuta s\u0103 treac\u0103 \u00eentr-un alt plan de existen\u021b\u0103.<\/span><\/li>\n<li><span style=\"font-weight: 400;\">\u00cen Feng Shui, bufni\u021ba este asociat\u0103 bun\u0103st\u0103rii \u0219i confortului.<\/span><\/li>\n<\/ul>\n<h3><strong>Puzzle 1000 piese modele cu bufni\u021be pentru o experien\u021b\u0103 meditativ\u0103<\/strong><\/h3>\n<p><span style=\"font-weight: 400;\">Efectele pe care o sesiune de puzzle le are asupra min\u021bii umane sunt asem\u0103n\u0103toare cu cele ale unei medita\u021bii profunde. Datorit\u0103 st\u0103rii de concentrare intens\u0103, \u00een timpul jocului puzzle de creeaz\u0103 un echilibru \u00eentre corpul ra\u021bional \u0219i cel emo\u021bional astfel c\u0103 ajungi s\u0103 tr\u0103ie\u0219ti intens momentul prezent \u0219i s\u0103 te bucuri de o experien\u021b\u0103 de relaxare uimitoare.<\/span><\/p>\n<p><span style=\"font-weight: 400;\">Ca urmare, sesizezi multiple beneficii, precum:<\/span><\/p>\n<ul>\n<li><span style=\"font-weight: 400;\">Eliberarea de stres.<\/span><\/li>\n<li><span style=\"font-weight: 400;\">Gestionarea cu facilitate a st\u0103rilor anxioase.<\/span><\/li>\n<li><span style=\"font-weight: 400;\">\u00cembun\u0103t\u0103\u021birea somnului prin combaterea insomniilor.<\/span><\/li>\n<li><span style=\"font-weight: 400;\">\u00cembun\u0103t\u0103\u021birea st\u0103rii generale de spirit.<\/span><\/li>\n<li><span style=\"font-weight: 400;\">Experimentarea unei senza\u021bii pl\u0103cute de lini\u0219te mental\u0103 \u0219i optimism.\u00a0<\/span><\/li>\n<\/ul>\n<p><span style=\"font-weight: 400;\">Dac\u0103 vrei s\u0103 te bucuri de pasiunea pentru jocurile puzzle \u0219i s\u0103 experimentezi toate aceste st\u0103ri de bine, alege puzzle 1000 piese Pattern Owls \/ Bufni\u021be. Odat\u0103 ce ai ref\u0103cut aceast\u0103 imagine \u00een culori vibrante vei dori s\u0103 \u00eencerci \u0219i alte modele din colec\u021bia Pattern puzzle 1000 piese. Descoper\u0103 imaginile de excep\u021bie \u0219i creeaz\u0103-\u021bi o colec\u021bie inedit\u0103 cu tablouri din jocuri puzzle.<\/span><\/p>\n","protected":false},"excerpt":{"rendered":"<p>E\u0219ti un \u00eemp\u0103timit al jocurilor puzzle \u0219i vrei ceva cu adev\u0103rat provocator? Descoper\u0103 colec\u021bia Pattern puzzles \u0219i selecteaz\u0103 modele cu<\/p>\n","protected":false},"featured_media":59494,"template":"","meta":[],"product_brand":[],"product_cat":[1454,1488,1560],"product_tag":[],"class_list":{"0":"post-19839","1":"product","2":"type-product","3":"status-publish","4":"has-post-thumbnail","6":"product_cat-puzzle","7":"product_cat-puzzle-adulti","8":"product_cat-puzzle-adulti-1000","9":"pa_brand-deico","10":"pa_country_of_manufacture-ro","11":"pa_filter_age-1315","12":"pa_tip_ambalaj-cutie","13":"pa_tip_puzzle-clasic","15":"first","16":"instock","17":"taxable","18":"shipping-taxable","19":"product-type-simple"},"yoast_head":"<!-- This site is optimized with the Yoast SEO plugin v20.1 - https:\/\/yoast.com\/wordpress\/plugins\/seo\/ -->\n<title>Pattern Puzzle - Owls - 1000 piese<\/title>\n<meta name=\"robots\" content=\"index, follow, max-snippet:-1, max-image-preview:large, max-video-preview:-1\" \/>\n<link rel=\"canonical\" href=\"https:\/\/www.roovi.ro\/puzzle-adulti-1000-piese-pattern-owls-bufnite-2\/p\/\" \/>\n<meta property=\"og:locale\" content=\"ro_RO\" \/>\n<meta property=\"og:type\" content=\"article\" \/>\n<meta property=\"og:title\" content=\"Pattern Puzzle - Owls - 1000 piese\" \/>\n<meta property=\"og:description\" content=\"E\u0219ti un \u00eemp\u0103timit al jocurilor puzzle \u0219i vrei ceva cu adev\u0103rat provocator? Descoper\u0103 colec\u021bia Pattern puzzles \u0219i selecteaz\u0103 modele cu\" \/>\n<meta property=\"og:url\" content=\"https:\/\/www.roovi.ro\/puzzle-adulti-1000-piese-pattern-owls-bufnite-2\/p\/\" \/>\n<meta property=\"og:site_name\" content=\"Roovi B2B\" \/>\n<meta property=\"article:publisher\" content=\"https:\/\/www.facebook.com\/wwwjucariero\" \/>\n<meta property=\"article:modified_time\" content=\"2025-03-19T07:24:34+00:00\" \/>\n<meta property=\"og:image\" content=\"https:\/\/business.roovi.com\/wp-content\/uploads\/2019\/04\/76014-Ansamblu_dimensiuni-cutie-cm_vertical.png\" \/>\n\t<meta property=\"og:image:width\" content=\"1200\" \/>\n\t<meta property=\"og:image:height\" content=\"1200\" \/>\n\t<meta property=\"og:image:type\" content=\"image\/png\" \/>\n<meta name=\"twitter:label1\" content=\"Timp estimat pentru citire\" \/>\n\t<meta name=\"twitter:data1\" content=\"3 minute\" \/>\n<script type=\"application\/ld+json\" class=\"yoast-schema-graph\">{\"@context\":\"https:\/\/schema.org\",\"@graph\":[{\"@type\":\"WebPage\",\"@id\":\"https:\/\/business.roovi.com\/ro\/puzzle-adulti-1000-piese-pattern-owls-bufnite-2\/p\/\",\"url\":\"https:\/\/www.roovi.ro\/puzzle-adulti-1000-piese-pattern-owls-bufnite-2\/p\/\",\"name\":\"Pattern Puzzle - Owls - 1000 piese\",\"isPartOf\":{\"@id\":\"https:\/\/business.roovi.com\/ro\/#website\"},\"datePublished\":\"2019-04-12T11:10:48+00:00\",\"dateModified\":\"2025-03-19T07:24:34+00:00\",\"breadcrumb\":{\"@id\":\"https:\/\/www.roovi.ro\/puzzle-adulti-1000-piese-pattern-owls-bufnite-2\/p\/#breadcrumb\"},\"inLanguage\":\"ro-RO\",\"potentialAction\":[{\"@type\":\"ReadAction\",\"target\":[\"https:\/\/www.roovi.ro\/puzzle-adulti-1000-piese-pattern-owls-bufnite-2\/p\/\"]}]},{\"@type\":\"BreadcrumbList\",\"@id\":\"https:\/\/www.roovi.ro\/puzzle-adulti-1000-piese-pattern-owls-bufnite-2\/p\/#breadcrumb\",\"itemListElement\":[{\"@type\":\"ListItem\",\"position\":1,\"name\":\"Home\",\"item\":\"https:\/\/business.roovi.com\/ro\/\"},{\"@type\":\"ListItem\",\"position\":2,\"name\":\"Magazin\",\"item\":\"https:\/\/business.roovi.com\/ro\/magazin\/\"},{\"@type\":\"ListItem\",\"position\":3,\"name\":\"Puzzle adulti 1000 piese &#8211; Pattern Owls \/ Bufnite\"}]},{\"@type\":\"WebSite\",\"@id\":\"https:\/\/business.roovi.com\/ro\/#website\",\"url\":\"https:\/\/business.roovi.com\/ro\/\",\"name\":\"Roovi B2B\",\"description\":\"Roovi Business Website\",\"potentialAction\":[{\"@type\":\"SearchAction\",\"target\":{\"@type\":\"EntryPoint\",\"urlTemplate\":\"https:\/\/business.roovi.com\/ro\/?s={search_term_string}\"},\"query-input\":\"required name=search_term_string\"}],\"inLanguage\":\"ro-RO\"}]}<\/script>\n<!-- \/ Yoast SEO plugin. -->","yoast_head_json":{"title":"Pattern Puzzle - Owls - 1000 piese","robots":{"index":"index","follow":"follow","max-snippet":"max-snippet:-1","max-image-preview":"max-image-preview:large","max-video-preview":"max-video-preview:-1"},"canonical":"https:\/\/www.roovi.ro\/puzzle-adulti-1000-piese-pattern-owls-bufnite-2\/p\/","og_locale":"ro_RO","og_type":"article","og_title":"Pattern Puzzle - Owls - 1000 piese","og_description":"E\u0219ti un \u00eemp\u0103timit al jocurilor puzzle \u0219i vrei ceva cu adev\u0103rat provocator? Descoper\u0103 colec\u021bia Pattern puzzles \u0219i selecteaz\u0103 modele cu","og_url":"https:\/\/www.roovi.ro\/puzzle-adulti-1000-piese-pattern-owls-bufnite-2\/p\/","og_site_name":"Roovi B2B","article_publisher":"https:\/\/www.facebook.com\/wwwjucariero","article_modified_time":"2025-03-19T07:24:34+00:00","og_image":[{"width":1200,"height":1200,"url":"https:\/\/business.roovi.com\/wp-content\/uploads\/2019\/04\/76014-Ansamblu_dimensiuni-cutie-cm_vertical.png","type":"image\/png"}],"twitter_misc":{"Timp estimat pentru citire":"3 minute"},"schema":{"@context":"https:\/\/schema.org","@graph":[{"@type":"WebPage","@id":"https:\/\/business.roovi.com\/ro\/puzzle-adulti-1000-piese-pattern-owls-bufnite-2\/p\/","url":"https:\/\/www.roovi.ro\/puzzle-adulti-1000-piese-pattern-owls-bufnite-2\/p\/","name":"Pattern Puzzle - Owls - 1000 piese","isPartOf":{"@id":"https:\/\/business.roovi.com\/ro\/#website"},"datePublished":"2019-04-12T11:10:48+00:00","dateModified":"2025-03-19T07:24:34+00:00","breadcrumb":{"@id":"https:\/\/www.roovi.ro\/puzzle-adulti-1000-piese-pattern-owls-bufnite-2\/p\/#breadcrumb"},"inLanguage":"ro-RO","potentialAction":[{"@type":"ReadAction","target":["https:\/\/www.roovi.ro\/puzzle-adulti-1000-piese-pattern-owls-bufnite-2\/p\/"]}]},{"@type":"BreadcrumbList","@id":"https:\/\/www.roovi.ro\/puzzle-adulti-1000-piese-pattern-owls-bufnite-2\/p\/#breadcrumb","itemListElement":[{"@type":"ListItem","position":1,"name":"Home","item":"https:\/\/business.roovi.com\/ro\/"},{"@type":"ListItem","position":2,"name":"Magazin","item":"https:\/\/business.roovi.com\/ro\/magazin\/"},{"@type":"ListItem","position":3,"name":"Puzzle adulti 1000 piese &#8211; Pattern Owls \/ Bufnite"}]},{"@type":"WebSite","@id":"https:\/\/business.roovi.com\/ro\/#website","url":"https:\/\/business.roovi.com\/ro\/","name":"Roovi B2B","description":"Roovi Business Website","potentialAction":[{"@type":"SearchAction","target":{"@type":"EntryPoint","urlTemplate":"https:\/\/business.roovi.com\/ro\/?s={search_term_string}"},"query-input":"required name=search_term_string"}],"inLanguage":"ro-RO"}]}},"_links":{"self":[{"href":"https:\/\/business.roovi.com\/ro\/wp-json\/wp\/v2\/product\/19839","targetHints":{"allow":["GET"]}}],"collection":[{"href":"https:\/\/business.roovi.com\/ro\/wp-json\/wp\/v2\/product"}],"about":[{"href":"https:\/\/business.roovi.com\/ro\/wp-json\/wp\/v2\/types\/product"}],"version-history":[{"count":0,"href":"https:\/\/business.roovi.com\/ro\/wp-json\/wp\/v2\/product\/19839\/revisions"}],"wp:featuredmedia":[{"embeddable":true,"href":"https:\/\/business.roovi.com\/ro\/wp-json\/wp\/v2\/media\/59494"}],"wp:attachment":[{"href":"https:\/\/business.roovi.com\/ro\/wp-json\/wp\/v2\/media?parent=19839"}],"wp:term":[{"taxonomy":"product_brand","embeddable":true,"href":"https:\/\/business.roovi.com\/ro\/wp-json\/wp\/v2\/product_brand?post=19839"},{"taxonomy":"product_cat","embeddable":true,"href":"https:\/\/business.roovi.com\/ro\/wp-json\/wp\/v2\/product_cat?post=19839"},{"taxonomy":"product_tag","embeddable":true,"href":"https:\/\/business.roovi.com\/ro\/wp-json\/wp\/v2\/product_tag?post=19839"}],"curies":[{"name":"wp","href":"https:\/\/api.w.org\/{rel}","templated":true}]}}