{"id":19840,"date":"2019-04-12T12:04:04","date_gmt":"2019-04-12T12:04:04","guid":{"rendered":"https:\/\/business.roovi.com\/product\/nature-puzzle-aquatic-1000-piese\/"},"modified":"2023-03-20T21:34:21","modified_gmt":"2023-03-20T21:34:21","slug":"puzzle-adulti-1000-piese-nature-aquatic","status":"publish","type":"product","link":"https:\/\/business.roovi.com\/ro\/puzzle-adulti-1000-piese-nature-aquatic\/p\/","title":{"rendered":"Puzzle adulti 1000 piese Nature &#8211; Aquatic"},"content":{"rendered":"<p><strong><em>Experimenteaz\u0103 multe ore de distrac\u021bie \u0219i relaxare cu puzzle 1000 piese Nature &#8211; Aquatic. O lume acvatic\u0103 diferit\u0103, \u00eentr-o ilustra\u021bie original\u0103 te surprinde \u00eentr-un joc puzzle cu design deosebit.<\/em><\/strong><\/p>\n<p><span style=\"font-weight: 400;\">Dac\u0103 e\u0219ti \u00een c\u0103utarea unui puzzle 1000 piese original, cu o imagine diferit\u0103 de tot ceea ce ai asamblat p\u00e2n\u0103 acum, ai ajuns la locul potrivit. Puzzle adul\u021bi Aquatic din colec\u021bia puzzle 1000 piese Nature red\u0103 o ilustra\u021bie inedit\u0103 cu o lume acvatic\u0103 imaginat\u0103 de artista <\/span><span style=\"font-weight: 400;\">D\u00e1vid-K\u00e1tai Eszter.<\/span><\/p>\n<p><span style=\"font-weight: 400;\">Multe detalii f\u0103urite cu m\u0103iestrie: plante, pe\u0219ti \u0219i alte vie\u021buitoare marine, \u00een culori pl\u0103cute, vii \u00ee\u021bi capteaz\u0103 aten\u021bia pentru un timp \u00eendelungat \u0219i te provoac\u0103 s\u0103 \u00ee\u021bi ar\u0103\u021bi iscusin\u021ba \u00een jocurile puzzle. Dac\u0103 vrei s\u0103 petreci c\u00e2teva ore minunate al\u0103turi de copiii t\u0103i, ia \u00een calcul acest joc puzzle ce cu siguran\u021b\u0103 \u00eei va \u00eenc\u00e2nta peste m\u0103sur\u0103.<\/span><\/p>\n<p><span style=\"font-weight: 400;\">Pentru suportul pieselor, po\u021bi utiliza o m\u0103su\u021b\u0103 standard de cafea. La final, vei ob\u021bine un tablou cu dimensiunile de <strong>47 x 68 cm<\/strong>. Pune-l \u00een ram\u0103 \u0219i folose\u0219te-l ca obiect decorativ.\u00a0<\/span><\/p>\n<p><strong>Caracteristici puzzle 1000 piese Nature &#8211; Aquatic:<\/strong><\/p>\n<p><strong>Material puzzle:\u00a0<\/strong><\/p>\n<p><strong>carton albastru de o calitate superioar\u0103<\/strong><\/p>\n<p><strong>materiale sustenabile, reciclabile<\/strong><\/p>\n<p><strong>finisaj semi-lucios, culori vii<\/strong><\/p>\n<p><strong>Num\u0103rul pieselor de puzzle: 1000<\/strong><\/p>\n<p><strong>V\u00e2rsta recomandat\u0103: 14+<\/strong><\/p>\n<p><strong>\u0218tiai c\u0103\u2026<\/strong><\/p>\n<p><span style=\"font-weight: 400;\">Jocurile puzzle sunt un antrenament pre\u021bios pentru creier. Implic\u0103 at\u00e2t emisfera cerebral\u0103 dreapt\u0103, c\u00e2t \u0219i pe cea st\u00e2ng\u0103. A\u0219adar, g\u00e2nde\u0219ti analitic \u0219i \u00een acela\u0219i timp, \u00ee\u021bi dezvol\u021bi creativitatea. \u00cen plus, datorit\u0103 faptului c\u0103 \u00ee\u021bi men\u021bine creierul activ la orice v\u00e2rst\u0103, te protejeaz\u0103 de bolile neurodegenerative precum Alzheimer sau demen\u021b\u0103.<\/span><\/p>\n<p><span style=\"font-weight: 400;\">\u00cen timpul jocului puzzle, la nivel cerebral se secret\u0103 mai mult\u0103 dopamin\u0103. Acest neurotransmi\u021b\u0103tor este responsabil de stare de bine, optimism \u0219i fericire.<\/span><\/p>\n<p><span style=\"font-weight: 400;\">Jocurile puzzle \u00ee\u021bi ofer\u0103 \u0219i multe alte beneficii care se reflect\u0103 pe mai multe planuri:<\/span><\/p>\n<ul>\n<li><span style=\"font-weight: 400;\">\u00ce\u021bi cultiv\u0103 aten\u021bia \u0219i r\u0103bdarea.<\/span><\/li>\n<li><span style=\"font-weight: 400;\">\u00cembun\u0103t\u0103\u021besc abilit\u0103\u021bile vizual spa\u021biale \u0219i capacitatea de coordonare.<\/span><\/li>\n<li><span style=\"font-weight: 400;\">\u00ce\u021bi dezvolt\u0103 abilitatea de a rezolva probleme.<\/span><\/li>\n<li><span style=\"font-weight: 400;\">Te ajut\u0103 s\u0103 te concentrezi mai bine \u0219i s\u0103-\u021bi cre\u0219ti productivitatea.<\/span><\/li>\n<li><span style=\"font-weight: 400;\">Favorizeaz\u0103 cooperarea \u0219i lucrul \u00een echip\u0103.<\/span><\/li>\n<\/ul>\n<p><strong>Puzzle 1000 piese Nature &#8211; Aquatic alung\u0103 monotonia zilelor cu vreme rea<\/strong><\/p>\n<p><span style=\"font-weight: 400;\">Soarele st\u0103 ascuns dup\u0103 nori \u0219i nu prea \u00ee\u021bi vine s\u0103 ie\u0219i din cas\u0103? Asambleaz\u0103 puzzle 1000 piese Nature &#8211; Aquatic \u0219i d\u0103 valoare timpului t\u0103u liber. Cheam\u0103-\u021bi prietenii \u0219i construi\u021bi \u00eempreun\u0103 un tablou minunat, precum \u0219i multe amintiri de neuitat.<\/span><\/p>\n<p><span style=\"font-weight: 400;\">Alege a\u0219adar puzzle adul\u021bi 1000 piese <\/span><span style=\"font-weight: 400;\">Nature &#8211; Aquatic pentru a sparge monotonia zilelor friguroase sau pentru a petrece timp de calitate al\u0103turi de cei dragi. De asemenea, dac\u0103 e\u0219ti \u00een c\u0103utarea unui cadou care s\u0103 surprind\u0103 pl\u0103cut un prieten, acest joc puzzle cu design deosebit este op\u021biunea perfect\u0103.<\/span><\/p>\n","protected":false},"excerpt":{"rendered":"<p>Experimenteaz\u0103 multe ore de distrac\u021bie \u0219i relaxare cu puzzle 1000 piese Nature &#8211; Aquatic. O lume acvatic\u0103 diferit\u0103, \u00eentr-o ilustra\u021bie<\/p>\n","protected":false},"featured_media":64010,"template":"","meta":[],"product_brand":[],"product_cat":[1454,1488,1560],"product_tag":[],"class_list":{"0":"post-19840","1":"product","2":"type-product","3":"status-publish","4":"has-post-thumbnail","6":"product_cat-puzzle","7":"product_cat-puzzle-adulti","8":"product_cat-puzzle-adulti-1000","9":"pa_brand-deico","10":"pa_country_of_manufacture-ro","11":"pa_filter_age-1315","12":"pa_tip_ambalaj-cutie","13":"pa_tip_puzzle-clasic","15":"first","16":"instock","17":"taxable","18":"shipping-taxable","19":"product-type-simple"},"yoast_head":"<!-- This site is optimized with the Yoast SEO plugin v20.1 - https:\/\/yoast.com\/wordpress\/plugins\/seo\/ -->\n<title>Nature Puzzle - Aquatic - 1000 piese<\/title>\n<meta name=\"robots\" content=\"index, follow, max-snippet:-1, max-image-preview:large, max-video-preview:-1\" \/>\n<link rel=\"canonical\" href=\"https:\/\/www.roovi.ro\/puzzle-adulti-1000-piese-nature-aquatic\/p\/\" \/>\n<meta property=\"og:locale\" content=\"ro_RO\" \/>\n<meta property=\"og:type\" content=\"article\" \/>\n<meta property=\"og:title\" content=\"Nature Puzzle - Aquatic - 1000 piese\" \/>\n<meta property=\"og:description\" content=\"Experimenteaz\u0103 multe ore de distrac\u021bie \u0219i relaxare cu puzzle 1000 piese Nature &#8211; Aquatic. O lume acvatic\u0103 diferit\u0103, \u00eentr-o ilustra\u021bie\" \/>\n<meta property=\"og:url\" content=\"https:\/\/www.roovi.ro\/puzzle-adulti-1000-piese-nature-aquatic\/p\/\" \/>\n<meta property=\"og:site_name\" content=\"Roovi B2B\" \/>\n<meta property=\"article:publisher\" content=\"https:\/\/www.facebook.com\/wwwjucariero\" \/>\n<meta property=\"article:modified_time\" content=\"2023-03-20T21:34:21+00:00\" \/>\n<meta property=\"og:image\" content=\"https:\/\/business.roovi.com\/wp-content\/uploads\/2019\/04\/75451-Ansamblu_dimensiuni-cutie-cm_vertical-2-1.png\" \/>\n\t<meta property=\"og:image:width\" content=\"1200\" \/>\n\t<meta property=\"og:image:height\" content=\"1200\" \/>\n\t<meta property=\"og:image:type\" content=\"image\/png\" \/>\n<meta name=\"twitter:label1\" content=\"Timp estimat pentru citire\" \/>\n\t<meta name=\"twitter:data1\" content=\"3 minute\" \/>\n<script type=\"application\/ld+json\" class=\"yoast-schema-graph\">{\"@context\":\"https:\/\/schema.org\",\"@graph\":[{\"@type\":\"WebPage\",\"@id\":\"https:\/\/business.roovi.com\/ro\/puzzle-adulti-1000-piese-nature-aquatic\/p\/\",\"url\":\"https:\/\/www.roovi.ro\/puzzle-adulti-1000-piese-nature-aquatic\/p\/\",\"name\":\"Nature Puzzle - Aquatic - 1000 piese\",\"isPartOf\":{\"@id\":\"https:\/\/business.roovi.com\/ro\/#website\"},\"datePublished\":\"2019-04-12T12:04:04+00:00\",\"dateModified\":\"2023-03-20T21:34:21+00:00\",\"breadcrumb\":{\"@id\":\"https:\/\/www.roovi.ro\/puzzle-adulti-1000-piese-nature-aquatic\/p\/#breadcrumb\"},\"inLanguage\":\"ro-RO\",\"potentialAction\":[{\"@type\":\"ReadAction\",\"target\":[\"https:\/\/www.roovi.ro\/puzzle-adulti-1000-piese-nature-aquatic\/p\/\"]}]},{\"@type\":\"BreadcrumbList\",\"@id\":\"https:\/\/www.roovi.ro\/puzzle-adulti-1000-piese-nature-aquatic\/p\/#breadcrumb\",\"itemListElement\":[{\"@type\":\"ListItem\",\"position\":1,\"name\":\"Home\",\"item\":\"https:\/\/business.roovi.com\/ro\/\"},{\"@type\":\"ListItem\",\"position\":2,\"name\":\"Magazin\",\"item\":\"https:\/\/business.roovi.com\/ro\/magazin\/\"},{\"@type\":\"ListItem\",\"position\":3,\"name\":\"Puzzle adulti 1000 piese Nature &#8211; Aquatic\"}]},{\"@type\":\"WebSite\",\"@id\":\"https:\/\/business.roovi.com\/ro\/#website\",\"url\":\"https:\/\/business.roovi.com\/ro\/\",\"name\":\"Roovi B2B\",\"description\":\"Roovi Business Website\",\"potentialAction\":[{\"@type\":\"SearchAction\",\"target\":{\"@type\":\"EntryPoint\",\"urlTemplate\":\"https:\/\/business.roovi.com\/ro\/?s={search_term_string}\"},\"query-input\":\"required name=search_term_string\"}],\"inLanguage\":\"ro-RO\"}]}<\/script>\n<!-- \/ Yoast SEO plugin. -->","yoast_head_json":{"title":"Nature Puzzle - Aquatic - 1000 piese","robots":{"index":"index","follow":"follow","max-snippet":"max-snippet:-1","max-image-preview":"max-image-preview:large","max-video-preview":"max-video-preview:-1"},"canonical":"https:\/\/www.roovi.ro\/puzzle-adulti-1000-piese-nature-aquatic\/p\/","og_locale":"ro_RO","og_type":"article","og_title":"Nature Puzzle - Aquatic - 1000 piese","og_description":"Experimenteaz\u0103 multe ore de distrac\u021bie \u0219i relaxare cu puzzle 1000 piese Nature &#8211; Aquatic. O lume acvatic\u0103 diferit\u0103, \u00eentr-o ilustra\u021bie","og_url":"https:\/\/www.roovi.ro\/puzzle-adulti-1000-piese-nature-aquatic\/p\/","og_site_name":"Roovi B2B","article_publisher":"https:\/\/www.facebook.com\/wwwjucariero","article_modified_time":"2023-03-20T21:34:21+00:00","og_image":[{"width":1200,"height":1200,"url":"https:\/\/business.roovi.com\/wp-content\/uploads\/2019\/04\/75451-Ansamblu_dimensiuni-cutie-cm_vertical-2-1.png","type":"image\/png"}],"twitter_misc":{"Timp estimat pentru citire":"3 minute"},"schema":{"@context":"https:\/\/schema.org","@graph":[{"@type":"WebPage","@id":"https:\/\/business.roovi.com\/ro\/puzzle-adulti-1000-piese-nature-aquatic\/p\/","url":"https:\/\/www.roovi.ro\/puzzle-adulti-1000-piese-nature-aquatic\/p\/","name":"Nature Puzzle - Aquatic - 1000 piese","isPartOf":{"@id":"https:\/\/business.roovi.com\/ro\/#website"},"datePublished":"2019-04-12T12:04:04+00:00","dateModified":"2023-03-20T21:34:21+00:00","breadcrumb":{"@id":"https:\/\/www.roovi.ro\/puzzle-adulti-1000-piese-nature-aquatic\/p\/#breadcrumb"},"inLanguage":"ro-RO","potentialAction":[{"@type":"ReadAction","target":["https:\/\/www.roovi.ro\/puzzle-adulti-1000-piese-nature-aquatic\/p\/"]}]},{"@type":"BreadcrumbList","@id":"https:\/\/www.roovi.ro\/puzzle-adulti-1000-piese-nature-aquatic\/p\/#breadcrumb","itemListElement":[{"@type":"ListItem","position":1,"name":"Home","item":"https:\/\/business.roovi.com\/ro\/"},{"@type":"ListItem","position":2,"name":"Magazin","item":"https:\/\/business.roovi.com\/ro\/magazin\/"},{"@type":"ListItem","position":3,"name":"Puzzle adulti 1000 piese Nature &#8211; Aquatic"}]},{"@type":"WebSite","@id":"https:\/\/business.roovi.com\/ro\/#website","url":"https:\/\/business.roovi.com\/ro\/","name":"Roovi B2B","description":"Roovi Business Website","potentialAction":[{"@type":"SearchAction","target":{"@type":"EntryPoint","urlTemplate":"https:\/\/business.roovi.com\/ro\/?s={search_term_string}"},"query-input":"required name=search_term_string"}],"inLanguage":"ro-RO"}]}},"_links":{"self":[{"href":"https:\/\/business.roovi.com\/ro\/wp-json\/wp\/v2\/product\/19840","targetHints":{"allow":["GET"]}}],"collection":[{"href":"https:\/\/business.roovi.com\/ro\/wp-json\/wp\/v2\/product"}],"about":[{"href":"https:\/\/business.roovi.com\/ro\/wp-json\/wp\/v2\/types\/product"}],"version-history":[{"count":0,"href":"https:\/\/business.roovi.com\/ro\/wp-json\/wp\/v2\/product\/19840\/revisions"}],"wp:featuredmedia":[{"embeddable":true,"href":"https:\/\/business.roovi.com\/ro\/wp-json\/wp\/v2\/media\/64010"}],"wp:attachment":[{"href":"https:\/\/business.roovi.com\/ro\/wp-json\/wp\/v2\/media?parent=19840"}],"wp:term":[{"taxonomy":"product_brand","embeddable":true,"href":"https:\/\/business.roovi.com\/ro\/wp-json\/wp\/v2\/product_brand?post=19840"},{"taxonomy":"product_cat","embeddable":true,"href":"https:\/\/business.roovi.com\/ro\/wp-json\/wp\/v2\/product_cat?post=19840"},{"taxonomy":"product_tag","embeddable":true,"href":"https:\/\/business.roovi.com\/ro\/wp-json\/wp\/v2\/product_tag?post=19840"}],"curies":[{"name":"wp","href":"https:\/\/api.w.org\/{rel}","templated":true}]}}