{"id":19843,"date":"2019-04-25T09:07:45","date_gmt":"2019-04-25T09:07:45","guid":{"rendered":"https:\/\/business.roovi.com\/product\/puzzle-brueghel-the-elder-flowers-in-a-wooden-vessel-1000-piese\/"},"modified":"2023-03-20T21:34:15","modified_gmt":"2023-03-20T21:34:15","slug":"puzzle-adulti-brueghel-cel-batran-flowers-in-a-wooden-vessel-1000-piese","status":"publish","type":"product","link":"https:\/\/business.roovi.com\/ro\/puzzle-adulti-brueghel-cel-batran-flowers-in-a-wooden-vessel-1000-piese\/p\/","title":{"rendered":"Puzzle adul\u021bi 1000 piese Bruegel cel B\u0103tr\u00e2n &#8211; Flowers in a Wooden Vessel"},"content":{"rendered":"<p><span style=\"font-weight: 400;\">Puzzle-urile de 1000 piese destinate adul\u021bilor \u00eenf\u0103\u021bi\u0219eaz\u0103 opere artistice de valoare inestimabil\u0103. R\u0103sfoie\u0219te online oferta de jocuri puzzle de art\u0103 \u0219i selecteaz\u0103-\u021bi puzzle-urile favorite!<\/span><\/p>\n<p><span style=\"font-weight: 400;\">Puzzle 1000 piese <\/span><span style=\"font-weight: 400;\">Brueghel the Elder &#8211; Flowers in a Wooden Vessel este reprezentarea picturii omonime <\/span><span style=\"font-weight: 400;\">care este considerat\u0103 una dintre cele mai faimoase opere cu natur\u0103 moart\u0103 floral\u0103 din arta european\u0103. Pune pies\u0103 l\u00e2ng\u0103 pies\u0103 \u0219i alc\u0103tuie\u0219te dintr-un puzzle 1000 piese aceast\u0103 lucrare meticuloas\u0103 pictat\u0103 cu o tehnic\u0103 perfect\u0103! La final vei avea un tablou minunat care-\u021bi va bucura privirea \u0219i-\u021bi va \u00eenfrumuse\u021ba locuin\u021ba, d\u00e2ndu-i o not\u0103 de rafinament des\u0103v\u00e2r\u0219it.<\/span><\/p>\n<p><span style=\"font-weight: 400;\">Asambland puzzle-ul 1000 piese Flori \u00eentr-o vaz\u0103 de lemn vei ob\u021bine un tablou cu dimensiunile 50 x 70 cm. Pentru a lucra lini\u0219tit acest puzzle de art\u0103 ai nevoie de o m\u0103su\u021b\u0103 de cafea obi\u0219nuit\u0103.<\/span><\/p>\n<p><span style=\"font-weight: 400;\">Mai multe detalii \u0219i caracteristici ale puzzle-ului 1000 piese g\u0103se\u0219ti mai jos.<\/span><\/p>\n<p><strong>Material puzzle:\u00a0<\/strong><\/p>\n<p><strong>carton albastru de o calitate superioar\u0103<\/strong><\/p>\n<p><strong>materiale sustenabile, reciclabile<\/strong><\/p>\n<p><strong>finisaj semi-lucios, culori vii<\/strong><\/p>\n<p><strong>Num\u0103rul pieselor de puzzle: 1000<\/strong><\/p>\n<p><strong>V\u00e2rsta recomandat\u0103: 14+<\/strong><\/p>\n<p><strong>Puzzle 1000 piese<\/strong><\/p>\n<p><span style=\"font-weight: 400;\">\u00a0<\/span><strong>Creeaz\u0103 opere de art\u0103 din puzzle 1000 piese \u0219i elibereaz\u0103-\u021bi mintea de stres!<\/strong><\/p>\n<p><span style=\"font-weight: 400;\">Unul dintre cele mai importante beneficii pe care \u021bi le ofer\u0103 un puzzle 1000 piese este faptul c\u0103 te ajut\u0103 s\u0103 te destresezi. Dar acesta nu este singurul avantaj, iat\u0103 \u0219i altele:<\/span><\/p>\n<p><strong>\u00ce\u021bi d\u0103 posibilitatea s\u0103 intri \u00eentr-o lume interioar\u0103 plin\u0103 de farmec \u0219i lini\u0219te. <\/strong><span style=\"font-weight: 400;\">Nutre\u0219ti s\u0103-\u021bi eliberezi mintea \u0219i s\u0103 la\u0219i grijile la o parte? \u00cencearc\u0103 s\u0103 asamblezi un puzzle 1000 piese din colec\u021bia puzzle art \u0219i intr\u0103 \u00een lumea plin\u0103 de culoare, rafinament \u0219i lini\u0219te a pictorilor.<\/span><\/p>\n<p><strong>Completarea unui puzzle 1000 piese este o adev\u0103rat\u0103 sesiune de medita\u021bie.<\/strong><span style=\"font-weight: 400;\"> Te concentrezi pe forme, culoare, imagine \u0219i dintr-o dat\u0103 nu mai exist\u0103 nimic altceva. Doar tu cu scopul t\u0103u de a realiza un tablou minunat. Cam la fel se \u00eent\u00e2mpl\u0103 \u0219i c\u00e2nd meditezi: \u00ee\u021bi gole\u0219ti mintea \u0219i \u00ee\u021bi activezi for\u021ba creativ\u0103 interioar\u0103. E magic, nu-i a\u0219a?<\/span><\/p>\n<p><strong>Te ajut\u0103 s\u0103 fii motivat. <\/strong><span style=\"font-weight: 400;\">Tabloul din puzzle 1000 piese este gata. Ce satisfac\u021bie, nu-i a\u0219a? Completarea treptat\u0103 a imaginii din jocul puzzle te-a \u021binut legat de scaun multe ore \u0219i ai avut o motiva\u021bie interioar\u0103 puternic\u0103 pentru asta. Acest exerci\u021biu este benefic \u0219i va activa \u0219i alte aspecte din via\u021ba ta.<\/span><\/p>\n<p><strong>Afl\u0103 mai multe despre Buchetul lui Brueghel!<\/strong><\/p>\n<ul style=\"list-style-type: disc;\">\n<li><span style=\"font-weight: 400;\">Buchetul din\u00a0 <\/span><em><span style=\"font-weight: 400;\">Flori \u00eentr-o vaz\u0103 de lemn\u00a0 <\/span><\/em><span style=\"font-weight: 400;\">a devenit un prototip de natur\u0103 static\u0103 cu flori care va fi realizat de mai mul\u021bi pictori din dinastia Brueghel<\/span><\/li>\n<li><span style=\"font-weight: 400;\">Buchetul con\u021bine flori sau fructe rare aclimatizate recent \u00een Europa secolului al XVII-lea, ca de exemplu, laleaua sau coacazul.<\/span><\/li>\n<li><span style=\"font-weight: 400;\">Irisul, simbol al regalit\u0103\u021bii \u0219i al Fecioarei Maria apare \u00een aproape 20 de ipostaze diferite \u0219i\u00a0 d\u0103 o not\u0103 religioas\u0103 buchetului.\u00a0<\/span><\/li>\n<li><span style=\"font-weight: 400;\">Jan Brueghel a pictat nu mai pu\u021bin de 16 tablouri cu flori.<\/span><\/li>\n<li><span style=\"font-weight: 400;\">Unul dintre tablourile lui se afl\u0103 la Muzeul Na\u021bional de Art\u0103 al Rom\u00e2niei<\/span><\/li>\n<li><span style=\"font-weight: 400;\">La \u00eenceputul secolului al VII-lea era foarte la mod\u0103 s\u0103 ai tablouri cu flori. Colec\u021bionarii pasiona\u021bi cu dare de m\u00e2n\u0103 comandau tablouri pictorilor talenta\u021bi care creau opere elaborate, cu buchete bogate. Cei mai pu\u021bin \u00eenst\u0103ri\u021bi se mul\u021bumeau cu tablouri de mici dimensiuni, cu pu\u021bine flori, pictate de arti\u0219ti care au r\u0103mas anonimi \u00een istorie.<\/span><\/li>\n<\/ul>\n<p><strong>Alte 5 beneficii pe care \u021bi le ofer\u0103 completarea puzzle-ului 1000 piese<\/strong><\/p>\n<ul style=\"list-style-type: disc;\">\n<li><span style=\"font-weight: 400;\">\u00ce\u021bi \u00eembun\u0103t\u0103\u021be\u0219te abilitatea de a face conexiuni mai profunde<\/span><\/li>\n<li><span style=\"font-weight: 400;\">\u00ce\u021bi \u00eembun\u0103t\u0103\u021be\u0219te starea de spirit<\/span><\/li>\n<li><span style=\"font-weight: 400;\">Te ajut\u0103 s\u0103-\u021bi cre\u0219ti \u00eencrederea \u00een sine<\/span><\/li>\n<li><span style=\"font-weight: 400;\">Amelioreaz\u0103 stresul<\/span><\/li>\n<li><span style=\"font-weight: 400;\">Ajut\u0103 chiar \u0219i la sc\u0103derea tensiunii arteriale \u0219i a ritmului cardiac.<\/span><\/li>\n<\/ul>\n<p><span style=\"font-weight: 400;\">Accept\u0103 provocarea de a completa acest minunat puzzle de art\u0103! G\u0103se\u0219te piesele potrivite din puzzle 1000 \u0219i reconstituie treptat magnificul buchet din\u00a0 <\/span><em><span style=\"font-weight: 400;\">Flori \u00eentr-o vaz\u0103 de lemn\u00a0 <\/span><\/em><span style=\"font-weight: 400;\">al lui Jan Brueghel cel Batr\u00e2n. Descoper\u0103 \u00een vasta noastr\u0103 colec\u021bie puzzle art\u0103 aceast\u0103 minunat\u0103 compozi\u021bie \u0219i bucur\u0103-\u021bi serile cre\u00e2nd un tablou original dintr-un puzzle 1000 piese de excep\u021bie.<\/span><\/p>\n<p><span style=\"font-weight: 400;\">Puzzle 1000 piese Brueghel cel B\u0103tr\u00e2n &#8211;\u00a0 <\/span><em><span style=\"font-weight: 400;\">Flori \u00eentr-o vaz\u0103 de lemn\u00a0 <\/span><\/em><span style=\"font-weight: 400;\">este un cadou minunat pentru iubitorii de art\u0103 \u0219i de jocuri puzzle adul\u021bi.<\/span><\/p>\n","protected":false},"excerpt":{"rendered":"<p><span style=\"font-weight: 400;\">Ne bucur\u0103m c\u0103 ai ajuns \u00een lumea minunat\u0103 a puzzle-urilor de art\u0103! \u021ai-am preg\u0103tit o colec\u021bie impresionant\u0103 de puzzle-uri de 1000 piese.<\/span><\/p>\n","protected":false},"featured_media":63186,"template":"","meta":[],"product_brand":[],"product_cat":[1454,1488,1560],"product_tag":[],"class_list":{"0":"post-19843","1":"product","2":"type-product","3":"status-publish","4":"has-post-thumbnail","6":"product_cat-puzzle","7":"product_cat-puzzle-adulti","8":"product_cat-puzzle-adulti-1000","9":"pa_bax-1273","10":"pa_brand-d_toys","11":"pa_country_of_manufacture-ro","12":"pa_filter_age-1315","13":"pa_painter-pieterbreugeltheelder","14":"pa_tip_ambalaj-cutie","15":"pa_tip_puzzle-clasic","17":"first","18":"instock","19":"taxable","20":"shipping-taxable","21":"product-type-simple"},"yoast_head":"<!-- This site is optimized with the Yoast SEO plugin v20.1 - https:\/\/yoast.com\/wordpress\/plugins\/seo\/ -->\n<title>Puzzle adul\u021bi 1000 piese Bruegel cel B\u0103tr\u00e2n - Flowers in a Wooden Vessel - Roovi B2B<\/title>\n<meta name=\"robots\" content=\"index, follow, max-snippet:-1, max-image-preview:large, max-video-preview:-1\" \/>\n<link rel=\"canonical\" href=\"https:\/\/www.roovi.ro\/puzzle-adulti-brueghel-cel-batran-flowers-in-a-wooden-vessel-1000-piese\/p\/\" \/>\n<meta property=\"og:locale\" content=\"ro_RO\" \/>\n<meta property=\"og:type\" content=\"article\" \/>\n<meta property=\"og:title\" content=\"Puzzle adul\u021bi 1000 piese Bruegel cel B\u0103tr\u00e2n - Flowers in a Wooden Vessel - Roovi B2B\" \/>\n<meta property=\"og:description\" content=\"Ne bucur\u0103m c\u0103 ai ajuns \u00een lumea minunat\u0103 a puzzle-urilor de art\u0103! \u021ai-am preg\u0103tit o colec\u021bie impresionant\u0103 de puzzle-uri de 1000 piese.\" \/>\n<meta property=\"og:url\" content=\"https:\/\/www.roovi.ro\/puzzle-adulti-brueghel-cel-batran-flowers-in-a-wooden-vessel-1000-piese\/p\/\" \/>\n<meta property=\"og:site_name\" content=\"Roovi B2B\" \/>\n<meta property=\"article:publisher\" content=\"https:\/\/www.facebook.com\/wwwjucariero\" \/>\n<meta property=\"article:modified_time\" content=\"2023-03-20T21:34:15+00:00\" \/>\n<meta property=\"og:image\" content=\"https:\/\/business.roovi.com\/wp-content\/uploads\/2019\/04\/73778-BR-05-WEB.jpg\" \/>\n\t<meta property=\"og:image:width\" content=\"1200\" \/>\n\t<meta property=\"og:image:height\" content=\"1200\" \/>\n\t<meta property=\"og:image:type\" content=\"image\/jpeg\" \/>\n<meta name=\"twitter:label1\" content=\"Timp estimat pentru citire\" \/>\n\t<meta name=\"twitter:data1\" content=\"4 minute\" \/>\n<script type=\"application\/ld+json\" class=\"yoast-schema-graph\">{\"@context\":\"https:\/\/schema.org\",\"@graph\":[{\"@type\":\"WebPage\",\"@id\":\"https:\/\/business.roovi.com\/ro\/puzzle-adulti-brueghel-cel-batran-flowers-in-a-wooden-vessel-1000-piese\/p\/\",\"url\":\"https:\/\/www.roovi.ro\/puzzle-adulti-brueghel-cel-batran-flowers-in-a-wooden-vessel-1000-piese\/p\/\",\"name\":\"Puzzle adul\u021bi 1000 piese Bruegel cel B\u0103tr\u00e2n - Flowers in a Wooden Vessel - Roovi B2B\",\"isPartOf\":{\"@id\":\"https:\/\/business.roovi.com\/ro\/#website\"},\"datePublished\":\"2019-04-25T09:07:45+00:00\",\"dateModified\":\"2023-03-20T21:34:15+00:00\",\"breadcrumb\":{\"@id\":\"https:\/\/www.roovi.ro\/puzzle-adulti-brueghel-cel-batran-flowers-in-a-wooden-vessel-1000-piese\/p\/#breadcrumb\"},\"inLanguage\":\"ro-RO\",\"potentialAction\":[{\"@type\":\"ReadAction\",\"target\":[\"https:\/\/www.roovi.ro\/puzzle-adulti-brueghel-cel-batran-flowers-in-a-wooden-vessel-1000-piese\/p\/\"]}]},{\"@type\":\"BreadcrumbList\",\"@id\":\"https:\/\/www.roovi.ro\/puzzle-adulti-brueghel-cel-batran-flowers-in-a-wooden-vessel-1000-piese\/p\/#breadcrumb\",\"itemListElement\":[{\"@type\":\"ListItem\",\"position\":1,\"name\":\"Home\",\"item\":\"https:\/\/business.roovi.com\/ro\/\"},{\"@type\":\"ListItem\",\"position\":2,\"name\":\"Magazin\",\"item\":\"https:\/\/business.roovi.com\/ro\/magazin\/\"},{\"@type\":\"ListItem\",\"position\":3,\"name\":\"Puzzle adul\u021bi 1000 piese Bruegel cel B\u0103tr\u00e2n &#8211; Flowers in a Wooden Vessel\"}]},{\"@type\":\"WebSite\",\"@id\":\"https:\/\/business.roovi.com\/ro\/#website\",\"url\":\"https:\/\/business.roovi.com\/ro\/\",\"name\":\"Roovi B2B\",\"description\":\"Roovi Business Website\",\"potentialAction\":[{\"@type\":\"SearchAction\",\"target\":{\"@type\":\"EntryPoint\",\"urlTemplate\":\"https:\/\/business.roovi.com\/ro\/?s={search_term_string}\"},\"query-input\":\"required name=search_term_string\"}],\"inLanguage\":\"ro-RO\"}]}<\/script>\n<!-- \/ Yoast SEO plugin. -->","yoast_head_json":{"title":"Puzzle adul\u021bi 1000 piese Bruegel cel B\u0103tr\u00e2n - Flowers in a Wooden Vessel - Roovi B2B","robots":{"index":"index","follow":"follow","max-snippet":"max-snippet:-1","max-image-preview":"max-image-preview:large","max-video-preview":"max-video-preview:-1"},"canonical":"https:\/\/www.roovi.ro\/puzzle-adulti-brueghel-cel-batran-flowers-in-a-wooden-vessel-1000-piese\/p\/","og_locale":"ro_RO","og_type":"article","og_title":"Puzzle adul\u021bi 1000 piese Bruegel cel B\u0103tr\u00e2n - Flowers in a Wooden Vessel - Roovi B2B","og_description":"Ne bucur\u0103m c\u0103 ai ajuns \u00een lumea minunat\u0103 a puzzle-urilor de art\u0103! \u021ai-am preg\u0103tit o colec\u021bie impresionant\u0103 de puzzle-uri de 1000 piese.","og_url":"https:\/\/www.roovi.ro\/puzzle-adulti-brueghel-cel-batran-flowers-in-a-wooden-vessel-1000-piese\/p\/","og_site_name":"Roovi B2B","article_publisher":"https:\/\/www.facebook.com\/wwwjucariero","article_modified_time":"2023-03-20T21:34:15+00:00","og_image":[{"width":1200,"height":1200,"url":"https:\/\/business.roovi.com\/wp-content\/uploads\/2019\/04\/73778-BR-05-WEB.jpg","type":"image\/jpeg"}],"twitter_misc":{"Timp estimat pentru citire":"4 minute"},"schema":{"@context":"https:\/\/schema.org","@graph":[{"@type":"WebPage","@id":"https:\/\/business.roovi.com\/ro\/puzzle-adulti-brueghel-cel-batran-flowers-in-a-wooden-vessel-1000-piese\/p\/","url":"https:\/\/www.roovi.ro\/puzzle-adulti-brueghel-cel-batran-flowers-in-a-wooden-vessel-1000-piese\/p\/","name":"Puzzle adul\u021bi 1000 piese Bruegel cel B\u0103tr\u00e2n - Flowers in a Wooden Vessel - Roovi B2B","isPartOf":{"@id":"https:\/\/business.roovi.com\/ro\/#website"},"datePublished":"2019-04-25T09:07:45+00:00","dateModified":"2023-03-20T21:34:15+00:00","breadcrumb":{"@id":"https:\/\/www.roovi.ro\/puzzle-adulti-brueghel-cel-batran-flowers-in-a-wooden-vessel-1000-piese\/p\/#breadcrumb"},"inLanguage":"ro-RO","potentialAction":[{"@type":"ReadAction","target":["https:\/\/www.roovi.ro\/puzzle-adulti-brueghel-cel-batran-flowers-in-a-wooden-vessel-1000-piese\/p\/"]}]},{"@type":"BreadcrumbList","@id":"https:\/\/www.roovi.ro\/puzzle-adulti-brueghel-cel-batran-flowers-in-a-wooden-vessel-1000-piese\/p\/#breadcrumb","itemListElement":[{"@type":"ListItem","position":1,"name":"Home","item":"https:\/\/business.roovi.com\/ro\/"},{"@type":"ListItem","position":2,"name":"Magazin","item":"https:\/\/business.roovi.com\/ro\/magazin\/"},{"@type":"ListItem","position":3,"name":"Puzzle adul\u021bi 1000 piese Bruegel cel B\u0103tr\u00e2n &#8211; Flowers in a Wooden Vessel"}]},{"@type":"WebSite","@id":"https:\/\/business.roovi.com\/ro\/#website","url":"https:\/\/business.roovi.com\/ro\/","name":"Roovi B2B","description":"Roovi Business Website","potentialAction":[{"@type":"SearchAction","target":{"@type":"EntryPoint","urlTemplate":"https:\/\/business.roovi.com\/ro\/?s={search_term_string}"},"query-input":"required name=search_term_string"}],"inLanguage":"ro-RO"}]}},"_links":{"self":[{"href":"https:\/\/business.roovi.com\/ro\/wp-json\/wp\/v2\/product\/19843","targetHints":{"allow":["GET"]}}],"collection":[{"href":"https:\/\/business.roovi.com\/ro\/wp-json\/wp\/v2\/product"}],"about":[{"href":"https:\/\/business.roovi.com\/ro\/wp-json\/wp\/v2\/types\/product"}],"version-history":[{"count":0,"href":"https:\/\/business.roovi.com\/ro\/wp-json\/wp\/v2\/product\/19843\/revisions"}],"wp:featuredmedia":[{"embeddable":true,"href":"https:\/\/business.roovi.com\/ro\/wp-json\/wp\/v2\/media\/63186"}],"wp:attachment":[{"href":"https:\/\/business.roovi.com\/ro\/wp-json\/wp\/v2\/media?parent=19843"}],"wp:term":[{"taxonomy":"product_brand","embeddable":true,"href":"https:\/\/business.roovi.com\/ro\/wp-json\/wp\/v2\/product_brand?post=19843"},{"taxonomy":"product_cat","embeddable":true,"href":"https:\/\/business.roovi.com\/ro\/wp-json\/wp\/v2\/product_cat?post=19843"},{"taxonomy":"product_tag","embeddable":true,"href":"https:\/\/business.roovi.com\/ro\/wp-json\/wp\/v2\/product_tag?post=19843"}],"curies":[{"name":"wp","href":"https:\/\/api.w.org\/{rel}","templated":true}]}}