{"id":19844,"date":"2019-04-25T10:39:19","date_gmt":"2019-04-25T10:39:19","guid":{"rendered":"https:\/\/business.roovi.com\/product\/puzzle-brueghel-the-elder-flowers-in-a-basket-and-a-vase-1000-piese\/"},"modified":"2025-03-17T09:53:11","modified_gmt":"2025-03-17T09:53:11","slug":"puzzle-adulti-1000-piese-brueghel-cel-batran-flowers-in-a-basket-and-a-vase","status":"publish","type":"product","link":"https:\/\/business.roovi.com\/ro\/puzzle-adulti-1000-piese-brueghel-cel-batran-flowers-in-a-basket-and-a-vase\/p\/","title":{"rendered":"Puzzle adul\u021bi 1000 Piese Brueghel cel B\u0103tr\u00e2n &#8211; Flowers in a Basket and a Vase"},"content":{"rendered":"<p><span style=\"font-weight: 400;\">\u00a0La noi g\u0103se\u0219ti puzzle 1000 piese ce redau imagini ale unor opere de art\u0103 celebre ce trezesc emo\u021bie \u0219i bucurie \u0219i ast\u0103zi, de\u0219i dateaz\u0103 de secole. Simte \u0219i tu emo\u021bia artistic\u0103 reconstruind o astfel de oper\u0103 dintr-un puzzle 1000 piese!<\/span><\/p>\n<p><span style=\"font-weight: 400;\">Puzzle 1000 piese Jan <\/span><span style=\"font-weight: 400;\">Brueghel cel B\u0103tr\u00e2n &#8211; Flowers in a Basket and a Vase red\u0103 splendoarea lumii naturale a florilor din tabloul cu acela\u0219i nume al cunoscutului artist. Refacerea acestui minunat tablou dintr-un puzzle 100 piese te face s\u0103 intri \u00een lumea interioar\u0103 a pictorului \u0219i s\u0103 recreezi formele efervescente, de o naturale\u021be extraordinar\u0103 din pictura original\u0103. La final, \u00ee\u021bi va bucura privirea un tablou cu dimensiunile de 50 x 70 cm.\u00a0<\/span><\/p>\n<p><span style=\"font-weight: 400;\">Mai multe detalii despre acest minunat puzzle 1000 piese reg\u0103se\u0219ti aici:<\/span><\/p>\n<p><strong>Material puzzle:\u00a0<\/strong><\/p>\n<p><strong>carton albastru de o calitate superioar\u0103<\/strong><\/p>\n<p><strong>materiale sustenabile, reciclabile<\/strong><\/p>\n<p><strong>finisaj semi-lucios, culori vii<\/strong><\/p>\n<p><strong>Num\u0103rul pieselor de puzzle: 1000<\/strong><\/p>\n<p><strong>V\u00e2rsta recomandat\u0103: 14+<\/strong><\/p>\n<p><strong>De ce este at\u00e2t de minunat s\u0103 asamblezi puzzle 1000 piese?<\/strong><\/p>\n<p><span style=\"font-weight: 400;\">Dincolo de a fi doar un hobby, asamblarea puzzle-urilor adul\u021bi aduce multiple beneficii. Iat\u0103 numai c\u00e2teva dintre acestea:<\/span><\/p>\n<ul style=\"list-style-type: disc;\">\n<li><span style=\"font-weight: 400;\">\u00ce\u021bi dezvolt\u0103 capacitatea de a face conexiuni mai profunde<\/span><\/li>\n<li><span style=\"font-weight: 400;\">Te ajut\u0103 s\u0103 te eliberezi de stres<\/span><\/li>\n<li><span style=\"font-weight: 400;\">\u00ce\u021bi \u00eembun\u0103t\u0103\u021be\u0219te starea de spirit<\/span><\/li>\n<li><span style=\"font-weight: 400;\">Te ajut\u0103 s\u0103 fii mai \u00eencrez\u0103tor \u00een for\u021bele proprii<\/span><\/li>\n<li><span style=\"font-weight: 400;\">\u00ce\u021bi ofer\u0103 un timp de calitate pe care \u00eel petreci singur sau cu cineva drag, dac\u0103 alegi s\u0103 completezi puzzle 1000 piese \u00eenso\u021bit.<\/span><\/li>\n<\/ul>\n<p><strong>Ce poate nu \u0219tiai despre Jan Brueghel cel B\u0103tr\u00e2n \u0219i a sa oper\u0103<\/strong><\/p>\n<ul style=\"list-style-type: disc;\">\n<li><span style=\"font-weight: 400;\">La 1600 picturile cu flori f\u0103ceau mare senza\u021bie. Colec\u021bionarii sau oamenii obi\u0219nui\u021bi comandau astfel de tablouri de la pictori renumi\u021bi sau mai pu\u021bin talenta\u021bi, \u00een func\u021bie de bugetul de care dispuneau.<\/span><\/li>\n<li><span style=\"font-weight: 400;\">Jan Brueghel cel B\u0103tr\u00e2n era supranumit\u00a0 <\/span><em><span style=\"font-weight: 400;\">Brueghel de catifea<\/span><\/em><span style=\"font-weight: 400;\">\u00a0 datorit\u0103 senza\u021biei catifelate, aproape tangibil\u0103 pe care o transmit operele sale.<\/span><\/li>\n<li><span style=\"font-weight: 400;\">Din dorin\u021ba de a se diferen\u021bia de celebrul s\u0103u tat\u0103, Pieter Bruegel cel B\u0103tr\u00e2n, a ad\u0103ugat la numele s\u0103u un\u00a0 <\/span><em><span style=\"font-weight: 400;\">h<\/span><\/em> \u00a0<span style=\"font-weight: 400;\">devenind astfel\u00a0 <\/span><em><span style=\"font-weight: 400;\">Brueghel<\/span><\/em><span style=\"font-weight: 400;\">.\u00a0<\/span><\/li>\n<li><span style=\"font-weight: 400;\">\u00cen tabloul\u00a0 <\/span><em><span style=\"font-weight: 400;\">Flowers in a Basket and a Vase\u00a0 <\/span><\/em><span style=\"font-weight: 400;\">este reprezentat\u0103 \u0219i o specie rar\u0103 de lalea care la vremurile acelea se vindea la pre\u021buri astronomice.<\/span><\/li>\n<li><span style=\"font-weight: 400;\">A pictat nu mai pu\u021bin de 16 tablouri cu flori, iar unul dintre ele se afl\u0103 la Bucure\u0219ti, la Muzeul de Art\u0103.\u00a0<\/span><\/li>\n<li><span style=\"font-weight: 400;\">\u00cen tabloul de la Bucure\u0219ti sunt reprezentate aproximativ 20 de tipuri de insecte.<\/span><\/li>\n<\/ul>\n<p><strong>\u00ce\u021bi recomand\u0103m s\u0103 cumperi \u0219i s\u0103 completezi puzzle 1000 piese din colec\u021bia puzzle art\u0103 pentru c\u0103:<\/strong><\/p>\n<ul style=\"list-style-type: disc;\">\n<li><span style=\"font-weight: 400;\">Este cool s\u0103 descoperi arta \u0219i s\u0103-\u021bi \u00eembog\u0103\u021be\u0219ti cultura artistic\u0103.<\/span><\/li>\n<li><span style=\"font-weight: 400;\">Completarea tabloului artistic \u00ee\u021bi va da o mare senza\u021bie de satisfac\u021bie.<\/span><\/li>\n<li><span style=\"font-weight: 400;\">Te vei sim\u021bi ca un adev\u0103rat detectiv \u00eencerc\u00e2nd s\u0103 rezolvi misterul unei opere de art\u0103.<\/span><\/li>\n<li><span style=\"font-weight: 400;\">Te vei distra pe cinste cu familia sau cu prietenii dac\u0103 vei completa puzzle 1000 piese cu ace\u0219tia.<\/span><\/li>\n<\/ul>\n<p><span style=\"font-weight: 400;\">Nu mai sta pe g\u00e2nduri! Cump\u0103r\u0103 acum puzzle 1000 piese Brueghel cel B\u0103tr\u00e2n &#8211; Flori \u00eentr-un co\u0219 \u0219i \u00eentr-o vaz\u0103 \u0219i vei avea 30 de ore de distrac\u021bie garantat\u0103! Jocurile puzzle sunt o \u00eenc\u00e2ntare pentru \u00eemp\u0103timi\u021bii de puzzle adul\u021bi.<\/span><\/p>\n<p><span style=\"font-weight: 400;\">Acest puzzle de art\u0103 poate fi un cadou minunat pentru pasiona\u021bii de art\u0103 sau pentru cei care ador\u0103 s\u0103 completeze puzzle 1000 piese.<\/span><\/p>\n","protected":false},"excerpt":{"rendered":"<p><span style=\"font-weight: 400;\">Adori s\u0103 completezi puzzle 1000 de piese \u0219i \u00ee\u021bi dore\u0219ti un puzzle adul\u021bi cu adev\u0103rat provocator? Descoper\u0103 colec\u021bia noastr\u0103 puzzle art \u0219i nu vei fi dezam\u0103git.<\/span><\/p>\n","protected":false},"featured_media":63180,"template":"","meta":[],"product_brand":[],"product_cat":[1454,1488,1560],"product_tag":[],"class_list":{"0":"post-19844","1":"product","2":"type-product","3":"status-publish","4":"has-post-thumbnail","6":"product_cat-puzzle","7":"product_cat-puzzle-adulti","8":"product_cat-puzzle-adulti-1000","9":"pa_bax-1273","10":"pa_brand-d_toys","11":"pa_country_of_manufacture-ro","12":"pa_filter_age-1315","13":"pa_painter-pieterbreugeltheelder","14":"pa_tip_ambalaj-cutie","15":"pa_tip_puzzle-clasic","17":"first","18":"instock","19":"taxable","20":"shipping-taxable","21":"product-type-simple"},"yoast_head":"<!-- This site is optimized with the Yoast SEO plugin v20.1 - https:\/\/yoast.com\/wordpress\/plugins\/seo\/ -->\n<title>Puzzle adul\u021bi 1000 Piese Brueghel cel B\u0103tr\u00e2n - Flowers in a Basket and a Vase - Roovi B2B<\/title>\n<meta name=\"robots\" content=\"index, follow, max-snippet:-1, max-image-preview:large, max-video-preview:-1\" \/>\n<link rel=\"canonical\" href=\"https:\/\/www.roovi.ro\/puzzle-adulti-1000-piese-brueghel-cel-batran-flowers-in-a-basket-and-a-vase\/p\/\" \/>\n<meta property=\"og:locale\" content=\"ro_RO\" \/>\n<meta property=\"og:type\" content=\"article\" \/>\n<meta property=\"og:title\" content=\"Puzzle adul\u021bi 1000 Piese Brueghel cel B\u0103tr\u00e2n - Flowers in a Basket and a Vase - Roovi B2B\" \/>\n<meta property=\"og:description\" content=\"Adori s\u0103 completezi puzzle 1000 de piese \u0219i \u00ee\u021bi dore\u0219ti un puzzle adul\u021bi cu adev\u0103rat provocator? Descoper\u0103 colec\u021bia noastr\u0103 puzzle art \u0219i nu vei fi dezam\u0103git.\" \/>\n<meta property=\"og:url\" content=\"https:\/\/www.roovi.ro\/puzzle-adulti-1000-piese-brueghel-cel-batran-flowers-in-a-basket-and-a-vase\/p\/\" \/>\n<meta property=\"og:site_name\" content=\"Roovi B2B\" \/>\n<meta property=\"article:publisher\" content=\"https:\/\/www.facebook.com\/wwwjucariero\" \/>\n<meta property=\"article:modified_time\" content=\"2025-03-17T09:53:11+00:00\" \/>\n<meta property=\"og:image\" content=\"https:\/\/business.roovi.com\/wp-content\/uploads\/2019\/04\/73778-BR-04-WEB.jpg\" \/>\n\t<meta property=\"og:image:width\" content=\"1200\" \/>\n\t<meta property=\"og:image:height\" content=\"1200\" \/>\n\t<meta property=\"og:image:type\" content=\"image\/jpeg\" \/>\n<meta name=\"twitter:label1\" content=\"Timp estimat pentru citire\" \/>\n\t<meta name=\"twitter:data1\" content=\"3 minute\" \/>\n<script type=\"application\/ld+json\" class=\"yoast-schema-graph\">{\"@context\":\"https:\/\/schema.org\",\"@graph\":[{\"@type\":\"WebPage\",\"@id\":\"https:\/\/business.roovi.com\/ro\/puzzle-adulti-1000-piese-brueghel-cel-batran-flowers-in-a-basket-and-a-vase\/p\/\",\"url\":\"https:\/\/www.roovi.ro\/puzzle-adulti-1000-piese-brueghel-cel-batran-flowers-in-a-basket-and-a-vase\/p\/\",\"name\":\"Puzzle adul\u021bi 1000 Piese Brueghel cel B\u0103tr\u00e2n - Flowers in a Basket and a Vase - Roovi B2B\",\"isPartOf\":{\"@id\":\"https:\/\/business.roovi.com\/ro\/#website\"},\"datePublished\":\"2019-04-25T10:39:19+00:00\",\"dateModified\":\"2025-03-17T09:53:11+00:00\",\"breadcrumb\":{\"@id\":\"https:\/\/www.roovi.ro\/puzzle-adulti-1000-piese-brueghel-cel-batran-flowers-in-a-basket-and-a-vase\/p\/#breadcrumb\"},\"inLanguage\":\"ro-RO\",\"potentialAction\":[{\"@type\":\"ReadAction\",\"target\":[\"https:\/\/www.roovi.ro\/puzzle-adulti-1000-piese-brueghel-cel-batran-flowers-in-a-basket-and-a-vase\/p\/\"]}]},{\"@type\":\"BreadcrumbList\",\"@id\":\"https:\/\/www.roovi.ro\/puzzle-adulti-1000-piese-brueghel-cel-batran-flowers-in-a-basket-and-a-vase\/p\/#breadcrumb\",\"itemListElement\":[{\"@type\":\"ListItem\",\"position\":1,\"name\":\"Home\",\"item\":\"https:\/\/business.roovi.com\/ro\/\"},{\"@type\":\"ListItem\",\"position\":2,\"name\":\"Magazin\",\"item\":\"https:\/\/business.roovi.com\/ro\/magazin\/\"},{\"@type\":\"ListItem\",\"position\":3,\"name\":\"Puzzle adul\u021bi 1000 Piese Brueghel cel B\u0103tr\u00e2n &#8211; Flowers in a Basket and a Vase\"}]},{\"@type\":\"WebSite\",\"@id\":\"https:\/\/business.roovi.com\/ro\/#website\",\"url\":\"https:\/\/business.roovi.com\/ro\/\",\"name\":\"Roovi B2B\",\"description\":\"Roovi Business Website\",\"potentialAction\":[{\"@type\":\"SearchAction\",\"target\":{\"@type\":\"EntryPoint\",\"urlTemplate\":\"https:\/\/business.roovi.com\/ro\/?s={search_term_string}\"},\"query-input\":\"required name=search_term_string\"}],\"inLanguage\":\"ro-RO\"}]}<\/script>\n<!-- \/ Yoast SEO plugin. -->","yoast_head_json":{"title":"Puzzle adul\u021bi 1000 Piese Brueghel cel B\u0103tr\u00e2n - Flowers in a Basket and a Vase - Roovi B2B","robots":{"index":"index","follow":"follow","max-snippet":"max-snippet:-1","max-image-preview":"max-image-preview:large","max-video-preview":"max-video-preview:-1"},"canonical":"https:\/\/www.roovi.ro\/puzzle-adulti-1000-piese-brueghel-cel-batran-flowers-in-a-basket-and-a-vase\/p\/","og_locale":"ro_RO","og_type":"article","og_title":"Puzzle adul\u021bi 1000 Piese Brueghel cel B\u0103tr\u00e2n - Flowers in a Basket and a Vase - Roovi B2B","og_description":"Adori s\u0103 completezi puzzle 1000 de piese \u0219i \u00ee\u021bi dore\u0219ti un puzzle adul\u021bi cu adev\u0103rat provocator? Descoper\u0103 colec\u021bia noastr\u0103 puzzle art \u0219i nu vei fi dezam\u0103git.","og_url":"https:\/\/www.roovi.ro\/puzzle-adulti-1000-piese-brueghel-cel-batran-flowers-in-a-basket-and-a-vase\/p\/","og_site_name":"Roovi B2B","article_publisher":"https:\/\/www.facebook.com\/wwwjucariero","article_modified_time":"2025-03-17T09:53:11+00:00","og_image":[{"width":1200,"height":1200,"url":"https:\/\/business.roovi.com\/wp-content\/uploads\/2019\/04\/73778-BR-04-WEB.jpg","type":"image\/jpeg"}],"twitter_misc":{"Timp estimat pentru citire":"3 minute"},"schema":{"@context":"https:\/\/schema.org","@graph":[{"@type":"WebPage","@id":"https:\/\/business.roovi.com\/ro\/puzzle-adulti-1000-piese-brueghel-cel-batran-flowers-in-a-basket-and-a-vase\/p\/","url":"https:\/\/www.roovi.ro\/puzzle-adulti-1000-piese-brueghel-cel-batran-flowers-in-a-basket-and-a-vase\/p\/","name":"Puzzle adul\u021bi 1000 Piese Brueghel cel B\u0103tr\u00e2n - Flowers in a Basket and a Vase - Roovi B2B","isPartOf":{"@id":"https:\/\/business.roovi.com\/ro\/#website"},"datePublished":"2019-04-25T10:39:19+00:00","dateModified":"2025-03-17T09:53:11+00:00","breadcrumb":{"@id":"https:\/\/www.roovi.ro\/puzzle-adulti-1000-piese-brueghel-cel-batran-flowers-in-a-basket-and-a-vase\/p\/#breadcrumb"},"inLanguage":"ro-RO","potentialAction":[{"@type":"ReadAction","target":["https:\/\/www.roovi.ro\/puzzle-adulti-1000-piese-brueghel-cel-batran-flowers-in-a-basket-and-a-vase\/p\/"]}]},{"@type":"BreadcrumbList","@id":"https:\/\/www.roovi.ro\/puzzle-adulti-1000-piese-brueghel-cel-batran-flowers-in-a-basket-and-a-vase\/p\/#breadcrumb","itemListElement":[{"@type":"ListItem","position":1,"name":"Home","item":"https:\/\/business.roovi.com\/ro\/"},{"@type":"ListItem","position":2,"name":"Magazin","item":"https:\/\/business.roovi.com\/ro\/magazin\/"},{"@type":"ListItem","position":3,"name":"Puzzle adul\u021bi 1000 Piese Brueghel cel B\u0103tr\u00e2n &#8211; Flowers in a Basket and a Vase"}]},{"@type":"WebSite","@id":"https:\/\/business.roovi.com\/ro\/#website","url":"https:\/\/business.roovi.com\/ro\/","name":"Roovi B2B","description":"Roovi Business Website","potentialAction":[{"@type":"SearchAction","target":{"@type":"EntryPoint","urlTemplate":"https:\/\/business.roovi.com\/ro\/?s={search_term_string}"},"query-input":"required name=search_term_string"}],"inLanguage":"ro-RO"}]}},"_links":{"self":[{"href":"https:\/\/business.roovi.com\/ro\/wp-json\/wp\/v2\/product\/19844","targetHints":{"allow":["GET"]}}],"collection":[{"href":"https:\/\/business.roovi.com\/ro\/wp-json\/wp\/v2\/product"}],"about":[{"href":"https:\/\/business.roovi.com\/ro\/wp-json\/wp\/v2\/types\/product"}],"version-history":[{"count":0,"href":"https:\/\/business.roovi.com\/ro\/wp-json\/wp\/v2\/product\/19844\/revisions"}],"wp:featuredmedia":[{"embeddable":true,"href":"https:\/\/business.roovi.com\/ro\/wp-json\/wp\/v2\/media\/63180"}],"wp:attachment":[{"href":"https:\/\/business.roovi.com\/ro\/wp-json\/wp\/v2\/media?parent=19844"}],"wp:term":[{"taxonomy":"product_brand","embeddable":true,"href":"https:\/\/business.roovi.com\/ro\/wp-json\/wp\/v2\/product_brand?post=19844"},{"taxonomy":"product_cat","embeddable":true,"href":"https:\/\/business.roovi.com\/ro\/wp-json\/wp\/v2\/product_cat?post=19844"},{"taxonomy":"product_tag","embeddable":true,"href":"https:\/\/business.roovi.com\/ro\/wp-json\/wp\/v2\/product_tag?post=19844"}],"curies":[{"name":"wp","href":"https:\/\/api.w.org\/{rel}","templated":true}]}}