{"id":19847,"date":"2019-04-25T12:39:50","date_gmt":"2019-04-25T12:39:50","guid":{"rendered":"https:\/\/business.roovi.com\/product\/puzzle-wassily-kandinsky-composition-8-1000-piese\/"},"modified":"2025-03-18T08:42:44","modified_gmt":"2025-03-18T08:42:44","slug":"puzzle-adulti-1000-piese-wassily-kandinsky-composition-8compozitie-8","status":"publish","type":"product","link":"https:\/\/business.roovi.com\/ro\/puzzle-adulti-1000-piese-wassily-kandinsky-composition-8compozitie-8\/p\/","title":{"rendered":"Puzzle adulti 1000 piese Wassily Kandinsky &#8211; Compozi\u021bie 8"},"content":{"rendered":"<p><span style=\"font-weight: 400;\">Fascinat de art\u0103 \u0219i misterele ascunse? Colec\u021bia noastr\u0103 de puzzle de art\u0103 este exact ceea ce \u00ee\u021bi trebuie! Petrece multe ore de relaxare \u0219i distrac\u021bie \u00een compania puzzle-urilor de 1000 piese cu imagini ale picturilor celebre. Ref\u0103 tablourile \u0219i tr\u0103ie\u0219te o experien\u021b\u0103 inedit\u0103 de crea\u021bie!<\/span><\/p>\n<p><span style=\"font-weight: 400;\">Wassily Kandinsky este primul autor de art\u0103 abstract\u0103. Tablourile sale, pline de forme, puncte sau linii dezv\u0103luie o armonie artistic\u0103 pentru care este recunoscut p\u00e2n\u0103 \u00een prezent. Puzzle 1000 piese\u00a0 Wassily Kandinsky &#8211; Composition 8 red\u0103 imaginea tabloului pe care \u00eensu\u0219i Kandinsky l-a considerat apogeul s\u0103u artistic.<\/span><\/p>\n<p><span style=\"font-weight: 400;\">Te provoc\u0103m s\u0103 refaci aceast\u0103 capodoper\u0103: un puzzle pe un fond deschis, plin de linii \u0219i forme abstracte, dar care ascunde sensuri profunde. \u00ce\u021bi garant\u0103m p\u00e2n\u0103 la 30 de ore distrac\u021bie relaxant\u0103 \u0219i o lucrare artistic\u0103 uimitoare!<\/span><\/p>\n<p><span style=\"font-weight: 400;\">Caracteristici puzzle de art\u0103 Wassily Kandinsky &#8211;\u00a0 Compozi\u021bie 8:<\/span><\/p>\n<p><strong>Dimensiuni imagine: 50 x 70 cm. <\/strong><span style=\"font-weight: 400;\">Pentru suportul pieselor, po\u021bi utiliza o m\u0103su\u021b\u0103 obi\u0219nuit\u0103 de cafea.<\/span><\/p>\n<p><strong>Material puzzle:\u00a0<\/strong><\/p>\n<p><strong>carton albastru de o calitate superioar\u0103<\/strong><\/p>\n<p><strong>materiale sustenabile, reciclabile<\/strong><\/p>\n<p><strong>finisaj semi-lucios, culori vii<\/strong><\/p>\n<p><strong>Num\u0103rul pieselor de puzzle: 1000<\/strong><\/p>\n<p><strong>V\u00e2rsta recomandat\u0103: 14+<\/strong><\/p>\n<p><strong>\u021aine-\u021bi mintea activ\u0103 cu puzzle 1000 piese!<\/strong><\/p>\n<p><span style=\"font-weight: 400;\">Jocurile puzzle sunt un fel de fitness cerebral, de aceea \u00ee\u021bi men\u021bin creierul activ. Printre beneficiile de care ai parte cu ajutorul puzzle-urilor de 1000 piese se num\u0103r\u0103 urm\u0103toarele:<\/span><\/p>\n<ul>\n<li><span style=\"font-weight: 400;\">Reducerea stresului.<\/span><\/li>\n<li><span style=\"font-weight: 400;\">\u00cembun\u0103t\u0103\u021birea percep\u021biei vizuale \u0219i spa\u021biale.<\/span><\/li>\n<li><span style=\"font-weight: 400;\">Cre\u0219terea productivit\u0103\u021bii.<\/span><\/li>\n<li><span style=\"font-weight: 400;\">\u00cembun\u0103t\u0103\u021birea capacit\u0103\u021bii de concentrare \u0219i aten\u021biei la detalii.<\/span><\/li>\n<li><span style=\"font-weight: 400;\">Consolidarea abilit\u0103\u021bilor de rezolvare a problemelor.<\/span><\/li>\n<\/ul>\n<p><strong><em>Compozi\u021bie 8:<\/em><\/strong><strong> o combina\u021bie \u00eentre concentric \u0219i excentric<\/strong><\/p>\n<p><span style=\"font-weight: 400;\">Vrei s\u0103 \u0219tii mai multe despre pictura <\/span><em><span style=\"font-weight: 400;\">Compozi\u021bie 8<\/span><\/em><span style=\"font-weight: 400;\"> din puzzle de art\u0103 Wassily Kandinsky? Iat\u0103 c\u00e2teva informa\u021bii despre aceast\u0103 lucrare inedit\u0103:\u00a0<\/span><\/p>\n<p><em><span style=\"font-weight: 400;\">Compozi\u021bie 8<\/span><\/em><span style=\"font-weight: 400;\"> are o istorie lung\u0103 \u0219i obscur\u0103. Kandinsky \u00eensu\u0219i a considerat-o ca fiind apogeul primei sale perioade Bauhaus.<\/span><\/p>\n<p><span style=\"font-weight: 400;\">\u00cen tabloul <\/span><em><span style=\"font-weight: 400;\">Compozi\u021bie <\/span><\/em><span style=\"font-weight: 400;\">8 nicio culoare nu este identic\u0103 cu alta.\u00a0<\/span><\/p>\n<p><span style=\"font-weight: 400;\">Formele geometrice colorate \u0219i interactive creeaz\u0103 o suprafa\u021b\u0103 pulsant\u0103, care este alternativ dinamic\u0103 \u0219i calm\u0103, agresiv\u0103 \u0219i lini\u0219tit\u0103.<\/span><\/p>\n<p><span style=\"font-weight: 400;\">Mai degrab\u0103 dec\u00e2t s\u0103 provoace privitorul, Kandinsky \u00eel invit\u0103 pe acesta s\u0103 r\u0103spund\u0103 la imaginile din fa\u021ba sa \u0219i s\u0103 interpreteze \u00een mod personal lucrarea.<\/span><\/p>\n<p><strong>Jocurile puzzle sunt un instrument uimitor de conexiune social\u0103<\/strong><\/p>\n<p><span style=\"font-weight: 400;\">Vrei s\u0103 socializezi mai mult? Sau s\u0103 \u00ee\u021bi cuno\u0219ti mai bine copiii adolescen\u021bi? Puzzle-urile de 1000 piese \u00ee\u021bi vin \u00een ajutor! Folose\u0219te-le pentru a te conecta cu cei dragi. Organizeaz\u0103 seri de puzzle \u0219i reface\u021bi \u00eempreun\u0103 imaginile uimitoare. Profit\u0103 de aceste reuniuni pentru a comunica mai mult, a lucra \u00een echip\u0103 \u0219i a cunoa\u0219te mai bine persoanele apropiate.<\/span><\/p>\n<p><span style=\"font-weight: 400;\">Cump\u0103r\u0103 puzzle de art\u0103 Wassily Kandinsky &#8211; Compozi\u021bie 8, asambleaz\u0103 imaginea din 1000 piese puzzle \u0219i celebreaz\u0103 munca depus\u0103 \u00eenr\u0103m\u00e2nd tabloul de art\u0103. Descoper\u0103 toate jocurile puzzle cu imagini ale picturilor lui Kandinsky \u0219i creeaz\u0103-\u021bi o colec\u021bie original\u0103 de tablouri din puzzle 1000 piese.\u00a0<\/span><\/p>\n<p><span style=\"font-weight: 400;\">Puzzle de art\u0103 Wassily Kandinsky &#8211; Compozi\u021bie 8 este o alegere inspirat\u0103 dac\u0103 dore\u0219ti s\u0103 oferi un dar inedit unui prieten pasionat de jocuri puzzle.<\/span><\/p>\n","protected":false},"excerpt":{"rendered":"<p>Fascinat de art\u0103 \u0219i misterele ascunse? Colec\u021bia noastr\u0103 de puzzle de art\u0103 este exact ceea ce \u00ee\u021bi trebuie! Petrece multe<\/p>\n","protected":false},"featured_media":63523,"template":"","meta":[],"product_brand":[],"product_cat":[1454,1488,1560],"product_tag":[],"class_list":{"0":"post-19847","1":"product","2":"type-product","3":"status-publish","4":"has-post-thumbnail","6":"product_cat-puzzle","7":"product_cat-puzzle-adulti","8":"product_cat-puzzle-adulti-1000","9":"pa_bax-1273","10":"pa_brand-d_toys","11":"pa_country_of_manufacture-ro","12":"pa_filter_age-1315","13":"pa_painter-wassilykandinsky","14":"pa_tip_ambalaj-cutie","15":"pa_tip_puzzle-clasic","17":"first","18":"instock","19":"taxable","20":"shipping-taxable","21":"product-type-simple"},"yoast_head":"<!-- This site is optimized with the Yoast SEO plugin v20.1 - https:\/\/yoast.com\/wordpress\/plugins\/seo\/ -->\n<title>Puzzle adulti 1000 piese Wassily Kandinsky - Compozi\u021bie 8 - Roovi B2B<\/title>\n<meta name=\"robots\" content=\"index, follow, max-snippet:-1, max-image-preview:large, max-video-preview:-1\" \/>\n<link rel=\"canonical\" href=\"https:\/\/www.roovi.ro\/puzzle-adulti-1000-piese-wassily-kandinsky-composition-8compozitie-8\/p\/\" \/>\n<meta property=\"og:locale\" content=\"ro_RO\" \/>\n<meta property=\"og:type\" content=\"article\" \/>\n<meta property=\"og:title\" content=\"Puzzle adulti 1000 piese Wassily Kandinsky - Compozi\u021bie 8 - Roovi B2B\" \/>\n<meta property=\"og:description\" content=\"Fascinat de art\u0103 \u0219i misterele ascunse? Colec\u021bia noastr\u0103 de puzzle de art\u0103 este exact ceea ce \u00ee\u021bi trebuie! Petrece multe\" \/>\n<meta property=\"og:url\" content=\"https:\/\/www.roovi.ro\/puzzle-adulti-1000-piese-wassily-kandinsky-composition-8compozitie-8\/p\/\" \/>\n<meta property=\"og:site_name\" content=\"Roovi B2B\" \/>\n<meta property=\"article:publisher\" content=\"https:\/\/www.facebook.com\/wwwjucariero\" \/>\n<meta property=\"article:modified_time\" content=\"2025-03-18T08:42:44+00:00\" \/>\n<meta property=\"og:image\" content=\"https:\/\/business.roovi.com\/wp-content\/uploads\/2019\/04\/72849-KA-05-WEB.jpg\" \/>\n\t<meta property=\"og:image:width\" content=\"1200\" \/>\n\t<meta property=\"og:image:height\" content=\"1200\" \/>\n\t<meta property=\"og:image:type\" content=\"image\/jpeg\" \/>\n<meta name=\"twitter:label1\" content=\"Timp estimat pentru citire\" \/>\n\t<meta name=\"twitter:data1\" content=\"3 minute\" \/>\n<script type=\"application\/ld+json\" class=\"yoast-schema-graph\">{\"@context\":\"https:\/\/schema.org\",\"@graph\":[{\"@type\":\"WebPage\",\"@id\":\"https:\/\/business.roovi.com\/ro\/puzzle-adulti-1000-piese-wassily-kandinsky-composition-8compozitie-8\/p\/\",\"url\":\"https:\/\/www.roovi.ro\/puzzle-adulti-1000-piese-wassily-kandinsky-composition-8compozitie-8\/p\/\",\"name\":\"Puzzle adulti 1000 piese Wassily Kandinsky - Compozi\u021bie 8 - Roovi B2B\",\"isPartOf\":{\"@id\":\"https:\/\/business.roovi.com\/ro\/#website\"},\"datePublished\":\"2019-04-25T12:39:50+00:00\",\"dateModified\":\"2025-03-18T08:42:44+00:00\",\"breadcrumb\":{\"@id\":\"https:\/\/www.roovi.ro\/puzzle-adulti-1000-piese-wassily-kandinsky-composition-8compozitie-8\/p\/#breadcrumb\"},\"inLanguage\":\"ro-RO\",\"potentialAction\":[{\"@type\":\"ReadAction\",\"target\":[\"https:\/\/www.roovi.ro\/puzzle-adulti-1000-piese-wassily-kandinsky-composition-8compozitie-8\/p\/\"]}]},{\"@type\":\"BreadcrumbList\",\"@id\":\"https:\/\/www.roovi.ro\/puzzle-adulti-1000-piese-wassily-kandinsky-composition-8compozitie-8\/p\/#breadcrumb\",\"itemListElement\":[{\"@type\":\"ListItem\",\"position\":1,\"name\":\"Home\",\"item\":\"https:\/\/business.roovi.com\/ro\/\"},{\"@type\":\"ListItem\",\"position\":2,\"name\":\"Magazin\",\"item\":\"https:\/\/business.roovi.com\/ro\/magazin\/\"},{\"@type\":\"ListItem\",\"position\":3,\"name\":\"Puzzle adulti 1000 piese Wassily Kandinsky &#8211; Compozi\u021bie 8\"}]},{\"@type\":\"WebSite\",\"@id\":\"https:\/\/business.roovi.com\/ro\/#website\",\"url\":\"https:\/\/business.roovi.com\/ro\/\",\"name\":\"Roovi B2B\",\"description\":\"Roovi Business Website\",\"potentialAction\":[{\"@type\":\"SearchAction\",\"target\":{\"@type\":\"EntryPoint\",\"urlTemplate\":\"https:\/\/business.roovi.com\/ro\/?s={search_term_string}\"},\"query-input\":\"required name=search_term_string\"}],\"inLanguage\":\"ro-RO\"}]}<\/script>\n<!-- \/ Yoast SEO plugin. -->","yoast_head_json":{"title":"Puzzle adulti 1000 piese Wassily Kandinsky - Compozi\u021bie 8 - Roovi B2B","robots":{"index":"index","follow":"follow","max-snippet":"max-snippet:-1","max-image-preview":"max-image-preview:large","max-video-preview":"max-video-preview:-1"},"canonical":"https:\/\/www.roovi.ro\/puzzle-adulti-1000-piese-wassily-kandinsky-composition-8compozitie-8\/p\/","og_locale":"ro_RO","og_type":"article","og_title":"Puzzle adulti 1000 piese Wassily Kandinsky - Compozi\u021bie 8 - Roovi B2B","og_description":"Fascinat de art\u0103 \u0219i misterele ascunse? Colec\u021bia noastr\u0103 de puzzle de art\u0103 este exact ceea ce \u00ee\u021bi trebuie! Petrece multe","og_url":"https:\/\/www.roovi.ro\/puzzle-adulti-1000-piese-wassily-kandinsky-composition-8compozitie-8\/p\/","og_site_name":"Roovi B2B","article_publisher":"https:\/\/www.facebook.com\/wwwjucariero","article_modified_time":"2025-03-18T08:42:44+00:00","og_image":[{"width":1200,"height":1200,"url":"https:\/\/business.roovi.com\/wp-content\/uploads\/2019\/04\/72849-KA-05-WEB.jpg","type":"image\/jpeg"}],"twitter_misc":{"Timp estimat pentru citire":"3 minute"},"schema":{"@context":"https:\/\/schema.org","@graph":[{"@type":"WebPage","@id":"https:\/\/business.roovi.com\/ro\/puzzle-adulti-1000-piese-wassily-kandinsky-composition-8compozitie-8\/p\/","url":"https:\/\/www.roovi.ro\/puzzle-adulti-1000-piese-wassily-kandinsky-composition-8compozitie-8\/p\/","name":"Puzzle adulti 1000 piese Wassily Kandinsky - Compozi\u021bie 8 - Roovi B2B","isPartOf":{"@id":"https:\/\/business.roovi.com\/ro\/#website"},"datePublished":"2019-04-25T12:39:50+00:00","dateModified":"2025-03-18T08:42:44+00:00","breadcrumb":{"@id":"https:\/\/www.roovi.ro\/puzzle-adulti-1000-piese-wassily-kandinsky-composition-8compozitie-8\/p\/#breadcrumb"},"inLanguage":"ro-RO","potentialAction":[{"@type":"ReadAction","target":["https:\/\/www.roovi.ro\/puzzle-adulti-1000-piese-wassily-kandinsky-composition-8compozitie-8\/p\/"]}]},{"@type":"BreadcrumbList","@id":"https:\/\/www.roovi.ro\/puzzle-adulti-1000-piese-wassily-kandinsky-composition-8compozitie-8\/p\/#breadcrumb","itemListElement":[{"@type":"ListItem","position":1,"name":"Home","item":"https:\/\/business.roovi.com\/ro\/"},{"@type":"ListItem","position":2,"name":"Magazin","item":"https:\/\/business.roovi.com\/ro\/magazin\/"},{"@type":"ListItem","position":3,"name":"Puzzle adulti 1000 piese Wassily Kandinsky &#8211; Compozi\u021bie 8"}]},{"@type":"WebSite","@id":"https:\/\/business.roovi.com\/ro\/#website","url":"https:\/\/business.roovi.com\/ro\/","name":"Roovi B2B","description":"Roovi Business Website","potentialAction":[{"@type":"SearchAction","target":{"@type":"EntryPoint","urlTemplate":"https:\/\/business.roovi.com\/ro\/?s={search_term_string}"},"query-input":"required name=search_term_string"}],"inLanguage":"ro-RO"}]}},"_links":{"self":[{"href":"https:\/\/business.roovi.com\/ro\/wp-json\/wp\/v2\/product\/19847","targetHints":{"allow":["GET"]}}],"collection":[{"href":"https:\/\/business.roovi.com\/ro\/wp-json\/wp\/v2\/product"}],"about":[{"href":"https:\/\/business.roovi.com\/ro\/wp-json\/wp\/v2\/types\/product"}],"version-history":[{"count":0,"href":"https:\/\/business.roovi.com\/ro\/wp-json\/wp\/v2\/product\/19847\/revisions"}],"wp:featuredmedia":[{"embeddable":true,"href":"https:\/\/business.roovi.com\/ro\/wp-json\/wp\/v2\/media\/63523"}],"wp:attachment":[{"href":"https:\/\/business.roovi.com\/ro\/wp-json\/wp\/v2\/media?parent=19847"}],"wp:term":[{"taxonomy":"product_brand","embeddable":true,"href":"https:\/\/business.roovi.com\/ro\/wp-json\/wp\/v2\/product_brand?post=19847"},{"taxonomy":"product_cat","embeddable":true,"href":"https:\/\/business.roovi.com\/ro\/wp-json\/wp\/v2\/product_cat?post=19847"},{"taxonomy":"product_tag","embeddable":true,"href":"https:\/\/business.roovi.com\/ro\/wp-json\/wp\/v2\/product_tag?post=19847"}],"curies":[{"name":"wp","href":"https:\/\/api.w.org\/{rel}","templated":true}]}}